{"id":14511,"date":"2025-12-19T02:02:31","date_gmt":"2025-12-19T01:02:31","guid":{"rendered":"https:\/\/www.leaplytics.de\/?page_id=14511"},"modified":"2025-12-19T02:02:32","modified_gmt":"2025-12-19T01:02:32","slug":"ostopyyntojen-tilaaminen-ai","status":"publish","type":"page","link":"https:\/\/www.leaplytics.de\/fi\/ostopyyntojen-tilaaminen-ai\/","title":{"rendered":"Ostopyynn\u00f6t ja tilaaminen AI"},"content":{"rendered":"<h2>Teko\u00e4ly ostopyynt\u00f6j\u00e4 ja tilauksia varten: Nopeuta ostoprosessia<\/h2>\n\n<p>Ostopyynt\u00f6jen ja tilausten tekemisen pit\u00e4isi olla yksinkertaista. Joku tarvitsee jotain. He pyyt\u00e4v\u00e4t sit\u00e4. Se hyv\u00e4ksyt\u00e4\u00e4n. Tilaus l\u00e4htee. Se on tehty.<\/p>\n<p>Mutta se ei ole yksinkertaista. Pyynn\u00f6t istuvat postilaatikoissa odottamassa hyv\u00e4ksynt\u00e4\u00e4. Ostajat k\u00e4sittelev\u00e4t rutiinitilauksia manuaalisesti. Ihmiset eiv\u00e4t tied\u00e4, mit\u00e4 toimittajaa k\u00e4ytt\u00e4\u00e4. Tilaukset menev\u00e4t sopimuksettomille toimittajille, koska hyv\u00e4ksymisprosessi on liian hidas.<\/p>\n<p>Tulos? Hankintatiimit hautautuvat transaktionaaliseen ty\u00f6h\u00f6n. Poikkeavat menot, koska ihmiset kiert\u00e4v\u00e4t j\u00e4rjestelm\u00e4n. Sopimusvuotoja, koska tilaukset eiv\u00e4t noudata neuvoteltuja ehtoja.<\/p>\n<p>Teko\u00e4ly korjaa t\u00e4m\u00e4n. Se k\u00e4sittelee tavanomaiset tilauspyynn\u00f6t automaattisesti. Reititt\u00e4\u00e4 hyv\u00e4ksynn\u00e4t \u00e4lykk\u00e4\u00e4sti. varmistaa, ett\u00e4 tilaukset noudattavat sopimusehtoja. Tekee prosessista niin nopean, ett\u00e4 ihmiset todella k\u00e4ytt\u00e4v\u00e4t sit\u00e4.<\/p>\n\n\n<hr class=\"wp-block-separator has-alpha-channel-opacity\"\/>\n\n\n\n<h3 class=\"wp-block-heading\">Miksi ostamisesta maksuun -prosessit ovat hitaita<\/h3>\n\n\n<p>Useimmissa yrityksiss\u00e4 tilauksesta tilaukseen -prosessit ovat rikki. T\u00e4m\u00e4 ei johdu siit\u00e4, ett\u00e4 hankintatiimit olisivat huonoja ty\u00f6ss\u00e4\u00e4n. Se johtuu siit\u00e4, ett\u00e4 prosessi vaatii liikaa manuaalista ty\u00f6t\u00e4.<\/p>\n<p>Joku tekee tilauspyynn\u00f6n. Ostajan on tarkistettava se. Tarkista, onko se k\u00e4yt\u00e4nt\u00f6jen mukainen. M\u00e4\u00e4rit\u00e4, kenen pit\u00e4isi hyv\u00e4ksy\u00e4 se. Ohjaa se oikealle hyv\u00e4ksyj\u00e4lle. Odota hyv\u00e4ksynt\u00e4\u00e4. Luo sitten manuaalisesti ostotilaus. Valitse toimittaja. Sy\u00f6t\u00e4 kaikki tiedot uudelleen.<\/p>\n<p>Tavanomaiset, rutiininomaiset tilaukset. Joka kerta.<\/p>\n<p>Ostajat k\u00e4ytt\u00e4v\u00e4t tuntikausia samoja kaavoja noudattavien pyynt\u00f6jen k\u00e4sittelyyn. Toimistotarvikkeet. Vakiokomponentit. Toistuvat palvelut. Tilaukset, jotka eiv\u00e4t tarvitse ihmisen asiantuntemusta, mutta saavat sit\u00e4 kuitenkin, koska prosessi vaatii manuaalista k\u00e4sittely\u00e4.<\/p>\n<p>Kun prosessi on hidas, ihmiset kiert\u00e4v\u00e4t sit\u00e4. He ostavat suoraan toimittajilta. He k\u00e4ytt\u00e4v\u00e4t henkil\u00f6kohtaisia luottokortteja. Ohittavat hyv\u00e4ksynn\u00e4t. Omituinen rahank\u00e4ytt\u00f6 ei ole pahansuopaa, vaan ihmiset yritt\u00e4v\u00e4t saada ty\u00f6ns\u00e4 tehty\u00e4.<\/p>\n<p>Ja hankinta menett\u00e4\u00e4 hallinnan. Sopimustoimittajat eiv\u00e4t saa luvattua m\u00e4\u00e4r\u00e4\u00e4. Neuvoteltuja ehtoja ei k\u00e4ytet\u00e4. Menojen n\u00e4kyvyys katoaa.<\/p>\n\n\n<hr class=\"wp-block-separator has-alpha-channel-opacity\"\/>\n\n\n\n<h3 class=\"wp-block-heading\">Mit\u00e4 teko\u00e4ly tekee ostopyynt\u00f6jen ja tilausten tekemisess\u00e4?<\/h3>\n\n\n<p>Teko\u00e4ly ei vain nopeuta hankintamenettely\u00e4. Se tekee siit\u00e4 \u00e4lykk\u00e4\u00e4n. N\u00e4in se tehd\u00e4\u00e4n \u00e4lykk\u00e4\u00e4ksi.<\/p>\n\n\n<h4 class=\"wp-block-heading\">K\u00e4sittelee pyynn\u00f6t automaattisesti<\/h4>\n\n\n<p>Teko\u00e4ly vastaanottaa tilauksen. Se analysoi, mit\u00e4 pyydet\u00e4\u00e4n.<\/p>\n<p>Onko t\u00e4m\u00e4 vakiovaruste? Teko\u00e4ly tunnistaa sen aiemmista tilauksista. Se validoi pyynn\u00f6n k\u00e4yt\u00e4nt\u00f6j\u00e4 vastaan. Tarkistaa budjetin saatavuuden. Vahvistaa, ett\u00e4 vaaditut tiedot ovat t\u00e4ydelliset.<\/p>\n<p>Jos kaikki on kunnossa, teko\u00e4ly ohjaa sen automaattisesti hyv\u00e4ksytt\u00e4v\u00e4ksi. Rutiinipyynt\u00f6ihin ei tarvita ostajan toimenpiteit\u00e4.<\/p>\n<p>Jos jokin on pieless\u00e4, teko\u00e4ly merkitsee tietyt ongelmat:<\/p>\n<ul>\n<li>Puuttuva kustannuspaikka tai GL-koodi<\/li>\n<li>Erityishyv\u00e4ksynt\u00e4\u00e4 vaativa budjetin ylitys<\/li>\n<li>Kohde ei vastaa hyv\u00e4ksyttyj\u00e4 luokkia<\/li>\n<li>Vaaditut asiakirjat eiv\u00e4t ole liitteen\u00e4<\/li>\n<li>Ep\u00e4selv\u00e4t eritelm\u00e4t, jotka vaativat selvennyst\u00e4<\/li>\n<\/ul>\n<p>Pyynn\u00f6n esitt\u00e4j\u00e4 saa selke\u00e4n palautteen v\u00e4litt\u00f6m\u00e4sti. Ei yleist\u00e4 hylk\u00e4yst\u00e4. Konkreettisia korjattavia asioita.<\/p>\n<p>Tavalliset tilauspyynn\u00f6t kulkevat j\u00e4rjestelm\u00e4n l\u00e4pi muutamassa minuutissa. Monimutkaiset pyynn\u00f6t ohjataan ostajille, joilla on tietoa siit\u00e4, mit\u00e4 on tarkistettava.<\/p>\n\n\n<h4 class=\"wp-block-heading\">Reititt\u00e4\u00e4 hyv\u00e4ksynn\u00e4t \u00e4lykk\u00e4\u00e4sti<\/h4>\n\n\n<p>Hyv\u00e4ksynt\u00e4ty\u00f6nkulut ovat monimutkaisia. Eri hyv\u00e4ksyj\u00e4t eri summille. Eri polut eri luokille. Eri s\u00e4\u00e4nn\u00f6t eri osastoille.<\/p>\n<p>Ihmiset menev\u00e4t sekaisin. Pyynn\u00f6t menev\u00e4t v\u00e4\u00e4r\u00e4lle hyv\u00e4ksyj\u00e4lle. Ne palautetaan takaisin. Viiv\u00e4styy, kun ihmiset miettiv\u00e4t, kenen pit\u00e4isi oikeastaan hyv\u00e4ksy\u00e4.<\/p>\n<p>Teko\u00e4ly tuntee hyv\u00e4ksymiss\u00e4\u00e4nn\u00f6t:<\/p>\n<ul>\n<li><strong>M\u00e4\u00e4r\u00e4\u00e4n perustuva reititys:<\/strong> Alle $1,000 menee yhdelle hyv\u00e4ksyj\u00e4lle. Yli $10,000 tarvitsee ylim\u00e4\u00e4r\u00e4isen hyv\u00e4ksyj\u00e4n.<\/li>\n<li><strong>Luokkapohjainen reititys:<\/strong> IT-hankinnat edellytt\u00e4v\u00e4t IT-yksik\u00f6n hyv\u00e4ksynt\u00e4\u00e4. P\u00e4\u00e4omalaitteet edellytt\u00e4v\u00e4t rahoituskatselmusta.<\/li>\n<li><strong>Osaston s\u00e4\u00e4nn\u00f6t:<\/strong> Eri osastoilla on eri delegointitasot ja hyv\u00e4ksymisketjut.<\/li>\n<li><strong>Poikkeukset:<\/strong> Luetteloon kuulumattomat tuotteet. Sopimuksettomat toimittajat. Erityiset hyv\u00e4ksymisvaatimukset.<\/li>\n<li><strong>Korvauslogiikka:<\/strong> Ensisijainen hyv\u00e4ksyj\u00e4 ei ole k\u00e4ytett\u00e4viss\u00e4? Ohjaa automaattisesti nimetylle varahyv\u00e4ksyj\u00e4lle.<\/li>\n<\/ul>\n<p>Jokainen tilaus menee ensimm\u00e4isell\u00e4 kerralla oikealle hyv\u00e4ksyj\u00e4lle. Ei sekaannuksia. Ei viiveit\u00e4, kun ihmiset tarkistavat, kenen pit\u00e4isi hyv\u00e4ksy\u00e4 mik\u00e4.<\/p>\n<p>Ent\u00e4 hyv\u00e4ksyj\u00e4t? He saavat kontekstin jokaisen pyynn\u00f6n yhteydess\u00e4. Mit\u00e4 tilataan. Miksi. Budjetin tila. Sopimuksen noudattaminen. Onko kyseess\u00e4 rutiiniasia vai tarvitaanko tarkastelua. He voivat tarvittaessa hyv\u00e4ksy\u00e4 nopeasti.<\/p>\n\n\n<h4 class=\"wp-block-heading\">Ehdottaa ensisijaisia toimittajia<\/h4>\n\n\n<p>Joku pyyt\u00e4\u00e4 toimistotarvikkeita. Mit\u00e4 toimittajaa sinun pit\u00e4isi k\u00e4ytt\u00e4\u00e4?<\/p>\n<p>Yrityksell\u00e4nne on kolme toimistotarviketoimittajaa. Kullakin toimittajalla on erilainen hinnoittelu eri tuotteille. Eri toimitusajat. Eri v\u00e4himm\u00e4istilaukset.<\/p>\n<p>Ostajat tiet\u00e4v\u00e4t t\u00e4m\u00e4n. He ovat neuvotelleet sopimukset. Mutta pyynn\u00f6n esitt\u00e4j\u00e4t eiv\u00e4t tied\u00e4 sit\u00e4. Eiv\u00e4tk\u00e4 ostajat halua etsi\u00e4 manuaalisesti, mik\u00e4 toimittaja on paras jokaiseen tilaukseen.<\/p>\n<p>Teko\u00e4ly suosittelee toimittajia automaattisesti:<\/p>\n<ul>\n<li><strong>Paras hinnoittelu:<\/strong> Vertailee eri toimittajien sopimushintoja pyydetyist\u00e4 tuotteista.<\/li>\n<li><strong>Toimitusnopeus:<\/strong> Tekij\u00e4t kiireellisyys ja toimittajien toimitusajat.<\/li>\n<li><strong>Konsolidointimahdollisuus:<\/strong> Jos on muita avoimia tilauksia, ehdota yhdist\u00e4mist\u00e4 v\u00e4himm\u00e4istilausvaatimusten t\u00e4ytt\u00e4miseksi.<\/li>\n<li><strong>Sopimuksen noudattaminen:<\/strong> Asetetaan etusijalle toimittajat, joilla on volyymisitoumuksia t\u00e4ytett\u00e4v\u00e4n\u00e4.<\/li>\n<li><strong>Aiempi suorituskyky:<\/strong> Ottaa huomioon toimitusvarmuuden ja laatuhistorian.<\/li>\n<\/ul>\n<p>Ostotilaus l\u00e4hetet\u00e4\u00e4n toimittajalle, joka tarjoaa sinulle parhaan mahdollisen hinnan. Ei sattumanvaraisesti. Ei sille, jonka tilauksen tekij\u00e4 sattui tuntemaan. Sopimustoimittajalle, jolla on parhaat ehdot kyseist\u00e4 tilausta varten.<\/p>\n<p>Sopimusten noudattaminen lis\u00e4\u00e4ntyy. Neuvottelemiasi ehtoja todella k\u00e4ytet\u00e4\u00e4n. Tavarantoimittajat t\u00e4ytt\u00e4v\u00e4t volyymisitoumukset, koska tilaukset menev\u00e4t sinne, minne pit\u00e4\u00e4kin.<\/p>\n\n\n<h4 class=\"wp-block-heading\">Validoi tilaukset sopimuksia vastaan<\/h4>\n\n\n<p>Neuvottelitte sopimuksista syyst\u00e4. Parempi hinnoittelu. Sovitut ehdot. Volyymialennukset. Mutta jos tilaukset eiv\u00e4t vastaa sopimusehtoja, menet\u00e4t edut.<\/p>\n<p>Teko\u00e4ly validoi jokaisen tilauksen sopimusehtojen mukaisesti:<\/p>\n<ul>\n<li><strong>Hinnan vahvistaminen:<\/strong> Onko t\u00e4m\u00e4 sopimuksen mukainen hinta? Jos ei, merkitse se ja selit\u00e4 poikkeama.<\/li>\n<li><strong>Termien noudattaminen:<\/strong> Tilaammeko sovittujen v\u00e4himm\u00e4is- ja enimm\u00e4ism\u00e4\u00e4rien puitteissa?<\/li>\n<li><strong>Alennuksen tarkistaminen:<\/strong> Sovelletaanko sopimusperusteisia alennuksia? Onko volyymikatkot laskettu oikein?<\/li>\n<li><strong>Tuotteen vastaavuus:<\/strong> Onko kyseess\u00e4 sopimuksen mukainen tuote vai samanlainen korvike eri hintaan?<\/li>\n<li><strong>Maksuehdot:<\/strong> K\u00e4yt\u00e4mmek\u00f6 neuvoteltuja maksuehtoja vai eri ehtoja?<\/li>\n<\/ul>\n<p>Jos tilaus ei vastaa sopimusta, teko\u00e4ly merkitsee sen ennen tilauksen l\u00e4hett\u00e4mist\u00e4.<\/p>\n<p>Ehk\u00e4 hinta on korkeampi kuin on sovittu. Ehk\u00e4 toimittaja on \"vahingossa\" poistanut alennuksen. Ehk\u00e4 joku tilaa sopimuksettoman tuotteen, vaikka sopimusvaihtoehto on olemassa.<\/p>\n<p>Saat sen kiinni ennen kuin maksat siit\u00e4. Ei laskujen t\u00e4sm\u00e4ytyksen aikana, kun se on liian my\u00f6h\u00e4ist\u00e4.<\/p>\n<p>Kyse ei ole toimittajien ep\u00e4luottamuksesta. Kyse on sen varmistamisesta, ett\u00e4 neuvoteltuja ehtoja todella sovelletaan jokaiseen tilaukseen.<\/p>\n\n\n<h4 class=\"wp-block-heading\">Seuraa tilauksen tilaa ennakoivasti<\/h4>\n\n\n<p>Tilaukset l\u00e4hetet\u00e4\u00e4n. Sitten kysymykset alkavat. \"Miss\u00e4 tilaukseni on?\" \"Milloin se saapuu?\" \"Vahvistiko toimittaja sen?\"<\/p>\n<p>Ostajat esitt\u00e4v\u00e4t n\u00e4it\u00e4 kysymyksi\u00e4 jatkuvasti. He tarkistavat j\u00e4rjestelm\u00e4t. Soittavat toimittajille. L\u00e4hett\u00e4v\u00e4t s\u00e4hk\u00f6posteja. Tilap\u00e4ivitykset ovat kokop\u00e4iv\u00e4ty\u00f6.<\/p>\n<p>Teko\u00e4ly valvoo tilauksen tilaa automaattisesti:<\/p>\n<ul>\n<li><strong>Toimittajan vahvistus:<\/strong> Kuittasiko toimittaja tilauksen? Hyv\u00e4ksyik\u00f6 h\u00e4n toimitusp\u00e4iv\u00e4n? Merkitsik\u00f6 h\u00e4n mahdolliset poikkeamat?<\/li>\n<li><strong>Tuotannon\/l\u00e4hetysten seuranta:<\/strong> Onko tilaus aikataulussa? Onko se l\u00e4hetetty? Miss\u00e4 se on matkalla?<\/li>\n<li><strong>Toimituksen seuranta:<\/strong> Odotettu toimitusp\u00e4iv\u00e4 l\u00e4hestyy. Onko se saapunut? Onko se otettu varastoon?<\/li>\n<li><strong>Poikkeush\u00e4lytykset:<\/strong> Viiv\u00e4stykset. Takaisintilaukset. Vastaanotossa havaitut laatuongelmat. M\u00e4\u00e4r\u00e4lliset poikkeamat.<\/li>\n<li><strong>Ennakoiva viestint\u00e4:<\/strong> P\u00e4ivitt\u00e4\u00e4 pyynn\u00f6n esitt\u00e4j\u00e4t automaattisesti. Eskaloi ostajille vain silloin, kun on tarpeen puuttua asiaan.<\/li>\n<\/ul>\n<p>Pyyt\u00e4j\u00e4t saavat tilap\u00e4ivityksi\u00e4 pyyt\u00e4m\u00e4tt\u00e4. Ostajat keskittyv\u00e4t poikkeuksiin, eiv\u00e4t rutiininomaisiin tilantarkistuksiin.<\/p>\n<p>Tilaus on viiv\u00e4stynyt? Teko\u00e4ly ilmoittaa tilauksen pyyt\u00e4j\u00e4lle ja ostajalle ennen kuin jonkun tarvitsee kysy\u00e4. Se tarjoaa kontekstin - miksi tilaus on viiv\u00e4stynyt, uusi odotettu p\u00e4iv\u00e4m\u00e4\u00e4r\u00e4, onko vaihtoehtoja.<\/p>\n<p>Ongelmiin puututaan ennakoivasti. Niit\u00e4 ei l\u00f6ydet\u00e4, kun joku kysyy: \"Hei, miss\u00e4 se tilaukseni on, jonka tein kolme viikkoa sitten?\".<\/p>\n\n\n<hr class=\"wp-block-separator has-alpha-channel-opacity\"\/>\n\n\n\n<h3 class=\"wp-block-heading\">Mit\u00e4 t\u00e4m\u00e4 tarkoittaa sinulle<\/h3>\n\n\n\n<h4 class=\"wp-block-heading\">CPO:ille ja hankintajohtajille<\/h4>\n\n\n<p>Saat hallinnan ja n\u00e4kyvyyden koko osto- ja tilausprosessiin.<\/p>\n<ul>\n<li><strong>Sopimuksen noudattaminen paranee:<\/strong> Tilaukset menev\u00e4t sopimustoimittajille. Neuvoteltuja ehtoja k\u00e4ytet\u00e4\u00e4n. Volyymisitoumukset t\u00e4ytet\u00e4\u00e4n.<\/li>\n<li><strong>V\u00e4hemm\u00e4n omap\u00e4isi\u00e4 menoja:<\/strong> Kun hyv\u00e4ksytty prosessi on nopea, ihmiset k\u00e4ytt\u00e4v\u00e4t sit\u00e4 sen sijaan, ett\u00e4 ohittaisivat sen.<\/li>\n<li><strong>Nopeammat hankintasyklit:<\/strong> Vakiotilaukset k\u00e4sitell\u00e4\u00e4n minuuteissa, ei p\u00e4iviss\u00e4. Liiketoiminnan tarpeet t\u00e4ytet\u00e4\u00e4n nopeammin.<\/li>\n<li><strong>Resurssien parempi kohdentaminen:<\/strong> Ostajat ty\u00f6skentelev\u00e4t monimutkaisten hankintojen ja neuvottelujen parissa, eiv\u00e4t rutiinitilausten k\u00e4sittelyn parissa.<\/li>\n<li><strong>Kulujen n\u00e4kyvyys:<\/strong> Kaikki tilaukset kulkevat j\u00e4rjestelm\u00e4n kautta. T\u00e4ydellinen n\u00e4kyvyys siit\u00e4, mit\u00e4 ostetaan ja kenelt\u00e4.<\/li>\n<\/ul>\n\n\n<h4 class=\"wp-block-heading\">Hankintap\u00e4\u00e4llik\u00f6ille ja ostajille<\/h4>\n\n\n<p>Lakkaat olemasta hankintatarpeiden k\u00e4sittelykeskus ja sinusta tulee strateginen toiminto.<\/p>\n<ul>\n<li><strong>Lopeta rutiinitilausten k\u00e4sittely:<\/strong> Vakiom\u00e4\u00e4r\u00e4ykset kulkevat automaattisesti. K\u00e4sittelet vain ne asiat, jotka vaativat asiantuntemusta.<\/li>\n<li><strong>Keskity monimutkaisiin hankintoihin:<\/strong> Neuvottelujen aika. Toimittajasuhteiden hallinta. Strateginen hankinta.<\/li>\n<li><strong>Parempi sopimusten k\u00e4ytt\u00f6:<\/strong> Tilaukset menev\u00e4t automaattisesti oikeille toimittajille oikeilla ehdoilla.<\/li>\n<li><strong>V\u00e4hemm\u00e4n tilantarkistuksia:<\/strong> Automaattinen seuranta k\u00e4sittelee rutiinikysymykset. Sin\u00e4 keskityt poikkeuksiin.<\/li>\n<li><strong>Selv\u00e4 ty\u00f6m\u00e4\u00e4r\u00e4:<\/strong> Tied\u00e4, mihin sinun on kiinnitett\u00e4v\u00e4 huomiota. Rutiininomaiset asiat hoidetaan automaattisesti.<\/li>\n<\/ul>\n\n\n<h4 class=\"wp-block-heading\">Pyynn\u00f6n esitt\u00e4jille ja yritysk\u00e4ytt\u00e4jille<\/h4>\n\n\n<p>Saat tarvitsemasi nopeammin ja vaivattomammin.<\/p>\n<ul>\n<li><strong>Nopeammat tilaukset:<\/strong> Vakiom\u00e4\u00e4r\u00e4ykset hyv\u00e4ksyt\u00e4\u00e4n ja tilataan muutamassa minuutissa. Rutiinitarvikkeita ei tarvitse en\u00e4\u00e4 odottaa p\u00e4ivi\u00e4.<\/li>\n<li><strong>Tyhjenn\u00e4 tila:<\/strong> Tied\u00e4 miss\u00e4 tilauksesi on kysym\u00e4tt\u00e4. Proaktiiviset p\u00e4ivitykset toimituksesta.<\/li>\n<li><strong>Helppo prosessi:<\/strong> Selke\u00e4t ohjeet siit\u00e4, mit\u00e4 tarvitaan. V\u00e4lit\u00f6n palaute, jos jokin on vialla.<\/li>\n<li><strong>Parempaa palvelua:<\/strong> Suositeltavat toimittajat ehdotetaan automaattisesti. Parhaat toimitusajat ja -ehdot.<\/li>\n<li><strong>Ei en\u00e4\u00e4 kiertoteit\u00e4:<\/strong> Hyv\u00e4ksymisprosessi on niin nopea, ettei sit\u00e4 tarvitse ohittaa.<\/li>\n<\/ul>\n\n\n<hr class=\"wp-block-separator has-alpha-channel-opacity\"\/>\n\n\n\n<h3 class=\"wp-block-heading\">Mit\u00e4 teko\u00e4ly ei tee<\/h3>\n\n\n<p>Tehd\u00e4\u00e4n selv\u00e4ksi, mit\u00e4 t\u00e4m\u00e4 ei ole.<\/p>\n<p>Teko\u00e4ly ei hyv\u00e4ksy ostoksia. Ihmiset hyv\u00e4ksyv\u00e4t. Teko\u00e4ly vain ohjaa pyynn\u00f6t oikealle hyv\u00e4ksyj\u00e4lle oikeilla tiedoilla.<\/p>\n<p>Teko\u00e4ly ei korvaa ostajan harkintaa monimutkaisissa ostoksissa. Uudet toimittajat. Ep\u00e4tyypilliset tuotteet. P\u00e4\u00e4omalaitteet. Strategiset hankinnat. N\u00e4m\u00e4 vaativat ihmisen asiantuntemusta.<\/p>\n<p>Teko\u00e4ly ei poista kaikkea manuaalista ty\u00f6t\u00e4. Jotkin hakemukset ovat monimutkaisia. Jotkin tilaukset vaativat erityisk\u00e4sittely\u00e4. Joissakin tilanteissa tarvitaan ihmisen harkintaa riskien, laadun tai toimittajan valinnan suhteen.<\/p>\n<p>Teko\u00e4ly hoitaa rutiinit. Vakiom\u00e4\u00e4r\u00e4ykset, jotka noudattavat kaavoja. 80%:n pyynn\u00f6t, jotka eiv\u00e4t vaadi ihmisen asiantuntemusta, mutta jotka ovat historiallisesti saaneet sit\u00e4 kuitenkin, koska prosessi vaati manuaalista k\u00e4sittely\u00e4.<\/p>\n<p>Ostajat tekev\u00e4t edelleen p\u00e4\u00e4t\u00f6ksi\u00e4. He vain tekev\u00e4t p\u00e4\u00e4t\u00f6ksi\u00e4 asioista, jotka todella tarvitsevat heid\u00e4n asiantuntemustaan.<\/p>\n\n\n<hr class=\"wp-block-separator has-alpha-channel-opacity\"\/>\n\n\n\n<h3 class=\"wp-block-heading\">Todellisia tuloksia teko\u00e4lyst\u00e4 hankinnoissa ja tilauksissa<\/h3>\n\n\n<p>T\u00e4m\u00e4 n\u00e4ytt\u00e4\u00e4 k\u00e4yt\u00e4nn\u00f6ss\u00e4 seuraavalta:<\/p>\n\n<p><strong>70-80% automaattisesti k\u00e4siteltyjen pyynt\u00f6jen m\u00e4\u00e4r\u00e4:<\/strong> Vakiotilaukset kulkevat l\u00e4pi ilman ostajan v\u00e4liintuloa. Ostajat keskittyv\u00e4t asiantuntemusta tarvitseviin 20-30%-tilauksiin.<\/p>\n\n<p><strong>Hyv\u00e4ksymissyklin kesto lyhenee 50-70%:ll\u00e4:<\/strong> Pyynn\u00f6t menev\u00e4t v\u00e4litt\u00f6m\u00e4sti oikealle hyv\u00e4ksyj\u00e4lle. Ei sekaannusta, ei viiveit\u00e4, ei edestakaista k\u00e4sittely\u00e4.<\/p>\n\n<p><strong>Sopimuksen noudattaminen lis\u00e4\u00e4 15-30%:<\/strong> Tilaukset menev\u00e4t automaattisesti sopimustoimittajille sopimusehdoin. Maverick-menot v\u00e4henev\u00e4t.<\/p>\n\n<p><strong>Ostajakapasiteettia vapautuu:<\/strong> Tilausten rutiinik\u00e4sittelyst\u00e4 talteen otetut ty\u00f6tunnit p\u00e4iv\u00e4ss\u00e4. Aikaa kohdennettu uudelleen strategiseen hankintaan ja neuvotteluihin.<\/p>\n\n<p><strong>Parempi k\u00e4ytt\u00e4j\u00e4kokemus:<\/strong> Tarpeeksi nopeasti, jotta ihmiset k\u00e4ytt\u00e4v\u00e4t j\u00e4rjestelm\u00e4\u00e4 sen sijaan, ett\u00e4 etsisiv\u00e4t kiertoteit\u00e4. Korkeampi k\u00e4ytt\u00f6aste tarkoittaa parempaa n\u00e4kyvyytt\u00e4 menoihin.<\/p>\n\n<p>Kyse ei ole hankintatoimen henkil\u00f6st\u00f6n v\u00e4hent\u00e4misest\u00e4. Kyse on siit\u00e4, ett\u00e4 hankinta voi tehd\u00e4 enemm\u00e4n strategista ty\u00f6t\u00e4 samoilla resursseilla.<\/p>\n\n\n<hr class=\"wp-block-separator has-alpha-channel-opacity\"\/>\n\n\n\n<h3 class=\"wp-block-heading\">Oletko valmis nopeuttamaan ostosta tilaukseen -prosessia?<\/h3>\n\n\n<p>Jokaisen yrityksen hankinta- ja tilausprosessi on erilainen. Hyv\u00e4ksynt\u00e4ty\u00f6nkulut heijastavat organisaatiorakennettasi. Toimittajakannallasi on ainutlaatuisia ominaisuuksia. Ryhmill\u00e4si on erilaisia vaatimuksia.<\/p>\n<p>Me emme myy geneerist\u00e4 hankinta-automaatiota. Me tarkastelemme juuri sinun vaatimuksistasi tilaukseen -prosessiasi. Tunnistamme, mitk\u00e4 tilaukset voidaan automatisoida ja mitk\u00e4 tarvitsevat ihmisen asiantuntemusta. Rakennamme j\u00e4rjestelmi\u00e4, jotka vastaavat organisaatiosi todellista toimintaa.<\/p>\n<p>Ei lupauksia siit\u00e4, ett\u00e4 kaikki automatisoidaan. Vain k\u00e4yt\u00e4nn\u00f6llinen teko\u00e4ly, joka hoitaa rutiinitilaukset, jotta ostajat voivat keskitty\u00e4 strategisiin hankintoihin.<\/p>\n\n<p><a href=\"https:\/\/www.leaplytics.de\/fi\/kontakt\/\">Puhutaanpa hakemusprosessistasi.<\/a><\/p>\n\n<p><a href=\"https:\/\/www.leaplytics.de\/fi\/hankinta-hankinta-ai\/\">Takaisin sivulle Hankinnan ja hankinnan teko\u00e4ly<\/a><\/p>","protected":false},"excerpt":{"rendered":"<p>AI for Purchase Requisition &#038; Ordering: Speed Up the Buying Process Purchase requisitions and ordering should be simple. Someone needs something. They request it. It gets approved. The order goes out. Done. But it&#8217;s not simple. Requisitions sit in inboxes waiting for approval. Buyers manually process routine orders. People don&#8217;t know which supplier to use. &hellip; <\/p>","protected":false},"author":2,"featured_media":0,"parent":0,"menu_order":0,"comment_status":"closed","ping_status":"closed","template":"","meta":{"footnotes":""},"class_list":["post-14511","page","type-page","status-publish","hentry","latest_post"],"_links":{"self":[{"href":"https:\/\/www.leaplytics.de\/fi\/wp-json\/wp\/v2\/pages\/14511","targetHints":{"allow":["GET"]}}],"collection":[{"href":"https:\/\/www.leaplytics.de\/fi\/wp-json\/wp\/v2\/pages"}],"about":[{"href":"https:\/\/www.leaplytics.de\/fi\/wp-json\/wp\/v2\/types\/page"}],"author":[{"embeddable":true,"href":"https:\/\/www.leaplytics.de\/fi\/wp-json\/wp\/v2\/users\/2"}],"replies":[{"embeddable":true,"href":"https:\/\/www.leaplytics.de\/fi\/wp-json\/wp\/v2\/comments?post=14511"}],"version-history":[{"count":1,"href":"https:\/\/www.leaplytics.de\/fi\/wp-json\/wp\/v2\/pages\/14511\/revisions"}],"predecessor-version":[{"id":14518,"href":"https:\/\/www.leaplytics.de\/fi\/wp-json\/wp\/v2\/pages\/14511\/revisions\/14518"}],"wp:attachment":[{"href":"https:\/\/www.leaplytics.de\/fi\/wp-json\/wp\/v2\/media?parent=14511"}],"curies":[{"name":"wp","href":"https:\/\/api.w.org\/{rel}","templated":true}]}}