{"id":14514,"date":"2025-12-19T02:03:17","date_gmt":"2025-12-19T01:03:17","guid":{"rendered":"https:\/\/www.leaplytics.de\/?page_id=14514"},"modified":"2025-12-19T02:03:17","modified_gmt":"2025-12-19T01:03:17","slug":"toimittajan-suorituskyvyn-riskienhallinta-ai","status":"publish","type":"page","link":"https:\/\/www.leaplytics.de\/fi\/toimittajan-suorituskyvyn-riskienhallinta-ai\/","title":{"rendered":"Toimittajien suorituskyky ja riskienhallinta AI"},"content":{"rendered":"<h2>AI for Supplier Performance &amp; Risk Management: Tunne tavarantoimittajasi ennen kuin ne aiheuttavat ongelmia<\/h2>\n\n<p>Yrityksesi on riippuvainen tavarantoimittajista. He toimittavat tarvitsemasi materiaalit. Komponentit, joista rakennat. Palvelut, jotka pit\u00e4v\u00e4t toiminnan k\u00e4ynniss\u00e4.<\/p>\n<p>Kun tavarantoimittajat toimivat hyvin, et ajattele heit\u00e4. Kun he ep\u00e4onnistuvat, kaikki pys\u00e4htyy.<\/p>\n<p>My\u00f6h\u00e4styneet toimitukset viiv\u00e4stytt\u00e4v\u00e4t tuotantoa. Laatuongelmat aiheuttavat j\u00e4lkit\u00f6it\u00e4 ja asiakasvalituksia. Taloudelliset ongelmat aiheuttavat toimituskatkoksia. Vaatimusten noudattamatta j\u00e4tt\u00e4minen aiheuttaa oikeudellisen altistumisen. Pienist\u00e4 toimittajaongelmista tulee suuria liiketoimintaongelmia.<\/p>\n<p>Useimmat yritykset eiv\u00e4t kuitenkaan seuraa toimittajien suorituskyky\u00e4 j\u00e4rjestelm\u00e4llisesti. Ei siksi, etteiv\u00e4t ne v\u00e4litt\u00e4isi. Koska satojen toimittajien seuranta manuaalisesti on mahdotonta.<\/p>\n<p>Huomaat ongelmat sen j\u00e4lkeen, kun ne vaikuttavat sinuun. Toimituksen viiv\u00e4styminen, joka pys\u00e4ytt\u00e4\u00e4 tuotannon. Laatuongelma, joka saavuttaa asiakkaat. Toimittajan konkurssi, jonka vuoksi joudut etsim\u00e4\u00e4n vaihtoehtoja.<\/p>\n<p>Teko\u00e4ly muuttaa t\u00e4m\u00e4n. Se seuraa toimittajien suorituskyky\u00e4 jatkuvasti. Seuraa riskisignaaleja useista l\u00e4hteist\u00e4. Varoittaa ongelmista ennen kuin ne vaikuttavat toimintaan. Muuttaa reaktiivisen palontorjunnan ennakoivaksi riskienhallinnaksi.<\/p>\n\n\n<hr class=\"wp-block-separator has-alpha-channel-opacity\"\/>\n\n\n\n<h3 class=\"wp-block-heading\">Miksi toimittajien suorituskyvyn hallinta ep\u00e4onnistuu<\/h3>\n\n\n<p>Useimmilla yrityksill\u00e4 on jonkinlainen toimittajien suorituskyvyn seuranta. Tuloskortit. Nelj\u00e4nnesvuosittaiset liiketoimintakatsaukset. Vuosittaiset arvioinnit.<\/p>\n<p>N\u00e4m\u00e4 ovat kuitenkin taaksep\u00e4in suuntautuvia ja ajoittaisia. Ne kertovat, mit\u00e4 viime vuosinelj\u00e4nneksell\u00e4 tapahtui. Ne eiv\u00e4t kerro, mit\u00e4 nyt tapahtuu tai mit\u00e4 ongelmia on tulossa.<\/p>\n<p>Toimittajan toimitussuoritus n\u00e4ytt\u00e4\u00e4 hyv\u00e4lt\u00e4 nelj\u00e4nnesvuosikatsauksessa. Viimeisten kolmen viikon aikana puolet toimituksista on kuitenkin j\u00e4\u00e4nyt tekem\u00e4tt\u00e4. Kukaan ei huomaa sit\u00e4 ennen kuin se vaikuttaa tuotantoon.<\/p>\n<p>Toimittajan talous n\u00e4ytti vuositarkastuksessa hyv\u00e4lt\u00e4. Mutta se menetti juuri suurimman asiakkaansa. Kun saat tiet\u00e4\u00e4 asiasta, he ovat vaikeuksissa, ja niin on my\u00f6s toimitusketjusi.<\/p>\n<p>T\u00e4m\u00e4 koskee kriittisi\u00e4 toimittajia, joiden osalta tehd\u00e4\u00e4n virallisia arviointeja. Muiden 80%:n toimittajakannan osalta? Niit\u00e4 valvotaan vain silloin, kun ongelmat tulevat ilmeisiksi.<\/p>\n<p>Manuaalinen seuranta ei skaalaudu. Et voi seurata 300 toimittajan toimitussuorituksia. Et voi seurata talousuutisia jokaisen yrityksen osalta, jolta ostat. Et voi tarkistaa vaatimustenmukaisuuden tilaa jatkuvasti.<\/p>\n<p>Joten valvot suuria toimittajia ja toivot, etteiv\u00e4t muut aiheuta ongelmia. Toivo ei ole riskinhallintastrategia.<\/p>\n\n\n<hr class=\"wp-block-separator has-alpha-channel-opacity\"\/>\n\n\n\n<h3 class=\"wp-block-heading\">Mit\u00e4 teko\u00e4ly tekee toimittajien suorituskyvylle ja riskienhallinnalle<\/h3>\n\n\n<p>Teko\u00e4ly ei ainoastaan seuraa toimittajien suorituskyky\u00e4. Se ennustaa ongelmia. N\u00e4in se toimii.<\/p>\n\n\n<h4 class=\"wp-block-heading\">Seuraa toimittajan suorituskyky\u00e4 jatkuvasti<\/h4>\n\n\n<p>Teko\u00e4ly seuraa toimittajien suorituskykytietoja reaaliajassa. Ei nelj\u00e4nnesvuosittaisia tarkistuksia. Jokaisen tapahtuman jatkuva seuranta.<\/p>\n\n<p><strong>Toimituksen oikea-aikainen seuranta:<\/strong><\/p>\n<ul>\n<li>Jokainen tilaus. Jokainen toimitus. Oliko se ajoissa? Aikaisin? My\u00f6h\u00e4ss\u00e4? Kuinka paljon?<\/li>\n<li>Toimitussuoritus toimittajittain, luokittain ja ajanjaksoittain.<\/li>\n<li>Suuntaukset: Paraneeko vai heikkeneek\u00f6 suorituskyky?<\/li>\n<li>Vaihtelevuus: Muuttuvuus: Johdonmukainen suorituskyky vai arvaamaton?<\/li>\n<li>Sitoumukset: Todellinen suorituskyky verrattuna sopimuksen mukaiseen palvelutasoon.<\/li>\n<\/ul>\n<p>Toimittajan kokonaissuoritus voi olla hyv\u00e4ksytt\u00e4v\u00e4, mutta sen suorituskyky kriittisiss\u00e4 kohteissa on heikko. Teko\u00e4ly n\u00e4kee t\u00e4m\u00e4n. Toimittajan keskiarvo on 95% ajallaan, mutta viimeaikainen suorituskyky on laskenut 80%:iin. Teko\u00e4ly havaitsee suuntauksen.<\/p>\n\n<p><strong>Laatumittarit:<\/strong><\/p>\n<ul>\n<li>Virheiden m\u00e4\u00e4r\u00e4. Palautusasteet. Uudelleenty\u00f6st\u00f6vaatimukset.<\/li>\n<li>Laatupoikkeamat vakavuuden ja esiintymistiheyden mukaan.<\/li>\n<li>Eritelmien ja standardien noudattaminen.<\/li>\n<li>Asiakasvalitukset, jotka johtuvat toimittajan ongelmista.<\/li>\n<li>Laatukustannukset: tarkastukset, j\u00e4lkity\u00f6t, palautukset, takuukorvaukset.<\/li>\n<\/ul>\n<p>Laatuongelmissa n\u00e4kyy usein malleja ennen kuin ne tulevat ilmeisiksi. Virheiden m\u00e4\u00e4r\u00e4 kasvaa hitaasti. Tietyt tuoteryhm\u00e4t, joilla on ongelmia. Teko\u00e4ly tunnistaa n\u00e4m\u00e4 mallit varhaisessa vaiheessa.<\/p>\n\n<p><strong>Reagointi ja palvelu:<\/strong><\/p>\n<ul>\n<li>Vastausaika tiedusteluihin ja ongelmiin.<\/li>\n<li>Ongelmanratkaisun nopeus ja tehokkuus.<\/li>\n<li>Joustavuus muutosten tai kiireellisten pyynt\u00f6jen k\u00e4sittelyss\u00e4.<\/li>\n<li>Viestinn\u00e4n laatu ja ennakoivuus.<\/li>\n<li>Tekninen tuki ja asiantuntemus.<\/li>\n<\/ul>\n\n<p><strong>Kaupallinen suorituskyky:<\/strong><\/p>\n<ul>\n<li>Laskun tarkkuus. Laskutusongelmat ja -virheet.<\/li>\n<li>Hinnoittelun johdonmukaisuus sopimusten kanssa.<\/li>\n<li>Maksuehtojen noudattaminen.<\/li>\n<li>Tarjousten l\u00e4pimenoaika ja kilpailukyky.<\/li>\n<\/ul>\n<p>Teko\u00e4ly ei vain ker\u00e4\u00e4 tietoja. Se analysoi sit\u00e4. N\u00e4ytt\u00e4\u00e4 trendej\u00e4. Vertailee toimittajia. Merkitsee heikkenev\u00e4n suorituskyvyn ennen kuin siit\u00e4 tulee kriittist\u00e4.<\/p>\n\n\n<h4 class=\"wp-block-heading\">Pisteet Toimittajasuhteet<\/h4>\n\n\n<p>Sinulla on satoja toimittajia. Mitk\u00e4 niist\u00e4 ansaitsevat huomiota? Mitk\u00e4 toimivat hyvin? Mitk\u00e4 tarvitsevat parannuskeskusteluja?<\/p>\n<p>Teko\u00e4ly pisteytt\u00e4\u00e4 jokaisen toimittajan useilla eri ulottuvuuksilla:<\/p>\n\n<p><strong>Suorituskyvyn pisteet:<\/strong><\/p>\n<ul>\n<li>Toimituksen, laadun, reagointikyvyn ja kaupallisten mittareiden painotettu yhdistelm\u00e4.<\/li>\n<li>Mukautettu t\u00e4rkeyden mukaan: Kriittiset toimittajat pisteytet\u00e4\u00e4n tiukemmin.<\/li>\n<li>Verrattuna sopimussitoumuksiin ja vertaissuorituksiin.<\/li>\n<\/ul>\n\n<p><strong>Riskipisteet:<\/strong><\/p>\n<ul>\n<li>Taloudellinen riski. Vaatimusten noudattamiseen liittyv\u00e4 riski. Operatiivinen riski. Maantieteellinen riski.<\/li>\n<li>Yhden l\u00e4hteen riippuvuudet. Keskittymisriski.<\/li>\n<li>Ulkoiset tekij\u00e4t: geopoliittiset, s\u00e4\u00e4ntelyyn liittyv\u00e4t ja markkinaolosuhteet.<\/li>\n<\/ul>\n\n<p><strong>Arvopisteet:<\/strong><\/p>\n<ul>\n<li>Kustannuskilpailukyky. Innovaatiotoiminta. Strateginen arvo.<\/li>\n<li>Liiketoiminnan helppous. Joustavuus ja kumppanuus.<\/li>\n<li>Kokonaisarvo ylitt\u00e4\u00e4 hinnan.<\/li>\n<\/ul>\n\n<p><strong>Yleinen toimittajan luokitus:<\/strong><\/p>\n<ul>\n<li>Yhdistetty n\u00e4kemys suorituskyvyst\u00e4, riskist\u00e4 ja arvosta.<\/li>\n<li>Segmentointi: strategiset kumppanit, ensisijaiset toimittajat, hyv\u00e4ksytt\u00e4v\u00e4t toimittajat, riskitoimittajat.<\/li>\n<li>Toimintasuositukset, jotka perustuvat luokitukseen ja suuntauksiin.<\/li>\n<\/ul>\n<p>Saat priorisoidun toimittajaluettelon. Kuka tarvitsee suorituskykykeskustelun? Kuka ansaitsee enemm\u00e4n liiketoimintaa? Kuka tarvitsee siirtym\u00e4suunnitelman?<\/p>\n<p>Se ei perustu vaistoon tai siihen, kuka valitti kovimmin. vaan kattavien, objektiivisten tietojen perusteella.<\/p>\n\n\n<h4 class=\"wp-block-heading\">Havaitsee riskisignaalit varhaisessa vaiheessa<\/h4>\n\n\n<p>Toimittajaongelmat eiv\u00e4t ilmaannu yht\u00e4kki\u00e4. On olemassa varoitusmerkkej\u00e4. Teko\u00e4ly tarkkailee niit\u00e4.<\/p>\n\n<p><strong>Taloudelliset riskisignaalit:<\/strong><\/p>\n<ul>\n<li>Luottoluokituksen alentaminen. Tilinp\u00e4\u00e4t\u00f6ksen heikkeneminen.<\/li>\n<li>Maksuongelmat: my\u00f6h\u00e4styneet maksut tavarantoimittajille, veropantit, oikeudelliset tuomiot.<\/li>\n<li>Suuret asiakasmenetykset. Tulojen keskittyminen tai lasku.<\/li>\n<li>Irtisanomiset, laitosten sulkemiset, rakenneuudistuksia koskevat ilmoitukset.<\/li>\n<li>Omistajanvaihdokset, johdon vaihtuminen, konkurssihakemukset.<\/li>\n<\/ul>\n\n<p><strong>Toimintariskisignaalit:<\/strong><\/p>\n<ul>\n<li>Toimituksen suorituskyky heikkenee. L\u00e4pimenoajat kasvavat.<\/li>\n<li>Laatuongelmien yleistyminen tai vakavuuden lis\u00e4\u00e4ntyminen.<\/li>\n<li>Kapasiteettirajoitukset. Tuotanto-ongelmat.<\/li>\n<li>Avainhenkil\u00f6st\u00f6n l\u00e4hd\u00f6t. Ty\u00f6markkinaongelmat tai lakot.<\/li>\n<li>Toimitusketjuun liittyv\u00e4t ongelmat, jotka vaikuttavat niiden toimittajiin.<\/li>\n<\/ul>\n\n<p><strong>Vaatimusten noudattamiseen ja maineeseen liittyv\u00e4t riskit:<\/strong><\/p>\n<ul>\n<li>S\u00e4\u00e4ntelyrikkomukset. Turvallisuuspoikkeamat. Ymp\u00e4rist\u00f6asiat.<\/li>\n<li>Oikeudelliset ongelmat: oikeudenk\u00e4ynnit, tutkimukset, sakot.<\/li>\n<li>Negatiivinen uutisointi. Sosiaalisessa mediassa tapahtuvat tunnemuutokset.<\/li>\n<li>Asiakkaiden valitukset. Alan maineen muutokset.<\/li>\n<li>Sertifiointi raukeaa. Vakuutus- tai lisenssiongelmat.<\/li>\n<\/ul>\n\n<p><strong>Markkina- ja ulkoiset riskit:<\/strong><\/p>\n<ul>\n<li>Toimittajien sijaintiin vaikuttavat geopoliittiset kysymykset.<\/li>\n<li>Luonnonkatastrofit, s\u00e4\u00e4ilmi\u00f6t, infrastruktuuriongelmat.<\/li>\n<li>Toimittajien toimintaan vaikuttavat lains\u00e4\u00e4d\u00e4nn\u00f6lliset muutokset.<\/li>\n<li>Markkinah\u00e4iri\u00f6t toimittajan toimialalla.<\/li>\n<li>Toimittajakustannuksiin vaikuttavat raaka-aineiden hintojen vaihtelut.<\/li>\n<\/ul>\n<p>Teko\u00e4ly seuraa uutisia, rahoitustietokantoja, viranomaisilmoituksia, toimialaraportteja ja sis\u00e4isi\u00e4 suoritustietoja. Se yhdist\u00e4\u00e4 signaaleja, jotka j\u00e4isiv\u00e4t huomaamatta erillisin\u00e4.<\/p>\n<p>Toimittajalla on pieni\u00e4 toimitusviiv\u00e4styksi\u00e4. Se on yksi signaali. Sama toimittaja irtisanoi juuri 10% ty\u00f6ntekij\u00e4\u00e4. Se on toinen signaali. Yhdess\u00e4 ne viittaavat suurempaan ongelmaan.<\/p>\n<p>Saat varhaisen varoituksen. Aika monipuolistaa hankintaa. Rakenna varastopuskureita. J\u00e4rjest\u00e4 vaihtoehtoja. Hallitse riskej\u00e4 ennakoivasti sen sijaan, ett\u00e4 reagoisit kriiseihin.<\/p>\n\n\n<h4 class=\"wp-block-heading\">Ennustaa toimitush\u00e4iri\u00f6it\u00e4<\/h4>\n\n\n<p>Jotkin toimittajien ongelmat ovat ennakoitavissa. Teko\u00e4ly tunnistaa h\u00e4iri\u00f6it\u00e4 edelt\u00e4v\u00e4t mallit.<\/p>\n\n<p><strong>Suorituskyvyn heikkenemismallit:<\/strong><\/p>\n<p>Toimitussuorituskyky heikkenee. Laatu heikkenee. L\u00e4pimenoajat pitenev\u00e4t. N\u00e4m\u00e4 mallit edelt\u00e4v\u00e4t usein suurempia ongelmia.<\/p>\n<p>Teko\u00e4ly oppii, mitk\u00e4 mallit korreloivat h\u00e4iri\u00f6iden kanssa. Se merkitsee toimittajat, joilla on n\u00e4it\u00e4 malleja, ennen kuin h\u00e4iri\u00f6 tapahtuu.<\/p>\n\n<p><strong>Riskitekij\u00f6iden kasautuminen:<\/strong><\/p>\n<p>Useat yhdess\u00e4 esiintyv\u00e4t riskisignaalit lis\u00e4\u00e4v\u00e4t h\u00e4iri\u00f6iden todenn\u00e4k\u00f6isyytt\u00e4.<\/p>\n<p>Taloudellinen stressi + toiminnalliset ongelmat + alan laskusuhdanne = suuri todenn\u00e4k\u00f6isyys toimittajan ep\u00e4onnistumiseen. Teko\u00e4ly m\u00e4\u00e4rittelee t\u00e4m\u00e4n riskin.<\/p>\n\n<p><strong>Ulkoisten tekij\u00f6iden seuranta:<\/strong><\/p>\n<p>Maataloustoimittajien sadonkorjuuseen vaikuttavat s\u00e4\u00e4mallit. Kapasiteettirajoitteita aiheuttavat lains\u00e4\u00e4d\u00e4nn\u00f6lliset m\u00e4\u00e4r\u00e4ajat. Satamien ruuhkautuminen vaikuttaa toimitusaikatauluihin.<\/p>\n<p>Teko\u00e4ly seuraa ulkoisia tekij\u00f6it\u00e4, jotka ennustavat toimitusketjun h\u00e4iri\u00f6it\u00e4. Ei t\u00e4ydellisesti, mutta riitt\u00e4v\u00e4n ajoissa valmistautuakseen.<\/p>\n\n<p><strong>Kapasiteetti- ja kysynt\u00e4analyysi:<\/strong><\/p>\n<p>Toimittaja 90%:n kapasiteetilla. Teollisuuden kysynt\u00e4 kasvaa. Volyymisi kasvaa. Matematiikka ennustaa kapasiteettiongelmia.<\/p>\n<p>Teko\u00e4ly mallintaa toimittajakapasiteettia kysynt\u00e4\u00e4 vastaan. Se tunnistaa tilanteet, joissa tarjonta on todenn\u00e4k\u00f6isesti rajallista.<\/p>\n<p>H\u00e4iri\u00f6iden ennustaminen ei ole t\u00e4ydellist\u00e4. Mutta jopa 70%-tarkkuus ja varhainen varoitus ovat arvokkaita. Kaikkia h\u00e4iri\u00f6it\u00e4 ei voi est\u00e4\u00e4. Mutta voit valmistautua niihin, jotka n\u00e4et tulevan.<\/p>\n\n\n<h4 class=\"wp-block-heading\">Seuraa vaatimustenmukaisuuden tilaa<\/h4>\n\n\n<p>Toimittajilla on vaatimustenmukaisuusvaatimuksia. Sertifikaatit. Vakuutukset. Dokumentointi. Turvallisuustiedot. Ymp\u00e4rist\u00f6luvat.<\/p>\n<p>N\u00e4m\u00e4 p\u00e4\u00e4ttyv\u00e4t. Toimittajat unohtavat uusia. Tai he eiv\u00e4t kerro, kun ongelmia ilmenee.<\/p>\n<p>Teko\u00e4ly seuraa vaatimustenmukaisuuden tilaa:<\/p>\n\n<p><strong>Vaaditut asiakirjat:<\/strong><\/p>\n<ul>\n<li>Vakuutustodistukset. Vakuutusm\u00e4\u00e4r\u00e4t ja voimassaolon p\u00e4\u00e4ttymisp\u00e4iv\u00e4t.<\/li>\n<li>Laatusertifikaatit (ISO, alakohtaiset). Nykyinen tila ja uusimisp\u00e4iv\u00e4m\u00e4\u00e4r\u00e4t.<\/li>\n<li>Turvallisuussertifikaatit ja auditointitulokset.<\/li>\n<li>Tilinp\u00e4\u00e4t\u00f6s ja luottotiedot.<\/li>\n<li>Lisenssit, luvat, rekister\u00f6innit.<\/li>\n<\/ul>\n\n<p><strong>S\u00e4\u00e4d\u00f6sten noudattaminen:<\/strong><\/p>\n<ul>\n<li>Teollisuuden s\u00e4\u00e4ntelyn noudattaminen. Tarkastustulokset.<\/li>\n<li>Ymp\u00e4rist\u00f6vaatimusten noudattaminen. P\u00e4\u00e4st\u00f6t, j\u00e4tteet, raportointi.<\/li>\n<li>Ty\u00f6- ja turvallisuusm\u00e4\u00e4r\u00e4ykset. Tarkastushavainnot.<\/li>\n<li>Tuonnin ja viennin vaatimustenmukaisuus. Kaupan rajoitukset.<\/li>\n<li>Tietosuojan ja tietoturvan vaatimustenmukaisuus IT-toimittajille.<\/li>\n<\/ul>\n\n<p><strong>Sopimuksen noudattaminen:<\/strong><\/p>\n<ul>\n<li>Sopimusehtojen mukaiset vaaditut todistukset.<\/li>\n<li>Raportointivaatimukset. Tarkastusoikeudet.<\/li>\n<li>Monimuotoisuutta ja kest\u00e4vyytt\u00e4 koskevat sitoumukset.<\/li>\n<li>K\u00e4yt\u00e4nnes\u00e4\u00e4nt\u00f6jen tunnustaminen ja noudattaminen.<\/li>\n<\/ul>\n<p>Teko\u00e4ly seuraa, mit\u00e4 tarvitaan. Seuraa tilaa. H\u00e4lytt\u00e4\u00e4 ennen vanhentumisia. Merkitsee vaatimustenmukaisuuteen liittyv\u00e4t ongelmat.<\/p>\n<p>Vakuutus p\u00e4\u00e4ttyi kolme kuukautta sitten, eik\u00e4 kukaan huomannut? Teko\u00e4ly huomaa sen. Sertifikaattia ei ole uusittu? H\u00e4lytys l\u00e4hetet\u00e4\u00e4n ennen kuin siit\u00e4 tulee ongelma.<\/p>\n<p>Vaatimustenmukaisuuden seuranta ei ole j\u00e4nnitt\u00e4v\u00e4\u00e4. Mutta noudattamatta j\u00e4tt\u00e4minen on kallista. Oikeudellinen altistuminen. Tarkastushavainnot. Asiakassopimusrikkomukset. Teko\u00e4ly est\u00e4\u00e4 n\u00e4m\u00e4 ongelmat.<\/p>\n\n\n<hr class=\"wp-block-separator has-alpha-channel-opacity\"\/>\n\n\n\n<h3 class=\"wp-block-heading\">Mit\u00e4 t\u00e4m\u00e4 tarkoittaa sinulle<\/h3>\n\n\n\n<h4 class=\"wp-block-heading\">CPO:ille ja hankintajohtajille<\/h4>\n\n\n<p>Siirryt reaktiivisesta toimittajariskien hallinnasta ennakoivaan toimittajariskien hallintaan.<\/p>\n<ul>\n<li><strong>Ennakoiva riskienhallinta:<\/strong> Ongelmat havaitaan ennen kuin ne h\u00e4iritsev\u00e4t toimintaa. Aikaa valmistautua h\u00e4tik\u00f6innin sijaan.<\/li>\n<li><strong>Toimittajan vastuullisuus tietojen avulla:<\/strong> Suorituskykykeskustelut objektiivisten mittareiden tukemana. Selke\u00e4t odotukset ja mittaaminen.<\/li>\n<li><strong>Suojattu toimitusketju:<\/strong> Varhaisvaroitusj\u00e4rjestelm\u00e4 toimittajien ongelmia varten. V\u00e4hent\u00e4\u00e4 h\u00e4iri\u00f6vaikutuksia.<\/li>\n<li><strong>Jatkuva parantaminen:<\/strong> J\u00e4rjestelm\u00e4llinen suorituskyvyn seuranta parantaa toimittajan toimintaa ajan my\u00f6t\u00e4.<\/li>\n<li><strong>Strateginen toimittajahallinta:<\/strong> Tied\u00e4, mitk\u00e4 toimittajat ansaitsevat investoinnin ja kumppanuuden. Mitk\u00e4 tarvitsevat suorituskyvyn parantamista. Mitk\u00e4 on vaihdettava.<\/li>\n<\/ul>\n\n\n<h4 class=\"wp-block-heading\">Hankintap\u00e4\u00e4llik\u00f6ille ja ostajille<\/h4>\n\n\n<p>Tied\u00e4t, mit\u00e4 toimittajia sinun on tarkkailtava, ja sinulla on todisteita vaikeita keskusteluja varten.<\/p>\n<ul>\n<li><strong>Tied\u00e4, mit\u00e4 toimittajia kannattaa tarkkailla:<\/strong> Suorituskyvyn ja riskien perusteella priorisoitu luettelo. Keskit\u00e4 huomio sinne, miss\u00e4 sill\u00e4 on merkityst\u00e4.<\/li>\n<li><strong>Todisteet toimittajien keskusteluista:<\/strong> Tietoihin perustuvat suorituskykykeskustelut. Konkreettiset kysymykset ja selke\u00e4t mittarit.<\/li>\n<li><strong>Varhainen varoitus ongelmista:<\/strong> Puutu ongelmiin ennen kuin niist\u00e4 tulee kriittisi\u00e4. Ennakoiva hallinta.<\/li>\n<li><strong>Yksinkertaistettu suorituskyvyn seuranta:<\/strong> Ei en\u00e4\u00e4 manuaalisia tuloskortteja. Automaattinen tiedonkeruu ja analysointi.<\/li>\n<li><strong>Vaatimustenmukaisuuden todentaminen:<\/strong> Tied\u00e4 toimittajan vaatimustenmukaisuuden tila ilman asiakirjojen manuaalista seurantaa.<\/li>\n<\/ul>\n\n\n<h4 class=\"wp-block-heading\">Toiminnot ja toimitusketju<\/h4>\n\n\n<p>Saat luotettavan toimituksen ja v\u00e4hemm\u00e4n h\u00e4iri\u00f6it\u00e4.<\/p>\n<ul>\n<li><strong>V\u00e4hemm\u00e4n toimituskatkoksia:<\/strong> Varhainen varoittaminen mahdollistaa valmistautumisen. Puskurivarasto, vaihtoehtoiset l\u00e4hteet, varasuunnitelmat.<\/li>\n<li><strong>Parempi toimittajien laatu:<\/strong> Jatkuva seuranta ja palaute parantavat toimintaa. Ongelmat havaitaan ajoissa.<\/li>\n<li><strong>V\u00e4hentynyt riskialttius:<\/strong> Taloudelliset ep\u00e4onnistumiset, s\u00e4\u00e4nn\u00f6sten noudattamatta j\u00e4tt\u00e4minen ja toiminnalliset ongelmat havaitaan ennen kuin ne vaikuttavat sinuun.<\/li>\n<li><strong>Ennakoitavissa oleva tarjonta:<\/strong> Parempi n\u00e4kyvyys toimittajien kapasiteettiin ja riskeihin. V\u00e4hemm\u00e4n yll\u00e4tyksi\u00e4.<\/li>\n<li><strong>Nopeampi ongelmanratkaisu:<\/strong> Ongelmat tunnistetaan ja niit\u00e4 k\u00e4sitell\u00e4\u00e4n v\u00e4litt\u00f6m\u00e4sti. V\u00e4hemm\u00e4n aikaa ongelmien l\u00f6yt\u00e4miseen.<\/li>\n<\/ul>\n\n\n<hr class=\"wp-block-separator has-alpha-channel-opacity\"\/>\n\n\n\n<h3 class=\"wp-block-heading\">Mit\u00e4 teko\u00e4ly ei tee<\/h3>\n\n\n<p>Rajoitukset on teht\u00e4v\u00e4 selviksi.<\/p>\n<p>Teko\u00e4ly tarjoaa n\u00e4kyvyytt\u00e4 ja varhaisvaroitusta. Se ei hallinnoi toimittajasuhteita. Se on edelleen ihmisen ty\u00f6t\u00e4.<\/p>\n<p>Teko\u00e4ly ei voi ennustaa kaikkia h\u00e4iri\u00f6it\u00e4. Jotkin ongelmat ilmenev\u00e4t yht\u00e4kki\u00e4 ilman varoitussignaaleja. Jotkin riskitekij\u00e4t eiv\u00e4t n\u00e4y teko\u00e4lyn valvomissa tietol\u00e4hteiss\u00e4.<\/p>\n<p>Teko\u00e4ly ei voi tehd\u00e4 strategisia p\u00e4\u00e4t\u00f6ksi\u00e4 toimittajasuhteista. Se, tehd\u00e4\u00e4nk\u00f6 toimittajan kanssa yhteisty\u00f6t\u00e4 suorituskyvyn parantamiseksi vai vaihdetaanko toimittaja, riippuu muustakin kuin datasta: strategisesta merkityksest\u00e4, suhteiden historiasta, k\u00e4ytett\u00e4viss\u00e4 olevista vaihtoehdoista ja liiketoimintastrategiasta.<\/p>\n<p>Teko\u00e4ly tekee ongelmista n\u00e4kyvi\u00e4 jo varhaisessa vaiheessa. Antaa objektiivista suorituskykytietoa. Seuraa riskisignaaleja useista l\u00e4hteist\u00e4. Luo aikaa ja tietoa parempia p\u00e4\u00e4t\u00f6ksi\u00e4 varten.<\/p>\n<p>Hankintatiimisi hallinnoi edelleen toimittajasuhteita. He tekev\u00e4t edelleen strategisia p\u00e4\u00e4t\u00f6ksi\u00e4. He vain tekev\u00e4t sen paremmalla tiedolla ja varhaisvaroituksella j\u00e4lkik\u00e4teisen reagoinnin sijaan.<\/p>\n\n\n<hr class=\"wp-block-separator has-alpha-channel-opacity\"\/>\n\n\n\n<h3 class=\"wp-block-heading\">Todellisia tuloksia toimittajien suorituskyvyn ja riskienhallinnan teko\u00e4lyst\u00e4<\/h3>\n\n\n<p>T\u00e4m\u00e4 n\u00e4ytt\u00e4\u00e4 k\u00e4yt\u00e4nn\u00f6ss\u00e4 seuraavalta:<\/p>\n\n<p><strong>H\u00e4iri\u00f6iden ehk\u00e4isy:<\/strong> Varhainen varoittaminen mahdollistaa valmistautumisen. H\u00e4iri\u00f6t, jotka olisivat pys\u00e4ytt\u00e4neet tuotannon, aiheuttavat sen sijaan v\u00e4h\u00e4isi\u00e4 viiv\u00e4styksi\u00e4, koska vaihtoehdot olivat valmiina.<\/p>\n\n<p><strong>Suorituskyvyn parantaminen:<\/strong> Jatkuva seuranta ja tietoihin perustuvat keskustelut edist\u00e4v\u00e4t toimittajien parantamista. Toimitussuorituskyvyn paraneminen tyypillisesti 5-10 prosenttiyksikk\u00f6\u00e4.<\/p>\n\n<p><strong>Riskien v\u00e4ltt\u00e4minen:<\/strong> Taloudelliset ep\u00e4onnistumiset, s\u00e4\u00e4nn\u00f6sten noudattamatta j\u00e4tt\u00e4minen ja laatukriisit havaitaan ajoissa. Ongelmiin puututaan ennen kuin niist\u00e4 tulee kriittisi\u00e4.<\/p>\n\n<p><strong>Ajans\u00e4\u00e4st\u00f6:<\/strong> Automaattinen suorituskyvyn seuranta korvaa manuaaliset tuloskortit. Ostajat k\u00e4ytt\u00e4v\u00e4t aikaa poikkeusten hallintaan, eiv\u00e4t tietojen ker\u00e4\u00e4miseen.<\/p>\n\n<p><strong>Paremmat toimittajasuhteet:<\/strong> Objektiiviset tiedot poistavat tunteet suorituskykykeskusteluista. Tavarantoimittajat kunnioittavat mittaamista ja reagoivat tosiasioihin.<\/p>\n\n<p>Kyse ei ole kaikkien toimittajariskien poistamisesta. Riski on olemassa. Hallittu riski on kuitenkin eri asia kuin hallitsematon riski. N\u00e4kyvyys ja ennakkovaroitus muuttavat riskienhallinnan reaktiivisesta ennakoivaksi.<\/p>\n\n\n<hr class=\"wp-block-separator has-alpha-channel-opacity\"\/>\n\n\n\n<h3 class=\"wp-block-heading\">Oletko valmis hallitsemaan toimittajariski\u00e4?<\/h3>\n\n\n<p>Jokaisen yrityksen toimittajakanta on erilainen. Eri toimittajat. Erilaiset riskit. Erilaiset suorituskykymittarit, joilla on merkityst\u00e4 toiminnallesi.<\/p>\n<p>Emme myy yleisi\u00e4 toimittajahallintaj\u00e4rjestelmi\u00e4. Tarkastelemme juuri sinun toimittajakantaasi ja riskitekij\u00f6it\u00e4si. Selvit\u00e4mme, mitk\u00e4 suorituskykymittarit ovat t\u00e4rkeit\u00e4 yrityksellesi. Rakennamme seuranta- ja h\u00e4lytysj\u00e4rjestelm\u00e4n, joka vastaa riskinsietokyky\u00e4si ja operatiivisia tarpeitasi.<\/p>\n<p>Ei ole lupauksia siit\u00e4, ett\u00e4 teko\u00e4ly ennustaisi kaikki ongelmat. Vain k\u00e4yt\u00e4nn\u00f6llisi\u00e4 ty\u00f6kaluja, jotka tekev\u00e4t toimittajien suorituskyvyst\u00e4 n\u00e4kyv\u00e4\u00e4 ja varoittavat riskeist\u00e4 varhaisessa vaiheessa ennen kuin niist\u00e4 tulee kriisej\u00e4.<\/p>\n\n<p><a href=\"https:\/\/www.leaplytics.de\/fi\/kontakt\/\">Puhutaan toimittajariskien hallinnasta<\/a><\/p>\n\n<p><a href=\"https:\/\/www.leaplytics.de\/fi\/hankinta-hankinta-ai\/\">Takaisin sivulle Hankinnan ja hankinnan teko\u00e4ly<\/a><\/p>","protected":false},"excerpt":{"rendered":"<p>AI for Supplier Performance &#038; Risk Management: Know Your Suppliers Before They Cause Problems Your business depends on suppliers. They deliver the materials you need. The components you build with. The services that keep operations running. When suppliers perform well, you don&#8217;t think about them. When they fail, everything stops. Late deliveries delay production. Quality &hellip; <\/p>","protected":false},"author":2,"featured_media":0,"parent":0,"menu_order":0,"comment_status":"closed","ping_status":"closed","template":"","meta":{"footnotes":""},"class_list":["post-14514","page","type-page","status-publish","hentry","latest_post"],"_links":{"self":[{"href":"https:\/\/www.leaplytics.de\/fi\/wp-json\/wp\/v2\/pages\/14514","targetHints":{"allow":["GET"]}}],"collection":[{"href":"https:\/\/www.leaplytics.de\/fi\/wp-json\/wp\/v2\/pages"}],"about":[{"href":"https:\/\/www.leaplytics.de\/fi\/wp-json\/wp\/v2\/types\/page"}],"author":[{"embeddable":true,"href":"https:\/\/www.leaplytics.de\/fi\/wp-json\/wp\/v2\/users\/2"}],"replies":[{"embeddable":true,"href":"https:\/\/www.leaplytics.de\/fi\/wp-json\/wp\/v2\/comments?post=14514"}],"version-history":[{"count":1,"href":"https:\/\/www.leaplytics.de\/fi\/wp-json\/wp\/v2\/pages\/14514\/revisions"}],"predecessor-version":[{"id":14523,"href":"https:\/\/www.leaplytics.de\/fi\/wp-json\/wp\/v2\/pages\/14514\/revisions\/14523"}],"wp:attachment":[{"href":"https:\/\/www.leaplytics.de\/fi\/wp-json\/wp\/v2\/media?parent=14514"}],"curies":[{"name":"wp","href":"https:\/\/api.w.org\/{rel}","templated":true}]}}