{"id":1785,"date":"2021-04-30T00:16:19","date_gmt":"2021-04-29T22:16:19","guid":{"rendered":"https:\/\/www.leaplytics.de\/?page_id=1785"},"modified":"2024-10-29T13:47:21","modified_gmt":"2024-10-29T12:47:21","slug":"projektinhallintapaketti-qliksensea-varten","status":"publish","type":"page","link":"https:\/\/www.leaplytics.de\/fi\/etusivu\/qlik-sense-laajennukset\/projektinhallintapaketti-qliksensea-varten\/","title":{"rendered":"Project Management Suite for Qlik Sense -projektinhallintapaketti"},"content":{"rendered":"<p>Hankkiudu eroon riitt\u00e4m\u00e4tt\u00f6m\u00e4st\u00e4 ja ep\u00e4kyps\u00e4st\u00e4 projektinhallinnan tilkkut\u00e4kist\u00e4 Qlik Sense -ohjelmistossa LeapLytics Project Management Suiten avulla!<\/p>\n\n\n\n<p>Project Management Suite for Qlik Sense sis\u00e4lt\u00e4\u00e4 kaiken, mit\u00e4 tarvitset kattavan projektinhallinnan tilanneraportoinnin luomiseen. Se sis\u00e4lt\u00e4\u00e4 3 ainutlaatuista visualisointia: Liikennevalo, riskimatriisi ja aikajana. Lis\u00e4ksi saat tarvittavat lis\u00e4osat projektinhallinnan kojelaudan suunnitteluun. Laajennukset osoittavat korkeaa suorituskyky\u00e4, korkeaa kypsyytt\u00e4 ja k\u00e4ytett\u00e4vyytt\u00e4 sek\u00e4 joustavuutta yksil\u00f6llisiin tarpeisiisi.<\/p>\n\n\n\n<p>Suite sis\u00e4lt\u00e4\u00e4 asiaankuuluvia lis\u00e4osia, jotka todella parantavat projektinhallinnan kojelaudan luomista. Divider Strokes voi j\u00e4sent\u00e4\u00e4 kojelautaa alueisiin, jotka ohjaavat k\u00e4ytt\u00e4j\u00e4\u00e4 mahdollisimman tehokkaasti. Maturity Viewer tuo lis\u00e4\u00e4 selkeytt\u00e4 projektin vaiheisiin tai vaiheisiin. Company Logo Extension siirt\u00e4\u00e4 yksil\u00f6llisen yrityksen logon k\u00e4ytt\u00f6kelpoiseksi QlikSense-objektiksi. Logon muuntaminen on maksutonta.<\/p>\n\n\n\n<p>Suite sis\u00e4lt\u00e4\u00e4 my\u00f6s helppok\u00e4ytt\u00f6isen bundling-integraation, jonka avulla projektinhallinnan laajennukset n\u00e4kyv\u00e4t yhdell\u00e4 silm\u00e4yksell\u00e4. Laajennuksissa on yhdenmukainen k\u00e4ytt\u00e4j\u00e4n opastus asetusten kautta sek\u00e4 intuitiivinen k\u00e4sittely ilman koodauskokemusta. Kattava dokumentaatio liiketoimintaan liittyvine k\u00e4ytt\u00f6tapauksineen t\u00e4ydent\u00e4\u00e4 helppok\u00e4ytt\u00f6isyytt\u00e4. Tihe\u00e4t ja vankat julkaisut pit\u00e4v\u00e4t k\u00e4ytt\u00f6tapauksesi ajan tasalla.<\/p>\n\n\n\n<h3 class=\"wp-block-heading\">Project Management Suite for Qlik Sense sis\u00e4lt\u00f6<\/h3>\n\n\n\n<p>Avaa virallinen dokumentaatio klikkaamalla kuvaa. <\/p>\n\n\n\n<div class=\"wp-block-columns is-layout-flex wp-container-core-columns-is-layout-1 wp-block-columns-is-layout-flex\">\n<div class=\"wp-block-column is-layout-flow wp-block-column-is-layout-flow\">\n<h4 class=\"wp-block-heading\"><strong>Liikennevalo<\/strong><\/h4>\n<\/div>\n\n\n\n<div class=\"wp-block-column is-layout-flow wp-block-column-is-layout-flow\">\n<h4 class=\"wp-block-heading\"><strong>Riskien l\u00e4mp\u00f6kartta<\/strong><\/h4>\n<\/div>\n\n\n\n<div class=\"wp-block-column is-layout-flow wp-block-column-is-layout-flow\">\n<h4 class=\"wp-block-heading\"><strong>Aikajana<\/strong><\/h4>\n<\/div>\n\n\n\n<div class=\"wp-block-column is-layout-flow wp-block-column-is-layout-flow\">\n<h4 class=\"wp-block-heading\"><strong>Kiihdyttimet<\/strong><\/h4>\n<\/div>\n<\/div>\n\n\n\n<div class=\"wp-block-columns is-layout-flex wp-container-core-columns-is-layout-2 wp-block-columns-is-layout-flex\">\n<div class=\"wp-block-column is-layout-flow wp-block-column-is-layout-flow\">\n<figure class=\"wp-block-image size-full\"><img loading=\"lazy\" decoding=\"async\" width=\"287\" height=\"300\" src=\"https:\/\/www.leaplytics.de\/wp-content\/uploads\/2021\/11\/TrafficLight300pixel.png\" alt=\"\" class=\"wp-image-2361\" title=\"Projektinhallintasarja Liikennevalo\" srcset=\"https:\/\/www.leaplytics.de\/wp-content\/uploads\/2021\/11\/TrafficLight300pixel.png 287w, https:\/\/www.leaplytics.de\/wp-content\/uploads\/2021\/11\/TrafficLight300pixel-57x60.png 57w\" sizes=\"auto, (max-width: 287px) 100vw, 287px\" \/><\/figure>\n<\/div>\n\n\n\n<div class=\"wp-block-column is-layout-flow wp-block-column-is-layout-flow\">\n<figure class=\"wp-block-image size-full\"><img loading=\"lazy\" decoding=\"async\" width=\"287\" height=\"300\" src=\"https:\/\/www.leaplytics.de\/wp-content\/uploads\/2021\/11\/RiskHeatmap-Kasten-Blau_300pixel.png\" alt=\"\" class=\"wp-image-2363\" title=\"Projektinhallintapaketin riskien l\u00e4mp\u00f6kartta\" srcset=\"https:\/\/www.leaplytics.de\/wp-content\/uploads\/2021\/11\/RiskHeatmap-Kasten-Blau_300pixel.png 287w, https:\/\/www.leaplytics.de\/wp-content\/uploads\/2021\/11\/RiskHeatmap-Kasten-Blau_300pixel-57x60.png 57w\" sizes=\"auto, (max-width: 287px) 100vw, 287px\" \/><\/figure>\n<\/div>\n\n\n\n<div class=\"wp-block-column is-vertically-aligned-center is-layout-flow wp-block-column-is-layout-flow\"><div class=\"wp-block-image\">\n<figure class=\"aligncenter size-full\"><img loading=\"lazy\" decoding=\"async\" width=\"287\" height=\"300\" src=\"https:\/\/www.leaplytics.de\/wp-content\/uploads\/2021\/11\/TIMELINE_300pixel.png\" alt=\"\" class=\"wp-image-2364\" title=\"Project Management Suite Milestone View\" srcset=\"https:\/\/www.leaplytics.de\/wp-content\/uploads\/2021\/11\/TIMELINE_300pixel.png 287w, https:\/\/www.leaplytics.de\/wp-content\/uploads\/2021\/11\/TIMELINE_300pixel-57x60.png 57w\" sizes=\"auto, (max-width: 287px) 100vw, 287px\" \/><\/figure><\/div><\/div>\n\n\n\n<div class=\"wp-block-column is-layout-flow wp-block-column-is-layout-flow\">\n<figure class=\"wp-block-image size-full\"><img loading=\"lazy\" decoding=\"async\" width=\"567\" height=\"593\" src=\"https:\/\/www.leaplytics.de\/wp-content\/uploads\/2021\/11\/Accelerators_1_300pixel.png\" alt=\"\" class=\"wp-image-2365\" title=\"Project Management Suite Accelerator\" srcset=\"https:\/\/www.leaplytics.de\/wp-content\/uploads\/2021\/11\/Accelerators_1_300pixel.png 567w, https:\/\/www.leaplytics.de\/wp-content\/uploads\/2021\/11\/Accelerators_1_300pixel-287x300.png 287w, https:\/\/www.leaplytics.de\/wp-content\/uploads\/2021\/11\/Accelerators_1_300pixel-57x60.png 57w\" sizes=\"auto, (max-width: 567px) 100vw, 567px\" \/><\/figure>\n<\/div>\n<\/div>\n\n\n\n<div class=\"wp-block-columns is-layout-flex wp-container-core-columns-is-layout-3 wp-block-columns-is-layout-flex\">\n<div class=\"wp-block-column is-layout-flow wp-block-column-is-layout-flow\">\n<h6 class=\"wp-block-heading\">Tyhjenn\u00e4 tilailmoitus<\/h6>\n\n\n\n<h6 class=\"wp-block-heading\">Joustavat valikoimat kaikentyyppisille yksik\u00f6ille<\/h6>\n\n\n\n<h6 class=\"wp-block-heading\">Yksil\u00f6llinen ulkoasu ja helppok\u00e4ytt\u00f6isyys<\/h6>\n<\/div>\n\n\n\n<div class=\"wp-block-column is-layout-flow wp-block-column-is-layout-flow\">\n<h6 class=\"wp-block-heading\">T\u00e4ydelliset riskiprofiilit<\/h6>\n\n\n\n<h6 class=\"wp-block-heading\">Vakaa ja yksinkertainen ruudukko 2 luokkaa varten<\/h6>\n\n\n\n<h6 class=\"wp-block-heading\">Erilaiset kent\u00e4t ja v\u00e4rikoodaus<\/h6>\n<\/div>\n\n\n\n<div class=\"wp-block-column is-layout-flow wp-block-column-is-layout-flow\">\n<h6 class=\"wp-block-heading\">Aika-asteikollinen virstanpylv\u00e4sn\u00e4ytt\u00f6<\/h6>\n\n\n\n<h6 class=\"wp-block-heading\">Aikajanan automaattinen skaalaus alku- ja loppupisteen kanssa<\/h6>\n\n\n\n<h6 class=\"wp-block-heading\">Joustavat kuvaukset &amp; poikkeusv\u00e4rit<\/h6>\n<\/div>\n\n\n\n<div class=\"wp-block-column is-layout-flow wp-block-column-is-layout-flow\">\n<h6 class=\"wp-block-heading\">Performant-lis\u00e4osat<\/h6>\n\n\n\n<h6 class=\"wp-block-heading\">Yksitt\u00e4isen yrityksen logo<\/h6>\n\n\n\n<h6 class=\"wp-block-heading\">Kypsyysn\u00e4kym\u00e4 monille k\u00e4ytt\u00f6tapauksille<\/h6>\n<\/div>\n<\/div>\n\n\n\n<hr class=\"wp-block-separator has-css-opacity\"\/>\n\n\n\n<p>Tilaa t\u00e4st\u00e4 saadaksesi yksinoikeudella p\u00e4ivityksi\u00e4 ja julkaisuja: <a href=\"https:\/\/www.leaplytics.de\/fi\/subscribe_product\/\"><strong>Tilaus<\/strong><\/a><\/p>\n\n\n\n<div class=\"wp-block-columns are-vertically-aligned-center is-layout-flex wp-container-core-columns-is-layout-4 wp-block-columns-is-layout-flex\">\n<div class=\"wp-block-column is-vertically-aligned-center is-layout-flow wp-block-column-is-layout-flow\" style=\"flex-basis:100%\">\n<p><\/p>\n<\/div>\n<\/div>\n\n\n\n<p><\/p>","protected":false},"excerpt":{"rendered":"<p>Saat ter\u00e4v\u00e4n visuaalisen n\u00e4kym\u00e4n riskiprofiileistasi QilkSensen Risk Heatmapin avulla! Laajennus on rakennettu visualisoimaan profiileja, joita mitataan kahden KPI:n ja eri kategorioiden matriisina. Se pystyy visualisoimaan useita indikaattoreita (enint\u00e4\u00e4n 4 ilmaisessa versiossa) kentt\u00e4\u00e4 kohden. Erilaiset asetukset, kuten helppo vaihtaminen 3\u00d73- ja 5\u00d75-kentt\u00e4matriisin v\u00e4lill\u00e4, reunus- ja tekstiasetukset, mukauttavat t\u00e4m\u00e4n laajennuksen raportointitarpeisiisi. <\/p>\n<p>T\u00e4t\u00e4 laajennusta voidaan k\u00e4ytt\u00e4\u00e4 my\u00f6s kaikenlaisten fyysisten toimenpiteiden, laatuindikaattoreiden ja yleens\u00e4kin eroavuuksien seurantaan ja raja-arvojen ilmoittamiseen. T\u00e4m\u00e4n ansiosta sit\u00e4 voidaan soveltaa useisiin erilaisiin k\u00e4ytt\u00f6tapauksiin, joita esiintyy eri yrityksiss\u00e4.<\/p>","protected":false},"author":1,"featured_media":0,"parent":227,"menu_order":1,"comment_status":"closed","ping_status":"closed","template":"","meta":{"footnotes":""},"class_list":["post-1785","page","type-page","status-publish","hentry","latest_post"],"_links":{"self":[{"href":"https:\/\/www.leaplytics.de\/fi\/wp-json\/wp\/v2\/pages\/1785","targetHints":{"allow":["GET"]}}],"collection":[{"href":"https:\/\/www.leaplytics.de\/fi\/wp-json\/wp\/v2\/pages"}],"about":[{"href":"https:\/\/www.leaplytics.de\/fi\/wp-json\/wp\/v2\/types\/page"}],"author":[{"embeddable":true,"href":"https:\/\/www.leaplytics.de\/fi\/wp-json\/wp\/v2\/users\/1"}],"replies":[{"embeddable":true,"href":"https:\/\/www.leaplytics.de\/fi\/wp-json\/wp\/v2\/comments?post=1785"}],"version-history":[{"count":3,"href":"https:\/\/www.leaplytics.de\/fi\/wp-json\/wp\/v2\/pages\/1785\/revisions"}],"predecessor-version":[{"id":13665,"href":"https:\/\/www.leaplytics.de\/fi\/wp-json\/wp\/v2\/pages\/1785\/revisions\/13665"}],"up":[{"embeddable":true,"href":"https:\/\/www.leaplytics.de\/fi\/wp-json\/wp\/v2\/pages\/227"}],"wp:attachment":[{"href":"https:\/\/www.leaplytics.de\/fi\/wp-json\/wp\/v2\/media?parent=1785"}],"curies":[{"name":"wp","href":"https:\/\/api.w.org\/{rel}","templated":true}]}}