{"id":2170,"date":"2021-06-21T21:09:50","date_gmt":"2021-06-21T19:09:50","guid":{"rendered":"https:\/\/www.leaplytics.de\/?page_id=2170"},"modified":"2023-02-09T15:48:24","modified_gmt":"2023-02-09T14:48:24","slug":"liikennevalo-naytot-power-bille","status":"publish","type":"page","link":"https:\/\/www.leaplytics.de\/fi\/etusivu\/projektinhallinta-mukautetut-visualisoinnit-microsoft-powerbi\/liikennevalo-naytot-power-bille\/","title":{"rendered":"Liikennevalo Visual Microsoft Power BI:lle"},"content":{"rendered":"<p><img loading=\"lazy\" decoding=\"async\" width=\"150\" height=\"37\" class=\"wp-image-8358\" style=\"width: 150px;\" src=\"https:\/\/www.leaplytics.de\/wp-content\/uploads\/2022\/05\/PBI-Certified.png\" alt=\"\" srcset=\"https:\/\/www.leaplytics.de\/wp-content\/uploads\/2022\/05\/PBI-Certified.png 152w, https:\/\/www.leaplytics.de\/wp-content\/uploads\/2022\/05\/PBI-Certified-150x37.png 150w\" sizes=\"auto, (max-width: 150px) 100vw, 150px\" \/><\/p>\n\n\n\n<p>\"Traffic Light\" on muokattavissa oleva Microsoft Power BI -visuaali, joka tarjoaa visuaalisia h\u00e4lytyksi\u00e4 kaikista t\u00e4rkeimmist\u00e4 suorituskykyindikaattoreistasi. Ominaisuuksien, kuten vaaka- ja pystysuuntaisen kohdistuksen ja yhden\/kahden\/kolmen valon j\u00e4rjestelm\u00e4n, ansiosta t\u00e4m\u00e4 visuaalinen j\u00e4rjestelm\u00e4 voidaan r\u00e4\u00e4t\u00e4l\u00f6id\u00e4 raportointitarpeidesi mukaan, mik\u00e4 antaa sinulle paremman hallinnan tunnusluvuistasi!<\/p>\n\n\n\n<div style=\"height:10px\" aria-hidden=\"true\" class=\"wp-block-spacer\"><\/div>\n\n\n\n<figure class=\"wp-block-image size-full\"><img loading=\"lazy\" decoding=\"async\" width=\"1140\" height=\"641\" src=\"https:\/\/www.leaplytics.de\/wp-content\/uploads\/2022\/04\/First_Slice_Traffic_Light_PowerBI.png\" alt=\"Liikennevalo Visual Microsoft Power BI:lle\" class=\"wp-image-6582\" srcset=\"https:\/\/www.leaplytics.de\/wp-content\/uploads\/2022\/04\/First_Slice_Traffic_Light_PowerBI.png 1140w, https:\/\/www.leaplytics.de\/wp-content\/uploads\/2022\/04\/First_Slice_Traffic_Light_PowerBI-300x169.png 300w, https:\/\/www.leaplytics.de\/wp-content\/uploads\/2022\/04\/First_Slice_Traffic_Light_PowerBI-1024x576.png 1024w, https:\/\/www.leaplytics.de\/wp-content\/uploads\/2022\/04\/First_Slice_Traffic_Light_PowerBI-768x432.png 768w, https:\/\/www.leaplytics.de\/wp-content\/uploads\/2022\/04\/First_Slice_Traffic_Light_PowerBI-107x60.png 107w\" sizes=\"auto, (max-width: 1140px) 100vw, 1140px\" \/><\/figure>\n\n\n\n<div style=\"height:50px\" aria-hidden=\"true\" class=\"wp-block-spacer\"><\/div>\n\n\n\n<h3 class=\"has-text-align-center wp-block-heading\" id=\"benefits\">Edut<\/h3>\n\n\n\n<h5 class=\"wp-block-heading\" id=\"decision-maker\">P\u00e4\u00e4t\u00f6ksentekij\u00e4<\/h5>\n\n\n\n<p>P\u00e4\u00e4t\u00f6ksentekij\u00e4n\u00e4 tarvitset selke\u00e4\u00e4 ja merkityksellist\u00e4 raportointia, jonka avulla n\u00e4et yhdell\u00e4 silm\u00e4yksell\u00e4, mihin aikaasi ja huomiotasi tarvitaan. Microsoft Power BI:n liikennevalovisuaalisovelluksemme mahdollistaa t\u00e4m\u00e4n, sill\u00e4 se antaa v\u00e4litt\u00f6mi\u00e4 h\u00e4lytyksi\u00e4, kun avainluvut ovat siedett\u00e4vien rajojen ulkopuolella.<\/p>\n\n\n\n<p class=\"has-text-align-left\"><em>Tunnistat nopeasti alueet, jotka saattavat vaatia huomiota tai parannuksia, jotta voit tehd\u00e4 tietoon perustuvia ja oikea-aikaisia p\u00e4\u00e4t\u00f6ksi\u00e4. T\u00e4m\u00e4 auttaa sinua optimoimaan organisaatiosi suorituskyvyn ja lopulta saavuttamaan parempia tuloksia.<\/em><\/p>\n\n\n\n<h5 class=\"wp-block-heading\" id=\"department-manager-consultant\">Osastop\u00e4\u00e4llikk\u00f6 \/ konsultti<\/h5>\n\n\n\n<p>Johtajana tai konsulttina et tarvitse ohjelmointitaitoja voidaksesi k\u00e4ytt\u00e4\u00e4 Traffic Light Visual for Microsoft Power BI:t\u00e4. Kaikki monimutkaiset toteutukset on jo tehty puolestasi, joten voit aloittaa sen k\u00e4yt\u00f6n heti. M\u00e4\u00e4rittele vain kriittiset arvoalueet ja mukauta ulkoasu liiketoimintasi tarpeisiin sopivaksi. <\/p>\n\n\n\n<p><em>Laajennuksemme integroituu saumattomasti mittaristoihisi, s\u00e4\u00e4st\u00e4\u00e4 aikaa ja parantaa raporttien mielekkyytt\u00e4. Vaikuta asiakkaisiisi tai esimiehiisi Power BI:n Traffic Light -visuaalin avulla.<\/em><\/p>\n\n\n\n<h5 class=\"wp-block-heading\" id=\"engineer-developer\">Insin\u00f6\u00f6ri \/ kehitt\u00e4j\u00e4<\/h5>\n\n\n\n<p>Jos rakennat BI-kojelautoja, anna meid\u00e4n auttaa sinua saamaan projektisi onnistuneesti p\u00e4\u00e4t\u00f6kseen. Traffic Light -visuaalimme Power BI:lle tarjoaa joustavan logiikan ja t\u00e4ysin muokattavissa olevan suunnittelun, mink\u00e4 ansiosta voit tehd\u00e4 vaikutuksen asiakkaisiisi vaikuttavilla, ammattimaisilla kojelaudoilla. S\u00e4\u00e4st\u00e4 aikaa ja energiaa visuaalimme avulla ja hy\u00f6dynn\u00e4 henkil\u00f6kohtaista, suoraa tukeamme kaikissa kysymyksiss\u00e4si tai huolenaiheissasi.<\/p>\n\n\n\n<p><em>Selke\u00e4 viestint\u00e4 ja helppo k\u00e4sittely parantavat palvelua ja helpottavat ty\u00f6t\u00e4si.<\/em><\/p>\n\n\n\n<div style=\"height:50px\" aria-hidden=\"true\" class=\"wp-block-spacer\"><\/div>\n\n\n\n<div class=\"wp-block-group alignfull has-black-color has-text-color has-background has-link-color wp-elements-d994ed8cdde441663adf95149c771378\" style=\"background-color:#eeeeee\"><div class=\"wp-block-group__inner-container is-layout-flow wp-block-group-is-layout-flow\">\n<div style=\"height:50px\" aria-hidden=\"true\" class=\"wp-block-spacer\"><\/div>\n\n\n\n<h3 class=\"has-text-align-center wp-block-heading\">Ominaisuudet<\/h3>\n\n\n\n<div style=\"height:50px\" aria-hidden=\"true\" class=\"wp-block-spacer\"><\/div>\n\n\n\n<div class=\"wp-block-columns is-layout-flex wp-container-core-columns-is-layout-1 wp-block-columns-is-layout-flex\">\n<div class=\"wp-block-column is-layout-flow wp-block-column-is-layout-flow\">\n<div class=\"wp-block-media-text alignwide is-stacked-on-mobile\" style=\"grid-template-columns:15% auto\"><figure class=\"wp-block-media-text__media\"><img loading=\"lazy\" decoding=\"async\" width=\"1024\" height=\"1024\" src=\"https:\/\/www.leaplytics.de\/wp-content\/uploads\/2022\/05\/Light-System-1024x1024.png\" alt=\"\" class=\"wp-image-7708 size-full\" srcset=\"https:\/\/www.leaplytics.de\/wp-content\/uploads\/2022\/05\/Light-System-1024x1024.png 1024w, https:\/\/www.leaplytics.de\/wp-content\/uploads\/2022\/05\/Light-System-300x300.png 300w, https:\/\/www.leaplytics.de\/wp-content\/uploads\/2022\/05\/Light-System-150x150.png 150w, https:\/\/www.leaplytics.de\/wp-content\/uploads\/2022\/05\/Light-System-768x768.png 768w, https:\/\/www.leaplytics.de\/wp-content\/uploads\/2022\/05\/Light-System-1536x1536.png 1536w, https:\/\/www.leaplytics.de\/wp-content\/uploads\/2022\/05\/Light-System-2048x2048.png 2048w, https:\/\/www.leaplytics.de\/wp-content\/uploads\/2022\/05\/Light-System-370x370.png 370w, https:\/\/www.leaplytics.de\/wp-content\/uploads\/2022\/05\/Light-System-60x60.png 60w, https:\/\/www.leaplytics.de\/wp-content\/uploads\/2022\/05\/Light-System-600x600.png 600w, https:\/\/www.leaplytics.de\/wp-content\/uploads\/2022\/05\/Light-System-100x100.png 100w\" sizes=\"auto, (max-width: 1024px) 100vw, 1024px\" \/><\/figure><div class=\"wp-block-media-text__content\">\n<p style=\"font-size:22px\"><strong>Valoj\u00e4rjestelm\u00e4<\/strong><\/p>\n\n\n\n<p>Valitse yksi-, kaksi- tai kolmivaloisen j\u00e4rjestelm\u00e4n v\u00e4lill\u00e4.<\/p>\n<\/div><\/div>\n<\/div>\n\n\n\n<div class=\"wp-block-column is-layout-flow wp-block-column-is-layout-flow\">\n<div class=\"wp-block-media-text alignwide is-stacked-on-mobile\" style=\"grid-template-columns:15% auto\"><figure class=\"wp-block-media-text__media\"><img loading=\"lazy\" decoding=\"async\" width=\"1024\" height=\"1024\" src=\"https:\/\/www.leaplytics.de\/wp-content\/uploads\/2022\/05\/Alignment-1024x1024.png\" alt=\"\" class=\"wp-image-7709 size-full\" srcset=\"https:\/\/www.leaplytics.de\/wp-content\/uploads\/2022\/05\/Alignment-1024x1024.png 1024w, https:\/\/www.leaplytics.de\/wp-content\/uploads\/2022\/05\/Alignment-300x300.png 300w, https:\/\/www.leaplytics.de\/wp-content\/uploads\/2022\/05\/Alignment-150x150.png 150w, https:\/\/www.leaplytics.de\/wp-content\/uploads\/2022\/05\/Alignment-768x768.png 768w, https:\/\/www.leaplytics.de\/wp-content\/uploads\/2022\/05\/Alignment-1536x1536.png 1536w, https:\/\/www.leaplytics.de\/wp-content\/uploads\/2022\/05\/Alignment-2048x2048.png 2048w, https:\/\/www.leaplytics.de\/wp-content\/uploads\/2022\/05\/Alignment-370x370.png 370w, https:\/\/www.leaplytics.de\/wp-content\/uploads\/2022\/05\/Alignment-60x60.png 60w, https:\/\/www.leaplytics.de\/wp-content\/uploads\/2022\/05\/Alignment-600x600.png 600w, https:\/\/www.leaplytics.de\/wp-content\/uploads\/2022\/05\/Alignment-100x100.png 100w\" sizes=\"auto, (max-width: 1024px) 100vw, 1024px\" \/><\/figure><div class=\"wp-block-media-text__content\">\n<p style=\"font-size:22px\"><strong>Kohdistus<\/strong><\/p>\n\n\n\n<p>K\u00e4yt\u00e4 Visualia pysty- tai vaakasuorassa linjauksessa.<\/p>\n<\/div><\/div>\n<\/div>\n<\/div>\n\n\n\n<div style=\"height:50px\" aria-hidden=\"true\" class=\"wp-block-spacer\"><\/div>\n\n\n\n<div class=\"wp-block-columns is-layout-flex wp-container-core-columns-is-layout-2 wp-block-columns-is-layout-flex\">\n<div class=\"wp-block-column is-layout-flow wp-block-column-is-layout-flow\">\n<div class=\"wp-block-media-text alignwide is-stacked-on-mobile\" style=\"grid-template-columns:15% auto\"><figure class=\"wp-block-media-text__media\"><img loading=\"lazy\" decoding=\"async\" width=\"1024\" height=\"1024\" src=\"https:\/\/www.leaplytics.de\/wp-content\/uploads\/2022\/05\/Color-Settings-1024x1024.png\" alt=\"\" class=\"wp-image-7710 size-full\" srcset=\"https:\/\/www.leaplytics.de\/wp-content\/uploads\/2022\/05\/Color-Settings-1024x1024.png 1024w, https:\/\/www.leaplytics.de\/wp-content\/uploads\/2022\/05\/Color-Settings-300x300.png 300w, https:\/\/www.leaplytics.de\/wp-content\/uploads\/2022\/05\/Color-Settings-150x150.png 150w, https:\/\/www.leaplytics.de\/wp-content\/uploads\/2022\/05\/Color-Settings-768x768.png 768w, https:\/\/www.leaplytics.de\/wp-content\/uploads\/2022\/05\/Color-Settings-1536x1536.png 1536w, https:\/\/www.leaplytics.de\/wp-content\/uploads\/2022\/05\/Color-Settings-2048x2048.png 2048w, https:\/\/www.leaplytics.de\/wp-content\/uploads\/2022\/05\/Color-Settings-370x370.png 370w, https:\/\/www.leaplytics.de\/wp-content\/uploads\/2022\/05\/Color-Settings-60x60.png 60w, https:\/\/www.leaplytics.de\/wp-content\/uploads\/2022\/05\/Color-Settings-600x600.png 600w, https:\/\/www.leaplytics.de\/wp-content\/uploads\/2022\/05\/Color-Settings-100x100.png 100w\" sizes=\"auto, (max-width: 1024px) 100vw, 1024px\" \/><\/figure><div class=\"wp-block-media-text__content\">\n<p style=\"font-size:22px\"><strong>V\u00e4riasetukset<\/strong><\/p>\n\n\n\n<p>Vaihda kaikkien graafisten kohteiden v\u00e4ri CI-standardien mukaiseksi.<\/p>\n<\/div><\/div>\n<\/div>\n\n\n\n<div class=\"wp-block-column is-layout-flow wp-block-column-is-layout-flow\">\n<div class=\"wp-block-media-text alignwide is-stacked-on-mobile\" style=\"grid-template-columns:15% auto\"><figure class=\"wp-block-media-text__media\"><img loading=\"lazy\" decoding=\"async\" width=\"1021\" height=\"1024\" src=\"https:\/\/www.leaplytics.de\/wp-content\/uploads\/2022\/05\/Text-Settings-1021x1024.png\" alt=\"\" class=\"wp-image-7711 size-full\" srcset=\"https:\/\/www.leaplytics.de\/wp-content\/uploads\/2022\/05\/Text-Settings-1021x1024.png 1021w, https:\/\/www.leaplytics.de\/wp-content\/uploads\/2022\/05\/Text-Settings-300x300.png 300w, https:\/\/www.leaplytics.de\/wp-content\/uploads\/2022\/05\/Text-Settings-150x150.png 150w, https:\/\/www.leaplytics.de\/wp-content\/uploads\/2022\/05\/Text-Settings-768x771.png 768w, https:\/\/www.leaplytics.de\/wp-content\/uploads\/2022\/05\/Text-Settings-1531x1536.png 1531w, https:\/\/www.leaplytics.de\/wp-content\/uploads\/2022\/05\/Text-Settings-2041x2048.png 2041w, https:\/\/www.leaplytics.de\/wp-content\/uploads\/2022\/05\/Text-Settings-370x370.png 370w, https:\/\/www.leaplytics.de\/wp-content\/uploads\/2022\/05\/Text-Settings-60x60.png 60w, https:\/\/www.leaplytics.de\/wp-content\/uploads\/2022\/05\/Text-Settings-600x602.png 600w, https:\/\/www.leaplytics.de\/wp-content\/uploads\/2022\/05\/Text-Settings-100x100.png 100w\" sizes=\"auto, (max-width: 1021px) 100vw, 1021px\" \/><\/figure><div class=\"wp-block-media-text__content\">\n<p style=\"font-size:22px\"><strong>Tekstiasetukset<\/strong><\/p>\n\n\n\n<p>K\u00e4yt\u00e4 tekstiasetuksia, jotta voit mukauttaa tekstin ulkoasun yksil\u00f6llisiin tarpeisiisi. <\/p>\n<\/div><\/div>\n<\/div>\n<\/div>\n\n\n\n<div style=\"height:50px\" aria-hidden=\"true\" class=\"wp-block-spacer\"><\/div>\n\n\n\n<div class=\"wp-block-columns is-layout-flex wp-container-core-columns-is-layout-3 wp-block-columns-is-layout-flex\">\n<div class=\"wp-block-column is-layout-flow wp-block-column-is-layout-flow\">\n<div class=\"wp-block-media-text alignwide is-stacked-on-mobile\" style=\"grid-template-columns:15% auto\"><figure class=\"wp-block-media-text__media\"><img loading=\"lazy\" decoding=\"async\" width=\"1024\" height=\"1024\" src=\"https:\/\/www.leaplytics.de\/wp-content\/uploads\/2022\/06\/Certification-1-1024x1024.png\" alt=\"\" class=\"wp-image-8453 size-full\" srcset=\"https:\/\/www.leaplytics.de\/wp-content\/uploads\/2022\/06\/Certification-1-1024x1024.png 1024w, https:\/\/www.leaplytics.de\/wp-content\/uploads\/2022\/06\/Certification-1-300x300.png 300w, https:\/\/www.leaplytics.de\/wp-content\/uploads\/2022\/06\/Certification-1-150x150.png 150w, https:\/\/www.leaplytics.de\/wp-content\/uploads\/2022\/06\/Certification-1-768x768.png 768w, https:\/\/www.leaplytics.de\/wp-content\/uploads\/2022\/06\/Certification-1-1536x1536.png 1536w, https:\/\/www.leaplytics.de\/wp-content\/uploads\/2022\/06\/Certification-1-2048x2048.png 2048w, https:\/\/www.leaplytics.de\/wp-content\/uploads\/2022\/06\/Certification-1-370x370.png 370w, https:\/\/www.leaplytics.de\/wp-content\/uploads\/2022\/06\/Certification-1-60x60.png 60w\" sizes=\"auto, (max-width: 1024px) 100vw, 1024px\" \/><\/figure><div class=\"wp-block-media-text__content\">\n<p style=\"font-size:22px\"><strong>PBI-sertifioitu<\/strong><\/p>\n\n\n\n<p>T\u00e4m\u00e4 visualisointi t\u00e4ytt\u00e4\u00e4 Microsoftin korkeimmat turvallisuusstandardit ja tukee vienti\u00e4 PDF- ja PowerPoint-tiedostoiksi.<\/p>\n<\/div><\/div>\n<\/div>\n\n\n\n<div class=\"wp-block-column is-layout-flow wp-block-column-is-layout-flow\"><\/div>\n<\/div>\n\n\n\n<div style=\"height:50px\" aria-hidden=\"true\" class=\"wp-block-spacer\"><\/div>\n<\/div><\/div>\n\n\n\n<div style=\"height:75px\" aria-hidden=\"true\" class=\"wp-block-spacer\"><\/div>\n\n\n\n<figure class=\"wp-block-embed is-type-video is-provider-youtube wp-block-embed-youtube wp-embed-aspect-16-9 wp-has-aspect-ratio\"><div class=\"wp-block-embed__wrapper\" align=\"center\">\n<iframe loading=\"lazy\" title=\"Power BI - Liikennevalo KPI Visual\" width=\"770\" height=\"433\" src=\"https:\/\/www.youtube.com\/embed\/Ss6B1O-qtnA?feature=oembed\" frameborder=\"0\" allow=\"accelerometer; autoplay; clipboard-write; encrypted-media; gyroscope; picture-in-picture; web-share\" allowfullscreen><\/iframe>\n<\/div><\/figure>\n\n\n\n<div style=\"height:45px\" aria-hidden=\"true\" class=\"wp-block-spacer\"><\/div>\n\n\n\n<h3 class=\"has-text-align-center wp-block-heading\">Hanki se nyt!<\/h3>\n\n\n\n<div style=\"height:50px\" aria-hidden=\"true\" class=\"wp-block-spacer\"><\/div>\n\n\n\n<div class=\"wp-block-columns alignwide is-layout-flex wp-container-core-columns-is-layout-4 wp-block-columns-is-layout-flex\">\n<div class=\"wp-block-column has-text-color has-background has-link-color wp-elements-6226b2130b508035f3b09a7442aec556 is-layout-flow wp-block-column-is-layout-flow\" style=\"color:#000000;background-color:#eeeeee;padding-top:2em;padding-right:2em;padding-bottom:2em;padding-left:2em\">\n<h2 class=\"wp-block-heading\" id=\"single\" style=\"font-size:40px\"><strong>TRIAL-versio<\/strong><\/h2>\n\n\n\n<div style=\"height:10px\" aria-hidden=\"true\" class=\"wp-block-spacer\"><\/div>\n\n\n\n<p class=\"has-normal-font-size\" style=\"line-height:1.5\">LeapLytics - Traffic Lightin KOKEILUVERSIO on k\u00e4ytett\u00e4viss\u00e4 ilmaiseksi nelj\u00e4n viikon ajan mill\u00e4 tahansa palvelimella ja miss\u00e4 tahansa yrityksess\u00e4. Testaa nyt, vastaako ratkaisumme tarpeitasi.<\/p>\n\n\n\n<div style=\"height:10px\" aria-hidden=\"true\" class=\"wp-block-spacer\"><\/div>\n\n\n\n<hr class=\"wp-block-separator has-text-color has-css-opacity has-background is-style-wide\" style=\"background-color:#000000;color:#000000\"\/>\n\n\n\n<div style=\"height:10px\" aria-hidden=\"true\" class=\"wp-block-spacer\"><\/div>\n\n\n\n<p><i class=\"fas fa-check\"><\/i> Kolmen valon j\u00e4rjestelm\u00e4<\/p>\n\n\n\n<p><i class=\"fas fa-check\"><\/i>  Kahden valon j\u00e4rjestelm\u00e4<\/p>\n\n\n\n<p><i class=\"fas fa-check\"><\/i> Yksi valoj\u00e4rjestelm\u00e4<\/p>\n\n\n\n<p><i class=\"fas fa-check\"><\/i> Pystysuora kohdistus<\/p>\n\n\n\n<p><i class=\"fas fa-check\"><\/i> Vaakasuora kohdistus<\/p>\n\n\n\n<p><i class=\"fas fa-check\"><\/i> Raja-asetukset<\/p>\n\n\n\n<p><i class=\"fas fa-check\"><\/i> Tekstiasetukset<\/p>\n\n\n\n<p><i class=\"fas fa-check\"><\/i> V\u00e4riasetukset<\/p>\n\n\n\n<div class=\"wp-block-buttons alignfull is-horizontal is-content-justification-center is-layout-flex wp-container-core-buttons-is-layout-1 wp-block-buttons-is-layout-flex\">\n<div class=\"wp-block-button\"><a class=\"wp-block-button__link has-white-color has-text-color wp-element-button\" href=\"https:\/\/appsource.microsoft.com\/en-en\/product\/power-bi-visuals\/leaplyticsgmbh1633373694058.leaplytics_traffic_light\" target=\"_blank\" rel=\"noreferrer noopener\">ILMAINEN lataus<\/a><\/div>\n\n\n\n<div class=\"wp-block-button\"><a class=\"wp-block-button__link has-white-color has-text-color wp-element-button\" href=\"https:\/\/www.leaplytics.de\/fi\/liikennevalojen-teho-bi-trial\/\">Pyyd\u00e4 TRIAL<\/a><\/div>\n<\/div>\n<\/div>\n\n\n\n<div class=\"wp-block-column has-text-color has-background has-link-color wp-elements-60bfb23c4dfc59182e0371e21c3f4f32 is-layout-flow wp-block-column-is-layout-flow\" style=\"color:#000000;background-color:#f2c80f;padding-top:2em;padding-right:2em;padding-bottom:2em;padding-left:2em\">\n<h2 class=\"wp-block-heading\" id=\"family\" style=\"font-size:40px\"><strong>PRO-versio<\/strong><\/h2>\n\n\n\n<div style=\"height:10px\" aria-hidden=\"true\" class=\"wp-block-spacer\"><\/div>\n\n\n\n<p class=\"has-normal-font-size\" style=\"line-height:1.5\">LeapLytics - Traffic Lightin PRO-versio vapauttaa t\u00e4m\u00e4n visualisoinnin t\u00e4yden tehon. Yksi lisenssi palvelinta ja yrityst\u00e4 kohti - Yksi hinta vuodessa. <\/p>\n\n\n\n<div style=\"height:10px\" aria-hidden=\"true\" class=\"wp-block-spacer\"><\/div>\n\n\n\n<hr class=\"wp-block-separator has-text-color has-black-color has-css-opacity has-black-background-color has-background is-style-wide\"\/>\n\n\n\n<div style=\"height:10px\" aria-hidden=\"true\" class=\"wp-block-spacer\"><\/div>\n\n\n\n<p><i class=\"fas fa-check\"><\/i>   Kolmen valon j\u00e4rjestelm\u00e4<\/p>\n\n\n\n<p><i class=\"fas fa-check\"><\/i>   Kahden valon j\u00e4rjestelm\u00e4<\/p>\n\n\n\n<p><i class=\"fas fa-check\"><\/i> Yksi valoj\u00e4rjestelm\u00e4<\/p>\n\n\n\n<p><i class=\"fas fa-check\"><\/i> Pystysuora kohdistus<\/p>\n\n\n\n<p><i class=\"fas fa-check\"><\/i> Vaakasuora kohdistus<\/p>\n\n\n\n<p><i class=\"fas fa-check\"><\/i> Raja-asetukset<\/p>\n\n\n\n<p><i class=\"fas fa-check\"><\/i> Tekstiasetukset<\/p>\n\n\n\n<p><i class=\"fas fa-check\"><\/i> V\u00e4riasetukset<\/p>\n\n\n\n<div class=\"wp-block-buttons alignfull is-horizontal is-content-justification-center is-layout-flex wp-container-core-buttons-is-layout-2 wp-block-buttons-is-layout-flex\">\n<div class=\"wp-block-button\"><a class=\"wp-block-button__link has-white-color has-text-color wp-element-button\" href=\"https:\/\/shop.leaplytics.de\/product\/power-bi-traffic-light\/\">Hanki PRO-versio<\/a><\/div>\n<\/div>\n<\/div>\n<\/div>\n\n\n\n<h3 class=\"has-text-align-center wp-block-heading\">Oppaat<\/h3>\n\n\n\n<figure class=\"wp-block-embed is-type-wp-embed is-provider-leaplytics wp-block-embed-leaplytics\"><div class=\"wp-block-embed__wrapper\">\n<blockquote class=\"wp-embedded-content\" data-secret=\"cwg50Zk5fq\"><a href=\"https:\/\/www.leaplytics.de\/fi\/aloittaminen-liikennevalojen-teho-bi\/\">Aloittaminen - Traffic Light<\/a><\/blockquote><iframe loading=\"lazy\" class=\"wp-embedded-content\" sandbox=\"allow-scripts\" security=\"restricted\" style=\"position: absolute; clip: rect(1px, 1px, 1px, 1px);\" title=\"&quot;Aloittaminen - Liikennevalo&quot; - LeapLytics\" src=\"https:\/\/www.leaplytics.de\/getting-started-traffic-light-power-bi\/embed\/#?secret=JIdoTDIlqE#?secret=cwg50Zk5fq\" data-secret=\"cwg50Zk5fq\" width=\"600\" height=\"338\" frameborder=\"0\" marginwidth=\"0\" marginheight=\"0\" scrolling=\"no\"><\/iframe>\n<\/div><\/figure>\n\n\n\n<figure class=\"wp-block-embed is-type-wp-embed is-provider-leaplytics wp-block-embed-leaplytics\"><div class=\"wp-block-embed__wrapper\">\n<blockquote class=\"wp-embedded-content\" data-secret=\"UYaIRF2azY\"><a href=\"https:\/\/www.leaplytics.de\/fi\/muotovaihtoehdot-liikennevalojen-teho-bi\/\">Muotoiluvaihtoehdot - Liikennevalo<\/a><\/blockquote><iframe loading=\"lazy\" class=\"wp-embedded-content\" sandbox=\"allow-scripts\" security=\"restricted\" style=\"position: absolute; clip: rect(1px, 1px, 1px, 1px);\" title=\"&quot;Muotoiluvaihtoehdot - liikennevalo&quot; - LeapLytics\" src=\"https:\/\/www.leaplytics.de\/format-options-traffic-light-power-bi\/embed\/#?secret=AAuzBxTRft#?secret=UYaIRF2azY\" data-secret=\"UYaIRF2azY\" width=\"600\" height=\"338\" frameborder=\"0\" marginwidth=\"0\" marginheight=\"0\" scrolling=\"no\"><\/iframe>\n<\/div><\/figure>\n\n\n\n<div style=\"height:100px\" aria-hidden=\"true\" class=\"wp-block-spacer\"><\/div>\n\n\n\n<h3 class=\"has-text-align-center wp-block-heading\">Dokumentaatio:<\/h3>\n\n\n<div class=\"_df_book df-lite\" id=\"df_2352\"  _slug=\"traffic-light-power-bi\" data-title=\"traffic-light-power-bi\" wpoptions=\"true\" thumb=\"https:\/\/www.leaplytics.de\/wp-content\/uploads\/2020\/10\/Three-Traffic-Lights-e1613769321194.png\" thumbtype=\"\" ><\/div><script class=\"df-shortcode-script\" nowprocket type=\"application\/javascript\">window.option_df_2352 = {\"outline\":[],\"autoEnableOutline\":\"false\",\"autoEnableThumbnail\":\"false\",\"overwritePDFOutline\":\"false\",\"direction\":\"1\",\"pageSize\":\"0\",\"source\":\"https:\\\/\\\/www.leaplytics.de\\\/wp-content\\\/uploads\\\/2021\\\/11\\\/Traffic-Light-PowerBI-User-Documentation_1.0.pdf\",\"wpOptions\":\"true\"}; if(window.DFLIP && window.DFLIP.parseBooks){window.DFLIP.parseBooks();}<\/script>\n\n\n\n<div style=\"height:50px\" aria-hidden=\"true\" class=\"wp-block-spacer\"><\/div>\n\n\n\n<div class=\"wp-block-buttons is-content-justification-center is-layout-flex wp-container-core-buttons-is-layout-3 wp-block-buttons-is-layout-flex\">\n<div class=\"wp-block-button aligncenter has-custom-font-size\" style=\"font-size:16px\"><a class=\"wp-block-button__link wp-element-button\" href=\"https:\/\/www.leaplytics.de\/wp-content\/uploads\/2021\/11\/Traffic-Light-PowerBI-User-Documentation_1.0.pdf\" target=\"_blank\" rel=\"noreferrer noopener\">Lataa dokumentaatio<\/a><\/div>\n<\/div>\n\n\n\n<p class=\"has-text-align-right\"><a href=\"#\">Takaisin alkuun \u25b2<\/a><\/p>","protected":false},"excerpt":{"rendered":"<p>Seuraa projektin tilaa ja virstanpylv\u00e4it\u00e4 t\u00e4m\u00e4n visuaalisen liikennevaloratkaisun avulla! T\u00e4m\u00e4 on t\u00e4m\u00e4n Traffic Light Custom Visual for Microsoft Power BI -ohjelman p\u00e4\u00e4tavoite. \"Traffic Light\" on eritt\u00e4in mukautettava Power BI Visual -visuaali, jolla voit seurata KPI:t\u00e4si. Useita asetuksia, kuten vaaka- ja pystysuora kohdistus tai kahden tai kolmen valon j\u00e4rjestelm\u00e4, mukauttaa t\u00e4m\u00e4n visuaalisen elementin raportointitarpeisiisi.<br \/>\nT\u00e4t\u00e4 visualisointia voidaan k\u00e4ytt\u00e4\u00e4 my\u00f6s kaikenlaisten fyysisten toimenpiteiden, laatuindikaattoreiden ja yleens\u00e4kin eroavaisuuksien seurantaan ja raja-arvojen ilmoittamiseen. T\u00e4m\u00e4n ansiosta sit\u00e4 voidaan soveltaa useisiin erilaisiin k\u00e4ytt\u00f6tapauksiin, joita esiintyy eri yrityksiss\u00e4.<\/p>","protected":false},"author":1,"featured_media":0,"parent":2301,"menu_order":1,"comment_status":"closed","ping_status":"closed","template":"","meta":{"footnotes":""},"class_list":["post-2170","page","type-page","status-publish","hentry","latest_post"],"_links":{"self":[{"href":"https:\/\/www.leaplytics.de\/fi\/wp-json\/wp\/v2\/pages\/2170","targetHints":{"allow":["GET"]}}],"collection":[{"href":"https:\/\/www.leaplytics.de\/fi\/wp-json\/wp\/v2\/pages"}],"about":[{"href":"https:\/\/www.leaplytics.de\/fi\/wp-json\/wp\/v2\/types\/page"}],"author":[{"embeddable":true,"href":"https:\/\/www.leaplytics.de\/fi\/wp-json\/wp\/v2\/users\/1"}],"replies":[{"embeddable":true,"href":"https:\/\/www.leaplytics.de\/fi\/wp-json\/wp\/v2\/comments?post=2170"}],"version-history":[{"count":0,"href":"https:\/\/www.leaplytics.de\/fi\/wp-json\/wp\/v2\/pages\/2170\/revisions"}],"up":[{"embeddable":true,"href":"https:\/\/www.leaplytics.de\/fi\/wp-json\/wp\/v2\/pages\/2301"}],"wp:attachment":[{"href":"https:\/\/www.leaplytics.de\/fi\/wp-json\/wp\/v2\/media?parent=2170"}],"curies":[{"name":"wp","href":"https:\/\/api.w.org\/{rel}","templated":true}]}}