{"id":227,"date":"2020-10-17T14:47:14","date_gmt":"2020-10-17T12:47:14","guid":{"rendered":"https:\/\/www.leaplytics.de\/?page_id=227"},"modified":"2024-10-29T13:34:48","modified_gmt":"2024-10-29T12:34:48","slug":"qlik-sense-laajennukset","status":"publish","type":"page","link":"https:\/\/www.leaplytics.de\/fi\/etusivu\/qlik-sense-laajennukset\/","title":{"rendered":"Projektinhallinnan laajennukset Qlik Sense"},"content":{"rendered":"<p><strong>Tehokas ja liiketoimintaan liittyv\u00e4 -\u00a0<\/strong>T\u00e4m\u00e4 on LeapLyticsin tavaramerkki ja ratkaisujemme lis\u00e4arvo, esim. Project Management Extensions Qlik Sense.\u00a0<\/p>\n<p>Projektinhallinta-laajennuksemme ovat Qlikin virallisesti hyv\u00e4ksymi\u00e4, ja ne sis\u00e4lt\u00e4v\u00e4t yksil\u00f6lliset ratkaisusi. K\u00e4yt\u00e4 eri mahdollisuuksia kojelautasi parantamiseen ja ideoiden toteuttamiseen. Laajennukset noudattavat selke\u00e4\u00e4 rakennetta ja ne on rakennettu k\u00e4ytt\u00e4j\u00e4l\u00e4ht\u00f6isesti, jotta ne olisivat mahdollisimman intuitiivisia luopumatta t\u00e4rkeist\u00e4 toiminnallisuuksista.<\/p>\n<p style=\"text-align: left;\">Sen vuoksi kattava dokumentaatio, jossa on yksityiskohtainen kuvaus mahdollisista k\u00e4ytt\u00f6tapauksista, nopeuttaa k\u00e4ytt\u00f6\u00e4 ja k\u00e4ytt\u00f6\u00f6nottoa.<\/p>\n\n\n<div class=\"wp-block-media-text is-stacked-on-mobile\" style=\"grid-template-columns:42% auto\"><figure class=\"wp-block-media-text__media\"><img decoding=\"async\" src=\"https:\/\/www.leaplytics.de\/wp-content\/uploads\/2021\/11\/Accelerators_1_300pixel.png\" alt=\"\"\/><\/figure><div class=\"wp-block-media-text__content\">\n<h1 class=\"wp-block-heading\" style=\"font-size:40px;font-style:normal;font-weight:500;letter-spacing:2px\">LeapLytics Project Management Suite<\/h1>\n<\/div><\/div>\n\n\n\n<div class=\"wp-block-media-text is-stacked-on-mobile\" style=\"grid-template-columns:42% auto\"><figure class=\"wp-block-media-text__media\"><img loading=\"lazy\" decoding=\"async\" width=\"287\" height=\"300\" src=\"https:\/\/www.leaplytics.de\/wp-content\/uploads\/2021\/11\/TrafficLight300pixel.png\" alt=\"\" class=\"wp-image-2361 size-full\" srcset=\"https:\/\/www.leaplytics.de\/wp-content\/uploads\/2021\/11\/TrafficLight300pixel.png 287w, https:\/\/www.leaplytics.de\/wp-content\/uploads\/2021\/11\/TrafficLight300pixel-57x60.png 57w\" sizes=\"auto, (max-width: 287px) 100vw, 287px\" \/><\/figure><div class=\"wp-block-media-text__content\">\n<h1 class=\"wp-block-heading\" style=\"font-size:40px;font-style:normal;font-weight:500;letter-spacing:2px\">Liikennevalo QlikSensea varten<\/h1>\n<\/div><\/div>\n\n\n\n<div class=\"wp-block-media-text is-stacked-on-mobile\" style=\"grid-template-columns:42% auto\"><figure class=\"wp-block-media-text__media\"><img loading=\"lazy\" decoding=\"async\" width=\"287\" height=\"300\" src=\"https:\/\/www.leaplytics.de\/wp-content\/uploads\/2021\/11\/RiskHeatmap-Kasten-Blau_300pixel.png\" alt=\"\" class=\"wp-image-2363 size-full\" srcset=\"https:\/\/www.leaplytics.de\/wp-content\/uploads\/2021\/11\/RiskHeatmap-Kasten-Blau_300pixel.png 287w, https:\/\/www.leaplytics.de\/wp-content\/uploads\/2021\/11\/RiskHeatmap-Kasten-Blau_300pixel-57x60.png 57w\" sizes=\"auto, (max-width: 287px) 100vw, 287px\" \/><\/figure><div class=\"wp-block-media-text__content\">\n<h1 class=\"wp-block-heading\" style=\"font-size:40px;font-style:normal;font-weight:500;letter-spacing:2px\">QlikSensen riskimatriisi<\/h1>\n<\/div><\/div>\n\n\n\n<div class=\"wp-block-media-text is-stacked-on-mobile\" style=\"grid-template-columns:42% auto\"><figure class=\"wp-block-media-text__media\"><img loading=\"lazy\" decoding=\"async\" width=\"287\" height=\"300\" src=\"https:\/\/www.leaplytics.de\/wp-content\/uploads\/2021\/11\/TIMELINE_300pixel.png\" alt=\"\" class=\"wp-image-2364 size-full\" srcset=\"https:\/\/www.leaplytics.de\/wp-content\/uploads\/2021\/11\/TIMELINE_300pixel.png 287w, https:\/\/www.leaplytics.de\/wp-content\/uploads\/2021\/11\/TIMELINE_300pixel-57x60.png 57w\" sizes=\"auto, (max-width: 287px) 100vw, 287px\" \/><\/figure><div class=\"wp-block-media-text__content\">\n<h1 class=\"wp-block-heading\" style=\"font-size:40px;font-style:normal;font-weight:500;letter-spacing:2px\">QlikSensen aikajana<\/h1>\n<\/div><\/div>\n\n\n\n<p><\/p>\n\n\n\n<p>L\u00f6yd\u00e4t lis\u00e4tietoja osoitteesta:<a rel=\"noreferrer noopener\" href=\"https:\/\/github.com\/leaplytics\" target=\"_blank\"> https:\/\/github.com\/leaplytics<\/a><\/p>\n\n\n\n<p>Jos olet utelias, mit\u00e4 Project Management Extensions Qlik Sense -laajennukset merkitsisiv\u00e4t projektinhallintaymp\u00e4rist\u00f6llesi, sovimme mielell\u00e4mme puhelun kanssasi. T\u00e4ss\u00e4 tapauksessa tai jos sinulla on kysytt\u00e4v\u00e4\u00e4 yksityiskohdista, toteutuksesta ja hintatiedoista, kerro meille, niin otamme sinuun yhteytt\u00e4 lyhyell\u00e4 varoitusajalla:<\/p>\n\n\n<div class=\"wpforms-container wpforms-container-full\" id=\"wpforms-10645\"><form id=\"wpforms-form-10645\" class=\"wpforms-validate wpforms-form wpforms-ajax-form\" data-formid=\"10645\" method=\"post\" enctype=\"multipart\/form-data\" action=\"\/fi\/wp-json\/wp\/v2\/pages\/227\" data-token=\"28f3ef07fd5c71083e51fe95017e2f15\" data-token-time=\"1775946535\" data-trp-original-action=\"\/fi\/wp-json\/wp\/v2\/pages\/227\"><noscript class=\"wpforms-error-noscript\">Ota JavaScript k\u00e4ytt\u00f6\u00f6n selaimessasi t\u00e4ytt\u00e4\u00e4ksesi t\u00e4m\u00e4n lomakkeen.<\/noscript><div class=\"wpforms-field-container\"><div id=\"wpforms-10645-field_0-container\" class=\"wpforms-field wpforms-field-name\" data-field-id=\"0\"><label class=\"wpforms-field-label\">Nimi <span class=\"wpforms-required-label\">*<\/span><\/label><div class=\"wpforms-field-row wpforms-field-medium\"><div class=\"wpforms-field-row-block wpforms-first wpforms-one-half\"><input type=\"text\" id=\"wpforms-10645-field_0\" class=\"wpforms-field-name-first wpforms-field-required\" name=\"wpforms[fields][0][first]\" required><label for=\"wpforms-10645-field_0\" class=\"wpforms-field-sublabel after\">Ensimm\u00e4inen<\/label><\/div><div class=\"wpforms-field-row-block wpforms-one-half\"><input type=\"text\" id=\"wpforms-10645-field_0-last\" class=\"wpforms-field-name-last wpforms-field-required\" name=\"wpforms[fields][0][last]\" required><label for=\"wpforms-10645-field_0-last\" class=\"wpforms-field-sublabel after\">Viimeinen<\/label><\/div><\/div><\/div><div id=\"wpforms-10645-field_1-container\" class=\"wpforms-field wpforms-field-email\" data-field-id=\"1\"><label class=\"wpforms-field-label\" for=\"wpforms-10645-field_1\">S\u00e4hk\u00f6posti <span class=\"wpforms-required-label\">*<\/span><\/label><input type=\"email\" id=\"wpforms-10645-field_1\" class=\"wpforms-field-medium wpforms-field-required\" data-rule-restricted-email=\"1\" name=\"wpforms[fields][1]\" spellcheck=\"false\" required><\/div><div id=\"wpforms-10645-field_3-container\" class=\"wpforms-field wpforms-field-text\" data-field-id=\"3\"><label class=\"wpforms-field-label\" for=\"wpforms-10645-field_3\">Yritys <span class=\"wpforms-required-label\">*<\/span><\/label><input type=\"text\" id=\"wpforms-10645-field_3\" class=\"wpforms-field-medium wpforms-field-required\" name=\"wpforms[fields][3]\" required><\/div><div id=\"wpforms-10645-field_2-container\" class=\"wpforms-field wpforms-field-textarea\" data-field-id=\"2\"><label class=\"wpforms-field-label\" for=\"wpforms-10645-field_2\">Kommentti tai viesti<\/label><textarea id=\"wpforms-10645-field_2\" class=\"wpforms-field-medium\" name=\"wpforms[fields][2]\" ><\/textarea><\/div><div id=\"wpforms-10645-field_4-container\" class=\"wpforms-field wpforms-field-gdpr-checkbox\" data-field-id=\"4\"><label class=\"wpforms-field-label\">GDPR-sopimus <span class=\"wpforms-required-label\">*<\/span><\/label><ul id=\"wpforms-10645-field_4\" class=\"wpforms-field-required\"><li class=\"choice-1\"><input type=\"checkbox\" id=\"wpforms-10645-field_4_1\" name=\"wpforms[fields][4][]\" value=\"I consent to having this website store my submitted information so they can respond to my inquiry.\" required><label class=\"wpforms-field-label-inline\" for=\"wpforms-10645-field_4_1\">Annan suostumukseni siihen, ett\u00e4 t\u00e4m\u00e4 verkkosivusto tallentaa l\u00e4hett\u00e4m\u00e4ni tiedot, jotta se voi vastata kyselyyni.<\/label><\/li><\/ul><\/div><\/div><!-- .wpforms-field-container --><div class=\"wpforms-recaptcha-container wpforms-is-recaptcha wpforms-is-recaptcha-type-v3\" ><input type=\"hidden\" name=\"wpforms[recaptcha]\" value=\"\"><\/div><div class=\"wpforms-submit-container\" ><input type=\"hidden\" name=\"wpforms[id]\" value=\"10645\"><input type=\"hidden\" name=\"page_title\" value=\"\"><input type=\"hidden\" name=\"page_url\" value=\"https:\/\/www.leaplytics.de\/fi\/wp-json\/wp\/v2\/pages\/227\"><input type=\"hidden\" name=\"url_referer\" value=\"\"><button type=\"submit\" name=\"wpforms[submit]\" id=\"wpforms-submit-10645\" class=\"wpforms-submit\" data-alt-text=\"Sending...\" data-submit-text=\"Submit\" aria-live=\"assertive\" value=\"wpforms-submit\">L\u00e4het\u00e4<\/button><img loading=\"lazy\" decoding=\"async\" src=\"https:\/\/www.leaplytics.de\/wp-content\/plugins\/wpforms-lite\/assets\/images\/submit-spin.svg\" class=\"wpforms-submit-spinner\" style=\"display: none;\" width=\"26\" height=\"26\" alt=\"Ladataan\"><\/div><input type=\"hidden\" name=\"trp-form-language\" value=\"fi\"\/><\/form><\/div>  <!-- .wpforms-container -->","protected":false},"excerpt":{"rendered":"<p>LeapLyticsin tavaramerkki ja ratkaisujemme lis\u00e4arvo on tehokas ja liiketoimintaan liittyv\u00e4.\u00a0<\/p>","protected":false},"author":1,"featured_media":0,"parent":111,"menu_order":0,"comment_status":"closed","ping_status":"closed","template":"","meta":{"footnotes":""},"class_list":["post-227","page","type-page","status-publish","hentry","latest_post"],"_links":{"self":[{"href":"https:\/\/www.leaplytics.de\/fi\/wp-json\/wp\/v2\/pages\/227","targetHints":{"allow":["GET"]}}],"collection":[{"href":"https:\/\/www.leaplytics.de\/fi\/wp-json\/wp\/v2\/pages"}],"about":[{"href":"https:\/\/www.leaplytics.de\/fi\/wp-json\/wp\/v2\/types\/page"}],"author":[{"embeddable":true,"href":"https:\/\/www.leaplytics.de\/fi\/wp-json\/wp\/v2\/users\/1"}],"replies":[{"embeddable":true,"href":"https:\/\/www.leaplytics.de\/fi\/wp-json\/wp\/v2\/comments?post=227"}],"version-history":[{"count":3,"href":"https:\/\/www.leaplytics.de\/fi\/wp-json\/wp\/v2\/pages\/227\/revisions"}],"predecessor-version":[{"id":13662,"href":"https:\/\/www.leaplytics.de\/fi\/wp-json\/wp\/v2\/pages\/227\/revisions\/13662"}],"up":[{"embeddable":true,"href":"https:\/\/www.leaplytics.de\/fi\/wp-json\/wp\/v2\/pages\/111"}],"wp:attachment":[{"href":"https:\/\/www.leaplytics.de\/fi\/wp-json\/wp\/v2\/media?parent=227"}],"curies":[{"name":"wp","href":"https:\/\/api.w.org\/{rel}","templated":true}]}}