{"id":23,"date":"2020-10-13T23:19:51","date_gmt":"2020-10-13T21:19:51","guid":{"rendered":"https:\/\/www.blytics.de\/?page_id=23"},"modified":"2025-04-15T20:00:36","modified_gmt":"2025-04-15T18:00:36","slug":"tietoja","status":"publish","type":"page","link":"https:\/\/www.leaplytics.de\/fi\/tietoja\/","title":{"rendered":"LeapLyticsin alkuper\u00e4"},"content":{"rendered":"<p>T\u00e4m\u00e4 tarina kertoo kahdesta yst\u00e4vyksest\u00e4 Frankfurtista, Saksasta. Oli vuosi 2020. Olimme ty\u00f6skennelleet useissa projektiteht\u00e4viss\u00e4, kuten projektinjohtajana, strategisena ja operatiivisena PMO:na. Huomasimme, ett\u00e4 k\u00e4sill\u00e4 ei ollut todellista projektinhallinnan raportointi- ja analyysiratkaisua, joka vastaisi useiden projektinhallintaroolien tarpeisiin. Siksi aloimme loikata projektinhallintaan tuoreilla ideoilla analyyttisiin ratkaisuihin.<\/p>\n\n\n\n<p>Perustimme LeapLyticsin visiomme on tuoda projektinhallintaan liittyv\u00e4\u00e4 analytiikkaa el\u00e4m\u00e4\u00e4n. Alusta alkaen oli selv\u00e4\u00e4, ett\u00e4 integroitua raportointia ei voida toteuttaa erillisill\u00e4 raportointiratkaisuilla vaan pikemminkin integroidulla l\u00e4hestymistavalla. Projektiraportoinnin tulisi olla mahdollista yrityksiss\u00e4 ja konserneissa jo olemassa olevien ratkaisujen avulla.<\/p>\n\n\n\n<p>Nyky\u00e4\u00e4n LeapLytics edustaa tuoreita ja innovatiivisia raportointiratkaisuja, jotka sopivat eri integraatiotasoille: kojelautoihin integroitavista laajennuksista valmiiden ja valmiiden kojelautojen kautta tiettyihin k\u00e4ytt\u00f6tapauksiin sek\u00e4 yksil\u00f6lliseen konsultointiin raportointia ja tietojen mallintamista varten.<\/p>\n\n\n\n<p>Me perustajat haluamme tarjota ammattimaisia raportointiratkaisuja tuotteiden ja konsultoinnin puitteissa.<\/p>\n\n\n\n<figure class=\"wp-block-gallery has-nested-images columns-default is-cropped wp-block-gallery-1 is-layout-flex wp-block-gallery-is-layout-flex\">\n<figure class=\"wp-block-image size-large\"><a href=\"https:\/\/www.linkedin.com\/in\/stefanpreusler\/\"><img loading=\"lazy\" decoding=\"async\" width=\"768\" height=\"1024\" data-id=\"480\" src=\"https:\/\/www.leaplytics.de\/wp-content\/uploads\/2020\/11\/stefan-v2-2-768x1024.jpeg\" alt=\"\" class=\"wp-image-480\" srcset=\"https:\/\/www.leaplytics.de\/wp-content\/uploads\/2020\/11\/stefan-v2-2-768x1024.jpeg 768w, https:\/\/www.leaplytics.de\/wp-content\/uploads\/2020\/11\/stefan-v2-2-scaled-600x800.jpeg 600w, https:\/\/www.leaplytics.de\/wp-content\/uploads\/2020\/11\/stefan-v2-2-225x300.jpeg 225w, https:\/\/www.leaplytics.de\/wp-content\/uploads\/2020\/11\/stefan-v2-2-1152x1536.jpeg 1152w, https:\/\/www.leaplytics.de\/wp-content\/uploads\/2020\/11\/stefan-v2-2-1536x2048.jpeg 1536w, https:\/\/www.leaplytics.de\/wp-content\/uploads\/2020\/11\/stefan-v2-2-45x60.jpeg 45w, https:\/\/www.leaplytics.de\/wp-content\/uploads\/2020\/11\/stefan-v2-2-scaled.jpeg 1920w\" sizes=\"auto, (max-width: 768px) 100vw, 768px\" \/><\/a><figcaption class=\"wp-element-caption\">Stefan Preusler<\/figcaption><\/figure>\n\n\n\n<figure class=\"wp-block-image size-large\"><a href=\"https:\/\/www.linkedin.com\/in\/dominik-galsheimer-3233461b9\/\"><img loading=\"lazy\" decoding=\"async\" width=\"851\" height=\"1024\" data-id=\"488\" src=\"https:\/\/www.leaplytics.de\/wp-content\/uploads\/2020\/11\/Dominik_About-scaled-e1604523139831-851x1024.jpg\" alt=\"\" class=\"wp-image-488\" srcset=\"https:\/\/www.leaplytics.de\/wp-content\/uploads\/2020\/11\/Dominik_About-scaled-e1604523139831-851x1024.jpg 851w, https:\/\/www.leaplytics.de\/wp-content\/uploads\/2020\/11\/Dominik_About-scaled-e1604523139831-600x722.jpg 600w, https:\/\/www.leaplytics.de\/wp-content\/uploads\/2020\/11\/Dominik_About-scaled-e1604523139831-249x300.jpg 249w, https:\/\/www.leaplytics.de\/wp-content\/uploads\/2020\/11\/Dominik_About-scaled-e1604523139831-768x924.jpg 768w, https:\/\/www.leaplytics.de\/wp-content\/uploads\/2020\/11\/Dominik_About-scaled-e1604523139831-1277x1536.jpg 1277w, https:\/\/www.leaplytics.de\/wp-content\/uploads\/2020\/11\/Dominik_About-scaled-e1604523139831-1702x2048.jpg 1702w, https:\/\/www.leaplytics.de\/wp-content\/uploads\/2020\/11\/Dominik_About-scaled-e1604523139831-50x60.jpg 50w, https:\/\/www.leaplytics.de\/wp-content\/uploads\/2020\/11\/Dominik_About-scaled-e1604523139831.jpg 1920w\" sizes=\"auto, (max-width: 851px) 100vw, 851px\" \/><\/a><figcaption class=\"wp-element-caption\">Dominik Galsheimer<\/figcaption><\/figure>\n<\/figure>","protected":false},"excerpt":{"rendered":"<p>LeapLytics edustaa tuoreita ja innovatiivisia raportointiratkaisuja, jotka soveltuvat eri integraatiotasoille.<\/p>","protected":false},"author":1,"featured_media":3395,"parent":0,"menu_order":0,"comment_status":"closed","ping_status":"closed","template":"","meta":{"footnotes":""},"class_list":["post-23","page","type-page","status-publish","has-post-thumbnail","hentry","latest_post"],"_links":{"self":[{"href":"https:\/\/www.leaplytics.de\/fi\/wp-json\/wp\/v2\/pages\/23","targetHints":{"allow":["GET"]}}],"collection":[{"href":"https:\/\/www.leaplytics.de\/fi\/wp-json\/wp\/v2\/pages"}],"about":[{"href":"https:\/\/www.leaplytics.de\/fi\/wp-json\/wp\/v2\/types\/page"}],"author":[{"embeddable":true,"href":"https:\/\/www.leaplytics.de\/fi\/wp-json\/wp\/v2\/users\/1"}],"replies":[{"embeddable":true,"href":"https:\/\/www.leaplytics.de\/fi\/wp-json\/wp\/v2\/comments?post=23"}],"version-history":[{"count":15,"href":"https:\/\/www.leaplytics.de\/fi\/wp-json\/wp\/v2\/pages\/23\/revisions"}],"predecessor-version":[{"id":13709,"href":"https:\/\/www.leaplytics.de\/fi\/wp-json\/wp\/v2\/pages\/23\/revisions\/13709"}],"wp:featuredmedia":[{"embeddable":true,"href":"https:\/\/www.leaplytics.de\/fi\/wp-json\/wp\/v2\/media\/3395"}],"wp:attachment":[{"href":"https:\/\/www.leaplytics.de\/fi\/wp-json\/wp\/v2\/media?parent=23"}],"curies":[{"name":"wp","href":"https:\/\/api.w.org\/{rel}","templated":true}]}}