{"id":2301,"date":"2021-09-10T23:49:33","date_gmt":"2021-09-10T21:49:33","guid":{"rendered":"https:\/\/www.leaplytics.de\/?page_id=2301"},"modified":"2022-05-08T00:34:51","modified_gmt":"2022-05-07T22:34:51","slug":"projektinhallinta-mukautetut-visualisoinnit-microsoft-powerbi","status":"publish","type":"page","link":"https:\/\/www.leaplytics.de\/fi\/etusivu\/projektinhallinta-mukautetut-visualisoinnit-microsoft-powerbi\/","title":{"rendered":"Projektinhallinnan mukautetut visualisoinnit Microsoft Power BI:lle"},"content":{"rendered":"<p><strong>Tehokas ja liiketoimintaan liittyv\u00e4<\/strong> on LeapLyticsin tavaramerkki ja ratkaisujemme lis\u00e4arvo.<\/p>\n<p>Microsoft Power BI:n mukautetut projektinhallintavisuaalit ovat Microsoftin virallisesti hyv\u00e4ksymi\u00e4 ja sis\u00e4lt\u00e4v\u00e4t yksil\u00f6lliset ratkaisusi. K\u00e4yt\u00e4 erilaisia mahdollisuuksia kojelautasi parantamiseen ja ideoiden toteuttamiseen. Laajennukset noudattavat selke\u00e4\u00e4 rakennetta, ja ne on rakennettu k\u00e4ytt\u00e4j\u00e4l\u00e4ht\u00f6isesti, jotta ne olisivat mahdollisimman intuitiivisia luopumatta t\u00e4rke\u00e4st\u00e4 toiminnallisuudesta.<\/p>\n<p>Sen vuoksi kattava dokumentaatio, jossa on yksityiskohtainen kuvaus mahdollisista k\u00e4ytt\u00f6tapauksista, nopeuttaa k\u00e4ytt\u00f6\u00e4 ja k\u00e4ytt\u00f6\u00f6nottoa.<\/p>\n<p>Katso alla olevat kuvat ja tutustu toiminnallisuuteen klikkaamalla kuvia.<\/p>\n<p>\u00a0<\/p>\n\n\n<div class=\"wp-block-media-text alignwide is-stacked-on-mobile\" style=\"grid-template-columns:43% auto\"><figure class=\"wp-block-media-text__media\"><a href=\"https:\/\/www.leaplytics.de\/fi\/etusivu\/project-management-visuals-ms-powerbi\/liikennevalo-naytot-power-bille\/\"><img loading=\"lazy\" decoding=\"async\" width=\"287\" height=\"300\" src=\"https:\/\/www.leaplytics.de\/wp-content\/uploads\/2021\/11\/TrafficLight300pixel.png\" alt=\"\" class=\"wp-image-2361 size-full\" srcset=\"https:\/\/www.leaplytics.de\/wp-content\/uploads\/2021\/11\/TrafficLight300pixel.png 287w, https:\/\/www.leaplytics.de\/wp-content\/uploads\/2021\/11\/TrafficLight300pixel-57x60.png 57w\" sizes=\"auto, (max-width: 287px) 100vw, 287px\" \/><\/a><\/figure><div class=\"wp-block-media-text__content\">\n<p class=\"has-large-font-size\">Liikennevalo Custom Visual<\/p>\n<\/div><\/div>\n\n\n\n<p><\/p>","protected":false},"excerpt":{"rendered":"<p>LeapLyticsin tavaramerkki ja ratkaisujemme lis\u00e4arvo on tehokas ja liiketoimintaan liittyv\u00e4.\u00a0<\/p>","protected":false},"author":1,"featured_media":0,"parent":111,"menu_order":0,"comment_status":"closed","ping_status":"closed","template":"","meta":{"footnotes":""},"class_list":["post-2301","page","type-page","status-publish","hentry","latest_post"],"_links":{"self":[{"href":"https:\/\/www.leaplytics.de\/fi\/wp-json\/wp\/v2\/pages\/2301","targetHints":{"allow":["GET"]}}],"collection":[{"href":"https:\/\/www.leaplytics.de\/fi\/wp-json\/wp\/v2\/pages"}],"about":[{"href":"https:\/\/www.leaplytics.de\/fi\/wp-json\/wp\/v2\/types\/page"}],"author":[{"embeddable":true,"href":"https:\/\/www.leaplytics.de\/fi\/wp-json\/wp\/v2\/users\/1"}],"replies":[{"embeddable":true,"href":"https:\/\/www.leaplytics.de\/fi\/wp-json\/wp\/v2\/comments?post=2301"}],"version-history":[{"count":0,"href":"https:\/\/www.leaplytics.de\/fi\/wp-json\/wp\/v2\/pages\/2301\/revisions"}],"up":[{"embeddable":true,"href":"https:\/\/www.leaplytics.de\/fi\/wp-json\/wp\/v2\/pages\/111"}],"wp:attachment":[{"href":"https:\/\/www.leaplytics.de\/fi\/wp-json\/wp\/v2\/media?parent=2301"}],"curies":[{"name":"wp","href":"https:\/\/api.w.org\/{rel}","templated":true}]}}