{"id":699,"date":"2020-12-07T20:33:50","date_gmt":"2020-12-07T19:33:50","guid":{"rendered":"https:\/\/www.leaplytics.de\/?page_id=699"},"modified":"2024-11-04T10:02:48","modified_gmt":"2024-11-04T09:02:48","slug":"riskimatriisin-laajennus-qliksensea-varten","status":"publish","type":"page","link":"https:\/\/www.leaplytics.de\/fi\/etusivu\/qlik-sense-laajennukset\/riskimatriisin-laajennus-qliksensea-varten\/","title":{"rendered":"Riskimatriisin laajennus Qlik Senseen"},"content":{"rendered":"<p>Saat ter\u00e4v\u00e4n visuaalisen n\u00e4kym\u00e4n riskiprofiileistasi Risk Matrix \/ Heatmap for Qlik Sense -ohjelmalla! T\u00e4m\u00e4 laajennus on rakennettu visualisoimaan profiileja, joita mitataan kahden KPI:n ja eri kategorioiden matriisina. Se pystyy visualisoimaan useita indikaattoreita kentt\u00e4\u00e4 kohden. Voit valita vapaasti ja dynaamisesti kaikki ilmaisut 3\u00d73- ja 5\u00d75-matriisin v\u00e4lill\u00e4. Erilaiset asetukset, kuten mukautetut v\u00e4rit, joustavat rajaus- ja tekstiasetukset, mukauttavat t\u00e4m\u00e4n laajennuksen raportointitarpeisiisi.<\/p>\n\n\n\n<div style=\"height:10px\" aria-hidden=\"true\" class=\"wp-block-spacer\"><\/div>\n\n\n<div class=\"wp-block-image\">\n<figure class=\"aligncenter size-large\"><img loading=\"lazy\" decoding=\"async\" width=\"1024\" height=\"576\" src=\"https:\/\/www.leaplytics.de\/wp-content\/uploads\/2022\/04\/First_Slice_Risk_Map_QlikSense_stone-1024x576.png\" alt=\"\" class=\"wp-image-6471\" srcset=\"https:\/\/www.leaplytics.de\/wp-content\/uploads\/2022\/04\/First_Slice_Risk_Map_QlikSense_stone-1024x576.png 1024w, https:\/\/www.leaplytics.de\/wp-content\/uploads\/2022\/04\/First_Slice_Risk_Map_QlikSense_stone-300x169.png 300w, https:\/\/www.leaplytics.de\/wp-content\/uploads\/2022\/04\/First_Slice_Risk_Map_QlikSense_stone-768x432.png 768w, https:\/\/www.leaplytics.de\/wp-content\/uploads\/2022\/04\/First_Slice_Risk_Map_QlikSense_stone-107x60.png 107w, https:\/\/www.leaplytics.de\/wp-content\/uploads\/2022\/04\/First_Slice_Risk_Map_QlikSense_stone.png 1140w\" sizes=\"auto, (max-width: 1024px) 100vw, 1024px\" \/><\/figure><\/div>\n\n\n<div style=\"height:100px\" aria-hidden=\"true\" class=\"wp-block-spacer\"><\/div>\n\n\n\n<h3 class=\"wp-block-heading has-text-align-center\">Hanki se nyt!<\/h3>\n\n\n\n<div style=\"height:50px\" aria-hidden=\"true\" class=\"wp-block-spacer\"><\/div>\n\n\n\n<div class=\"wp-block-columns alignwide is-layout-flex wp-container-core-columns-is-layout-1 wp-block-columns-is-layout-flex\">\n<div class=\"wp-block-column has-text-color has-background has-link-color wp-elements-dfea0d1df7d7210c16180380cb297c35 is-layout-flow wp-block-column-is-layout-flow\" style=\"color:#000000;background-color:#eeeeee;padding-top:2em;padding-right:2em;padding-bottom:2em;padding-left:2em\">\n<h2 class=\"wp-block-heading\" id=\"single\" style=\"font-size:40px\"><strong>ILMAINEN versio<\/strong><\/h2>\n\n\n\n<div style=\"height:10px\" aria-hidden=\"true\" class=\"wp-block-spacer\"><\/div>\n\n\n\n<p class=\"has-normal-font-size\" style=\"line-height:1.5\">LeapLytics - Riskimatriisin ILMAINEN versio on k\u00e4ytett\u00e4viss\u00e4 ilmaiseksi nelj\u00e4n viikon ajan mill\u00e4 tahansa palvelimella ja miss\u00e4 tahansa yrityksess\u00e4. Testaa nyt, vastaako ratkaisumme tarpeitasi.<\/p>\n\n\n\n<div style=\"height:10px\" aria-hidden=\"true\" class=\"wp-block-spacer\"><\/div>\n\n\n\n<hr class=\"wp-block-separator has-text-color has-css-opacity has-background is-style-wide\" style=\"background-color:#000000;color:#000000\"\/>\n\n\n\n<div style=\"height:10px\" aria-hidden=\"true\" class=\"wp-block-spacer\"><\/div>\n\n\n\n<p><i class=\"fas fa-check\"><\/i> Vesileima poistettu<\/p>\n\n\n\n<p><i class=\"fas fa-check\"><\/i> Yksitt\u00e4isen ruudukon koko<\/p>\n\n\n\n<p><i class=\"fas fa-check\"><\/i> K\u00e4ytt\u00e4j\u00e4n m\u00e4\u00e4rittelem\u00e4 v\u00e4rimaailma<\/p>\n\n\n\n<p><i class=\"fas fa-check\"><\/i> V\u00e4ri Invertteri<\/p>\n\n\n\n<p><i class=\"fas fa-check\"><\/i> Raja-asetukset<\/p>\n\n\n\n<p><i class=\"fas fa-check\"><\/i> Akselin asetukset<\/p>\n\n\n\n<p><i class=\"fas fa-check\"><\/i> Ilmaisinasetukset<\/p>\n\n\n\n<p><i class=\"fas fa-check\"><\/i> Tekstiasetukset<\/p>\n\n\n\n<p><i class=\"fas fa-check\"><\/i> V\u00e4riasetukset<\/p>\n\n\n\n<p><i class=\"fas fa-check\"><\/i> Navigointi &amp; toiminnot<\/p>\n\n\n\n<p><i class=\"fas fa-check\"><\/i> Tulostettava*<\/p>\n\n\n\n<div class=\"wp-block-buttons alignfull is-horizontal is-content-justification-center is-layout-flex wp-container-core-buttons-is-layout-1 wp-block-buttons-is-layout-flex\">\n<div class=\"wp-block-button\"><a class=\"wp-block-button__link has-white-color has-text-color wp-element-button\" href=\"https:\/\/developer.qlik.com\/garden\/5fd6531adae7960011eb30ec\" target=\"_blank\" rel=\"noreferrer noopener\">Hanki ilmainen versio<\/a><\/div>\n<\/div>\n<\/div>\n\n\n\n<div class=\"wp-block-column has-text-color has-background has-link-color wp-elements-6ae2b82b5852519cfb4d42d032a83f17 is-layout-flow wp-block-column-is-layout-flow\" style=\"color:#000000;background-color:#98bd00;padding-top:2em;padding-right:2em;padding-bottom:2em;padding-left:2em\">\n<h2 class=\"wp-block-heading\" id=\"family\" style=\"font-size:40px\"><strong>PRO-versio<\/strong><\/h2>\n\n\n\n<div style=\"height:10px\" aria-hidden=\"true\" class=\"wp-block-spacer\"><\/div>\n\n\n\n<p class=\"has-normal-font-size\" style=\"line-height:1.5\">LeapLytics - Riskimatriisin PRO-versio vapauttaa t\u00e4m\u00e4n visuaalisen esityksen t\u00e4yden tehon. Yksi lisenssi palvelinta ja yrityst\u00e4 kohti - yksi hinta vuodessa.<\/p>\n\n\n\n<div style=\"height:10px\" aria-hidden=\"true\" class=\"wp-block-spacer\"><\/div>\n\n\n\n<hr class=\"wp-block-separator has-text-color has-black-color has-css-opacity has-black-background-color has-background is-style-wide\"\/>\n\n\n\n<div style=\"height:10px\" aria-hidden=\"true\" class=\"wp-block-spacer\"><\/div>\n\n\n\n<p><i class=\"fas fa-check\"><\/i>  Vesileima poistettu<\/p>\n\n\n\n<p><i class=\"fas fa-check\"><\/i>  Yksitt\u00e4isen ruudukon koko<\/p>\n\n\n\n<p><i class=\"fas fa-check\"><\/i>  K\u00e4ytt\u00e4j\u00e4n m\u00e4\u00e4rittelem\u00e4 v\u00e4rimaailma<\/p>\n\n\n\n<p><i class=\"fas fa-check\"><\/i>  V\u00e4ri Invertteri<\/p>\n\n\n\n<p><i class=\"fas fa-check\"><\/i>  Raja-asetukset<\/p>\n\n\n\n<p><i class=\"fas fa-check\"><\/i>  Akselin asetukset<\/p>\n\n\n\n<p><i class=\"fas fa-check\"><\/i>  Ilmaisinasetukset<\/p>\n\n\n\n<p><i class=\"fas fa-check\"><\/i>  Tekstiasetukset<\/p>\n\n\n\n<p><i class=\"fas fa-check\"><\/i>  V\u00e4riasetukset<\/p>\n\n\n\n<p><i class=\"fas fa-check\"><\/i>  Navigointi &amp; toiminnot<\/p>\n\n\n\n<p><i class=\"fas fa-check\"><\/i>  Tulostettava*<\/p>\n\n\n\n<div class=\"wp-block-buttons alignfull is-horizontal is-content-justification-center is-layout-flex wp-container-core-buttons-is-layout-2 wp-block-buttons-is-layout-flex\">\n<div class=\"wp-block-button\"><a class=\"wp-block-button__link has-white-color has-text-color wp-element-button\" href=\"https:\/\/shop.leaplytics.de\/product\/power-bi-risk-heatmap\/\">Hanki PRO-versio<\/a><\/div>\n<\/div>\n<\/div>\n<\/div>\n\n\n\n<p>* katso <a href=\"https:\/\/community.qlik.com\/t5\/Knowledge\/Qlik-Sense-Enterprise-SaaS-Third-party-extensions-cannot-be\/ta-p\/1755264\">QlikSensen rajoitukset <\/a><\/p>\n\n\n\n<div style=\"height:100px\" aria-hidden=\"true\" class=\"wp-block-spacer\"><\/div>\n\n\n\n<h3 class=\"wp-block-heading has-text-align-center\">Dokumentaatio<\/h3>\n\n\n\n<div style=\"height:50px\" aria-hidden=\"true\" class=\"wp-block-spacer\"><\/div>\n\n\n<div class=\"_df_book df-lite\" id=\"df_726\"  _slug=\"risk-heatmap\" data-title=\"risk-heatmap\" wpoptions=\"true\" thumb=\"https:\/\/www.leaplytics.de\/wp-content\/uploads\/2020\/12\/Risk-Map-picture.jpg\" thumbtype=\"\" ><\/div><script class=\"df-shortcode-script\" nowprocket type=\"application\/javascript\">window.option_df_726 = {\"outline\":[],\"autoEnableOutline\":\"false\",\"autoEnableThumbnail\":\"false\",\"overwritePDFOutline\":\"false\",\"backgroundImage\":\"https:\\\/\\\/www.leaplytics.de\\\/wp-content\\\/uploads\\\/2020\\\/10\\\/mathew-schwartz-sb7RUrRMaC4-unsplash-scaled.jpg\",\"direction\":\"1\",\"pageSize\":\"0\",\"source\":\"https:\\\/\\\/www.leaplytics.de\\\/wp-content\\\/uploads\\\/2022\\\/02\\\/Risk-Heatmap-Qlik-Sense-User-Documentation_Pro_1.4.0.0.pdf\",\"wpOptions\":\"true\"}; if(window.DFLIP && window.DFLIP.parseBooks){window.DFLIP.parseBooks();}<\/script>\n\n\n\n<div style=\"height:50px\" aria-hidden=\"true\" class=\"wp-block-spacer\"><\/div>\n\n\n\n<div class=\"wp-block-buttons is-content-justification-center is-layout-flex wp-container-core-buttons-is-layout-3 wp-block-buttons-is-layout-flex\">\n<div class=\"wp-block-button\"><a class=\"wp-block-button__link wp-element-button\" href=\"https:\/\/www.leaplytics.de\/wp-content\/uploads\/2022\/02\/Risk-Heatmap-Qlik-Sense-User-Documentation_Pro_1.4.0.0.pdf\" target=\"_blank\" rel=\"noreferrer noopener\">Lataa dokumentaatio<\/a><\/div>\n<\/div>\n\n\n\n<div style=\"height:50px\" aria-hidden=\"true\" class=\"wp-block-spacer\"><\/div>\n\n\n\n<p>Tilaa t\u00e4st\u00e4 saadaksesi yksinoikeudella p\u00e4ivityksi\u00e4 ja julkaisuja: <a href=\"https:\/\/www.leaplytics.de\/fi\/subscribe_product\/\">Tilaus<\/a><\/p>\n\n\n\n<hr class=\"wp-block-separator has-css-opacity is-style-default\"\/>\n\n\n\n<h2 class=\"wp-block-heading\" id=\"introduction-risk-heatmap-extension-for-qlik-sense\">Johdanto Riskimatriisilaajennus Qlik Senseen<\/h2>\n\n\n\n<p>Saat ter\u00e4v\u00e4n visuaalisen n\u00e4kym\u00e4n riskiprofiileistasi Risk Matrix for Qlik Sense -ohjelmalla! Laajennus on rakennettu visualisoimaan profiileja, joita mitataan kahden KPI:n ja eri kategorioiden matriisina. Se pystyy visualisoimaan useita indikaattoreita kentt\u00e4\u00e4 kohden. Voit valita vapaasti ja dynaamisesti kaikki ilmaisut 3\u00d73- ja 5\u00d75-matriisin v\u00e4lill\u00e4. Erilaiset asetukset, kuten mukautetut v\u00e4rit, joustavat rajaus- ja tekstiasetukset, mukauttavat t\u00e4m\u00e4n laajennuksen raportointitarpeisiisi.<\/p>\n\n\n<div class=\"wp-block-image is-style-default\">\n<figure class=\"alignright size-full\"><img loading=\"lazy\" decoding=\"async\" width=\"912\" height=\"775\" src=\"https:\/\/www.leaplytics.de\/wp-content\/uploads\/2022\/02\/settings.gif\" alt=\"Riskien l\u00e4mp\u00f6kartta Qlik Sense\u00e4 varten\" class=\"wp-image-3060\"\/><figcaption class=\"wp-element-caption\">Laaja valikoima asetusvaihtoehtoja<\/figcaption><\/figure><\/div>\n\n\n<p>T\u00e4t\u00e4 laajennusta voidaan k\u00e4ytt\u00e4\u00e4 my\u00f6s kaikenlaisten fyysisten toimenpiteiden, laatuindikaattoreiden ja yleens\u00e4kin eroavuuksien seurantaan ja raja-arvojen ilmoittamiseen. T\u00e4m\u00e4n ansiosta sit\u00e4 voidaan soveltaa useisiin erilaisiin k\u00e4ytt\u00f6tapauksiin, joita esiintyy eri yrityksiss\u00e4. Seuraavassa luettelossa esitet\u00e4\u00e4n valikoima mahdollisia k\u00e4ytt\u00f6tapausmalleja, jotka on jo toteutettu:<\/p>\n\n\n\n<p><strong>Projektinhallinta<\/strong>: Visualisoi projektin, ohjelman tai salkun riski- ja tilaisuusprofiilit.<\/p>\n\n\n\n<p><strong>IT<\/strong>: Ilmoittaa sovellukset, joiden tila on vihre\u00e4, keltainen tai punainen (suorituskyky, terveys).<\/p>\n\n\n\n<hr class=\"wp-block-separator has-css-opacity\"\/>\n\n\n\n<h3 class=\"wp-block-heading\" id=\"getting-started-with-our-risk-heatmap-for-qlik-sense\">Aloittaminen Qlik Sensen riskimatriisin kanssa<\/h3>\n\n\n<p>Avaa <a href=\"https:\/\/www.qlik.com\/de-de\/products\/qlik-sense\" target=\"_blank\" rel=\"noopener\">Qlik Sense<\/a> ja kyseinen sovellus, jossa haluat k\u00e4ytt\u00e4\u00e4 \"Riskimatriisi\"-laajennusta. Avaa laskentataulukko muokkaustilassa ja l\u00f6yd\u00e4t laajennuksen \"Mukautetut kohteet\" -osiosta. Ved\u00e4 ja pudota laajennus mihin tahansa alueeseen kojelaudallasi (<em>Voit muuttaa laajennuksen ulkoasua my\u00f6hemmin lis\u00e4asetuksissa).<\/em><\/p>\n\n<div class=\"wp-block-image\">\n<figure class=\"alignright size-full\"><img decoding=\"async\" src=\"https:\/\/www.leaplytics.de\/wp-content\/uploads\/2022\/02\/drag-drop.gif\" alt=\"Risk Heatmap Qlik Sensen alkuasetukset ja konfigurointi\" class=\"wp-image-3060\"\/><figcaption class=\"wp-element-caption\">Laaja valikoima asetusvaihtoehtoja<\/figcaption><\/figure><\/div>\n\n<p>Kun olet sijoittanut laajennuksen instanssin kojelautaasi, seuraava ominaisuuksien paneeli ilmestyy oikealle puolelle. Ominaisuudet-paneeli on jaettu seuraaviin osioihin:\u00a0 \u00a0 \u00a0 \u00a0 \u00a0 \u00a0 \u00a0 \u00a0 \u00a0 \u00a0 \u00a0 \u00a0 \u00a0 \u00a0 \u00a0 \u00a0 \u00a0 \u00a0 \u00a0 \u00a0 \u00a0 \u00a0 \u00a0 \u00a0 \u00a0 \u00a0 \u00a0 \u00a0 \u00a0 \u00a0 \u00a0 \u00a0 \u00a0 \u00a0 \u00a0 \u00a0 \u00a0 \u00a0 \u00a0 \u00a0 \u00a0 \u00a0 \u00a0 \u00a0 \u00a0 \u00a0 \u00a0\u00a0<\/p>\n<ul>\n<li>Toimenpiteet<\/li>\n<li>Mitat<\/li>\n<li>Alueet (yleinen matriisiasettelu)<\/li>\n<li>Ruutuasetukset (kaikki matriisin sis\u00e4ll\u00e4)<\/li>\n<li>Akseliasetukset (kaikki matriisin ymp\u00e4rill\u00e4)<\/li>\n<li>Indikaattoriasetukset (kaikki matriisin sis\u00e4lt\u00f6\u00f6n liittyv\u00e4)<\/li>\n<li>Tietoja \u00a0\u00a0\u00a0\u00a0\u00a0\u00a0\u00a0\u00a0\u00a0\u00a0\u00a0\u00a0\u00a0\u00a0 \u00a0\u00a0\u00a0\u00a0\u00a0\u00a0\u00a0\u00a0\u00a0\u00a0\u00a0\u00a0\u00a0\u00a0\u00a0\u00a0\u00a0\u00a0\u00a0\u00a0\u00a0\u00a0\u00a0\u00a0\u00a0\u00a0\u00a0\u00a0\u00a0<\/li>\n<\/ul>\n<p>Seuraavassa opit k\u00e4ytt\u00e4m\u00e4\u00e4n LeapLyticsin \"Riskimatriisi\"-laajennusta ja muokkaamaan sen tarpeisiisi k\u00e4ytt\u00e4m\u00e4ll\u00e4 ominaisuuksia oikein.\u00a0 \u00a0<\/p>\n\n\n<hr class=\"wp-block-separator has-css-opacity\"\/>\n\n\n\n<h3 class=\"wp-block-heading\" id=\"measures\">Toimenpiteet<\/h3>\n\n\n<div class=\"wp-block-image\">\n<figure class=\"alignright size-large is-resized\"><img loading=\"lazy\" decoding=\"async\" width=\"245\" height=\"329\" src=\"https:\/\/www.leaplytics.de\/wp-content\/uploads\/2020\/11\/measures.png\" alt=\"Risk Heatmap Qlik Sense -toimenpiteen kuvaus\" class=\"wp-image-512\" style=\"width:236px;height:317px\" srcset=\"https:\/\/www.leaplytics.de\/wp-content\/uploads\/2020\/11\/measures.png 245w, https:\/\/www.leaplytics.de\/wp-content\/uploads\/2020\/11\/measures-223x300.png 223w, https:\/\/www.leaplytics.de\/wp-content\/uploads\/2020\/11\/measures-45x60.png 45w\" sizes=\"auto, (max-width: 245px) 100vw, 245px\" \/><\/figure><\/div>\n\n<p>Toimenpiteess\u00e4 m\u00e4\u00e4ritell\u00e4\u00e4n arvo kahdelle matriisin keskeiselle suorituskykyindikaattorille. Ensimm\u00e4inen KPI m\u00e4\u00e4rittelee X-akselin KPI:n ja toinen KPI m\u00e4\u00e4rittelee Y-akselin KPI:n. Ne voidaan vaihtaa erikseen. Matriisi odottaa arvoja v\u00e4lilt\u00e4 1 ja 5 (5-kentt\u00e4inen matriisi) tai 1 ja 3 (3-kentt\u00e4inen matriisi). My\u00f6s desimaaliluvut ovat mahdollisia, jos ne ovat hy\u00f6dyllisi\u00e4. Arvot voidaan ottaa suoraan tietomallista, jos esij\u00e4rjestelm\u00e4 jo tallentaa ja laskee alueen. Jos tietomalli sis\u00e4lt\u00e4\u00e4 mink\u00e4laisia yksik\u00f6it\u00e4 tahansa, luokat voidaan luoda lomakkeessa erikseen.<\/p>\n<p>Voit lis\u00e4t\u00e4 toimenpiteen n\u00e4in:<\/p>\n<ul>\n<li>Napsauta \"Lis\u00e4\u00e4 toimenpide\" -painiketta ominaisuuksien paneelissa kohdassa \"Toimenpide\" tai napsauttamalla \"Lis\u00e4\u00e4 toimenpide\" -painiketta kojelaudan laajennusikkunassa.<\/li>\n<li>Valitse toimenpide avattavasta luettelosta ja napsauta sit\u00e4.<\/li>\n<li>(Valinnainen): Valitse tarpeisiisi sopiva aggregointi (Summa, Avg, Min, Max jne.) tai m\u00e4\u00e4rit\u00e4 oma kaava.<\/li>\n<\/ul>\n<p>Yksitt\u00e4isi\u00e4 kaavoja k\u00e4ytett\u00e4ess\u00e4 seuraavia esimerkkej\u00e4 voidaan k\u00e4ytt\u00e4\u00e4 ohjeena:<\/p>\n\n\n<figure class=\"wp-block-image size-large\"><img loading=\"lazy\" decoding=\"async\" width=\"744\" height=\"255\" src=\"https:\/\/www.leaplytics.de\/wp-content\/uploads\/2020\/12\/heatmap_use_cases.png\" alt=\"\" class=\"wp-image-749\" srcset=\"https:\/\/www.leaplytics.de\/wp-content\/uploads\/2020\/12\/heatmap_use_cases.png 744w, https:\/\/www.leaplytics.de\/wp-content\/uploads\/2020\/12\/heatmap_use_cases-600x206.png 600w, https:\/\/www.leaplytics.de\/wp-content\/uploads\/2020\/12\/heatmap_use_cases-300x103.png 300w, https:\/\/www.leaplytics.de\/wp-content\/uploads\/2020\/12\/heatmap_use_cases-175x60.png 175w\" sizes=\"auto, (max-width: 744px) 100vw, 744px\" \/><\/figure>\n\n\n\n<hr class=\"wp-block-separator has-css-opacity\"\/>\n\n\n\n<h3 class=\"wp-block-heading\" id=\"dimensions\">Mitat<\/h3>\n\n\n<p>K\u00e4yt\u00e4 ulottuvuutta, jotta indikaattoreille voidaan antaa n\u00e4ytt\u00e4v\u00e4 nimi. T\u00e4m\u00e4 voi olla esimerkiksi tunnus tai lyhyt nimi (1-2 sanaa). Pidempi\u00e4 nimi\u00e4 tai kuvauksia ei suositella, koska itse matriisin tila on rajallinen.<\/p>\n\n\n<hr class=\"wp-block-separator has-css-opacity\"\/>\n\n\n\n<h3 class=\"wp-block-heading\" id=\"advanced-settings\">Lis\u00e4asetukset<\/h3>\n\n\n\n<p>Matriisiasetuksissa voit tehd\u00e4 useita valintoja.<\/p>\n\n\n\n<p><strong>Matriisiasetukset: <\/strong>Ensinn\u00e4kin voit korjata kuvasuhteen. T\u00e4m\u00e4 pit\u00e4\u00e4 visualisoinnin neli\u00f6nmuotoisena. Lis\u00e4ksi voit asettaa x- ja y-suunnan koon erikseen liukus\u00e4\u00e4timell\u00e4. Jos tietosi ovat n\u00e4iden alueiden ulkopuolella, saat visuaalisen vihjeen laajennuksessa! Lis\u00e4ksi voit k\u00e4\u00e4nt\u00e4\u00e4 v\u00e4rit yhdell\u00e4 napsautuksella. Lopuksi voit m\u00e4\u00e4ritt\u00e4\u00e4 reunuksen leveyden tai poistaa sen kokonaan k\u00e4yt\u00f6st\u00e4.<\/p>\n\n\n\n<p><strong>Ruutuasetukset<\/strong>: Ruutuasetusten avulla voit m\u00e4\u00e4ritt\u00e4\u00e4 itse matriisin, esim. reunojen koon tai kokoonpanon. Voit my\u00f6s k\u00e4\u00e4nt\u00e4\u00e4 v\u00e4rikoodauksen niin, ett\u00e4 korkeampi luokka on v\u00e4rilt\u00e4\u00e4n \"vihre\u00e4\" ja alempi luokka muuttuu punaiseksi. Yksityiskohtaisten arvojen taulukko on my\u00f6s mahdollista kytke\u00e4 pois p\u00e4\u00e4lt\u00e4.<\/p>\n\n\n\n<p><strong>Akselin asetukset:<\/strong> Akseliasetusten avulla voit m\u00e4\u00e4ritt\u00e4\u00e4 kehyksen tarpeidesi mukaan. Voit p\u00e4\u00e4tt\u00e4\u00e4, haluatko kytke\u00e4 pois p\u00e4\u00e4lt\u00e4 tekstit, akselin tai korkeus-\/matalamerkinn\u00e4n.<\/p>\n\n\n\n<p><strong>Ilmaisinasetukset:<\/strong> K\u00e4yt\u00e4 indikaattoriasetuksia muuttaaksesi ruudukon indikaattorien kokoa ja ulkoasua.<\/p>\n\n\n<div class=\"wp-block-image\">\n<figure class=\"aligncenter size-full\"><img loading=\"lazy\" decoding=\"async\" width=\"912\" height=\"775\" src=\"https:\/\/www.leaplytics.de\/wp-content\/uploads\/2022\/02\/settings.gif\" alt=\"Erilaiset asetukset riskien l\u00e4mp\u00f6kartalle Qlik Sense -ohjelmassa\" class=\"wp-image-3060\"\/><\/figure><\/div>\n\n\n<hr class=\"wp-block-separator has-css-opacity\"\/>\n\n\n\n<h3 class=\"wp-block-heading\" id=\"navigation-action\">Navigointi &amp; toiminta<\/h3>\n\n\n\n<p>Voit soveltaa laajennukseesi Navigation &amp; Actions -toimintoja, joilla voit navigoida Qlik Sense -arkkeihin, verkkosivustoihin jne. Voit aktivoida \"Toiminnot\" vastaavalla painikkeella. \"Riskimatriisi\" tukee kahta eri navigointityyppi\u00e4:<\/p>\n\n\n\n<ul class=\"wp-block-list\">\n<li><strong>Nappi:<\/strong> Valitse \"Painike\" lis\u00e4t\u00e4ksesi painikkeen liikennevalokuvakkeen alle. Voit nimet\u00e4 painikkeen uudelleen \"Painikkeen teksti\" -kent\u00e4n avulla. Kirjoita URL-osoite verkkosivustolle tai Qlik Sense -arkille, johon haluat siirty\u00e4*. Voit avata URL-osoitteen samassa ikkunassa tai erillisess\u00e4 v\u00e4lilehdess\u00e4 k\u00e4ytt\u00e4m\u00e4ll\u00e4 \"Avaa samassa ikkunassa\" -valintaruutua.<\/li>\n<\/ul>\n\n\n\n<ul class=\"wp-block-list\">\n<li><strong>Esine:<\/strong> Vaihtoehtoisesti voit valita \"Objekti\", jolloin koko objekti on napsautettavissa (<em>\"Button Text\" -kentt\u00e4 on piilotettu<\/em>). Kirjoita sen verkkosivuston tai Qlik Sense -arkin URL-osoite, johon haluat siirty\u00e4*. Voit avata URL-osoitteen samassa ikkunassa tai erillisess\u00e4 v\u00e4lilehdess\u00e4 k\u00e4ytt\u00e4m\u00e4ll\u00e4 \"Avaa samassa ikkunassa\" -valintaruutua.<\/li>\n<\/ul>\n\n\n\n<p>*URL:ien on aina alettava sanoilla \"http:\/\/www.\" tai \"https:\/\/www\".<\/p>\n\n\n<div class=\"wp-block-image\">\n<figure class=\"aligncenter size-large\"><img loading=\"lazy\" decoding=\"async\" width=\"246\" height=\"464\" src=\"https:\/\/www.leaplytics.de\/wp-content\/uploads\/2021\/04\/Milestone_navigation-1.jpg\" alt=\"Riskil\u00e4mp\u00f6kartan navigointi- ja toiminta-asetukset Qlik Sense -palvelussa\" class=\"wp-image-1739\" srcset=\"https:\/\/www.leaplytics.de\/wp-content\/uploads\/2021\/04\/Milestone_navigation-1.jpg 246w, https:\/\/www.leaplytics.de\/wp-content\/uploads\/2021\/04\/Milestone_navigation-1-159x300.jpg 159w, https:\/\/www.leaplytics.de\/wp-content\/uploads\/2021\/04\/Milestone_navigation-1-32x60.jpg 32w\" sizes=\"auto, (max-width: 246px) 100vw, 246px\" \/><\/figure><\/div>\n\n\n<hr class=\"wp-block-separator has-css-opacity\"\/>\n\n\n<h3>Tietoa Qlik Sensen riskimatriisista<\/h3>\n\n\n<\/p>\n<p>T\u00e4m\u00e4n Qlik Sense -laajennuksen on kehitt\u00e4nyt <a href=\"https:\/\/www.leaplytics.de\/fi\/\">LeapLytics<\/a>. Tietoja-osio n\u00e4ytt\u00e4\u00e4 t\u00e4t\u00e4 laajennusta koskevia tietoja.<\/p>\n<p>\n\n\n\n<\/p>\n<p><strong>Versio:<\/strong> N\u00e4ytt\u00e4\u00e4 t\u00e4m\u00e4n laajennuksen asennetun version<\/p>\n<p>\n\n\n\n<\/p>\n<p><strong>Lisenssi voimassa:<\/strong> N\u00e4ytt\u00e4\u00e4 lisenssin p\u00e4\u00e4ttymisp\u00e4iv\u00e4n<\/p>\n<p>\n\n\n\n<\/p>\n<p><strong>Lisenssi voimassa palvelimella:<\/strong> N\u00e4ytt\u00e4\u00e4, mill\u00e4 palvelimen tunnuksella t\u00e4t\u00e4 laajennusta voidaan k\u00e4ytt\u00e4\u00e4.\n\n\n\n<hr class=\"wp-block-separator has-css-opacity\"\/>\n\n\n<h3>Versiohistoria<\/h3>\n\n\n<figure class=\"wp-block-table is-style-stripes\"><table><tbody><tr><td class=\"has-text-align-center\" data-align=\"center\"><strong>Versio<\/strong><\/td><td class=\"has-text-align-center\" data-align=\"center\"><strong>P\u00e4iv\u00e4m\u00e4\u00e4r\u00e4<\/strong><\/td><td class=\"has-text-align-left\" data-align=\"left\"><strong>Sis\u00e4lt\u00f6<\/strong><\/td><\/tr><tr><td class=\"has-text-align-center\" data-align=\"center\">1.4<\/td><td class=\"has-text-align-center\" data-align=\"center\">14.02.2022<\/td><td class=\"has-text-align-left\" data-align=\"left\">Uusi API:n k\u00e4ytt\u00f6<\/td><\/tr><tr><td class=\"has-text-align-center\" data-align=\"center\">1.3<\/td><td class=\"has-text-align-center\" data-align=\"center\">13.12.2021<\/td><td class=\"has-text-align-left\" data-align=\"left\">Riskimatriisin p\u00e4ivitys<\/td><\/tr><tr><td class=\"has-text-align-center\" data-align=\"center\">1.2<\/td><td class=\"has-text-align-center\" data-align=\"center\">26.04.2021<\/td><td class=\"has-text-align-left\" data-align=\"left\">Navigointi ja toiminnot lis\u00e4tty,<br>Yli 9 riskin tuki<br>vieritett\u00e4v\u00e4 indikaattoritaulukko<\/td><\/tr><tr><td class=\"has-text-align-center\" data-align=\"center\">1.1<\/td><td class=\"has-text-align-center\" data-align=\"center\">28.01.2021<\/td><td class=\"has-text-align-left\" data-align=\"left\">Tilaus<br>toiminnallisuus<br>vapauttaa p\u00e4ivityksi\u00e4 &amp;<br>parannetut ominaisuudet paneeli<\/td><\/tr><tr><td class=\"has-text-align-center\" data-align=\"center\">1.0<\/td><td class=\"has-text-align-center\" data-align=\"center\">13.11.2020<\/td><td class=\"has-text-align-left\" data-align=\"left\">Alkuper\u00e4inen versio<\/td><\/tr><\/tbody><\/table><\/figure>\n\n\n\n<hr class=\"wp-block-separator has-css-opacity\"\/>\n\n\n\n<p><\/p>\n\n\n\n<div class=\"wp-block-columns are-vertically-aligned-center is-layout-flex wp-container-core-columns-is-layout-2 wp-block-columns-is-layout-flex\">\n<div class=\"wp-block-column is-vertically-aligned-center is-layout-flow wp-block-column-is-layout-flow\" style=\"flex-basis:100%\">\n<p><\/p>\n<\/div>\n<\/div>\n\n\n\n<p><\/p>","protected":false},"excerpt":{"rendered":"<p>Saat ter\u00e4v\u00e4n visuaalisen n\u00e4kym\u00e4n riskiprofiileistasi QilkSensen Risk Heatmapin avulla! Laajennus on rakennettu visualisoimaan profiileja, joita mitataan kahden KPI:n ja eri kategorioiden matriisina. Se pystyy visualisoimaan useita indikaattoreita (enint\u00e4\u00e4n 4 ilmaisessa versiossa) kentt\u00e4\u00e4 kohden. Erilaiset asetukset, kuten helppo vaihtaminen 3\u00d73- ja 5\u00d75-kentt\u00e4matriisin v\u00e4lill\u00e4, reunus- ja tekstiasetukset, mukauttavat t\u00e4m\u00e4n laajennuksen raportointitarpeisiisi. <\/p>\n<p>T\u00e4t\u00e4 laajennusta voidaan k\u00e4ytt\u00e4\u00e4 my\u00f6s kaikenlaisten fyysisten toimenpiteiden, laatuindikaattoreiden ja yleens\u00e4kin eroavuuksien seurantaan ja raja-arvojen ilmoittamiseen. T\u00e4m\u00e4n ansiosta sit\u00e4 voidaan soveltaa useisiin erilaisiin k\u00e4ytt\u00f6tapauksiin, joita esiintyy eri yrityksiss\u00e4.<\/p>","protected":false},"author":1,"featured_media":0,"parent":227,"menu_order":1,"comment_status":"closed","ping_status":"closed","template":"","meta":{"footnotes":""},"class_list":["post-699","page","type-page","status-publish","hentry","latest_post"],"_links":{"self":[{"href":"https:\/\/www.leaplytics.de\/fi\/wp-json\/wp\/v2\/pages\/699","targetHints":{"allow":["GET"]}}],"collection":[{"href":"https:\/\/www.leaplytics.de\/fi\/wp-json\/wp\/v2\/pages"}],"about":[{"href":"https:\/\/www.leaplytics.de\/fi\/wp-json\/wp\/v2\/types\/page"}],"author":[{"embeddable":true,"href":"https:\/\/www.leaplytics.de\/fi\/wp-json\/wp\/v2\/users\/1"}],"replies":[{"embeddable":true,"href":"https:\/\/www.leaplytics.de\/fi\/wp-json\/wp\/v2\/comments?post=699"}],"version-history":[{"count":5,"href":"https:\/\/www.leaplytics.de\/fi\/wp-json\/wp\/v2\/pages\/699\/revisions"}],"predecessor-version":[{"id":13676,"href":"https:\/\/www.leaplytics.de\/fi\/wp-json\/wp\/v2\/pages\/699\/revisions\/13676"}],"up":[{"embeddable":true,"href":"https:\/\/www.leaplytics.de\/fi\/wp-json\/wp\/v2\/pages\/227"}],"wp:attachment":[{"href":"https:\/\/www.leaplytics.de\/fi\/wp-json\/wp\/v2\/media?parent=699"}],"curies":[{"name":"wp","href":"https:\/\/api.w.org\/{rel}","templated":true}]}}