{"id":799,"date":"2021-01-04T21:52:31","date_gmt":"2021-01-04T20:52:31","guid":{"rendered":"https:\/\/www.leaplytics.de\/?page_id=799"},"modified":"2024-11-04T09:23:33","modified_gmt":"2024-11-04T08:23:33","slug":"projektinhallinnan-kojelauta-qlik-sense","status":"publish","type":"page","link":"https:\/\/www.leaplytics.de\/fi\/etusivu\/projektinhallinnan-kojelauta-qlik-sense\/","title":{"rendered":"Projektinhallinnan kojelauta Qlik Sense"},"content":{"rendered":"<h2 class=\"wp-block-heading\" id=\"dashboard\">Kojelauta<\/h2>\n\n\n\n<p>Projektinhallinnan kojelauta Qlik Sense noudattaa yksinkertaista s\u00e4\u00e4nt\u00f6\u00e4: <strong>n\u00e4ytt\u00e4\u00e4 vastuuhenkil\u00f6ille yhdell\u00e4 silm\u00e4yksell\u00e4 oikeat projektitiedot oikeassa yhdistelm\u00e4ss\u00e4, jotta he voivat tehd\u00e4 oikeita p\u00e4\u00e4t\u00f6ksi\u00e4.<\/strong>. <\/p>\n\n\n\n<p>Projektiymp\u00e4rist\u00f6ss\u00e4 on eri sidosryhmi\u00e4, joilla on erilaiset tietotarpeet ja joilla kaikilla on erilainen yksityiskohtaisuuden taso. Seuraavissa esimerkeiss\u00e4 on esitetty kaksi yleisint\u00e4 vastakohtaa.  <\/p>\n\n\n\n<p><strong>Salkun taso:<\/strong> On olemassa salkunhoitajia, joiden on varmistettava, ett\u00e4 oikeat hankkeet priorisoidaan oikeilla resursseilla. Pullonkaulat on tunnistettava ja hankeputkia on hallinnoitava.<\/p>\n\n\n\n<p><strong>Hankkeen taso: <\/strong>Projektip\u00e4\u00e4llik\u00f6iden on saatava alimmalla tasolla tietoa, jotta kaikki ohjausmuuttujat ovat k\u00e4sill\u00e4. Toisaalta sponsoreiden, arviointilautakunnan j\u00e4senten ja toimitusjohtajien on saatava olennainen osa tiedoista, jotta he voivat tehd\u00e4 oikeita p\u00e4\u00e4t\u00f6ksi\u00e4 hankkeen kokonaisohjauksessa.<\/p>\n\n\n\n<p>LeapLytics Advanced Project Management Reporting varmistaa, ett\u00e4 kaikki raportointivaatimukset ovat mahdollisia riippumatta siit\u00e4, mink\u00e4lainen sidosryhm\u00e4 tai yhdistelytaso on kyseess\u00e4. Integroivan tietoprosessin avulla kaikki tiedot ker\u00e4t\u00e4\u00e4n alimmalla tasolla ja aggregoidaan kaikkien mahdollisten vastaanottajien tarpeisiin.<\/p>\n\n\n\n<p>T\u00e4ss\u00e4 on kaksi esimerkki\u00e4 projektin tilan raportoinnista, joka voidaan toteuttaa LeapLytics Extension Suite for QlikSense -laajennussarjallamme. Dashboardit k\u00e4ytt\u00e4v\u00e4t taustalla olevaa tietomallia, joka noudattaa PMI:n standardis\u00e4\u00e4nt\u00f6j\u00e4 projektinhallintaa varten. N\u00e4in koko yrityksen laajuiset projektit voidaan raportoida yhdenmukaisella, tehokkaalla ja k\u00e4ytt\u00e4j\u00e4yst\u00e4v\u00e4llisell\u00e4 tavalla.<\/p>\n\n\n\n<h2 class=\"wp-block-heading\" id=\"project-status-report-qlik-sense\">Projektin tilanneraportti Qlik Sense<\/h2>\n\n\n\n<p>Projektin perustilanneraportti on yksi esimerkki Qlik Sensen projektinhallinnan kojelaudasta, ja sen avulla k\u00e4ytt\u00e4j\u00e4 voi valita projektin ja raportointip\u00e4iv\u00e4n. H\u00e4n saa kaikki tarvittavat tiedot esitettyn\u00e4 kolmipalsta-asettelussa, jonka otsikossa on asiaankuuluvat p\u00e4\u00e4tiedot. T\u00e4rkeimm\u00e4t ominaisuudet ovat <a href=\"https:\/\/www.leaplytics.de\/fi\/extensions\/traffic-light\/\">Liikennevalo<\/a> ja <a href=\"https:\/\/www.leaplytics.de\/fi\/extensions\/riskin-lampokartta-laajennus-qliksensea-varten\/\">Riskimatriisi<\/a>.<\/p>\n\n\n\n<figure class=\"wp-block-image size-large\"><img loading=\"lazy\" decoding=\"async\" width=\"1024\" height=\"600\" src=\"https:\/\/www.leaplytics.de\/wp-content\/uploads\/2021\/11\/Laptop-with-Dashboard-Page2-1024x600.png\" alt=\"\" class=\"wp-image-2407\" srcset=\"https:\/\/www.leaplytics.de\/wp-content\/uploads\/2021\/11\/Laptop-with-Dashboard-Page2-1024x600.png 1024w, https:\/\/www.leaplytics.de\/wp-content\/uploads\/2021\/11\/Laptop-with-Dashboard-Page2-300x176.png 300w, https:\/\/www.leaplytics.de\/wp-content\/uploads\/2021\/11\/Laptop-with-Dashboard-Page2-768x450.png 768w, https:\/\/www.leaplytics.de\/wp-content\/uploads\/2021\/11\/Laptop-with-Dashboard-Page2-1536x901.png 1536w, https:\/\/www.leaplytics.de\/wp-content\/uploads\/2021\/11\/Laptop-with-Dashboard-Page2-2048x1201.png 2048w, https:\/\/www.leaplytics.de\/wp-content\/uploads\/2021\/11\/Laptop-with-Dashboard-Page2-102x60.png 102w\" sizes=\"auto, (max-width: 1024px) 100vw, 1024px\" \/><figcaption class=\"wp-element-caption\">Projektinhallinnan kojelauta Qlik Sense<\/figcaption><\/figure>\n\n\n\n<p>Hankkeen perustilanneraportin muunnos muuttaa ulkoasun vaakasuoraksi ja lis\u00e4\u00e4 t\u00e4rkeimm\u00e4ksi ominaisuudeksi virstanpylv\u00e4sn\u00e4kym\u00e4n, jonka avulla saat yleiskuvan t\u00e4rkeist\u00e4 virstanpylv\u00e4ist\u00e4 ja niiden tavoitteellisesta saavuttamisesta.<\/p>\n\n\n\n<figure class=\"wp-block-image size-large\"><img loading=\"lazy\" decoding=\"async\" width=\"1024\" height=\"602\" src=\"https:\/\/www.leaplytics.de\/wp-content\/uploads\/2021\/11\/Laptop-with-Dashboard-Page3-1024x602.png\" alt=\"\" class=\"wp-image-2408\" srcset=\"https:\/\/www.leaplytics.de\/wp-content\/uploads\/2021\/11\/Laptop-with-Dashboard-Page3-1024x602.png 1024w, https:\/\/www.leaplytics.de\/wp-content\/uploads\/2021\/11\/Laptop-with-Dashboard-Page3-300x176.png 300w, https:\/\/www.leaplytics.de\/wp-content\/uploads\/2021\/11\/Laptop-with-Dashboard-Page3-768x451.png 768w, https:\/\/www.leaplytics.de\/wp-content\/uploads\/2021\/11\/Laptop-with-Dashboard-Page3-1536x903.png 1536w, https:\/\/www.leaplytics.de\/wp-content\/uploads\/2021\/11\/Laptop-with-Dashboard-Page3-2048x1204.png 2048w, https:\/\/www.leaplytics.de\/wp-content\/uploads\/2021\/11\/Laptop-with-Dashboard-Page3-102x60.png 102w\" sizes=\"auto, (max-width: 1024px) 100vw, 1024px\" \/><figcaption class=\"wp-element-caption\">Projektinhallinnan kojelauta Qlik Sense<\/figcaption><\/figure>\n\n\n\n<p>Laajennustamme voidaan k\u00e4ytt\u00e4\u00e4 my\u00f6s kattavissa Portfolio-Dashboardeissa.<\/p>\n\n\n\n<figure class=\"wp-block-image size-large\"><img loading=\"lazy\" decoding=\"async\" width=\"1024\" height=\"599\" src=\"https:\/\/www.leaplytics.de\/wp-content\/uploads\/2021\/11\/Laptop-with-Dashboard-Page1-1024x599.png\" alt=\"\" class=\"wp-image-2406\" srcset=\"https:\/\/www.leaplytics.de\/wp-content\/uploads\/2021\/11\/Laptop-with-Dashboard-Page1-1024x599.png 1024w, https:\/\/www.leaplytics.de\/wp-content\/uploads\/2021\/11\/Laptop-with-Dashboard-Page1-300x175.png 300w, https:\/\/www.leaplytics.de\/wp-content\/uploads\/2021\/11\/Laptop-with-Dashboard-Page1-768x449.png 768w, https:\/\/www.leaplytics.de\/wp-content\/uploads\/2021\/11\/Laptop-with-Dashboard-Page1-1536x898.png 1536w, https:\/\/www.leaplytics.de\/wp-content\/uploads\/2021\/11\/Laptop-with-Dashboard-Page1-2048x1198.png 2048w, https:\/\/www.leaplytics.de\/wp-content\/uploads\/2021\/11\/Laptop-with-Dashboard-Page1-103x60.png 103w\" sizes=\"auto, (max-width: 1024px) 100vw, 1024px\" \/><figcaption class=\"wp-element-caption\">Projektisalkun kojelauta Qlik Sense<\/figcaption><\/figure>\n\n\n\n<p>Jos olet utelias, mit\u00e4 t\u00e4m\u00e4 tarkoittaisi projektinhallintaymp\u00e4rist\u00f6si kannalta, sovimme mielell\u00e4mme puhelun kanssasi. T\u00e4ss\u00e4 tapauksessa tai jos sinulla on kysytt\u00e4v\u00e4\u00e4 yksityiskohdista, toteutuksesta ja hintatiedoista, kerro meille, niin otamme sinuun yhteytt\u00e4 lyhyell\u00e4 varoitusajalla:<\/p>\n\n\n<div class=\"wpforms-container wpforms-container-full\" id=\"wpforms-10645\"><form id=\"wpforms-form-10645\" class=\"wpforms-validate wpforms-form wpforms-ajax-form\" data-formid=\"10645\" method=\"post\" enctype=\"multipart\/form-data\" action=\"\/fi\/wp-json\/wp\/v2\/pages\/799\" data-token=\"28f3ef07fd5c71083e51fe95017e2f15\" data-token-time=\"1775876127\" data-trp-original-action=\"\/fi\/wp-json\/wp\/v2\/pages\/799\"><noscript class=\"wpforms-error-noscript\">Ota JavaScript k\u00e4ytt\u00f6\u00f6n selaimessasi t\u00e4ytt\u00e4\u00e4ksesi t\u00e4m\u00e4n lomakkeen.<\/noscript><div class=\"wpforms-field-container\"><div id=\"wpforms-10645-field_0-container\" class=\"wpforms-field wpforms-field-name\" data-field-id=\"0\"><label class=\"wpforms-field-label\">Nimi <span class=\"wpforms-required-label\">*<\/span><\/label><div class=\"wpforms-field-row wpforms-field-medium\"><div class=\"wpforms-field-row-block wpforms-first wpforms-one-half\"><input type=\"text\" id=\"wpforms-10645-field_0\" class=\"wpforms-field-name-first wpforms-field-required\" name=\"wpforms[fields][0][first]\" required><label for=\"wpforms-10645-field_0\" class=\"wpforms-field-sublabel after\">Ensimm\u00e4inen<\/label><\/div><div class=\"wpforms-field-row-block wpforms-one-half\"><input type=\"text\" id=\"wpforms-10645-field_0-last\" class=\"wpforms-field-name-last wpforms-field-required\" name=\"wpforms[fields][0][last]\" required><label for=\"wpforms-10645-field_0-last\" class=\"wpforms-field-sublabel after\">Viimeinen<\/label><\/div><\/div><\/div><div id=\"wpforms-10645-field_1-container\" class=\"wpforms-field wpforms-field-email\" data-field-id=\"1\"><label class=\"wpforms-field-label\" for=\"wpforms-10645-field_1\">S\u00e4hk\u00f6posti <span class=\"wpforms-required-label\">*<\/span><\/label><input type=\"email\" id=\"wpforms-10645-field_1\" class=\"wpforms-field-medium wpforms-field-required\" data-rule-restricted-email=\"1\" name=\"wpforms[fields][1]\" spellcheck=\"false\" required><\/div><div id=\"wpforms-10645-field_3-container\" class=\"wpforms-field wpforms-field-text\" data-field-id=\"3\"><label class=\"wpforms-field-label\" for=\"wpforms-10645-field_3\">Yritys <span class=\"wpforms-required-label\">*<\/span><\/label><input type=\"text\" id=\"wpforms-10645-field_3\" class=\"wpforms-field-medium wpforms-field-required\" name=\"wpforms[fields][3]\" required><\/div><div id=\"wpforms-10645-field_2-container\" class=\"wpforms-field wpforms-field-textarea\" data-field-id=\"2\"><label class=\"wpforms-field-label\" for=\"wpforms-10645-field_2\">Kommentti tai viesti<\/label><textarea id=\"wpforms-10645-field_2\" class=\"wpforms-field-medium\" name=\"wpforms[fields][2]\" ><\/textarea><\/div><div id=\"wpforms-10645-field_4-container\" class=\"wpforms-field wpforms-field-gdpr-checkbox\" data-field-id=\"4\"><label class=\"wpforms-field-label\">GDPR-sopimus <span class=\"wpforms-required-label\">*<\/span><\/label><ul id=\"wpforms-10645-field_4\" class=\"wpforms-field-required\"><li class=\"choice-1\"><input type=\"checkbox\" id=\"wpforms-10645-field_4_1\" name=\"wpforms[fields][4][]\" value=\"I consent to having this website store my submitted information so they can respond to my inquiry.\" required><label class=\"wpforms-field-label-inline\" for=\"wpforms-10645-field_4_1\">Annan suostumukseni siihen, ett\u00e4 t\u00e4m\u00e4 verkkosivusto tallentaa l\u00e4hett\u00e4m\u00e4ni tiedot, jotta se voi vastata kyselyyni.<\/label><\/li><\/ul><\/div><\/div><!-- .wpforms-field-container --><div class=\"wpforms-recaptcha-container wpforms-is-recaptcha wpforms-is-recaptcha-type-v3\" ><input type=\"hidden\" name=\"wpforms[recaptcha]\" value=\"\"><\/div><div class=\"wpforms-submit-container\" ><input type=\"hidden\" name=\"wpforms[id]\" value=\"10645\"><input type=\"hidden\" name=\"page_title\" value=\"\"><input type=\"hidden\" name=\"page_url\" value=\"https:\/\/www.leaplytics.de\/fi\/wp-json\/wp\/v2\/pages\/799\"><input type=\"hidden\" name=\"url_referer\" value=\"\"><button type=\"submit\" name=\"wpforms[submit]\" id=\"wpforms-submit-10645\" class=\"wpforms-submit\" data-alt-text=\"Sending...\" data-submit-text=\"Submit\" aria-live=\"assertive\" value=\"wpforms-submit\">L\u00e4het\u00e4<\/button><img loading=\"lazy\" decoding=\"async\" src=\"https:\/\/www.leaplytics.de\/wp-content\/plugins\/wpforms-lite\/assets\/images\/submit-spin.svg\" class=\"wpforms-submit-spinner\" style=\"display: none;\" width=\"26\" height=\"26\" alt=\"Ladataan\"><\/div><input type=\"hidden\" name=\"trp-form-language\" value=\"fi\"\/><\/form><\/div>  <!-- .wpforms-container -->","protected":false},"excerpt":{"rendered":"<p>Dashboard Project Management Dashboard Qlik Sense noudattaa yksinkertaista s\u00e4\u00e4nt\u00f6\u00e4: n\u00e4yt\u00e4 oikeat projektitiedot oikeassa yhdistelm\u00e4ss\u00e4 vastuuhenkil\u00f6ille yhdell\u00e4 silm\u00e4yksell\u00e4, jotta he voivat tehd\u00e4 oikeita p\u00e4\u00e4t\u00f6ksi\u00e4. Projektiymp\u00e4rist\u00f6ss\u00e4 on eri sidosryhmi\u00e4, joilla on erilaiset tietotarpeet ja joilla kullakin on erilainen yksityiskohtaisuuden taso. ... <\/p>","protected":false},"author":1,"featured_media":0,"parent":111,"menu_order":0,"comment_status":"closed","ping_status":"closed","template":"","meta":{"footnotes":""},"class_list":["post-799","page","type-page","status-publish","hentry","latest_post"],"_links":{"self":[{"href":"https:\/\/www.leaplytics.de\/fi\/wp-json\/wp\/v2\/pages\/799","targetHints":{"allow":["GET"]}}],"collection":[{"href":"https:\/\/www.leaplytics.de\/fi\/wp-json\/wp\/v2\/pages"}],"about":[{"href":"https:\/\/www.leaplytics.de\/fi\/wp-json\/wp\/v2\/types\/page"}],"author":[{"embeddable":true,"href":"https:\/\/www.leaplytics.de\/fi\/wp-json\/wp\/v2\/users\/1"}],"replies":[{"embeddable":true,"href":"https:\/\/www.leaplytics.de\/fi\/wp-json\/wp\/v2\/comments?post=799"}],"version-history":[{"count":3,"href":"https:\/\/www.leaplytics.de\/fi\/wp-json\/wp\/v2\/pages\/799\/revisions"}],"predecessor-version":[{"id":13668,"href":"https:\/\/www.leaplytics.de\/fi\/wp-json\/wp\/v2\/pages\/799\/revisions\/13668"}],"up":[{"embeddable":true,"href":"https:\/\/www.leaplytics.de\/fi\/wp-json\/wp\/v2\/pages\/111"}],"wp:attachment":[{"href":"https:\/\/www.leaplytics.de\/fi\/wp-json\/wp\/v2\/media?parent=799"}],"curies":[{"name":"wp","href":"https:\/\/api.w.org\/{rel}","templated":true}]}}