{"id":9141,"date":"2022-07-21T14:51:23","date_gmt":"2022-07-21T12:51:23","guid":{"rendered":"https:\/\/www.leaplytics.de\/?page_id=9141"},"modified":"2022-07-21T14:51:24","modified_gmt":"2022-07-21T12:51:24","slug":"paallekkainen-teksti-riskin-lampokarttamatriisin-teho-bille","status":"publish","type":"page","link":"https:\/\/www.leaplytics.de\/fi\/paallekkainen-teksti-riskin-lampokarttamatriisin-teho-bille\/","title":{"rendered":"P\u00e4\u00e4llekk\u00e4inen teksti"},"content":{"rendered":"<p>Riskien tekstit ovat pitki\u00e4 ja menev\u00e4t visualisoinnissa p\u00e4\u00e4llekk\u00e4in? Olemme ker\u00e4nneet sinulle muutamia ratkaisuja.<\/p>\n\n\n\n<h3 class=\"wp-block-heading\">Merkkien m\u00e4\u00e4r\u00e4n rajoittaminen<\/h3>\n\n\n\n<p>Lis\u00e4ksi on mahdollista rajoittaa ulottuvuuden tai sarakkeen merkkim\u00e4\u00e4r\u00e4\u00e4. N\u00e4in voit m\u00e4\u00e4ritell\u00e4 merkkijonon pituuden yksil\u00f6llisesti niin, ett\u00e4 riski on edelleen luettavissa.<\/p>\n\n\n\n<div class=\"wp-block-columns is-layout-flex wp-container-core-columns-is-layout-1 wp-block-columns-is-layout-flex\">\n<div class=\"wp-block-column is-layout-flow wp-block-column-is-layout-flow\" style=\"flex-basis:66.66%\">\n<figure class=\"wp-block-image size-full\"><img loading=\"lazy\" decoding=\"async\" width=\"604\" height=\"446\" src=\"https:\/\/www.leaplytics.de\/wp-content\/uploads\/2022\/07\/grafik-8.png\" alt=\"\" class=\"wp-image-9159\" srcset=\"https:\/\/www.leaplytics.de\/wp-content\/uploads\/2022\/07\/grafik-8.png 604w, https:\/\/www.leaplytics.de\/wp-content\/uploads\/2022\/07\/grafik-8-300x222.png 300w, https:\/\/www.leaplytics.de\/wp-content\/uploads\/2022\/07\/grafik-8-570x420.png 570w, https:\/\/www.leaplytics.de\/wp-content\/uploads\/2022\/07\/grafik-8-81x60.png 81w\" sizes=\"auto, (max-width: 604px) 100vw, 604px\" \/><\/figure>\n<\/div>\n\n\n\n<div class=\"wp-block-column is-layout-flow wp-block-column-is-layout-flow\" style=\"flex-basis:33.33%\">\n<p>T\u00e4ss\u00e4 olemme rajoittaneet riskin kuvauksen kahdeksaan ensimm\u00e4iseen merkkiin ja lis\u00e4nneet kolme pistett\u00e4 luettavuuden parantamiseksi. Yksityiskohtaisen kuvauksen n\u00e4et edelleen hiiren liikuttamalla sit\u00e4.<\/p>\n<\/div>\n<\/div>\n\n\n\n<div class=\"wp-block-columns is-layout-flex wp-container-core-columns-is-layout-2 wp-block-columns-is-layout-flex\">\n<div class=\"wp-block-column is-layout-flow wp-block-column-is-layout-flow\" style=\"flex-basis:33.33%\">\n<p>T\u00e4t\u00e4 varten napsautamme ensin Power BI:n \"Mallinnus\"-v\u00e4lilehte\u00e4 ja napsautamme sitten \"Uusi sarake\".<\/p>\n\n\n\n<p>DAX-editori avautuu.<\/p>\n<\/div>\n\n\n\n<div class=\"wp-block-column is-layout-flow wp-block-column-is-layout-flow\" style=\"flex-basis:66.66%\">\n<figure class=\"wp-block-image size-full\"><img loading=\"lazy\" decoding=\"async\" width=\"709\" height=\"616\" src=\"https:\/\/www.leaplytics.de\/wp-content\/uploads\/2022\/07\/grafik-9.png\" alt=\"\" class=\"wp-image-9160\" srcset=\"https:\/\/www.leaplytics.de\/wp-content\/uploads\/2022\/07\/grafik-9.png 709w, https:\/\/www.leaplytics.de\/wp-content\/uploads\/2022\/07\/grafik-9-300x261.png 300w, https:\/\/www.leaplytics.de\/wp-content\/uploads\/2022\/07\/grafik-9-69x60.png 69w\" sizes=\"auto, (max-width: 709px) 100vw, 709px\" \/><\/figure>\n<\/div>\n<\/div>\n\n\n\n<p>Esimerkiss\u00e4mme sarake \"Kuvaus pitk\u00e4\" sis\u00e4lt\u00e4\u00e4 tekstin, jonka haluamme lyhent\u00e4\u00e4. Sinun on mukautettava koodi sen kuvauksen mukaisesti. T\u00e4h\u00e4n lis\u00e4t\u00e4\u00e4n nyt seuraava koodi t\u00e4ss\u00e4 esimerkiss\u00e4:<\/p>\n\n\n\n<pre class=\"wp-block-code\"><code>Kuvaus Short = CONCATENATE(LEFT([Kuvaus Long], 8),\"...\")<\/code><\/pre>\n\n\n\n<div class=\"wp-block-columns is-layout-flex wp-container-core-columns-is-layout-3 wp-block-columns-is-layout-flex\">\n<div class=\"wp-block-column is-layout-flow wp-block-column-is-layout-flow\" style=\"flex-basis:66.66%\">\n<figure class=\"wp-block-image size-full\"><img loading=\"lazy\" decoding=\"async\" width=\"634\" height=\"459\" src=\"https:\/\/www.leaplytics.de\/wp-content\/uploads\/2022\/07\/grafik-10.png\" alt=\"\" class=\"wp-image-9161\" srcset=\"https:\/\/www.leaplytics.de\/wp-content\/uploads\/2022\/07\/grafik-10.png 634w, https:\/\/www.leaplytics.de\/wp-content\/uploads\/2022\/07\/grafik-10-300x217.png 300w, https:\/\/www.leaplytics.de\/wp-content\/uploads\/2022\/07\/grafik-10-83x60.png 83w\" sizes=\"auto, (max-width: 634px) 100vw, 634px\" \/><\/figure>\n<\/div>\n\n\n\n<div class=\"wp-block-column is-layout-flow wp-block-column-is-layout-flow\" style=\"flex-basis:33.33%\">\n<p>Sis\u00e4inen funktio LEFT typist\u00e4\u00e4 ulottuvuuden kahdeksaan ensimm\u00e4iseen kirjaimeen alusta alkaen. Funktiolla CONCATENATE yhdistet\u00e4\u00e4n lyhennetty merkkijono ja kolmipisteinen '...'.<\/p>\n<\/div>\n<\/div>\n\n\n\n<div class=\"wp-block-columns is-layout-flex wp-container-core-columns-is-layout-4 wp-block-columns-is-layout-flex\">\n<div class=\"wp-block-column is-layout-flow wp-block-column-is-layout-flow\" style=\"flex-basis:33.33%\">\n<p>K\u00e4yt\u00e4mme nyt saraketta \"Kuvaus lyhyt\" ja osoitamme sen visualisoinnin kentt\u00e4\u00e4n \"Risk ID\".<\/p>\n<\/div>\n\n\n\n<div class=\"wp-block-column is-layout-flow wp-block-column-is-layout-flow\" style=\"flex-basis:66.66%\">\n<figure class=\"wp-block-image size-full\"><img loading=\"lazy\" decoding=\"async\" width=\"560\" height=\"639\" src=\"https:\/\/www.leaplytics.de\/wp-content\/uploads\/2022\/07\/grafik-11.png\" alt=\"\" class=\"wp-image-9162\" srcset=\"https:\/\/www.leaplytics.de\/wp-content\/uploads\/2022\/07\/grafik-11.png 560w, https:\/\/www.leaplytics.de\/wp-content\/uploads\/2022\/07\/grafik-11-263x300.png 263w, https:\/\/www.leaplytics.de\/wp-content\/uploads\/2022\/07\/grafik-11-53x60.png 53w\" sizes=\"auto, (max-width: 560px) 100vw, 560px\" \/><\/figure>\n<\/div>\n<\/div>\n\n\n\n<h3 class=\"wp-block-heading\">J\u00e4rjestelm\u00e4n sis\u00e4isen riskitunnuksen k\u00e4ytt\u00f6<\/h3>\n\n\n\n<div class=\"wp-block-columns is-layout-flex wp-container-core-columns-is-layout-5 wp-block-columns-is-layout-flex\">\n<div class=\"wp-block-column is-layout-flow wp-block-column-is-layout-flow\" style=\"flex-basis:66.66%\">\n<figure class=\"wp-block-image size-full\"><img loading=\"lazy\" decoding=\"async\" width=\"701\" height=\"510\" src=\"https:\/\/www.leaplytics.de\/wp-content\/uploads\/2022\/07\/grafik-1.png\" alt=\"\" class=\"wp-image-9145\" srcset=\"https:\/\/www.leaplytics.de\/wp-content\/uploads\/2022\/07\/grafik-1.png 701w, https:\/\/www.leaplytics.de\/wp-content\/uploads\/2022\/07\/grafik-1-300x218.png 300w, https:\/\/www.leaplytics.de\/wp-content\/uploads\/2022\/07\/grafik-1-82x60.png 82w\" sizes=\"auto, (max-width: 701px) 100vw, 701px\" \/><\/figure>\n<\/div>\n\n\n\n<div class=\"wp-block-column is-layout-flow wp-block-column-is-layout-flow\" style=\"flex-basis:33.33%\">\n<p>Oletetaan, ett\u00e4 olet ladannut riskit \"Risk ID\" -kentt\u00e4\u00e4n. Nyt tekstit ovat p\u00e4\u00e4llekk\u00e4isi\u00e4. Ensimm\u00e4inen mahdollisuus on k\u00e4ytt\u00e4\u00e4 riskin pidemm\u00e4n kuvauksen sijasta j\u00e4rjestelm\u00e4n sis\u00e4ist\u00e4 riskin tunnusta - jos mahdollista. T\u00e4ss\u00e4 on usein v\u00e4hemm\u00e4n merkkej\u00e4.<\/p>\n<\/div>\n<\/div>\n\n\n\n<div class=\"wp-block-columns is-layout-flex wp-container-core-columns-is-layout-6 wp-block-columns-is-layout-flex\">\n<div class=\"wp-block-column is-layout-flow wp-block-column-is-layout-flow\" style=\"flex-basis:33.33%\">\n<p>T\u00e4ss\u00e4 k\u00e4ytet\u00e4\u00e4n pidemm\u00e4n kuvauksen sijasta tunnusta. T\u00e4m\u00e4 v\u00e4hent\u00e4\u00e4 merkkien m\u00e4\u00e4r\u00e4\u00e4 ja tekee siit\u00e4 selke\u00e4mm\u00e4n. Riskin kuvaus voidaan nyt n\u00e4ytt\u00e4\u00e4, kun hiiren kursori vied\u00e4\u00e4n kuplan p\u00e4\u00e4lle.<\/p>\n<\/div>\n\n\n\n<div class=\"wp-block-column is-layout-flow wp-block-column-is-layout-flow\" style=\"flex-basis:66.66%\">\n<figure class=\"wp-block-image size-full\"><img loading=\"lazy\" decoding=\"async\" width=\"684\" height=\"519\" src=\"https:\/\/www.leaplytics.de\/wp-content\/uploads\/2022\/07\/grafik-3.png\" alt=\"\" class=\"wp-image-9147\" srcset=\"https:\/\/www.leaplytics.de\/wp-content\/uploads\/2022\/07\/grafik-3.png 684w, https:\/\/www.leaplytics.de\/wp-content\/uploads\/2022\/07\/grafik-3-300x228.png 300w, https:\/\/www.leaplytics.de\/wp-content\/uploads\/2022\/07\/grafik-3-370x280.png 370w, https:\/\/www.leaplytics.de\/wp-content\/uploads\/2022\/07\/grafik-3-79x60.png 79w\" sizes=\"auto, (max-width: 684px) 100vw, 684px\" \/><\/figure>\n<\/div>\n<\/div>\n\n\n\n<div class=\"wp-block-columns is-layout-flex wp-container-core-columns-is-layout-7 wp-block-columns-is-layout-flex\">\n<div class=\"wp-block-column is-layout-flow wp-block-column-is-layout-flow\" style=\"flex-basis:50%\">\n<figure class=\"wp-block-image size-full\"><img loading=\"lazy\" decoding=\"async\" width=\"562\" height=\"616\" src=\"https:\/\/www.leaplytics.de\/wp-content\/uploads\/2022\/07\/grafik-5.png\" alt=\"\" class=\"wp-image-9154\" srcset=\"https:\/\/www.leaplytics.de\/wp-content\/uploads\/2022\/07\/grafik-5.png 562w, https:\/\/www.leaplytics.de\/wp-content\/uploads\/2022\/07\/grafik-5-274x300.png 274w, https:\/\/www.leaplytics.de\/wp-content\/uploads\/2022\/07\/grafik-5-55x60.png 55w\" sizes=\"auto, (max-width: 562px) 100vw, 562px\" \/><\/figure>\n<\/div>\n\n\n\n<div class=\"wp-block-column is-layout-flow wp-block-column-is-layout-flow\" style=\"flex-basis:33.33%\">\n<p>Tee t\u00e4m\u00e4 siirt\u00e4m\u00e4ll\u00e4 pidemm\u00e4n tekstin sis\u00e4lt\u00e4v\u00e4 sarake tai ulottuvuus kentt\u00e4\u00e4n \"Ty\u00f6kaluvihje (valinnainen)\" ja j\u00e4rjestelm\u00e4n riskin tunniste kentt\u00e4\u00e4n \"Riskin tunnus\".<\/p>\n<\/div>\n<\/div>\n\n\n\n<h3 class=\"wp-block-heading\">Minimoi n\u00e4ytett\u00e4vien riskien m\u00e4\u00e4r\u00e4 laattaa kohden<\/h3>\n\n\n\n<div class=\"wp-block-columns is-layout-flex wp-container-core-columns-is-layout-8 wp-block-columns-is-layout-flex\">\n<div class=\"wp-block-column is-layout-flow wp-block-column-is-layout-flow\" style=\"flex-basis:66.66%\">\n<figure class=\"wp-block-image size-full\"><img loading=\"lazy\" decoding=\"async\" width=\"708\" height=\"512\" src=\"https:\/\/www.leaplytics.de\/wp-content\/uploads\/2022\/07\/grafik-6.png\" alt=\"\" class=\"wp-image-9157\" srcset=\"https:\/\/www.leaplytics.de\/wp-content\/uploads\/2022\/07\/grafik-6.png 708w, https:\/\/www.leaplytics.de\/wp-content\/uploads\/2022\/07\/grafik-6-300x217.png 300w, https:\/\/www.leaplytics.de\/wp-content\/uploads\/2022\/07\/grafik-6-83x60.png 83w\" sizes=\"auto, (max-width: 708px) 100vw, 708px\" \/><\/figure>\n<\/div>\n\n\n\n<div class=\"wp-block-column is-layout-flow wp-block-column-is-layout-flow\" style=\"flex-basis:33.33%\">\n<p>Toinen vaihtoehto olisi minimoida n\u00e4ytett\u00e4vien riskien m\u00e4\u00e4r\u00e4. Toteutimme t\u00e4m\u00e4n alun perin, jotta k\u00e4ytt\u00e4j\u00e4 voi alentaa riskien m\u00e4\u00e4r\u00e4\u00e4 laattaa kohden. Kaikki t\u00e4t\u00e4 suuremmat riskit n\u00e4ytet\u00e4\u00e4n riskien summana, jonka edess\u00e4 on timantti.<\/p>\n<\/div>\n<\/div>\n\n\n\n<div class=\"wp-block-columns is-layout-flex wp-container-core-columns-is-layout-9 wp-block-columns-is-layout-flex\">\n<div class=\"wp-block-column is-layout-flow wp-block-column-is-layout-flow\" style=\"flex-basis:33.33%\">\n<p>T\u00e4ss\u00e4 esimerkiss\u00e4 n\u00e4ytett\u00e4vien riskien lukum\u00e4\u00e4r\u00e4ksi on asetettu arvo 1. Jos laattaan on m\u00e4\u00e4ritetty useampi kuin yksi riski, muodostetaan summa, joka n\u00e4ytet\u00e4\u00e4n.<\/p>\n<\/div>\n\n\n\n<div class=\"wp-block-column is-layout-flow wp-block-column-is-layout-flow\" style=\"flex-basis:66.66%\">\n<figure class=\"wp-block-image size-full\"><img loading=\"lazy\" decoding=\"async\" width=\"559\" height=\"615\" src=\"https:\/\/www.leaplytics.de\/wp-content\/uploads\/2022\/07\/grafik-7.png\" alt=\"\" class=\"wp-image-9158\" srcset=\"https:\/\/www.leaplytics.de\/wp-content\/uploads\/2022\/07\/grafik-7.png 559w, https:\/\/www.leaplytics.de\/wp-content\/uploads\/2022\/07\/grafik-7-273x300.png 273w, https:\/\/www.leaplytics.de\/wp-content\/uploads\/2022\/07\/grafik-7-55x60.png 55w\" sizes=\"auto, (max-width: 559px) 100vw, 559px\" \/><\/figure>\n<\/div>\n<\/div>","protected":false},"excerpt":{"rendered":"<p>The texts of the risks are long and overlap in the visualization? We have collected some solutions for you. Limitation of the number of characters Furthermore, it is possible to limit the number of characters in a dimension or column. This allows you to individually define the length of the string so that the risk &hellip; <\/p>","protected":false},"author":2,"featured_media":0,"parent":0,"menu_order":0,"comment_status":"closed","ping_status":"closed","template":"","meta":{"footnotes":""},"class_list":["post-9141","page","type-page","status-publish","hentry","latest_post"],"_links":{"self":[{"href":"https:\/\/www.leaplytics.de\/fi\/wp-json\/wp\/v2\/pages\/9141","targetHints":{"allow":["GET"]}}],"collection":[{"href":"https:\/\/www.leaplytics.de\/fi\/wp-json\/wp\/v2\/pages"}],"about":[{"href":"https:\/\/www.leaplytics.de\/fi\/wp-json\/wp\/v2\/types\/page"}],"author":[{"embeddable":true,"href":"https:\/\/www.leaplytics.de\/fi\/wp-json\/wp\/v2\/users\/2"}],"replies":[{"embeddable":true,"href":"https:\/\/www.leaplytics.de\/fi\/wp-json\/wp\/v2\/comments?post=9141"}],"version-history":[{"count":0,"href":"https:\/\/www.leaplytics.de\/fi\/wp-json\/wp\/v2\/pages\/9141\/revisions"}],"wp:attachment":[{"href":"https:\/\/www.leaplytics.de\/fi\/wp-json\/wp\/v2\/media?parent=9141"}],"curies":[{"name":"wp","href":"https:\/\/api.w.org\/{rel}","templated":true}]}}