{"id":9171,"date":"2022-07-25T14:37:58","date_gmt":"2022-07-25T12:37:58","guid":{"rendered":"https:\/\/www.leaplytics.de\/?page_id=9171"},"modified":"2025-12-11T17:22:50","modified_gmt":"2025-12-11T16:22:50","slug":"aloittaminen-riskilampokarttamatriisi-power-bi","status":"publish","type":"page","link":"https:\/\/www.leaplytics.de\/fi\/aloittaminen-riskilampokarttamatriisi-power-bi\/","title":{"rendered":"Aloittaminen - Riskimatriisi \/ l\u00e4mp\u00f6kartta"},"content":{"rendered":"<h3 class=\"wp-block-heading\">Nopein tie menestykseen<\/h3>\n\n\n\n<p>Se on helppoa. Oletko kiinnostunut riskimatriisista? T\u00e4ss\u00e4 kerromme sinulle kaiken, mit\u00e4 tarvitset, jotta p\u00e4\u00e4set alkuun mahdollisimman nopeasti. Ensin opit, mit\u00e4 vaatimuksia aineistossa on. T\u00e4m\u00e4n j\u00e4lkeen saat yleiskatsauksen kaikkiin Riskimatriisin toimintoihin lyhyiden YouTube-videoiden avulla.<\/p>\n\n\n\n<h3 class=\"wp-block-heading\">Miten tiedot valmistellaan<\/h3>\n\n\n\n<div class=\"wp-block-columns is-layout-flex wp-container-core-columns-is-layout-1 wp-block-columns-is-layout-flex\">\n<div class=\"wp-block-column is-layout-flow wp-block-column-is-layout-flow\" style=\"flex-basis:66.66%\">\n<figure class=\"wp-block-image size-large\"><img loading=\"lazy\" decoding=\"async\" width=\"1024\" height=\"434\" src=\"https:\/\/www.leaplytics.de\/wp-content\/uploads\/2022\/07\/grafik-12-1024x434.png\" alt=\"\" class=\"wp-image-9172\" srcset=\"https:\/\/www.leaplytics.de\/wp-content\/uploads\/2022\/07\/grafik-12-1024x434.png 1024w, https:\/\/www.leaplytics.de\/wp-content\/uploads\/2022\/07\/grafik-12-300x127.png 300w, https:\/\/www.leaplytics.de\/wp-content\/uploads\/2022\/07\/grafik-12-768x325.png 768w, https:\/\/www.leaplytics.de\/wp-content\/uploads\/2022\/07\/grafik-12-142x60.png 142w, https:\/\/www.leaplytics.de\/wp-content\/uploads\/2022\/07\/grafik-12.png 1074w\" sizes=\"auto, (max-width: 1024px) 100vw, 1024px\" \/><\/figure>\n<\/div>\n\n\n\n<div class=\"wp-block-column is-layout-flow wp-block-column-is-layout-flow\" style=\"flex-basis:33.33%\">\n<p>Riskimatriisin kaksi mahdollista ulottuvuutta edellytt\u00e4v\u00e4t kokonaislukuja v\u00e4lill\u00e4 1-10.<\/p>\n\n\n\n<p>Jos t\u00e4m\u00e4 ei pid\u00e4 paikkaansa sinun tiedoissasi, olemme laatineet <a href=\"https:\/\/www.leaplytics.de\/fi\/diskretointi-riskin-lampokartan-matriisin-teho-bi\/\">alasivu, jossa on ohjeita merkkijonojen ja muiden numeeristen arvojen muuntamiseen.<\/a>.<\/p>\n\n\n\n<figure class=\"wp-block-embed is-type-wp-embed is-provider-leaplytics wp-block-embed-leaplytics\"><div class=\"wp-block-embed__wrapper\">\n<blockquote class=\"wp-embedded-content\" data-secret=\"7mXanV1i1h\"><a href=\"https:\/\/www.leaplytics.de\/fi\/diskretointi-riskin-lampokartan-matriisin-teho-bi\/\">Diskretisointi ja muunnos<\/a><\/blockquote><iframe loading=\"lazy\" class=\"wp-embedded-content\" sandbox=\"allow-scripts\" security=\"restricted\" style=\"position: absolute; visibility: hidden;\" title=\"&quot;Diskretisointi ja muuntaminen&quot; - LeapLytics\" src=\"https:\/\/www.leaplytics.de\/discretization-for-risk-heatmap-matrix-power-bi\/embed\/#?secret=kmJhx9MjAJ#?secret=7mXanV1i1h\" data-secret=\"7mXanV1i1h\" width=\"600\" height=\"338\" frameborder=\"0\" marginwidth=\"0\" marginheight=\"0\" scrolling=\"no\"><\/iframe>\n<\/div><\/figure>\n<\/div>\n<\/div>\n\n\n\n<h3 class=\"wp-block-heading has-text-align-left\">Lataa Visual<\/h3>\n\n\n\n<figure class=\"wp-block-embed is-type-video is-provider-youtube wp-block-embed-youtube wp-embed-aspect-16-9 wp-has-aspect-ratio\"><div class=\"wp-block-embed__wrapper\">\n<iframe loading=\"lazy\" title=\"Lataa opetusohjelma - LeapLytics Riskimatriisi Power BI:lle\" width=\"770\" height=\"433\" src=\"https:\/\/www.youtube.com\/embed\/_n9x8k2_gMY?feature=oembed\" frameborder=\"0\" allow=\"accelerometer; autoplay; clipboard-write; encrypted-media; gyroscope; picture-in-picture; web-share\" referrerpolicy=\"strict-origin-when-cross-origin\" allowfullscreen><\/iframe>\n<\/div><figcaption class=\"wp-element-caption\">T\u00e4ss\u00e4 lyhyess\u00e4 videossa n\u00e4yt\u00e4mme, miten voit ladata visualisoinnin Microsoft AppSource -palvelusta raportointia varten.<\/figcaption><\/figure>\n\n\n\n<h3 class=\"wp-block-heading has-text-align-left\">Tietojen lataaminen &amp; lisenssi<\/h3>\n\n\n\n<figure class=\"wp-block-embed aligncenter is-type-video is-provider-youtube wp-block-embed-youtube wp-embed-aspect-16-9 wp-has-aspect-ratio\"><div class=\"wp-block-embed__wrapper\">\n<iframe loading=\"lazy\" title=\"Tietojen tuominen ja lisenssin aktivointi - LeapLytics Risk Matrix for Power BI:lle\" width=\"770\" height=\"433\" src=\"https:\/\/www.youtube.com\/embed\/nK7rkWzEH74?start=26&#038;feature=oembed\" frameborder=\"0\" allow=\"accelerometer; autoplay; clipboard-write; encrypted-media; gyroscope; picture-in-picture; web-share\" referrerpolicy=\"strict-origin-when-cross-origin\" allowfullscreen><\/iframe>\n<\/div><\/figure>\n\n\n<div class=\"wp-block-image\">\n<figure class=\"aligncenter size-full\"><img loading=\"lazy\" decoding=\"async\" width=\"1024\" height=\"453\" src=\"https:\/\/www.leaplytics.de\/wp-content\/uploads\/2025\/12\/grafik.png\" alt=\"\" class=\"wp-image-14315\" srcset=\"https:\/\/www.leaplytics.de\/wp-content\/uploads\/2025\/12\/grafik.png 1024w, https:\/\/www.leaplytics.de\/wp-content\/uploads\/2025\/12\/grafik-300x133.png 300w, https:\/\/www.leaplytics.de\/wp-content\/uploads\/2025\/12\/grafik-768x340.png 768w, https:\/\/www.leaplytics.de\/wp-content\/uploads\/2025\/12\/grafik-18x8.png 18w, https:\/\/www.leaplytics.de\/wp-content\/uploads\/2025\/12\/grafik-136x60.png 136w\" sizes=\"auto, (max-width: 1024px) 100vw, 1024px\" \/><\/figure><\/div>\n\n\n<div class=\"wp-block-columns is-layout-flex wp-container-core-columns-is-layout-2 wp-block-columns-is-layout-flex\">\n<div class=\"wp-block-column is-layout-flow wp-block-column-is-layout-flow\" style=\"flex-basis:33.33%\">\n<p>Kun olet valmistellut tiedot ja muuntanut riskien ilmaisun arvoalueeksi 1-10, voit nyt yhdist\u00e4\u00e4 tiedot visualisointiin.<\/p>\n\n\n\n<p>Aluksi tarvitaan kolme kentt\u00e4\u00e4:<\/p>\n\n\n\n<ul class=\"wp-block-list\">\n<li>Riskin tunnus (Riskin merkint\u00e4, jonka riski saa matriisissa).<\/li>\n\n\n\n<li>Vaaka-akseli (vaaka-akselille piirrett\u00e4v\u00e4 ulottuvuus)<\/li>\n\n\n\n<li>Pystyakseli (pystysuora ulottuvuus)<\/li>\n<\/ul>\n\n\n\n<p>V\u00e4lt\u00e4 akselien \"Count\", \"Count (distinct)\", \"Standard deviation\", \"Variance\" ja \"Median\" -aggregaatioita, sill\u00e4 ne tuottavat vain kokonaisluvun!<\/p>\n<\/div>\n\n\n\n<div class=\"wp-block-column is-layout-flow wp-block-column-is-layout-flow\" style=\"flex-basis:66.66%\"><div class=\"wp-block-image\">\n<figure class=\"aligncenter size-full\"><img loading=\"lazy\" decoding=\"async\" width=\"185\" height=\"529\" src=\"https:\/\/www.leaplytics.de\/wp-content\/uploads\/2022\/08\/grafik-13.png\" alt=\"\" class=\"wp-image-9406\" srcset=\"https:\/\/www.leaplytics.de\/wp-content\/uploads\/2022\/08\/grafik-13.png 185w, https:\/\/www.leaplytics.de\/wp-content\/uploads\/2022\/08\/grafik-13-105x300.png 105w, https:\/\/www.leaplytics.de\/wp-content\/uploads\/2022\/08\/grafik-13-21x60.png 21w\" sizes=\"auto, (max-width: 185px) 100vw, 185px\" \/><\/figure><\/div><\/div>\n<\/div>\n\n\n\n<h4 class=\"wp-block-heading\">Mukautetut v\u00e4rit<\/h4>\n\n\n\n<p>Pid\u00e4 Windowsissa painettuna <strong>ALT<\/strong> n\u00e4pp\u00e4int\u00e4 ja napsauta laattaa vasemmalla painikkeella. Kun teet t\u00e4m\u00e4n, v\u00e4rinmuokkaustila tulee n\u00e4kyviin.<\/p>\n\n\n\n<figure class=\"wp-block-image size-full\"><img loading=\"lazy\" decoding=\"async\" width=\"383\" height=\"328\" src=\"https:\/\/www.leaplytics.de\/wp-content\/uploads\/2025\/10\/grafik-1.png\" alt=\"\" class=\"wp-image-14039\" srcset=\"https:\/\/www.leaplytics.de\/wp-content\/uploads\/2025\/10\/grafik-1.png 383w, https:\/\/www.leaplytics.de\/wp-content\/uploads\/2025\/10\/grafik-1-300x257.png 300w, https:\/\/www.leaplytics.de\/wp-content\/uploads\/2025\/10\/grafik-1-14x12.png 14w, https:\/\/www.leaplytics.de\/wp-content\/uploads\/2025\/10\/grafik-1-70x60.png 70w\" sizes=\"auto, (max-width: 383px) 100vw, 383px\" \/><\/figure>\n\n\n\n<p> Napsauta v\u00e4rillist\u00e4 suorakulmiota ja valitse haluamasi v\u00e4ri. Kun olet valinnut sen, napsauta <strong>\"Hae.\"<\/strong><\/p>\n\n\n\n<div style=\"height:27px\" aria-hidden=\"true\" class=\"wp-block-spacer\"><\/div>\n\n\n\n<h4 class=\"wp-block-heading\">Ruutuasetukset<\/h4>\n\n\n\n<figure class=\"wp-block-embed is-type-video is-provider-youtube wp-block-embed-youtube wp-embed-aspect-16-9 wp-has-aspect-ratio\"><div class=\"wp-block-embed__wrapper\">\n<iframe loading=\"lazy\" title=\"Ruutuasetukset - LeapLytics Riskimatriisi Power BI:lle - LeapLytics Risk Matrix for Power BI\" width=\"770\" height=\"433\" src=\"https:\/\/www.youtube.com\/embed\/oqx7gLN2kMs?feature=oembed\" frameborder=\"0\" allow=\"accelerometer; autoplay; clipboard-write; encrypted-media; gyroscope; picture-in-picture; web-share\" referrerpolicy=\"strict-origin-when-cross-origin\" allowfullscreen><\/iframe>\n<\/div><figcaption class=\"wp-element-caption\">T\u00e4m\u00e4 on opetusvideomme ruudukkoasetusten mukauttamisesta tarpeisiisi.<\/figcaption><\/figure>\n\n\n\n<h4 class=\"wp-block-heading\">Akselin asetukset<\/h4>\n\n\n\n<figure class=\"wp-block-embed is-type-video is-provider-youtube wp-block-embed-youtube wp-embed-aspect-16-9 wp-has-aspect-ratio\"><div class=\"wp-block-embed__wrapper\">\n<iframe loading=\"lazy\" title=\"Akseliasetukset - LeapLytics Risk Matrix for Power BI -palvelun riskimatriisi\" width=\"770\" height=\"433\" src=\"https:\/\/www.youtube.com\/embed\/0-rcR5c84_k?feature=oembed\" frameborder=\"0\" allow=\"accelerometer; autoplay; clipboard-write; encrypted-media; gyroscope; picture-in-picture; web-share\" referrerpolicy=\"strict-origin-when-cross-origin\" allowfullscreen><\/iframe>\n<\/div><figcaption class=\"wp-element-caption\">Tutustumme eri akseliasetuksiin t\u00e4ss\u00e4 lyhyess\u00e4 videossa.<\/figcaption><\/figure>\n\n\n\n<div style=\"height:27px\" aria-hidden=\"true\" class=\"wp-block-spacer\"><\/div>\n\n\n\n<h4 class=\"wp-block-heading\">Ilmaisinasetukset<\/h4>\n\n\n\n<figure class=\"wp-block-embed is-type-video is-provider-youtube wp-block-embed-youtube wp-embed-aspect-16-9 wp-has-aspect-ratio\"><div class=\"wp-block-embed__wrapper\">\n<iframe loading=\"lazy\" title=\"Indikaattorin asetukset - LeapLytics Risk Matrix for Power BI:lle\" width=\"770\" height=\"433\" src=\"https:\/\/www.youtube.com\/embed\/pv5HGyIsiK0?feature=oembed\" frameborder=\"0\" allow=\"accelerometer; autoplay; clipboard-write; encrypted-media; gyroscope; picture-in-picture; web-share\" referrerpolicy=\"strict-origin-when-cross-origin\" allowfullscreen><\/iframe>\n<\/div><figcaption class=\"wp-element-caption\">Oletko utelias eri indikaattoriasetusten mahdollisuuksista? Katso videomme saadaksesi lis\u00e4tietoja.<\/figcaption><\/figure>\n\n\n\n<div style=\"height:27px\" aria-hidden=\"true\" class=\"wp-block-spacer\"><\/div>\n\n\n\n<h4 class=\"wp-block-heading\">Ehdollinen muotoilu<\/h4>\n\n\n\n<figure class=\"wp-block-embed is-type-video is-provider-youtube wp-block-embed-youtube wp-embed-aspect-16-9 wp-has-aspect-ratio\"><div class=\"wp-block-embed__wrapper\">\n<iframe loading=\"lazy\" title=\"Indikaattoreiden ehdollinen muotoilu - LeapLytics Risk Matrix for Power BI - Riskimatriisi Power BI:lle\" width=\"770\" height=\"433\" src=\"https:\/\/www.youtube.com\/embed\/2MNtkeeb6ZI?feature=oembed\" frameborder=\"0\" allow=\"accelerometer; autoplay; clipboard-write; encrypted-media; gyroscope; picture-in-picture; web-share\" referrerpolicy=\"strict-origin-when-cross-origin\" allowfullscreen><\/iframe>\n<\/div><figcaption class=\"wp-element-caption\">Haluatko lis\u00e4t\u00e4 riskimatriisiisi ylim\u00e4\u00e4r\u00e4isen ulottuvuuden? Sitten t\u00e4m\u00e4 video on juuri sinua varten!<\/figcaption><\/figure>\n\n\n\n<div style=\"height:27px\" aria-hidden=\"true\" class=\"wp-block-spacer\"><\/div>\n\n\n\n<h4 class=\"wp-block-heading\">Ty\u00f6kaluvihjeet<\/h4>\n\n\n\n<figure class=\"wp-block-embed is-type-video is-provider-youtube wp-block-embed-youtube wp-embed-aspect-16-9 wp-has-aspect-ratio\"><div class=\"wp-block-embed__wrapper\">\n<iframe loading=\"lazy\" title=\"Ty\u00f6kaluvaihtoehto - LeapLytics Riskimatriisi Power BI:lle - LeapLytics Risk Matrix for Power BI\" width=\"770\" height=\"433\" src=\"https:\/\/www.youtube.com\/embed\/HsGGM3QmWuU?feature=oembed\" frameborder=\"0\" allow=\"accelerometer; autoplay; clipboard-write; encrypted-media; gyroscope; picture-in-picture; web-share\" referrerpolicy=\"strict-origin-when-cross-origin\" allowfullscreen><\/iframe>\n<\/div><figcaption class=\"wp-element-caption\">T\u00e4ss\u00e4 videossa n\u00e4yt\u00e4mme, miten k\u00e4ytet\u00e4\u00e4n sek\u00e4 tavallisia ty\u00f6kaluvihjeit\u00e4 ett\u00e4 kankaan ty\u00f6kaluvihjeit\u00e4. N\u00e4in saat lis\u00e4tietoja riskist\u00e4si, kun hiiren kursori k\u00e4\u00e4nnet\u00e4\u00e4n hiiren yl\u00e4puolelle.<\/figcaption><\/figure>\n\n\n\n<div style=\"height:27px\" aria-hidden=\"true\" class=\"wp-block-spacer\"><\/div>\n\n\n\n<h4 class=\"wp-block-heading\">Poraus<\/h4>\n\n\n\n<figure class=\"wp-block-embed is-type-video is-provider-youtube wp-block-embed-youtube wp-embed-aspect-16-9 wp-has-aspect-ratio\"><div class=\"wp-block-embed__wrapper\">\n<iframe loading=\"lazy\" title=\"Drillthrough-vaihtoehto - LeapLytics Risk Matrix Power BI:lle\" width=\"770\" height=\"433\" src=\"https:\/\/www.youtube.com\/embed\/0Kp7p_2AuSI?list=PLILJBdWmJP3Jegh_31AsIIaf5Y7mxjq4H\" frameborder=\"0\" allow=\"accelerometer; autoplay; clipboard-write; encrypted-media; gyroscope; picture-in-picture; web-share\" referrerpolicy=\"strict-origin-when-cross-origin\" allowfullscreen><\/iframe>\n<\/div><figcaption class=\"wp-element-caption\">Jos haluat syventy\u00e4 tiettyyn riskiin riskimatriisin avulla, t\u00e4m\u00e4 on sinua varten.<\/figcaption><\/figure>\n\n\n\n<div style=\"height:27px\" aria-hidden=\"true\" class=\"wp-block-spacer\"><\/div>\n\n\n\n<h4 class=\"wp-block-heading\">Historia tai luontainen\/j\u00e4\u00e4nn\u00f6sriski<\/h4>\n\n\n\n<figure class=\"wp-block-embed is-type-video is-provider-youtube wp-block-embed-youtube wp-embed-aspect-16-9 wp-has-aspect-ratio\"><div class=\"wp-block-embed__wrapper\">\n<iframe loading=\"lazy\" title=\"Riskien eteneminen - LeapLytics Riskimatriisi Power BI:lle\" width=\"770\" height=\"433\" src=\"https:\/\/www.youtube.com\/embed\/LrpK0XZtXrM?feature=oembed\" frameborder=\"0\" allow=\"accelerometer; autoplay; clipboard-write; encrypted-media; gyroscope; picture-in-picture; web-share\" referrerpolicy=\"strict-origin-when-cross-origin\" allowfullscreen><\/iframe>\n<\/div><figcaption class=\"wp-element-caption\">Esittelemme vihdoin riskimatriisin historiatoiminnon!<\/figcaption><\/figure>\n\n\n\n<div style=\"height:27px\" aria-hidden=\"true\" class=\"wp-block-spacer\"><\/div>\n\n\n\n<p>Nyt olet valmis k\u00e4ytt\u00e4m\u00e4\u00e4n Risk Heatmapia ja parantamaan raportointiasi! Alla on lueteltu syv\u00e4llisemm\u00e4t ohjeet kaikkia muita mukautuksia varten:<\/p>\n\n\n\n<figure class=\"wp-block-embed is-type-wp-embed is-provider-leaplytics wp-block-embed-leaplytics\"><div class=\"wp-block-embed__wrapper\">\n<blockquote class=\"wp-embedded-content\" data-secret=\"pgdTKCl3D2\"><a href=\"https:\/\/www.leaplytics.de\/fi\/paallekkainen-teksti-riskin-lampokarttamatriisin-teho-bille\/\">P\u00e4\u00e4llekk\u00e4inen teksti<\/a><\/blockquote><iframe loading=\"lazy\" class=\"wp-embedded-content\" sandbox=\"allow-scripts\" security=\"restricted\" style=\"position: absolute; visibility: hidden;\" title=\"&quot;P\u00e4\u00e4llekk\u00e4inen teksti&quot; - LeapLytics\" src=\"https:\/\/www.leaplytics.de\/overlapping-text-for-risk-heatmap-matrix-power-bi\/embed\/#?secret=MOdhCvhh48#?secret=pgdTKCl3D2\" data-secret=\"pgdTKCl3D2\" width=\"600\" height=\"338\" frameborder=\"0\" marginwidth=\"0\" marginheight=\"0\" scrolling=\"no\"><\/iframe>\n<\/div><\/figure>\n\n\n\n<figure class=\"wp-block-embed is-type-wp-embed is-provider-leaplytics wp-block-embed-leaplytics\"><div class=\"wp-block-embed__wrapper\">\n<blockquote class=\"wp-embedded-content\" data-secret=\"K6ho5QUDYx\"><a href=\"https:\/\/www.leaplytics.de\/fi\/miten-aktivoida-lisenssi-microsoft-power-bi\/\">Kuinka: Aktivoi lisenssi Microsoft Power BI:ss\u00e4<\/a><\/blockquote><iframe loading=\"lazy\" class=\"wp-embedded-content\" sandbox=\"allow-scripts\" security=\"restricted\" style=\"position: absolute; visibility: hidden;\" title=\"&quot;N\u00e4in aktivoit lisenssin Microsoft Power BI:ss\u00e4&quot; - LeapLytics\" src=\"https:\/\/www.leaplytics.de\/how-to-activate-license-microsoft-power-bi\/embed\/#?secret=7RloTinAc5#?secret=K6ho5QUDYx\" data-secret=\"K6ho5QUDYx\" width=\"600\" height=\"338\" frameborder=\"0\" marginwidth=\"0\" marginheight=\"0\" scrolling=\"no\"><\/iframe>\n<\/div><\/figure>\n\n\n\n<p><\/p>","protected":false},"excerpt":{"rendered":"<p>Nopein tie menestykseen Se on helppoa. Oletko kiinnostunut riskimatriisista? T\u00e4ss\u00e4 jaamme kanssasi kaiken, mit\u00e4 tarvitset p\u00e4\u00e4st\u00e4ksesi alkuun mahdollisimman nopeasti. Ensin opit, mit\u00e4 vaatimuksia aineistossa on. T\u00e4m\u00e4n j\u00e4lkeen luodaan yleiskatsaus kaikkiin Riskimatriisin toimintoihin lyhyiden YouTube ... <\/p>","protected":false},"author":2,"featured_media":0,"parent":0,"menu_order":0,"comment_status":"closed","ping_status":"closed","template":"","meta":{"footnotes":""},"class_list":["post-9171","page","type-page","status-publish","hentry","latest_post"],"_links":{"self":[{"href":"https:\/\/www.leaplytics.de\/fi\/wp-json\/wp\/v2\/pages\/9171","targetHints":{"allow":["GET"]}}],"collection":[{"href":"https:\/\/www.leaplytics.de\/fi\/wp-json\/wp\/v2\/pages"}],"about":[{"href":"https:\/\/www.leaplytics.de\/fi\/wp-json\/wp\/v2\/types\/page"}],"author":[{"embeddable":true,"href":"https:\/\/www.leaplytics.de\/fi\/wp-json\/wp\/v2\/users\/2"}],"replies":[{"embeddable":true,"href":"https:\/\/www.leaplytics.de\/fi\/wp-json\/wp\/v2\/comments?post=9171"}],"version-history":[{"count":33,"href":"https:\/\/www.leaplytics.de\/fi\/wp-json\/wp\/v2\/pages\/9171\/revisions"}],"predecessor-version":[{"id":14317,"href":"https:\/\/www.leaplytics.de\/fi\/wp-json\/wp\/v2\/pages\/9171\/revisions\/14317"}],"wp:attachment":[{"href":"https:\/\/www.leaplytics.de\/fi\/wp-json\/wp\/v2\/media?parent=9171"}],"curies":[{"name":"wp","href":"https:\/\/api.w.org\/{rel}","templated":true}]}}