{"id":9298,"date":"2022-08-01T18:12:55","date_gmt":"2022-08-01T16:12:55","guid":{"rendered":"https:\/\/www.leaplytics.de\/?page_id=9298"},"modified":"2024-10-29T10:26:15","modified_gmt":"2024-10-29T09:26:15","slug":"aloittaminen-liikennevalojen-teho-bi","status":"publish","type":"page","link":"https:\/\/www.leaplytics.de\/fi\/aloittaminen-liikennevalojen-teho-bi\/","title":{"rendered":"Aloittaminen - Traffic Light"},"content":{"rendered":"<p>Oletko juuri saanut tiet\u00e4\u00e4 Power BI:n liikennevalo-visuaalista ja mietit, mitk\u00e4 ovat seuraavat vaiheet?<\/p>\n\n\n\n<p>Sitten olet tullut oikeaan paikkaan! Vaiheittaisessa oppaassamme, jota tukevat video-oppaamme, opastamme sinua visuaalisen j\u00e4rjestelm\u00e4mme asennuksessa ja mukauttamisessa.<\/p>\n\n\n\n<div style=\"height:40px\" aria-hidden=\"true\" class=\"wp-block-spacer\"><\/div>\n\n\n\n<h3 class=\"wp-block-heading\">1. Lataa visuaalinen<\/h3>\n\n\n\n<figure class=\"wp-block-embed is-type-video is-provider-youtube wp-block-embed-youtube wp-embed-aspect-16-9 wp-has-aspect-ratio\"><div class=\"wp-block-embed__wrapper\">\n<iframe loading=\"lazy\" title=\"Lataa opetusohjelma - LeapLytics Traffic Light Power BI:lle\" width=\"770\" height=\"433\" src=\"https:\/\/www.youtube.com\/embed\/_u8gc4RcyO0?feature=oembed\" frameborder=\"0\" allow=\"accelerometer; autoplay; clipboard-write; encrypted-media; gyroscope; picture-in-picture; web-share\" referrerpolicy=\"strict-origin-when-cross-origin\" allowfullscreen><\/iframe>\n<\/div><figcaption class=\"wp-element-caption\">Ensimm\u00e4inen askel on tietenkin ladata Traffic Light -visuaali Microsoft AppSource -palvelusta. Videollamme selit\u00e4mme koko latausprosessin 1 minuutissa.<\/figcaption><\/figure>\n\n\n\n<div style=\"height:40px\" aria-hidden=\"true\" class=\"wp-block-spacer\"><\/div>\n\n\n\n<h3 class=\"wp-block-heading\">2. Valmistele tiedot<\/h3>\n\n\n\n<div class=\"wp-block-columns is-layout-flex wp-container-core-columns-is-layout-1 wp-block-columns-is-layout-flex\">\n<div class=\"wp-block-column is-layout-flow wp-block-column-is-layout-flow\"><div class=\"wp-block-image\">\n<figure class=\"alignleft size-full is-resized\"><img loading=\"lazy\" decoding=\"async\" width=\"2285\" height=\"1538\" src=\"https:\/\/www.leaplytics.de\/wp-content\/uploads\/2024\/08\/data-preparation.png\" alt=\"\" class=\"wp-image-13550\" style=\"width:389px;height:auto\" srcset=\"https:\/\/www.leaplytics.de\/wp-content\/uploads\/2024\/08\/data-preparation.png 2285w, https:\/\/www.leaplytics.de\/wp-content\/uploads\/2024\/08\/data-preparation-300x202.png 300w, https:\/\/www.leaplytics.de\/wp-content\/uploads\/2024\/08\/data-preparation-1024x689.png 1024w, https:\/\/www.leaplytics.de\/wp-content\/uploads\/2024\/08\/data-preparation-768x517.png 768w, https:\/\/www.leaplytics.de\/wp-content\/uploads\/2024\/08\/data-preparation-1536x1034.png 1536w, https:\/\/www.leaplytics.de\/wp-content\/uploads\/2024\/08\/data-preparation-2048x1378.png 2048w, https:\/\/www.leaplytics.de\/wp-content\/uploads\/2024\/08\/data-preparation-89x60.png 89w\" sizes=\"auto, (max-width: 2285px) 100vw, 2285px\" \/><\/figure><\/div><\/div>\n\n\n\n<div class=\"wp-block-column is-layout-flow wp-block-column-is-layout-flow\">\n<p>Liikennevalomme vaatii joko numeerisia, prosentuaalisia tai aika-arvoja (esim. p\u00e4iv\u00e4m\u00e4\u00e4r\u00e4), jotta jokaiselle valon v\u00e4rille voidaan m\u00e4\u00e4ritt\u00e4\u00e4 vaihteluv\u00e4li.<\/p>\n\n\n\n<p>Varmista, ett\u00e4 muokkaat kiinnostavat tiedot johonkin tuetuista tiedostomuodoista.<\/p>\n<\/div>\n<\/div>\n\n\n\n<div style=\"height:40px\" aria-hidden=\"true\" class=\"wp-block-spacer\"><\/div>\n\n\n\n<h3 class=\"wp-block-heading\">3. Tietojen ja lisenssien tuonti<\/h3>\n\n\n\n<figure class=\"wp-block-embed is-type-video is-provider-youtube wp-block-embed-youtube wp-embed-aspect-16-9 wp-has-aspect-ratio\"><div class=\"wp-block-embed__wrapper\">\n<iframe loading=\"lazy\" title=\"Tietojen tuonti ja lisenssin aktivointi - LeapLytics Traffic Light for Power BI -palvelun liikennevalo\" width=\"770\" height=\"433\" src=\"https:\/\/www.youtube.com\/embed\/S1HhF9H03K0?feature=oembed\" frameborder=\"0\" allow=\"accelerometer; autoplay; clipboard-write; encrypted-media; gyroscope; picture-in-picture; web-share\" referrerpolicy=\"strict-origin-when-cross-origin\" allowfullscreen><\/iframe>\n<\/div><figcaption class=\"wp-element-caption\">Kun olemme valmistelleet tietomme, on aika tuoda ne Power BI:hen. T\u00e4ss\u00e4 videossa autamme sinua tuomaan tietosi ja aktivoimaan lisenssikoodisi.<\/figcaption><\/figure>\n\n\n<div class=\"wp-block-image\">\n<figure class=\"alignleft size-full is-resized\"><img loading=\"lazy\" decoding=\"async\" width=\"964\" height=\"1875\" src=\"https:\/\/www.leaplytics.de\/wp-content\/uploads\/2024\/08\/datalicense.png\" alt=\"\" class=\"wp-image-13551\" style=\"width:204px;height:auto\" srcset=\"https:\/\/www.leaplytics.de\/wp-content\/uploads\/2024\/08\/datalicense.png 964w, https:\/\/www.leaplytics.de\/wp-content\/uploads\/2024\/08\/datalicense-154x300.png 154w, https:\/\/www.leaplytics.de\/wp-content\/uploads\/2024\/08\/datalicense-526x1024.png 526w, https:\/\/www.leaplytics.de\/wp-content\/uploads\/2024\/08\/datalicense-768x1494.png 768w, https:\/\/www.leaplytics.de\/wp-content\/uploads\/2024\/08\/datalicense-790x1536.png 790w, https:\/\/www.leaplytics.de\/wp-content\/uploads\/2024\/08\/datalicense-31x60.png 31w\" sizes=\"auto, (max-width: 964px) 100vw, 964px\" \/><\/figure><\/div>\n\n\n<p>Tuo tietosi napsauttamalla \"Hae tiedot\" tietoruudusta ja valitsemalla tietol\u00e4hde, esimerkiksi Excel-ty\u00f6kirja.<\/p>\n\n\n\n<p><\/p>\n\n\n\n<p>Valitse seuraavassa vaiheessa visuaalinen aineisto visuaaliluettelosta lis\u00e4t\u00e4ksesi sen Power BI -raporttiisi. Napsauta nyt \"Format your visual\" (Muotoile visuaali) -kohtaa visualisointien alla ja valitse \"license\" (lisenssi) -osio.<\/p>\n\n\n\n<p>T\u00e4ss\u00e4 voit yksinkertaisesti lis\u00e4t\u00e4 lisenssikoodisi CTRL + V -n\u00e4pp\u00e4imill\u00e4.<\/p>\n\n\n\n<div style=\"height:40px\" aria-hidden=\"true\" class=\"wp-block-spacer\"><\/div>\n\n\n\n<h3 class=\"wp-block-heading\">4. Visuaaliset j\u00e4rjestelyt<\/h3>\n\n\n\n<figure class=\"wp-block-embed is-type-video is-provider-youtube wp-block-embed-youtube wp-embed-aspect-16-9 wp-has-aspect-ratio\"><div class=\"wp-block-embed__wrapper\">\n<iframe loading=\"lazy\" title=\"Visuaaliset asetukset - LeapLytics Traffic Light Power BI:lle\" width=\"770\" height=\"433\" src=\"https:\/\/www.youtube.com\/embed\/rY4INTDBFAA?feature=oembed\" frameborder=\"0\" allow=\"accelerometer; autoplay; clipboard-write; encrypted-media; gyroscope; picture-in-picture; web-share\" referrerpolicy=\"strict-origin-when-cross-origin\" allowfullscreen><\/iframe>\n<\/div><figcaption class=\"wp-element-caption\">Seuraavaksi meid\u00e4n on lis\u00e4tt\u00e4v\u00e4 tietomme visuaaliseen n\u00e4kym\u00e4\u00e4n. T\u00e4ss\u00e4 opastamme sinua askel askeleelta, miten lis\u00e4\u00e4t tietosi visuaaliseen n\u00e4kym\u00e4\u00e4n ja miten m\u00e4\u00e4rittelet tietov\u00e4lit vastaavasti.<\/figcaption><\/figure>\n\n\n\n<div class=\"wp-block-columns is-layout-flex wp-container-core-columns-is-layout-2 wp-block-columns-is-layout-flex\">\n<div class=\"wp-block-column is-layout-flow wp-block-column-is-layout-flow\" style=\"flex-basis:33.33%\"><div class=\"wp-block-image\">\n<figure class=\"alignleft size-full is-resized\"><img loading=\"lazy\" decoding=\"async\" width=\"1019\" height=\"1675\" src=\"https:\/\/www.leaplytics.de\/wp-content\/uploads\/2024\/08\/measure.png\" alt=\"\" class=\"wp-image-13554\" style=\"width:204px;height:auto\" srcset=\"https:\/\/www.leaplytics.de\/wp-content\/uploads\/2024\/08\/measure.png 1019w, https:\/\/www.leaplytics.de\/wp-content\/uploads\/2024\/08\/measure-183x300.png 183w, https:\/\/www.leaplytics.de\/wp-content\/uploads\/2024\/08\/measure-623x1024.png 623w, https:\/\/www.leaplytics.de\/wp-content\/uploads\/2024\/08\/measure-768x1262.png 768w, https:\/\/www.leaplytics.de\/wp-content\/uploads\/2024\/08\/measure-934x1536.png 934w, https:\/\/www.leaplytics.de\/wp-content\/uploads\/2024\/08\/measure-37x60.png 37w\" sizes=\"auto, (max-width: 1019px) 100vw, 1019px\" \/><\/figure><\/div><\/div>\n\n\n\n<div class=\"wp-block-column is-layout-flow wp-block-column-is-layout-flow\" style=\"flex-basis:66.66%\">\n<p>Valitse haluamasi mittaustulos \"Data\"-osiosta klikkaamalla sit\u00e4 tai vet\u00e4m\u00e4ll\u00e4 se visuaalisen n\u00e4kym\u00e4n \"Measure\"-kentt\u00e4\u00e4n.<\/p>\n\n\n\n<p><strong>Valinnainen: <\/strong>Napsauttamalla pudotusvalikkoa voit valita tarpeisiisi sopivan aggregoinnin (Summa, Keskiarvo jne.).<\/p>\n\n\n\n<p>Aikaformaatteja k\u00e4ytett\u00e4ess\u00e4 on varmistettava, ett\u00e4 formaatti on asetettu valitun toimenpiteen formaatin mukaisesti.<\/p>\n<\/div>\n<\/div>\n\n\n\n<div style=\"height:40px\" aria-hidden=\"true\" class=\"wp-block-spacer\"><\/div>\n\n\n\n<h3 class=\"wp-block-heading\">5. Asetusalueiden asettaminen<\/h3>\n\n\n<div class=\"wp-block-image\">\n<figure class=\"alignleft size-full\"><img loading=\"lazy\" decoding=\"async\" width=\"185\" height=\"377\" src=\"https:\/\/www.leaplytics.de\/wp-content\/uploads\/2024\/08\/ranges.png\" alt=\"\" class=\"wp-image-13553\" srcset=\"https:\/\/www.leaplytics.de\/wp-content\/uploads\/2024\/08\/ranges.png 185w, https:\/\/www.leaplytics.de\/wp-content\/uploads\/2024\/08\/ranges-147x300.png 147w, https:\/\/www.leaplytics.de\/wp-content\/uploads\/2024\/08\/ranges-29x60.png 29w\" sizes=\"auto, (max-width: 185px) 100vw, 185px\" \/><\/figure><\/div>\n\n\n<p>Seuraavaksi, jotta \"Traffic Light\" -visuaali toimisi kunnolla, sinun on m\u00e4\u00e4ritelt\u00e4v\u00e4 alueet, joilla valon v\u00e4rit n\u00e4ytet\u00e4\u00e4n. \"Formt your visual\" -kohdan \"Ranges\"-osiossa voit m\u00e4\u00e4ritell\u00e4 vastaavan v\u00e4rin minimi- ja maksimiarvot*.<\/p>\n\n\n\n<p>Kun mitta-osiossa on valittu p\u00e4iv\u00e4m\u00e4\u00e4r\u00e4- tai intervallimittaus, sinun on m\u00e4\u00e4ritett\u00e4v\u00e4 alueet valitun aikaformaatin mukaisesti aikaformaattiosiossa.<\/p>\n\n\n\n<p><em>*Keltainen minimi- ja keltainen maksimivalo on pois k\u00e4yt\u00f6st\u00e4, jos \"Kaksoisvaloj\u00e4rjestelm\u00e4\" on valittu.<\/em><\/p>\n\n\n\n<div style=\"height:40px\" aria-hidden=\"true\" class=\"wp-block-spacer\"><\/div>\n\n\n\n<h3 class=\"wp-block-heading\">6. Mukauta suosikkimallisi<\/h3>\n\n\n\n<figure class=\"wp-block-embed is-type-video is-provider-youtube wp-block-embed-youtube wp-embed-aspect-16-9 wp-has-aspect-ratio\"><div class=\"wp-block-embed__wrapper\">\n<iframe loading=\"lazy\" title=\"Mukautetut suunnitteluasetukset - LeapLytics Traffic Light Power BI:lle\" width=\"770\" height=\"433\" src=\"https:\/\/www.youtube.com\/embed\/GpFtfzbQ_OE?feature=oembed\" frameborder=\"0\" allow=\"accelerometer; autoplay; clipboard-write; encrypted-media; gyroscope; picture-in-picture; web-share\" referrerpolicy=\"strict-origin-when-cross-origin\" allowfullscreen><\/iframe>\n<\/div><figcaption class=\"wp-element-caption\">Visuaalimme tarjoaa sinulle laajan valikoiman r\u00e4\u00e4t\u00e4l\u00f6intivaihtoehtoja. Katso yll\u00e4 oleva opetusvideomme, jotta opit, miten voit mukauttaa liikennevalon omien mieltymystesi mukaan.<\/figcaption><\/figure>\n\n\n<div class=\"wp-block-image\">\n<figure class=\"alignleft size-full is-resized\"><img loading=\"lazy\" decoding=\"async\" width=\"538\" height=\"1697\" src=\"https:\/\/www.leaplytics.de\/wp-content\/uploads\/2024\/08\/formats.png\" alt=\"\" class=\"wp-image-13552\" style=\"width:198px;height:auto\" srcset=\"https:\/\/www.leaplytics.de\/wp-content\/uploads\/2024\/08\/formats.png 538w, https:\/\/www.leaplytics.de\/wp-content\/uploads\/2024\/08\/formats-95x300.png 95w, https:\/\/www.leaplytics.de\/wp-content\/uploads\/2024\/08\/formats-325x1024.png 325w, https:\/\/www.leaplytics.de\/wp-content\/uploads\/2024\/08\/formats-487x1536.png 487w, https:\/\/www.leaplytics.de\/wp-content\/uploads\/2024\/08\/formats-19x60.png 19w\" sizes=\"auto, (max-width: 538px) 100vw, 538px\" \/><\/figure><\/div>\n\n\n<p>Viimeisess\u00e4 vaiheessa voimme mukauttaa visuaalisen ilmeen yksil\u00f6lliseen muotoiluun. Kun napsautat \"Format your visual\" (Muotoile visualisointi) -kohdassa visualisointeja, n\u00e4et seuraavan paneelin.<\/p>\n\n\n\n<p>T\u00e4\u00e4ll\u00e4 voit mukauttaa kaikki muotoiluvaihtoehdot valitsemalla suosikkimallisi. <\/p>\n\n\n\n<p>Ohjeet kuhunkin muotoiluvaihtoehtoon l\u00f6ytyv\u00e4t yll\u00e4 olevasta video-oppaasta.<\/p>\n\n\n\n<div style=\"height:40px\" aria-hidden=\"true\" class=\"wp-block-spacer\"><\/div>\n\n\n\n<p>T\u00e4ydellist\u00e4, olet nyt valmis k\u00e4ytt\u00e4m\u00e4\u00e4n liikennevaloamme ja parantamaan raportointiasi!<\/p>\n\n\n\n<div style=\"height:40px\" aria-hidden=\"true\" class=\"wp-block-spacer\"><\/div>\n\n\n\n<div class=\"wp-block-buttons is-layout-flex wp-block-buttons-is-layout-flex\">\n<div class=\"wp-block-button\"><a class=\"wp-block-button__link has-background wp-element-button\" href=\"https:\/\/www.leaplytics.de\/fi\/etusivu\/projektinhallinta-mukautetut-visualisoinnit-microsoft-powerbi\/riskin-lampokartta-mukautettu-visuaalinen-teho-bi\/\" style=\"background-color:#44546a\">Haluatko parantaa raportointiasi entisest\u00e4\u00e4n? Tutustu Power BI:n riskimatriisiin!<\/a><\/div>\n<\/div>","protected":false},"excerpt":{"rendered":"<p>Oletko juuri saanut tiet\u00e4\u00e4 Power BI:n liikennevalo-visuaalista ja mietit, mitk\u00e4 ovat seuraavat vaiheet? Sitten olet tullut oikeaan paikkaan! Vaiheittaisessa oppaassamme, jota tukevat video-oppaamme, opastamme sinua visuaalin asennuksessa ja mukauttamisessa. 1. Lataa visuaalinen aineisto 2. Valmistele ... <\/p>","protected":false},"author":2,"featured_media":0,"parent":0,"menu_order":0,"comment_status":"closed","ping_status":"closed","template":"","meta":{"footnotes":""},"class_list":["post-9298","page","type-page","status-publish","hentry","latest_post"],"_links":{"self":[{"href":"https:\/\/www.leaplytics.de\/fi\/wp-json\/wp\/v2\/pages\/9298","targetHints":{"allow":["GET"]}}],"collection":[{"href":"https:\/\/www.leaplytics.de\/fi\/wp-json\/wp\/v2\/pages"}],"about":[{"href":"https:\/\/www.leaplytics.de\/fi\/wp-json\/wp\/v2\/types\/page"}],"author":[{"embeddable":true,"href":"https:\/\/www.leaplytics.de\/fi\/wp-json\/wp\/v2\/users\/2"}],"replies":[{"embeddable":true,"href":"https:\/\/www.leaplytics.de\/fi\/wp-json\/wp\/v2\/comments?post=9298"}],"version-history":[{"count":11,"href":"https:\/\/www.leaplytics.de\/fi\/wp-json\/wp\/v2\/pages\/9298\/revisions"}],"predecessor-version":[{"id":13635,"href":"https:\/\/www.leaplytics.de\/fi\/wp-json\/wp\/v2\/pages\/9298\/revisions\/13635"}],"wp:attachment":[{"href":"https:\/\/www.leaplytics.de\/fi\/wp-json\/wp\/v2\/media?parent=9298"}],"curies":[{"name":"wp","href":"https:\/\/api.w.org\/{rel}","templated":true}]}}