{"id":9336,"date":"2022-08-01T20:19:06","date_gmt":"2022-08-01T18:19:06","guid":{"rendered":"https:\/\/www.leaplytics.de\/?page_id=9336"},"modified":"2022-08-01T20:19:06","modified_gmt":"2022-08-01T18:19:06","slug":"muotovaihtoehdot-liikennevalojen-teho-bi","status":"publish","type":"page","link":"https:\/\/www.leaplytics.de\/fi\/muotovaihtoehdot-liikennevalojen-teho-bi\/","title":{"rendered":"Muotoiluvaihtoehdot - Liikennevalo"},"content":{"rendered":"<h3 class=\"wp-block-heading\">1. Aikaformaatti<\/h3>\n\n\n<div class=\"wp-block-image\">\n<figure class=\"alignleft size-full\"><img loading=\"lazy\" decoding=\"async\" width=\"197\" height=\"238\" src=\"https:\/\/www.leaplytics.de\/wp-content\/uploads\/2022\/08\/grafik-7.png\" alt=\"\" class=\"wp-image-9337\" srcset=\"https:\/\/www.leaplytics.de\/wp-content\/uploads\/2022\/08\/grafik-7.png 197w, https:\/\/www.leaplytics.de\/wp-content\/uploads\/2022\/08\/grafik-7-50x60.png 50w\" sizes=\"auto, (max-width: 197px) 100vw, 197px\" \/><\/figure><\/div>\n\n\n<p>Ajan muoto -osio on valinnainen. T\u00e4ss\u00e4 osiossa voit valita aika- tai aikav\u00e4liformaatin, jota k\u00e4ytet\u00e4\u00e4n laskettaessa vaihteluv\u00e4lej\u00e4 ja tulosteksti\u00e4 liikennevalosymbolin vieress\u00e4. Varmista, ett\u00e4 valitset aikamuodon alueen sy\u00f6tt\u00f6kenttien mukaisesti.<\/p>\n\n\n\n<div style=\"height:16px\" aria-hidden=\"true\" class=\"wp-block-spacer\"><\/div>\n\n\n\n<h3 class=\"wp-block-heading\">2. Valoj\u00e4rjestelm\u00e4<\/h3>\n\n\n<div class=\"wp-block-image\">\n<figure class=\"alignleft size-full\"><img loading=\"lazy\" decoding=\"async\" width=\"199\" height=\"187\" src=\"https:\/\/www.leaplytics.de\/wp-content\/uploads\/2022\/08\/grafik-8.png\" alt=\"\" class=\"wp-image-9338\" srcset=\"https:\/\/www.leaplytics.de\/wp-content\/uploads\/2022\/08\/grafik-8.png 199w, https:\/\/www.leaplytics.de\/wp-content\/uploads\/2022\/08\/grafik-8-64x60.png 64w\" sizes=\"auto, (max-width: 199px) 100vw, 199px\" \/><\/figure><\/div>\n\n\n<p>\"Valoj\u00e4rjestelm\u00e4\"-osiossa voit valita yhden, kahden tai kolmen valon j\u00e4rjestelm\u00e4n v\u00e4lill\u00e4.<\/p>\n\n\n\n<p><strong>Kolmen valon j\u00e4rjestelm\u00e4:<\/strong> Vihre\u00e4ll\u00e4, keltaisella ja punaisella on kullakin oma ympyr\u00e4ns\u00e4.<\/p>\n\n\n\n<p><strong>Kahden valon j\u00e4rjestelm\u00e4:<\/strong> Vihre\u00e4ll\u00e4 ja punaisella on kummallakin oma ympyr\u00e4ns\u00e4. Keltaista valoa ei tueta.<\/p>\n\n\n\n<p><strong>Yhden valon j\u00e4rjestelm\u00e4:<\/strong> Vihre\u00e4ll\u00e4, keltaisella ja punaisella on sama ympyr\u00e4.<\/p>\n\n\n\n<div style=\"height:0px\" aria-hidden=\"true\" class=\"wp-block-spacer\"><\/div>\n\n\n\n<h3 class=\"wp-block-heading\">3. Kohdistus<\/h3>\n\n\n<div class=\"wp-block-image\">\n<figure class=\"alignleft size-full\"><img loading=\"lazy\" decoding=\"async\" width=\"198\" height=\"167\" src=\"https:\/\/www.leaplytics.de\/wp-content\/uploads\/2022\/08\/grafik-9.png\" alt=\"\" class=\"wp-image-9339\" srcset=\"https:\/\/www.leaplytics.de\/wp-content\/uploads\/2022\/08\/grafik-9.png 198w, https:\/\/www.leaplytics.de\/wp-content\/uploads\/2022\/08\/grafik-9-71x60.png 71w\" sizes=\"auto, (max-width: 198px) 100vw, 198px\" \/><\/figure><\/div>\n\n\n<p>Kohdassa \"Kohdistus\" voit valita liikennevalojen visuaalisen n\u00e4kyvyyden pysty- tai vaakasuuntaisen kohdistuksen. Kaikki nykyiset asetukset ovat k\u00e4ytett\u00e4viss\u00e4 molemmissa linjauksissa.<\/p>\n\n\n\n<div style=\"height:0px\" aria-hidden=\"true\" class=\"wp-block-spacer\"><\/div>\n\n\n\n<h3 class=\"wp-block-heading\">4. Raja-asetukset<\/h3>\n\n\n<div class=\"wp-block-image\">\n<figure class=\"alignleft size-full\"><img loading=\"lazy\" decoding=\"async\" width=\"198\" height=\"211\" src=\"https:\/\/www.leaplytics.de\/wp-content\/uploads\/2022\/08\/grafik-10.png\" alt=\"\" class=\"wp-image-9344\" srcset=\"https:\/\/www.leaplytics.de\/wp-content\/uploads\/2022\/08\/grafik-10.png 198w, https:\/\/www.leaplytics.de\/wp-content\/uploads\/2022\/08\/grafik-10-56x60.png 56w\" sizes=\"auto, (max-width: 198px) 100vw, 198px\" \/><\/figure><\/div>\n\n\n<p>\"Reuna-asetukset\"-osiossa voit muuttaa ulomman liikennevalorajan n\u00e4kyvyytt\u00e4 sek\u00e4 sisempi\u00e4 valons\u00e4vyj\u00e4.<\/p>\n\n\n\n<div style=\"height:0px\" aria-hidden=\"true\" class=\"wp-block-spacer\"><\/div>\n\n\n\n<h3 class=\"wp-block-heading\">5. Tekstiasetukset<\/h3>\n\n\n<div class=\"wp-block-image\">\n<figure class=\"alignleft size-full\"><img loading=\"lazy\" decoding=\"async\" width=\"196\" height=\"403\" src=\"https:\/\/www.leaplytics.de\/wp-content\/uploads\/2022\/08\/grafik-11.png\" alt=\"\" class=\"wp-image-9346\" srcset=\"https:\/\/www.leaplytics.de\/wp-content\/uploads\/2022\/08\/grafik-11.png 196w, https:\/\/www.leaplytics.de\/wp-content\/uploads\/2022\/08\/grafik-11-146x300.png 146w, https:\/\/www.leaplytics.de\/wp-content\/uploads\/2022\/08\/grafik-11-29x60.png 29w\" sizes=\"auto, (max-width: 196px) 100vw, 196px\" \/><\/figure><\/div>\n\n\n<p>T\u00e4m\u00e4 liikennevalovisuaali tarjoaa laajan valikoiman tekstiasetuksia. Voit kytke\u00e4 p\u00e4\u00e4lle ja pois p\u00e4\u00e4lt\u00e4 tekstielementin, joka n\u00e4kyy samassa ikkunassa kuin liikennevalo. Kun teksti on n\u00e4kyviss\u00e4, voit muuttaa tekstityyli\u00e4, tekstikokoa, tekstin sijaintia ja kirjasinperhett\u00e4 yksil\u00f6llisten tarpeidesi mukaan.<\/p>\n\n\n\n<div style=\"height:0px\" aria-hidden=\"true\" class=\"wp-block-spacer\"><\/div>\n\n\n\n<h3 class=\"wp-block-heading\">6. V\u00e4riasetukset<\/h3>\n\n\n<div class=\"wp-block-image\">\n<figure class=\"alignleft size-full\"><img loading=\"lazy\" decoding=\"async\" width=\"198\" height=\"482\" src=\"https:\/\/www.leaplytics.de\/wp-content\/uploads\/2022\/08\/grafik-12.png\" alt=\"\" class=\"wp-image-9349\" srcset=\"https:\/\/www.leaplytics.de\/wp-content\/uploads\/2022\/08\/grafik-12.png 198w, https:\/\/www.leaplytics.de\/wp-content\/uploads\/2022\/08\/grafik-12-123x300.png 123w, https:\/\/www.leaplytics.de\/wp-content\/uploads\/2022\/08\/grafik-12-25x60.png 25w\" sizes=\"auto, (max-width: 198px) 100vw, 198px\" \/><\/figure><\/div>\n\n\n<p>\"V\u00e4riasetukset\"-osiossa voit muuttaa t\u00e4m\u00e4n n\u00e4kym\u00e4n jokaisen osan v\u00e4ri\u00e4. Napsauta pudotusvalikkoa ja valitse v\u00e4ri valmiiksi m\u00e4\u00e4ritetyist\u00e4 teemav\u00e4reist\u00e4 tai m\u00e4\u00e4rit\u00e4 v\u00e4ri itse rgb- ja heksakoodien avulla.<\/p>","protected":false},"excerpt":{"rendered":"<p>1. Aikaformaatti \"Aikaformaatti\"-osio on valinnainen osio. T\u00e4ss\u00e4 osiossa voit valita aika- tai aikav\u00e4liformaatin, jota k\u00e4ytet\u00e4\u00e4n laskettaessa vaihteluv\u00e4lej\u00e4 ja tulosteksti\u00e4 liikennevalosymbolin vieress\u00e4. Varmista, ett\u00e4 valitset aikamuodon alueen sy\u00f6tt\u00f6kenttien mukaisesti. 2. Valo ... <\/p>","protected":false},"author":2,"featured_media":0,"parent":0,"menu_order":0,"comment_status":"closed","ping_status":"closed","template":"","meta":{"footnotes":""},"class_list":["post-9336","page","type-page","status-publish","hentry","latest_post"],"_links":{"self":[{"href":"https:\/\/www.leaplytics.de\/fi\/wp-json\/wp\/v2\/pages\/9336","targetHints":{"allow":["GET"]}}],"collection":[{"href":"https:\/\/www.leaplytics.de\/fi\/wp-json\/wp\/v2\/pages"}],"about":[{"href":"https:\/\/www.leaplytics.de\/fi\/wp-json\/wp\/v2\/types\/page"}],"author":[{"embeddable":true,"href":"https:\/\/www.leaplytics.de\/fi\/wp-json\/wp\/v2\/users\/2"}],"replies":[{"embeddable":true,"href":"https:\/\/www.leaplytics.de\/fi\/wp-json\/wp\/v2\/comments?post=9336"}],"version-history":[{"count":0,"href":"https:\/\/www.leaplytics.de\/fi\/wp-json\/wp\/v2\/pages\/9336\/revisions"}],"wp:attachment":[{"href":"https:\/\/www.leaplytics.de\/fi\/wp-json\/wp\/v2\/media?parent=9336"}],"curies":[{"name":"wp","href":"https:\/\/api.w.org\/{rel}","templated":true}]}}