{"id":11629,"date":"2023-05-12T23:15:22","date_gmt":"2023-05-12T21:15:22","guid":{"rendered":"https:\/\/www.leaplytics.de\/?page_id=11629"},"modified":"2024-04-12T21:40:36","modified_gmt":"2024-04-12T19:40:36","slug":"programme-de-partenariat","status":"publish","type":"page","link":"https:\/\/www.leaplytics.de\/fr\/programme-de-partenariat\/","title":{"rendered":"Programme de partenariat"},"content":{"rendered":"<h4 class=\"wp-block-heading\">Notre programme de partenariat\/revente<\/h4>\n\n\n\n<p>Devenez partenaire de LeapLytics. Distribuez des licences par vos propres moyens afin de permettre \u00e0 vos clients de b\u00e9n\u00e9ficier d'un point de contact unique avec des solutions BI de premier plan. Nous offrons des rabais et des ristournes si vous distribuez et\/ou vendez les licences par vous-m\u00eame ou par l'interm\u00e9diaire de nos canaux de distribution. En outre, vous \u00eates \u00e9galement autoris\u00e9 \u00e0 inclure nos produits dans votre offre de services en tant qu'option de revente.<\/p>\n\n\n<div class=\"wp-block-image\">\n<figure class=\"aligncenter size-large\"><img loading=\"lazy\" decoding=\"async\" width=\"1024\" height=\"683\" src=\"https:\/\/www.leaplytics.de\/wp-content\/uploads\/2020\/10\/scott-graham-OQMZwNd3ThU-unsplash-1024x683.jpg\" alt=\"\" class=\"wp-image-253\" srcset=\"https:\/\/www.leaplytics.de\/wp-content\/uploads\/2020\/10\/scott-graham-OQMZwNd3ThU-unsplash-1024x683.jpg 1024w, https:\/\/www.leaplytics.de\/wp-content\/uploads\/2020\/10\/scott-graham-OQMZwNd3ThU-unsplash-scaled-600x401.jpg 600w, https:\/\/www.leaplytics.de\/wp-content\/uploads\/2020\/10\/scott-graham-OQMZwNd3ThU-unsplash-300x200.jpg 300w, https:\/\/www.leaplytics.de\/wp-content\/uploads\/2020\/10\/scott-graham-OQMZwNd3ThU-unsplash-768x513.jpg 768w, https:\/\/www.leaplytics.de\/wp-content\/uploads\/2020\/10\/scott-graham-OQMZwNd3ThU-unsplash-1536x1025.jpg 1536w, https:\/\/www.leaplytics.de\/wp-content\/uploads\/2020\/10\/scott-graham-OQMZwNd3ThU-unsplash-2048x1367.jpg 2048w, https:\/\/www.leaplytics.de\/wp-content\/uploads\/2020\/10\/scott-graham-OQMZwNd3ThU-unsplash-90x60.jpg 90w\" sizes=\"auto, (max-width: 1024px) 100vw, 1024px\" \/><\/figure><\/div>\n\n\n<div style=\"height:19px\" aria-hidden=\"true\" class=\"wp-block-spacer\"><\/div>\n\n\n\n<p>En tant que partenaire, vous obtenez les informations les plus r\u00e9centes sur les versions ainsi qu'une vision approfondie du pipeline de d\u00e9veloppement. Vous avez ainsi une longueur d'avance sur le march\u00e9 et pouvez fournir un service exceptionnel \u00e0 vos clients. En outre, vous pouvez participer activement \u00e0 notre processus de d\u00e9veloppement afin de fa\u00e7onner l'avenir des visuels.<\/p>\n\n\n\n<h4 class=\"wp-block-heading\">Vous \u00eates pr\u00eat \u00e0 vous associer \u00e0 nous ?<\/h4>\n\n\n\n<p>Inscrivez-vous d\u00e8s aujourd'hui \u00e0 notre programme de partenariat\/revente en remplissant le formulaire ci-dessous. Nous vous contacterons pour discuter de l'offre et de vos avantages. Nous sommes impatients d'en savoir plus sur votre entreprise et d'explorer les possibilit\u00e9s passionnantes d'un partenariat r\u00e9ussi !<\/p>\n\n\n<div class=\"wpforms-container wpforms-container-full\" id=\"wpforms-11630\"><form id=\"wpforms-form-11630\" class=\"wpforms-validate wpforms-form wpforms-ajax-form\" data-formid=\"11630\" method=\"post\" enctype=\"multipart\/form-data\" action=\"\/fr\/wp-json\/wp\/v2\/pages\/11629\" data-token=\"83a2090e9e48df855c215049ad37212a\" data-token-time=\"1777616097\" data-trp-original-action=\"\/fr\/wp-json\/wp\/v2\/pages\/11629\"><div class=\"wpforms-head-container\"><div class=\"wpforms-title\">Demande de partenariat<\/div><\/div><noscript class=\"wpforms-error-noscript\">Veuillez activer JavaScript dans votre navigateur pour remplir ce formulaire.<\/noscript><div class=\"wpforms-field-container\"><div id=\"wpforms-11630-field_0-container\" class=\"wpforms-field wpforms-field-name\" data-field-id=\"0\"><label class=\"wpforms-field-label\">Nom <span class=\"wpforms-required-label\">*<\/span><\/label><div class=\"wpforms-field-row wpforms-field-medium\"><div class=\"wpforms-field-row-block wpforms-first wpforms-one-half\"><input type=\"text\" id=\"wpforms-11630-field_0\" class=\"wpforms-field-name-first wpforms-field-required\" name=\"wpforms[fields][0][first]\" required><label for=\"wpforms-11630-field_0\" class=\"wpforms-field-sublabel after\">Pr\u00e9nom<\/label><\/div><div class=\"wpforms-field-row-block wpforms-one-half\"><input type=\"text\" id=\"wpforms-11630-field_0-last\" class=\"wpforms-field-name-last wpforms-field-required\" name=\"wpforms[fields][0][last]\" required><label for=\"wpforms-11630-field_0-last\" class=\"wpforms-field-sublabel after\">Nom<\/label><\/div><\/div><\/div><div id=\"wpforms-11630-field_1-container\" class=\"wpforms-field wpforms-field-email\" data-field-id=\"1\"><label class=\"wpforms-field-label\" for=\"wpforms-11630-field_1\">Courriel <span class=\"wpforms-required-label\">*<\/span><\/label><input type=\"email\" id=\"wpforms-11630-field_1\" class=\"wpforms-field-medium wpforms-field-required\" data-rule-restricted-email=\"1\" name=\"wpforms[fields][1]\" spellcheck=\"false\" required><\/div><div id=\"wpforms-11630-field_4-container\" class=\"wpforms-field wpforms-field-text\" data-field-id=\"4\"><label class=\"wpforms-field-label\" for=\"wpforms-11630-field_4\">Entreprise <span class=\"wpforms-required-label\">*<\/span><\/label><input type=\"text\" id=\"wpforms-11630-field_4\" class=\"wpforms-field-medium wpforms-field-required\" name=\"wpforms[fields][4]\" required><\/div><div id=\"wpforms-11630-field_3-container\" class=\"wpforms-field wpforms-field-gdpr-checkbox\" data-field-id=\"3\"><label class=\"wpforms-field-label\">Accord GDPR <span class=\"wpforms-required-label\">*<\/span><\/label><ul id=\"wpforms-11630-field_3\" class=\"wpforms-field-required\"><li class=\"choice-1\"><input type=\"checkbox\" id=\"wpforms-11630-field_3_1\" name=\"wpforms[fields][3][]\" value=\"I consent to having this website store my submitted information so they can respond to my inquiry.\" required><label class=\"wpforms-field-label-inline\" for=\"wpforms-11630-field_3_1\">Je consens \u00e0 ce que ce site web stocke les informations que j'ai fournies afin de pouvoir r\u00e9pondre \u00e0 ma demande.<\/label><\/li><\/ul><\/div><\/div><!-- .wpforms-field-container --><div class=\"wpforms-recaptcha-container wpforms-is-recaptcha wpforms-is-recaptcha-type-v3\" ><input type=\"hidden\" name=\"wpforms[recaptcha]\" value=\"\"><\/div><div class=\"wpforms-submit-container\" ><input type=\"hidden\" name=\"wpforms[id]\" value=\"11630\"><input type=\"hidden\" name=\"page_title\" value=\"\"><input type=\"hidden\" name=\"page_url\" value=\"https:\/\/www.leaplytics.de\/fr\/wp-json\/wp\/v2\/pages\/11629\"><input type=\"hidden\" name=\"url_referer\" value=\"\"><button type=\"submit\" name=\"wpforms[submit]\" id=\"wpforms-submit-11630\" class=\"wpforms-submit\" data-alt-text=\"Sending...\" data-submit-text=\"Submit\" aria-live=\"assertive\" value=\"wpforms-submit\">Soumettre<\/button><img loading=\"lazy\" decoding=\"async\" src=\"https:\/\/www.leaplytics.de\/wp-content\/plugins\/wpforms-lite\/assets\/images\/submit-spin.svg\" class=\"wpforms-submit-spinner\" style=\"display: none;\" width=\"26\" height=\"26\" alt=\"Chargement en cours\"><\/div><input type=\"hidden\" name=\"trp-form-language\" value=\"fr\"\/><\/form><\/div>  <!-- .wpforms-container -->","protected":false},"excerpt":{"rendered":"<p>Notre programme de partenariat\/revente Devenez partenaire de LeapLytics. Distribuez des licences par vos propres moyens afin de permettre \u00e0 vos clients de b\u00e9n\u00e9ficier d'un point de contact unique avec des solutions BI de premier plan. Nous offrons des rabais et des ristournes si vous distribuez et\/ou vendez les licences par vous-m\u00eame ou par l'interm\u00e9diaire de nos canaux de distribution. En outre, vous \u00eates \u00e9galement autoris\u00e9 \u00e0 ... <\/p>","protected":false},"author":2,"featured_media":0,"parent":0,"menu_order":0,"comment_status":"closed","ping_status":"closed","template":"","meta":{"footnotes":""},"class_list":["post-11629","page","type-page","status-publish","hentry","latest_post"],"_links":{"self":[{"href":"https:\/\/www.leaplytics.de\/fr\/wp-json\/wp\/v2\/pages\/11629","targetHints":{"allow":["GET"]}}],"collection":[{"href":"https:\/\/www.leaplytics.de\/fr\/wp-json\/wp\/v2\/pages"}],"about":[{"href":"https:\/\/www.leaplytics.de\/fr\/wp-json\/wp\/v2\/types\/page"}],"author":[{"embeddable":true,"href":"https:\/\/www.leaplytics.de\/fr\/wp-json\/wp\/v2\/users\/2"}],"replies":[{"embeddable":true,"href":"https:\/\/www.leaplytics.de\/fr\/wp-json\/wp\/v2\/comments?post=11629"}],"version-history":[{"count":5,"href":"https:\/\/www.leaplytics.de\/fr\/wp-json\/wp\/v2\/pages\/11629\/revisions"}],"predecessor-version":[{"id":13369,"href":"https:\/\/www.leaplytics.de\/fr\/wp-json\/wp\/v2\/pages\/11629\/revisions\/13369"}],"wp:attachment":[{"href":"https:\/\/www.leaplytics.de\/fr\/wp-json\/wp\/v2\/media?parent=11629"}],"curies":[{"name":"wp","href":"https:\/\/api.w.org\/{rel}","templated":true}]}}