{"id":11926,"date":"2023-07-18T10:22:34","date_gmt":"2023-07-18T08:22:34","guid":{"rendered":"https:\/\/www.leaplytics.de\/?page_id=11926"},"modified":"2024-10-29T12:39:50","modified_gmt":"2024-10-29T11:39:50","slug":"visualisation-markdown-pour-power-bi","status":"publish","type":"page","link":"https:\/\/www.leaplytics.de\/fr\/visualisation-markdown-pour-power-bi\/","title":{"rendered":"Markdown Viewer Visual pour Power BI"},"content":{"rendered":"<p>Voici le visuel personnalis\u00e9 Markdown-to-HTML pour Power BI : racontez l'histoire de vos donn\u00e9es avec un \u00e9diteur de texte \u00e0 part enti\u00e8re dans votre tableau de bord de donn\u00e9es ! Mettez en valeur les informations pertinentes gr\u00e2ce \u00e0 un texte format\u00e9 dans votre exp\u00e9rience de visualisation des donn\u00e9es !<\/p>\n\n\n\n<p>Nous sommes heureux de pr\u00e9senter une solution qui change la donne et qui permet aux utilisateurs de Power BI d'int\u00e9grer de mani\u00e8re transparente des textes magnifiquement format\u00e9s dans leurs rapports et tableaux de bord.<\/p>\n\n\n\n<h3 class=\"wp-block-heading has-text-align-left\">Avantages<\/h3>\n\n\n\n<h5 class=\"wp-block-heading\">Lib\u00e9rer la puissance de Markdown<\/h5>\n\n\n\n<p>Un langage de balisage largement adopt\u00e9 avec des capacit\u00e9s de formatage de texte simples et expressives vous permet de cr\u00e9er des titres, des listes, des liens et d'autres \u00e9l\u00e9ments de texte format\u00e9s directement \u00e0 c\u00f4t\u00e9 de vos visualisations de donn\u00e9es !<\/p>\n\n\n\n<h5 class=\"wp-block-heading\">Cr\u00e9er des r\u00e9cits visuels convaincants<\/h5>\n\n\n\n<p>Le visuel personnalis\u00e9 Markdown-to-HTML vous permet de cr\u00e9er des r\u00e9cits captivants dans votre histoire de donn\u00e9es en combinant de mani\u00e8re transparente un texte richement format\u00e9 avec vos visualisations. Vous pouvez fournir des explications d\u00e9taill\u00e9es, des id\u00e9es et de la documentation \u00e0 l'appui de vos donn\u00e9es, ce qui am\u00e9liore la clart\u00e9 et l'impact de votre message.<\/p>\n\n\n\n<h5 class=\"wp-block-heading\">Int\u00e9gration simplifi\u00e9e<\/h5>\n\n\n\n<p>Notre visuel personnalis\u00e9 s'int\u00e8gre de mani\u00e8re transparente dans votre environnement Power BI, garantissant ainsi une exp\u00e9rience conviviale. Il vous suffit de saisir votre code Markdown ou de vous connecter \u00e0 une source de donn\u00e9es contenant du contenu Markdown, et notre visuel s'occupe du reste.<\/p>\n\n\n\n<h5 class=\"wp-block-heading\">Personnalisez votre style<\/h5>\n\n\n\n<p>Notre visuel personnalis\u00e9 Markdown-to-HTML offre des options de personnalisation \u00e9tendues pour int\u00e9grer l'identit\u00e9 unique de votre marque. Adaptez l'apparence du visuel, comme les polices, les couleurs et les arri\u00e8re-plans, \u00e0 votre marque ou au th\u00e8me de votre rapport afin de pr\u00e9senter de mani\u00e8re coh\u00e9rente et professionnelle l'identit\u00e9 de votre organisation.<\/p>\n\n\n\n<h5 class=\"wp-block-heading\">Favoriser la collaboration et le partage des connaissances<\/h5>\n\n\n\n<p>Favorisez la collaboration, le partage des connaissances et la rationalisation des flux de travail au sein de votre organisation gr\u00e2ce \u00e0 ce format populaire de collaboration et de partage des connaissances.<\/p>\n\n\n\n<p>Am\u00e9liorez votre visualisation de donn\u00e9es avec notre visuel personnalis\u00e9 Markdown-to-HTML pour Power BI. Pr\u00e9sentez vos id\u00e9es et vos analyses d'une mani\u00e8re visuellement \u00e9tonnante et attrayante qui captivera votre public. Que vous soyez analyste de donn\u00e9es, professionnel ou cadre, ce visuel est con\u00e7u pour vous aider \u00e0 communiquer des id\u00e9es complexes sans effort et \u00e0 avoir un impact durable.<\/p>\n\n\n\n<p>Pr\u00eat \u00e0 transformer vos rapports et tableaux de bord Power BI ? T\u00e9l\u00e9chargez d\u00e8s aujourd'hui notre visuel personnalis\u00e9 Markdown-to-HTML et d\u00e9couvrez un monde de possibilit\u00e9s de formatage de texte dynamique.<\/p>\n\n\n\n<p><em>Am\u00e9liorez vos pr\u00e9sentations de donn\u00e9es gr\u00e2ce \u00e0 un m\u00e9lange parfait d'esth\u00e9tique visuelle et de contenu informatif. D\u00e9couvrez l'avenir de la narration de donn\u00e9es avec Markdown et Power BI.<\/em><\/p>\n\n\n\n<p><\/p>\n\n\n\n<h3 class=\"wp-block-heading\">Demandez votre licence d'essai<\/h3>\n\n\n<div class=\"wpforms-container wpforms-container-full\" id=\"wpforms-11888\"><form id=\"wpforms-form-11888\" class=\"wpforms-validate wpforms-form wpforms-ajax-form\" data-formid=\"11888\" method=\"post\" enctype=\"multipart\/form-data\" action=\"\/fr\/wp-json\/wp\/v2\/pages\/11926\" data-token=\"a7b6840c56f0e27e58a8eb6487a5a9ac\" data-token-time=\"1775779620\" data-trp-original-action=\"\/fr\/wp-json\/wp\/v2\/pages\/11926\"><noscript class=\"wpforms-error-noscript\">Veuillez activer JavaScript dans votre navigateur pour remplir ce formulaire.<\/noscript><div class=\"wpforms-field-container\"><div id=\"wpforms-11888-field_0-container\" class=\"wpforms-field wpforms-field-name\" data-field-id=\"0\"><label class=\"wpforms-field-label\">Nom <span class=\"wpforms-required-label\">*<\/span><\/label><div class=\"wpforms-field-row wpforms-field-medium\"><div class=\"wpforms-field-row-block wpforms-first wpforms-one-half\"><input type=\"text\" id=\"wpforms-11888-field_0\" class=\"wpforms-field-name-first wpforms-field-required\" name=\"wpforms[fields][0][first]\" required><label for=\"wpforms-11888-field_0\" class=\"wpforms-field-sublabel after\">Pr\u00e9nom<\/label><\/div><div class=\"wpforms-field-row-block wpforms-one-half\"><input type=\"text\" id=\"wpforms-11888-field_0-last\" class=\"wpforms-field-name-last wpforms-field-required\" name=\"wpforms[fields][0][last]\" required><label for=\"wpforms-11888-field_0-last\" class=\"wpforms-field-sublabel after\">Nom<\/label><\/div><\/div><\/div><div id=\"wpforms-11888-field_1-container\" class=\"wpforms-field wpforms-field-email\" data-field-id=\"1\"><label class=\"wpforms-field-label\" for=\"wpforms-11888-field_1\">Courriel professionnel <span class=\"wpforms-required-label\">*<\/span><\/label><input type=\"email\" id=\"wpforms-11888-field_1\" class=\"wpforms-field-medium wpforms-field-required\" data-rule-restricted-email=\"1\" name=\"wpforms[fields][1]\" spellcheck=\"false\" required><\/div><div id=\"wpforms-11888-field_4-container\" class=\"wpforms-field wpforms-field-text\" data-field-id=\"4\"><label class=\"wpforms-field-label\" for=\"wpforms-11888-field_4\">Entreprise <span class=\"wpforms-required-label\">*<\/span><\/label><input type=\"text\" id=\"wpforms-11888-field_4\" class=\"wpforms-field-medium wpforms-field-required\" name=\"wpforms[fields][4]\" required><\/div><div id=\"wpforms-11888-field_3-container\" class=\"wpforms-field wpforms-field-gdpr-checkbox\" data-field-id=\"3\"><label class=\"wpforms-field-label\">Accord GDPR <span class=\"wpforms-required-label\">*<\/span><\/label><ul id=\"wpforms-11888-field_3\" class=\"wpforms-field-required\"><li class=\"choice-1\"><input type=\"checkbox\" id=\"wpforms-11888-field_3_1\" name=\"wpforms[fields][3][]\" value=\"I consent to having this website store my submitted information so they can respond to my inquiry.\" required><label class=\"wpforms-field-label-inline\" for=\"wpforms-11888-field_3_1\">Je consens \u00e0 ce que ce site web stocke les informations que j'ai fournies afin de pouvoir r\u00e9pondre \u00e0 ma demande.<\/label><\/li><\/ul><\/div><\/div><!-- .wpforms-field-container --><div class=\"wpforms-recaptcha-container wpforms-is-recaptcha wpforms-is-recaptcha-type-v3\" ><input type=\"hidden\" name=\"wpforms[recaptcha]\" value=\"\"><\/div><div class=\"wpforms-submit-container\" ><input type=\"hidden\" name=\"wpforms[id]\" value=\"11888\"><input type=\"hidden\" name=\"page_title\" value=\"\"><input type=\"hidden\" name=\"page_url\" value=\"https:\/\/www.leaplytics.de\/fr\/wp-json\/wp\/v2\/pages\/11926\"><input type=\"hidden\" name=\"url_referer\" value=\"\"><button type=\"submit\" name=\"wpforms[submit]\" id=\"wpforms-submit-11888\" class=\"wpforms-submit\" data-alt-text=\"Sending...\" data-submit-text=\"Submit\" aria-live=\"assertive\" value=\"wpforms-submit\">Soumettre<\/button><img loading=\"lazy\" decoding=\"async\" src=\"https:\/\/www.leaplytics.de\/wp-content\/plugins\/wpforms-lite\/assets\/images\/submit-spin.svg\" class=\"wpforms-submit-spinner\" style=\"display: none;\" width=\"26\" height=\"26\" alt=\"Chargement en cours\"><\/div><input type=\"hidden\" name=\"trp-form-language\" value=\"fr\"\/><\/form><\/div>  <!-- .wpforms-container -->\n\n\n\n<div style=\"height:50px\" aria-hidden=\"true\" class=\"wp-block-spacer\"><\/div>\n\n\n\n<h3 class=\"wp-block-heading has-text-align-left\" id=\"tutorial\">Pour commencer<\/h3>\n\n\n\n<p><em>Comment puis-je commencer ?<\/em> Demandez une licence d'essai ci-dessus. Et quand vous avez re\u00e7u un code de licence ? Cliquez ci-dessous pour d\u00e9marrer notre tutoriel.<\/p>\n\n\n\n<figure class=\"wp-block-embed is-type-wp-embed is-provider-leaplytics wp-block-embed-leaplytics\"><div class=\"wp-block-embed__wrapper\">\n<blockquote class=\"wp-embedded-content\" data-secret=\"IL8vEweSWi\"><a href=\"https:\/\/www.leaplytics.de\/fr\/debuter-markdown-viewer-power-bi\/\">Mise en route - Markdown Viewer<\/a><\/blockquote><iframe loading=\"lazy\" class=\"wp-embedded-content\" sandbox=\"allow-scripts\" security=\"restricted\" style=\"position: absolute; clip: rect(1px, 1px, 1px, 1px);\" title=\"&quot;D\u00e9marrage - Markdown Viewer&quot; - LeapLytics\" src=\"https:\/\/www.leaplytics.de\/getting-started-markdown-viewer-power-bi\/embed\/#?secret=huMdA44Ho4#?secret=IL8vEweSWi\" data-secret=\"IL8vEweSWi\" width=\"600\" height=\"338\" frameborder=\"0\" marginwidth=\"0\" marginheight=\"0\" scrolling=\"no\"><\/iframe>\n<\/div><\/figure>","protected":false},"excerpt":{"rendered":"<p>Voici le visuel personnalis\u00e9 Markdown-to-HTML pour Power BI : racontez l'histoire de vos donn\u00e9es avec un \u00e9diteur de texte \u00e0 part enti\u00e8re dans votre tableau de bord de donn\u00e9es ! Mettez en valeur les informations pertinentes gr\u00e2ce \u00e0 un texte format\u00e9 dans votre exp\u00e9rience de visualisation de donn\u00e9es ! Nous sommes ravis de vous pr\u00e9senter une solution qui change la donne et qui permet aux utilisateurs de Power BI d'int\u00e9grer de mani\u00e8re transparente du texte joliment format\u00e9 dans leurs rapports et ... <\/p>","protected":false},"author":2,"featured_media":0,"parent":0,"menu_order":0,"comment_status":"closed","ping_status":"closed","template":"","meta":{"footnotes":""},"class_list":["post-11926","page","type-page","status-publish","hentry","latest_post"],"_links":{"self":[{"href":"https:\/\/www.leaplytics.de\/fr\/wp-json\/wp\/v2\/pages\/11926","targetHints":{"allow":["GET"]}}],"collection":[{"href":"https:\/\/www.leaplytics.de\/fr\/wp-json\/wp\/v2\/pages"}],"about":[{"href":"https:\/\/www.leaplytics.de\/fr\/wp-json\/wp\/v2\/types\/page"}],"author":[{"embeddable":true,"href":"https:\/\/www.leaplytics.de\/fr\/wp-json\/wp\/v2\/users\/2"}],"replies":[{"embeddable":true,"href":"https:\/\/www.leaplytics.de\/fr\/wp-json\/wp\/v2\/comments?post=11926"}],"version-history":[{"count":3,"href":"https:\/\/www.leaplytics.de\/fr\/wp-json\/wp\/v2\/pages\/11926\/revisions"}],"predecessor-version":[{"id":13652,"href":"https:\/\/www.leaplytics.de\/fr\/wp-json\/wp\/v2\/pages\/11926\/revisions\/13652"}],"wp:attachment":[{"href":"https:\/\/www.leaplytics.de\/fr\/wp-json\/wp\/v2\/media?parent=11926"}],"curies":[{"name":"wp","href":"https:\/\/api.w.org\/{rel}","templated":true}]}}