{"id":12086,"date":"2023-08-02T17:05:19","date_gmt":"2023-08-02T15:05:19","guid":{"rendered":"https:\/\/www.leaplytics.de\/?page_id=12086"},"modified":"2023-08-06T14:32:15","modified_gmt":"2023-08-06T12:32:15","slug":"migration-de-qlikview-vers-power-bi","status":"publish","type":"page","link":"https:\/\/www.leaplytics.de\/fr\/migration-de-qlikview-vers-power-bi\/","title":{"rendered":"Migration de QlikView vers Power BI - Notre approche"},"content":{"rendered":"<p>Vous utilisez actuellement QlikView mais vous envisagez de passer \u00e0 Power BI ?  Chez LeapLytics, nous sommes sp\u00e9cialis\u00e9s dans la fourniture de services de migration experts pour vous aider \u00e0 passer en douceur de QlikView \u00e0 Power BI. Notre \u00e9quipe de professionnels qualifi\u00e9s a une grande exp\u00e9rience dans la gestion de telles migrations, garantissant un processus fluide et efficace pour votre organisation.<\/p>\n\n\n\n<h3 class=\"wp-block-heading\"><strong>Pourquoi migrer de QlikView \u00e0 Power BI ?<\/strong><\/h3>\n\n\n\n<p>Alors que les technologies de veille strat\u00e9gique continuent d'\u00e9voluer, les entreprises trouvent souvent avantageux de passer \u00e0 des plateformes plus modernes et plus robustes comme Power BI. Voici quelques bonnes raisons d'envisager la migration de QlikView vers Power BI :<\/p>\n\n\n\n<ol class=\"wp-block-list\">\n<li><strong>Visualisation am\u00e9lior\u00e9e des donn\u00e9es :<\/strong> Power BI offre un large \u00e9ventail d'options de visualisation, vous permettant de pr\u00e9senter les donn\u00e9es de mani\u00e8re plus claire et plus interactive, afin de donner \u00e0 vos d\u00e9cideurs de meilleures informations.<\/li>\n\n\n\n<li><strong>Int\u00e9gration \u00e0 l'\u00e9cosyst\u00e8me Microsoft :<\/strong> Si votre organisation utilise d\u00e9j\u00e0 des outils Microsoft tels qu'Excel, SharePoint ou Office 365, Power BI s'int\u00e8gre de mani\u00e8re transparente \u00e0 ces plateformes, rationalisant ainsi votre flux de travail.<\/li>\n\n\n\n<li><strong>\u00c9volutivit\u00e9 et performance :<\/strong> Au fur et \u00e0 mesure que vos besoins en donn\u00e9es augmentent, Power BI peut g\u00e9rer des ensembles de donn\u00e9es volumineux et des requ\u00eates complexes avec une efficacit\u00e9 et une rapidit\u00e9 remarquables.<\/li>\n\n\n\n<li><strong>Capacit\u00e9s de l'informatique en nuage :<\/strong> Gr\u00e2ce aux fonctionnalit\u00e9s cloud de Power BI, vous pouvez facilement partager des rapports et collaborer avec vos coll\u00e8gues, garantissant ainsi un acc\u00e8s en temps r\u00e9el aux informations essentielles.<\/li>\n\n\n\n<li><strong>Mises \u00e0 jour r\u00e9guli\u00e8res et assistance :<\/strong> Power BI fait l'objet de mises \u00e0 jour et d'am\u00e9liorations fr\u00e9quentes de la part de Microsoft, ce qui vous garantit l'acc\u00e8s aux derni\u00e8res fonctionnalit\u00e9s et am\u00e9liorations.<\/li>\n<\/ol>\n\n\n\n<h3 class=\"wp-block-heading\"><strong>Consid\u00e9rations pour une migration r\u00e9ussie de QlikView vers Power BI<\/strong><\/h3>\n\n\n\n<p>La migration d'une plateforme de veille strat\u00e9gique vers une autre peut s'av\u00e9rer complexe. Pour garantir une migration r\u00e9ussie, il est essentiel de prendre en compte les \u00e9l\u00e9ments cl\u00e9s suivants :<\/p>\n\n\n\n<ol class=\"wp-block-list\">\n<li><strong>\u00c9valuation des donn\u00e9es :<\/strong> Analyser vos donn\u00e9es QlikView existantes pour d\u00e9terminer leur structure, leur qualit\u00e9 et leur pertinence pour la migration. Identifier les besoins potentiels en mati\u00e8re de nettoyage et de transformation des donn\u00e9es.<\/li>\n\n\n\n<li><strong>Cartographie des r\u00e9f\u00e9rentiels, des rapports et des tableaux de bord :<\/strong> Comprenez parfaitement vos r\u00e9f\u00e9rentiels, rapports et tableaux de bord QlikView actuels. Cr\u00e9ez un plan de mappage pour reproduire ces visualisations dans Power BI tout en tirant parti de ses caract\u00e9ristiques uniques.<\/li>\n\n\n\n<li><strong>Mod\u00e9lisation des donn\u00e9es dans Power BI :<\/strong> Concevez un mod\u00e8le de donn\u00e9es efficace dans Power BI qui s'aligne sur les exigences de votre entreprise et optimise les performances.<\/li>\n\n\n\n<li><strong>S\u00e9curit\u00e9 et autorisations :<\/strong> D\u00e9finir les r\u00f4les et les autorisations de s\u00e9curit\u00e9 dans Power BI pour s'assurer que l'acc\u00e8s aux donn\u00e9es est g\u00e9r\u00e9 et restreint de mani\u00e8re appropri\u00e9e.<\/li>\n\n\n\n<li><strong>Formation des utilisateurs et adoption :<\/strong> Pr\u00e9parez votre \u00e9quipe \u00e0 la migration en lui fournissant une formation compl\u00e8te sur les caract\u00e9ristiques et les fonctionnalit\u00e9s de Power BI.<\/li>\n\n\n\n<li><strong>Essais et assurance de la qualit\u00e9 :<\/strong> Effectuer des tests rigoureux afin d'identifier et de r\u00e9soudre les probl\u00e8mes \u00e9ventuels avant de mettre la solution en service.<\/li>\n\n\n\n<li><strong>Assistance post-migration :<\/strong> Offrir un support continu pour r\u00e9soudre les probl\u00e8mes li\u00e9s \u00e0 la migration et aider les utilisateurs \u00e0 exploiter pleinement les capacit\u00e9s de Power BI.<\/li>\n<\/ol>\n\n\n\n<h3 class=\"wp-block-heading\"><strong>Pourquoi LeapLytics pour votre migration de QlikView vers Power BI ?<\/strong><\/h3>\n\n\n\n<p>Chez LeapLytics, nous sommes fiers de notre approche centr\u00e9e sur le client et de notre connaissance approfondie de QlikView et de Power BI. Notre \u00e9quipe d'experts poss\u00e8de les comp\u00e9tences et les connaissances requises pour mener \u00e0 bien le processus de migration en toute transparence, en garantissant un minimum de perturbations dans vos op\u00e9rations commerciales. En nous choisissant, vous b\u00e9n\u00e9ficiez de :<\/p>\n\n\n\n<ul class=\"wp-block-list\">\n<li><strong>Exp\u00e9rience et expertise :<\/strong> Nos professionnels chevronn\u00e9s ont r\u00e9alis\u00e9 avec succ\u00e8s de nombreuses migrations de QlikView vers Power BI, ce qui les rend aptes \u00e0 g\u00e9rer toutes les complexit\u00e9s qui peuvent survenir.<\/li>\n\n\n\n<li><strong>Des solutions sur mesure :<\/strong> Nous comprenons que les besoins de chaque organisation sont uniques. C'est pourquoi nous proposons des strat\u00e9gies de migration personnalis\u00e9es qui r\u00e9pondent \u00e0 vos besoins sp\u00e9cifiques.<\/li>\n\n\n\n<li><strong>S\u00e9curit\u00e9 des donn\u00e9es :<\/strong> Nous accordons la priorit\u00e9 \u00e0 la s\u00e9curit\u00e9 de vos informations sensibles et suivons les meilleures pratiques du secteur pour prot\u00e9ger vos donn\u00e9es pendant et apr\u00e8s la migration.<\/li>\n\n\n\n<li><strong>Soutien continu :<\/strong> Notre engagement pour votre r\u00e9ussite va au-del\u00e0 du processus de migration. Nous fournissons un support continu pour r\u00e9pondre \u00e0 toutes les pr\u00e9occupations et aider \u00e0 l'adoption de Power BI.<\/li>\n<\/ul>\n\n\n\n<p>LeapLytics est votre partenaire de confiance pour rendre le passage de QlikView \u00e0 Power BI aussi transparent que possible. Contactez-nous d\u00e8s aujourd'hui pour en savoir plus sur nos services de migration et faire le premier pas vers l'exploitation du v\u00e9ritable potentiel de vos donn\u00e9es.<\/p>\n\n\n\n<h4 class=\"wp-block-heading\"><strong>Contactez-nous d\u00e8s aujourd'hui<\/strong><\/h4>\n\n\n\n<p>Vous avez des questions sur la migration de QlikView vers Power BI ou vous \u00eates int\u00e9ress\u00e9 par nos services ? N'h\u00e9sitez pas \u00e0 nous contacter pour une consultation. Nous sommes l\u00e0 pour vous aider \u00e0 r\u00e9ussir votre transition vers Power BI. Contactez nos experts et <a href=\"https:\/\/www.leaplytics.de\/fr\/contact\/\"><strong>envoyez-nous un message<\/strong><\/a>.<\/p>\n\n\n\n<p>(<em>N'h\u00e9sitez pas \u00e0 nous contacter m\u00eame si vous avez besoin de conseils sur un autre aspect de la veille strat\u00e9gique, de l'analyse des donn\u00e9es ou de la visualisation. Notre \u00e9quipe est bien \u00e9quip\u00e9e pour vous aider dans divers projets li\u00e9s aux donn\u00e9es.<\/em>)<\/p>","protected":false},"excerpt":{"rendered":"<p>Vous utilisez actuellement QlikView mais vous envisagez de passer \u00e0 Power BI ? Chez LeapLytics, nous sommes sp\u00e9cialis\u00e9s dans la fourniture de services de migration experts pour vous aider \u00e0 passer en douceur de QlikView \u00e0 Power BI. Notre \u00e9quipe de professionnels qualifi\u00e9s a une grande exp\u00e9rience dans la gestion de telles migrations, assurant un processus fluide et efficace pour votre organisation. Pourquoi migrer de ... <\/p>","protected":false},"author":2,"featured_media":0,"parent":0,"menu_order":0,"comment_status":"closed","ping_status":"closed","template":"","meta":{"footnotes":""},"class_list":["post-12086","page","type-page","status-publish","hentry","latest_post"],"_links":{"self":[{"href":"https:\/\/www.leaplytics.de\/fr\/wp-json\/wp\/v2\/pages\/12086","targetHints":{"allow":["GET"]}}],"collection":[{"href":"https:\/\/www.leaplytics.de\/fr\/wp-json\/wp\/v2\/pages"}],"about":[{"href":"https:\/\/www.leaplytics.de\/fr\/wp-json\/wp\/v2\/types\/page"}],"author":[{"embeddable":true,"href":"https:\/\/www.leaplytics.de\/fr\/wp-json\/wp\/v2\/users\/2"}],"replies":[{"embeddable":true,"href":"https:\/\/www.leaplytics.de\/fr\/wp-json\/wp\/v2\/comments?post=12086"}],"version-history":[{"count":0,"href":"https:\/\/www.leaplytics.de\/fr\/wp-json\/wp\/v2\/pages\/12086\/revisions"}],"wp:attachment":[{"href":"https:\/\/www.leaplytics.de\/fr\/wp-json\/wp\/v2\/media?parent=12086"}],"curies":[{"name":"wp","href":"https:\/\/api.w.org\/{rel}","templated":true}]}}