{"id":12944,"date":"2023-12-18T23:03:40","date_gmt":"2023-12-18T22:03:40","guid":{"rendered":"https:\/\/www.leaplytics.de\/?page_id=12944"},"modified":"2023-12-18T23:03:40","modified_gmt":"2023-12-18T22:03:40","slug":"gestion-des-risques-ehs-power-bi-pour-les-industries-minieres-et-petrolieres","status":"publish","type":"page","link":"https:\/\/www.leaplytics.de\/fr\/gestion-des-risques-ehs-power-bi-pour-les-industries-minieres-et-petrolieres\/","title":{"rendered":"Gestion des risques EHS Power BI pour les industries mini\u00e8res et p\u00e9troli\u00e8res"},"content":{"rendered":"<h3 class=\"wp-block-heading\">Introduction<\/h3>\n\n\n\n<p>Les industries mini\u00e8res et p\u00e9troli\u00e8res sont cruciales pour l'\u00e9conomie mondiale, car elles fournissent des ressources et de l'\u00e9nergie. Mais elles sont confront\u00e9es \u00e0 des d\u00e9fis en mati\u00e8re de risques environnementaux, sanitaires et s\u00e9curitaires (EHS). Les entreprises consid\u00e8rent d\u00e9sormais qu'une gestion solide des risques EHS est essentielle \u00e0 leur r\u00e9ussite. Cet article montre comment notre matrice des risques Power BI peut am\u00e9liorer la gestion des risques EHS.<\/p>\n\n\n\n<h3 class=\"wp-block-heading\"><strong>Comprendre la gestion des risques en mati\u00e8re d'environnement, d'hygi\u00e8ne et de s\u00e9curit\u00e9<\/strong><\/h3>\n\n\n\n<p>Dans les secteurs minier et p\u00e9trolier, les principales pr\u00e9occupations sont les risques pour l'environnement, la sant\u00e9 et la s\u00e9curit\u00e9. Il s'agit notamment de la perturbation de l'habitat, de la pollution, des accidents et des probl\u00e8mes juridiques. Une gestion rigoureuse des risques en mati\u00e8re d'environnement, de sant\u00e9 et de s\u00e9curit\u00e9 est essentielle pour assurer la durabilit\u00e9 et la r\u00e9ussite des op\u00e9rations.<\/p>\n\n\n\n<h3 class=\"wp-block-heading\"><strong>Matrice des risques Power BI<\/strong><\/h3>\n\n\n\n<p>La matrice des risques est un outil efficace pour g\u00e9rer les risques EHS avec Power BI. Voici en quoi il est utile :<\/p>\n\n\n\n<ol class=\"wp-block-list\">\n<li><strong>Identification des risques :<\/strong> Recueille des donn\u00e9es pour rep\u00e9rer les risques en mati\u00e8re de s\u00e9curit\u00e9, de conformit\u00e9 ou de sant\u00e9.<\/li>\n\n\n\n<li><strong>Visualisation :<\/strong> cat\u00e9gorise les risques, aidant les d\u00e9cideurs \u00e0 percevoir les probl\u00e8mes urgents.<\/li>\n\n\n\n<li><strong>Contr\u00f4le des performances :<\/strong> Mise \u00e0 jour des donn\u00e9es EHS pour une gestion proactive des risques.<\/li>\n\n\n\n<li><strong>Tableaux de bord interactifs : <\/strong>Afficher en temps r\u00e9el les mesures de risque, les incidents et les tendances pour faciliter le suivi des performances.<\/li>\n<\/ol>\n\n\n\n<div class=\"wp-block-buttons is-layout-flex wp-block-buttons-is-layout-flex\" id=\"https:\/\/www.leaplytics.de\/frontpage\/project-management-custom-visuals-microsoft-powerbi\/risk-heatmap-custom-visual-for-power-bi\/\">\n<div class=\"wp-block-button has-custom-width wp-block-button__width-75 has-custom-font-size is-style-fill\" style=\"font-size:18px\"><a class=\"wp-block-button__link has-background wp-element-button\" href=\"https:\/\/www.leaplytics.de\/fr\/page-daccueil\/gestion-de-projets-visuels-personnalises-microsoft-powerbi\/carte-thermique-des-risques-visuel-personnalise-pour-power-bi\/\" style=\"background-color:#22316d\" rel=\"https:\/\/www.leaplytics.de\/frontpage\/project-management-custom-visuals-microsoft-powerbi\/risk-heatmap-custom-visual-for-power-bi\/\">D\u00e9couvrez notre \"Matrice des risques\" visuelle personnalis\u00e9e pour Power BI ici !<\/a><\/div>\n<\/div>\n\n\n\n<p><\/p>\n\n\n\n<h3 class=\"wp-block-heading\"><strong>Accro\u00eetre les performances gr\u00e2ce \u00e0 la gestion des risques en mati\u00e8re d'environnement, d'hygi\u00e8ne et de s\u00e9curit\u00e9<\/strong><\/h3>\n\n\n\n<p>Une gestion efficace des risques en mati\u00e8re d'environnement, de sant\u00e9 et de s\u00e9curit\u00e9 am\u00e9liore les performances :<\/p>\n\n\n\n<ul class=\"wp-block-list\">\n<li><strong>Efficacit\u00e9 op\u00e9rationnelle :<\/strong> R\u00e9duit les accidents, les pannes d'\u00e9quipement et les incidents environnementaux. L'efficacit\u00e9 s'en trouve am\u00e9lior\u00e9e et les temps d'arr\u00eat r\u00e9duits.<\/li>\n\n\n\n<li><strong>\u00c9conomies de co\u00fbts :<\/strong> Minimise les incidents, r\u00e9duisant les amendes, les frais de justice et les co\u00fbts de nettoyage.<\/li>\n\n\n\n<li><strong>Durabilit\u00e9 et r\u00e9putation :<\/strong> D\u00e9montre son engagement en faveur du d\u00e9veloppement durable. Cela renforce la r\u00e9putation et l'attrait pour les investisseurs et les clients.<\/li>\n\n\n\n<li><strong>Conformit\u00e9 :<\/strong> respecte les r\u00e8gles en mati\u00e8re d'environnement, d'hygi\u00e8ne et de s\u00e9curit\u00e9, ce qui lui permet d'entretenir de bonnes relations avec les autorit\u00e9s de r\u00e9glementation et d'\u00e9viter les sanctions.<\/li>\n\n\n\n<li><strong>Le bien-\u00eatre des employ\u00e9s :<\/strong> Priorit\u00e9 \u00e0 la s\u00e9curit\u00e9 et \u00e0 la sant\u00e9 de l'employeur. Cela permet d'am\u00e9liorer la motivation et la productivit\u00e9, de r\u00e9duire la rotation du personnel et l'absent\u00e9isme.<\/li>\n<\/ul>\n\n\n\n<h3 class=\"wp-block-heading\"><strong>Conclusion<\/strong><\/h3>\n\n\n\n<p>La gestion des risques en mati\u00e8re d'environnement, d'hygi\u00e8ne et de s\u00e9curit\u00e9 est essentielle \u00e0 l'excellence des op\u00e9rations. Notre matrice des risques dans Power BI est un excellent outil pour g\u00e9rer efficacement les risques. La gestion des risques EHS permet aux entreprises d'\u00eatre plus performantes et de r\u00e9duire leurs co\u00fbts. Elle les aide \u00e9galement \u00e0 se conformer aux r\u00e9glementations et \u00e0 instaurer une culture de la durabilit\u00e9 et de la s\u00e9curit\u00e9. Face aux d\u00e9fis d'aujourd'hui, la gestion des risques EHS via Power BI est la cl\u00e9 du succ\u00e8s.<\/p>","protected":false},"excerpt":{"rendered":"<p>Introduction Les industries mini\u00e8res et p\u00e9troli\u00e8res sont cruciales pour l'\u00e9conomie mondiale, car elles fournissent des ressources et de l'\u00e9nergie. Mais elles sont confront\u00e9es \u00e0 des d\u00e9fis en mati\u00e8re de risques environnementaux, sanitaires et s\u00e9curitaires (EHS). Les entreprises consid\u00e8rent d\u00e9sormais qu'une gestion solide des risques EHS est essentielle \u00e0 leur r\u00e9ussite. Cet article montre comment notre matrice des risques Power BI peut am\u00e9liorer la gestion des risques EHS. Comprendre les risques EHS ... <\/p>","protected":false},"author":55,"featured_media":12952,"parent":0,"menu_order":0,"comment_status":"closed","ping_status":"closed","template":"","meta":{"footnotes":""},"class_list":["post-12944","page","type-page","status-publish","has-post-thumbnail","hentry","latest_post"],"_links":{"self":[{"href":"https:\/\/www.leaplytics.de\/fr\/wp-json\/wp\/v2\/pages\/12944","targetHints":{"allow":["GET"]}}],"collection":[{"href":"https:\/\/www.leaplytics.de\/fr\/wp-json\/wp\/v2\/pages"}],"about":[{"href":"https:\/\/www.leaplytics.de\/fr\/wp-json\/wp\/v2\/types\/page"}],"author":[{"embeddable":true,"href":"https:\/\/www.leaplytics.de\/fr\/wp-json\/wp\/v2\/users\/55"}],"replies":[{"embeddable":true,"href":"https:\/\/www.leaplytics.de\/fr\/wp-json\/wp\/v2\/comments?post=12944"}],"version-history":[{"count":0,"href":"https:\/\/www.leaplytics.de\/fr\/wp-json\/wp\/v2\/pages\/12944\/revisions"}],"wp:featuredmedia":[{"embeddable":true,"href":"https:\/\/www.leaplytics.de\/fr\/wp-json\/wp\/v2\/media\/12952"}],"wp:attachment":[{"href":"https:\/\/www.leaplytics.de\/fr\/wp-json\/wp\/v2\/media?parent=12944"}],"curies":[{"name":"wp","href":"https:\/\/api.w.org\/{rel}","templated":true}]}}