{"id":13004,"date":"2023-12-18T23:06:58","date_gmt":"2023-12-18T22:06:58","guid":{"rendered":"https:\/\/www.leaplytics.de\/?page_id=13004"},"modified":"2024-04-09T20:48:32","modified_gmt":"2024-04-09T18:48:32","slug":"power-bi-topics","status":"publish","type":"page","link":"https:\/\/www.leaplytics.de\/fr\/power-bi-topics\/","title":{"rendered":"Sujets relatifs \u00e0 Power BI"},"content":{"rendered":"<p><a href=\"https:\/\/www.leaplytics.de\/fr\/gestion-des-risques-ehs-power-bi-pour-les-industries-minieres-et-petrolieres\/\">La gestion des risques EHS dans Power BI<\/a><\/p>\n\n\n\n<p><a href=\"https:\/\/www.leaplytics.de\/fr\/identification-des-risques-lies-a-lenergie-dans-les-industries-de-laviation-et-du-transport-de-croisiere\/\">Identification des risques dans les industries de l'aviation, de la croisi\u00e8re et du transport avec Power BI<\/a><\/p>\n\n\n\n<p><a href=\"https:\/\/www.leaplytics.de\/fr\/matrice-des-risques-osha-dans-power-bi\/\">Matrice des risques OSHA dans Power BI<\/a><\/p>\n\n\n\n<p><a href=\"https:\/\/www.leaplytics.de\/fr\/matrice-des-risques-esg-avec-microsoft-power-bi\/\">Matrice des risques ESG dans Power BI<\/a><\/p>\n\n\n\n<p><a href=\"https:\/\/www.leaplytics.de\/fr\/gestion-de-lassurance-qualite-des-fournisseurs-avec-power-bi\/\">Assurance \/ gestion de la qualit\u00e9 des fournisseurs avec Power BI<\/a><\/p>\n\n\n\n<p><a href=\"https:\/\/www.leaplytics.de\/fr\/power-bi-cybersecurity-risk-management\/\">Power BI : Gestion des risques de cybers\u00e9curit\u00e9<\/a><\/p>\n\n\n\n<p><a href=\"https:\/\/www.leaplytics.de\/fr\/gestion-des-risques-financiers-de-power-bi\/\">Power BI : Gestion des risques financiers dans le secteur des services financiers<\/a><\/p>\n\n\n\n<p><a href=\"https:\/\/www.leaplytics.de\/fr\/laissez-power-bi-ameliorer-votre-gestion-de-projet\/\">Laissez Power BI faire un bond en avant dans votre gestion de projet<\/a><\/p>\n\n\n\n<p><a href=\"https:\/\/www.leaplytics.de\/fr\/visualisation-de-texte-pour-power-bi\/\">Visualisation de texte pour Power BI<\/a><\/p>\n\n\n\n<p><a href=\"https:\/\/www.leaplytics.de\/fr\/matrice-des-opportunites-pour-power-bi\/\">Matrice des opportunit\u00e9s pour Power BI<\/a><\/p>","protected":false},"excerpt":{"rendered":"<p>Gestion des risques EHS avec Power BI Identification des risques dans les industries de l'aviation, de la croisi\u00e8re et du transport avec Power BI Matrice des risques OSHA avec Power BI Matrice des risques ESG avec Power BI Assurance \/ Gestion de la qualit\u00e9 des fournisseurs avec Power BI Gestion des risques de cybers\u00e9curit\u00e9 avec Power BI Gestion des risques financiers dans le secteur des services financiers avec Power BI ... <\/p>","protected":false},"author":2,"featured_media":0,"parent":0,"menu_order":0,"comment_status":"closed","ping_status":"closed","template":"","meta":{"footnotes":""},"class_list":["post-13004","page","type-page","status-publish","hentry","latest_post"],"_links":{"self":[{"href":"https:\/\/www.leaplytics.de\/fr\/wp-json\/wp\/v2\/pages\/13004","targetHints":{"allow":["GET"]}}],"collection":[{"href":"https:\/\/www.leaplytics.de\/fr\/wp-json\/wp\/v2\/pages"}],"about":[{"href":"https:\/\/www.leaplytics.de\/fr\/wp-json\/wp\/v2\/types\/page"}],"author":[{"embeddable":true,"href":"https:\/\/www.leaplytics.de\/fr\/wp-json\/wp\/v2\/users\/2"}],"replies":[{"embeddable":true,"href":"https:\/\/www.leaplytics.de\/fr\/wp-json\/wp\/v2\/comments?post=13004"}],"version-history":[{"count":4,"href":"https:\/\/www.leaplytics.de\/fr\/wp-json\/wp\/v2\/pages\/13004\/revisions"}],"predecessor-version":[{"id":13338,"href":"https:\/\/www.leaplytics.de\/fr\/wp-json\/wp\/v2\/pages\/13004\/revisions\/13338"}],"wp:attachment":[{"href":"https:\/\/www.leaplytics.de\/fr\/wp-json\/wp\/v2\/media?parent=13004"}],"curies":[{"name":"wp","href":"https:\/\/api.w.org\/{rel}","templated":true}]}}