{"id":13130,"date":"2024-02-19T14:11:39","date_gmt":"2024-02-19T13:11:39","guid":{"rendered":"https:\/\/www.leaplytics.de\/?page_id=13130"},"modified":"2024-02-20T10:03:59","modified_gmt":"2024-02-20T09:03:59","slug":"laissez-power-bi-ameliorer-votre-gestion-de-projet","status":"publish","type":"page","link":"https:\/\/www.leaplytics.de\/fr\/laissez-power-bi-ameliorer-votre-gestion-de-projet\/","title":{"rendered":"Laissez Power BI faire un bond en avant dans votre gestion de projet"},"content":{"rendered":"<p>Dans le paysage dynamique de la gestion de projet, o\u00f9 la pr\u00e9cision et la pr\u00e9voyance sont primordiales, il est essentiel de tirer parti de la technologie. Microsoft Power BI a chang\u00e9 la donne. Power BI offre aux gestionnaires de projets une plateforme dynamique pour am\u00e9liorer leurs processus de prise de d\u00e9cision.<\/p>\n\n\n\n<p>Dans ce guide complet, nous allons explorer comment Power BI peut am\u00e9liorer chaque phase.<sup>1 <\/sup>de la gestion de projet. Nous parlons des aspects fondamentaux d'un tableau de bord de gestion de projet performant.<\/p>\n\n\n\n<h3 class=\"wp-block-heading\" style=\"font-size:30px\">Phase de planification du projet<\/h3>\n\n\n\n<p class=\"has-medium-font-size\">1. <strong>D\u00e9finir le probl\u00e8me r\u00e9el :<\/strong><\/p>\n\n\n\n<p>Avant de se lancer dans le projet, il est essentiel de cerner le probl\u00e8me que vous essayez de r\u00e9soudre. Power BI vous y aide en vous permettant d'analyser les donn\u00e9es historiques, d'identifier des mod\u00e8les et de d\u00e9couvrir les probl\u00e8mes sous-jacents. Visualisez les facteurs de r\u00e9ussite et d'\u00e9chec des projets ant\u00e9rieurs pour prendre des d\u00e9cisions \u00e9clair\u00e9es.<\/p>\n\n\n\n<p class=\"has-medium-font-size\">2. <strong>Identifier les parties prenantes :<\/strong><\/p>\n\n\n\n<p>Les capacit\u00e9s de Power BI s'\u00e9tendent \u00e0 la gestion des parties prenantes. Cr\u00e9ez des visuels qui mettent en \u00e9vidence les diff\u00e9rentes fonctions ou personnes concern\u00e9es par le projet. Utilisez des organigrammes interactifs pour pr\u00e9senter leurs contributions et leurs attentes. Nous assurons ainsi l'alignement d\u00e8s le d\u00e9part.<\/p>\n\n\n\n<p class=\"has-medium-font-size\">3. <strong>D\u00e9finir les objectifs du projet :<\/strong><\/p>\n\n\n\n<p>L'\u00e9laboration d'objectifs explicites et g\u00e9rables est un d\u00e9fi. Les attentes et les objectifs des parties prenantes peuvent \u00e9galement \u00e9voluer au cours du projet. La flexibilit\u00e9 de Power BI vous permet d'adapter les objectifs au fur et \u00e0 mesure que vous recueillez des informations. Par exemple, cr\u00e9ez des visuels qui mettent \u00e0 jour les objectifs en fonction des donn\u00e9es en temps r\u00e9el.<\/p>\n\n\n\n<p class=\"has-medium-font-size\">4. <strong>D\u00e9terminer le champ d'application, les ressources et les principales t\u00e2ches :<\/strong><\/p>\n\n\n\n<p>Visualisez la port\u00e9e et les t\u00e2ches du projet, estimez les d\u00e9lais et les co\u00fbts. Cela permet de s'assurer que l'on comprend bien les besoins en ressources. Utilisez Power BI pour d\u00e9composer des activit\u00e9s complexes \u00e0 l'aide d'une structure de r\u00e9partition du travail (SRT).<\/p>\n\n\n\n<p class=\"has-medium-font-size\">5. <strong>Se pr\u00e9parer \u00e0 des compromis :<\/strong><\/p>\n\n\n\n<p>Power BI permet d'\u00e9tablir un \u00e9quilibre entre les d\u00e9lais, les co\u00fbts et la qualit\u00e9. Int\u00e9grez vos donn\u00e9es pour cr\u00e9er des graphiques qui montrent comment les variations de ces variables affectent les r\u00e9sultats du projet. Cette transparence facilite la prise de d\u00e9cision \u00e9clair\u00e9e et l'alignement des parties prenantes.<\/p>\n\n\n\n<h3 class=\"wp-block-heading\" style=\"font-size:30px\">Phase d'\u00e9laboration du projet<\/h3>\n\n\n\n<p class=\"has-medium-font-size\">6. <strong>Constituez votre \u00e9quipe :<\/strong><\/p>\n\n\n\n<p>Utilisez Power BI pour \u00e9valuer les comp\u00e9tences requises et visualiser la composition de l'\u00e9quipe. Utilisez les graphiques pour identifier les lacunes en mati\u00e8re de comp\u00e9tences, planifier la formation et \u00e9quiper votre \u00e9quipe pour qu'elle r\u00e9ussisse.<\/p>\n\n\n\n<p class=\"has-medium-font-size\">7. <strong>Planifier les affectations :<\/strong><\/p>\n\n\n\n<p>Cr\u00e9er des visuels qui facilitent une communication transparente au sein de l'\u00e9quipe. Visualiser les t\u00e2ches, les comp\u00e9tences requises et les comp\u00e9tences individuelles, afin de garantir une dynamique d'\u00e9quipe coh\u00e9rente.<\/p>\n\n\n\n<p class=\"has-medium-font-size\">8. <strong>Cr\u00e9er le calendrier :<\/strong><\/p>\n\n\n\n<p>Les capacit\u00e9s de Power BI s'\u00e9tendent \u00e0 la planification de projets gr\u00e2ce aux diagrammes de Gantt. D\u00e9veloppez des visuels qui illustrent les calendriers, identifient les chemins critiques et s'alignent sur les \u00e9ch\u00e9ances fix\u00e9es. Maintenir un calendrier r\u00e9aliste dans le respect des contraintes.<\/p>\n\n\n\n<p class=\"has-medium-font-size\">9. <strong>Organiser une r\u00e9union de lancement :<\/strong><\/p>\n\n\n\n<p>La plupart des visuels Power BI peuvent \u00eatre export\u00e9s vers MS PowerPoint. Lors de la r\u00e9union de lancement, utilisez les visuels Power BI pour expliquer le plan, les objectifs et le calendrier du projet. Encouragez les membres de l'\u00e9quipe \u00e0 apporter leur contribution, afin de favoriser la collaboration et la compr\u00e9hension commune.<\/p>\n\n\n\n<p class=\"has-medium-font-size\">10. <strong>\u00c9laborer un budget :<\/strong><\/p>\n\n\n\n<p>Utilisez Power BI pour cr\u00e9er un budget complet. Visualisez les co\u00fbts par cat\u00e9gorie, demandez l'avis des parties prenantes et conservez une certaine flexibilit\u00e9 dans les limites du budget.<\/p>\n\n\n\n<h3 class=\"wp-block-heading\" style=\"font-size:30px\">Phase de mise en \u0153uvre du projet<\/h3>\n\n\n\n<p class=\"has-medium-font-size\">11. <strong>Suivre et contr\u00f4ler le processus et le budget :<\/strong><\/p>\n\n\n\n<p>Installez des outils visuels de suivi de projet dans Power BI, comme notre matrice des risques Power BI. La visualisation des risques parall\u00e8lement \u00e0 l'avancement du projet permet d'obtenir une vue d'ensemble des difficult\u00e9s potentielles. Voici comment proc\u00e9der :<\/p>\n\n\n\n<p><strong>\u00c9valuation de l'impact et de la probabilit\u00e9 des risques :<\/strong> La matrice des risques pour Power BI permet d'\u00e9valuer l'impact et la probabilit\u00e9 de chaque risque. Utilisez des cellules cod\u00e9es par couleur pour repr\u00e9senter la gravit\u00e9 des risques. Cela permet d'identifier rapidement les domaines \u00e0 fort impact.<\/p>\n\n\n\n<p><strong>Suivi budg\u00e9taire en temps r\u00e9el :<\/strong> Combinez les visuels de suivi budg\u00e9taire avec la matrice des risques. Attribuez des implications budg\u00e9taires \u00e0 chaque risque identifi\u00e9, afin d'obtenir une vue d'ensemble des impacts financiers potentiels. Au fur et \u00e0 mesure que les risques \u00e9voluent, vos visuels budg\u00e9taires sont mis \u00e0 jour en temps r\u00e9el, ce qui garantit un suivi financier pr\u00e9cis.<\/p>\n\n\n\n<p><strong>Per\u00e7age pour une analyse d\u00e9taill\u00e9e :<\/strong> Faire progresser la matrice des risques gr\u00e2ce \u00e0 des fonctionnalit\u00e9s d'approfondissement. L'approfondissement d'un risque sp\u00e9cifique peut inclure une analyse d\u00e9taill\u00e9e, l'affichage des implications financi\u00e8res pertinentes et des strat\u00e9gies d'att\u00e9nuation requises.<\/p>\n\n\n\n<div class=\"wp-block-buttons is-layout-flex wp-block-buttons-is-layout-flex\">\n<div class=\"wp-block-button has-custom-font-size\" style=\"font-size:18px\"><a class=\"wp-block-button__link has-background wp-element-button\" href=\"https:\/\/www.leaplytics.de\/fr\/page-daccueil\/gestion-de-projets-visuels-personnalises-microsoft-powerbi\/carte-thermique-des-risques-visuel-personnalise-pour-power-bi\/\" style=\"background-color:#22316d\">D\u00e9couvrez notre \"Matrice des risques\" visuelle personnalis\u00e9e pour Power BI ici !<\/a><\/div>\n<\/div>\n\n\n\n<p><\/p>\n\n\n\n<p class=\"has-medium-font-size\">12. <strong>Une r\u00e9ponse flexible aux changements :<\/strong><\/p>\n\n\n\n<p>Les capacit\u00e9s de donn\u00e9es en temps r\u00e9el de Power BI vous permettent de r\u00e9agir rapidement aux changements. Visualisez les donn\u00e9es pour identifier les probl\u00e8mes potentiels, ce qui permet de prendre des d\u00e9cisions proactives et de corriger le tir.<\/p>\n\n\n\n<p class=\"has-medium-font-size\">13. <strong>Rapport sur l'\u00e9tat d'avancement :<\/strong><\/p>\n\n\n\n<p>Cr\u00e9ez des visuels pour les parties prenantes afin de fournir des mises \u00e0 jour r\u00e9guli\u00e8res et des rapports d'\u00e9tat. L'exportation des visuels vers PowerPoint facilitera les r\u00e9unions r\u00e9guli\u00e8res sur l'\u00e9tat d'avancement du projet. Power BI vous permet de personnaliser les rapports en fonction des pr\u00e9f\u00e9rences des parties prenantes, ce qui favorise la transparence et la confiance.<\/p>\n\n\n\n<p class=\"has-medium-font-size\">14. <strong>Organiser des r\u00e9unions d'\u00e9quipe hebdomadaires :<\/strong><\/p>\n\n\n\n<p>Utilisez Power BI pour structurer les r\u00e9unions d'\u00e9quipe autour d'indicateurs cl\u00e9s. Visualisez les donn\u00e9es relatives aux performances, discutez des objectifs manqu\u00e9s et c\u00e9l\u00e9brez les r\u00e9ussites. Cet outil permet de se concentrer sur les activit\u00e9s essentielles et de maintenir l'alignement de l'\u00e9quipe.<\/p>\n\n\n\n<p class=\"has-medium-font-size\">15. <strong>G\u00e9rer les probl\u00e8mes :<\/strong><\/p>\n\n\n\n<p>Les donn\u00e9es visuelles de Power BI peuvent aider \u00e0 identifier et \u00e0 g\u00e9rer les probl\u00e8mes \u00e9mergents. Observez la dynamique de l'\u00e9quipe et les mesures du projet pour traiter les probl\u00e8mes avant qu'ils ne s'aggravent. Ici, la matrice des risques permet de suivre et de traiter les risques afin d'\u00e9viter les cons\u00e9quences n\u00e9gatives.<\/p>\n\n\n\n<h3 class=\"wp-block-heading\" style=\"font-size:30px\">Phase de cl\u00f4ture du projet<\/h3>\n\n\n\n<p class=\"has-medium-font-size\">16. <strong>\u00c9valuer les performances du projet :<\/strong><\/p>\n\n\n\n<p>Utilisez Power BI pour comparer l'\u00e9tat d'avancement du projet avec le p\u00e9rim\u00e8tre initialement d\u00e9fini. Visualisez les indicateurs de performance pour entamer des discussions avec les parties prenantes sur l'ach\u00e8vement et la r\u00e9ussite du projet. Comparez \u00e9galement les mesures du projet avec les r\u00e9ussites ou les \u00e9checs des projets pr\u00e9c\u00e9dents.<\/p>\n\n\n\n<p class=\"has-medium-font-size\">17. <strong>Fermer le projet :<\/strong><\/p>\n\n\n\n<p>Visualisez les \u00e9tapes de la cl\u00f4ture d'un projet. Power BI aide \u00e0 documenter et \u00e0 communiquer les processus de cl\u00f4ture de projet. Nous assurons ainsi une transition en douceur des produits livrables.<\/p>\n\n\n\n<h3 class=\"wp-block-heading\" style=\"font-size:30px\">D\u00e9briefing<\/h3>\n\n\n\n<p>Int\u00e9grez Power BI \u00e0 chaque phase du projet pour cr\u00e9er un tableau de bord complet et dynamique. Tous les \u00e9l\u00e9ments visuels ne sont pas indispensables, mais l'utilisation de Power BI vous aidera \u00e0 garder le contr\u00f4le de votre projet \u00e0 chaque phase. Donnez \u00e0 votre \u00e9quipe des informations exploitables, favorisez la collaboration et ma\u00eetrisez les complexit\u00e9s de la gestion de projet. La r\u00e9ussite d'un projet n'est plus seulement un objectif, avec Power BI, c'est un voyage visualis\u00e9.<\/p>\n\n\n\n<p><\/p>\n\n\n\n<hr class=\"wp-block-separator has-alpha-channel-opacity\"\/>\n\n\n\n<p class=\"has-small-font-size\"><sup>1<\/sup> Les phases du projet pr\u00e9sent\u00e9es dans cet article sont bas\u00e9es sur l'article suivant : <a href=\"https:\/\/hbr.org\/2016\/11\/the-four-phases-of-project-management\">Harvard Business Review. (2016, 3 novembre). <em>Les quatre phases de la gestion de projet<\/em>.<\/a><\/p>","protected":false},"excerpt":{"rendered":"<p>Dans le paysage dynamique de la gestion de projet, o\u00f9 la pr\u00e9cision et la pr\u00e9voyance sont primordiales, il est essentiel de tirer parti de la technologie. Microsoft Power BI a chang\u00e9 la donne. Power BI offre aux chefs de projet une plateforme dynamique pour am\u00e9liorer leurs processus de prise de d\u00e9cision. Dans ce guide complet, nous allons explorer comment Power BI peut am\u00e9liorer chaque phase1 d'un projet... <\/p>","protected":false},"author":55,"featured_media":13133,"parent":0,"menu_order":0,"comment_status":"closed","ping_status":"closed","template":"","meta":{"footnotes":"[]"},"class_list":["post-13130","page","type-page","status-publish","has-post-thumbnail","hentry","latest_post"],"_links":{"self":[{"href":"https:\/\/www.leaplytics.de\/fr\/wp-json\/wp\/v2\/pages\/13130","targetHints":{"allow":["GET"]}}],"collection":[{"href":"https:\/\/www.leaplytics.de\/fr\/wp-json\/wp\/v2\/pages"}],"about":[{"href":"https:\/\/www.leaplytics.de\/fr\/wp-json\/wp\/v2\/types\/page"}],"author":[{"embeddable":true,"href":"https:\/\/www.leaplytics.de\/fr\/wp-json\/wp\/v2\/users\/55"}],"replies":[{"embeddable":true,"href":"https:\/\/www.leaplytics.de\/fr\/wp-json\/wp\/v2\/comments?post=13130"}],"version-history":[{"count":7,"href":"https:\/\/www.leaplytics.de\/fr\/wp-json\/wp\/v2\/pages\/13130\/revisions"}],"predecessor-version":[{"id":13144,"href":"https:\/\/www.leaplytics.de\/fr\/wp-json\/wp\/v2\/pages\/13130\/revisions\/13144"}],"wp:featuredmedia":[{"embeddable":true,"href":"https:\/\/www.leaplytics.de\/fr\/wp-json\/wp\/v2\/media\/13133"}],"wp:attachment":[{"href":"https:\/\/www.leaplytics.de\/fr\/wp-json\/wp\/v2\/media?parent=13130"}],"curies":[{"name":"wp","href":"https:\/\/api.w.org\/{rel}","templated":true}]}}