{"id":13321,"date":"2024-04-09T20:47:19","date_gmt":"2024-04-09T18:47:19","guid":{"rendered":"https:\/\/www.leaplytics.de\/?page_id=13321"},"modified":"2024-04-17T15:17:27","modified_gmt":"2024-04-17T13:17:27","slug":"matrice-des-opportunites-pour-power-bi","status":"publish","type":"page","link":"https:\/\/www.leaplytics.de\/fr\/matrice-des-opportunites-pour-power-bi\/","title":{"rendered":"Matrice d'opportunit\u00e9s pour Power BI - Tirez parti de votre avantage concurrentiel"},"content":{"rendered":"<p>Pour les gestionnaires de projets et de risques, l'exploitation des opportunit\u00e9s est tout aussi cruciale que l'att\u00e9nuation des risques. En adaptant notre matrice des risques \u00e0 Power BI, nous pouvons la convertir en matrice des opportunit\u00e9s. Cette approche permet d'identifier et de capitaliser sur les opportunit\u00e9s qui g\u00e9n\u00e8rent un avantage concurrentiel.<\/p>\n\n\n\n<figure class=\"wp-block-embed is-type-video is-provider-youtube wp-block-embed-youtube wp-embed-aspect-16-9 wp-has-aspect-ratio\"><div class=\"wp-block-embed__wrapper\">\n<iframe loading=\"lazy\" title=\"Matrice des opportunit\u00e9s pour Power BI - LeapLytics\" width=\"770\" height=\"433\" src=\"https:\/\/www.youtube.com\/embed\/VzEAOzIjrZY?feature=oembed\" frameborder=\"0\" allow=\"accelerometer; autoplay; clipboard-write; encrypted-media; gyroscope; picture-in-picture; web-share\" referrerpolicy=\"strict-origin-when-cross-origin\" allowfullscreen><\/iframe>\n<\/div><figcaption class=\"wp-element-caption\">Dans notre vid\u00e9o YouTube, nous montrons comment cr\u00e9er une matrice d'opportunit\u00e9s dans Power BI.<\/figcaption><\/figure>\n\n\n\n<h3 class=\"wp-block-heading has-medium-font-size\"><strong>L'importance de la gestion des opportunit\u00e9s<\/strong><\/h3>\n\n\n\n<p>La gestion des opportunit\u00e9s est essentielle pour les entreprises qui recherchent une croissance durable et un avantage concurrentiel. Il s'agit d'identifier et de saisir les opportunit\u00e9s. Les organisations peuvent tirer parti des tendances du march\u00e9, de l'innovation et des technologies \u00e9mergentes. Elle permet \u00e9galement une am\u00e9lioration continue de la qualit\u00e9 des produits et des services. En outre, une gestion efficace des opportunit\u00e9s permet aux entreprises de garder une longueur d'avance sur leurs concurrents. Il est essentiel de s'adapter \u00e0 l'\u00e9volution des besoins et des pr\u00e9f\u00e9rences des clients.<\/p>\n\n\n\n<h3 class=\"wp-block-heading has-medium-font-size\"><strong>Identifier les opportunit\u00e9s \u00e0 partir de diff\u00e9rentes sources<\/strong><\/h3>\n\n\n\n<p>Pour identifier les opportunit\u00e9s, nous devons exploiter toutes les sources dont nous avons connaissance.<\/p>\n\n\n\n<div class=\"wp-block-columns is-layout-flex wp-container-core-columns-is-layout-1 wp-block-columns-is-layout-flex\">\n<div class=\"wp-block-column is-layout-flow wp-block-column-is-layout-flow\" style=\"flex-basis:2%\">\n<p><strong>1.<\/strong><\/p>\n<\/div>\n\n\n\n<div class=\"wp-block-column is-layout-flow wp-block-column-is-layout-flow\" style=\"flex-basis:98%\">\n<p><strong>\u00c9valuez votre paysage concurrentiel :<\/strong> L'\u00e9valuation de l'environnement commercial consiste \u00e0 analyser les forces, les faiblesses, le positionnement sur le march\u00e9 et les strat\u00e9gies des concurrents. L'analyse comparative ou l'analyse SWOT peuvent \u00eatre des outils puissants. La connaissance des meilleures pratiques des concurrents peut r\u00e9v\u00e9ler des opportunit\u00e9s potentielles.<\/p>\n<\/div>\n<\/div>\n\n\n\n<div class=\"wp-block-columns is-layout-flex wp-container-core-columns-is-layout-2 wp-block-columns-is-layout-flex\">\n<div class=\"wp-block-column is-layout-flow wp-block-column-is-layout-flow\" style=\"flex-basis:2%\">\n<p><strong>2.<\/strong><\/p>\n<\/div>\n\n\n\n<div class=\"wp-block-column is-layout-flow wp-block-column-is-layout-flow\" style=\"flex-basis:98%\">\n<p><strong>Comprendre \u00e0 l'avance les besoins des clients : <\/strong>Restez \u00e0 l'\u00e9coute des tendances du march\u00e9, du comportement des consommateurs et des nouvelles pr\u00e9f\u00e9rences. Les \u00e9tudes de march\u00e9, le retour d'information des clients et l'analyse des habitudes d'achat permettent d'anticiper les besoins des clients.<\/p>\n<\/div>\n<\/div>\n\n\n\n<div class=\"wp-block-columns is-layout-flex wp-container-core-columns-is-layout-3 wp-block-columns-is-layout-flex\">\n<div class=\"wp-block-column is-layout-flow wp-block-column-is-layout-flow\" style=\"flex-basis:2%\">\n<p><strong>3.<\/strong><\/p>\n<\/div>\n\n\n\n<div class=\"wp-block-column is-layout-flow wp-block-column-is-layout-flow\" style=\"flex-basis:98%\">\n<p><strong>Encourager l'innovation et mettre en place des pratiques de partage des connaissances :<\/strong> Favoriser une culture de l'innovation et de la cr\u00e9ativit\u00e9. Le fait de r\u00e9unir des personnes de diff\u00e9rents segments peut \u00eatre un moteur important du partage des connaissances. Cela peut d\u00e9boucher sur des id\u00e9es plus novatrices gr\u00e2ce \u00e0 une r\u00e9flexion qui sort des sentiers battus.<\/p>\n<\/div>\n<\/div>\n\n\n\n<div class=\"wp-block-columns is-layout-flex wp-container-core-columns-is-layout-4 wp-block-columns-is-layout-flex\">\n<div class=\"wp-block-column is-layout-flow wp-block-column-is-layout-flow\" style=\"flex-basis:2%\">\n<p><strong>4.<\/strong><\/p>\n<\/div>\n\n\n\n<div class=\"wp-block-column is-layout-flow wp-block-column-is-layout-flow\" style=\"flex-basis:98%\">\n<p><strong>Identifier les faiblesses et trouver les causes profondes :<\/strong> La marge de man\u0153uvre d\u00e9signe les ressources, les processus ou les capacit\u00e9s sous-utilis\u00e9s au sein d'une organisation. L'objectif est d'identifier les zones d'inactivit\u00e9 et d'en rechercher les causes profondes. Vous pourrez ainsi d\u00e9couvrir des opportunit\u00e9s cach\u00e9es d'optimisation et d'am\u00e9lioration. Les audits de processus et les commentaires des employ\u00e9s peuvent servir de strat\u00e9gies d'identification.<\/p>\n<\/div>\n<\/div>\n\n\n\n<div class=\"wp-block-columns is-layout-flex wp-container-core-columns-is-layout-5 wp-block-columns-is-layout-flex\">\n<div class=\"wp-block-column is-layout-flow wp-block-column-is-layout-flow\" style=\"flex-basis:2%\">\n<p><strong>5.<\/strong><\/p>\n<\/div>\n\n\n\n<div class=\"wp-block-column is-layout-flow wp-block-column-is-layout-flow\" style=\"flex-basis:98%\">\n<p><strong>N'oubliez pas vos risques, ils peuvent couvrir des opportunit\u00e9s : <\/strong>Les risques sont g\u00e9n\u00e9ralement consid\u00e9r\u00e9s comme des menaces potentielles pour les activit\u00e9s de l'entreprise. Mais ils peuvent aussi r\u00e9v\u00e9ler des opportunit\u00e9s cach\u00e9es. En analysant et en g\u00e9rant les risques, vous pouvez envisager de transformer certains d'entre eux en opportunit\u00e9s. Par exemple, la r\u00e9duction des menaces li\u00e9es \u00e0 la cybers\u00e9curit\u00e9 peut renforcer la confiance et la fid\u00e9lit\u00e9 des clients.<\/p>\n<\/div>\n<\/div>\n\n\n\n<div class=\"wp-block-columns is-layout-flex wp-container-core-columns-is-layout-6 wp-block-columns-is-layout-flex\">\n<div class=\"wp-block-column is-layout-flow wp-block-column-is-layout-flow\" style=\"flex-basis:2%\">\n<p><strong>6.<\/strong><\/p>\n<\/div>\n\n\n\n<div class=\"wp-block-column is-layout-flow wp-block-column-is-layout-flow\" style=\"flex-basis:98%\">\n<p><strong>Devenez le pionnier du d\u00e9veloppement durable dans votre secteur :<\/strong> Le d\u00e9veloppement durable peut ouvrir de nouvelles perspectives en mati\u00e8re d'innovation, de r\u00e9duction des co\u00fbts et de diff\u00e9renciation. Identifiez les moyens de r\u00e9duire vos \u00e9missions et d'optimiser l'utilisation des ressources. Il en r\u00e9sultera des \u00e9conomies, une fid\u00e9lisation de la client\u00e8le et une am\u00e9lioration de la r\u00e9putation de la marque.<\/p>\n<\/div>\n<\/div>\n\n\n\n<h3 class=\"wp-block-heading has-medium-font-size\"><strong>Avantages de la gestion des opportunit\u00e9s<\/strong><\/h3>\n\n\n\n<p>Une gestion efficace des opportunit\u00e9s offre de nombreux avantages. Elle permet notamment d'augmenter la rentabilit\u00e9, d'am\u00e9liorer le positionnement sur le march\u00e9, d'accro\u00eetre la satisfaction des clients et d'assurer une croissance durable de l'entreprise. En identifiant et en exploitant les opportunit\u00e9s de mani\u00e8re proactive, les organisations peuvent stimuler l'innovation. Elles favorisent une culture d'am\u00e9lioration continue et maximisent leur avantage concurrentiel.<\/p>\n\n\n\n<h3 class=\"wp-block-heading has-medium-font-size\"><strong>Comprendre la matrice des opportunit\u00e9s<\/strong><\/h3>\n\n\n\n<p>\u00c0 la base, la matrice des opportunit\u00e9s refl\u00e8te la matrice des risques bien connue. Elle \u00e9value les opportunit\u00e9s potentielles en fonction de leur probabilit\u00e9 et de leur impact. La matrice facilite la d\u00e9tection, l'\u00e9valuation et la gestion des opportunit\u00e9s. La priorit\u00e9 absolue est de guider les organisations vers une performance et une croissance accrues.<\/p>\n\n\n\n<div class=\"wp-block-columns is-layout-flex wp-container-core-columns-is-layout-7 wp-block-columns-is-layout-flex\">\n<div class=\"wp-block-column is-vertically-aligned-center is-layout-flow wp-block-column-is-layout-flow\" style=\"flex-basis:150px\">\n<figure class=\"wp-block-image size-full is-resized\"><img loading=\"lazy\" decoding=\"async\" width=\"255\" height=\"259\" src=\"https:\/\/www.leaplytics.de\/wp-content\/uploads\/2024\/04\/Bild3.jpg\" alt=\"\" class=\"wp-image-13324\" style=\"width:100px\" srcset=\"https:\/\/www.leaplytics.de\/wp-content\/uploads\/2024\/04\/Bild3.jpg 255w, https:\/\/www.leaplytics.de\/wp-content\/uploads\/2024\/04\/Bild3-59x60.jpg 59w\" sizes=\"auto, (max-width: 255px) 100vw, 255px\" \/><\/figure>\n<\/div>\n\n\n\n<div class=\"wp-block-column is-layout-flow wp-block-column-is-layout-flow\" style=\"flex-basis:66.66%\">\n<p><strong>Option d'infobulle au passage de la souris<\/strong><\/p>\n\n\n\n<p>Le survol des points de donn\u00e9es r\u00e9v\u00e8le des informations d\u00e9taill\u00e9es. Cela permet aux utilisateurs d'approfondir des opportunit\u00e9s sp\u00e9cifiques. Cette fonction am\u00e9liore la prise de d\u00e9cision en fournissant des informations compl\u00e8tes d'un seul coup d'\u0153il.<\/p>\n<\/div>\n<\/div>\n\n\n\n<div class=\"wp-block-columns is-layout-flex wp-container-core-columns-is-layout-8 wp-block-columns-is-layout-flex\">\n<div class=\"wp-block-column is-vertically-aligned-center is-layout-flow wp-block-column-is-layout-flow\" style=\"flex-basis:150px\">\n<figure class=\"wp-block-image size-large is-resized\"><img loading=\"lazy\" decoding=\"async\" width=\"1024\" height=\"1024\" src=\"https:\/\/www.leaplytics.de\/wp-content\/uploads\/2022\/06\/Indicator-Settings-1024x1024.png\" alt=\"\" class=\"wp-image-8461\" style=\"width:128px;height:auto\" srcset=\"https:\/\/www.leaplytics.de\/wp-content\/uploads\/2022\/06\/Indicator-Settings-1024x1024.png 1024w, https:\/\/www.leaplytics.de\/wp-content\/uploads\/2022\/06\/Indicator-Settings-300x300.png 300w, https:\/\/www.leaplytics.de\/wp-content\/uploads\/2022\/06\/Indicator-Settings-150x150.png 150w, https:\/\/www.leaplytics.de\/wp-content\/uploads\/2022\/06\/Indicator-Settings-768x768.png 768w, https:\/\/www.leaplytics.de\/wp-content\/uploads\/2022\/06\/Indicator-Settings-1536x1536.png 1536w, https:\/\/www.leaplytics.de\/wp-content\/uploads\/2022\/06\/Indicator-Settings-370x370.png 370w, https:\/\/www.leaplytics.de\/wp-content\/uploads\/2022\/06\/Indicator-Settings-60x60.png 60w, https:\/\/www.leaplytics.de\/wp-content\/uploads\/2022\/06\/Indicator-Settings.png 1854w\" sizes=\"auto, (max-width: 1024px) 100vw, 1024px\" \/><\/figure>\n<\/div>\n\n\n\n<div class=\"wp-block-column is-layout-flow wp-block-column-is-layout-flow\">\n<p class=\"has-medium-font-size\"><strong>Formatage conditionnel<\/strong><\/p>\n\n\n\n<p>Utilisez des r\u00e8gles de formatage conditionnel pour mettre en \u00e9vidence les opportunit\u00e9s significatives sur la base de crit\u00e8res pr\u00e9d\u00e9finis. Cette fonctionnalit\u00e9 permet d'am\u00e9liorer la visibilit\u00e9 et de hi\u00e9rarchiser les informations exploitables pour la planification et l'ex\u00e9cution strat\u00e9giques. En outre, la mise en forme conditionnelle permet d'\u00e9tendre la matrice \u00e0 une autre dimension. Par exemple, en \u00e9valuant la faisabilit\u00e9 de chaque opportunit\u00e9 \u00e0 l'aide de codes de couleur. Diff\u00e9rentes nuances de couleur peuvent repr\u00e9senter diff\u00e9rents niveaux de faisabilit\u00e9. Les parties prenantes disposent ainsi d'informations pr\u00e9cieuses sur la viabilit\u00e9 de chaque opportunit\u00e9.<\/p>\n<\/div>\n<\/div>\n\n\n\n<div class=\"wp-block-columns is-layout-flex wp-container-core-columns-is-layout-9 wp-block-columns-is-layout-flex\">\n<div class=\"wp-block-column is-vertically-aligned-center is-layout-flow wp-block-column-is-layout-flow\" style=\"flex-basis:150px\">\n<figure class=\"wp-block-image size-full is-resized\"><img loading=\"lazy\" decoding=\"async\" width=\"355\" height=\"218\" src=\"https:\/\/www.leaplytics.de\/wp-content\/uploads\/2024\/04\/Bild2.jpg\" alt=\"\" class=\"wp-image-13323\" style=\"width:128px\" srcset=\"https:\/\/www.leaplytics.de\/wp-content\/uploads\/2024\/04\/Bild2.jpg 355w, https:\/\/www.leaplytics.de\/wp-content\/uploads\/2024\/04\/Bild2-300x184.jpg 300w, https:\/\/www.leaplytics.de\/wp-content\/uploads\/2024\/04\/Bild2-98x60.jpg 98w\" sizes=\"auto, (max-width: 355px) 100vw, 355px\" \/><\/figure>\n<\/div>\n\n\n\n<div class=\"wp-block-column is-layout-flow wp-block-column-is-layout-flow\" style=\"flex-basis:66.66%\">\n<p><strong>Option de forage pour plus d'informations<\/strong><\/p>\n\n\n\n<p>Naviguez \u00e0 travers les couches de donn\u00e9es gr\u00e2ce \u00e0 la fonction d'exploration. Elle permet aux utilisateurs d'explorer les facteurs sous-jacents qui influencent chaque opportunit\u00e9. Cette capacit\u00e9 d'approfondissement favorise une compr\u00e9hension approfondie des moteurs potentiels et des implications.<\/p>\n<\/div>\n<\/div>\n\n\n\n<div class=\"wp-block-columns is-layout-flex wp-container-core-columns-is-layout-10 wp-block-columns-is-layout-flex\">\n<div class=\"wp-block-column is-vertically-aligned-center is-layout-flow wp-block-column-is-layout-flow\" style=\"flex-basis:150px\">\n<figure class=\"wp-block-image size-large is-resized\"><img loading=\"lazy\" decoding=\"async\" width=\"1024\" height=\"1024\" src=\"https:\/\/www.leaplytics.de\/wp-content\/uploads\/2022\/05\/Color-Settings-1024x1024.png\" alt=\"\" class=\"wp-image-7710\" style=\"width:128px\" srcset=\"https:\/\/www.leaplytics.de\/wp-content\/uploads\/2022\/05\/Color-Settings-1024x1024.png 1024w, https:\/\/www.leaplytics.de\/wp-content\/uploads\/2022\/05\/Color-Settings-300x300.png 300w, https:\/\/www.leaplytics.de\/wp-content\/uploads\/2022\/05\/Color-Settings-150x150.png 150w, https:\/\/www.leaplytics.de\/wp-content\/uploads\/2022\/05\/Color-Settings-768x768.png 768w, https:\/\/www.leaplytics.de\/wp-content\/uploads\/2022\/05\/Color-Settings-1536x1536.png 1536w, https:\/\/www.leaplytics.de\/wp-content\/uploads\/2022\/05\/Color-Settings-2048x2048.png 2048w, https:\/\/www.leaplytics.de\/wp-content\/uploads\/2022\/05\/Color-Settings-370x370.png 370w, https:\/\/www.leaplytics.de\/wp-content\/uploads\/2022\/05\/Color-Settings-60x60.png 60w, https:\/\/www.leaplytics.de\/wp-content\/uploads\/2022\/05\/Color-Settings-600x600.png 600w, https:\/\/www.leaplytics.de\/wp-content\/uploads\/2022\/05\/Color-Settings-100x100.png 100w\" sizes=\"auto, (max-width: 1024px) 100vw, 1024px\" \/><\/figure>\n<\/div>\n\n\n\n<div class=\"wp-block-column is-layout-flow wp-block-column-is-layout-flow\" style=\"flex-basis:66.66%\">\n<p><strong>Conception personnalis\u00e9e des couleurs<\/strong><\/p>\n\n\n\n<p>Personnalisez la matrice \u00e0 l'aide de sch\u00e9mas de couleurs personnalis\u00e9s. Cela permet d'am\u00e9liorer la clart\u00e9 et d'adapter la matrice aux besoins individuels.<\/p>\n<\/div>\n<\/div>\n\n\n\n<div class=\"wp-block-columns is-layout-flex wp-container-core-columns-is-layout-11 wp-block-columns-is-layout-flex\">\n<div class=\"wp-block-column is-vertically-aligned-center is-layout-flow wp-block-column-is-layout-flow\" style=\"flex-basis:150px\">\n<figure class=\"wp-block-image size-large\"><img loading=\"lazy\" decoding=\"async\" width=\"1024\" height=\"1018\" src=\"https:\/\/www.leaplytics.de\/wp-content\/uploads\/2022\/06\/Axis-Settings-1024x1018.png\" alt=\"\" class=\"wp-image-8460\" srcset=\"https:\/\/www.leaplytics.de\/wp-content\/uploads\/2022\/06\/Axis-Settings-1024x1018.png 1024w, https:\/\/www.leaplytics.de\/wp-content\/uploads\/2022\/06\/Axis-Settings-300x298.png 300w, https:\/\/www.leaplytics.de\/wp-content\/uploads\/2022\/06\/Axis-Settings-150x150.png 150w, https:\/\/www.leaplytics.de\/wp-content\/uploads\/2022\/06\/Axis-Settings-768x763.png 768w, https:\/\/www.leaplytics.de\/wp-content\/uploads\/2022\/06\/Axis-Settings-1536x1527.png 1536w, https:\/\/www.leaplytics.de\/wp-content\/uploads\/2022\/06\/Axis-Settings-60x60.png 60w, https:\/\/www.leaplytics.de\/wp-content\/uploads\/2022\/06\/Axis-Settings.png 1827w\" sizes=\"auto, (max-width: 1024px) 100vw, 1024px\" \/><\/figure>\n<\/div>\n\n\n\n<div class=\"wp-block-column is-layout-flow wp-block-column-is-layout-flow\" style=\"flex-basis:66.66%\">\n<p><strong>Param\u00e8tres de grille, d'axe et d'indicateur personnalisables<\/strong><\/p>\n\n\n\n<p>Adaptez la pr\u00e9sentation de la matrice aux pr\u00e9f\u00e9rences de l'organisation et aux exigences sp\u00e9cifiques du projet. Ajustez les lignes de la grille, les \u00e9tiquettes des axes et les marqueurs d'indicateurs pour optimiser la lisibilit\u00e9 et la clart\u00e9.<\/p>\n<\/div>\n<\/div>\n\n\n\n<div class=\"wp-block-buttons is-layout-flex wp-block-buttons-is-layout-flex\">\n<div class=\"wp-block-button has-custom-font-size\" style=\"font-size:18px\"><a class=\"wp-block-button__link has-background wp-element-button\" href=\"https:\/\/www.leaplytics.de\/fr\/page-daccueil\/gestion-de-projets-visuels-personnalises-microsoft-powerbi\/carte-thermique-des-risques-visuel-personnalise-pour-power-bi\/\" style=\"background-color:#22316d\">Cliquez ici pour acc\u00e9der \u00e0 notre \"Matrice des risques\" visuelle personnalis\u00e9e pour Power BI !<\/a><\/div>\n<\/div>\n\n\n\n<figure class=\"wp-block-image size-full\"><img loading=\"lazy\" decoding=\"async\" width=\"152\" height=\"37\" src=\"https:\/\/www.leaplytics.de\/wp-content\/uploads\/2022\/05\/PBI-Certified.png\" alt=\"\" class=\"wp-image-8358\" srcset=\"https:\/\/www.leaplytics.de\/wp-content\/uploads\/2022\/05\/PBI-Certified.png 152w, https:\/\/www.leaplytics.de\/wp-content\/uploads\/2022\/05\/PBI-Certified-150x37.png 150w\" sizes=\"auto, (max-width: 152px) 100vw, 152px\" \/><\/figure>\n\n\n\n<p><\/p>\n\n\n\n<h3 class=\"wp-block-heading has-medium-font-size\"><strong>Lib\u00e9rer l'avantage concurrentiel<\/strong><\/h3>\n\n\n\n<p>Les entreprises acqui\u00e8rent un avantage strat\u00e9gique sur le march\u00e9 actuel en utilisant la matrice des opportunit\u00e9s. L'identification et la gestion proactives des opportunit\u00e9s favorisent l'innovation, la croissance et l'avantage durable. La matrice des opportunit\u00e9s de Power BI permet aux entreprises de g\u00e9rer les opportunit\u00e9s \u00e0 l'aide de fonctions intuitives.<\/p>\n\n\n\n<h3 class=\"wp-block-heading has-medium-font-size\"><strong>Conclusion<\/strong><\/h3>\n\n\n\n<p>La matrice des opportunit\u00e9s est un outil puissant pour la prise de d\u00e9cision strat\u00e9gique. Elle permet aux organisations d'acqu\u00e9rir un avantage concurrentiel durable. Dot\u00e9e de fonctionnalit\u00e9s robustes, elle permet aux organisations de prosp\u00e9rer sur un march\u00e9 concurrentiel. Adoptez-la pour la croissance et l'innovation, et lib\u00e9rez votre potentiel cach\u00e9.<\/p>","protected":false},"excerpt":{"rendered":"<p>Pour les gestionnaires de projets et de risques, l'exploitation des opportunit\u00e9s est tout aussi cruciale que l'att\u00e9nuation des risques. En adaptant notre matrice des risques \u00e0 Power BI, nous pouvons la convertir en matrice des opportunit\u00e9s. Cette approche permet d'identifier et de capitaliser sur les opportunit\u00e9s qui g\u00e9n\u00e8rent un avantage concurrentiel. L'importance de la gestion des opportunit\u00e9s La gestion des opportunit\u00e9s est essentielle pour les entreprises qui ... <\/p>","protected":false},"author":55,"featured_media":13426,"parent":0,"menu_order":0,"comment_status":"closed","ping_status":"closed","template":"","meta":{"footnotes":""},"class_list":["post-13321","page","type-page","status-publish","has-post-thumbnail","hentry","latest_post"],"_links":{"self":[{"href":"https:\/\/www.leaplytics.de\/fr\/wp-json\/wp\/v2\/pages\/13321","targetHints":{"allow":["GET"]}}],"collection":[{"href":"https:\/\/www.leaplytics.de\/fr\/wp-json\/wp\/v2\/pages"}],"about":[{"href":"https:\/\/www.leaplytics.de\/fr\/wp-json\/wp\/v2\/types\/page"}],"author":[{"embeddable":true,"href":"https:\/\/www.leaplytics.de\/fr\/wp-json\/wp\/v2\/users\/55"}],"replies":[{"embeddable":true,"href":"https:\/\/www.leaplytics.de\/fr\/wp-json\/wp\/v2\/comments?post=13321"}],"version-history":[{"count":11,"href":"https:\/\/www.leaplytics.de\/fr\/wp-json\/wp\/v2\/pages\/13321\/revisions"}],"predecessor-version":[{"id":13424,"href":"https:\/\/www.leaplytics.de\/fr\/wp-json\/wp\/v2\/pages\/13321\/revisions\/13424"}],"wp:featuredmedia":[{"embeddable":true,"href":"https:\/\/www.leaplytics.de\/fr\/wp-json\/wp\/v2\/media\/13426"}],"wp:attachment":[{"href":"https:\/\/www.leaplytics.de\/fr\/wp-json\/wp\/v2\/media?parent=13321"}],"curies":[{"name":"wp","href":"https:\/\/api.w.org\/{rel}","templated":true}]}}