{"id":13717,"date":"2025-05-12T15:34:59","date_gmt":"2025-05-12T13:34:59","guid":{"rendered":"https:\/\/www.leaplytics.de\/?page_id=13717"},"modified":"2025-05-12T15:35:01","modified_gmt":"2025-05-12T13:35:01","slug":"temoignages","status":"publish","type":"page","link":"https:\/\/www.leaplytics.de\/fr\/temoignages\/","title":{"rendered":"T\u00e9moignages"},"content":{"rendered":"<p><em>&#8220;<strong>Cela fait maintenant plus d'un an que nous utilisons le visuel LeapLytics Risk Matrix \/ Heatmap dans Power BI.<\/strong><br>Il est devenu un outil indispensable pour notre \u00e9quipe. Sa conception intuitive et ses fonctions personnalisables nous permettent de visualiser efficacement les risques et de les classer par ordre de priorit\u00e9, ce qui nous permet de nous concentrer sur les domaines les plus critiques. La possibilit\u00e9 d'adapter la matrice \u00e0 nos besoins sp\u00e9cifiques a consid\u00e9rablement am\u00e9lior\u00e9 nos processus d'\u00e9valuation des risques. Je recommande vivement ce plugin \u00e0 toute \u00e9quipe cherchant \u00e0 am\u00e9liorer ses capacit\u00e9s de gestion des risques dans Power BI.\"<\/em> (Anonyme)<\/p>\n\n\n\n<p><em>&#8220;<strong>Changer la donne<\/strong> - Cette application a permis d'\u00e9conomiser des centaines d'heures de d\u00e9veloppement, des heures de d\u00e9pannage et tous les autres maux de t\u00eate qui accompagnent la cr\u00e9ation d'une application \u00e0 partir de la base. Cette application a \u00e9t\u00e9 super facile \u00e0 brancher sur une application que nous \u00e9tions en train de construire et elle est \u00e9galement visuellement attrayante et facile \u00e0 utiliser. Je la recommande vivement \u00e0 tous ceux qui veulent \u00e9conomiser des heures de d\u00e9veloppement et du temps pour obtenir quelque chose qui a d\u00e9j\u00e0 \u00e9t\u00e9 test\u00e9 !<\/em> (Anonyme)<\/p>\n\n\n\n<p><em>\"Le visuel de la matrice des risques dans la plateforme Power BI a \u00e9t\u00e9 utilis\u00e9 comme un outil de gestion des risques. <strong>outil strat\u00e9gique<\/strong> pour la gestion des activit\u00e9s de maintenance critiques, en fournissant une visualisation rapide et efficace des risques associ\u00e9s \u00e0 chaque actif. La matrice repr\u00e9sente visuellement la criticit\u00e9 de l'actif en fonction de son niveau d'impact et de sa probabilit\u00e9 de d\u00e9faillance, ce qui permet de hi\u00e9rarchiser les actions correctives et pr\u00e9ventives. <br>Cette fonction permet d'identifier les \u00e9l\u00e9ments de maintenance les plus pertinents sur le plan op\u00e9rationnel, ce qui contribue \u00e0 une gestion plus affirm\u00e9e des ressources, des \u00e9quipes et des d\u00e9lais, en particulier dans des sc\u00e9narios complexes tels que les arr\u00eats ou les interventions d'urgence. En outre, son interface interactive et personnalisable permet des mises \u00e0 jour et des simulations en temps r\u00e9el, ce qui rend le processus de prise de d\u00e9cision plus rapide et davantage ax\u00e9 sur les donn\u00e9es.<br>L'utilisation de ce visuel renforce \u00e9galement la gouvernance de la maintenance bas\u00e9e sur les risques, en alignant les efforts techniques sur les objectifs strat\u00e9giques de l'organisation en mati\u00e8re de fiabilit\u00e9 et de disponibilit\u00e9 des actifs\".<\/em> (CENIBRA)<\/p>\n\n\n\n<p><em>&#8220;<strong>Fantastic Visual<\/strong> - J'ai essay\u00e9 ce visuel pour de nombreux rapports et il est si facile \u00e0 utiliser, mais si puissant. La repr\u00e9sentation visuelle des risques dans cette matrice m'a fait gagner un nombre incalculable d'heures, car je peux concentrer mon attention sur les sections qui sont signal\u00e9es comme ayant un impact \u00e9lev\u00e9. Leaplytics est \u00e9galement tr\u00e8s r\u00e9actif par e-mail. Je recommande vivement ce plug-in de Leaplytics\".<\/em> (Anonyme)<\/p>\n\n\n\n<p><em>&#8220;<strong>Je n'aimais pas les cartes thermiques, maintenant je les adore.<\/strong> - J'ai souvent rencontr\u00e9 des probl\u00e8mes lorsque j'essayais de cr\u00e9er une carte thermique. Celle-ci a un fort pouvoir de narration et elle est vraiment facile \u00e0 utiliser\".<\/em> (Raphael de Taranto)<\/p>\n\n\n\n<p><em>&#8220;<strong>Excellente application<\/strong> - C'est une application indispensable si vous travaillez avec des risques. Elle est facile \u00e0 mettre en place et hautement configurable pour r\u00e9pondre \u00e0 vos besoins.\"<\/em> (Roy Varghese)<\/p>\n\n\n\n<p><em>&#8220;<strong>Un excellent tableau de bord pour les rapports sur les risques<\/strong> - Le tableau de bord fournit une excellente visualisation des risques et nous l'avons incorpor\u00e9 dans de nombreux tableaux de bord de rapports sur les risques d'entreprise. LeapLytics continue d'am\u00e9liorer les fonctionnalit\u00e9s du tableau de bord, notamment la possibilit\u00e9 de coder les points en couleur. Nous recommandons vivement ce plug-in d'application de carte thermique des risques pour am\u00e9liorer les tableaux de bord Power BI. La r\u00e9activit\u00e9 aux questions et \u00e0 l'assistance est \u00e9galement un atout.\"<\/em> (Becky Sterrett)<\/p>\n\n\n\n<p><em>&#8220;<strong>Grande carte thermique des risques<\/strong> - L'outil de cartographie des risques a \u00e9t\u00e9 tr\u00e8s utile pour communiquer les risques de l'entreprise et les niveaux de risque aux parties prenantes. Facile \u00e0 utiliser et tr\u00e8s visuel.<\/em> (Anonyme)<\/p>\n\n\n\n<p class=\"has-text-align-left\"><em>&#8220;<strong>Cet outil est convivial<\/strong> et pr\u00e9sente efficacement les scores de risque dans un format clair et facilement compr\u00e9hensible\".<\/em> (Scott Nicol)<\/p>\n\n\n\n<p><em>&#8220;<strong>Un outil formidable<\/strong> - Cet outil a jou\u00e9 un r\u00f4le d\u00e9terminant dans nos efforts continus pour rationaliser notre processus d'\u00e9valuation des risques. Il fournit un excellent visuel pour \u00e9valuer rapidement le profil de risque.\"<\/em> (Anonyme)<\/p>\n\n\n\n<p><em>&#8220;<strong>Matrice des risques<\/strong> - J'ai \u00e9t\u00e9 tr\u00e8s heureux de trouver cet outil et de son fonctionnement du point de vue de la gestion des risques et de l'\u00e9tablissement de rapports - c'est un excellent moyen de visualiser et de parcourir les registres de risques en se concentrant sur les risques cl\u00e9s\/\u00e9lev\u00e9s. L'\u00e9quipe a \u00e9t\u00e9 fantastique, elle m'a apport\u00e9 son soutien et m'a expliqu\u00e9 comment je l'utilisais et comment l'am\u00e9liorer.<\/em> (Anonyme)<\/p>\n\n\n\n<p><em>&#8220;<strong>Il fonctionne exactement comme pr\u00e9vu et annonc\u00e9.<\/strong> - J'ai achet\u00e9 une licence pour cette application il y a pr\u00e8s de 9 mois, je l'ai install\u00e9e dans plusieurs rapports utilis\u00e9s par des centaines de personnes \u00e0 travers le monde et je n'ai eu que des retours positifs de la part des utilisateurs\".<\/em> (Small, Roy)<\/p>\n\n\n\n<p><em>&#8220;<strong>Un excellent outil pour visualiser l'historique de votre matrice des risques<\/strong> - L'un des meilleurs outils sp\u00e9ciaux pour g\u00e9rer l'enregistrement de la matrice des risques et l'afficher de mani\u00e8re professionnelle J'ai con\u00e7u cet outil et je l'ai pr\u00e9sent\u00e9 \u00e0 la direction 1- Conception g\u00e9niale 2- Flexibilit\u00e9 3- Facilit\u00e9 d'utilisation 4- Je recommande d'en profiter En fait, c'est ce que je cherchais Merci, Stefan Preusler Merci, l'\u00e9quipe de LeapLytics GmbH\".<\/em> (\u0645\u062d\u064a\u064a \u0627\u0644\u062f\u064a\u0646)<\/p>\n\n\n\n<p><em>&#8220;<strong>Cela vaut vraiment la peine<\/strong> - Tout ce que nous voulions r\u00e9aliser avec une matrice des risques, nous avons pu le mettre en \u0153uvre avec cette visualisation. Cela en vaut vraiment la peine.<\/em> (Anonyme)<\/p>\n\n\n\n<p><em>&#8220;<strong>Une solution id\u00e9ale pour les auditeurs !<\/strong> - L'objet visuel r\u00e9pond parfaitement aux demandes et aux exigences d'une matrice de risques pour les auditeurs\" (David L\u00f3pez Morales)<\/em><\/p>\n\n\n\n<p><em>&#8220;<strong>Bon visuel<\/strong> pour soutenir les conversations sur les risques\".<\/em> (Elleke Bosworth)<\/p>\n\n\n\n<p><em>&#8220;<strong>Tr\u00e8s beau visuel<\/strong> - Je cherchais une solution pratique pour visualiser mes risques. Ce visuel me convient parfaitement et est pr\u00eat \u00e0 l'emploi en quelques minutes. L'interactivit\u00e9 fonctionne bien et donne l'impression d'\u00eatre une \"vraie affaire\".\"<\/em> (Anonyme)<\/p>\n\n\n\n<p><em>&#8220;<strong>Un excellent outil de visualisation des risques<\/strong> - Un outil formidable pour visualiser la carte thermique des risques, tr\u00e8s efficace et facile d'acc\u00e8s\".<\/em> (Anonyme)<\/p>\n\n\n\n<p><em>&#8220;<strong>Outil indispensable pour la gestion des risques<\/strong> - Cet outil est convivial et pr\u00e9sente efficacement les scores de risque dans un format clair et facilement compr\u00e9hensible\".<\/em> (Anonyme)<\/p>\n\n\n\n<p><em>&#8220;<strong>Un outil de gestion des risques tr\u00e8s utile<\/strong> - Je trouve la carte thermique des risques tr\u00e8s utile dans notre processus de gestion des risques. Elle permet de visualiser les risques de mani\u00e8re simple et compr\u00e9hensible pour le conseil d'administration et le reste de l'entreprise. Il est \u00e9galement facile \u00e0 utiliser et on s'habitue rapidement \u00e0 la fa\u00e7on dont les param\u00e8tres fonctionnent.<\/em> (Anonyme)<\/p>\n\n\n\n<p><em>&#8220;<strong>Superbe petit compl\u00e9ment !<\/strong> - Nous utilisons la carte thermique de LeapLytics depuis un an. Elle est facile \u00e0 utiliser, d'un bon rapport qualit\u00e9-prix et le visuel est tr\u00e8s bien pr\u00e9sent\u00e9 dans notre tableau de bord des risques\".<\/em> (Anonyme)<\/p>\n\n\n\n<p><em>&#8220;<strong>Parfait<\/strong> - Es muy buena, vers\u00e1til y pr\u00e1ctica\".<\/em> (Cynthia Mercedes Anaya Manrique)<\/p>\n\n\n\n<p><em>&#8220;<strong>Tr\u00e8s bon visuel et bonne r\u00e9ponse<\/strong> - Il nous donne le visuel dont nous avions besoin et la r\u00e9ponse \u00e0 nos questions a \u00e9t\u00e9 rapide et utile\".<\/em> (Anonyme)<\/p>\n\n\n\n<p><em>&#8220;<strong>Solide <\/strong>- Visuel solide\"<\/em> (Anonyme)<\/p>","protected":false},"excerpt":{"rendered":"<p>\"Depuis plus d'un an, nous utilisons la matrice des risques et la carte thermique de LeapLytics dans Power BI, qui est devenue un outil indispensable pour notre \u00e9quipe. Sa conception intuitive et ses fonctions personnalisables nous permettent de visualiser et de hi\u00e9rarchiser efficacement les risques, ce qui nous permet de nous concentrer sur les domaines les plus critiques. La possibilit\u00e9 d'adapter la matrice ... <\/p>","protected":false},"author":2,"featured_media":0,"parent":0,"menu_order":0,"comment_status":"closed","ping_status":"closed","template":"","meta":{"footnotes":""},"class_list":["post-13717","page","type-page","status-publish","hentry","latest_post"],"_links":{"self":[{"href":"https:\/\/www.leaplytics.de\/fr\/wp-json\/wp\/v2\/pages\/13717","targetHints":{"allow":["GET"]}}],"collection":[{"href":"https:\/\/www.leaplytics.de\/fr\/wp-json\/wp\/v2\/pages"}],"about":[{"href":"https:\/\/www.leaplytics.de\/fr\/wp-json\/wp\/v2\/types\/page"}],"author":[{"embeddable":true,"href":"https:\/\/www.leaplytics.de\/fr\/wp-json\/wp\/v2\/users\/2"}],"replies":[{"embeddable":true,"href":"https:\/\/www.leaplytics.de\/fr\/wp-json\/wp\/v2\/comments?post=13717"}],"version-history":[{"count":5,"href":"https:\/\/www.leaplytics.de\/fr\/wp-json\/wp\/v2\/pages\/13717\/revisions"}],"predecessor-version":[{"id":13725,"href":"https:\/\/www.leaplytics.de\/fr\/wp-json\/wp\/v2\/pages\/13717\/revisions\/13725"}],"wp:attachment":[{"href":"https:\/\/www.leaplytics.de\/fr\/wp-json\/wp\/v2\/media?parent=13717"}],"curies":[{"name":"wp","href":"https:\/\/api.w.org\/{rel}","templated":true}]}}