{"id":13808,"date":"2025-07-14T10:32:30","date_gmt":"2025-07-14T08:32:30","guid":{"rendered":"https:\/\/www.leaplytics.de\/?page_id=13808"},"modified":"2025-07-14T10:32:31","modified_gmt":"2025-07-14T08:32:31","slug":"gantt-leaplytics-power-bi","status":"publish","type":"page","link":"https:\/\/www.leaplytics.de\/fr\/gantt-leaplytics-power-bi\/","title":{"rendered":"Gantt LeapLytics - Power BI"},"content":{"rendered":"<p>C'est simple. Nous vous donnons les moyens de donner vie aux calendriers de vos projets directement dans Power BI. Notre graphique de Gantt Leaplytics transforme des donn\u00e9es de projet complexes en visualisations professionnelles, interactives et compl\u00e8tes. Affichez les calendriers de projet de Microsoft Project, Primavera P6, Jira, Asana et Azure DevOps exactement comme pr\u00e9vu.<\/p>\n<blockquote>\n<p>\"Enfin un diagramme de Gantt qui fonctionne vraiment dans Power BI ! Le fait de pouvoir afficher le calendrier de nos projets avec les d\u00e9pendances et le suivi de l'avancement directement dans nos tableaux de bord ex\u00e9cutifs au lieu de captures d'\u00e9cran statiques a transform\u00e9 nos pr\u00e9sentations de projets.\"<br \/>- <strong>Johnson M., Responsable Business Intelligence<\/strong> <em>(Secteur de la construction)<\/em><\/p>\n<\/blockquote>\n<h2 id=\"what-s-in-it-for-you-\">Qu'est-ce que vous y gagnez ?<\/h2>\n<p>D\u00e9bloquez la visualisation professionnelle des projets pour vos tableaux de bord Power BI :<\/p>\n<p><strong>Visualiser les projets en beaut\u00e9 :<\/strong> Transformez les donn\u00e9es brutes de Microsoft Project, Primavera P6, Jira, Asana et Azure DevOps en diagrammes de Gantt au rendu professionnel.<\/p>\n<p><strong>\u00c9liminer le travail manuel :<\/strong> Plus besoin d'exporter des captures d'\u00e9cran ou de cr\u00e9er manuellement des diagrammes chronologiques. Vos donn\u00e9es de projet existantes s'affichent sous forme de diagrammes de Gantt interactifs.<\/p>\n<p><strong>Impressionner les parties prenantes :<\/strong> Pr\u00e9senter des tableaux de bord professionnels qui pr\u00e9servent la cr\u00e9dibilit\u00e9 lors des r\u00e9unions de direction et des pr\u00e9sentations aux parties prenantes.<\/p>\n<p><strong>Gagner du temps :<\/strong> Ne passez plus des heures \u00e0 cr\u00e9er manuellement des calendriers. Connectez les donn\u00e9es de votre projet et regardez les listes de t\u00e2ches se transformer en visualisations Gantt compl\u00e8tes.<\/p>\n<blockquote>\n<p>\"Nous avions l'habitude de passer 12 heures par semaine \u00e0 cr\u00e9er des rapports temporels \u00e0 partir de nos outils de gestion de projet. D\u00e9sormais, tout s'affiche automatiquement sous forme de magnifiques diagrammes de Gantt interactifs. Nos rapports sur l'\u00e9tat d'avancement des projets ont retrouv\u00e9 un aspect professionnel.<br \/>- <strong>Rodriguez A., Directeur de l'analyse<\/strong> <em>(Technologie de la sant\u00e9)<\/em><\/p>\n<\/blockquote>\n<h2 id=\"how-you-can-benefit\">Comment vous pouvez en b\u00e9n\u00e9ficier<\/h2>\n<p>Les utilisateurs qui ont adopt\u00e9 notre rapport visuel Leaplytics Gantt Chart :<\/p>\n<p><strong>\u00c9limination des cauchemars li\u00e9s \u00e0 la chronologie :<\/strong> Fini la cr\u00e9ation manuelle de graphiques ou les captures d'\u00e9cran statiques dans les pr\u00e9sentations.<\/p>\n<p><strong>Adoption accrue des tableaux de bord :<\/strong> Les parties prenantes s'engagent davantage avec des diagrammes de Gantt interactifs qu'elles peuvent explorer et comprendre.<\/p>\n<p><strong>Renforcement de la cr\u00e9dibilit\u00e9 professionnelle :<\/strong> Les pr\u00e9sentations ex\u00e9cutives ont une apparence soign\u00e9e et pr\u00e9servent votre r\u00e9putation de professionnel des donn\u00e9es.<\/p>\n<p><strong>Vues unifi\u00e9es du projet :<\/strong> Affichez des donn\u00e9es de projet provenant de plusieurs plates-formes d'entreprise dans un diagramme de Gantt Power BI interactif et coh\u00e9rent.<\/p>\n<h2 id=\"key-features\">Caract\u00e9ristiques principales<\/h2>\n<p><strong>Prise en charge multiplateforme :<\/strong> Prend en charge Microsoft Project, Primavera P6, Jira, Asana, Azure DevOps et toutes les donn\u00e9es tabulaires relatives aux projets.<\/p>\n<p><strong>Moteur de chronologie avanc\u00e9 :<\/strong><\/p>\n<ul>\n<li>Positionnement intelligent des t\u00e2ches et mise \u00e0 l'\u00e9chelle des dates<\/li>\n<li>Gestion hi\u00e9rarchique intelligente des t\u00e2ches pour les projets complexes<\/li>\n<\/ul>\n<p><strong>Visualisation professionnelle des projets :<\/strong> <\/p>\n<ul>\n<li>Rend les barres de t\u00e2ches, les d\u00e9pendances, les jalons et le suivi de la progression dans le respect des th\u00e8mes de Power BI.<\/li>\n<li>Navigation interactive dans la chronologie avec possibilit\u00e9 de zoom et de panoramique<\/li>\n<\/ul>\n<p><strong>Caract\u00e9ristiques du projet d'entreprise :<\/strong><\/p>\n<ul>\n<li>D\u00e9pendances des t\u00e2ches avec fl\u00e8ches de relation<\/li>\n<li>Suivi des progr\u00e8s et \u00e9tat d'avancement<\/li>\n<li>Visualisation de l'affectation des ressources<\/li>\n<li>Analyse du chemin critique<\/li>\n<\/ul>\n<p><strong>Optimisation des performances :<\/strong> Rendu efficace pour les grands ensembles de donn\u00e9es de projets avec plus de 1000 t\u00e2ches et des r\u00e9seaux de d\u00e9pendance complexes.<\/p>\n<p><strong>Int\u00e9gration transparente de Power BI :<\/strong> Fonctionne comme n'importe quel autre visuel Power BI, en respectant les filtres, les slicers et le filtrage crois\u00e9.<\/p>\n<p><strong>Configuration intuitive :<\/strong> Panneau de format simple avec des s\u00e9lections d\u00e9roulantes pour les champs de t\u00e2ches, les dates et les options de visualisation.<\/p>\n<p><strong>Pr\u00eat pour l'entreprise :<\/strong> Syst\u00e8me de licence robuste con\u00e7u pour un d\u00e9ploiement en entreprise avec des fonctions avanc\u00e9es de gestion de projet.<\/p>\n<h2 id=\"your-team-will-thank-you\">Votre \u00e9quipe vous remerciera<\/h2>\n<p><em>Vous en avez assez des captures d'\u00e9cran statiques de projets dans les pr\u00e9sentations ex\u00e9cutives ?<\/em> Avez-vous d\u00e9j\u00e0 eu du mal \u00e0 expliquer l'\u00e9tat d'avancement d'un projet \u00e0 l'aide de tableaux ennuyeux alors que vos interlocuteurs ont besoin de voir les d\u00e9lais ? Notre graphique de Gantt Leaplytics est la solution que vous attendiez. C'est le visuel que nous, professionnels de la gestion de projet, avons toujours souhait\u00e9 voir exister pour communiquer efficacement sur l'\u00e9tat d'avancement d'un projet.<\/p>\n<blockquote>\n<p>\"Le fait de pouvoir afficher nos sprints Azure DevOps et les d\u00e9pendances du projet avec une visualisation Gantt appropri\u00e9e a r\u00e9volutionn\u00e9 la fa\u00e7on dont nous pr\u00e9sentons l'\u00e9tat d'avancement du projet aux cadres. Le calendrier est interactif et la configuration a \u00e9t\u00e9 incroyablement facile.\"<br \/>- <strong>Chen L., Analyste de donn\u00e9es en chef<\/strong> <em>(D\u00e9veloppement de logiciels)<\/em><\/p>\n<\/blockquote>\n<h2 id=\"letter-from-the-ceo\">Lettre du directeur g\u00e9n\u00e9ral<\/h2>\n<p>Bonjour \u00e0 tous...<\/p>\n<p>Je suis Stefan, PDG de LeapLytics.<\/p>\n<p>La visualisation des projets dans Power BI est un probl\u00e8me persistant depuis des ann\u00e9es. Les entreprises investissent massivement dans des plateformes telles que Microsoft Project, Primavera P6, Jira et Azure DevOps pour g\u00e9rer les calendriers et les d\u00e9pendances de projets complexes. Mais lorsque ces donn\u00e9es de projet entrent dans Power BI, elles se transforment en tableaux illisibles ou n\u00e9cessitent la cr\u00e9ation manuelle de graphiques.<\/p>\n<p>Ce d\u00e9calage entre des outils de gestion de projet sophistiqu\u00e9s et des rapports de projet Power BI de base a frustr\u00e9 d'innombrables chefs de projet lors de pr\u00e9sentations ex\u00e9cutives. Elle nuit \u00e0 la cr\u00e9dibilit\u00e9 et rend pratiquement invisibles dans les tableaux de bord des informations pr\u00e9cieuses sur les projets.<\/p>\n<p>Les visuels de BI traditionnels n'ont tout simplement pas \u00e9t\u00e9 con\u00e7us pour la r\u00e9alit\u00e9 complexe de la gestion de projet moderne o\u00f9 les t\u00e2ches ont des d\u00e9pendances, un suivi de l'avancement, des affectations de ressources et des contraintes de temps. C'est l\u00e0 que la frustration commence.<\/p>\n<p>Notre graphique de Gantt Leaplytics pour Power BI r\u00e9sout ce probl\u00e8me fondamental. Nous pensons que les donn\u00e9es de votre projet doivent \u00eatre communiqu\u00e9es de mani\u00e8re claire et professionnelle partout, y compris dans vos tableaux de bord Power BI.<\/p>\n<p>Il s'agit de pr\u00e9server l'investissement que vous avez fait dans une planification de projet sophistiqu\u00e9e et de le pr\u00e9senter avec la clart\u00e9 visuelle que vos parties prenantes attendent. Nous avons con\u00e7u ce visuel pour g\u00e9rer la complexit\u00e9 des donn\u00e9es d'un projet r\u00e9el tout en gardant une configuration simple.<\/p>\n<p>C'est notre contribution \u00e0 l'\u00e9limination du cauchemar de la visualisation de projet qui a trop longtemps tourment\u00e9 les utilisateurs de Power BI.<\/p>\n<p>Je vous prie d'agr\u00e9er, Madame, Monsieur, l'expression de mes salutations distingu\u00e9es,<br \/><strong>Stefan Preusler<\/strong><br \/>Cofondateur et PDG de LeapLytics GmbH<\/p>\n<hr>\n<h2 id=\"ready-to-transform-your-project-visualization-\">Pr\u00eat \u00e0 transformer la visualisation de vos projets ?<\/h2>\n<p><a href=\"https:\/\/www.leaplytics.de\/fr\/\"><strong>Demander une licence d'essai<\/strong><\/a><\/p>\n<h2 id=\"getting-started\">Pour commencer<\/h2>\n<p>Vous avez obtenu votre permis ou vous souhaitez en savoir plus ?<br \/>Cliquez ci-dessous pour acc\u00e9der \u00e0 notre guide complet :<\/p>\n<p><a href=\"https:\/\/www.leaplytics.de\/fr\/getting-started-gantt-chart-power-bi\/?utm_source=extension&amp;utm_medium=power-bi&amp;utm_campaign=gantt-chart\"><strong>D\u00e9marrage - Leaplytics Gantt Chart Visual pour Power BI<\/strong><\/a><\/p>\n<hr>\n<p><em>Transformez les donn\u00e9es de votre projet en visualisations chronologiques professionnelles que les parties prenantes comprennent r\u00e9ellement.<\/em> <\/p>","protected":false},"excerpt":{"rendered":"<p>It&#39;s straightforward. We empower you to bring your project timelines and schedules to life directly within Power BI. Our Leaplytics Gantt Chart visual transforms complex project data into professional, interactive, and comprehensive timeline visualizations. Display project schedules from Microsoft Project, Primavera P6, Jira, Asana, and Azure DevOps exactly as intended. &quot;Finally, a Gantt chart that &hellip; <\/p>","protected":false},"author":2,"featured_media":0,"parent":0,"menu_order":0,"comment_status":"closed","ping_status":"closed","template":"","meta":{"footnotes":""},"class_list":["post-13808","page","type-page","status-publish","hentry","latest_post"],"_links":{"self":[{"href":"https:\/\/www.leaplytics.de\/fr\/wp-json\/wp\/v2\/pages\/13808","targetHints":{"allow":["GET"]}}],"collection":[{"href":"https:\/\/www.leaplytics.de\/fr\/wp-json\/wp\/v2\/pages"}],"about":[{"href":"https:\/\/www.leaplytics.de\/fr\/wp-json\/wp\/v2\/types\/page"}],"author":[{"embeddable":true,"href":"https:\/\/www.leaplytics.de\/fr\/wp-json\/wp\/v2\/users\/2"}],"replies":[{"embeddable":true,"href":"https:\/\/www.leaplytics.de\/fr\/wp-json\/wp\/v2\/comments?post=13808"}],"version-history":[{"count":1,"href":"https:\/\/www.leaplytics.de\/fr\/wp-json\/wp\/v2\/pages\/13808\/revisions"}],"predecessor-version":[{"id":13809,"href":"https:\/\/www.leaplytics.de\/fr\/wp-json\/wp\/v2\/pages\/13808\/revisions\/13809"}],"wp:attachment":[{"href":"https:\/\/www.leaplytics.de\/fr\/wp-json\/wp\/v2\/media?parent=13808"}],"curies":[{"name":"wp","href":"https:\/\/api.w.org\/{rel}","templated":true}]}}