{"id":14402,"date":"2025-12-18T23:52:33","date_gmt":"2025-12-18T22:52:33","guid":{"rendered":"https:\/\/www.leaplytics.de\/?page_id=14402"},"modified":"2025-12-19T01:57:41","modified_gmt":"2025-12-19T00:57:41","slug":"marketing-ventes-ai","status":"publish","type":"page","link":"https:\/\/www.leaplytics.de\/fr\/marketing-ventes-ai\/","title":{"rendered":"Marketing \/ Sales AI"},"content":{"rendered":"<h2>Votre \u00e9quipe de marketing et de vente a trop de travail. L'IA peut vous aider.<\/h2>\n\n<p>Le travail de marketing et de vente est un travail humain. Des prospects. Des prospects. Les clients. Campagnes. Messages. Un effort constant pour trouver, convaincre et fid\u00e9liser les acheteurs.<\/p>\n<p>La plupart d'entre eux suivent des mod\u00e8les. Marquer la piste. R\u00e9diger l'e-mail. Segmenter la liste. Mettre \u00e0 jour le CRM. Assurer un nouveau suivi.<\/p>\n<p>L'IA est con\u00e7ue pour cela. Elle analyse plus rapidement que n'importe quel humain. Elle n'oublie jamais de faire un suivi. Elle n'envoie jamais le mauvais message au mauvais segment.<\/p>\n<p>Cela ne remplace pas votre \u00e9quipe de marketing et de vente. Il les rend plus rapides. Il s'occupe de la routine afin que vos collaborateurs puissent se concentrer sur les relations et la strat\u00e9gie.<\/p>\n\n\n<hr class=\"wp-block-separator has-alpha-channel-opacity\"\/>\n\n\n\n<h3 class=\"wp-block-heading\">La r\u00e9alit\u00e9 du travail de marketing et de vente aujourd'hui<\/h3>\n\n\n<p>Les \u00e9quipes de marketing et de vente sont surcharg\u00e9es. Plus de canaux. Plus de concurrence. Des attentes plus \u00e9lev\u00e9es. Des budgets plus serr\u00e9s.<\/p>\n<p>Les sp\u00e9cialistes du marketing passent des heures sur des contenus qui risquent de ne pas aboutir. Les commerciaux courent apr\u00e8s des pistes qui ne m\u00e8nent nulle part. Les donn\u00e9es sont stock\u00e9es dans des syst\u00e8mes, mais personne n'a le temps de les analyser.<\/p>\n<p>Les bonnes pistes se refroidissent parce que le suivi a pris trop de temps. Les campagnes sont men\u00e9es sans retour sur investissement clair. Tout le monde est occup\u00e9, mais les r\u00e9sultats ne sont pas \u00e0 la hauteur des efforts d\u00e9ploy\u00e9s.<\/p>\n<p>Non pas parce que les gens ne sont pas bons dans leur travail, mais parce qu'il y a tout simplement trop de choses \u00e0 faire et pas assez d'heures. C'est tout simplement parce qu'il y a trop de choses \u00e0 faire et qu'il n'y a pas assez d'heures.<\/p>\n\n\n<hr class=\"wp-block-separator has-alpha-channel-opacity\"\/>\n\n\n\n<h3 class=\"wp-block-heading\">L\u00e0 o\u00f9 l'IA fait une r\u00e9elle diff\u00e9rence<\/h3>\n\n\n<p>L'IA fonctionne mieux lorsqu'il y a des donn\u00e9es et des mod\u00e8les. Le marketing et les ventes disposent de ces deux \u00e9l\u00e9ments.<\/p>\n<p>Voici cinq domaines dans lesquels l'IA produit des r\u00e9sultats concrets - non pas des effets d'annonce, mais un impact r\u00e9el sur le chiffre d'affaires et un gain de temps.<\/p>\n\n\n<hr class=\"wp-block-separator has-alpha-channel-opacity\"\/>\n\n\n\n<h4 class=\"wp-block-heading\">1. G\u00e9n\u00e9ration et qualification de prospects<\/h4>\n\n\n<p>Tous les prospects ne sont pas \u00e9gaux. Certains ach\u00e8teront. La plupart ne le feront pas. D\u00e9terminer qui est qui prend du temps - du temps qui pourrait \u00eatre consacr\u00e9 \u00e0 la vente.<\/p>\n<p>Pendant ce temps, de bonnes pistes s'envolent parce qu'elles n'ont pas attir\u00e9 l'attention assez rapidement.<\/p>\n\n\n<h5 class=\"wp-block-heading\">Ce que fait l'IA<\/h5>\n\n\n<p><strong>Il \u00e9value automatiquement les clients potentiels.<\/strong><br \/>\nEn se basant sur le comportement, les donn\u00e9es d\u00e9mographiques et les mod\u00e8les historiques, l'IA classe les prospects les plus susceptibles d'acheter. Les pistes les plus prometteuses apparaissent imm\u00e9diatement.<\/p>\n\n<p><strong>Identifie les signaux d'achat.<\/strong><br \/>\nVisites du site web. T\u00e9l\u00e9chargements de contenu. Engagement par courrier \u00e9lectronique. L'IA d\u00e9tecte lorsque le comportement d'une personne indique qu'elle est \"pr\u00eate \u00e0 acheter\".<\/p>\n\n<p><strong>Qualifie les clients potentiels en leur posant des questions.<\/strong><br \/>\nChatbots et formulaires qui posent les bonnes questions. L'IA recueille des informations sur les qualifications avant qu'un humain n'intervienne.<\/p>\n\n<p><strong>Enrichit les donn\u00e9es de plomb.<\/strong><br \/>\nTaille de l'entreprise. Secteur d'activit\u00e9. R\u00f4le. L'IA compl\u00e8te les informations manquantes pour que vous sachiez \u00e0 qui vous parlez.<\/p>\n\n<p><strong>Achemine les pistes vers la bonne personne.<\/strong><br \/>\nUn prospect de l'entreprise ? Il est dirig\u00e9 vers le service des ventes aux entreprises. Petite entreprise ? Une autre \u00e9quipe. L'IA associe automatiquement les prospects aux repr\u00e9sentants.<\/p>\n\n\n<h5 class=\"wp-block-heading\">Ce que cela signifie pour vous<\/h5>\n\n\n<ul>\n<li><strong>Pour les directeurs des ventes :<\/strong> Les repr\u00e9sentants consacrent du temps aux prospects qui se convertissent. Des taux de r\u00e9ussite plus \u00e9lev\u00e9s. Des cycles de vente plus courts.<\/li>\n<li><strong>Pour les repr\u00e9sentants commerciaux :<\/strong> Ne cherchez plus \u00e0 savoir qui appeler. Travaillez sur les pistes les plus susceptibles de se conclure. Moins de temps pass\u00e9 dans les impasses.<\/li>\n<li><strong>Pour l'entreprise :<\/strong> R\u00e9ponse plus rapide aux prospects. De meilleurs taux de conversion. Diminution du co\u00fbt d'acquisition.<\/li>\n<\/ul>\n\n<p><a href=\"https:\/\/www.leaplytics.de\/fr\/generation-de-leads-qualification-ai\/\">En savoir plus sur l'IA pour la g\u00e9n\u00e9ration et la qualification de leads \u2192<\/a><\/p>\n\n\n<hr class=\"wp-block-separator has-alpha-channel-opacity\"\/>\n\n\n\n<h4 class=\"wp-block-heading\">2. Cr\u00e9ation et personnalisation du contenu<\/h4>\n\n\n<p>Le contenu alimente la machine. Emails. Les publicit\u00e9s. Messages sociaux. Pages d'atterrissage. Descriptions de produits. Tout le monde a besoin de plus de contenu, plus rapidement.<\/p>\n<p>Et le contenu g\u00e9n\u00e9rique ne fonctionne plus. Les gens attendent des messages qui leur semblent pertinents.<\/p>\n\n\n<h5 class=\"wp-block-heading\">Ce que fait l'IA<\/h5>\n\n\n<p><strong>R\u00e9diger rapidement des contenus.<\/strong><br \/>\nCopie de l'e-mail. Variantes d'annonces. Messages sociaux. Descriptions de produits. L'IA r\u00e9dige les premi\u00e8res \u00e9bauches en quelques secondes. Vous \u00e9ditez et affinez.<\/p>\n\n<p><strong>Cr\u00e9e des variations \u00e0 l'\u00e9chelle.<\/strong><br \/>\nBesoin de 10 versions pour les tests A\/B ? Diff\u00e9rents angles pour diff\u00e9rents segments ? L'IA g\u00e9n\u00e8re rapidement des options.<\/p>\n\n<p><strong>Personnalise les messages.<\/strong><br \/>\nDiff\u00e9rentes copies pour diff\u00e9rents secteurs d'activit\u00e9. Des points de douleur diff\u00e9rents pour des r\u00f4les diff\u00e9rents. L'IA adapte automatiquement les messages aux segments.<\/p>\n\n<p><strong>Optimise les lignes d'objet et les titres.<\/strong><br \/>\nEn se basant sur ce qui a fonctionn\u00e9 auparavant, l'IA sugg\u00e8re des textes plus susceptibles d'obtenir des ouvertures et des clics.<\/p>\n\n<p><strong>Maintient la voix de la marque.<\/strong><br \/>\nFormez l'IA \u00e0 votre style. Elle apprend votre ton et assure la coh\u00e9rence du contenu.<\/p>\n\n\n<h5 class=\"wp-block-heading\">Ce que cela signifie pour vous<\/h5>\n\n\n<ul>\n<li><strong>Pour les OCM :<\/strong> Plus de contenu sans plus d'effectifs. Des campagnes plus rapides. Une voix de marque coh\u00e9rente \u00e0 grande \u00e9chelle.<\/li>\n<li><strong>Pour les sp\u00e9cialistes du marketing :<\/strong> Commencez par des brouillons plut\u00f4t que par des pages blanches. Consacrez du temps \u00e0 la strat\u00e9gie, et non \u00e0 la r\u00e9daction de la 50e variante de l'e-mail.<\/li>\n<li><strong>Pour l'entreprise :<\/strong> Des messages qui r\u00e9sonnent. Un engagement plus fort. Meilleure conversion.<\/li>\n<\/ul>\n\n<p><em>Important : l'IA r\u00e9dige le contenu, mais le message reste la propri\u00e9t\u00e9 de l'homme. Passez tout en revue avant de le diffuser.<\/em><\/p>\n\n<p><a href=\"https:\/\/www.leaplytics.de\/fr\/creation-de-contenu-personnalisation-ai\/\">En savoir plus sur l'IA pour la cr\u00e9ation de contenu et la personnalisation \u2192<\/a><\/p>\n\n\n<hr class=\"wp-block-separator has-alpha-channel-opacity\"\/>\n\n\n\n<h4 class=\"wp-block-heading\">3. Connaissance et segmentation de la client\u00e8le<\/h4>\n\n\n<p>Vous disposez de donn\u00e9es sur vos clients. Il y en a beaucoup. Historique des achats. Comportement. Donn\u00e9es d\u00e9mographiques. Interactions.<\/p>\n<p>Mais transformer les donn\u00e9es en informations ? Cela demande de l'analyse. Et une segmentation intelligente ? Cela demande encore plus d'efforts.<\/p>\n\n\n<h5 class=\"wp-block-heading\">Ce que fait l'IA<\/h5>\n\n\n<p><strong>Analyse le comportement des clients.<\/strong><br \/>\nQue font les clients avant d'acheter ? Avant de se d\u00e9sabonner ? L'IA trouve des mod\u00e8les dans les donn\u00e9es comportementales.<\/p>\n\n<p><strong>Cr\u00e9e des segments intelligents.<\/strong><br \/>\nPas seulement des donn\u00e9es d\u00e9mographiques, mais aussi des segments comportementaux. Clients \u00e0 forte valeur ajout\u00e9e. Clients \u00e0 risque. Les prospects pr\u00eats \u00e0 acheter. L'IA regroupe les personnes en fonction de ce qu'elles font r\u00e9ellement.<\/p>\n\n<p><strong>Pr\u00e9voit le d\u00e9sabonnement.<\/strong><br \/>\nQuels sont les clients susceptibles de partir ? L'IA d\u00e9tecte les signes avant-coureurs afin que vous puissiez agir avant qu'ils ne partent.<\/p>\n\n<p><strong>Calcule la valeur de la dur\u00e9e de vie.<\/strong><br \/>\nQuels sont les clients qui valent le plus au fil du temps ? L'IA \u00e9value la valeur afin que vous sachiez o\u00f9 investir.<\/p>\n\n<p><strong>Identifie les opportunit\u00e9s de vente crois\u00e9e.<\/strong><br \/>\nSur la base des habitudes d'achat, l'IA sugg\u00e8re quels produits recommander \u00e0 quels clients.<\/p>\n\n\n<h5 class=\"wp-block-heading\">Ce que cela signifie pour vous<\/h5>\n\n\n<ul>\n<li><strong>Pour les OCM :<\/strong> Les d\u00e9penses de marketing vont aux bonnes personnes. Un meilleur retour sur investissement. Des d\u00e9cisions bas\u00e9es sur des donn\u00e9es plut\u00f4t que sur des suppositions.<\/li>\n<li><strong>Pour les sp\u00e9cialistes du marketing :<\/strong> Des segments qui comptent vraiment. Des campagnes cibl\u00e9es sur le comportement, et pas seulement sur les donn\u00e9es d\u00e9mographiques.<\/li>\n<li><strong>Pour l'entreprise :<\/strong> Conserver plus de clients. Vendre davantage aux clients existants. Comprendre ce qui g\u00e9n\u00e8re des revenus.<\/li>\n<\/ul>\n\n<p><a href=\"https:\/\/www.leaplytics.de\/fr\/connaissance-du-client-segmentation-ai\/\">En savoir plus sur l'IA pour la connaissance et la segmentation des clients \u2192<\/a><\/p>\n\n\n<hr class=\"wp-block-separator has-alpha-channel-opacity\"\/>\n\n\n\n<h4 class=\"wp-block-heading\">4. Pipeline de vente et pr\u00e9visions<\/h4>\n\n\n<p>Les pr\u00e9visions de vente rel\u00e8vent \u00e0 la fois de la science et de l'imagination. Les repr\u00e9sentants sont optimistes. Les affaires \u00e9chouent. Les pr\u00e9visions changent chaque semaine.<\/p>\n<p>Pendant ce temps, les responsables passent des heures dans le syst\u00e8me de gestion de la relation client \u00e0 essayer de comprendre ce qui va vraiment se conclure.<\/p>\n\n\n<h5 class=\"wp-block-heading\">Ce que fait l'IA<\/h5>\n\n\n<p><strong>Probabilit\u00e9 d'un score.<\/strong><br \/>\nSur la base des caract\u00e9ristiques des transactions et des mod\u00e8les historiques, l'IA pr\u00e9dit les transactions qui seront effectivement conclues. Il ne s'agit pas de donn\u00e9es instinctives.<\/p>\n\n<p><strong>Identifie les transactions \u00e0 risque.<\/strong><br \/>\nPas d'activit\u00e9 depuis deux semaines ? La partie prenante s'est tue ? L'IA signale les affaires qui n\u00e9cessitent une attention particuli\u00e8re avant qu'elles ne meurent.<\/p>\n\n<p><strong>Am\u00e9liore la pr\u00e9cision des pr\u00e9visions.<\/strong><br \/>\nL'IA examine les donn\u00e9es relatives au pipeline et les taux de conclusion historiques. Elle vous donne des pr\u00e9visions bas\u00e9es sur des mod\u00e8les et non sur des promesses.<\/p>\n\n<p><strong>Sugg\u00e8re les meilleures actions \u00e0 entreprendre.<\/strong><br \/>\nQui le repr\u00e9sentant doit-il appeler aujourd'hui ? Quelle affaire doit faire l'objet d'un suivi ? L'IA donne la priorit\u00e9 aux activit\u00e9s qui font avancer les affaires.<\/p>\n\n<p><strong>Analyse les sch\u00e9mas de gains et de pertes.<\/strong><br \/>\nPourquoi les affaires se concluent-elles ? Pourquoi perdent-elles ? L'IA trouve des mod\u00e8les dans vos victoires et vos d\u00e9faites afin que vous puissiez r\u00e9p\u00e9ter ce qui fonctionne.<\/p>\n\n\n<h5 class=\"wp-block-heading\">Ce que cela signifie pour vous<\/h5>\n\n\n<ul>\n<li><strong>Pour les directeurs des ventes :<\/strong> Des pr\u00e9visions fiables. Visibilit\u00e9 sur la sant\u00e9 du pipeline. Coaching bas\u00e9 sur les donn\u00e9es.<\/li>\n<li><strong>Pour les repr\u00e9sentants commerciaux :<\/strong> Savoir sur quelles affaires se concentrer. Des priorit\u00e9s claires. Moins de temps pour mettre \u00e0 jour le CRM, plus de temps pour vendre.<\/li>\n<li><strong>Pour l'entreprise :<\/strong> Des revenus pr\u00e9visibles. Une meilleure planification. Moins de surprises en fin de trimestre.<\/li>\n<\/ul>\n\n<p><a href=\"https:\/\/www.leaplytics.de\/fr\/prevision-du-pipeline-de-vente-ai\/\">En savoir plus sur l'IA pour le pipeline de vente et les pr\u00e9visions \u2192<\/a><\/p>\n\n\n<hr class=\"wp-block-separator has-alpha-channel-opacity\"\/>\n\n\n\n<h4 class=\"wp-block-heading\">5. Gestion et optimisation des campagnes<\/h4>\n\n\n<p>Les campagnes se d\u00e9roulent sur plusieurs canaux. Courriel. Social. Annonces payantes. Contenu. \u00c9v\u00e9nements. Chacun a des mesures. Chacun a besoin d'\u00eatre optimis\u00e9.<\/p>\n<p>D\u00e9terminer ce qui fonctionne - et pourquoi - prend du temps que personne n'a.<\/p>\n\n\n<h5 class=\"wp-block-heading\">Ce que fait l'IA<\/h5>\n\n\n<p><strong>Suivi des performances sur l'ensemble des canaux.<\/strong><br \/>\nToutes vos campagnes. Tous vos indicateurs. Une seule vue. L'IA consolide les donn\u00e9es pour que vous ayez une vue d'ensemble.<\/p>\n\n<p><strong>Identifie ce qui fonctionne.<\/strong><br \/>\nQuelles sont les campagnes qui g\u00e9n\u00e8rent des revenus ? Quels canaux sont les plus performants pour quels segments ? L'IA relie l'activit\u00e9 marketing aux r\u00e9sultats.<\/p>\n\n<p><strong>Optimise l'allocation du budget.<\/strong><br \/>\nD\u00e9penser plus l\u00e0 o\u00f9 \u00e7a marche. Moins l\u00e0 o\u00f9 \u00e7a ne marche pas. L'IA sugg\u00e8re comment r\u00e9orienter le budget pour un meilleur retour sur investissement.<\/p>\n\n<p><strong>Pr\u00e9voit les performances de la campagne.<\/strong><br \/>\nAvant le lancement, l'IA estime les r\u00e9sultats sur la base de campagnes ant\u00e9rieures similaires. Moins de surprises.<\/p>\n\n<p><strong>Automatise les optimisations de routine.<\/strong><br \/>\nMettre en pause les publicit\u00e9s peu performantes. Ajuster les ench\u00e8res. Modifier le budget. L'IA g\u00e8re automatiquement les ajustements tactiques.<\/p>\n\n\n<h5 class=\"wp-block-heading\">Ce que cela signifie pour vous<\/h5>\n\n\n<ul>\n<li><strong>Pour les OCM :<\/strong> Un retour sur investissement clair des d\u00e9penses de marketing. D\u00e9cisions budg\u00e9taires fond\u00e9es sur des donn\u00e9es. Justifier l'investissement par des chiffres.<\/li>\n<li><strong>Pour les sp\u00e9cialistes du marketing :<\/strong> Cessez de deviner ce qui fonctionne. Optimisez plus rapidement. Consacrez du temps \u00e0 la strat\u00e9gie, pas aux feuilles de calcul.<\/li>\n<li><strong>Pour l'entreprise :<\/strong> Plus de revenus par dollar de marketing. Une croissance efficace. Des campagnes r\u00e9ellement performantes.<\/li>\n<\/ul>\n\n<p><em>Important : l'IA optimise en fonction des donn\u00e9es, mais le jugement marketing reste important. L'IA ne conna\u00eet pas votre strat\u00e9gie de marque, c'est vous qui la connaissez.<\/em><\/p>\n\n<p><a href=\"https:\/\/www.leaplytics.de\/fr\/gestion-des-campagnes-optimisation-ai\/\">En savoir plus sur l'IA pour la gestion et l'optimisation des campagnes \u2192<\/a><\/p>\n\n\n<hr class=\"wp-block-separator has-alpha-channel-opacity\"\/>\n\n\n\n<h3 class=\"wp-block-heading\">Ce que l'IA ne fera pas<\/h3>\n\n\n<p>Soyons clairs sur les limites.<\/p>\n<p>L'IA ne remplace pas les professionnels du marketing et de la vente. Elle n'\u00e9tablit pas de relations. Elle ne n\u00e9gocie pas de contrats complexes. Elle ne cr\u00e9e pas votre strat\u00e9gie de marque et ne s'occupe pas des clients contrari\u00e9s qui ont besoin d'un contact humain.<\/p>\n<p>Il g\u00e8re la routine. La notation. La r\u00e9daction. L'analyse. L'optimisation.<\/p>\n<p>Votre \u00e9quipe continue \u00e0 r\u00e9fl\u00e9chir. Elle le fait simplement plus rapidement parce que les donn\u00e9es sont pr\u00eates et que le travail de fond est fait.<\/p>\n\n\n<hr class=\"wp-block-separator has-alpha-channel-opacity\"\/>\n\n\n\n<h3 class=\"wp-block-heading\">Le bilan<\/h3>\n\n\n<p>Les \u00e9quipes marketing et commerciales qui utilisent bien l'IA ne travaillent pas moins. Elles travaillent diff\u00e9remment.<\/p>\n<p>Au lieu de deviner quelles pistes appeler, ils travaillent sur les meilleures. Au lieu de r\u00e9diger chaque e-mail \u00e0 partir de z\u00e9ro, ils affinent les projets. Au lieu de se demander ce qui fonctionne, ils le voient dans les donn\u00e9es.<\/p>\n<p>Le r\u00e9sultat :<\/p>\n<ul>\n<li>Des taux de conversion plus \u00e9lev\u00e9s<\/li>\n<li>Des cycles de vente plus courts<\/li>\n<li>Un meilleur retour sur investissement marketing<\/li>\n<li>Les professionnels de la vente et du marketing effectuant un travail qui n\u00e9cessite r\u00e9ellement leur expertise<\/li>\n<li>Croissance des recettes sans augmentation proportionnelle des effectifs<\/li>\n<\/ul>\n<p>Il ne s'agit pas de remplacer votre \u00e9quipe. Il s'agit de les rendre plus efficaces.<\/p>\n\n\n<hr class=\"wp-block-separator has-alpha-channel-opacity\"\/>\n\n\n\n<h3 class=\"wp-block-heading\">Pr\u00eat \u00e0 voir ce qui est possible ?<\/h3>\n\n\n<p>Chaque \u00e9quipe de marketing et de vente est diff\u00e9rente. Votre entonnoir n'est pas le m\u00eame que celui des autres. Vos clients ont leurs propres habitudes. Vos priorit\u00e9s d\u00e9pendent de votre entreprise.<\/p>\n<p>Nous ne vendons pas de solutions uniques. Nous examinons vos d\u00e9fis sp\u00e9cifiques. Nous identifions les domaines dans lesquels l'IA peut r\u00e9ellement vous aider. Nous construisons des syst\u00e8mes qui s'adaptent \u00e0 vos processus.<\/p>\n<p>Pas de battage m\u00e9diatique. Pas de promesses que nous ne pouvons pas tenir. Juste de l'IA pratique qui vous aide \u00e0 vous d\u00e9velopper.<\/p>\n\n<p><a href=\"https:\/\/www.leaplytics.de\/fr\/contact\/\">Parlons de votre marketing et de vos ventes<\/a><\/p>\n\n<p><a href=\"https:\/\/www.leaplytics.de\/fr\/intelligence-artificielle\/\">Voir tous les services d'IA<\/a><\/p>","protected":false},"excerpt":{"rendered":"<p>Votre \u00e9quipe de marketing et de vente a trop de travail. L'IA peut vous aider. Le travail de marketing et de vente est un travail humain. Des prospects. Des prospects. Les clients. Campagnes. Messages. Un effort constant pour trouver, convaincre et fid\u00e9liser les acheteurs. La plupart de ces activit\u00e9s suivent des sch\u00e9mas. Marquer la piste. R\u00e9diger l'e-mail. Segmenter la liste. Mettre \u00e0 jour le CRM. Assurer un nouveau suivi. L'IA est ... <\/p>","protected":false},"author":2,"featured_media":0,"parent":0,"menu_order":0,"comment_status":"closed","ping_status":"closed","template":"","meta":{"footnotes":""},"class_list":["post-14402","page","type-page","status-publish","hentry","latest_post"],"_links":{"self":[{"href":"https:\/\/www.leaplytics.de\/fr\/wp-json\/wp\/v2\/pages\/14402","targetHints":{"allow":["GET"]}}],"collection":[{"href":"https:\/\/www.leaplytics.de\/fr\/wp-json\/wp\/v2\/pages"}],"about":[{"href":"https:\/\/www.leaplytics.de\/fr\/wp-json\/wp\/v2\/types\/page"}],"author":[{"embeddable":true,"href":"https:\/\/www.leaplytics.de\/fr\/wp-json\/wp\/v2\/users\/2"}],"replies":[{"embeddable":true,"href":"https:\/\/www.leaplytics.de\/fr\/wp-json\/wp\/v2\/comments?post=14402"}],"version-history":[{"count":3,"href":"https:\/\/www.leaplytics.de\/fr\/wp-json\/wp\/v2\/pages\/14402\/revisions"}],"predecessor-version":[{"id":14492,"href":"https:\/\/www.leaplytics.de\/fr\/wp-json\/wp\/v2\/pages\/14402\/revisions\/14492"}],"wp:attachment":[{"href":"https:\/\/www.leaplytics.de\/fr\/wp-json\/wp\/v2\/media?parent=14402"}],"curies":[{"name":"wp","href":"https:\/\/api.w.org\/{rel}","templated":true}]}}