{"id":14409,"date":"2025-12-18T23:54:54","date_gmt":"2025-12-18T22:54:54","guid":{"rendered":"https:\/\/www.leaplytics.de\/?page_id=14409"},"modified":"2025-12-19T01:47:36","modified_gmt":"2025-12-19T00:47:36","slug":"ressources-humaines-ai","status":"publish","type":"page","link":"https:\/\/www.leaplytics.de\/fr\/ressources-humaines-ai\/","title":{"rendered":"Ressources humaines AI"},"content":{"rendered":"<h2>Votre \u00e9quipe RH a trop de travail. L'IA peut vous aider.<\/h2>\n\n<p>Le travail des RH est un travail humain. Mais c'est aussi de la paperasse. Demandes d'emploi. Documents d'int\u00e9gration. Questions de politique g\u00e9n\u00e9rale. Demandes de cong\u00e9s. Examens des performances. Formulaires de prestations.<\/p>\n<p>La plupart d'entre eux suivent des mod\u00e8les. Examiner le curriculum vitae. R\u00e9pondre \u00e0 la question de politique g\u00e9n\u00e9rale. Traiter la demande. Envoyer le rappel. Encore une fois.<\/p>\n<p>L'IA est con\u00e7ue pour cela. Elle lit les demandes plus rapidement que n'importe quel humain. Elle n'oublie jamais un suivi. Elle r\u00e9pond parfaitement \u00e0 la m\u00eame question \u00e0 chaque fois.<\/p>\n<p>Cela ne remplace pas votre \u00e9quipe RH. Elle les rend plus rapides. Elle s'occupe de la routine pour que vos collaborateurs puissent se concentrer sur ce qui compte : vos collaborateurs.<\/p>\n\n\n<hr class=\"wp-block-separator has-alpha-channel-opacity\"\/>\n\n\n\n<h3 class=\"wp-block-heading\">La r\u00e9alit\u00e9 du travail en RH aujourd'hui<\/h3>\n\n\n<p>Les \u00e9quipes RH sont d\u00e9bord\u00e9es. Plus d'embauches. Plus de conformit\u00e9. Plus d'attentes de la part des employ\u00e9s. Moins de ressources.<\/p>\n<p>Les recruteurs croulent sous les CV pour chaque poste \u00e0 pourvoir. Les responsables des ressources humaines r\u00e9pondent sans cesse aux m\u00eames questions de politique g\u00e9n\u00e9rale. L'int\u00e9gration est un cauchemar de listes de contr\u00f4le. Les \u00e9valuations des performances s'accumulent.<\/p>\n<p>Le travail strat\u00e9gique est mis de c\u00f4t\u00e9. L'exp\u00e9rience des employ\u00e9s en p\u00e2tit. Les bons candidats s'\u00e9clipsent parce que le processus a pris trop de temps.<\/p>\n<p>Non pas parce que les gens ne sont pas bons dans leur travail, mais parce qu'il y a tout simplement trop de travail administratif et pas assez de temps pour les humains. C'est tout simplement parce qu'il y a trop de travail administratif et pas assez de temps pour les humains.<\/p>\n\n\n<hr class=\"wp-block-separator has-alpha-channel-opacity\"\/>\n\n\n\n<h3 class=\"wp-block-heading\">L\u00e0 o\u00f9 l'IA fait une r\u00e9elle diff\u00e9rence<\/h3>\n\n\n<p>L'IA fonctionne mieux lorsqu'il y a un travail r\u00e9p\u00e9titif et des mod\u00e8les clairs. Les RH ont les deux.<\/p>\n<p>Voici cinq domaines dans lesquels l'IA produit des r\u00e9sultats concrets - non pas des effets d'annonce, mais des gains de temps et de meilleurs r\u00e9sultats.<\/p>\n\n\n<hr class=\"wp-block-separator has-alpha-channel-opacity\"\/>\n\n\n\n<h4 class=\"wp-block-heading\">1. Recrutement et acquisition de talents<\/h4>\n\n\n<p>Chaque poste \u00e0 pourvoir donne lieu \u00e0 des centaines de candidatures. Quelqu'un doit les lire toutes. S\u00e9lectionner les qualifications. Organiser des entretiens. Assurer le suivi des candidats.<\/p>\n<p>Les bons candidats n'attendent pas. Alors que vous \u00eates encore en train de s\u00e9lectionner les candidats, ils ont accept\u00e9 une autre offre.<\/p>\n\n\n<h5 class=\"wp-block-heading\">Ce que fait l'IA<\/h5>\n\n\n<p><strong>L'\u00e9cran reprend automatiquement.<\/strong><br \/>\nComp\u00e9tences. Exp\u00e9rience. Qualifications. L'IA lit chaque candidature et classe les candidats en fonction de leur profil. Les meilleures correspondances font surface imm\u00e9diatement.<\/p>\n\n<p><strong>Mettre en relation les candidats et les r\u00f4les.<\/strong><br \/>\nPas seulement des mots-cl\u00e9s, mais une v\u00e9ritable ad\u00e9quation. L'IA comprend les exigences du poste et trouve des candidats dont l'exp\u00e9rience correspond r\u00e9ellement.<\/p>\n\n<p><strong>Planifie automatiquement les entretiens.<\/strong><br \/>\nLe candidat choisit une heure. Le calendrier v\u00e9rifie la disponibilit\u00e9. L'entretien est r\u00e9serv\u00e9. Pas d'\u00e9changes de courriels.<\/p>\n\n<p><strong>R\u00e9pond aux questions des candidats.<\/strong><br \/>\n\"Quelle est la proc\u00e9dure d'entretien ? \"Quels sont les avantages que vous offrez ?\" L'IA r\u00e9pond instantan\u00e9ment, 24 heures sur 24, 7 jours sur 7. Les candidats se sentent impliqu\u00e9s.<\/p>\n\n<p><strong>Optimise les offres d'emploi.<\/strong><br \/>\nEn se basant sur ce qui attire les candidats qualifi\u00e9s, l'IA sugg\u00e8re des am\u00e9liorations \u00e0 apporter \u00e0 vos descriptions de postes.<\/p>\n\n\n<h5 class=\"wp-block-heading\">Ce que cela signifie pour vous<\/h5>\n\n\n<ul>\n<li><strong>Pour les directeurs des ressources humaines :<\/strong> D\u00e9lai d'embauche plus court. Diminution du co\u00fbt par embauche. Meilleure exp\u00e9rience du candidat. Moins d'\u00e9puisement des recruteurs.<\/li>\n<li><strong>Pour les recruteurs :<\/strong> Arr\u00eatez de lire des centaines de CV non qualifi\u00e9s. Concentrez-vous sur l'entretien et la conclusion des entretiens avec les meilleurs candidats.<\/li>\n<li><strong>Pour les responsables du recrutement :<\/strong> Voir des candidats qualifi\u00e9s plus rapidement. Remplir les postes avant que les projets ne soient bloqu\u00e9s.<\/li>\n<\/ul>\n\n<p><a href=\"https:\/\/www.leaplytics.de\/fr\/recrutement-acquisition-de-talents-ai\/\">En savoir plus sur l'IA pour le recrutement et l'acquisition de talents \u2192<\/a><\/p>\n\n\n<hr class=\"wp-block-separator has-alpha-channel-opacity\"\/>\n\n\n\n<h4 class=\"wp-block-heading\">2. L'accueil des employ\u00e9s<\/h4>\n\n\n<p>Qui dit nouvelle embauche dit paperasserie. Formulaires fiscaux. Adh\u00e9sion aux avantages sociaux. Demandes d'\u00e9quipement. Affectations de formation. Reconnaissance des politiques.<\/p>\n<p>Lorsque l'int\u00e9gration est d\u00e9sordonn\u00e9e, les nouveaux employ\u00e9s se sentent perdus. La premi\u00e8re impression est importante, et elle est souvent d\u00e9sastreuse.<\/p>\n\n\n<h5 class=\"wp-block-heading\">Ce que fait l'IA<\/h5>\n\n\n<p><strong>Traite les documents automatiquement.<\/strong><br \/>\nFormulaires soumis. Donn\u00e9es extraites. Les informations sont achemin\u00e9es vers les bons syst\u00e8mes. Pas de saisie manuelle des donn\u00e9es.<\/p>\n\n<p><strong>Attribue automatiquement des formations.<\/strong><br \/>\nEn fonction du r\u00f4le, du lieu et des exigences, l'IA cr\u00e9e des plans d'int\u00e9gration personnalis\u00e9s. Rien ne manque.<\/p>\n\n<p><strong>Ach\u00e8vement des pistes.<\/strong><br \/>\nQuelles sont les t\u00e2ches accomplies ? Quelles sont celles qui sont en suspens ? L'IA surveille les progr\u00e8s et envoie des rappels automatiquement.<\/p>\n\n<p><strong>R\u00e9pondre aux questions des nouveaux embauch\u00e9s.<\/strong><br \/>\n\"O\u00f9 dois-je me garer ? \"Comment configurer mon courrier \u00e9lectronique ? \"Quand les prestations commencent-elles ?\" L'IA r\u00e9pond instantan\u00e9ment en fournissant des informations pr\u00e9cises.<\/p>\n\n<p><strong>Cr\u00e9er des exp\u00e9riences coh\u00e9rentes.<\/strong><br \/>\nChaque nouvel employ\u00e9 b\u00e9n\u00e9ficie de la m\u00eame qualit\u00e9 d'accueil. Plus de \"\u00e7a d\u00e9pend de qui vous a aid\u00e9\".<\/p>\n\n\n<h5 class=\"wp-block-heading\">Ce que cela signifie pour vous<\/h5>\n\n\n<ul>\n<li><strong>Pour les directeurs des ressources humaines :<\/strong> Une int\u00e9gration coh\u00e9rente \u00e0 grande \u00e9chelle. Une productivit\u00e9 plus rapide. Meilleure r\u00e9tention des nouveaux employ\u00e9s.<\/li>\n<li><strong>Pour les responsables des ressources humaines :<\/strong> Arr\u00eatez de courir apr\u00e8s la paperasserie. Concentrez-vous sur l'accueil des nouveaux employ\u00e9s.<\/li>\n<li><strong>Pour les nouveaux employ\u00e9s :<\/strong> Processus clair. R\u00e9ponses rapides. Exp\u00e9rience professionnelle d\u00e8s le premier jour.<\/li>\n<\/ul>\n\n<p><a href=\"https:\/\/www.leaplytics.de\/fr\/onboarding-des-employes-ai\/\">En savoir plus sur l'IA pour l'accueil des employ\u00e9s \u2192<\/a><\/p>\n\n\n<hr class=\"wp-block-separator has-alpha-channel-opacity\"\/>\n\n\n\n<h4 class=\"wp-block-heading\">3. Libre-service et soutien aux employ\u00e9s<\/h4>\n\n\n<p>Les employ\u00e9s ont des questions. Sur les politiques. Sur les avantages sociaux. Sur les cong\u00e9s. Sur les d\u00e9penses. Sur tout.<\/p>\n<p>Les RH r\u00e9pondent des centaines de fois aux m\u00eames questions. Pendant ce temps, les employ\u00e9s attendent des r\u00e9ponses pour des choses simples.<\/p>\n\n\n<h5 class=\"wp-block-heading\">Ce que fait l'IA<\/h5>\n\n\n<p><strong>R\u00e9pond instantan\u00e9ment aux questions relatives aux polices d'assurance.<\/strong><br \/>\n\"Combien de jours de vacances ai-je ? \"Quel est le plafond des d\u00e9penses ? \"Comment demander un cong\u00e9 parental ? L'IA conna\u00eet vos politiques et y r\u00e9pond avec pr\u00e9cision.<\/p>\n\n<p><strong>Traite les demandes de routine.<\/strong><br \/>\nDemandes de cong\u00e9. Changements d'adresse. Demandes de documents. L'IA traite les demandes standard sans intervention des RH.<\/p>\n\n<p><strong>Guide les employ\u00e9s dans leurs d\u00e9marches.<\/strong><br \/>\nUne aide pas \u00e0 pas pour l'adh\u00e9sion aux avantages sociaux, la soumission des d\u00e9penses ou tout autre processus RH. Pas de confusion.<\/p>\n\n<p><strong>Il fait appel \u00e0 l'\u00e9chelon sup\u00e9rieur en cas de besoin.<\/strong><br \/>\nSituation complexe ? Question d\u00e9licate ? L'IA reconna\u00eet les limites et renvoie \u00e0 un humain avec le contexte.<\/p>\n\n<p><strong>Disponible 24 heures sur 24, 7 jours sur 7.<\/strong><br \/>\nEmploy\u00e9s dans des fuseaux horaires diff\u00e9rents. Questions pos\u00e9es la nuit. L'IA est toujours l\u00e0.<\/p>\n\n\n<h5 class=\"wp-block-heading\">Ce que cela signifie pour vous<\/h5>\n\n\n<ul>\n<li><strong>Pour les directeurs des ressources humaines :<\/strong> R\u00e9duction du volume de demandes de renseignements sur les RH. Meilleure satisfaction des employ\u00e9s. L'\u00e9quipe RH se concentre sur le travail strat\u00e9gique.<\/li>\n<li><strong>Pour les responsables des ressources humaines :<\/strong> Cessez de r\u00e9pondre aux m\u00eames questions. Traitez les exceptions, pas les questions de routine.<\/li>\n<li><strong>Pour les employ\u00e9s :<\/strong> Des r\u00e9ponses instantan\u00e9es. Pas d'attente. Des conseils clairs quand ils en ont besoin.<\/li>\n<\/ul>\n\n<p><a href=\"https:\/\/www.leaplytics.de\/fr\/self-service-pour-les-employes-support-ai\/\">En savoir plus sur l'IA pour le libre-service des employ\u00e9s \u2192<\/a><\/p>\n\n\n<hr class=\"wp-block-separator has-alpha-channel-opacity\"\/>\n\n\n\n<h4 class=\"wp-block-heading\">4. Gestion des performances et analyse<\/h4>\n\n\n<p>Les entretiens d'\u00e9valuation prennent une \u00e9ternit\u00e9. Recueillir des informations en retour. Analyser les mod\u00e8les. Identifier les probl\u00e8mes. R\u00e9diger des r\u00e9sum\u00e9s.<\/p>\n<p>Et lorsque les r\u00e9visions ont lieu, les probl\u00e8mes se sont envenim\u00e9s pendant des mois.<\/p>\n\n\n<h5 class=\"wp-block-heading\">Ce que fait l'IA<\/h5>\n\n\n<p><strong>Analyse les mod\u00e8les de retour d'information.<\/strong><br \/>\nExamens \u00e0 360\u00b0. R\u00e9ponses aux enqu\u00eates. Les notes des managers. L'IA identifie les th\u00e8mes et les tendances dans les commentaires.<\/p>\n\n<p><strong>Identifie les lacunes en mati\u00e8re de comp\u00e9tences.<\/strong><br \/>\nEn se basant sur les donn\u00e9es de performance et les exigences du r\u00f4le, l'IA rep\u00e8re les domaines o\u00f9 un d\u00e9veloppement est n\u00e9cessaire.<\/p>\n\n<p><strong>Pr\u00e9voir les risques de r\u00e9tention.<\/strong><br \/>\nBaisse de l'engagement ? Les sch\u00e9mas de performance changent ? L'IA d\u00e9tecte les signes avant-coureurs avant que les employ\u00e9s ne partent.<\/p>\n\n<p><strong>G\u00e9n\u00e8re des r\u00e9sum\u00e9s d'examen.<\/strong><br \/>\nL'IA r\u00e9dige des r\u00e9sum\u00e9s de performance bas\u00e9s sur les donn\u00e9es collect\u00e9es. Les managers les examinent et les personnalisent.<\/p>\n\n<p><strong>Suivi des objectifs et des progr\u00e8s.<\/strong><br \/>\nSuivi des objectifs. Rappels d'\u00e9tapes. Visibilit\u00e9 des progr\u00e8s. L'IA maintient la gestion des performances sur la bonne voie.<\/p>\n\n\n<h5 class=\"wp-block-heading\">Ce que cela signifie pour vous<\/h5>\n\n\n<ul>\n<li><strong>Pour les directeurs des ressources humaines :<\/strong> D\u00e9cisions sur les talents fond\u00e9es sur des donn\u00e9es. Alerte pr\u00e9coce sur la r\u00e9tention. Programmes de d\u00e9veloppement visant \u00e0 combler les lacunes r\u00e9elles.<\/li>\n<li><strong>Pour les gestionnaires :<\/strong> Moins de temps consacr\u00e9 \u00e0 la paperasserie. Meilleure connaissance des performances de l'\u00e9quipe. D\u00e9tecter les probl\u00e8mes plus t\u00f4t.<\/li>\n<li><strong>Pour les employ\u00e9s :<\/strong> Un retour d'information plus clair. Un d\u00e9veloppement align\u00e9 sur les besoins r\u00e9els. Des objectifs qui restent visibles.<\/li>\n<\/ul>\n\n<p><a href=\"https:\/\/www.leaplytics.de\/fr\/gestion-de-la-performance-analytique-ai\/\">En savoir plus sur l'IA pour la gestion des performances \u2192<\/a><\/p>\n\n\n<hr class=\"wp-block-separator has-alpha-channel-opacity\"\/>\n\n\n\n<h4 class=\"wp-block-heading\">5. Administration et conformit\u00e9 des RH<\/h4>\n\n\n<p>Les RH s'appuient sur des documents et des r\u00e8gles. Dossiers des employ\u00e9s. Exigences de conformit\u00e9. Mises \u00e0 jour des politiques. Obligations de d\u00e9claration.<\/p>\n<p>Manquer quelque chose peut co\u00fbter cher. Les audits sont stressants. Se tenir au courant des r\u00e9glementations est un travail \u00e0 plein temps.<\/p>\n\n\n<h5 class=\"wp-block-heading\">Ce que fait l'IA<\/h5>\n\n\n<p><strong>Organise les documents des employ\u00e9s.<\/strong><br \/>\nContrats. Les certifications. Dossiers de formation. L'IA classe tout correctement et le rend accessible.<\/p>\n\n<p><strong>Suivi des exigences de conformit\u00e9.<\/strong><br \/>\nCertifications arriv\u00e9es \u00e0 \u00e9ch\u00e9ance ? Formation en retard ? Documents requis manquants ? L'IA surveille et alerte.<\/p>\n\n<p><strong>Suivre l'\u00e9volution de la r\u00e9glementation.<\/strong><br \/>\nMise \u00e0 jour du droit du travail ? Nouvelle exigence de conformit\u00e9 ? L'IA suit les changements qui affectent vos politiques.<\/p>\n\n<p><strong>G\u00e9n\u00e8re des rapports sur les ressources humaines.<\/strong><br \/>\nEffectifs. Turnover. Mesures de la diversit\u00e9. Statut de conformit\u00e9. L'IA cr\u00e9e des rapports automatiquement.<\/p>\n\n<p><strong>V\u00e9rifie la documentation.<\/strong><br \/>\nLes dossiers des employ\u00e9s sont-ils complets ? Les attestations requises sont-elles sign\u00e9es ? L'IA v\u00e9rifie et signale les lacunes.<\/p>\n\n\n<h5 class=\"wp-block-heading\">Ce que cela signifie pour vous<\/h5>\n\n\n<ul>\n<li><strong>Pour les directeurs des ressources humaines :<\/strong> Enregistrements pr\u00eats \u00e0 \u00eatre contr\u00f4l\u00e9s. Diminution du risque de non-conformit\u00e9. Visibilit\u00e9 claire des indicateurs RH.<\/li>\n<li><strong>Pour les responsables des ressources humaines :<\/strong> Ne cherchez plus de documents. Faites confiance au suivi de la conformit\u00e9. Concentrez-vous sur les personnes, pas sur la paperasserie.<\/li>\n<li><strong>Pour l'entreprise :<\/strong> R\u00e9duction du risque juridique. Documentation appropri\u00e9e. Preuve que vous faites les choses correctement.<\/li>\n<\/ul>\n\n<p><em>Important : l'IA s'occupe de l'administration, mais le jugement des RH sur les questions humaines reste essentiel. Les d\u00e9cisions sensibles n\u00e9cessitent toujours une implication humaine.<\/em><\/p>\n\n<p><a href=\"https:\/\/www.leaplytics.de\/fr\/administration-des-ressources-humaines-conformite-a-i\/\">En savoir plus sur l'IA pour l'administration et la conformit\u00e9 des ressources humaines \u2192<\/a><\/p>\n\n\n<hr class=\"wp-block-separator has-alpha-channel-opacity\"\/>\n\n\n\n<h3 class=\"wp-block-heading\">Ce que l'IA ne fera pas<\/h3>\n\n\n<p>Soyons clairs sur les limites.<\/p>\n<p>L'IA ne remplace pas les professionnels des ressources humaines. Elle ne permet pas d'avoir une conversation difficile. Elle ne g\u00e8re pas la situation d\u00e9licate d'un employ\u00e9. Elle ne porte pas de jugement sur la carri\u00e8re des gens.<\/p>\n<p>Il s'occupe de la routine. La s\u00e9lection. La programmation. Les questions de politique g\u00e9n\u00e9rale. Le suivi des documents.<\/p>\n<p>Votre \u00e9quipe RH continue \u00e0 faire le travail humain. Elle le fait simplement mieux parce que la charge administrative est all\u00e9g\u00e9e.<\/p>\n\n\n<hr class=\"wp-block-separator has-alpha-channel-opacity\"\/>\n\n\n\n<h3 class=\"wp-block-heading\">Le bilan<\/h3>\n\n\n<p>Les \u00e9quipes RH qui utilisent bien l'IA ne travaillent pas moins. Elles travaillent diff\u00e9remment.<\/p>\n<p>Au lieu de s\u00e9lectionner des centaines de CV, ils interviewent les meilleurs candidats. Au lieu de r\u00e9pondre \u00e0 des questions r\u00e9p\u00e9titives, ils r\u00e9solvent les probl\u00e8mes r\u00e9els des employ\u00e9s. Au lieu de courir apr\u00e8s la paperasse, ils se concentrent sur les personnes.<\/p>\n<p>Le r\u00e9sultat :<\/p>\n<ul>\n<li>Recrutement plus rapide de meilleurs candidats<\/li>\n<li>Une meilleure exp\u00e9rience pour les employ\u00e9s<\/li>\n<li>R\u00e9duction des co\u00fbts administratifs<\/li>\n<li>Les professionnels des ressources humaines effectuent un travail qui n\u00e9cessite r\u00e9ellement leur expertise<\/li>\n<li>Respect des r\u00e8gles sans stress permanent<\/li>\n<\/ul>\n<p>Il ne s'agit pas de remplacer votre \u00e9quipe. Il s'agit de les rendre plus efficaces.<\/p>\n\n\n<hr class=\"wp-block-separator has-alpha-channel-opacity\"\/>\n\n\n\n<h3 class=\"wp-block-heading\">Pr\u00eat \u00e0 voir ce qui est possible ?<\/h3>\n\n\n<p>Chaque \u00e9quipe RH est diff\u00e9rente. Vos processus ne sont pas les m\u00eames que ceux des autres. Vos politiques ont leurs propres particularit\u00e9s. Vos priorit\u00e9s d\u00e9pendent de votre entreprise.<\/p>\n<p>Nous ne vendons pas de solutions uniques. Nous examinons vos d\u00e9fis sp\u00e9cifiques en mati\u00e8re de ressources humaines. Nous identifions les domaines dans lesquels l'IA peut r\u00e9ellement vous aider. Nous construisons des syst\u00e8mes qui s'adaptent \u00e0 votre fa\u00e7on de travailler.<\/p>\n<p>Pas de battage m\u00e9diatique. Pas de promesses que nous ne pouvons pas tenir. Juste de l'IA pratique qui rend votre \u00e9quipe RH plus efficace.<\/p>\n\n<p><a href=\"https:\/\/www.leaplytics.de\/fr\/contact\/\">Parlons de vos activit\u00e9s en mati\u00e8re de ressources humaines<\/a><\/p>\n\n<p><a href=\"https:\/\/www.leaplytics.de\/fr\/intelligence-artificielle\/\">Voir tous les services d'IA<\/a><\/p>","protected":false},"excerpt":{"rendered":"<p>Votre \u00e9quipe RH a trop de travail. L'IA peut vous aider. Le travail des RH est un travail humain. Mais c'est aussi de la paperasse. Demandes d'emploi. Documents d'int\u00e9gration. Questions sur les politiques. Demandes de cong\u00e9s. Examens des performances. Formulaires de prestations. La plupart de ces documents suivent des sch\u00e9mas. Pr\u00e9s\u00e9lectionner le CV. R\u00e9pondre \u00e0 la question de politique g\u00e9n\u00e9rale. Traiter la demande. Envoyer le rappel. Encore une fois. L'IA est con\u00e7ue pour cela. Elle ... <\/p>","protected":false},"author":2,"featured_media":0,"parent":0,"menu_order":0,"comment_status":"closed","ping_status":"closed","template":"","meta":{"footnotes":""},"class_list":["post-14409","page","type-page","status-publish","hentry","latest_post"],"_links":{"self":[{"href":"https:\/\/www.leaplytics.de\/fr\/wp-json\/wp\/v2\/pages\/14409","targetHints":{"allow":["GET"]}}],"collection":[{"href":"https:\/\/www.leaplytics.de\/fr\/wp-json\/wp\/v2\/pages"}],"about":[{"href":"https:\/\/www.leaplytics.de\/fr\/wp-json\/wp\/v2\/types\/page"}],"author":[{"embeddable":true,"href":"https:\/\/www.leaplytics.de\/fr\/wp-json\/wp\/v2\/users\/2"}],"replies":[{"embeddable":true,"href":"https:\/\/www.leaplytics.de\/fr\/wp-json\/wp\/v2\/comments?post=14409"}],"version-history":[{"count":3,"href":"https:\/\/www.leaplytics.de\/fr\/wp-json\/wp\/v2\/pages\/14409\/revisions"}],"predecessor-version":[{"id":14458,"href":"https:\/\/www.leaplytics.de\/fr\/wp-json\/wp\/v2\/pages\/14409\/revisions\/14458"}],"wp:attachment":[{"href":"https:\/\/www.leaplytics.de\/fr\/wp-json\/wp\/v2\/media?parent=14409"}],"curies":[{"name":"wp","href":"https:\/\/api.w.org\/{rel}","templated":true}]}}