{"id":14460,"date":"2025-12-19T01:51:00","date_gmt":"2025-12-19T00:51:00","guid":{"rendered":"https:\/\/www.leaplytics.de\/?page_id=14460"},"modified":"2025-12-19T01:51:01","modified_gmt":"2025-12-19T00:51:01","slug":"politique-de-conformite-verification-de-lai","status":"publish","type":"page","link":"https:\/\/www.leaplytics.de\/fr\/politique-de-conformite-verification-de-lai\/","title":{"rendered":"V\u00e9rification de la conformit\u00e9 et de la politique AI"},"content":{"rendered":"<h2>L'IA pour la v\u00e9rification de la conformit\u00e9 et des politiques : Arr\u00eatez d'esp\u00e9rer que vous n'avez pas manqu\u00e9 quelque chose<\/h2>\n\n<p>Les r\u00e8gles sont partout. Lois f\u00e9d\u00e9rales. Les lois des \u00c9tats. Les r\u00e9glementations sectorielles. Politiques de l'entreprise. Obligations contractuelles. les exigences en mati\u00e8re de protection des donn\u00e9es<\/p>\n<p>Chaque document doit \u00eatre conforme. Chaque politique doit \u00eatre mise \u00e0 jour lorsque les r\u00e9glementations changent. Chaque contrat doit \u00eatre v\u00e9rifi\u00e9 par rapport \u00e0 plusieurs ensembles de r\u00e8gles.<\/p>\n<p>La conformit\u00e9 n'est pas facultative. Le co\u00fbt d'une omission est \u00e9lev\u00e9 : amendes, poursuites judiciaires, enqu\u00eates r\u00e9glementaires, atteinte \u00e0 la r\u00e9putation.<\/p>\n<p>Le probl\u00e8me ? Le contr\u00f4le de conformit\u00e9 est manuel. Il prend du temps. Il est facile d'oublier quelque chose lorsque vous examinez votre quinzi\u00e8me contrat de la journ\u00e9e.<\/p>\n<p>L'IA change la donne. Elle v\u00e9rifie chaque document par rapport \u00e0 chaque r\u00e8gle. Elle rep\u00e8re les lacunes. Elle surveille les changements r\u00e9glementaires. Elle sugg\u00e8re des mises \u00e0 jour.<\/p>\n<p>Vous obtenez un contr\u00f4le syst\u00e9matique de la conformit\u00e9 au lieu d'esp\u00e9rer que rien n'a \u00e9chapp\u00e9 au contr\u00f4le.<\/p>\n\n\n<hr class=\"wp-block-separator has-alpha-channel-opacity\"\/>\n\n\n\n<h3 class=\"wp-block-heading\">Le probl\u00e8me de la conformit\u00e9<\/h3>\n\n\n<p>Le travail de mise en conformit\u00e9 est simple mais fastidieux : il s'agit de v\u00e9rifier si les documents r\u00e9pondent aux normes requises.<\/p>\n\n<p>Sc\u00e9narios de conformit\u00e9 courants :<\/p>\n<ul>\n<li>Les politiques de confidentialit\u00e9 doivent inclure des informations sp\u00e9cifiques sur le GDPR.<\/li>\n<li>Les conditions d'utilisation doivent inclure des dispositions obligatoires sp\u00e9cifiques \u00e0 l'\u00c9tat<\/li>\n<li>Les contrats doivent \u00eatre conformes aux r\u00e9glementations sectorielles (HIPAA, SOX, PCI-DSS).<\/li>\n<li>Les politiques de ressources humaines doivent refl\u00e9ter la l\u00e9gislation actuelle en mati\u00e8re d'emploi<\/li>\n<li>Les \u00e9tiquettes des produits doivent r\u00e9pondre aux exigences de la FDA<\/li>\n<li>Les documents financiers doivent respecter les r\u00e8gles de publicit\u00e9<\/li>\n<li>Le mat\u00e9riel de marketing doit \u00eatre conforme \u00e0 la r\u00e9glementation en mati\u00e8re de publicit\u00e9<\/li>\n<\/ul>\n\n<p>Contr\u00f4le de conformit\u00e9 traditionnel :<\/p>\n<ul>\n<li>Tenir \u00e0 jour des listes de contr\u00f4le des exigences<\/li>\n<li>Examiner manuellement les documents en les comparant \u00e0 des listes de contr\u00f4le<\/li>\n<li>Essayer de se tenir au courant des changements r\u00e9glementaires<\/li>\n<li>Mettre \u00e0 jour les documents en cas de modification de la r\u00e9glementation<\/li>\n<li>J'esp\u00e8re que vous n'avez rien manqu\u00e9<\/li>\n<li>Vous vous apercevez que vous avez manqu\u00e9 quelque chose lorsque vous \u00eates condamn\u00e9 \u00e0 une amende ou poursuivi en justice<\/li>\n<\/ul>\n\n<p>Les probl\u00e8mes :<\/p>\n<ul>\n<li>Le contr\u00f4le manuel est lent et incoh\u00e9rent<\/li>\n<li>Les exigences changent plus vite que vous ne pouvez les suivre<\/li>\n<li>Les r\u00e8gles varient d'une juridiction \u00e0 l'autre<\/li>\n<li>Personne ne peut avoir en t\u00eate des centaines d'exigences<\/li>\n<li>La pression de la rapidit\u00e9 conduit \u00e0 des raccourcis<\/li>\n<li>Rien ne prouve que vous ayez r\u00e9ellement tout v\u00e9rifi\u00e9<\/li>\n<\/ul>\n\n<p>R\u00e9sultat : La conformit\u00e9 devient un exercice de v\u00e9rification des cases. Jusqu'\u00e0 ce qu'un probl\u00e8me survienne.<\/p>\n\n\n<hr class=\"wp-block-separator has-alpha-channel-opacity\"\/>\n\n\n\n<h3 class=\"wp-block-heading\">Ce que l'IA apporte \u00e0 la v\u00e9rification de la conformit\u00e9 et des politiques<\/h3>\n\n\n<p>L'IA conna\u00eet les r\u00e8gles. Elle lit des documents. Elle compare les deux. Elle ne se fatigue jamais. Elle n'oublie jamais une exigence.<\/p>\n<p>Il ne remplace pas l'expertise en mati\u00e8re de conformit\u00e9. Elle rend la conformit\u00e9 syst\u00e9matique plut\u00f4t qu'ad hoc.<\/p>\n\n\n<h4 class=\"wp-block-heading\">1. Contr\u00f4le de conformit\u00e9 automatis\u00e9<\/h4>\n\n\n<p>Vous communiquez \u00e0 l'IA vos exigences en mati\u00e8re de conformit\u00e9. Elle v\u00e9rifie chaque document en fonction de ces exigences.<\/p>\n\n<p><strong>Exemple : V\u00e9rification de la politique de confidentialit\u00e9 du GDPR<\/strong><\/p>\n<p>Le GDPR exige des informations sp\u00e9cifiques. L'IA v\u00e9rifie votre politique de confidentialit\u00e9 :<\/p>\n<ul>\n<li>Identit\u00e9 et coordonn\u00e9es du responsable du traitement<\/li>\n<li>Coordonn\u00e9es du d\u00e9l\u00e9gu\u00e9 \u00e0 la protection des donn\u00e9es (le cas \u00e9ch\u00e9ant)<\/li>\n<li>Finalit\u00e9s du traitement des donn\u00e9es<\/li>\n<li>Base juridique du traitement<\/li>\n<li>Int\u00e9r\u00eats l\u00e9gitimes (le cas \u00e9ch\u00e9ant)<\/li>\n<li>B\u00e9n\u00e9ficiaires ou cat\u00e9gories de b\u00e9n\u00e9ficiaires<\/li>\n<li>Transferts internationaux de donn\u00e9es (le cas \u00e9ch\u00e9ant)<\/li>\n<li>D\u00e9lais de conservation<\/li>\n<li>Droits des personnes concern\u00e9es (acc\u00e8s, rectification, effacement, etc.)<\/li>\n<li>Droit de retirer son consentement<\/li>\n<li>Droit de d\u00e9poser une plainte aupr\u00e8s de l'autorit\u00e9 de contr\u00f4le<\/li>\n<li>Divulgation des d\u00e9cisions automatis\u00e9es (le cas \u00e9ch\u00e9ant)<\/li>\n<\/ul>\n\n<p>L'IA revient :<\/p>\n<ul>\n<li>\u2713 Pr\u00e9sent : Liste des exigences satisfaites<\/li>\n<li>\u2717 Manquant : Liste des exigences non trouv\u00e9e<\/li>\n<li>\u26a0 Manque de clart\u00e9 : Les exigences sont peut-\u00eatre prises en compte mais ne sont pas clairement \u00e9nonc\u00e9es.<\/li>\n<\/ul>\n\n<p>Vous comblez les lacunes avant que les r\u00e9gulateurs ne les d\u00e9couvrent.<\/p>\n\n\n<h4 class=\"wp-block-heading\">2. V\u00e9rification du contenu requis<\/h4>\n\n\n<p>Certains documents doivent contenir un langage sp\u00e9cifique. Mot \u00e0 mot. L'IA le v\u00e9rifie.<\/p>\n\n<p><strong>Exemple : Divulgations sp\u00e9cifiques \u00e0 l'\u00c9tat<\/strong><\/p>\n\n<p>La Californie exige une formulation sp\u00e9cifique dans les conventions d'arbitrage en mati\u00e8re d'emploi. L'\u00c9tat de New York exige une formulation sp\u00e9cifique dans les accords de r\u00e8glement comportant des clauses de confidentialit\u00e9.<\/p>\n\n<p>Contr\u00f4les de l'IA :<\/p>\n<ul>\n<li>La langue requise est-elle pr\u00e9sente ?<\/li>\n<li>Est-il suffisamment visible (si la visibilit\u00e9 est n\u00e9cessaire) ?<\/li>\n<li>La version actuelle est-elle utilis\u00e9e (si la langue a \u00e9t\u00e9 mise \u00e0 jour) ?<\/li>\n<\/ul>\n\n<p>Vous ne vous fiez pas \u00e0 votre m\u00e9moire ou \u00e0 des mod\u00e8les p\u00e9rim\u00e9s.<\/p>\n\n\n<h4 class=\"wp-block-heading\">3. Conformit\u00e9 multi-juridictionnelle<\/h4>\n\n\n<p>\u00c0 \u00c9tat diff\u00e9rent, r\u00e8gles diff\u00e9rentes. Diff\u00e9rents pays, diff\u00e9rentes r\u00e8gles. Un m\u00eame document peut devoir \u00eatre conforme \u00e0 plusieurs ensembles de r\u00e8gles.<\/p>\n\n<p>L'IA v\u00e9rifie simultan\u00e9ment toutes les juridictions concern\u00e9es.<\/p>\n\n<p><strong>Exemple : Conditions d'utilisation d'un service multi-\u00e9tats<\/strong><\/p>\n\n<p>Votre entreprise exerce ses activit\u00e9s en Californie, \u00e0 New York et au Texas. Chaque \u00c9tat a des exigences sp\u00e9cifiques en mati\u00e8re de contrats avec les consommateurs.<\/p>\n\n<p>L'IA v\u00e9rifie les conditions de service :<\/p>\n<ul>\n<li>Lois californiennes sur la protection des consommateurs<\/li>\n<li>Exigences de la loi californienne sur le renouvellement automatique<\/li>\n<li>R\u00e9glementation new-yorkaise en mati\u00e8re de protection des consommateurs<\/li>\n<li>Dispositions sp\u00e9cifiques \u00e0 l'\u00c9tat du Texas<\/li>\n<li>R\u00e9glementation f\u00e9d\u00e9rale (FTC, etc.)<\/li>\n<\/ul>\n\n<p>Les r\u00e9sultats montrent l'\u00e9tat de conformit\u00e9 par juridiction. Vous voyez exactement ce qui doit \u00eatre ajout\u00e9 pour chaque \u00c9tat.<\/p>\n\n\n<h4 class=\"wp-block-heading\">4. Suivi des modifications r\u00e9glementaires<\/h4>\n\n\n<p>Les r\u00e9glementations changent. De nouvelles lois sont adopt\u00e9es. Les agences publient de nouvelles orientations. Les d\u00e9cisions de justice cr\u00e9ent de nouvelles exigences.<\/p>\n\n<p>L'IA surveille les sources pertinentes :<\/p>\n<ul>\n<li>Mises \u00e0 jour du registre f\u00e9d\u00e9ral<\/li>\n<li>Changements l\u00e9gislatifs dans les \u00c9tats<\/li>\n<li>Orientations et interpr\u00e9tations de l'Agence<\/li>\n<li>D\u00e9cisions de justice affectant la conformit\u00e9<\/li>\n<li>Organismes de r\u00e9glementation sp\u00e9cifiques \u00e0 l'industrie<\/li>\n<\/ul>\n\n<p>Lorsqu'un changement vous affecte, l'IA le signale :<\/p>\n<ul>\n<li>Ce qui a chang\u00e9<\/li>\n<li>Date d'entr\u00e9e en vigueur<\/li>\n<li>Quels sont les documents concern\u00e9s ?<\/li>\n<li>Ce qui doit \u00eatre mis \u00e0 jour<\/li>\n<\/ul>\n\n<p>Ce n'est pas en recevant un avis d'infraction que l'on d\u00e9couvre que la r\u00e9glementation a chang\u00e9.<\/p>\n\n\n<h4 class=\"wp-block-heading\">5. Analyse des lacunes et suggestions de rem\u00e9diation<\/h4>\n\n\n<p>Rep\u00e9rer les lacunes est une chose. Savoir comment les combler en est une autre.<\/p>\n\n<p>L'IA ne se contente pas d'identifier les exigences manquantes, elle propose un langage pour y r\u00e9pondre.<\/p>\n\n<p><strong>Exemple :<\/strong><\/p>\n<p><em>Lacune identifi\u00e9e : \"La politique de confidentialit\u00e9 ne pr\u00e9cise pas les p\u00e9riodes de conservation comme l'exige l'article 13, paragraphe 2, point a), du RGPD.<\/em><\/p>\n\n<p><em>Suggestion de formulation : \"Nous conservons les donn\u00e9es \u00e0 caract\u00e8re personnel pendant [pr\u00e9ciser les p\u00e9riodes] ou aussi longtemps que n\u00e9cessaire pour atteindre les objectifs pour lesquels elles ont \u00e9t\u00e9 collect\u00e9es, \u00e0 moins qu'une p\u00e9riode de conservation plus longue ne soit requise par la loi.\"<\/em><\/p>\n\n<p>Vous ne partez pas de z\u00e9ro. Vous examinez et personnalisez le langage propos\u00e9.<\/p>\n\n\n<h4 class=\"wp-block-heading\">6. Contr\u00f4le de la version de la politique et piste d'audit<\/h4>\n\n\n<p>La conformit\u00e9 implique de prouver que l'on s'est conform\u00e9 \u00e0 la loi. L'IA cr\u00e9e de la documentation :<\/p>\n<ul>\n<li>Lorsque chaque politique a \u00e9t\u00e9 v\u00e9rifi\u00e9e<\/li>\n<li>Quelles exigences ont \u00e9t\u00e9 v\u00e9rifi\u00e9es ?<\/li>\n<li>Quelles sont les lacunes constat\u00e9es ?<\/li>\n<li>Quelles sont les mises \u00e0 jour effectu\u00e9es ?<\/li>\n<li>Quand les mises \u00e0 jour ont \u00e9t\u00e9 mises en ligne<\/li>\n<li>Qui a approuv\u00e9 les modifications<\/li>\n<\/ul>\n\n<p>Si vous faites l'objet d'un audit ou d'une enqu\u00eate de conformit\u00e9, vous disposez d'enregistrements clairs.<\/p>\n\n\n<hr class=\"wp-block-separator has-alpha-channel-opacity\"\/>\n\n\n\n<h3 class=\"wp-block-heading\">Ce que cela signifie pour vous<\/h3>\n\n\n\n<h4 class=\"wp-block-heading\">Pour les d\u00e9cideurs<\/h4>\n\n\n<p><strong>Diminution du risque de non-conformit\u00e9.<\/strong><br \/>\nLe contr\u00f4le syst\u00e9matique permet de d\u00e9tecter les lacunes avant qu'elles ne deviennent des infractions. Moins d'amendes. Moins de probl\u00e8mes r\u00e9glementaires. Moins de poursuites judiciaires.<\/p>\n\n<p><strong>Des processus pr\u00eats \u00e0 \u00eatre audit\u00e9s.<\/strong><br \/>\nUne documentation claire de ce qui a \u00e9t\u00e9 v\u00e9rifi\u00e9, quand et quelles mesures ont \u00e9t\u00e9 prises. Les r\u00e9gulateurs voient un programme de conformit\u00e9 professionnel.<\/p>\n\n<p><strong>Mise \u00e0 jour plus rapide des documents.<\/strong><br \/>\nLorsque les r\u00e9glementations changent, vous savez exactement ce qui doit \u00eatre mis \u00e0 jour. Pas de course effr\u00e9n\u00e9e pour tout r\u00e9viser.<\/p>\n\n<p><strong>Conformit\u00e9 coh\u00e9rente dans l'ensemble de l'organisation.<\/strong><br \/>\nChaque document fait l'objet du m\u00eame contr\u00f4le approfondi. Il n'y a pas de variation en fonction de la personne occup\u00e9e ou de celle qui a oubli\u00e9 de v\u00e9rifier quelque chose.<\/p>\n\n\n<h4 class=\"wp-block-heading\">Pour les juristes et les \u00e9quipes de conformit\u00e9<\/h4>\n\n\n<p><strong>V\u00e9rification syst\u00e9matique au lieu de la m\u00e9moire.<\/strong><br \/>\nVous n'avez pas \u00e0 vous souvenir de 200 exigences. L'IA les v\u00e9rifie toutes \u00e0 chaque fois.<\/p>\n\n<p><strong>Preuve que vous avez fait votre travail.<\/strong><br \/>\nDes documents clairs attestant que des contr\u00f4les de conformit\u00e9 ont \u00e9t\u00e9 effectu\u00e9s. En cas de probl\u00e8me, vous pouvez prouver que vous avez fait preuve de diligence raisonnable.<\/p>\n\n<p><strong>Proactive plut\u00f4t que r\u00e9active.<\/strong><br \/>\nLes probl\u00e8mes sont d\u00e9tect\u00e9s au cours du d\u00e9veloppement, et non apr\u00e8s la publication. Vous \u00eates inform\u00e9 des modifications r\u00e9glementaires avant que les clients ne posent des questions \u00e0 ce sujet.<\/p>\n\n<p><strong>Se concentrer sur les jugements complexes.<\/strong><br \/>\nL'IA s'occupe des contr\u00f4les de conformit\u00e9 de routine. Vous vous concentrez sur les zones d'ombre, l'\u00e9valuation des risques et les d\u00e9cisions strat\u00e9giques en mati\u00e8re de conformit\u00e9.<\/p>\n\n\n<h4 class=\"wp-block-heading\">Pour l'entreprise<\/h4>\n\n\n<p><strong>Aller vite sans enfreindre les r\u00e8gles.<\/strong><br \/>\nLes contr\u00f4les de conformit\u00e9 ne ralentissent pas tout. Des contr\u00f4les automatis\u00e9s rapides vous permettent d'avancer rapidement en toute s\u00e9curit\u00e9.<\/p>\n\n<p><strong>R\u00e9duire les co\u00fbts de mise en conformit\u00e9.<\/strong><br \/>\nMoins de temps consacr\u00e9 aux v\u00e9rifications manuelles. Moins de probl\u00e8mes de conformit\u00e9 n\u00e9cessitant des mesures correctives co\u00fbteuses. Moins de risques d'amendes.<\/p>\n\n<p><strong>Instaurer un climat de confiance avec les parties prenantes.<\/strong><br \/>\nLes clients, les partenaires et les autorit\u00e9s de r\u00e9glementation voient une entreprise qui prend la conformit\u00e9 au s\u00e9rieux.<\/p>\n\n\n<hr class=\"wp-block-separator has-alpha-channel-opacity\"\/>\n\n\n\n<h3 class=\"wp-block-heading\">Exemple concret : Mise \u00e0 jour de la politique de confidentialit\u00e9 d'un site web<\/h3>\n\n\n<p>Votre entreprise op\u00e8re aux \u00c9tats-Unis et dans l'Union europ\u00e9enne. Le GDPR a \u00e9t\u00e9 mis \u00e0 jour avec de nouvelles exigences.<\/p>\n\n<p><strong>Sans IA :<\/strong><\/p>\n<ul>\n<li>L'\u00e9quipe charg\u00e9e du respect de la l\u00e9gislation est inform\u00e9e de la mise \u00e0 jour (\u00e9ventuellement)<\/li>\n<li>Examine les nouvelles exigences<\/li>\n<li>Recherche du document actuel sur la politique de confidentialit\u00e9<\/li>\n<li>Lecture manuelle de la politique<\/li>\n<li>Tente de se souvenir de toutes les nouvelles exigences du GDPR<\/li>\n<li>Mises \u00e0 jour des projets<\/li>\n<li>Envoi au service juridique pour examen<\/li>\n<li>R\u00e9visions et v\u00e9rifications juridiques<\/li>\n<li>Les mises \u00e0 jour sont soumises \u00e0 un processus d'approbation<\/li>\n<li>L'\u00e9quipe du site web met en \u0153uvre les changements<\/li>\n<li>Dur\u00e9e : 3-6 semaines<\/li>\n<li>Risque : Possibilit\u00e9 d'avoir manqu\u00e9 quelque chose<\/li>\n<\/ul>\n\n<p><strong>Avec l'IA :<\/strong><\/p>\n<ul>\n<li>L'IA d\u00e9tecte la mise \u00e0 jour du GDPR (le jour de son annonce)<\/li>\n<li>Drapeaux AI : \"Les nouvelles exigences du GDPR affectent votre politique de confidentialit\u00e9\".<\/li>\n<li>L'IA v\u00e9rifie la politique actuelle par rapport aux nouvelles exigences<\/li>\n<li>L'IA g\u00e9n\u00e8re un rapport : \"3 informations obligatoires manquantes\" avec des pr\u00e9cisions<\/li>\n<li>L'IA propose une langue pour chaque \u00e9l\u00e9ment manquant<\/li>\n<li>La conformit\u00e9 examine les suggestions de l'IA et les personnalise<\/li>\n<li>Le service juridique examine les modifications propos\u00e9es<\/li>\n<li>Les mises \u00e0 jour sont soumises \u00e0 un processus d'approbation<\/li>\n<li>L'\u00e9quipe du site web met en \u0153uvre les changements<\/li>\n<li>L'IA v\u00e9rifie que la politique mise \u00e0 jour r\u00e9pond \u00e0 toutes les exigences<\/li>\n<li>D\u00e9lai : 3-5 jours<\/li>\n<li>Risque : v\u00e9rification compl\u00e8te de toutes les exigences<\/li>\n<\/ul>\n\n<p>M\u00eame qualit\u00e9. 75% plus rapide. Meilleure documentation. Plus grande confiance.<\/p>\n\n\n<hr class=\"wp-block-separator has-alpha-channel-opacity\"\/>\n\n\n\n<h3 class=\"wp-block-heading\">Ce que l'IA ne fait pas<\/h3>\n\n\n<p>Soyons clairs sur ce que l'IA ne peut pas faire.<\/p>\n\n<p><strong>L'IA n'interpr\u00e8te pas les r\u00e9glementations ambigu\u00ebs.<\/strong><br \/>\nLorsque la loi est claire, l'IA v\u00e9rifie la conformit\u00e9. Lorsqu'une interpr\u00e9tation est n\u00e9cessaire, les humains d\u00e9cident de la mani\u00e8re de s'y conformer.<\/p>\n\n<p><strong>L'IA ne prend pas de d\u00e9cisions commerciales en mati\u00e8re de risque.<\/strong><br \/>\nIl identifie les lacunes en mati\u00e8re de conformit\u00e9. Vous d\u00e9cidez alors d'y rem\u00e9dier imm\u00e9diatement, d'accepter le risque ou de rechercher une autre approche.<\/p>\n\n<p><strong>L'IA ne remplace pas le jugement de conformit\u00e9.<\/strong><br \/>\nParfois, le respect des r\u00e8gles n'est pas tout blanc ou tout noir. L'IA signale le probl\u00e8me. Un professionnel de la conformit\u00e9 prend la d\u00e9cision.<\/p>\n\n<p><strong>L'IA n'est pas toujours mise \u00e0 jour automatiquement.<\/strong><br \/>\nLe suivi de la r\u00e9glementation n\u00e9cessite une maintenance. De nouvelles r\u00e9glementations doivent \u00eatre ajout\u00e9es \u00e0 l'ensemble des r\u00e8gles de l'IA. Quelqu'un doit s'en charger.<\/p>\n\n<p><strong>L'IA ne vous rend pas conforme.<\/strong><br \/>\nIl vous aide \u00e0 v\u00e9rifier la conformit\u00e9. Il vous reste \u00e0 combler les lacunes, \u00e0 mettre en \u0153uvre des politiques et \u00e0 assurer le suivi.<\/p>\n\n<p>L'IA est un outil de conformit\u00e9. Les professionnels de la conformit\u00e9 restent indispensables.<\/p>\n\n\n<hr class=\"wp-block-separator has-alpha-channel-opacity\"\/>\n\n\n\n<h3 class=\"wp-block-heading\">Comment d\u00e9marrer<\/h3>\n\n\n<p><strong>1. Identifiez vos exigences en mati\u00e8re de conformit\u00e9.<\/strong><br \/>\nQuelles sont les r\u00e9glementations applicables \u00e0 votre entreprise ? Quelles normes industrielles devez-vous respecter ? Quelles sont vos obligations contractuelles ?<\/p>\n\n<p><strong>2. Documenter vos listes de contr\u00f4le de conformit\u00e9 actuelles.<\/strong><br \/>\nQue v\u00e9rifiez-vous actuellement ? Que devriez-vous v\u00e9rifier ? Rendez-le explicite.<\/p>\n\n<p><strong>3. Classer les risques par ordre de priorit\u00e9.<\/strong><br \/>\nCommencez par les domaines de conformit\u00e9 \u00e0 haut risque (GDPR, HIPAA, r\u00e9glementation financi\u00e8re). Ajoutez ensuite les domaines \u00e0 plus faible risque.<\/p>\n\n<p><strong>4. \u00c9laborer des ensembles de r\u00e8gles d'IA.<\/strong><br \/>\nFormez l'IA \u00e0 vos exigences de conformit\u00e9. Plus c'est clair et pr\u00e9cis, mieux c'est.<\/p>\n\n<p><strong>5. Test sur les documents existants.<\/strong><br \/>\nEx\u00e9cutez des contr\u00f4les de conformit\u00e9 de l'IA sur les politiques et contrats actuels. Voyez ce qu'elle trouve. Validez l'exactitude.<\/p>\n\n<p><strong>6. Int\u00e9grer dans le flux de travail.<\/strong><br \/>\nFaire de la v\u00e9rification de la conformit\u00e9 \u00e0 l'IA une \u00e9tape standard. Projet de document \u2192 v\u00e9rification de l'IA \u2192 examen humain \u2192 approbation.<\/p>\n\n<p><strong>7. Contr\u00f4ler et affiner.<\/strong><br \/>\nSuivre les faux positifs et les faux n\u00e9gatifs. Affiner les r\u00e8gles d'IA. Mettre \u00e0 jour la veille r\u00e9glementaire.<\/p>\n\n\n<hr class=\"wp-block-separator has-alpha-channel-opacity\"\/>\n\n\n\n<h3 class=\"wp-block-heading\">Questions courantes<\/h3>\n\n\n<p><strong>Quelles r\u00e9glementations l'IA peut-elle contr\u00f4ler ?<\/strong><br \/>\nToute r\u00e9glementation comportant des exigences claires et document\u00e9es. GDPR, CCPA, HIPAA, SOX, r\u00e9glementations sectorielles. Plus la r\u00e8gle est claire, plus l'IA est performante.<\/p>\n\n<p><strong>L'IA peut-elle g\u00e9rer des politiques sp\u00e9cifiques \u00e0 l'entreprise ?<\/strong><br \/>\nOui. L'IA peut v\u00e9rifier les documents par rapport aux politiques internes, aux lignes directrices de la marque, aux normes contractuelles et aux exigences propres \u00e0 l'entreprise.<\/p>\n\n<p><strong>Qu'en est-il de la conformit\u00e9 sectorielle ?<\/strong><br \/>\nL'IA peut \u00eatre form\u00e9e aux r\u00e9glementations sectorielles (services financiers, sant\u00e9, fabrication, etc.). La mise en place d'un syst\u00e8me ad\u00e9quat n\u00e9cessite une expertise dans le domaine.<\/p>\n\n<p><strong>Quelle est la pr\u00e9cision du contr\u00f4le de conformit\u00e9 de l'IA ?<\/strong><br \/>\nPour les exigences explicites (informations sp\u00e9cifiques, langage requis) : 90-95%. Pour les exigences d'interpr\u00e9tation : Plus bas, n\u00e9cessite un jugement humain. C'est pourquoi l'examen humain reste essentiel.<\/p>\n\n<p><strong>Cela fonctionne-t-il pour la conformit\u00e9 internationale ?<\/strong><br \/>\nOui. L'IA peut v\u00e9rifier les r\u00e9glementations de plusieurs pays. Particuli\u00e8rement utile pour les entreprises qui exercent leurs activit\u00e9s dans plusieurs pays.<\/p>\n\n<p><strong>Comment tenez-vous l'IA au courant des changements r\u00e9glementaires ?<\/strong><br \/>\nCombinaison d'une surveillance automatis\u00e9e et d'un examen par des experts. Les changements majeurs sont signal\u00e9s automatiquement. Les experts valident et mettent \u00e0 jour les ensembles de r\u00e8gles d'IA.<\/p>\n\n\n<hr class=\"wp-block-separator has-alpha-channel-opacity\"\/>\n\n\n\n<h3 class=\"wp-block-heading\">Le bilan<\/h3>\n\n\n<p>La conformit\u00e9 ne doit pas reposer sur la m\u00e9moire et l'espoir.<\/p>\n<p>L'IA v\u00e9rifie syst\u00e9matiquement les documents par rapport aux exigences r\u00e9glementaires. Elle surveille les changements. Elle signale les lacunes. Elle sugg\u00e8re des solutions. Elle documente tout.<\/p>\n<p>Il en r\u00e9sulte un risque de conformit\u00e9 moindre, des mises \u00e0 jour de documents plus rapides, une meilleure pr\u00e9paration \u00e0 l'audit et des \u00e9quipes de conformit\u00e9 qui effectuent un travail strat\u00e9gique au lieu de proc\u00e9der \u00e0 des v\u00e9rifications manuelles.<\/p>\n<p>Pas de magie. Juste un contr\u00f4le syst\u00e9matique de la conformit\u00e9 \u00e0 grande \u00e9chelle.<\/p>\n\n\n<hr class=\"wp-block-separator has-alpha-channel-opacity\"\/>\n\n\n\n<h3 class=\"wp-block-heading\">Pr\u00eat \u00e0 am\u00e9liorer le contr\u00f4le de conformit\u00e9 ?<\/h3>\n\n\n<p>Chaque organisation a des exigences de conformit\u00e9, des profils de risque et des processus diff\u00e9rents.<\/p>\n<p>Nous ne vendons pas d'outils de conformit\u00e9 g\u00e9n\u00e9riques. Nous examinons vos r\u00e9glementations sp\u00e9cifiques et vos d\u00e9fis en mati\u00e8re de conformit\u00e9. Nous identifions les domaines dans lesquels l'IA apporte le plus de valeur. Nous construisons des syst\u00e8mes de contr\u00f4le adapt\u00e9s \u00e0 vos besoins.<\/p>\n<p>Parlons de vos exigences en mati\u00e8re de conformit\u00e9 et de l'aide que l'IA peut vous apporter.<\/p>\n\n<p><a href=\"https:\/\/www.leaplytics.de\/fr\/contact\/\">Discutez de vos besoins en mati\u00e8re de conformit\u00e9<\/a><\/p>\n\n<p><a href=\"https:\/\/www.leaplytics.de\/fr\/juridique-droit-ai\/\">Retour \u00e0 l'aper\u00e7u de l'IA juridique<\/a><\/p>","protected":false},"excerpt":{"rendered":"<p>L'IA au service de la conformit\u00e9 et de la v\u00e9rification des politiques : Arr\u00eatez d'esp\u00e9rer que vous n'avez pas manqu\u00e9 quelque chose Les r\u00e8gles sont partout. Lois f\u00e9d\u00e9rales. Les lois des \u00c9tats. R\u00e9glementations sectorielles. Politiques de l'entreprise. Obligations contractuelles. Exigences en mati\u00e8re de protection des donn\u00e9es. Chaque document doit \u00eatre conforme. Chaque politique doit \u00eatre mise \u00e0 jour lorsque les r\u00e9glementations changent. Chaque contrat doit \u00eatre v\u00e9rifi\u00e9 par rapport \u00e0 plusieurs ensembles de r\u00e8gles. La conformit\u00e9 n'est pas facultative. Le co\u00fbt de la non-conformit\u00e9 ... <\/p>","protected":false},"author":2,"featured_media":0,"parent":0,"menu_order":0,"comment_status":"closed","ping_status":"closed","template":"","meta":{"footnotes":""},"class_list":["post-14460","page","type-page","status-publish","hentry","latest_post"],"_links":{"self":[{"href":"https:\/\/www.leaplytics.de\/fr\/wp-json\/wp\/v2\/pages\/14460","targetHints":{"allow":["GET"]}}],"collection":[{"href":"https:\/\/www.leaplytics.de\/fr\/wp-json\/wp\/v2\/pages"}],"about":[{"href":"https:\/\/www.leaplytics.de\/fr\/wp-json\/wp\/v2\/types\/page"}],"author":[{"embeddable":true,"href":"https:\/\/www.leaplytics.de\/fr\/wp-json\/wp\/v2\/users\/2"}],"replies":[{"embeddable":true,"href":"https:\/\/www.leaplytics.de\/fr\/wp-json\/wp\/v2\/comments?post=14460"}],"version-history":[{"count":1,"href":"https:\/\/www.leaplytics.de\/fr\/wp-json\/wp\/v2\/pages\/14460\/revisions"}],"predecessor-version":[{"id":14466,"href":"https:\/\/www.leaplytics.de\/fr\/wp-json\/wp\/v2\/pages\/14460\/revisions\/14466"}],"wp:attachment":[{"href":"https:\/\/www.leaplytics.de\/fr\/wp-json\/wp\/v2\/media?parent=14460"}],"curies":[{"name":"wp","href":"https:\/\/api.w.org\/{rel}","templated":true}]}}