{"id":14461,"date":"2025-12-19T01:51:15","date_gmt":"2025-12-19T00:51:15","guid":{"rendered":"https:\/\/www.leaplytics.de\/?page_id=14461"},"modified":"2025-12-19T01:51:16","modified_gmt":"2025-12-19T00:51:16","slug":"examen-des-contrats-ai","status":"publish","type":"page","link":"https:\/\/www.leaplytics.de\/fr\/examen-des-contrats-ai\/","title":{"rendered":"Examen des contrats AI"},"content":{"rendered":"<h2>L'IA pour l'examen des contrats : R\u00e9duire le temps de r\u00e9vision de 60% sans r\u00e9duire la qualit\u00e9<\/h2>\n\n<p>Votre \u00e9quipe examine des centaines de contrats par an. NDA. Contrats de service. Bons de commande. Contrats de travail. Accords avec les fournisseurs. Accords de partenariat.<\/p>\n<p>Chacune d'entre elles doit faire l'objet d'une attention particuli\u00e8re. Chaque clause doit \u00eatre v\u00e9rifi\u00e9e. Chaque \u00e9cart par rapport \u00e0 la norme doit \u00eatre signal\u00e9.<\/p>\n<p>Le travail est essentiel. Il est aussi r\u00e9p\u00e9titif. Et il ne s'arr\u00eate jamais.<\/p>\n<p>L'IA change cela. Elle g\u00e8re automatiquement la premi\u00e8re passe. Elle lit chaque ligne. Elle signale ce qui est important. Elle explique ce qui a chang\u00e9.<\/p>\n<p>Vos avocats examinent ce qui n\u00e9cessite un jugement humain. Ils laissent de c\u00f4t\u00e9 ce qui ne l'est pas. Les contrats s'am\u00e9liorent. Le travail est plus rapide.<\/p>\n\n\n<hr class=\"wp-block-separator has-alpha-channel-opacity\"\/>\n\n\n\n<h3 class=\"wp-block-heading\">Le probl\u00e8me de l'examen des contrats<\/h3>\n\n\n<p>La r\u00e9vision des contrats n'est pas compliqu\u00e9e. Cela prend juste du temps.<\/p>\n<p>Vous devez :<\/p>\n<ul>\n<li>Trouvez toutes les clauses importantes (dur\u00e9e, responsabilit\u00e9, r\u00e9siliation, confidentialit\u00e9, conditions de paiement).<\/li>\n<li>V\u00e9rifier chacun d'entre eux par rapport \u00e0 vos normes<\/li>\n<li>Signalez tout ce qui est inhabituel<\/li>\n<li>Rep\u00e9rer ce qui manque<\/li>\n<li>Comparer les versions lorsqu'il y a des lignes rouges<\/li>\n<li>Expliquer tout cela aux parties prenantes qui ne parlent pas le droit<\/li>\n<\/ul>\n\n<p>Un contrat ? Peut-\u00eatre 30 \u00e0 60 minutes. Dix contrats ? La moiti\u00e9 de votre semaine. Cent contrats ? Votre \u00e9quipe se noie.<\/p>\n<p>Les associ\u00e9s passent des heures \u00e0 effectuer des examens de routine. Les partenaires se voient imposer des contrats standard parce qu'il y a un arri\u00e9r\u00e9. Les transactions commerciales attendent l'approbation juridique.<\/p>\n<p>Non pas parce que le travail est difficile. Parce qu'il y en a trop.<\/p>\n\n\n<hr class=\"wp-block-separator has-alpha-channel-opacity\"\/>\n\n\n\n<h3 class=\"wp-block-heading\">Ce que l'IA apporte \u00e0 l'examen des contrats<\/h3>\n\n\n<p>L'IA lit les contrats comme un avocat dot\u00e9 d'une m\u00e9moire parfaite et d'un temps infini. Elle ne se fatigue pas. Elle ne rate pas la page 47. Elle ne dit jamais \"assez pr\u00e8s\".<\/p>\n<p>Voici ce qui se passe en r\u00e9alit\u00e9 :<\/p>\n\n\n<h4 class=\"wp-block-heading\">1. Extraction automatique de clauses<\/h4>\n\n\n<p>L'IA lit l'int\u00e9gralit\u00e9 du contrat. Elle trouve toutes les clauses cl\u00e9s. Elle les extrait et les organise.<\/p>\n<p>Vous voyez :<\/p>\n<ul>\n<li>Dur\u00e9e du contrat : 3 ans, renouvellement automatique<\/li>\n<li>R\u00e9siliation : pr\u00e9avis \u00e9crit de 90 jours<\/li>\n<li>Plafond de responsabilit\u00e9 : 12 mois d'honoraires<\/li>\n<li>Juridiction : Tribunaux du Delaware, loi de New York<\/li>\n<li>Confidentialit\u00e9 : Mutuelle, survit 5 ans apr\u00e8s la cessation d'activit\u00e9<\/li>\n<li>Conditions de paiement : Net 30<\/li>\n<\/ul>\n\n<p>Pas de chasse. Pas de d\u00e9filement. Pas de Ctrl-F dans les paragraphes les plus denses. Tout ce qui est important est regroup\u00e9 en un seul endroit.<\/p>\n\n\n<h4 class=\"wp-block-heading\">2. Le rep\u00e9rage des risques par rapport \u00e0 votre cahier des charges<\/h4>\n\n\n<p>Chaque entreprise a des normes. Des conditions pr\u00e9f\u00e9rentielles. Des lignes rouges \u00e0 ne pas franchir.<\/p>\n<p>L'IA apprend votre cahier des charges. Ensuite, elle compare chaque contrat \u00e0 celui-ci.<\/p>\n<p>Lorsque quelque chose d\u00e9vie, il le signale :<\/p>\n<ul>\n<li>\"Clause de responsabilit\u00e9 : Elle permet une responsabilit\u00e9 illimit\u00e9e. La clause standard est plafonn\u00e9e \u00e0 12 mois d'honoraires.\"<\/li>\n<li>\"Clause de r\u00e9siliation : 120 jours de pr\u00e9avis requis. Votre norme est de 60 jours\".<\/li>\n<li>\"Propri\u00e9t\u00e9 intellectuelle : Le fournisseur conserve tous les droits de propri\u00e9t\u00e9 intellectuelle. Votre norme exige la cession du produit du travail.<\/li>\n<li>\"Indemnisation : Un seul c\u00f4t\u00e9 en leur faveur. Votre norme est mutuelle.\"<\/li>\n<\/ul>\n\n<p>Il ne se contente pas de mettre le texte en \u00e9vidence. Il explique pourquoi il est important.<\/p>\n\n\n<h4 class=\"wp-block-heading\">3. D\u00e9tection des clauses manquantes<\/h4>\n\n\n<p>Parfois, le probl\u00e8me n'est pas ce qui est l\u00e0. C'est ce qui n'est pas l\u00e0.<\/p>\n<p>L'IA v\u00e9rifie les \u00e9l\u00e9ments requis :<\/p>\n<ul>\n<li>Pas de clause de confidentialit\u00e9<\/li>\n<li>Aucune limitation de responsabilit\u00e9<\/li>\n<li>Pas de disposition relative \u00e0 la force majeure<\/li>\n<li>Pas de conditions relatives \u00e0 la protection des donn\u00e9es (requises pour la conformit\u00e9 au GDPR)<\/li>\n<li>Pas de droits d'audit<\/li>\n<\/ul>\n\n<p>Les lacunes sont d\u00e9tect\u00e9es avant qu'elles ne deviennent des probl\u00e8mes.<\/p>\n\n\n<h4 class=\"wp-block-heading\">4. Comparaison des versions et analyse des changements<\/h4>\n\n\n<p>Les lignes rouges sont source de confusion. Surtout lorsqu'il y a plusieurs s\u00e9ries de modifications.<\/p>\n<p>L'IA compare les versions et explique ce qui a r\u00e9ellement chang\u00e9 :<\/p>\n<ul>\n<li>\"Conditions de paiement modifi\u00e9es de Net 30 \u00e0 Net 45\".<\/li>\n<li>\"Le plafond de responsabilit\u00e9 a \u00e9t\u00e9 ramen\u00e9 d'une dur\u00e9e illimit\u00e9e \u00e0 12 mois\".<\/li>\n<li>\"Nouvelle clause ajout\u00e9e : augmentation automatique du prix de 5% chaque ann\u00e9e\".<\/li>\n<li>\"La p\u00e9riode de pr\u00e9avis de licenciement est pass\u00e9e de 60 \u00e0 90 jours.<\/li>\n<\/ul>\n\n<p>Un langage clair. Pas besoin d'interpr\u00e9ter les changements suivis dans Word.<\/p>\n\n\n<h4 class=\"wp-block-heading\">5. R\u00e9sum\u00e9s ex\u00e9cutifs<\/h4>\n\n\n<p>Tout le monde n'a pas besoin de lire 40 pages. La plupart des parties prenantes ont besoin de savoir :<\/p>\n<ul>\n<li>Sur quoi sommes-nous d'accord ?<\/li>\n<li>Quelle est la dur\u00e9e de vie du produit ?<\/li>\n<li>Quelles sont les principales obligations ?<\/li>\n<li>Quels sont les principaux risques ?<\/li>\n<li>Peut-on s'en sortir si les choses tournent mal ?<\/li>\n<\/ul>\n\n<p>L'IA cr\u00e9e un r\u00e9sum\u00e9 d'une page. Termes cl\u00e9s. Principaux risques. Ce qui compte. R\u00e9dig\u00e9 pour les hommes d'affaires, pas pour les juristes.<\/p>\n\n\n<hr class=\"wp-block-separator has-alpha-channel-opacity\"\/>\n\n\n\n<h3 class=\"wp-block-heading\">Ce que cela signifie pour vous<\/h3>\n\n\n\n<h4 class=\"wp-block-heading\">Pour les d\u00e9cideurs<\/h4>\n\n\n<p><strong>Des cycles de n\u00e9gociation plus rapides.<\/strong><br \/>\nLes contrats ne restent pas des jours dans la file d'attente du service juridique. Le premier passage se fait instantan\u00e9ment. Les juristes se concentrent sur la n\u00e9gociation et non sur la lecture.<\/p>\n\n<p><strong>Diminution du co\u00fbt par contrat.<\/strong><br \/>\nLes associ\u00e9s traitent un plus grand nombre de dossiers. Les associ\u00e9s consacrent du temps aux affaires complexes et non aux examens de routine. Les avocats externes sont moins sollicit\u00e9s.<\/p>\n\n<p><strong>Une meilleure gestion des risques.<\/strong><br \/>\nRien ne passe \u00e0 la trappe parce que quelqu'un s'est pr\u00e9cipit\u00e9. Chaque contrat fait l'objet d'un premier examen approfondi.<\/p>\n\n<p><strong>Retournement pr\u00e9visible.<\/strong><br \/>\nContrats standard : le jour m\u00eame. Contrats complexes : priorit\u00e9 appropri\u00e9e. Fini le \"quand le service juridique s'en occupera\".<\/p>\n\n\n<h4 class=\"wp-block-heading\">Pour les juristes<\/h4>\n\n\n<p><strong>Se concentrer sur ce qui compte.<\/strong><br \/>\nSauter l'extraction des clauses. Oubliez la comparaison des versions. Commencez par l'analyse de l'IA et concentrez-vous sur les appels au jugement.<\/p>\n\n<p><strong>Attraper d'autres num\u00e9ros.<\/strong><br \/>\nL'IA lit chaque mot. Vous vous concentrez sur les drapeaux. Rien ne vous \u00e9chappe parce que vous \u00e9tiez en train d'examiner le contrat num\u00e9ro 15 ce jour-l\u00e0.<\/p>\n\n<p><strong>Piste d'audit claire.<\/strong><br \/>\nChaque examen est document\u00e9. Ce qui a \u00e9t\u00e9 v\u00e9rifi\u00e9. Ce qui a \u00e9t\u00e9 signal\u00e9. Quelle d\u00e9cision a \u00e9t\u00e9 prise et pourquoi.<\/p>\n\n<p><strong>Effectuer un travail plus strat\u00e9gique.<\/strong><br \/>\nLorsque les examens de routine prennent moins de temps, vous pouvez vous consacrer aux t\u00e2ches qui requi\u00e8rent r\u00e9ellement votre expertise.<\/p>\n\n\n<h4 class=\"wp-block-heading\">Pour l'entreprise<\/h4>\n\n\n<p><strong>Les transactions sont plus rapides.<\/strong><br \/>\nLe service juridique devient un facilitateur et non un goulot d'\u00e9tranglement. Les ventes sont plus rapides. Les achats sont plus rapides. Les partenariats sont lanc\u00e9s plus rapidement.<\/p>\n\n<p><strong>De meilleures relations avec les fournisseurs.<\/strong><br \/>\nUn retour d'information rapide sur les contrats est un gage de professionnalisme. Les vendeurs savent que vous \u00eates organis\u00e9 et s\u00e9rieux.<\/p>\n\n<p><strong>Coh\u00e9rence au sein de l'entreprise.<\/strong><br \/>\nChaque contrat est examin\u00e9 selon les m\u00eames normes. Il n'y a pas de variation en fonction de la disponibilit\u00e9 ou de la charge de travail.<\/p>\n\n\n<hr class=\"wp-block-separator has-alpha-channel-opacity\"\/>\n\n\n\n<h3 class=\"wp-block-heading\">Exemple concret : Examen de l'accord de confidentialit\u00e9<\/h3>\n\n\n<p>Les accords de confidentialit\u00e9 sont courants. Elles sont \u00e9galement essentielles. Et elles s'accumulent.<\/p>\n<p>Avant l'IA :<\/p>\n<ul>\n<li>L'associ\u00e9 re\u00e7oit une demande de NDA<\/li>\n<li>Lit 8 pages (essentiellement des textes passe-partout)<\/li>\n<li>V\u00e9rifie les conditions par rapport aux normes de l'entreprise<\/li>\n<li>Signale les probl\u00e8mes, sugg\u00e8re des changements<\/li>\n<li>R\u00e9diger un courrier \u00e9lectronique expliquant ses pr\u00e9occupations<\/li>\n<li>Dur\u00e9e : 30-45 minutes par NDA<\/li>\n<\/ul>\n\n<p>Avec l'IA :<\/p>\n<ul>\n<li>L'IA examine instantan\u00e9ment la NDA<\/li>\n<li>Extraction de tous les termes cl\u00e9s<\/li>\n<li>Drapeaux : \"La d\u00e9finition des informations confidentielles est plus large que la norme et il n'y a pas d'exception pour le d\u00e9veloppement ind\u00e9pendant.<\/li>\n<li>Fournit des propositions de libell\u00e9s pour les deux questions<\/li>\n<li>Cr\u00e9ation d'un r\u00e9sum\u00e9 pour les parties prenantes de l'entreprise<\/li>\n<li>Le collaborateur examine l'analyse de l'IA et approuve\/modifie<\/li>\n<li>Dur\u00e9e : 5-10 minutes par NDA<\/li>\n<\/ul>\n\n<p>M\u00eame qualit\u00e9. 70% de moins. Multipliez ce chiffre par 200 NDA par an.<\/p>\n\n\n<hr class=\"wp-block-separator has-alpha-channel-opacity\"\/>\n\n\n\n<h3 class=\"wp-block-heading\">Ce que l'IA ne fait pas<\/h3>\n\n\n<p>Soyons clairs sur les limites.<\/p>\n<p><strong>L'IA ne prend pas de d\u00e9cisions commerciales.<\/strong><br \/>\nIl signale que la responsabilit\u00e9 est illimit\u00e9e. Il ne d\u00e9cide pas si cela est acceptable pour cet accord sp\u00e9cifique.<\/p>\n\n<p><strong>L'IA ne n\u00e9gocie pas.<\/strong><br \/>\nIl identifie les probl\u00e8mes. Il propose un langage. Un humain d\u00e9cide de ce qu'il faut d\u00e9fendre et de ce qu'il faut conc\u00e9der.<\/p>\n\n<p><strong>L'IA ne signe pas.<\/strong><br \/>\nChaque examen par l'IA fait l'objet d'un examen humain. Un avocat prend toujours la d\u00e9cision finale. L'avocat est toujours responsable.<\/p>\n\n<p><strong>L'IA ne g\u00e8re pas bien les situations inhabituelles.<\/strong><br \/>\nDes contrats standards ? Parfait. Des accords de partenariat complexes avec des conditions in\u00e9dites ? L'IA aide, mais les humains font le gros du travail.<\/p>\n\n<p>L'IA est un copilote, pas un pilote automatique. Elle se charge de la lecture et de la premi\u00e8re analyse. Les avocats se chargent de la r\u00e9flexion.<\/p>\n\n\n<hr class=\"wp-block-separator has-alpha-channel-opacity\"\/>\n\n\n\n<h3 class=\"wp-block-heading\">Comment d\u00e9marrer<\/h3>\n\n\n<p><strong>1. Identifiez vos types de contrats.<\/strong><br \/>\nQu'examinez-vous le plus souvent ? Les accords de non-divulgation ? Les contrats de service ? Les contrats avec les fournisseurs ? Commencez par les formats standard \u00e0 fort volume.<\/p>\n\n<p><strong>2. Documentez votre cahier des charges.<\/strong><br \/>\nQuelles sont vos conditions standard ? Quelles sont vos lignes rouges ? Qu'est-ce qui doit \u00eatre signal\u00e9 ? L'IA en tire des enseignements.<\/p>\n\n<p><strong>3. Formez-vous \u00e0 vos contrats.<\/strong><br \/>\nL'IA apprend votre style. Vos normes. Votre langage. Elle s'am\u00e9liore au fur et \u00e0 mesure qu'elle voit plus de choses.<\/p>\n\n<p><strong>4. Commencez par un pilote.<\/strong><br \/>\nEffectuer un examen par l'IA en m\u00eame temps qu'un examen humain. Comparer les r\u00e9sultats. Instaurer la confiance. Affiner le syst\u00e8me.<\/p>\n\n<p><strong>5. S'\u00e9tendre progressivement.<\/strong><br \/>\nCommencez par les accords de confidentialit\u00e9. Ajoutez des accords de service. Ajoutez des contrats avec les fournisseurs. Construisez votre confiance \u00e9tape par \u00e9tape.<\/p>\n\n\n<hr class=\"wp-block-separator has-alpha-channel-opacity\"\/>\n\n\n\n<h3 class=\"wp-block-heading\">Questions courantes<\/h3>\n\n\n<p><strong>Peut-il examiner des contrats sous diff\u00e9rents formats ?<\/strong><br \/>\nOui. PDF. Documents Word. Documents scann\u00e9s. L'IA extrait le texte et analyse la structure quel que soit le format.<\/p>\n\n<p><strong>Qu'en est-il des contrats atypiques ?<\/strong><br \/>\nL'IA les traite, mais avec moins de confiance. Elle continue d'extraire des clauses et de signaler des probl\u00e8mes, mais vous aurez besoin d'un contr\u00f4le humain plus pouss\u00e9.<\/p>\n\n<p><strong>Cela fonctionne-t-il pour les contrats dans d'autres langues ?<\/strong><br \/>\nOui, l'IA peut lire et analyser des contrats en plusieurs langues. La pr\u00e9cision varie en fonction de la complexit\u00e9 de la langue.<\/p>\n\n<p><strong>Quelle est sa pr\u00e9cision ?<\/strong><br \/>\nPour les contrats standards : 90-95% de pr\u00e9cision sur l'extraction des clauses et la d\u00e9tection des risques. C'est pourquoi un examen humain est toujours n\u00e9cessaire.<\/p>\n\n<p><strong>Qu'en est-il de la confidentialit\u00e9 ?<\/strong><br \/>\nVos contrats restent confidentiels. Nous pouvons les d\u00e9ployer sur site ou dans votre environnement cloud s\u00e9curis\u00e9. Aucune donn\u00e9e ne quitte votre contr\u00f4le.<\/p>\n\n<p><strong>Combien de temps avant qu'il ne soit productif ?<\/strong><br \/>\nFonctionnalit\u00e9 de base : imm\u00e9diate. Adaptation \u00e0 vos normes : 2 \u00e0 4 semaines. Optimisation compl\u00e8te : 2 \u00e0 3 mois de retour d'information.<\/p>\n\n\n<hr class=\"wp-block-separator has-alpha-channel-opacity\"\/>\n\n\n\n<h3 class=\"wp-block-heading\">Le bilan<\/h3>\n\n\n<p>La r\u00e9vision des contrats ne doit pas \u00eatre un goulot d'\u00e9tranglement.<\/p>\n<p>L'IA se charge de la lecture, de l'extraction, de la comparaison et de la premi\u00e8re analyse. Vos juristes se chargent des d\u00e9cisions.<\/p>\n<p>Il en r\u00e9sulte des d\u00e9lais plus courts, des co\u00fbts moins \u00e9lev\u00e9s, une meilleure coh\u00e9rence et des juristes qui font un travail qui n\u00e9cessite r\u00e9ellement leur expertise.<\/p>\n<p>Pas de battage m\u00e9diatique. Pas de magie. Juste une automatisation pratique qui rend votre \u00e9quipe plus efficace.<\/p>\n\n\n<hr class=\"wp-block-separator has-alpha-channel-opacity\"\/>\n\n\n\n<h3 class=\"wp-block-heading\">Pr\u00eat \u00e0 acc\u00e9l\u00e9rer l'examen des contrats ?<\/h3>\n\n\n<p>Chaque \u00e9quipe juridique a des types de contrats, des normes et des flux de travail diff\u00e9rents.<\/p>\n<p>Nous ne vendons pas de solutions g\u00e9n\u00e9riques. Nous examinons vos contrats sp\u00e9cifiques. Nous identifions les domaines dans lesquels l'IA est la plus utile. Nous construisons un syst\u00e8me qui s'adapte \u00e0 votre processus.<\/p>\n<p>Parlons de votre processus d'examen des contrats et des domaines dans lesquels l'IA peut faire une r\u00e9elle diff\u00e9rence.<\/p>\n\n<p><a href=\"https:\/\/www.leaplytics.de\/fr\/contact\/\">Discutez de vos besoins en mati\u00e8re d'examen des contrats<\/a><\/p>\n\n<p><a href=\"https:\/\/www.leaplytics.de\/fr\/juridique-droit-ai\/\">Retour \u00e0 l'aper\u00e7u de l'IA juridique<\/a><\/p>","protected":false},"excerpt":{"rendered":"<p>L'IA pour l'examen des contrats : R\u00e9duisez le temps de r\u00e9vision de 60% sans r\u00e9duire la qualit\u00e9 Votre \u00e9quipe r\u00e9vise des centaines de contrats par an. Contrats de non-divulgation. Contrats de service. Bons de commande. Contrats de travail. Accords avec les fournisseurs. Accords de partenariat. Chacun d'entre eux doit faire l'objet d'une attention particuli\u00e8re. Chaque clause doit \u00eatre v\u00e9rifi\u00e9e. Chaque \u00e9cart par rapport \u00e0 la norme doit \u00eatre signal\u00e9. Le travail est essentiel. Il est aussi r\u00e9p\u00e9titif. Et il n'est jamais ... <\/p>","protected":false},"author":2,"featured_media":0,"parent":0,"menu_order":0,"comment_status":"closed","ping_status":"closed","template":"","meta":{"footnotes":""},"class_list":["post-14461","page","type-page","status-publish","hentry","latest_post"],"_links":{"self":[{"href":"https:\/\/www.leaplytics.de\/fr\/wp-json\/wp\/v2\/pages\/14461","targetHints":{"allow":["GET"]}}],"collection":[{"href":"https:\/\/www.leaplytics.de\/fr\/wp-json\/wp\/v2\/pages"}],"about":[{"href":"https:\/\/www.leaplytics.de\/fr\/wp-json\/wp\/v2\/types\/page"}],"author":[{"embeddable":true,"href":"https:\/\/www.leaplytics.de\/fr\/wp-json\/wp\/v2\/users\/2"}],"replies":[{"embeddable":true,"href":"https:\/\/www.leaplytics.de\/fr\/wp-json\/wp\/v2\/comments?post=14461"}],"version-history":[{"count":1,"href":"https:\/\/www.leaplytics.de\/fr\/wp-json\/wp\/v2\/pages\/14461\/revisions"}],"predecessor-version":[{"id":14468,"href":"https:\/\/www.leaplytics.de\/fr\/wp-json\/wp\/v2\/pages\/14461\/revisions\/14468"}],"wp:attachment":[{"href":"https:\/\/www.leaplytics.de\/fr\/wp-json\/wp\/v2\/media?parent=14461"}],"curies":[{"name":"wp","href":"https:\/\/api.w.org\/{rel}","templated":true}]}}