{"id":14462,"date":"2025-12-19T01:51:26","date_gmt":"2025-12-19T00:51:26","guid":{"rendered":"https:\/\/www.leaplytics.de\/?page_id=14462"},"modified":"2025-12-19T01:51:26","modified_gmt":"2025-12-19T00:51:26","slug":"examen-des-documents-enquetes-sur-les-litiges-ai","status":"publish","type":"page","link":"https:\/\/www.leaplytics.de\/fr\/examen-des-documents-enquetes-sur-les-litiges-ai\/","title":{"rendered":"Examen des documents Litiges et enqu\u00eates AI"},"content":{"rendered":"<h2>L'IA pour l'examen des documents dans les litiges et les enqu\u00eates : Trouver l'aiguille sans lire chaque morceau de foin<\/h2>\n\n<p>Les affaires juridiques sont synonymes de documents. Des milliers de documents. Parfois des millions.<\/p>\n<p>Emails. Pi\u00e8ces jointes. PDF. Journaux de discussion. Messages texte. Pr\u00e9sentations. Feuilles de calcul. Photos avec texte. Contrats. Notes de r\u00e9union.<\/p>\n<p>Tout cela doit \u00eatre revu. Tout doit \u00eatre class\u00e9. Pertinent ou non. Privil\u00e9gi\u00e9 ou non. R\u00e9ceptif ou non. Document chaud ou bruit.<\/p>\n<p>C'est l'eDiscovery. C'est essentiel. C'est abrutissant. Et c'est cher.<\/p>\n<p>L'IA modifie les calculs. Elle lit tout. Elle trie la pile. Elle trouve des mod\u00e8les. Elle signale ce qui est important. Elle r\u00e9sume les fils de discussion.<\/p>\n<p>Vos r\u00e9viseurs se concentrent sur les documents qui n\u00e9cessitent r\u00e9ellement un jugement humain. Le dossier avance plus rapidement. Les co\u00fbts restent g\u00e9rables.<\/p>\n\n\n<hr class=\"wp-block-separator has-alpha-channel-opacity\"\/>\n\n\n\n<h3 class=\"wp-block-heading\">Le probl\u00e8me de l'examen des documents<\/h3>\n\n\n<p>Les litiges modernes produisent d'\u00e9normes volumes de documents. Une affaire de taille moyenne : 50 000 documents. Une grande affaire : des millions.<\/p>\n<p>Chaque document doit \u00eatre examin\u00e9. Est-il pertinent pour l'affaire ? Contient-il des informations privil\u00e9gi\u00e9es ? R\u00e9pond-il aux demandes de communication de pi\u00e8ces ? Contient-il des preuves irr\u00e9futables ?<\/p>\n\n<p>L'approche traditionnelle :<\/p>\n<ul>\n<li>Engager une \u00e9quipe d'avocats sp\u00e9cialis\u00e9s en droit des contrats<\/li>\n<li>Cr\u00e9er des protocoles d'examen<\/li>\n<li>Former les \u00e9valuateurs \u00e0 ce qu'ils recherchent<\/li>\n<li>Examiner les documents un par un<\/li>\n<li>Attribuer un code \u00e0 chaque document (pertinent\/non pertinent, confidentiel\/non confidentiel, etc.)<\/li>\n<li>Contr\u00f4le de qualit\u00e9 d'un \u00e9chantillon pour en assurer la qualit\u00e9<\/li>\n<li>R\u00e9p\u00e9ter pendant des milliers d'heures<\/li>\n<\/ul>\n\n<p>Co\u00fbt : $50-150 par heure et par \u00e9valuateur. Dur\u00e9e : semaines ou mois. Qualit\u00e9 : D\u00e9pend de la fatigue et de l'attention du r\u00e9viseur.<\/p>\n<p>Vous avez oubli\u00e9 quelque chose d'important ? L'affaire pourrait \u00eatre perdue. Vous avez inclus quelque chose de confidentiel ? Vous venez de renoncer au secret professionnel.<\/p>\n<p>Les enjeux sont importants. Le volume est \u00e9crasant. Les d\u00e9lais sont serr\u00e9s.<\/p>\n\n\n<hr class=\"wp-block-separator has-alpha-channel-opacity\"\/>\n\n\n\n<h3 class=\"wp-block-heading\">Ce que l'IA apporte \u00e0 l'examen des documents<\/h3>\n\n\n<p>L'IA ne se fatigue pas. Elle ne s'ennuie pas. Elle lit chaque mot de chaque document et applique une logique coh\u00e9rente.<\/p>\n<p>Voici ce qui se passe en r\u00e9alit\u00e9 :<\/p>\n\n\n<h4 class=\"wp-block-heading\">1. Classification automatique de la pertinence<\/h4>\n\n\n<p>L'IA lit le r\u00e9sum\u00e9 du cas et les protocoles d'examen. Elle lit ensuite tous les documents.<\/p>\n<p>Pour chaque document, il pr\u00e9dit :<\/p>\n<ul>\n<li>Pertinent ou non pour l'affaire<\/li>\n<li>Niveau de confiance (\u00e9lev\u00e9, moyen, faible)<\/li>\n<li>Principaux th\u00e8mes abord\u00e9s<\/li>\n<li>En quoi cela peut-il \u00eatre pertinent ?<\/li>\n<\/ul>\n\n<p>Pas parfait. Mais 80-90% pr\u00e9cis sur les appels de pertinence simples. Cela signifie que 80% de documents peuvent \u00eatre tri\u00e9s en toute confiance avant m\u00eame qu'un examinateur humain ne les regarde.<\/p>\n<p>Les r\u00e9viseurs se concentrent sur les 20% pour lesquels un jugement est r\u00e9ellement n\u00e9cessaire. Ou contr\u00f4ler le travail de l'IA sur les documents de confiance.<\/p>\n\n\n<h4 class=\"wp-block-heading\">2. Regroupement th\u00e9matique<\/h4>\n\n\n<p>Les documents ne sont pas isol\u00e9s. Ils font partie de conversations. Ils font partie de projets. Ils font partie des d\u00e9cisions.<\/p>\n<p>L'IA regroupe les documents apparent\u00e9s :<\/p>\n<ul>\n<li>Tous les courriels dans un fil de discussion<\/li>\n<li>Tous les documents sur le m\u00eame sujet<\/li>\n<li>Toutes les communications entre les m\u00eames personnes<\/li>\n<li>Tous les documents de la m\u00eame p\u00e9riode concernant le m\u00eame \u00e9v\u00e9nement<\/li>\n<\/ul>\n\n<p>Les \u00e9valuateurs voient les documents dans leur contexte. Ils ont une vue d'ensemble. Ils saisissent les liens qui ne seraient pas per\u00e7us en examinant les documents un par un, dans un ordre al\u00e9atoire.<\/p>\n\n\n<h4 class=\"wp-block-heading\">3. D\u00e9tection des contenus sensibles<\/h4>\n\n\n<p>Certains documents doivent faire l'objet d'une attention particuli\u00e8re :<\/p>\n<ul>\n<li>Communications potentiellement privil\u00e9gi\u00e9es (\u00e0 destination ou en provenance d'un avocat, avis juridique)<\/li>\n<li>Donn\u00e9es personnelles (noms, num\u00e9ros de s\u00e9curit\u00e9 sociale, informations sur la sant\u00e9, donn\u00e9es financi\u00e8res)<\/li>\n<li>Informations commerciales confidentielles<\/li>\n<li>Documents br\u00fblants (preuves d'actes r\u00e9pr\u00e9hensibles ou de faits essentiels)<\/li>\n<li>Drapeaux rouges de la conformit\u00e9<\/li>\n<\/ul>\n\n<p>L'IA les signale automatiquement. Les documents privil\u00e9gi\u00e9s font l'objet d'un examen distinct. Les donn\u00e9es personnelles sont not\u00e9es pour \u00eatre expurg\u00e9es. Les documents sensibles sont transmis \u00e0 des r\u00e9viseurs exp\u00e9riment\u00e9s.<\/p>\n<p>Rien ne passe \u00e0 la trappe parce qu'un \u00e9valuateur d\u00e9butant n'en a pas reconnu l'importance.<\/p>\n\n\n<h4 class=\"wp-block-heading\">4. Hi\u00e9rarchisation intelligente<\/h4>\n\n\n<p>Tous les documents n'ont pas la m\u00eame importance. L'IA vous aide \u00e0 les examiner dans le bon ordre :<\/p>\n<ul>\n<li>Confiance de haute pertinence d'abord<\/li>\n<li>Documents des principaux d\u00e9positaires d'abord<\/li>\n<li>Documents de p\u00e9riodes critiques d'abord<\/li>\n<li>Documents signal\u00e9s comme potentiellement chauds d'abord<\/li>\n<li>Les documents \u00e0 contenu sensible d'abord<\/li>\n<\/ul>\n\n<p>Vous trouvez rapidement les \u00e9l\u00e9ments importants. Vous comprenez mieux le dossier, plus rapidement. Vous prenez de meilleures d\u00e9cisions strat\u00e9giques.<\/p>\n\n\n<h4 class=\"wp-block-heading\">5. R\u00e9sum\u00e9 des messages \u00e9lectroniques<\/h4>\n\n\n<p>Les fils de discussion par courrier \u00e9lectronique deviennent longs. 20, 50, 100 messages. Beaucoup de \"merci\", de \"voir plus bas\" et de transferts.<\/p>\n<p>L'IA lit l'ensemble du fil de discussion et en fait un r\u00e9sum\u00e9 :<\/p>\n<ul>\n<li>Qui est impliqu\u00e9 ?<\/li>\n<li>Ce qui est discut\u00e9<\/li>\n<li>D\u00e9cisions ou engagements cl\u00e9s pris<\/li>\n<li>Questions ouvertes ou points d'action<\/li>\n<li>Chronologie des \u00e9v\u00e9nements<\/li>\n<\/ul>\n\n<p>Les \u00e9valuateurs comprennent le contexte en 30 secondes au lieu de 10 minutes. Ils font des appels plus pertinents.<\/p>\n\n\n<h4 class=\"wp-block-heading\">6. Recherche de concepts et examen assist\u00e9 par la technologie (EAT)<\/h4>\n\n\n<p>Recherche traditionnelle : Trouver les documents contenant \"rupture de contrat\".<\/p>\n<p>Probl\u00e8me : Les documents pertinents peuvent mentionner \"a viol\u00e9 l'accord\" ou \"n'a pas respect\u00e9 ses obligations\".<\/p>\n\n<p>Recherche de concepts par l'IA : Trouver des documents relatifs \u00e0 des violations de contrat, quelle que soit la formulation exacte.<\/p>\n<p>Il comprend le sens, pas seulement les mots-cl\u00e9s. Il trouve des documents qui vous \u00e9chapperaient avec une recherche traditionnelle.<\/p>\n\n<p>TAR va plus loin : Vous examinez un ensemble de documents de d\u00e9part. L'IA apprend ce que vous consid\u00e9rez comme pertinent. Elle pr\u00e9dit ensuite la pertinence des documents restants. Le retour d'information continu permet d'am\u00e9liorer la pr\u00e9cision.<\/p>\n\n\n<hr class=\"wp-block-separator has-alpha-channel-opacity\"\/>\n\n\n\n<h3 class=\"wp-block-heading\">Ce que cela signifie pour vous<\/h3>\n\n\n\n<h4 class=\"wp-block-heading\">Pour les d\u00e9cideurs<\/h4>\n\n\n<p><strong>Les co\u00fbts de d\u00e9couverte baissent 40-70%.<\/strong><br \/>\nMoins d'heures factur\u00e9es par les r\u00e9viseurs contractuels. Une r\u00e9vision plus rapide signifie moins de frais g\u00e9n\u00e9raux pour la gestion du projet. Un meilleur ciblage signifie moins de surproduction.<\/p>\n\n<p><strong>Les affaires sont r\u00e9solues plus rapidement.<\/strong><br \/>\nMieux comprendre l'affaire, plus t\u00f4t. Trouver plus rapidement les preuves essentielles. Prendre plus rapidement des d\u00e9cisions \u00e9clair\u00e9es en mati\u00e8re de r\u00e8glement. R\u00e9pondre plus rapidement aux demandes de renseignements.<\/p>\n\n<p><strong>Pr\u00e9visibilit\u00e9 du budget.<\/strong><br \/>\nLes co\u00fbts de l'IA sont fixes. Vous savez ce que co\u00fbtera l'examen au premier passage. Vous n'\u00eates pas surpris par l'augmentation du nombre d'heures de travail des examinateurs.<\/p>\n\n<p><strong>De meilleures d\u00e9cisions strat\u00e9giques.<\/strong><br \/>\nLorsque vous trouvez rapidement des documents int\u00e9ressants et que vous comprenez mieux l'affaire, vous prenez des d\u00e9cisions plus judicieuses en ce qui concerne le r\u00e8glement, la proc\u00e9dure de requ\u00eate et la strat\u00e9gie de proc\u00e8s.<\/p>\n\n\n<h4 class=\"wp-block-heading\">Pour les juristes<\/h4>\n\n\n<p><strong>Se concentrer sur les examens de grande valeur.<\/strong><br \/>\nLaissez l'IA s'occuper des documents manifestement non pertinents. Vous vous concentrez sur les documents qui n\u00e9cessitent un jugement juridique.<\/p>\n\n<p><strong>Trouver l'aiguille plus rapidement.<\/strong><br \/>\nLa hi\u00e9rarchisation et le regroupement vous permettent d'identifier rapidement les documents cl\u00e9s. Vous constituez votre dossier plus rapidement.<\/p>\n\n<p><strong>Meilleure protection des privil\u00e8ges.<\/strong><br \/>\nLe rep\u00e9rage automatis\u00e9 permet d'identifier les documents potentiellement prot\u00e9g\u00e9s par le secret professionnel. Moins de risques de lev\u00e9e de privil\u00e8ges.<\/p>\n\n<p><strong>Processus d\u00e9fendable.<\/strong><br \/>\nChaque d\u00e9cision est enregistr\u00e9e. Chaque pr\u00e9diction est document\u00e9e. Vous pouvez d\u00e9fendre votre processus de r\u00e9vision en cas de contestation.<\/p>\n\n\n<h4 class=\"wp-block-heading\">Pour la conformit\u00e9 et les enqu\u00eates<\/h4>\n\n\n<p><strong>Des enqu\u00eates internes plus rapides.<\/strong><br \/>\nLorsqu'un probl\u00e8me survient, l'IA vous aide \u00e0 passer rapidement en revue les communications pertinentes. Vous comprenez plus rapidement ce qui s'est pass\u00e9.<\/p>\n\n<p><strong>Meilleure documentation.<\/strong><br \/>\nEnregistrement clair de ce qui a \u00e9t\u00e9 examin\u00e9, de ce qui a \u00e9t\u00e9 trouv\u00e9 et des d\u00e9cisions qui ont \u00e9t\u00e9 prises. Pr\u00eat pour l'audit d\u00e8s le premier jour.<\/p>\n\n<p><strong>Taches en d\u00e9but d'\u00e9dition.<\/strong><br \/>\nL'IA signale les probl\u00e8mes de conformit\u00e9 potentiels dans l'ensemble des documents. Vous observez des sch\u00e9mas de comportement pr\u00e9occupants.<\/p>\n\n\n<hr class=\"wp-block-separator has-alpha-channel-opacity\"\/>\n\n\n\n<h3 class=\"wp-block-heading\">Exemple concret : Diff\u00e9rend en mati\u00e8re d'emploi<\/h3>\n\n\n<p>Un employ\u00e9 intente un proc\u00e8s pour licenciement abusif et harc\u00e8lement. L'enqu\u00eate porte sur trois ans de courriers \u00e9lectroniques, de journaux de conversation et de documents relatifs aux ressources humaines. 80 000 documents au total.<\/p>\n\n<p><strong>Sans IA :<\/strong><\/p>\n<ul>\n<li>\u00c9quipe d'examen : 5 avocats contractuels<\/li>\n<li>D\u00e9lai d'examen : 6 semaines<\/li>\n<li>Premier document chaud trouv\u00e9 : Semaine 4<\/li>\n<li>Co\u00fbt total de l'examen : $120 000<\/li>\n<li>Documents examin\u00e9s inutilement : Environ 50 000 documents manifestement non pertinents<\/li>\n<\/ul>\n\n<p><strong>Avec l'IA :<\/strong><\/p>\n<ul>\n<li>L'IA pr\u00e9-classifie les documents (2 heures de traitement)<\/li>\n<li>40 000 documents class\u00e9s comme manifestement non pertinents (confiance \u00e9lev\u00e9e)<\/li>\n<li>25 000 documents signal\u00e9s comme probablement pertinents ou peu clairs<\/li>\n<li>15 000 documents signal\u00e9s comme potentiellement sensibles (privil\u00e8ges, documents sensibles)<\/li>\n<li>Les documents chauds sont plac\u00e9s en t\u00eate de la file d'attente d'examen<\/li>\n<li>\u00c9quipe de r\u00e9vision : 2 avocats + 2 r\u00e9viseurs de contrats<\/li>\n<li>D\u00e9lai d'examen : 2,5 semaines<\/li>\n<li>Premier document chaud trouv\u00e9 : Jour 3<\/li>\n<li>Co\u00fbt total : $45 000<\/li>\n<li>Meilleure compr\u00e9hension du cas, discussion plus pr\u00e9coce sur le r\u00e8glement<\/li>\n<\/ul>\n\n<p>M\u00eame qualit\u00e9. 60% \u00e9conomies de co\u00fbts. R\u00e9solution plus rapide.<\/p>\n\n\n<hr class=\"wp-block-separator has-alpha-channel-opacity\"\/>\n\n\n\n<h3 class=\"wp-block-heading\">Ce que l'IA ne fait pas<\/h3>\n\n\n<p>Soyons honn\u00eates sur les limites.<\/p>\n\n<p><strong>L'IA ne comprend pas les appels complexes de privil\u00e8ges juridiques.<\/strong><br \/>\nIl signale les documents susceptibles d'\u00eatre prot\u00e9g\u00e9s. C'est toujours un avocat qui d\u00e9termine le caract\u00e8re confidentiel d'un document.<\/p>\n\n<p><strong>L'IA ne remplace pas les r\u00e9viseurs humains.<\/strong><br \/>\nIl r\u00e9duit le volume \u00e0 examiner. Elle les aide \u00e0 prendre de meilleures d\u00e9cisions. Ils continuent d'examiner les dossiers et de prendre les d\u00e9cisions finales.<\/p>\n\n<p><strong>L'IA ne traite pas parfaitement les cas nouveaux.<\/strong><br \/>\nLitiges classiques (emploi, contrats, propri\u00e9t\u00e9 intellectuelle) ? Excellent. Th\u00e9ories juridiques in\u00e9dites sans donn\u00e9es de formation ? Moins utile.<\/p>\n\n<p><strong>L'IA a besoin d'un retour d'information pour s'am\u00e9liorer.<\/strong><br \/>\nPlus vous revoyez et corrigez ses pr\u00e9dictions, plus il devient pr\u00e9cis. Il ne s'agit pas d'un syst\u00e8me \"pr\u00eat \u00e0 l'emploi\", mais d'un syst\u00e8me \"pr\u00eat \u00e0 l'emploi\".<\/p>\n\n<p><strong>L'IA ne prend pas de d\u00e9cisions strat\u00e9giques.<\/strong><br \/>\nIl vous indique ce que contiennent les documents. Vous d\u00e9cidez de ce que cela signifie pour l'affaire.<\/p>\n\n<p>L'IA est un outil puissant. Elle ne remplace pas les avocats exp\u00e9riment\u00e9s.<\/p>\n\n\n<hr class=\"wp-block-separator has-alpha-channel-opacity\"\/>\n\n\n\n<h3 class=\"wp-block-heading\">Comment d\u00e9marrer<\/h3>\n\n\n<p><strong>1. Identifier un cas pilote.<\/strong><br \/>\nChoisissez un dossier dont le volume de documents est significatif (plus de 10 000 documents), mais qui n'est pas votre litige le plus complexe. Les types de litiges standard sont les plus efficaces.<\/p>\n\n<p><strong>2. D\u00e9finir clairement les crit\u00e8res d'\u00e9valuation.<\/strong><br \/>\nQu'est-ce qui rend un document pertinent ? Que recherchez-vous ? Plus vos crit\u00e8res sont clairs, plus l'IA est performante.<\/p>\n\n<p><strong>3. Commencer par une s\u00e9rie de semences.<\/strong><br \/>\nExaminer manuellement 500 \u00e0 1 000 documents. Codifiez-les. L'IA apprend de vos d\u00e9cisions.<\/p>\n\n<p><strong>4. Laissons l'IA classer le reste.<\/strong><br \/>\nL'IA pr\u00e9dit la pertinence des documents restants sur la base de ce qu'elle a appris.<\/p>\n\n<p><strong>5. Examen avec l'aide de l'IA.<\/strong><br \/>\nSe concentrer sur les documents prioritaires. Contr\u00f4ler un \u00e9chantillon de classifications AI. Fournir un retour d'information.<\/p>\n\n<p><strong>6. Affiner et \u00e9largir.<\/strong><br \/>\nL'IA s'am\u00e9liore gr\u00e2ce au retour d'information. Appliquer les le\u00e7ons apprises au cas suivant.<\/p>\n\n\n<hr class=\"wp-block-separator has-alpha-channel-opacity\"\/>\n\n\n\n<h3 class=\"wp-block-heading\">Questions courantes<\/h3>\n\n\n<p><strong>L'examen assist\u00e9 par l'IA est-il accept\u00e9 par les tribunaux ?<\/strong><br \/>\nOui. Les tribunaux ont approuv\u00e9 \u00e0 plusieurs reprises l'examen TAR et l'examen assist\u00e9 par l'IA. Il s'agit d\u00e9sormais d'une pratique courante dans les litiges complexes.<\/p>\n\n<p><strong>Qu'en est-il de l'examen des privil\u00e8ges ?<\/strong><br \/>\nL'IA peut signaler des documents potentiellement confidentiels, mais c'est un avocat qui doit prendre la d\u00e9cision finale en mati\u00e8re de privil\u00e8ge. La plupart des \u00e9quipes utilisent l'IA pour le premier rep\u00e9rage.<\/p>\n\n<p><strong>Peut-il g\u00e9rer diff\u00e9rents types de fichiers ?<\/strong><br \/>\nOui. Emails, PDF, documents Word, Excel, images avec texte (OCR), journaux de discussion, etc. Si du texte peut \u00eatre extrait, l'IA peut l'analyser.<\/p>\n\n<p><strong>Qu'en est-il des langues \u00e9trang\u00e8res ?<\/strong><br \/>\nL'IA peut g\u00e9rer plusieurs langues. La pr\u00e9cision varie en fonction de la langue. L'anglais, l'espagnol, le fran\u00e7ais et l'allemand donnent les meilleurs r\u00e9sultats.<\/p>\n\n<p><strong>Comment garantir la qualit\u00e9 ?<\/strong><br \/>\n\u00c9chantillonnage CQ. Retour d'information continu. Validation par rapport \u00e0 un ensemble de contr\u00f4le. M\u00eames pratiques d'assurance qualit\u00e9 que celles utilis\u00e9es dans le cadre d'un examen traditionnel.<\/p>\n\n<p><strong>Qu'en est-il de la s\u00e9curit\u00e9 des donn\u00e9es ?<\/strong><br \/>\nNous travaillons avec votre plateforme eDiscovery existante ou nous la d\u00e9ployons dans votre environnement s\u00e9curis\u00e9. Vos documents restent sous votre contr\u00f4le.<\/p>\n\n\n<hr class=\"wp-block-separator has-alpha-channel-opacity\"\/>\n\n\n\n<h3 class=\"wp-block-heading\">Le bilan<\/h3>\n\n\n<p>L'examen des documents ne doit pas \u00eatre une perte de temps et d'argent.<\/p>\n<p>L'IA s'occupe de la premi\u00e8re passe. Elle trie la pile. Elle trouve des mod\u00e8les. Elle signale ce qui est important. Vos r\u00e9viseurs se concentrent sur les documents qui n\u00e9cessitent un jugement humain.<\/p>\n<p>Il en r\u00e9sulte une r\u00e9solution plus rapide des affaires, une r\u00e9duction des co\u00fbts li\u00e9s \u00e0 la communication pr\u00e9alable, de meilleures d\u00e9cisions strat\u00e9giques et des examinateurs effectuant un travail qui n\u00e9cessite r\u00e9ellement une expertise.<\/p>\n<p>Pas de magie. Juste une automatisation pratique qui rend les litiges plus efficaces.<\/p>\n\n\n<hr class=\"wp-block-separator has-alpha-channel-opacity\"\/>\n\n\n\n<h3 class=\"wp-block-heading\">Pr\u00eat \u00e0 r\u00e9duire les co\u00fbts de d\u00e9couverte ?<\/h3>\n\n\n<p>Chaque cas est diff\u00e9rent. Diff\u00e9rents types de documents. Des questions diff\u00e9rentes. Des protocoles d'examen diff\u00e9rents.<\/p>\n<p>Nous ne vendons pas de solutions uniques. Nous examinons vos cas sp\u00e9cifiques et vos d\u00e9fis en mati\u00e8re de d\u00e9couverte. Nous identifions les domaines dans lesquels l'IA apporte le plus de valeur. Nous cr\u00e9ons un flux de travail adapt\u00e9 \u00e0 votre processus.<\/p>\n<p>Parlons de vos d\u00e9fis en mati\u00e8re d'examen des documents et des domaines dans lesquels l'IA peut avoir un impact r\u00e9el.<\/p>\n\n<p><a href=\"https:\/\/www.leaplytics.de\/fr\/contact\/\">Discutez de vos besoins en mati\u00e8re d'examen de documents<\/a><\/p>\n\n<p><a href=\"https:\/\/www.leaplytics.de\/fr\/juridique-droit-ai\/\">Retour \u00e0 l'aper\u00e7u de l'IA juridique<\/a><\/p>","protected":false},"excerpt":{"rendered":"<p>L'IA pour l'examen des documents dans les litiges et les enqu\u00eates : Trouver l'aiguille sans lire chaque morceau de foin Les affaires juridiques sont synonymes de documents. Des milliers. Parfois des millions. Des courriels. Pi\u00e8ces jointes. PDF. Journaux de discussion. Messages texte. Pr\u00e9sentations. Feuilles de calcul. Photos avec texte. Contrats. Notes de r\u00e9union. Tout cela doit \u00eatre examin\u00e9. Tout cela doit \u00eatre class\u00e9. Pertinent ou non. Privil\u00e9gi\u00e9 ... <\/p>","protected":false},"author":2,"featured_media":0,"parent":0,"menu_order":0,"comment_status":"closed","ping_status":"closed","template":"","meta":{"footnotes":""},"class_list":["post-14462","page","type-page","status-publish","hentry","latest_post"],"_links":{"self":[{"href":"https:\/\/www.leaplytics.de\/fr\/wp-json\/wp\/v2\/pages\/14462","targetHints":{"allow":["GET"]}}],"collection":[{"href":"https:\/\/www.leaplytics.de\/fr\/wp-json\/wp\/v2\/pages"}],"about":[{"href":"https:\/\/www.leaplytics.de\/fr\/wp-json\/wp\/v2\/types\/page"}],"author":[{"embeddable":true,"href":"https:\/\/www.leaplytics.de\/fr\/wp-json\/wp\/v2\/users\/2"}],"replies":[{"embeddable":true,"href":"https:\/\/www.leaplytics.de\/fr\/wp-json\/wp\/v2\/comments?post=14462"}],"version-history":[{"count":1,"href":"https:\/\/www.leaplytics.de\/fr\/wp-json\/wp\/v2\/pages\/14462\/revisions"}],"predecessor-version":[{"id":14471,"href":"https:\/\/www.leaplytics.de\/fr\/wp-json\/wp\/v2\/pages\/14462\/revisions\/14471"}],"wp:attachment":[{"href":"https:\/\/www.leaplytics.de\/fr\/wp-json\/wp\/v2\/media?parent=14462"}],"curies":[{"name":"wp","href":"https:\/\/api.w.org\/{rel}","templated":true}]}}