{"id":14478,"date":"2025-12-19T01:55:18","date_gmt":"2025-12-19T00:55:18","guid":{"rendered":"https:\/\/www.leaplytics.de\/?page_id=14478"},"modified":"2025-12-19T01:55:19","modified_gmt":"2025-12-19T00:55:19","slug":"connaissance-du-client-segmentation-ai","status":"publish","type":"page","link":"https:\/\/www.leaplytics.de\/fr\/connaissance-du-client-segmentation-ai\/","title":{"rendered":"Connaissance du client et segmentation AI"},"content":{"rendered":"<h2>L'IA au service de la connaissance et de la segmentation des clients : Ne plus deviner ce que veulent les clients<\/h2>\n\n<p>Vous disposez de donn\u00e9es sur les clients. Historique des achats. Comportement sur le site web. Engagement par e-mail. Notes CRM. Tickets d'assistance. Journaux d'utilisation des produits.<\/p>\n<p>Toutes ces donn\u00e9es devraient vous permettre de savoir qui sont vos meilleurs clients. Ce dont ils ont besoin. Quand ils sont sur le point de partir. Qui est pr\u00eat \u00e0 acheter davantage.<\/p>\n<p>Mais transformer les donn\u00e9es en informations ? Cela n\u00e9cessite une analyse. Une v\u00e9ritable analyse, qui ne se limite pas \u00e0 l'examen de tableaux de bord. Et la plupart des \u00e9quipes n'ont pas le temps pour cela.<\/p>\n<p>L'IA se charge de l'analyse. Elle trouve des mod\u00e8les dans le comportement des clients. Elle cr\u00e9e des segments qui pr\u00e9disent r\u00e9ellement les r\u00e9sultats. Elle rep\u00e8re les signes avant-coureurs avant que les clients ne se d\u00e9sabonnent. Votre \u00e9quipe prend des d\u00e9cisions bas\u00e9es sur ce que les clients font, et non sur ce que vous esp\u00e9rez qu'ils fassent.<\/p>\n\n\n<hr class=\"wp-block-separator has-alpha-channel-opacity\"\/>\n\n\n\n<h3 class=\"wp-block-heading\">Le probl\u00e8me : des donn\u00e9es partout, des id\u00e9es nulle part<\/h3>\n\n\n<p>Votre CRM est plein. Vos outils d'analyse suivent tout. Vous pouvez produire des rapports sur tous les indicateurs que vous souhaitez.<\/p>\n<p>Mais les rapports ne donnent pas d'indications. Savoir que 23% des utilisateurs ont cliqu\u00e9 sur un bouton ne vous dit pas pourquoi ni ce qu'il faut faire.<\/p>\n<p>Le marketing se segmente en fonction des donn\u00e9es d\u00e9mographiques, parce que c'est facile. Petite entreprise contre entreprise. C\u00f4te Est vs C\u00f4te Ouest. Directeur vs. VP.<\/p>\n<p>Mais les donn\u00e9es d\u00e9mographiques ne permettent pas de pr\u00e9dire le comportement. Le titre d'une personne ne permet pas de savoir si elle va changer de poste. La taille de l'entreprise ne permet pas de savoir si la personne est pr\u00eate \u00e0 passer \u00e0 la vitesse sup\u00e9rieure.<\/p>\n<p>Les informations se trouvent dans les donn\u00e9es. Il suffit d'avoir le temps et les outils pour les trouver. La plupart des \u00e9quipes n'ont ni l'un ni l'autre.<\/p>\n\n\n<hr class=\"wp-block-separator has-alpha-channel-opacity\"\/>\n\n\n\n<h3 class=\"wp-block-heading\">Ce que l'IA apporte \u00e0 la connaissance du client<\/h3>\n\n\n<p>L'IA analyse les donn\u00e9es clients \u00e0 grande \u00e9chelle. Elle trouve des mod\u00e8les qui \u00e9chappent aux humains. Elle segmente en fonction du comportement, et non des donn\u00e9es d\u00e9mographiques. Elle pr\u00e9dit les r\u00e9sultats avant qu'ils ne se produisent.<\/p>\n\n\n<h4 class=\"wp-block-heading\">Analyse du comportement du client<\/h4>\n\n\n<p>Que font les clients avant d'acheter ? Avant de se d\u00e9sabonner ? Avant d'effectuer une mise \u00e0 niveau ?<\/p>\n<p>L'IA \u00e9tudie les mod\u00e8les de comportement :\n<ul>\n<li>Quelles sont les fonctionnalit\u00e9s r\u00e9ellement utilis\u00e9es par les utilisateurs intensifs ?<\/li>\n<li>Quel est le chemin \u00e0 parcourir pour passer de l'essai \u00e0 l'achat ?<\/li>\n<li>Quelles sont les actions de marketing men\u00e9es avant qu'une personne ne se convertisse ?<\/li>\n<li>Quels sont les changements de comportement qui indiquent que quelqu'un est sur le point de partir ?<\/li>\n<li>Quels sont les produits qui sont achet\u00e9s ensemble ?<\/li>\n<\/ul>\n<\/p>\n\n<p>Il ne s'agit pas de deviner. Il s'agit de trouver dans vos donn\u00e9es des mod\u00e8les r\u00e9els qui permettent de pr\u00e9dire le comportement des clients et les r\u00e9sultats \u00e0 obtenir.<\/p>\n<p>Ces mod\u00e8les deviennent des r\u00e8gles. Lorsqu'un client correspond \u00e0 un mod\u00e8le, vous savez ce qui risque de se passer ensuite. Et vous pouvez agir avant que cela ne se produise.<\/p>\n\n\n<h4 class=\"wp-block-heading\">Segmentation comportementale<\/h4>\n\n\n<p>Oubliez les donn\u00e9es d\u00e9mographiques. L'IA segmente en fonction de ce que font r\u00e9ellement les clients :\n<ul>\n<li><strong>Utilisateurs exp\u00e9riment\u00e9s :<\/strong> Engagement \u00e9lev\u00e9, utilisation intensive des fonctionnalit\u00e9s, susceptibles de recommander d'autres personnes<\/li>\n<li><strong>\u00c0 risque :<\/strong> Baisse de l'utilisation, tickets d'assistance, paiements manqu\u00e9s, sch\u00e9mas pr\u00e9dictifs de d\u00e9sabonnement<\/li>\n<li><strong>Potentiel de croissance :<\/strong> Utilisation des fonctionnalit\u00e9s de base, mais signes d'am\u00e9lioration<\/li>\n<li><strong>Valeur \u00e9lev\u00e9e :<\/strong> Achats importants, commandes fr\u00e9quentes, longue dur\u00e9e d'utilisation<\/li>\n<li><strong>Sensible au prix :<\/strong> N'acheter qu'en cas de rabais, abandonner le panier en cas de prix, comparer les concurrents<\/li>\n<\/ul>\n<\/p>\n\n<p>Ces segments permettent de pr\u00e9dire les r\u00e9sultats. Commercialiser les utilisateurs puissants diff\u00e9remment des clients \u00e0 risque. Messages diff\u00e9rents. Des offres diff\u00e9rentes. Diff\u00e9rents canaux.<\/p>\n<p>Les segments comportementaux fonctionnent parce qu'ils sont bas\u00e9s sur ce que les gens font, et non sur ce qu'ils sont.<\/p>\n\n\n<h4 class=\"wp-block-heading\">Pr\u00e9diction du taux de d\u00e9sabonnement<\/h4>\n\n\n<p>La plupart des entreprises savent qu'un client s'est d\u00e9sabonn\u00e9 une fois qu'il est parti. Il est alors trop tard pour les sauver.<\/p>\n<p>L'IA pr\u00e9dit le d\u00e9sabonnement avant qu'il ne se produise :\n<ul>\n<li>D\u00e9pose de l'usage<\/li>\n<li>Baisse de la fr\u00e9quence des connexions<\/li>\n<li>Augmentation des tickets d'assistance<\/li>\n<li>L'engagement avec les courriels s'arr\u00eate<\/li>\n<li>Retards de paiement ou frais rejet\u00e9s<\/li>\n<\/ul>\n<\/p>\n\n<p>Lorsque plusieurs signes d'alerte apparaissent simultan\u00e9ment, l'IA signale le client comme \u00e9tant \u00e0 risque. Votre \u00e9quipe intervient de mani\u00e8re proactive. Proposer de l'aide. R\u00e9soudre les probl\u00e8mes. Incite le client \u00e0 rester.<\/p>\n<p>Vous ne pouvez pas sauver tout le monde. Mais vous pouvez sauver ceux qui sont r\u00e9cup\u00e9rables, si vous savez qu'ils vont partir avant qu'ils ne soient d\u00e9j\u00e0 partis.<\/p>\n\n\n<h4 class=\"wp-block-heading\">\u00c9valuation de la valeur \u00e0 vie du client<\/h4>\n\n\n<p>Tous les clients n'ont pas la m\u00eame valeur. Certains ach\u00e8tent une fois et disparaissent. D'autres resteront pendant des ann\u00e9es et recommanderont leurs amis.<\/p>\n<p>L'IA calcule la valeur de la dur\u00e9e de vie sur la base des \u00e9l\u00e9ments suivants\n<ul>\n<li>Fr\u00e9quence et montant des achats<\/li>\n<li>Gamme de produits et marges<\/li>\n<li>Modes de titularisation et de maintien dans l'emploi<\/li>\n<li>Co\u00fbts de soutien<\/li>\n<li>Comportement de renvoi<\/li>\n<\/ul>\n<\/p>\n\n<p>Les clients \u00e0 fort trafic b\u00e9n\u00e9ficient d'une plus grande attention. Plus de soutien. Plus de contacts. De meilleures offres pour les satisfaire.<\/p>\n<p>Les clients \u00e0 faible TLV ne sont pas ignor\u00e9s, mais vous cessez de leur consacrer des efforts disproportionn\u00e9s. Les ressources vont l\u00e0 o\u00f9 elles sont rentables.<\/p>\n\n\n<h4 class=\"wp-block-heading\">Possibilit\u00e9s de vente crois\u00e9e et de vente incitative<\/h4>\n\n\n<p>Quels clients devriez-vous essayer de vendre plus cher ? Que devriez-vous recommander ?<\/p>\n<p>L'intelligence artificielle \u00e9tudie les habitudes d'achat :\n<ul>\n<li>Les clients qui ont achet\u00e9 le produit A ach\u00e8tent souvent le produit B ensuite<\/li>\n<li>Les utilisateurs de l'offre de base passent \u00e0 l'offre sup\u00e9rieure lorsqu'ils atteignent certains seuils d'utilisation.<\/li>\n<li>Les clients de ce secteur ajoutent g\u00e9n\u00e9ralement ces fonctionnalit\u00e9s apr\u00e8s 3 mois.<\/li>\n<li>Un engagement \u00e9lev\u00e9 \u00e0 l'\u00e9gard de la fonctionnalit\u00e9 X est en corr\u00e9lation avec l'achat du module compl\u00e9mentaire Y.<\/li>\n<\/ul>\n<\/p>\n\n<p>Ces mod\u00e8les deviennent des recommandations. Pr\u00e9senter la bonne offre au bon client au bon moment. Pas de promotions en rafale. Des suggestions cibl\u00e9es bas\u00e9es sur ce que des clients similaires ont r\u00e9ellement achet\u00e9.<\/p>\n\n\n<h4 class=\"wp-block-heading\">Cartographie du parcours du client<\/h4>\n\n\n<p>Comment les clients se d\u00e9placent-ils r\u00e9ellement dans votre entonnoir ? Pas le parcours que vous avez con\u00e7u. Le parcours qu'ils empruntent.<\/p>\n<p>L'IA trace des chemins r\u00e9els :\n<ul>\n<li>Quels sont les points de contact les plus importants ?<\/li>\n<li>O\u00f9 les gens restent-ils bloqu\u00e9s ?<\/li>\n<li>Quelle est la diff\u00e9rence entre les clients qui convertissent et ceux qui ne convertissent pas ?<\/li>\n<li>Combien de temps dure r\u00e9ellement chaque \u00e9tape ?<\/li>\n<li>Quelles sont les \u00e9tapes que vous pouvez sauter sans nuire \u00e0 la conversion ?<\/li>\n<\/ul>\n<\/p>\n\n<p>Vous voyez le parcours r\u00e9el du client, et non le parcours suppos\u00e9. Ensuite, vous optimisez en fonction de la r\u00e9alit\u00e9.<\/p>\n\n\n<hr class=\"wp-block-separator has-alpha-channel-opacity\"\/>\n\n\n\n<h3 class=\"wp-block-heading\">Ce que cela signifie pour vous<\/h3>\n\n\n\n<h4 class=\"wp-block-heading\">Pour les OCM<\/h4>\n\n\n<p>Les d\u00e9penses de marketing sont affect\u00e9es aux segments qui convertissent r\u00e9ellement. Finies les campagnes de masse dans l'espoir que quelque chose colle.<\/p>\n<p>Vous voyez quels canaux et quelles campagnes g\u00e9n\u00e8rent des clients \u00e0 forte valeur ajout\u00e9e, et pas n'importe quels clients. Le budget suit le retour sur investissement, pas des suppositions.<\/p>\n<p>La fid\u00e9lisation s'am\u00e9liore parce que le risque de d\u00e9sabonnement est d\u00e9tect\u00e9 \u00e0 temps. Il est moins co\u00fbteux de conserver les clients que d'en acqu\u00e9rir de nouveaux. L'IA vous aide \u00e0 conserver ceux qui en valent la peine.<\/p>\n<p>Vous prenez des d\u00e9cisions bas\u00e9es sur des mod\u00e8les de comportement, pas sur des opinions. Moins de discussions sur la strat\u00e9gie, plus de tests sur les donn\u00e9es qui fonctionnent.<\/p>\n\n\n<h4 class=\"wp-block-heading\">Pour les sp\u00e9cialistes du marketing<\/h4>\n\n\n<p>Des segments qui signifient r\u00e9ellement quelque chose. Il ne s'agit pas de cases d\u00e9mographiques arbitraires, mais de groupes qui se comportent diff\u00e9remment et r\u00e9agissent \u00e0 des messages diff\u00e9rents.<\/p>\n<p>Vous savez quels clients cibler avec quelles campagnes. Les campagnes de vente incitative s'adressent aux clients \u00e0 potentiel de croissance. Les campagnes de fid\u00e9lisation s'adressent aux clients \u00e0 risque. Diff\u00e9rentes strat\u00e9gies pour diff\u00e9rents segments.<\/p>\n<p>Une personnalisation qui fonctionne parce qu'elle est bas\u00e9e sur le comportement. Vous ne devinez pas ce qui r\u00e9sonne. Vous utilisez les mod\u00e8les des clients qui ont d\u00e9j\u00e0 converti.<\/p>\n\n\n<h4 class=\"wp-block-heading\">Pour les \u00e9quipes charg\u00e9es de la r\u00e9ussite des clients<\/h4>\n\n\n<p>Vous savez qui a besoin d'aide avant qu'ils ne se d\u00e9sint\u00e9ressent. Une sensibilisation proactive au lieu d'un contr\u00f4le r\u00e9actif des dommages.<\/p>\n<p>Les clients de grande valeur sont prioritaires. Vous savez qui vaut la peine d'\u00eatre fid\u00e9lis\u00e9. Les ressources vont l\u00e0 o\u00f9 elles comptent le plus.<\/p>\n<p>Vous observez les raisons pour lesquelles les clients r\u00e9ussissent ou \u00e9chouent. Cette connaissance se r\u00e9percute sur l'accueil des clients et le d\u00e9veloppement des produits.<\/p>\n\n\n<h4 class=\"wp-block-heading\">Pour l'entreprise<\/h4>\n\n\n<p>Une meilleure fid\u00e9lisation signifie des revenus plus pr\u00e9visibles. Le taux de d\u00e9sabonnement diminue lorsque les probl\u00e8mes sont d\u00e9tect\u00e9s rapidement.<\/p>\n<p>Valeur moyenne de la commande plus \u00e9lev\u00e9e car les ventes crois\u00e9es et les ventes incitatives sont cibl\u00e9es. Vous n'ennuyez pas les clients avec des offres non pertinentes, vous leur montrez des produits qu'ils veulent vraiment.<\/p>\n<p>L'efficacit\u00e9 de l'acquisition s'am\u00e9liore lorsque vous savez quels types de clients ont le plus de valeur. Vous pouvez optimiser la qualit\u00e9, et pas seulement la quantit\u00e9.<\/p>\n\n\n<hr class=\"wp-block-separator has-alpha-channel-opacity\"\/>\n\n\n\n<h3 class=\"wp-block-heading\">Exemples r\u00e9els d'IA pour la connaissance du client<\/h3>\n\n\n\n<h4 class=\"wp-block-heading\">Exemple 1 : Soci\u00e9t\u00e9 SaaS<\/h4>\n\n\n<p>Un \u00e9diteur de logiciels par abonnement avait un taux de d\u00e9sabonnement annuel de 12%. Elle savait que le taux d'attrition \u00e9tait \u00e9lev\u00e9, mais ne savait pas qui partirait ni pourquoi.<\/p>\n<p><strong>Ce qui a chang\u00e9 :<\/strong> L'IA a analys\u00e9 les sch\u00e9mas comportementaux des clients ayant quitt\u00e9 l'entreprise. Elle a constat\u00e9 que la baisse de la fr\u00e9quence de connexion et l'augmentation du nombre de tickets d'assistance permettaient de pr\u00e9dire 73% de d\u00e9sabonnement 30 jours avant qu'il ne se produise.<\/p>\n<p><strong>R\u00e9sultat :<\/strong> L'\u00e9quipe charg\u00e9e de la r\u00e9ussite des clients a contact\u00e9 de mani\u00e8re proactive les comptes \u00e0 risque. Elle a propos\u00e9 des formations suppl\u00e9mentaires, abord\u00e9 les probl\u00e8mes et offert des incitations. Le taux de d\u00e9sabonnement est tomb\u00e9 \u00e0 8,5% en l'espace de 6 mois.<\/p>\n\n\n<h4 class=\"wp-block-heading\">Exemple 2 : Entreprise de commerce \u00e9lectronique<\/h4>\n\n\n<p>Un d\u00e9taillant en ligne a envoy\u00e9 les m\u00eames courriels promotionnels \u00e0 tout le monde. Des remises \u00e0 tous les clients, quel que soit leur comportement d'achat.<\/p>\n<p><strong>Ce qui a chang\u00e9 :<\/strong> L'IA segmente les clients en fonction de leur comportement. Les clients \u00e0 forte valeur ajout\u00e9e b\u00e9n\u00e9ficient d'un acc\u00e8s anticip\u00e9 et de produits exclusifs. Les clients sensibles au prix b\u00e9n\u00e9ficient de r\u00e9ductions. Les acheteurs fr\u00e9quents re\u00e7oivent des primes de fid\u00e9lit\u00e9.<\/p>\n<p><strong>R\u00e9sultat :<\/strong> La valeur moyenne des commandes a augment\u00e9 de 18% parce que les clients \u00e0 forte valeur ajout\u00e9e n'ont pas \u00e9t\u00e9 form\u00e9s \u00e0 attendre les remises. La marge s'est am\u00e9lior\u00e9e parce que les remises n'ont \u00e9t\u00e9 accord\u00e9es qu'aux segments sensibles au prix.<\/p>\n\n\n<h4 class=\"wp-block-heading\">Exemple 3 : Entreprise de services B2B<\/h4>\n\n\n<p>Une soci\u00e9t\u00e9 de services professionnels avait de longs cycles de vente. Elle ne pouvait pas pr\u00e9dire quels prospects allaient conclure ou quand ils allaient le faire.<\/p>\n<p><strong>Ce qui a chang\u00e9 :<\/strong> L'IA a analys\u00e9 les transactions pass\u00e9es. Il s'est av\u00e9r\u00e9 que les prospects qui s'engageaient avec des types de contenu sp\u00e9cifiques et qui avaient certaines interactions avec les parties prenantes avaient 4x plus de chances de conclure l'affaire.<\/p>\n<p><strong>R\u00e9sultat :<\/strong> L'\u00e9quipe de vente s'est concentr\u00e9e sur les prospects pr\u00e9sentant ces signaux. Le taux de r\u00e9ussite a augment\u00e9 de 35%. Le cycle de vente a \u00e9t\u00e9 raccourci car les repr\u00e9sentants savaient quand les prospects \u00e9taient r\u00e9ellement pr\u00eats \u00e0 acheter.<\/p>\n\n\n<hr class=\"wp-block-separator has-alpha-channel-opacity\"\/>\n\n\n\n<h3 class=\"wp-block-heading\">Ce que l'IA ne fera pas<\/h3>\n\n\n<p>Soyons honn\u00eates sur les limites.<\/p>\n<p>L'IA trouve des mod\u00e8les, mais ne vous dit pas pourquoi. Elle peut vous montrer que les clients qui font X sont plus susceptibles de se d\u00e9sabonner, mais elle n'explique pas la psychologie qui se cache derri\u00e8re. Vous avez toujours besoin d'un jugement humain pour interpr\u00e9ter les informations.<\/p>\n<p>Les pr\u00e9dictions de l'IA ne sont pas parfaites. Une pr\u00e9diction de d\u00e9sabonnement avec une pr\u00e9cision de 70-80% est tr\u00e8s bonne, mais cela signifie que 20-30% des pr\u00e9dictions sont erron\u00e9es. Ne consid\u00e9rez pas les r\u00e9sultats de l'IA comme des certitudes. Ce sont des probabilit\u00e9s.<\/p>\n<p>L'IA ne peut pas r\u00e9soudre les probl\u00e8mes d'exp\u00e9rience client. Si votre produit ne fonctionne pas, si votre service est mauvais ou si votre tarification est erron\u00e9e, l'IA vous montrera le probl\u00e8me, mais ne le r\u00e9soudra pas. Vous devez encore r\u00e9gler les probl\u00e8mes fondamentaux.<\/p>\n<p>Et l'IA a besoin de donn\u00e9es. Si vous ne suivez pas le comportement de vos clients, il n'y a rien \u00e0 analyser. C'est le principe du \"Garbage in, garbage out\" qui s'applique ici.<\/p>\n\n\n<hr class=\"wp-block-separator has-alpha-channel-opacity\"\/>\n\n\n\n<h3 class=\"wp-block-heading\">Comment d\u00e9marrer<\/h3>\n\n\n<p>Il n'est pas n\u00e9cessaire de tout analyser en m\u00eame temps. Commencez par les domaines \u00e0 fort impact :\n<ul>\n<li><strong>Commencez par pr\u00e9dire le taux de d\u00e9sabonnement.<\/strong> Le retour sur investissement est imm\u00e9diat. Identifiez les clients \u00e0 risque, contactez-les de mani\u00e8re proactive et mesurez si cela r\u00e9duit le taux de d\u00e9sabonnement.<\/li>\n<li><strong>Campagne du premier segment.<\/strong> Prenez une campagne existante et divisez-la par segments comportementaux. Voyez si les messages cibl\u00e9s sont plus performants que les messages g\u00e9n\u00e9riques.<\/li>\n<li><strong>Analysez vos meilleurs clients.<\/strong> Qu'est-ce que les clients \u00e0 forte valeur ajout\u00e9e ont en commun ? Trouvez le mod\u00e8le, puis recherchez d'autres clients comme eux.<\/li>\n<li><strong>Tracer le parcours d'un client.<\/strong> Choisissez votre principal chemin de conversion. Voyez comment les clients s'y prennent r\u00e9ellement par rapport \u00e0 la fa\u00e7on dont vous pensez qu'ils s'y prennent.<\/li>\n<li><strong>Testez les recommandations de vente crois\u00e9e.<\/strong> Utiliser l'IA pour sugg\u00e9rer les meilleurs produits suivants. Comparez la conversion \u00e0 des suggestions al\u00e9atoires ou manuelles.<\/li>\n<\/ul>\n<\/p>\n\n<p>Commencer \u00e0 petite \u00e9chelle. Mesurer l'impact. R\u00e9duire l'\u00e9chelle de ce qui fonctionne. L'objectif est d'obtenir des informations exploitables, et non des mod\u00e8les parfaits.<\/p>\n\n\n<hr class=\"wp-block-separator has-alpha-channel-opacity\"\/>\n\n\n\n<h3 class=\"wp-block-heading\">Le bilan<\/h3>\n\n\n<p>Les informations sur les clients proviennent de mod\u00e8les de comportement. Qu'ont en commun les clients qui ach\u00e8tent, qui restent, qui passent \u00e0 un niveau sup\u00e9rieur et qui recommandent leur produit ? Qu'y a-t-il de diff\u00e9rent chez ceux qui abandonnent ?<\/p>\n<p>Les humains ne peuvent pas rep\u00e9rer des mod\u00e8les dans des milliers de clients \u00e0 travers des douzaines de variables. L'IA le peut.<\/p>\n<p>Votre \u00e9quipe reste propri\u00e9taire de la strat\u00e9gie. Elle d\u00e9cide de ce qu'il faut faire avec les informations. Elle con\u00e7oit les campagnes et les exp\u00e9riences des clients. Elle interpr\u00e8te la signification des donn\u00e9es.<\/p>\n<p>Mais ils ne partent plus de suppositions. Elles partent de mod\u00e8les de comportement des clients. Cela signifie un meilleur ciblage, une meilleure r\u00e9tention et des d\u00e9cisions bas\u00e9es sur la r\u00e9alit\u00e9.<\/p>\n\n\n<hr class=\"wp-block-separator has-alpha-channel-opacity\"\/>\n\n\n\n<h3 class=\"wp-block-heading\">Vous voulez mieux comprendre vos clients ?<\/h3>\n\n\n<p>Chaque entreprise dispose de donn\u00e9es clients diff\u00e9rentes. Des mod\u00e8les de comportement diff\u00e9rents. Des r\u00e9sultats diff\u00e9rents qui comptent.<\/p>\n<p>Nous ne vendons pas d'analyses g\u00e9n\u00e9riques des clients. Nous examinons vos donn\u00e9es. Nous identifions les mod\u00e8les qui pr\u00e9disent r\u00e9ellement les r\u00e9sultats de votre entreprise. Nous construisons des mod\u00e8les qui r\u00e9pondent \u00e0 vos questions sp\u00e9cifiques.<\/p>\n<p>Nous connectons ensuite les informations \u00e0 vos outils d'automatisation du marketing, de gestion de la relation client et de suivi de la client\u00e8le. Votre \u00e9quipe voit les segments et les pr\u00e9visions l\u00e0 o\u00f9 elle travaille. Elle agit imm\u00e9diatement sur les informations.<\/p>\n<p>Pas de battage m\u00e9diatique. Pas de promesses de pr\u00e9dictions parfaites. Juste une meilleure compr\u00e9hension du comportement des clients afin de prendre de meilleures d\u00e9cisions.<\/p>\n\n<p><a href=\"https:\/\/www.leaplytics.de\/fr\/contact\/\">Parlons de vos donn\u00e9es clients<\/a><\/p>\n\n<p><a href=\"https:\/\/www.leaplytics.de\/fr\/marketing-ventes-ai\/\">Retour \u00e0 Marketing &amp; Sales AI<\/a><\/p>","protected":false},"excerpt":{"rendered":"<p>L'IA au service de la connaissance et de la segmentation des clients : Cessez de deviner ce que veulent les clients Vous disposez de donn\u00e9es sur les clients. Historique des achats. Comportement sur le site Web. Engagement par e-mail. Notes CRM. Tickets d'assistance. Journaux d'utilisation des produits. Toutes ces donn\u00e9es devraient vous permettre de savoir qui sont vos meilleurs clients. Ce dont ils ont besoin. Quand ils sont sur le point de partir. Qui est pr\u00eat \u00e0 acheter davantage. Mais transformer les donn\u00e9es ... <\/p>","protected":false},"author":2,"featured_media":0,"parent":0,"menu_order":0,"comment_status":"closed","ping_status":"closed","template":"","meta":{"footnotes":""},"class_list":["post-14478","page","type-page","status-publish","hentry","latest_post"],"_links":{"self":[{"href":"https:\/\/www.leaplytics.de\/fr\/wp-json\/wp\/v2\/pages\/14478","targetHints":{"allow":["GET"]}}],"collection":[{"href":"https:\/\/www.leaplytics.de\/fr\/wp-json\/wp\/v2\/pages"}],"about":[{"href":"https:\/\/www.leaplytics.de\/fr\/wp-json\/wp\/v2\/types\/page"}],"author":[{"embeddable":true,"href":"https:\/\/www.leaplytics.de\/fr\/wp-json\/wp\/v2\/users\/2"}],"replies":[{"embeddable":true,"href":"https:\/\/www.leaplytics.de\/fr\/wp-json\/wp\/v2\/comments?post=14478"}],"version-history":[{"count":1,"href":"https:\/\/www.leaplytics.de\/fr\/wp-json\/wp\/v2\/pages\/14478\/revisions"}],"predecessor-version":[{"id":14486,"href":"https:\/\/www.leaplytics.de\/fr\/wp-json\/wp\/v2\/pages\/14478\/revisions\/14486"}],"wp:attachment":[{"href":"https:\/\/www.leaplytics.de\/fr\/wp-json\/wp\/v2\/media?parent=14478"}],"curies":[{"name":"wp","href":"https:\/\/api.w.org\/{rel}","templated":true}]}}