{"id":14480,"date":"2025-12-19T01:54:58","date_gmt":"2025-12-19T00:54:58","guid":{"rendered":"https:\/\/www.leaplytics.de\/?page_id=14480"},"modified":"2025-12-19T01:54:58","modified_gmt":"2025-12-19T00:54:58","slug":"prevision-du-pipeline-de-vente-ai","status":"publish","type":"page","link":"https:\/\/www.leaplytics.de\/fr\/prevision-du-pipeline-de-vente-ai\/","title":{"rendered":"Pipeline de vente et pr\u00e9visions AI"},"content":{"rendered":"<h2>L'IA pour le pipeline de vente et les pr\u00e9visions : Ne plus deviner ce qui va se conclure<\/h2>\n\n<p>Chaque trimestre, c'est la m\u00eame chose. La direction des ventes demande des pr\u00e9visions. Les repr\u00e9sentants affirment que les affaires seront conclues. La direction ajuste \u00e0 la baisse parce que les repr\u00e9sentants sont toujours optimistes. Les affaires n'aboutissent pas. Les pr\u00e9visions changent chaque semaine.<\/p>\n<p>Personne ne sait ce qui va vraiment se conclure. Non pas parce que les vendeurs mentent. Mais parce qu'il est difficile de pr\u00e9dire les r\u00e9sultats d'une affaire lorsque l'on se fie \u00e0 son instinct et aux notes du CRM.<\/p>\n<p>L'IA ne fait pas de suppositions. Elle \u00e9tudie les caract\u00e9ristiques des transactions et les mod\u00e8les historiques. Elle pr\u00e9dit la probabilit\u00e9 de cl\u00f4ture sur la base des donn\u00e9es. Elle signale les affaires \u00e0 risque avant qu'elles ne meurent. Elle vous indique les affaires qui n\u00e9cessitent une attention particuli\u00e8re et celles qui se concluront d'elles-m\u00eames.<\/p>\n<p>Vos pr\u00e9visions cessent d'\u00eatre des v\u0153ux pieux. Elles commencent \u00e0 se fonder sur la r\u00e9alit\u00e9.<\/p>\n\n\n<hr class=\"wp-block-separator has-alpha-channel-opacity\"\/>\n\n\n\n<h3 class=\"wp-block-heading\">Le probl\u00e8me : un pipeline plein de peut-\u00eatre<\/h3>\n\n\n<p>Votre CRM indique 50 affaires en cours. Les repr\u00e9sentants disent que 30 seront conclues ce trimestre. L'histoire montre que 12 d'entre elles seront effectivement conclues. Mais quelles sont ces 12 affaires ? Personne ne le sait.<\/p>\n<p>Les affaires restent trop longtemps dans le pipeline. Certaines avancent. D'autres s'enlisent et meurent. D'autres vous surprennent et se concluent rapidement. La plupart du temps, vous ne savez pas lequel est lequel avant que l'affaire ne soit termin\u00e9e.<\/p>\n<p>Les directeurs commerciaux passent des heures \u00e0 examiner le pipeline. \"O\u00f9 en est-on ?\" \"Quand le contrat sera-t-il conclu ? \"Quel est le risque ?\" M\u00eames questions, r\u00e9ponses diff\u00e9rentes chaque semaine.<\/p>\n<p>Les pr\u00e9visions que vous donnez aux dirigeants sont des suppositions \u00e9clair\u00e9es. Parfois, vous \u00eates proche du but. Souvent, vous ne l'\u00eates pas. La fin du trimestre devient une course pour atteindre le chiffre.<\/p>\n<p>Non pas parce que votre \u00e9quipe de vente est mauvaise. Parce que les humains ne sont pas dou\u00e9s pour pr\u00e9dire des r\u00e9sultats probabilistes \u00e0 partir de dizaines de variables. L'IA l'est.<\/p>\n\n\n<hr class=\"wp-block-separator has-alpha-channel-opacity\"\/>\n\n\n\n<h3 class=\"wp-block-heading\">Ce que l'IA fait pour le pipeline et les pr\u00e9visions de vente<\/h3>\n\n\n<p>L'IA ne remplace pas le jugement des vendeurs. Elle fournit des donn\u00e9es qui permettent d'am\u00e9liorer ce jugement. Voici comment :<\/p>\n\n\n<h4 class=\"wp-block-heading\">Notation de la probabilit\u00e9 de l'op\u00e9ration<\/h4>\n\n\n<p>Chaque transaction re\u00e7oit un score de probabilit\u00e9 de cl\u00f4ture bas\u00e9 sur :\n<ul>\n<li>Caract\u00e9ristiques de l'op\u00e9ration (taille, type, complexit\u00e9)<\/li>\n<li>Stade de vente et dur\u00e9e du stade<\/li>\n<li>Niveau d'engagement (activit\u00e9 des parties prenantes, r\u00e9ponses aux courriels, fr\u00e9quence des r\u00e9unions)<\/li>\n<li>Mod\u00e8les historiques (quelles sont les op\u00e9rations de ce type qui ont r\u00e9ellement \u00e9t\u00e9 conclues ?)<\/li>\n<li>Facteurs concurrentiels (fournisseur unique ou accord concurrentiel ?)<\/li>\n<\/ul>\n<\/p>\n\n<p>L'IA compare chaque affaire \u00e0 des milliers d'affaires ant\u00e9rieures. Les affaires qui pr\u00e9sentent des caract\u00e9ristiques similaires et qui ont \u00e9t\u00e9 conclues obtiennent un score plus \u00e9lev\u00e9. Les affaires qui correspondent \u00e0 des mod\u00e8les d'affaires perdues obtiennent des scores moins \u00e9lev\u00e9s.<\/p>\n<p>Il ne s'agit pas d'une intuition. Il s'agit d'un mod\u00e8le bas\u00e9 sur vos donn\u00e9es r\u00e9elles de gains et de pertes.<\/p>\n<p>Le repr\u00e9sentant indique 90% de chances de fermer, l'IA indique 40% ? Regardez de plus pr\u00e8s. Quelque chose ne va pas. Soit le repr\u00e9sentant manque des signes avant-coureurs, soit il y a un contexte que l'IA n'a pas. Quoi qu'il en soit, vous devez enqu\u00eater avant que l'affaire ne se termine.<\/p>\n\n\n<h4 class=\"wp-block-heading\">Identification des op\u00e9rations \u00e0 risque<\/h4>\n\n\n<p>Les accords meurent lentement, puis d'un seul coup. Des signes avant-coureurs apparaissent plusieurs semaines avant la mort officielle d'un accord :\n<ul>\n<li>Pas d'activit\u00e9 depuis plus de 14 jours<\/li>\n<li>Champion ne r\u00e9pond plus<\/li>\n<li>R\u00e9unions sans cesse report\u00e9es<\/li>\n<li>Le d\u00e9lai de d\u00e9cision ne cesse de s'allonger<\/li>\n<li>Les parties prenantes qui s'\u00e9taient engag\u00e9es t\u00f4t se sont tues<\/li>\n<li>L'affaire est rest\u00e9e trop longtemps au m\u00eame stade<\/li>\n<\/ul>\n<\/p>\n\n<p>L'IA est \u00e0 l'aff\u00fbt de ces sch\u00e9mas. Lorsque plusieurs signes d'alerte apparaissent simultan\u00e9ment, elle signale l'op\u00e9ration comme \u00e9tant \u00e0 risque.<\/p>\n<p>Le directeur des ventes voit le drapeau. Il demande au repr\u00e9sentant ce qui se passe. Souvent, le repr\u00e9sentant r\u00e9pond : \"Ah oui, je devrais suivre \u00e7a\". Parfois, il r\u00e9pond : \"C'est bon.\" Mais au moins, vous savez qu'il faut le surveiller.<\/p>\n<p>Vous ne pouvez pas sauver toutes les affaires. Mais vous pouvez essayer de les sauver avant qu'elles ne soient compl\u00e8tement mortes. Cela ne fonctionne que si vous savez qu'elles sont en danger.<\/p>\n\n\n<h4 class=\"wp-block-heading\">Am\u00e9lioration de la pr\u00e9cision des pr\u00e9visions<\/h4>\n\n\n<p>Votre pr\u00e9vision est la somme des probabilit\u00e9s de l'accord. Si vos estimations de probabilit\u00e9s sont erron\u00e9es, votre pr\u00e9vision est erron\u00e9e.<\/p>\n<p>L'IA \u00e9tablit une pr\u00e9vision bas\u00e9e sur :\n<ul>\n<li>Probabilit\u00e9s des transactions individuelles (fond\u00e9es sur des donn\u00e9es et non sur des estimations des repr\u00e9sentants)<\/li>\n<li>Historique des taux de cl\u00f4ture par \u00e9tape, repr\u00e9sentant, type d'op\u00e9ration<\/li>\n<li>Mod\u00e8les de saisonnalit\u00e9 dans votre entreprise<\/li>\n<li>Tendances de la dur\u00e9e du cycle de vente<\/li>\n<\/ul>\n<\/p>\n\n<p>Il ne se contente pas de vous donner un chiffre. Il vous donne des fourchettes. \"Tr\u00e8s probablement $X, mais cela pourrait \u00eatre aussi bas que $Y ou aussi haut que $Z\". C'est une pr\u00e9vision honn\u00eate.<\/p>\n<p>Au fil du temps, vous voyez quelles transactions l'IA a bien pr\u00e9dites et lesquelles elle n'a pas pr\u00e9dites. Vous vous adaptez. Le mod\u00e8le apprend. La pr\u00e9cision s'am\u00e9liore.<\/p>\n<p>Vous n'aurez jamais de pr\u00e9visions parfaites. Mais vous pouvez avoir des pr\u00e9visions qui sont plus souvent justes que fausses. C'est mieux que ce que la plupart des \u00e9quipes de vente ont aujourd'hui.<\/p>\n\n\n<h4 class=\"wp-block-heading\">Recommandations pour la prochaine action Best<\/h4>\n\n\n<p>Chaque repr\u00e9sentant a plus d'affaires qu'il ne peut en traiter activement. Quelles sont celles sur lesquelles il doit se concentrer aujourd'hui ?<\/p>\n<p>L'IA \u00e9tablit des priorit\u00e9s :\n<ul>\n<li>Op\u00e9rations \u00e0 risque n\u00e9cessitant une attention imm\u00e9diate<\/li>\n<li>Les affaires ayant une forte probabilit\u00e9 d'\u00eatre conclues et qui sont pr\u00eates \u00e0 \u00eatre avanc\u00e9es<\/li>\n<li>les affaires pour lesquelles certaines actions (suivi d'une partie prenante, envoi d'une proposition) ont historiquement augment\u00e9 les taux de conclusion<\/li>\n<li>Des affaires en suspens qui ont besoin d'un coup de pouce<\/li>\n<\/ul>\n<\/p>\n\n<p>Le repr\u00e9sentant se connecte, voit une liste de ce qu'il doit faire, class\u00e9e par ordre de priorit\u00e9. Pas tout. Les 5 \u00e0 7 actions les plus susceptibles de faire avancer les affaires.<\/p>\n<p>Ils ne suivent pas les ordres de l'IA. Ils re\u00e7oivent des suggestions bas\u00e9es sur des donn\u00e9es concernant l'utilisation optimale de leur temps. Ils continuent \u00e0 faire preuve de discernement. Ils disposent simplement de meilleures informations.<\/p>\n\n\n<h4 class=\"wp-block-heading\">Analyse des sch\u00e9mas gagnants\/perdants<\/h4>\n\n\n<p>Pourquoi les affaires se concluent-elles ? Pourquoi perdent-elles ?<\/p>\n<p>L'IA analyse les affaires conclues - gagn\u00e9es et perdues :\n<ul>\n<li>Quelles sont les caract\u00e9ristiques communes des march\u00e9s gagn\u00e9s ?<\/li>\n<li>Quelle est la dur\u00e9e habituelle d'une n\u00e9gociation gagnante ?<\/li>\n<li>Quelles sont les activit\u00e9s en corr\u00e9lation avec les victoires ?<\/li>\n<li>Qu'y a-t-il de diff\u00e9rent dans les affaires perdues ?<\/li>\n<li>Existe-t-il des tendances en fonction du secteur d'activit\u00e9, de la taille de l'op\u00e9ration ou du concurrent ?<\/li>\n<\/ul>\n<\/p>\n\n<p>Ces sch\u00e9mas se transforment en id\u00e9es :\n<ul>\n<li>\"Les transactions impliquant plus de trois parties prenantes se concluent deux fois plus rapidement que les transactions impliquant une seule partie prenante.<\/li>\n<li>\"Lorsque nous impliquons les services juridiques avant la quatri\u00e8me semaine, le taux de r\u00e9ussite chute de 301 %.<\/li>\n<li>\"Les offres qui incluent un pilote se convertissent 80% du temps\"<\/li>\n<\/ul>\n<\/p>\n\n<p>Vous apprenez ce qui permet r\u00e9ellement de gagner. Ensuite, vous accompagnez les repr\u00e9sentants pour qu'ils fassent plus de ce qui fonctionne et moins de ce qui ne fonctionne pas. C'est ce qu'on appelle la gestion des ventes bas\u00e9e sur les donn\u00e9es.<\/p>\n\n\n<h4 class=\"wp-block-heading\">Surveillance de la sant\u00e9 des pipelines<\/h4>\n\n\n<p>Votre pipeline est-il sain ou plein de d\u00e9chets ? Difficile \u00e0 dire si l'on se contente de regarder le nombre d'affaires et la valeur totale.<\/p>\n<p>L'IA \u00e9value la sant\u00e9 du pipeline :\n<ul>\n<li>Quelle est la valeur r\u00e9aliste ? (Valeur de l'accord pond\u00e9r\u00e9e par les scores de probabilit\u00e9 de l'IA)<\/li>\n<li>Le pipeline est-il en croissance ou en d\u00e9croissance ?<\/li>\n<li>Les affaires franchissent-elles les \u00e9tapes \u00e0 une vitesse normale ?<\/li>\n<li>La couverture du pipeline est-elle suffisante pour atteindre les objectifs ? (Valeur r\u00e9aliste par rapport au quota)<\/li>\n<li>Quelles sont les \u00e9tapes qui pr\u00e9sentent des goulets d'\u00e9tranglement ?<\/li>\n<\/ul>\n<\/p>\n\n<p>Les responsables des ventes voient des tableaux de bord sur la sant\u00e9 du pipeline. Il ne s'agit pas d'indicateurs de vanit\u00e9. De v\u00e9ritables indicateurs permettant de savoir si l'\u00e9quipe atteindra ses objectifs.<\/p>\n<p>Si le pipeline semble faible, vous le savez \u00e0 temps. Vous pouvez ajouter des ressources \u00e0 la g\u00e9n\u00e9ration de leads ou ajuster les objectifs avant qu'il ne soit trop tard.<\/p>\n\n\n<hr class=\"wp-block-separator has-alpha-channel-opacity\"\/>\n\n\n\n<h3 class=\"wp-block-heading\">Ce que cela signifie pour vous<\/h3>\n\n\n\n<h4 class=\"wp-block-heading\">Pour les directeurs des ventes<\/h4>\n\n\n<p>Des pr\u00e9visions auxquelles vous pouvez vous fier. Elles ne sont pas parfaites, mais bien meilleures que les suppositions des repr\u00e9sentants. Vous donnez aux dirigeants des chiffres fond\u00e9s sur des donn\u00e9es, et non sur des espoirs.<\/p>\n<p>La visibilit\u00e9 du pipeline s'am\u00e9liore. Vous voyez imm\u00e9diatement les affaires \u00e0 risque. Vous savez o\u00f9 faire du coaching. Vous savez quelles sont les affaires qui n\u00e9cessitent l'intervention de la direction.<\/p>\n<p>L'allocation des ressources devient plus intelligente. Vous savez quelles affaires sont r\u00e9elles et lesquelles sont des chim\u00e8res. Les efforts de l'\u00e9quipe sont consacr\u00e9s aux opportunit\u00e9s gagnantes.<\/p>\n<p>Le coaching s'appuie sur des mod\u00e8les. \"Voici ce que les gagnants font diff\u00e9remment\". C'est plus efficace que des conseils de vente g\u00e9n\u00e9riques.<\/p>\n\n\n<h4 class=\"wp-block-heading\">Pour les repr\u00e9sentants commerciaux<\/h4>\n\n\n<p>Vous savez sur quelles affaires vous concentrer. Plus besoin de vous disperser sur 50 opportunit\u00e9s. Travaillez sur celles qui ont le plus de chances de se conclure.<\/p>\n<p>Vous d\u00e9tectez les probl\u00e8mes \u00e0 temps. Une affaire qui d\u00e9rape ? Vous voyez les signes avant-coureurs avant qu'elle ne soit morte. Vous pouvez corriger le tir.<\/p>\n<p>Vous obtenez des conseils sur les prochaines \u00e9tapes. Pas de commandes, mais des donn\u00e9es sur ce qui fonctionne g\u00e9n\u00e9ralement pour des affaires comme la v\u00f4tre. Vous prenez de meilleures d\u00e9cisions.<\/p>\n<p>Moins de temps pass\u00e9 \u00e0 mettre \u00e0 jour le CRM pour le plaisir de le faire. L'IA devient de plus en plus intelligente au fur et \u00e0 mesure qu'elle dispose de donn\u00e9es, mais elle utilise ces donn\u00e9es pour vous aider \u00e0 vendre, et pas seulement pour faire des rapports.<\/p>\n\n\n<h4 class=\"wp-block-heading\">Pour l'entreprise<\/h4>\n\n\n<p>Des revenus pr\u00e9visibles. Lorsque les pr\u00e9visions sont exactes, vous pouvez planifier. Embauche. Les stocks. Les d\u00e9penses de marketing. Tout cela sur la base de projections de revenus fiables.<\/p>\n<p>Des cycles de vente plus courts. Lorsque les repr\u00e9sentants se concentrent sur les bonnes activit\u00e9s au bon moment, les affaires se concluent plus rapidement.<\/p>\n<p>Des taux de r\u00e9ussite plus \u00e9lev\u00e9s. Lorsque vous comprenez ce qui permet de conclure des affaires, vous pouvez en faire plus. Cela s'accumule au fil du temps.<\/p>\n<p>Moins de surprises en fin de trimestre. Vous savez des semaines \u00e0 l'avance si vous atteindrez votre objectif. Pas de panique de derni\u00e8re minute. Pas de d\u00e9ficit inattendu.<\/p>\n\n\n<hr class=\"wp-block-separator has-alpha-channel-opacity\"\/>\n\n\n\n<h3 class=\"wp-block-heading\">Exemples r\u00e9els d'IA pour la pr\u00e9vision des ventes<\/h3>\n\n\n\n<h4 class=\"wp-block-heading\">Exemple 1 : Entreprise de logiciels B2B<\/h4>\n\n\n<p>Une entreprise de logiciels de taille moyenne avait une pr\u00e9cision de pr\u00e9vision de 35%. Chaque trimestre \u00e9tait une surprise. Les responsables des ventes ne pouvaient pas planifier parce qu'ils ne savaient pas quel serait le chiffre d'affaires r\u00e9el.<\/p>\n<p><strong>Ce qui a chang\u00e9 :<\/strong> L'IA a analys\u00e9 3 ans de donn\u00e9es sur les transactions. Elle a construit des mod\u00e8les de probabilit\u00e9 bas\u00e9s sur des sch\u00e9mas de conclusion r\u00e9els. Fournir des scores de transactions bas\u00e9s sur des donn\u00e9es au lieu d'estimations de repr\u00e9sentants.<\/p>\n<p><strong>R\u00e9sultat :<\/strong> La pr\u00e9cision des pr\u00e9visions s'est am\u00e9lior\u00e9e pour atteindre 82% en l'espace de deux trimestres. Les dirigeants ont pu planifier en toute confiance. Moins d'exercices d'incendie en fin de trimestre car ils connaissaient le nombre de semaines \u00e0 l'avance.<\/p>\n\n\n<h4 class=\"wp-block-heading\">Exemple 2 : Entreprise manufacturi\u00e8re<\/h4>\n\n\n<p>Une entreprise manufacturi\u00e8re avait des cycles de vente longs (6 \u00e0 12 mois). Les contrats se pr\u00e9sentaient bien pendant des mois, puis disparaissaient soudainement. Personne ne savait pourquoi.<\/p>\n<p><strong>Ce qui a chang\u00e9 :<\/strong> L'IA a identifi\u00e9 que les contrats sans contact avec les parties prenantes pendant plus de 21 jours avaient 72% de chances d'\u00eatre perdus. Le syst\u00e8me signale automatiquement les op\u00e9rations \u00e0 risque.<\/p>\n<p><strong>R\u00e9sultat :<\/strong> Les responsables des ventes sont intervenus de mani\u00e8re proactive sur les affaires signal\u00e9es. Le taux de r\u00e9ussite a augment\u00e9 de 18% parce que les affaires \u00e0 risque ont \u00e9t\u00e9 prises en compte avant qu'elles ne meurent. Le cycle de vente a \u00e9t\u00e9 raccourci car les affaires bloqu\u00e9es ont \u00e9t\u00e9 d\u00e9bloqu\u00e9es plus rapidement.<\/p>\n\n\n<h4 class=\"wp-block-heading\">Exemple 3 : Entreprise de services professionnels<\/h4>\n\n\n<p>Une soci\u00e9t\u00e9 de conseil ne pouvait pas savoir quelles propositions allaient \u00eatre cl\u00f4tur\u00e9es. Le taux de r\u00e9ussite \u00e9tait inf\u00e9rieur \u00e0 30%. Les \u00e9quipes d'estimation consacraient des efforts consid\u00e9rables \u00e0 des propositions qui n'aboutissaient \u00e0 rien.<\/p>\n<p><strong>Ce qui a chang\u00e9 :<\/strong> L'IA a analys\u00e9 les propositions gagn\u00e9es par rapport aux propositions perdues. Elle a constat\u00e9 que les march\u00e9s pour lesquels le client avait d\u00e9j\u00e0 approuv\u00e9 le budget \u00e9taient cl\u00f4tur\u00e9s \u00e0 65%. Les affaires pour lesquelles le client a d\u00e9clar\u00e9 \"explorer des options\" ont \u00e9t\u00e9 conclues \u00e0 12%.<\/p>\n<p><strong>R\u00e9sultat :<\/strong> L'entreprise a commenc\u00e9 \u00e0 qualifier davantage avant d'investir dans des propositions. Elle a concentr\u00e9 ses efforts sur les opportunit\u00e9s bien qualifi\u00e9es. Le taux de r\u00e9ussite est pass\u00e9 \u00e0 48% parce que l'entreprise a cess\u00e9 de courir apr\u00e8s les mauvaises opportunit\u00e9s.<\/p>\n\n\n<hr class=\"wp-block-separator has-alpha-channel-opacity\"\/>\n\n\n\n<h3 class=\"wp-block-heading\">Ce que l'IA ne fera pas<\/h3>\n\n\n<p>Soyons clairs sur les limites.<\/p>\n<p>L'IA ne peut pas conclure des affaires \u00e0 votre place. Elle ne peut pas avoir les conversations difficiles. Elle ne peut pas n\u00e9gocier. Elle ne peut pas \u00e9tablir de relations avec les acheteurs. Cela reste du travail humain.<\/p>\n<p>Les pr\u00e9dictions de l'IA sont des probabilit\u00e9s, pas des certitudes. Une affaire not\u00e9e 70% a toujours 30% de chances d'\u00eatre perdue. Ne consid\u00e9rez pas les r\u00e9sultats de l'IA comme des garanties.<\/p>\n<p>L'IA ne conna\u00eet pas le contexte qui n'est pas dans le CRM. Si un repr\u00e9sentant conna\u00eet personnellement le PDG, s'il a entendu dire que le budget a \u00e9t\u00e9 r\u00e9duit ou s'il dispose d'un autre contexte, cela a de l'importance. L'IA + le jugement humain sont plus efficaces que l'un ou l'autre.<\/p>\n<p>Et l'IA ne peut pas r\u00e9parer un processus de vente d\u00e9fectueux. Si vos repr\u00e9sentants ne se qualifient pas correctement, si votre produit n'est pas adapt\u00e9 au march\u00e9 ou si votre tarification est erron\u00e9e, l'IA vous montrera le probl\u00e8me, mais c'est \u00e0 vous de le r\u00e9soudre.<\/p>\n\n\n<hr class=\"wp-block-separator has-alpha-channel-opacity\"\/>\n\n\n\n<h3 class=\"wp-block-heading\">Comment d\u00e9marrer<\/h3>\n\n\n<p>Il n'est pas n\u00e9cessaire de proc\u00e9der \u00e0 l'IA de l'ensemble de votre processus de vente en une seule fois. Commencez l\u00e0 o\u00f9 c'est le plus utile :\n<ul>\n<li><strong>Commencez par \u00e9valuer l'op\u00e9ration.<\/strong> Mettre en \u0153uvre les scores de probabilit\u00e9 de l'IA. Comparer les scores de l'IA aux estimations des repr\u00e9sentants. Voir laquelle est la plus pr\u00e9cise sur 3 mois.<\/li>\n<li><strong>Suivre les transactions \u00e0 risque.<\/strong> Laissez l'IA rep\u00e9rer les affaires qui correspondent \u00e0 des mod\u00e8les \u00e0 risque. Voyez si une intervention permet de sauver l'une d'entre elles.<\/li>\n<li><strong>Analyser un mod\u00e8le de victoire\/perte.<\/strong> Choisissez une variable (taille de l'op\u00e9ration, secteur d'activit\u00e9, nombre de parties prenantes) et voyez si l'IA trouve des mod\u00e8les que vous ne connaissiez pas.<\/li>\n<li><strong>Tester la pr\u00e9cision des pr\u00e9visions.<\/strong> Ex\u00e9cutez les pr\u00e9visions de l'IA parall\u00e8lement \u00e0 votre processus habituel. Comparez ce qui est le plus proche des r\u00e9sultats r\u00e9els.<\/li>\n<li><strong>Affiner en fonction des r\u00e9sultats.<\/strong> L'IA s'am\u00e9liore avec le retour d'information. Lorsque des affaires sont conclues ou perdues, transmettez les informations en retour. Le mod\u00e8le apprend.<\/li>\n<\/ul>\n<\/p>\n\n<p>Commencez \u00e0 petite \u00e9chelle. Mesurer la pr\u00e9cision. R\u00e9duire ce qui fonctionne. L'objectif est d'am\u00e9liorer les pr\u00e9visions, pas de les rendre parfaites.<\/p>\n\n\n<hr class=\"wp-block-separator has-alpha-channel-opacity\"\/>\n\n\n\n<h3 class=\"wp-block-heading\">Le bilan<\/h3>\n\n\n<p>La pr\u00e9vision des ventes repose sur la reconnaissance de mod\u00e8les. \u00c0 quoi ressemblent les affaires qui se concluent ? \u00c0 quoi ressemblent les affaires qui n'aboutissent pas ? Quelles sont les activit\u00e9s qui font avancer les affaires ?<\/p>\n<p>Les humains ne peuvent pas rep\u00e9rer des mod\u00e8les dans des centaines de transactions comportant des dizaines de variables. L'IA, elle, le peut.<\/p>\n<p>Votre \u00e9quipe de vente est toujours responsable des relations et des conversations. Elle continue \u00e0 conclure des affaires. Elle continue \u00e0 faire preuve de discernement dans le choix des affaires \u00e0 poursuivre.<\/p>\n<p>Mais ils ne volent plus \u00e0 l'aveuglette. Ils disposent de donn\u00e9es sur les transactions r\u00e9elles, sur celles qui sont \u00e0 risque et sur les actions qui fonctionnent historiquement. C'est la diff\u00e9rence entre deviner et savoir.<\/p>\n\n\n<hr class=\"wp-block-separator has-alpha-channel-opacity\"\/>\n\n\n\n<h3 class=\"wp-block-heading\">Vous voulez des pr\u00e9visions plus pr\u00e9cises ?<\/h3>\n\n\n<p>Chaque \u00e9quipe de vente a des mod\u00e8les de vente diff\u00e9rents. Des cycles de vente diff\u00e9rents. Diff\u00e9rents facteurs qui pr\u00e9disent les victoires et les d\u00e9faites.<\/p>\n<p>Nous ne vendons pas d'outils de pr\u00e9vision \u00e0 taille unique. Nous analysons les donn\u00e9es de vos transactions. Nous identifions les facteurs qui pr\u00e9disent r\u00e9ellement les r\u00e9sultats de votre entreprise. Nous construisons des mod\u00e8les qui correspondent \u00e0 votre r\u00e9alit\u00e9.<\/p>\n<p>Nous int\u00e9grons ensuite votre CRM pour que les repr\u00e9sentants et les responsables voient les pr\u00e9visions l\u00e0 o\u00f9 ils travaillent. Votre \u00e9quipe obtient de meilleures donn\u00e9es sans modifier ses processus.<\/p>\n<p>Pas de battage m\u00e9diatique. Pas de promesses de pr\u00e9visions parfaites. Simplement de meilleures pr\u00e9visions pour vous permettre de prendre de meilleures d\u00e9cisions et de conclure plus d'affaires.<\/p>\n\n<p><a href=\"https:\/\/www.leaplytics.de\/fr\/contact\/\">Parlons de votre pipeline de vente<\/a><\/p>\n\n<p><a href=\"https:\/\/www.leaplytics.de\/fr\/marketing-ventes-ai\/\">Retour \u00e0 Marketing &amp; Sales AI<\/a><\/p>","protected":false},"excerpt":{"rendered":"<p>L'IA pour le pipeline de vente et les pr\u00e9visions : Arr\u00eatez de deviner ce qui va se conclure Chaque trimestre, c'est le m\u00eame jeu. La direction des ventes demande des pr\u00e9visions. Les commerciaux disent que les affaires seront conclues. La direction ajuste \u00e0 la baisse car les commerciaux sont toujours optimistes. Les affaires ne sont pas conclues. Les pr\u00e9visions changent chaque semaine. Personne ne sait ce qui va r\u00e9ellement \u00eatre conclu. Non pas parce que les vendeurs mentent. Parce que les pr\u00e9visions ... <\/p>","protected":false},"author":2,"featured_media":0,"parent":0,"menu_order":0,"comment_status":"closed","ping_status":"closed","template":"","meta":{"footnotes":""},"class_list":["post-14480","page","type-page","status-publish","hentry","latest_post"],"_links":{"self":[{"href":"https:\/\/www.leaplytics.de\/fr\/wp-json\/wp\/v2\/pages\/14480","targetHints":{"allow":["GET"]}}],"collection":[{"href":"https:\/\/www.leaplytics.de\/fr\/wp-json\/wp\/v2\/pages"}],"about":[{"href":"https:\/\/www.leaplytics.de\/fr\/wp-json\/wp\/v2\/types\/page"}],"author":[{"embeddable":true,"href":"https:\/\/www.leaplytics.de\/fr\/wp-json\/wp\/v2\/users\/2"}],"replies":[{"embeddable":true,"href":"https:\/\/www.leaplytics.de\/fr\/wp-json\/wp\/v2\/comments?post=14480"}],"version-history":[{"count":1,"href":"https:\/\/www.leaplytics.de\/fr\/wp-json\/wp\/v2\/pages\/14480\/revisions"}],"predecessor-version":[{"id":14481,"href":"https:\/\/www.leaplytics.de\/fr\/wp-json\/wp\/v2\/pages\/14480\/revisions\/14481"}],"wp:attachment":[{"href":"https:\/\/www.leaplytics.de\/fr\/wp-json\/wp\/v2\/media?parent=14480"}],"curies":[{"name":"wp","href":"https:\/\/api.w.org\/{rel}","templated":true}]}}