{"id":14495,"date":"2025-12-19T01:58:56","date_gmt":"2025-12-19T00:58:56","guid":{"rendered":"https:\/\/www.leaplytics.de\/?page_id=14495"},"modified":"2025-12-19T01:58:57","modified_gmt":"2025-12-19T00:58:57","slug":"automatisation-des-processus-workflow-ai","status":"publish","type":"page","link":"https:\/\/www.leaplytics.de\/fr\/automatisation-des-processus-workflow-ai\/","title":{"rendered":"Automatisation des processus et Workflow AI"},"content":{"rendered":"<h2>L'IA pour l'automatisation des processus et des flux de travail<\/h2>\n\n<p>Les op\u00e9rations s'appuient sur des processus. De la commande \u00e0 l'ex\u00e9cution. De la demande \u00e0 la r\u00e9solution. De la t\u00e2che \u00e0 l'ach\u00e8vement. Tout suit des \u00e9tapes.<\/p>\n<p>Lorsque les processus fonctionnent sans heurts, les choses s'encha\u00eenent. Dans le cas contraire, tout se bloque. Les t\u00e2ches s'accumulent. Les transferts \u00e9chouent. Les gens perdent du temps \u00e0 se demander \"o\u00f9 est ceci ?\" et \"qui a cela ?\".<\/p>\n<p>La plupart des probl\u00e8mes de processus ne sont pas dus au fait que les gens s'en moquent. Ils sont dus au fait que les processus sont manuels. Quelqu'un doit acheminer ceci. Quelqu'un doit approuver ceci. Quelqu'un doit v\u00e9rifier si l'\u00e9tape pr\u00e9c\u00e9dente a \u00e9t\u00e9 r\u00e9alis\u00e9e.<\/p>\n<p>L'IA peut automatiser les t\u00e2ches routini\u00e8res. Elle ne remplace pas le jugement humain, mais s'occupe des t\u00e2ches fond\u00e9es sur des r\u00e8gles qui n'en ont pas besoin.<\/p>\n<p>Votre \u00e9quipe cesse de courir apr\u00e8s les processus et commence \u00e0 r\u00e9soudre les probl\u00e8mes.<\/p>\n\n\n<hr class=\"wp-block-separator has-alpha-channel-opacity\"\/>\n\n\n\n<h3 class=\"wp-block-heading\">Pourquoi les processus manuels s'effondrent-ils ?<\/h3>\n\n\n<p>Vous avez des SOP. Des proc\u00e9dures document\u00e9es. Des \u00e9tapes claires sur la mani\u00e8re dont les choses doivent fonctionner.<\/p>\n<p>Mais l'ex\u00e9cution est manuelle. Quelqu'un re\u00e7oit une demande. Il d\u00e9termine qui doit s'en occuper. Elle l'envoie. Elle assure le suivi pour s'assurer qu'elle a bien eu lieu.<\/p>\n<p>Lorsque le volume est faible, cela fonctionne. Lorsque le volume est \u00e9lev\u00e9, les choses passent \u00e0 travers les mailles du filet :<\/p>\n<ul>\n<li>T\u00e2ches achemin\u00e9es vers la mauvaise \u00e9quipe<\/li>\n<li>Approbations en attente dans la bo\u00eete de r\u00e9ception de quelqu'un qui n'est pas au bureau<\/li>\n<li>\u00c9tapes saut\u00e9es parce que personne n'a v\u00e9rifi\u00e9 l'ach\u00e8vement des travaux<\/li>\n<li>Les exceptions ne sont d\u00e9tect\u00e9es que trop tard<\/li>\n<li>Personne ne sait o\u00f9 en est le processus<\/li>\n<\/ul>\n\n<p>Votre \u00e9quipe passe plus de temps \u00e0 coordonner qu'\u00e0 ex\u00e9cuter. R\u00e9unions pour suivre l'\u00e9tat d'avancement. Des courriels pour obtenir des mises \u00e0 jour. Des escalades parce que quelque chose s'est bloqu\u00e9.<\/p>\n<p>Non pas parce que les gens sont mauvais dans leur travail. Parce que la coordination manuelle n'est pas \u00e0 l'\u00e9chelle.<\/p>\n\n\n<hr class=\"wp-block-separator has-alpha-channel-opacity\"\/>\n\n\n\n<h3 class=\"wp-block-heading\">Ce que l'IA apporte \u00e0 l'automatisation des processus<\/h3>\n\n\n<p>L'IA prend en charge les d\u00e9cisions de routine dans vos processus. Elle applique les r\u00e8gles instantan\u00e9ment. Elle achemine le travail correctement. Elle surveille la progression. Elle d\u00e9tecte les exceptions.<\/p>\n<p>Votre \u00e9quipe se concentre sur le travail lui-m\u00eame, et non sur la coordination qui l'entoure.<\/p>\n\n\n<h4 class=\"wp-block-heading\">Routage intelligent des t\u00e2ches<\/h4>\n\n\n<p>Une nouvelle commande arrive. O\u00f9 va-t-elle ? Quel entrep\u00f4t ? Quelle \u00e9quipe ? Cela d\u00e9pend de l'emplacement, du type de produit, des niveaux de stock, de la capacit\u00e9 de l'\u00e9quipe.<\/p>\n<p>Manuellement, quelqu'un doit examiner tout cela et prendre une d\u00e9cision. Avec l'IA, cela se fait instantan\u00e9ment :<\/p>\n<ul>\n<li>Analyse les d\u00e9tails de la demande<\/li>\n<li>V\u00e9rifie la charge de travail actuelle des diff\u00e9rentes \u00e9quipes<\/li>\n<li>Tient compte des comp\u00e9tences et des certifications n\u00e9cessaires<\/li>\n<li>Facteurs li\u00e9s \u00e0 la localisation et \u00e0 la logistique<\/li>\n<li>Itin\u00e9raires vers l'\u00e9quipe optimale<\/li>\n<\/ul>\n\n<p>Non seulement plus rapide, mais aussi plus coh\u00e9rent. La m\u00eame logique s'applique \u00e0 chaque fois. Il n'y a pas de variation en fonction de la personne qui s'en occupe.<\/p>\n<p>Des cas particuliers ? L'IA les signale pour qu'ils soient achemin\u00e9s par l'homme. Mais les cas courants (c'est-\u00e0-dire la plupart des cas) sont achemin\u00e9s automatiquement.<\/p>\n\n\n<h4 class=\"wp-block-heading\">Gestion intelligente des approbations<\/h4>\n\n\n<p>Les approbations ralentissent tout. Chaque achat doit \u00eatre approuv\u00e9. Chaque exception doit \u00eatre approuv\u00e9e. Chaque modification doit \u00eatre examin\u00e9e.<\/p>\n<p>Mais la plupart sont de routine. Demande standard dans le cadre de la politique ? Elle devrait \u00eatre approuv\u00e9e automatiquement. Demande inhabituelle en dehors des param\u00e8tres ? Elle doit \u00eatre transmise \u00e0 l'approbateur appropri\u00e9 avec un contexte complet.<\/p>\n<p>L'IA g\u00e8re la logique d'approbation :<\/p>\n<ul>\n<li>Demandes standard respectant les seuils : approbation automatique avec piste d'audit<\/li>\n<li>Demandes n\u00e9cessitant un examen : achemin\u00e9es au niveau appropri\u00e9 en fonction du montant, du type et du risque.<\/li>\n<li>Demandes complexes : remont\u00e9es avec un contexte et un historique complets<\/li>\n<li>Approbations bloqu\u00e9es : acc\u00e9l\u00e9ration automatique en cas d'immobilisation prolong\u00e9e<\/li>\n<\/ul>\n\n<p>Vos managers consacrent du temps aux d\u00e9cisions qui n\u00e9cessitent r\u00e9ellement un jugement. Ils ne se contentent pas d'approuver les demandes de routine.<\/p>\n<p>Et quand quelqu'un est absent ? L'IA renvoie \u00e0 son rempla\u00e7ant. Aucune demande n'est bloqu\u00e9e en attente d'une personne en vacances.<\/p>\n\n\n<h4 class=\"wp-block-heading\">Surveillance des processus en temps r\u00e9el<\/h4>\n\n\n<p>O\u00f9 en sont les choses ? Qu'est-ce qui est bloqu\u00e9 ? Qu'est-ce qui risque de ne pas \u00eatre respect\u00e9 ?<\/p>\n<p>L'IA suit chaque t\u00e2che \u00e0 chaque \u00e9tape. Non pas en demandant aux gens des mises \u00e0 jour, mais en surveillant automatiquement les syst\u00e8mes. Elle sait :<\/p>\n<ul>\n<li>Ce qui est en cours et qui y travaille<\/li>\n<li>Ce qui est en attente (et depuis combien de temps)<\/li>\n<li>Quelles sont les \u00e9ch\u00e9ances \u00e0 venir ?<\/li>\n<li>O\u00f9 se forment les goulets d'\u00e9tranglement<\/li>\n<li>Quels sont les processus qui fonctionnent plus lentement que la normale ?<\/li>\n<\/ul>\n\n<p>Le tableau de bord affiche l'\u00e9tat en temps r\u00e9el. Il ne s'agit pas de rapports \"\u00e0 la date d'hier\", mais bien de rapports en temps r\u00e9el. Vos responsables savent ce qui n\u00e9cessite une attention particuli\u00e8re sans avoir \u00e0 courir apr\u00e8s les mises \u00e0 jour.<\/p>\n\n\n<h4 class=\"wp-block-heading\">Une d\u00e9tection des exceptions qui fonctionne vraiment<\/h4>\n\n\n<p>Les exceptions sont co\u00fbteuses. Informations manquantes dans la commande. L'\u00e9tape prend beaucoup trop de temps. Proc\u00e9dure non suivie correctement. Le temps que quelqu'un s'en aper\u00e7oive, le probl\u00e8me est d\u00e9j\u00e0 r\u00e9gl\u00e9.<\/p>\n<p>L'IA d\u00e9tecte les exceptions \u00e0 un stade pr\u00e9coce :<\/p>\n<ul>\n<li><strong>Donn\u00e9es manquantes :<\/strong> Commande soumise sans les champs obligatoires ? Elle est signal\u00e9e imm\u00e9diatement, et non pas lorsqu'elle atteint le stade de l'ex\u00e9cution.<\/li>\n<li><strong>D\u00e9viations de processus :<\/strong> Les \u00e9tapes ont-elles \u00e9t\u00e9 accomplies dans le d\u00e9sordre ? La liste de contr\u00f4le a \u00e9t\u00e9 omise ? Remarques de l'IA.<\/li>\n<li><strong>Probl\u00e8mes de d\u00e9lais :<\/strong> Une \u00e9tape prend trois fois plus de temps que la normale ? L'IA vous alerte avant que le d\u00e9lai ne soit d\u00e9pass\u00e9.<\/li>\n<li><strong>Pr\u00e9occupations en mati\u00e8re de qualit\u00e9 :<\/strong> Le taux d'erreur atteint des sommets sur un processus particulier ? D\u00e9tection pr\u00e9coce d'un mod\u00e8le.<\/li>\n<li><strong>Lacunes en mati\u00e8re de conformit\u00e9 :<\/strong> Documentation requise manquante ? Le seuil d'approbation a \u00e9t\u00e9 d\u00e9pass\u00e9 ? Attrap\u00e9 automatiquement.<\/li>\n<\/ul>\n\n<p>Votre \u00e9quipe g\u00e8re les exceptions lorsqu'elles sont encore petites. Avant qu'elles ne se multiplient. Avant que les clients ne soient affect\u00e9s.<\/p>\n\n\n<h4 class=\"wp-block-heading\">Contr\u00f4le de conformit\u00e9 automatis\u00e9<\/h4>\n\n\n<p>Chaque processus a des exigences. Les \u00e9tapes doivent se d\u00e9rouler dans l'ordre. La documentation doit \u00eatre compl\u00e8te. Les approbations doivent \u00eatre obtenues. Des contr\u00f4les de qualit\u00e9 doivent \u00eatre effectu\u00e9s.<\/p>\n<p>V\u00e9rifier manuellement tout cela ? Quelqu'un doit proc\u00e9der \u00e0 un audit. Au mieux, des contr\u00f4les par \u00e9chantillonnage. La conformit\u00e9 est un espoir.<\/p>\n<p>L'IA v\u00e9rifie chaque cas :<\/p>\n<ul>\n<li>Toutes les \u00e9tapes n\u00e9cessaires ont-elles \u00e9t\u00e9 franchies ?<\/li>\n<li>L'ordre des op\u00e9rations a-t-il \u00e9t\u00e9 respect\u00e9 ?<\/li>\n<li>La documentation est-elle compl\u00e8te et exacte ?<\/li>\n<li>Les autorisations n\u00e9cessaires ont-elles \u00e9t\u00e9 obtenues ?<\/li>\n<li>La piste d'audit montre-t-elle qui a fait quoi et quand ?<\/li>\n<\/ul>\n\n<p>Processus non conforme ? Signal\u00e9 imm\u00e9diatement. Et non des semaines plus tard lors d'un audit. Votre conformit\u00e9 est r\u00e9elle, elle n'est pas attendue.<\/p>\n\n\n<h4 class=\"wp-block-heading\">Analyse de la performance des processus<\/h4>\n\n\n<p>Quelle est la dur\u00e9e r\u00e9elle des processus ? O\u00f9 se situent les ralentissements ? Quelles \u00e9quipes sont plus rapides ? Pourquoi ?<\/p>\n<p>L'IA suit les indicateurs de performance de tous vos processus :<\/p>\n<ul>\n<li>Temps de cycle par type de processus<\/li>\n<li>Rendement par \u00e9quipe et par individu<\/li>\n<li>O\u00f9 se produisent les retards (quelles \u00e9tapes, quels transferts) ?<\/li>\n<li>Taux d'erreur et fr\u00e9quence des reprises<\/li>\n<li>Variation (la coh\u00e9rence compte autant que la vitesse)<\/li>\n<\/ul>\n\n<p>Vous voyez o\u00f9 vous devez vous am\u00e9liorer. Il ne s'agit pas de deviner, mais de regarder les donn\u00e9es. Cette \u00e9quipe est toujours plus rapide ? Apprenez ce qu'ils font diff\u00e9remment. Cette \u00e9tape est toujours lente ? Cherchez \u00e0 savoir pourquoi.<\/p>\n<p>L'am\u00e9lioration des processus est bas\u00e9e sur des faits et non sur des sentiments.<\/p>\n\n\n<hr class=\"wp-block-separator has-alpha-channel-opacity\"\/>\n\n\n\n<h3 class=\"wp-block-heading\">Ce que cela signifie pour vous<\/h3>\n\n\n\n<h4 class=\"wp-block-heading\">Pour les directeurs d'exploitation et les responsables des op\u00e9rations<\/h4>\n\n\n<p><strong>Ex\u00e9cution coh\u00e9rente dans tous les sites.<\/strong> Les m\u00eames r\u00e8gles s'appliquent partout. Il n'y a pas de variation en fonction de la personne qui travaille ou de son niveau d'activit\u00e9.<\/p>\n\n<p><strong>Op\u00e9rations \u00e9volutives.<\/strong> G\u00e9rez deux fois le volume sans doubler les effectifs. Le travail de coordination n'est pas multipli\u00e9 par le volume.<\/p>\n\n<p><strong>Am\u00e9lioration de la conformit\u00e9 et des pistes d'audit.<\/strong> Chaque processus est document\u00e9 automatiquement. Piste d'audit compl\u00e8te pour chaque transaction. La conformit\u00e9 par la conception, pas par la v\u00e9rification.<\/p>\n\n<p><strong>Visibilit\u00e9 des op\u00e9rations.<\/strong> Tableau de bord en temps r\u00e9el de ce qui se passe. Voir les goulets d'\u00e9tranglement se former avant qu'ils ne deviennent des crises.<\/p>\n\n<p><strong>Des taux d'erreur plus faibles.<\/strong> La v\u00e9rification automatis\u00e9e permet de d\u00e9tecter les erreurs \u00e0 un stade pr\u00e9coce. Les exceptions sont signal\u00e9es avant qu'elles ne causent des probl\u00e8mes.<\/p>\n\n\n<h4 class=\"wp-block-heading\">Pour les chefs d'exploitation<\/h4>\n\n\n<p><strong>Arr\u00eatez de courir apr\u00e8s les mises \u00e0 jour de statut.<\/strong> Le syst\u00e8me suit tout. Vous voyez ce qui a besoin d'attention sans avoir \u00e0 demander \u00e0 qui que ce soit.<\/p>\n\n<p><strong>Se concentrer sur les exceptions et non sur la routine.<\/strong> L'IA g\u00e8re le flux de travail standard. Vous vous occupez des cas inhabituels qui n\u00e9cessitent un jugement.<\/p>\n\n<p><strong>Sachez o\u00f9 les choses sont bloqu\u00e9es.<\/strong> Vous n'attendez pas que les membres de l'\u00e9quipe fassent remonter les informations. Vous le voyez en temps r\u00e9el.<\/p>\n\n<p><strong>Donn\u00e9es \u00e0 am\u00e9liorer.<\/strong> Savoir quels sont les processus qui fonctionnent bien et ceux qui doivent \u00eatre corrig\u00e9s. Des temps de cycle r\u00e9els, et non des estimations.<\/p>\n\n<p><strong>R\u00e9partition \u00e9quitable de la charge de travail.<\/strong> D\u00e9terminer qui est surcharg\u00e9 et qui a des capacit\u00e9s. \u00c9quilibrer le travail en fonction de la r\u00e9alit\u00e9.<\/p>\n\n\n<h4 class=\"wp-block-heading\">Pour les \u00e9quipes qui font le travail<\/h4>\n\n\n<p><strong>Effacer la file d'attente des t\u00e2ches.<\/strong> Plus besoin de se demander \"sur quoi dois-je travailler ?\". Les priorit\u00e9s sont calcul\u00e9es automatiquement en fonction des d\u00e9lais et de l'importance.<\/p>\n\n<p><strong>Finie la course-poursuite.<\/strong> Le syst\u00e8me vous confie le travail. Il vous dit ce que vous devez savoir. Il remonte automatiquement les \u00e9chelons si vous \u00eates bloqu\u00e9.<\/p>\n\n<p><strong>Moins de frais g\u00e9n\u00e9raux de coordination.<\/strong> Passez du temps \u00e0 travailler, pas \u00e0 vous coordonner sur le travail. Pas de r\u00e9unions pour suivre l'\u00e9tat d'avancement des travaux.<\/p>\n\n<p><strong>Approbation rapide.<\/strong> Les affaires courantes sont approuv\u00e9es automatiquement. Il n'est pas n\u00e9cessaire d'attendre des jours pour que quelqu'un approuve.<\/p>\n\n<p><strong>Moins d'exercices d'\u00e9vacuation.<\/strong> Les exceptions sont d\u00e9tect\u00e9es \u00e0 temps. Les probl\u00e8mes sont rep\u00e9r\u00e9s avant qu'ils n'explosent. Moins de panique, plus de planification.<\/p>\n\n\n<hr class=\"wp-block-separator has-alpha-channel-opacity\"\/>\n\n\n\n<h3 class=\"wp-block-heading\">Ce que l'IA ne peut pas faire<\/h3>\n\n\n<p>L'IA automatise le travail bas\u00e9 sur des r\u00e8gles. Elle ne remplace pas le jugement. Voici ce qui n\u00e9cessite encore l'intervention de l'homme :<\/p>\n\n<p><strong>G\u00e9rer des situations vraiment inhabituelles.<\/strong> L'IA suit les cas standard et signale les exceptions. Mais les cas limites vraiment bizarres ? Ceux-l\u00e0 doivent \u00eatre r\u00e9solus par l'homme.<\/p>\n\n<p><strong>N\u00e9gociation et gestion des relations.<\/strong> Le client est contrari\u00e9 par un retard ? Le fournisseur a besoin d'un traitement sp\u00e9cial ? C'est du travail humain.<\/p>\n\n<p><strong>Concevoir de meilleurs processus.<\/strong> L'IA permet d'\u00e9valuer les performances des processus actuels. Les red\u00e9finir pour obtenir de meilleurs r\u00e9sultats ? C'est \u00e0 votre \u00e9quipe de le faire.<\/p>\n\n<p><strong>Faire preuve de discernement.<\/strong> Devrions-nous acc\u00e9l\u00e9rer le processus ? Faire une exception ? Accepter une perte pour pr\u00e9server une relation ? Les ordinateurs ne peuvent pas peser ces compromis.<\/p>\n\n<p><strong>Approbations complexes.<\/strong> Les approbations simples (sous $X, dans le cadre de la politique) peuvent \u00eatre automatis\u00e9es. Les approbations complexes (d\u00e9cisions strat\u00e9giques, exceptions significatives, impacts interfonctionnels) n\u00e9cessitent un examen humain.<\/p>\n\n<p>Pensez \u00e0 l'IA comme \u00e0 la couche de coordination. Votre \u00e9quipe s'occupe de la couche de r\u00e9flexion. Elle le fait simplement plus rapidement parce que le travail de fond est fait.<\/p>\n\n\n<hr class=\"wp-block-separator has-alpha-channel-opacity\"\/>\n\n\n\n<h3 class=\"wp-block-heading\">D\u00e9marrer avec l'automatisation des processus<\/h3>\n\n\n<p>Il ne faut pas tout automatiser en m\u00eame temps. Commencez par les processus les plus volumineux et les plus standardis\u00e9s :<\/p>\n\n<p><strong>De bons premiers candidats :<\/strong><\/p>\n<ul>\n<li>Acheminement et affectation des commandes<\/li>\n<li>Flux de travail d'approbation standard<\/li>\n<li>Accueil et triage des demandes<\/li>\n<li>V\u00e9rification de l'ach\u00e8vement des t\u00e2ches<\/li>\n<li>Notifications d'\u00e9tat et escalades<\/li>\n<\/ul>\n\n<p><strong>Les premiers candidats ne sont pas excellents :<\/strong><\/p>\n<ul>\n<li>Processus tr\u00e8s variables avec de nombreuses exceptions<\/li>\n<li>Des processus qui changent fr\u00e9quemment<\/li>\n<li>Domaines o\u00f9 le jugement humain est essentiel dans chaque cas<\/li>\n<li>Processus que personne n'a encore document\u00e9<\/li>\n<\/ul>\n\n<p>Commencez l\u00e0 o\u00f9 il y a un processus clair, un volume important et une douleur \u00e9vidente. Prouver la valeur. Puis \u00e9tendez votre action \u00e0 des cas plus complexes.<\/p>\n\n\n<hr class=\"wp-block-separator has-alpha-channel-opacity\"\/>\n\n\n\n<h3 class=\"wp-block-heading\">Le bilan<\/h3>\n\n\n<p>La coordination manuelle des processus n'est pas \u00e9volutive. Plus de volume signifie plus de frais g\u00e9n\u00e9raux de coordination. Votre \u00e9quipe s'enfonce dans le routage, le suivi et la traque au lieu de faire du vrai travail.<\/p>\n\n<p>L'IA assure la coordination. Elle achemine le travail correctement. Elle surveille la progression. Elle d\u00e9tecte les exceptions. Elle maintient la conformit\u00e9. Le tout de mani\u00e8re automatique.<\/p>\n\n<p>Votre \u00e9quipe travaille sur le travail lui-m\u00eame. Pas les r\u00e9unions sur le travail. Pas les courriels de suivi du travail. Pas de feuilles de calcul pour le suivi du travail.<\/p>\n\n<p>Il en r\u00e9sulte des op\u00e9rations fluides. Des cycles plus rapides. Moins d'erreurs. Une meilleure conformit\u00e9. Et des professionnels qui font ce qu'ils savent faire au lieu de courir apr\u00e8s les processus.<\/p>\n\n<p>C'est ce que l'automatisation des processus avec l'IA apporte r\u00e9ellement. Il ne s'agit pas d'op\u00e9rations \"sans lumi\u00e8re\". Simplement moins de frictions et plus de concentration sur ce qui compte.<\/p>\n\n\n<hr class=\"wp-block-separator has-alpha-channel-opacity\"\/>\n\n\n\n<h3 class=\"wp-block-heading\">Pr\u00eat \u00e0 automatiser vos flux de travail ?<\/h3>\n\n\n<p>Chaque entreprise a des processus diff\u00e9rents. Ce qui fonctionne dans votre entreprise d\u00e9pend de la mani\u00e8re dont vous op\u00e9rez aujourd'hui.<\/p>\n\n<p>Nous ne proposons pas d'outils g\u00e9n\u00e9riques de gestion des flux de travail. Nous examinons vos processus sp\u00e9cifiques. O\u00f9 se situent les frais g\u00e9n\u00e9raux de coordination ? O\u00f9 les choses sont-elles bloqu\u00e9es ? Qu'est-il r\u00e9aliste d'automatiser compte tenu de vos syst\u00e8mes ?<\/p>\n\n<p>Ensuite, nous construisons une automatisation qui s'adapte \u00e0 votre flux de travail. Nous ne vous obligeons pas \u00e0 modifier votre fa\u00e7on de travailler pour l'adapter au logiciel. Un logiciel qui fonctionne comme vous travaillez.<\/p>\n\n<p><a href=\"https:\/\/www.leaplytics.de\/fr\/contact\/\">Parlons de vos processus<\/a><\/p>\n\n<p><a href=\"https:\/\/www.leaplytics.de\/fr\/operations-ai\/\">Retour \u00e0 Op\u00e9rations AI<\/a><\/p>","protected":false},"excerpt":{"rendered":"<p>AI for Process Automation &#038; Workflow Operations runs on processes. Order to fulfillment. Request to resolution. Task to completion. Everything follows steps. When processes work smoothly, things flow. When they don&#8217;t, everything gets stuck. Tasks pile up. Handoffs fail. People waste time asking &#8220;where is this?&#8221; and &#8220;who has that?&#8221; Most process problems aren&#8217;t because &hellip; <\/p>","protected":false},"author":2,"featured_media":0,"parent":0,"menu_order":0,"comment_status":"closed","ping_status":"closed","template":"","meta":{"footnotes":""},"class_list":["post-14495","page","type-page","status-publish","hentry","latest_post"],"_links":{"self":[{"href":"https:\/\/www.leaplytics.de\/fr\/wp-json\/wp\/v2\/pages\/14495","targetHints":{"allow":["GET"]}}],"collection":[{"href":"https:\/\/www.leaplytics.de\/fr\/wp-json\/wp\/v2\/pages"}],"about":[{"href":"https:\/\/www.leaplytics.de\/fr\/wp-json\/wp\/v2\/types\/page"}],"author":[{"embeddable":true,"href":"https:\/\/www.leaplytics.de\/fr\/wp-json\/wp\/v2\/users\/2"}],"replies":[{"embeddable":true,"href":"https:\/\/www.leaplytics.de\/fr\/wp-json\/wp\/v2\/comments?post=14495"}],"version-history":[{"count":1,"href":"https:\/\/www.leaplytics.de\/fr\/wp-json\/wp\/v2\/pages\/14495\/revisions"}],"predecessor-version":[{"id":14501,"href":"https:\/\/www.leaplytics.de\/fr\/wp-json\/wp\/v2\/pages\/14495\/revisions\/14501"}],"wp:attachment":[{"href":"https:\/\/www.leaplytics.de\/fr\/wp-json\/wp\/v2\/media?parent=14495"}],"curies":[{"name":"wp","href":"https:\/\/api.w.org\/{rel}","templated":true}]}}