{"id":14510,"date":"2025-12-19T02:02:20","date_gmt":"2025-12-19T01:02:20","guid":{"rendered":"https:\/\/www.leaplytics.de\/?page_id=14510"},"modified":"2025-12-19T02:02:20","modified_gmt":"2025-12-19T01:02:20","slug":"gestion-des-contrats-ai","status":"publish","type":"page","link":"https:\/\/www.leaplytics.de\/fr\/gestion-des-contrats-ai\/","title":{"rendered":"Gestion des contrats AI"},"content":{"rendered":"<h2>L'IA pour la gestion des contrats : Ne jamais manquer un renouvellement, ne jamais perdre de vue les termes du contrat<\/h2>\n\n<p>Les contrats sont omnipr\u00e9sents dans les march\u00e9s publics. Accords avec les fournisseurs. Contrats de service. Engagements de volume. Accords de licence. Accords-cadres. Chacun d'entre eux comporte des termes importants.<\/p>\n<p>Prix. Volumes. Dates de renouvellement. Clauses de r\u00e9siliation. Accords de niveau de service. Conditions de p\u00e9nalit\u00e9. Les d\u00e9tails qui d\u00e9terminent si vous en avez pour votre argent ou si vous vous faites avoir.<\/p>\n<p>Mais la plupart des entreprises ne savent pas ce que contiennent leurs contrats. Non pas parce qu'elles s'en moquent. Mais parce qu'elles ont des centaines de contrats et que personne n'a le temps de lire et de suivre chacun d'entre eux.<\/p>\n<p>Les dates de renouvellement ne sont pas respect\u00e9es. Les renouvellements automatiques se font sans examen. Les conditions sont oubli\u00e9es. Les fournisseurs ne respectent pas leurs engagements et personne ne le remarque. Partout, de l'argent est laiss\u00e9 sur la table.<\/p>\n<p>L'IA change la donne. Elle lit les contrats. Elle extrait ce qui est important. Elle suit chaque date et chaque obligation. Elle veille \u00e0 ce que vous sachiez ce que vous avez convenu et \u00e0 ce que vous l'obteniez.<\/p>\n\n\n<hr class=\"wp-block-separator has-alpha-channel-opacity\"\/>\n\n\n\n<h3 class=\"wp-block-heading\">Pourquoi la gestion des contrats \u00e9choue-t-elle ?<\/h3>\n\n\n<p>Voici \u00e0 quoi ressemble la gestion des contrats dans la plupart des entreprises :<\/p>\n<p>Les contrats sont sign\u00e9s. Quelqu'un les classe. G\u00e9n\u00e9ralement dans un lecteur partag\u00e9, \u00e9ventuellement dans un syst\u00e8me de gestion des contrats si vous en avez un.<\/p>\n<p>Et apr\u00e8s ? Les gens oublient ce qu'ils contiennent. Le responsable des achats qui a n\u00e9goci\u00e9 l'accord change de poste. Le contrat reste en suspens.<\/p>\n<p>Un an plus tard, le contrat est renouvel\u00e9 automatiquement. Personne ne l'a revu. Personne n'a v\u00e9rifi\u00e9 si les conditions \u00e9taient toujours comp\u00e9titives. Personne n'a v\u00e9rifi\u00e9 que le fournisseur avait respect\u00e9 ses engagements. Vous \u00eates bloqu\u00e9 pour une ann\u00e9e suppl\u00e9mentaire.<\/p>\n<p>Ou, pire encore, vous ne respectez pas le d\u00e9lai de pr\u00e9avis de r\u00e9siliation. Vous vouliez changer de fournisseur, mais vous ne l'avez pas pr\u00e9venu 90 jours avant le renouvellement. Vous \u00eates donc bloqu\u00e9 pour une nouvelle p\u00e9riode contractuelle.<\/p>\n<p>Pendant ce temps, vous commandez aux fournisseurs sans savoir ce que vous avez n\u00e9goci\u00e9. S'agit-il du prix contractuel ? Recevons-nous les remises sur volume que nous avons n\u00e9goci\u00e9es ? Le fournisseur respecte-t-il ses engagements de livraison ?<\/p>\n<p>Personne ne le sait. Non pas parce qu'ils ne veulent pas le savoir, mais parce qu'il est impossible de suivre tout cela manuellement.<\/p>\n<p>Les \u00e9quipes charg\u00e9es des achats ne peuvent pas lire des centaines de contrats et se souvenir de chaque terme. Elles ne peuvent pas contr\u00f4ler les performances de chaque fournisseur par rapport \u00e0 chaque obligation. Elles ne peuvent pas suivre des dizaines de dates de renouvellement tout en faisant tout le reste.<\/p>\n<p>Les choses se g\u00e2tent. Les renouvellements ne sont pas effectu\u00e9s. Les conditions ne sont pas respect\u00e9es. L'argent est gaspill\u00e9.<\/p>\n\n\n<hr class=\"wp-block-separator has-alpha-channel-opacity\"\/>\n\n\n\n<h3 class=\"wp-block-heading\">Ce que l'IA apporte \u00e0 la gestion des contrats<\/h3>\n\n\n<p>L'IA ne se contente pas de stocker les contrats. Elle les lit. Les comprend. Les suit \u00e0 la trace. Voici comment.<\/p>\n\n\n<h4 class=\"wp-block-heading\">Extraction automatique des termes cl\u00e9s<\/h4>\n\n\n<p>Chargez un contrat dans l'IA. Elle lit l'int\u00e9gralit\u00e9 du document - chaque page, chaque clause, chaque terme.<\/p>\n<p>Il extrait ce qui est important :<\/p>\n<ul>\n<li><strong>Informations sur les prix :<\/strong> Prix unitaires. Remises sur volume. Clauses d'ajustement des prix. Conditions de prix minimales et maximales.<\/li>\n<li><strong>Engagements en volume :<\/strong> Obligations d'achat minimum. Seuils de rupture de volume. P\u00e9riodes d'engagement. P\u00e9nalit\u00e9s pour manque \u00e0 gagner.<\/li>\n<li><strong>Dates du contrat :<\/strong> Date de d\u00e9but. Date de fin. Date de renouvellement. D\u00e9lais de r\u00e9siliation. Conditions de renouvellement automatique.<\/li>\n<li><strong>Accords de niveau de service :<\/strong> D\u00e9lais de livraison. Normes de qualit\u00e9. Temps de r\u00e9ponse. Engagements en mati\u00e8re de disponibilit\u00e9. Mesures de performance.<\/li>\n<li><strong>Conditions de r\u00e9siliation :<\/strong> Exigences en mati\u00e8re de pr\u00e9avis. Clauses de r\u00e9siliation anticip\u00e9e. Conditions de rupture. Conditions et frais de sortie.<\/li>\n<li><strong>Conditions de paiement :<\/strong> Calendrier de paiement. Conditions nettes. Escomptes pour paiement anticip\u00e9. P\u00e9nalit\u00e9s de retard.<\/li>\n<li><strong>Exigences de conformit\u00e9 :<\/strong> Certifications. Assurances. Audits. Obligations de d\u00e9claration. Conformit\u00e9 r\u00e9glementaire.<\/li>\n<\/ul>\n<p>Il ne s'agit pas d'une recherche par mot-cl\u00e9. L'IA comprend le contexte. Elle sait qu'un d\u00e9lai de paiement \"net 30\" est diff\u00e9rent d'un \"pr\u00e9avis de r\u00e9siliation de 30 jours\". Elle fait la distinction entre les clauses d'indexation des prix et les paliers de remise en fonction du volume.<\/p>\n<p>Vous obtenez des donn\u00e9es structur\u00e9es \u00e0 partir de contrats non structur\u00e9s. Chaque terme cl\u00e9 est extrait, cat\u00e9goris\u00e9 et pr\u00eat \u00e0 l'emploi.<\/p>\n<p>Plus besoin de lire des contrats de 40 pages pour trouver la date de renouvellement. Plus besoin de chercher dans les documents pour se souvenir de la p\u00e9riode de pr\u00e9avis de r\u00e9siliation. Tout est extrait et organis\u00e9.<\/p>\n\n\n<h4 class=\"wp-block-heading\">Suivi des dates de renouvellement et respect des \u00e9ch\u00e9ances<\/h4>\n\n\n<p>L'\u00e9chec le plus co\u00fbteux en mati\u00e8re de gestion des contrats ? Les renouvellements manqu\u00e9s.<\/p>\n<p>Un renouvellement automatique a lieu sans examen. Une p\u00e9riode de pr\u00e9avis de r\u00e9siliation passe inaper\u00e7ue. Vous perdez la possibilit\u00e9 de ren\u00e9gocier, de changer de fournisseur ou d'adapter les conditions.<\/p>\n<p>L'IA assure le suivi de chaque date critique :<\/p>\n<ul>\n<li><strong>Dates de fin de contrat :<\/strong> Quelle est la date d'expiration de ce contrat ?<\/li>\n<li><strong>Dates de renouvellement automatique :<\/strong> Quand ce contrat sera-t-il renouvel\u00e9 automatiquement si nous n'agissons pas ?<\/li>\n<li><strong>D\u00e9lais de r\u00e9siliation :<\/strong> Dernier jour pour notifier la r\u00e9siliation ou la ren\u00e9gociation.<\/li>\n<li><strong>Dates butoirs :<\/strong> Points de contr\u00f4le de l'engagement de volume. Dates d'examen des performances. Dates d'ajustement des prix.<\/li>\n<li><strong>D\u00e9lais de mise en conformit\u00e9 :<\/strong> Lorsque les certifications doivent \u00eatre renouvel\u00e9es. Lorsque les documents requis expirent.<\/li>\n<\/ul>\n<p>Il ne se contente pas de suivre les dates. Il vous alerte avant qu'elles n'aient de l'importance.<\/p>\n<p>L'avis de r\u00e9siliation doit \u00eatre donn\u00e9 90 jours avant le renouvellement ? Vous recevez une alerte 120 jours avant. Vous avez le temps d'\u00e9valuer le fournisseur, d'envisager d'autres solutions et de prendre une d\u00e9cision.<\/p>\n<p>La clause d'ajustement des prix permet des augmentations annuelles ? Vous \u00eates alert\u00e9 avant que le fournisseur ne l'invoque. Il est temps de n\u00e9gocier ou de se pr\u00e9parer.<\/p>\n<p>La p\u00e9riode d'engagement sur les volumes se termine ? Vous recevez une pr\u00e9vision : \u00eates-vous en mesure de l'atteindre ? Si ce n'est pas le cas, il est temps d'ajuster les commandes ou de ren\u00e9gocier les conditions.<\/p>\n<p>Pas de feuilles de calcul \u00e0 g\u00e9rer. Pas d'entr\u00e9es manuelles dans le calendrier. Pas de d\u00e9lais manqu\u00e9s parce que quelqu'un a oubli\u00e9 de v\u00e9rifier.<\/p>\n\n\n<h4 class=\"wp-block-heading\">Comparaison des conditions contractuelles entre les fournisseurs<\/h4>\n\n\n<p>Vous avez cinq fournisseurs qui proposent des produits similaires. Obtenez-vous des conditions coh\u00e9rentes ? Ou bien un fournisseur a-t-il n\u00e9goci\u00e9 des conditions plus avantageuses qui devraient constituer votre r\u00e9f\u00e9rence ?<\/p>\n<p>L'IA compare les contrats :<\/p>\n<ul>\n<li><strong>Comparaison des prix :<\/strong> Quel fournisseur propose les meilleurs prix pour des produits comparables ? O\u00f9 se trouvent les prix aberrants ?<\/li>\n<li><strong>Conditions de paiement :<\/strong> Net 30 avec un fournisseur, net 60 avec un autre. Pourquoi cette diff\u00e9rence ? Pouvez-vous normaliser ?<\/li>\n<li><strong>Niveaux de service :<\/strong> Un fournisseur s'engage \u00e0 livrer en 48 heures, un autre en 5 jours. Payez-vous la m\u00eame chose ?<\/li>\n<li><strong>Remises sur volume :<\/strong> Diff\u00e9rents points de rupture et taux d'actualisation. Quelle est la structure la plus avantageuse ?<\/li>\n<li><strong>Flexibilit\u00e9 de r\u00e9siliation :<\/strong> Certains contrats pr\u00e9voient un pr\u00e9avis de 90 jours, d'autres de 180 jours. Certains pr\u00e9voient des frais de sortie, d'autres non.<\/li>\n<li><strong>R\u00e9partition des risques :<\/strong> Qui assume les risques li\u00e9s aux probl\u00e8mes de qualit\u00e9 ? Les d\u00e9fauts de livraison ? La volatilit\u00e9 des prix ?<\/li>\n<\/ul>\n<p>Vous observez des sch\u00e9mas. Un fournisseur obtient syst\u00e9matiquement de meilleures conditions. Pourquoi ? Soit parce que vous avez une relation plus forte avec lui, soit parce que votre \u00e9quipe a mieux n\u00e9goci\u00e9. Quoi qu'il en soit, ce fournisseur devient votre r\u00e9f\u00e9rence pour les autres fournisseurs.<\/p>\n<p>Vous rep\u00e9rez les probl\u00e8mes. Les conditions d'un fournisseur sont aberrantes : d\u00e9lais de paiement plus longs, engagements plus stricts, p\u00e9nalit\u00e9s plus \u00e9lev\u00e9es. Il est temps de ren\u00e9gocier ou d'envisager d'autres solutions.<\/p>\n<p>La n\u00e9gociation des contrats devient strat\u00e9gique. Vous connaissez les conditions standard de votre base de fournisseurs. Vous savez o\u00f9 vous pouvez exercer un effet de levier. Vous n\u00e9gociez en connaissance de cause.<\/p>\n\n\n<h4 class=\"wp-block-heading\">Contr\u00f4le du respect des conditions contractuelles<\/h4>\n\n\n<p>Les contrats n'ont d'importance que si les deux parties les respectent. Or, la plupart des entreprises ne v\u00e9rifient pas si les fournisseurs respectent leurs engagements.<\/p>\n<p>L'IA surveille l'ex\u00e9cution du contrat :<\/p>\n<ul>\n<li><strong>Conformit\u00e9 des prix :<\/strong> Le prix contractuel nous est-il factur\u00e9 ? Des r\u00e9ductions sont-elles appliqu\u00e9es ? Les augmentations de prix sont-elles conformes aux conditions convenues ?<\/li>\n<li><strong>Suivi des engagements en mati\u00e8re de volume :<\/strong> Respectons-nous les obligations d'achat minimum ? Avons-nous atteint des seuils de volume qui devraient nous permettre d'obtenir de meilleurs prix ?<\/li>\n<li><strong>Performance en mati\u00e8re de livraison :<\/strong> Le fournisseur respecte-t-il les d\u00e9lais de livraison pr\u00e9vus ? Combien de fois ne les respecte-t-il pas ? De combien ?<\/li>\n<li><strong>Normes de qualit\u00e9 :<\/strong> Taux de d\u00e9fectuosit\u00e9. Taux de retour. Mesures de la qualit\u00e9 par rapport aux normes contractuelles.<\/li>\n<li><strong>Respect du niveau de service :<\/strong> Temps de r\u00e9ponse. R\u00e9solution des probl\u00e8mes. Disponibilit\u00e9 de l'assistance. Tout ce qui a \u00e9t\u00e9 promis dans l'accord de niveau de service.<\/li>\n<li><strong>Conformit\u00e9 de la documentation :<\/strong> Les certifications requises sont-elles \u00e0 jour ? La couverture d'assurance est-elle maintenue ? Les audits sont-ils termin\u00e9s ?<\/li>\n<\/ul>\n<p>L'IA relie les termes du contrat aux donn\u00e9es op\u00e9rationnelles. Elle ne se contente pas de savoir ce qui a \u00e9t\u00e9 promis, elle v\u00e9rifie si ce qui a \u00e9t\u00e9 promis a \u00e9t\u00e9 respect\u00e9.<\/p>\n<p>Un fournisseur s'engage \u00e0 livrer \u00e0 temps 95% mais ne le fait que 80% ? L'IA le signale par des donn\u00e9es. Il est temps de discuter des performances des fournisseurs en s'appuyant sur des faits.<\/p>\n<p>On vous facture plus que le prix du contrat ? L'IA le d\u00e9tecte avant que vous ne payiez la facture, et non des mois plus tard lors d'un audit.<\/p>\n<p>Il ne s'agit pas de s'opposer aux fournisseurs. C'est une question de responsabilit\u00e9. Les deux parties ont accept\u00e9 des conditions. L'IA veille \u00e0 ce que les deux parties les respectent.<\/p>\n\n\n<h4 class=\"wp-block-heading\">Sugg\u00e8re des points de n\u00e9gociation pour les renouvellements<\/h4>\n\n\n<p>Le renouvellement du contrat approche. Il est temps de n\u00e9gocier. Mais que faut-il n\u00e9gocier ?<\/p>\n<p>L'IA fournit un dossier de n\u00e9gociation :<\/p>\n<ul>\n<li><strong>Analyse des performances :<\/strong> Quelles ont \u00e9t\u00e9 les performances du fournisseur ? Dans quels domaines a-t-il respect\u00e9 ses engagements ? O\u00f9 n'a-t-il pas \u00e9t\u00e9 \u00e0 la hauteur ?<\/li>\n<li><strong>R\u00e9f\u00e9rence en mati\u00e8re de prix :<\/strong> Comment les prix de ce fournisseur se comparent-ils \u00e0 ceux des autres ? Aux prix du march\u00e9 ? Les prix ont-ils augment\u00e9 au cours de la p\u00e9riode contractuelle ?<\/li>\n<li><strong>Analyse des volumes :<\/strong> Avons-nous respect\u00e9 nos engagements en mati\u00e8re de volume ? Si nous les avons d\u00e9pass\u00e9s, devrions-nous n\u00e9gocier de meilleurs tarifs ? Si nous n'avons pas atteint nos objectifs, devons-nous ajuster nos engagements ?<\/li>\n<li><strong>Comparaison des termes :<\/strong> Comment les conditions de ce fournisseur se comparent-elles \u00e0 celles de vos autres fournisseurs ? Quelles sont les possibilit\u00e9s d'am\u00e9lioration ?<\/li>\n<li><strong>Intelligence \u00e9conomique :<\/strong> Que se passe-t-il sur le march\u00e9 ? Les conditions d'approvisionnement changent-elles ? De nouveaux fournisseurs sont-ils disponibles ?<\/li>\n<li><strong>\u00c9valuation de l'effet de levier :<\/strong> O\u00f9 avez-vous un pouvoir de n\u00e9gociation ? Concentration des volumes ? Des fournisseurs alternatifs ? Des performances solides ?<\/li>\n<\/ul>\n<p>Vous abordez les n\u00e9gociations de renouvellement avec des donn\u00e9es. Vous ne vous contentez pas de demander de \"meilleures conditions\". En demandant des am\u00e9liorations sp\u00e9cifiques \u00e9tay\u00e9es par des donn\u00e9es sur les performances et le contexte du march\u00e9.<\/p>\n<p>\"Votre taux de livraison \u00e0 temps \u00e9tait de 82%, en dessous des 95% que nous avons contract\u00e9s. Nous avons besoin soit d'une am\u00e9lioration de la performance, soit d'un ajustement du prix pour refl\u00e9ter le co\u00fbt suppl\u00e9mentaire que cela nous occasionne.\"<\/p>\n<p>\"Nous avons d\u00e9pass\u00e9 notre engagement de volume de 30%. Nous devrions discuter d'une am\u00e9lioration de la tarification pour ce volume accru\".<\/p>\n<p>\"Les fournisseurs comparables proposent des conditions net 45. Nous aimerions passer de net 30 \u00e0 net 30 pour nous aligner sur les normes du march\u00e9.\"<\/p>\n<p>Sp\u00e9cifique. Appuy\u00e9es sur des donn\u00e9es. Raisonnable. Le genre de n\u00e9gociation qui donne des r\u00e9sultats.<\/p>\n\n\n<hr class=\"wp-block-separator has-alpha-channel-opacity\"\/>\n\n\n\n<h3 class=\"wp-block-heading\">Ce que cela signifie pour vous<\/h3>\n\n\n\n<h4 class=\"wp-block-heading\">Pour les CPO et les responsables des achats<\/h4>\n\n\n<p>Vous b\u00e9n\u00e9ficiez d'une visibilit\u00e9 et d'un contr\u00f4le complets sur votre portefeuille de contrats.<\/p>\n<ul>\n<li><strong>Pas de renouvellement manqu\u00e9 :<\/strong> Suivi de toutes les dates critiques. Des alertes avant que les d\u00e9lais ne soient d\u00e9pass\u00e9s. Le temps de prendre des d\u00e9cisions strat\u00e9giques.<\/li>\n<li><strong>Meilleure position de n\u00e9gociation :<\/strong> Donn\u00e9es sur les performances. Indices de r\u00e9f\u00e9rence du march\u00e9. Comparaisons de dur\u00e9e. Preuves pour les n\u00e9gociations.<\/li>\n<li><strong>Visibilit\u00e9 sur les obligations contractuelles :<\/strong> Sachez ce \u00e0 quoi vous vous \u00eates engag\u00e9. V\u00e9rifier si les engagements sont respect\u00e9s.<\/li>\n<li><strong>Termes normalis\u00e9s :<\/strong> Voir o\u00f9 les conditions varient d'un fournisseur \u00e0 l'autre. Favorisez la coh\u00e9rence l\u00e0 o\u00f9 cela s'av\u00e8re judicieux.<\/li>\n<li><strong>Gestion des risques :<\/strong> Sachez o\u00f9 vous avez des conditions d\u00e9favorables. Identifier les contrats qui n\u00e9cessitent une attention particuli\u00e8re.<\/li>\n<\/ul>\n\n\n<h4 class=\"wp-block-heading\">Pour les responsables des achats et les acheteurs<\/h4>\n\n\n<p>Vous g\u00e9rez des contrats au lieu de rechercher des informations.<\/p>\n<ul>\n<li><strong>Sachez ce que contiennent vos contrats :<\/strong> Sans avoir \u00e0 relire chaque page. Termes cl\u00e9s extraits et disponibles.<\/li>\n<li><strong>Pr\u00e9parer les renouvellements \u00e0 l'aide de donn\u00e9es :<\/strong> Analyse des performances. Contexte du march\u00e9. Points de n\u00e9gociation pr\u00eats.<\/li>\n<li><strong>Suivre les performances des fournisseurs :<\/strong> Par rapport aux engagements contractuels. Preuves pour les discussions avec les fournisseurs.<\/li>\n<li><strong>Veiller au respect des prix :<\/strong> Valider les frais par rapport aux conditions contractuelles. D\u00e9tecter les surfacturations avant le paiement.<\/li>\n<li><strong>Se concentrer sur les contrats strat\u00e9giques :<\/strong> Les contrats courants font l'objet d'un suivi automatique. Vous vous concentrez sur les contrats complexes et de grande valeur.<\/li>\n<\/ul>\n\n\n<h4 class=\"wp-block-heading\">Pour l'entreprise<\/h4>\n\n\n<p>Une meilleure gestion des contrats signifie de meilleures conditions et moins de probl\u00e8mes.<\/p>\n<ul>\n<li><strong>De meilleures conditions contractuelles :<\/strong> Les n\u00e9gociations de renouvellement fond\u00e9es sur des donn\u00e9es donnent de meilleurs r\u00e9sultats que les renouvellements r\u00e9actifs.<\/li>\n<li><strong>Les fournisseurs sont tenus pour responsables :<\/strong> Le suivi des performances permet de s'assurer que les fournisseurs tiennent leurs promesses.<\/li>\n<li><strong>L'argent n'est pas laiss\u00e9 sur la table :<\/strong> V\u00e9rification de la conformit\u00e9 des prix. R\u00e9alisation de remises sur le volume. Utilisation strat\u00e9gique des fen\u00eatres de r\u00e9siliation.<\/li>\n<li><strong>R\u00e9duction des risques :<\/strong> Suivi des obligations contractuelles. Contr\u00f4le de la conformit\u00e9. D\u00e9tection pr\u00e9coce des probl\u00e8mes.<\/li>\n<li><strong>Flexibilit\u00e9 strat\u00e9gique :<\/strong> Conna\u00eetre la date d'expiration des contrats. Planifier les changements de fournisseurs. \u00c9viter les renouvellements automatiques non d\u00e9sir\u00e9s.<\/li>\n<\/ul>\n\n\n<hr class=\"wp-block-separator has-alpha-channel-opacity\"\/>\n\n\n\n<h3 class=\"wp-block-heading\">Ce que l'IA ne fera pas<\/h3>\n\n\n<p>Soyons clairs sur les limites.<\/p>\n<p>L'IA ne n\u00e9gocie pas les contrats. Ce sont les humains qui n\u00e9gocient. L'IA fournit des donn\u00e9es et des analyses pour \u00e9clairer les n\u00e9gociations.<\/p>\n<p>L'IA n'interpr\u00e8te pas les clauses contractuelles ambigu\u00ebs sur lesquelles m\u00eame les juristes ne sont pas d'accord. L'interpr\u00e9tation juridique complexe n\u00e9cessite toujours l'expertise humaine.<\/p>\n<p>L'IA ne prend pas de d\u00e9cisions strat\u00e9giques concernant le renouvellement des contrats. La d\u00e9cision de renouveler, de ren\u00e9gocier ou de changer de fournisseur d\u00e9pend de la strat\u00e9gie de l'entreprise, de ses relations et de facteurs autres que les termes du contrat.<\/p>\n<p>L'IA permet de rendre les informations contractuelles accessibles. Elle assure le suivi des dates et des obligations. Elle contr\u00f4le la conformit\u00e9. Elle fournit des donn\u00e9es pour la prise de d\u00e9cision.<\/p>\n<p>Votre \u00e9quipe charg\u00e9e des achats prend toujours des d\u00e9cisions strat\u00e9giques. Elle les prend simplement avec de meilleures informations et plus de temps parce qu'elle n'est pas noy\u00e9e dans l'administration des contrats.<\/p>\n\n\n<hr class=\"wp-block-separator has-alpha-channel-opacity\"\/>\n\n\n\n<h3 class=\"wp-block-heading\">Des r\u00e9sultats concrets gr\u00e2ce \u00e0 l'IA pour la gestion des contrats<\/h3>\n\n\n<p>Voici ce que cela donne en pratique :<\/p>\n\n<p><strong>Aucun renouvellement manqu\u00e9 :<\/strong> Chaque renouvellement fait l'objet d'un suivi. Des alertes sont envoy\u00e9es pour vous permettre d'agir strat\u00e9giquement. Fini les renouvellements automatiques non d\u00e9sir\u00e9s.<\/p>\n\n<p><strong>Meilleures conditions de renouvellement :<\/strong> Les n\u00e9gociations fond\u00e9es sur des donn\u00e9es permettent d'obtenir en moyenne de meilleurs prix. Les discussions bas\u00e9es sur la performance renforcent les conditions.<\/p>\n\n<p><strong>\u00c9conomies li\u00e9es \u00e0 la conformit\u00e9 des prix :<\/strong> La d\u00e9tection des surfacturations et des r\u00e9ductions manquantes permet g\u00e9n\u00e9ralement d'\u00e9conomiser 2 \u00e0 5% de d\u00e9penses contractuelles.<\/p>\n\n<p><strong>Acc\u00e8s plus rapide aux contrats :<\/strong> La recherche de termes cl\u00e9s ne prend que quelques secondes, au lieu de passer des heures \u00e0 lire des documents. Les r\u00e9ponses aux questions sont imm\u00e9diates.<\/p>\n\n<p><strong>Responsabilit\u00e9 des fournisseurs :<\/strong> Le suivi des performances permet d'\u00e9tayer les discussions. Les fournisseurs prennent leurs engagements plus au s\u00e9rieux lorsqu'ils font l'objet d'un suivi.<\/p>\n\n<p>Il ne s'agit pas d'un changement r\u00e9volutionnaire. Il s'agit de g\u00e9rer correctement les contrats sans avoir besoin d'une arm\u00e9e de personnes pour le faire.<\/p>\n\n\n<hr class=\"wp-block-separator has-alpha-channel-opacity\"\/>\n\n\n\n<h3 class=\"wp-block-heading\">Pr\u00eat \u00e0 prendre le contr\u00f4le de vos contrats ?<\/h3>\n\n\n<p>Le portefeuille de contrats de chaque entreprise est diff\u00e9rent. Diff\u00e9rents fournisseurs. Des structures contractuelles diff\u00e9rentes. Diff\u00e9rents termes qui comptent pour votre entreprise.<\/p>\n<p>Nous ne vendons pas de syst\u00e8mes g\u00e9n\u00e9riques de gestion des contrats. Nous examinons vos contrats sp\u00e9cifiques et identifions ce qui doit \u00eatre suivi. Nous construisons des syst\u00e8mes qui extraient les termes qui vous importent. Nous cr\u00e9ons des alertes et des rapports qui correspondent au mode de fonctionnement de votre \u00e9quipe d'approvisionnement.<\/p>\n<p>Nous ne promettons pas que l'IA comprendra toutes les nuances juridiques. Il s'agit simplement d'outils pratiques qui rendent vos contrats plus faciles \u00e0 g\u00e9rer et vous permettent de ne pas passer \u00e0 c\u00f4t\u00e9 de ce qui est important.<\/p>\n\n<p><a href=\"https:\/\/www.leaplytics.de\/fr\/contact\/\">Parlons de votre gestion des contrats<\/a><\/p>\n\n<p><a href=\"https:\/\/www.leaplytics.de\/fr\/sourcing-procurement-ai\/\">Retour \u00e0 Sourcing &amp; Procurement AI<\/a><\/p>","protected":false},"excerpt":{"rendered":"<p>AI for Contract Management: Never Miss a Renewal, Never Lose Track of Terms Contracts are everywhere in procurement. Supplier agreements. Service contracts. Volume commitments. Licensing deals. Framework agreements. Each one has terms that matter. Prices. Volumes. Renewal dates. Termination clauses. Service level agreements. Penalty terms. The details that determine whether you&#8217;re getting value or getting &hellip; <\/p>","protected":false},"author":2,"featured_media":0,"parent":0,"menu_order":0,"comment_status":"closed","ping_status":"closed","template":"","meta":{"footnotes":""},"class_list":["post-14510","page","type-page","status-publish","hentry","latest_post"],"_links":{"self":[{"href":"https:\/\/www.leaplytics.de\/fr\/wp-json\/wp\/v2\/pages\/14510","targetHints":{"allow":["GET"]}}],"collection":[{"href":"https:\/\/www.leaplytics.de\/fr\/wp-json\/wp\/v2\/pages"}],"about":[{"href":"https:\/\/www.leaplytics.de\/fr\/wp-json\/wp\/v2\/types\/page"}],"author":[{"embeddable":true,"href":"https:\/\/www.leaplytics.de\/fr\/wp-json\/wp\/v2\/users\/2"}],"replies":[{"embeddable":true,"href":"https:\/\/www.leaplytics.de\/fr\/wp-json\/wp\/v2\/comments?post=14510"}],"version-history":[{"count":1,"href":"https:\/\/www.leaplytics.de\/fr\/wp-json\/wp\/v2\/pages\/14510\/revisions"}],"predecessor-version":[{"id":14516,"href":"https:\/\/www.leaplytics.de\/fr\/wp-json\/wp\/v2\/pages\/14510\/revisions\/14516"}],"wp:attachment":[{"href":"https:\/\/www.leaplytics.de\/fr\/wp-json\/wp\/v2\/media?parent=14510"}],"curies":[{"name":"wp","href":"https:\/\/api.w.org\/{rel}","templated":true}]}}