{"id":14511,"date":"2025-12-19T02:02:31","date_gmt":"2025-12-19T01:02:31","guid":{"rendered":"https:\/\/www.leaplytics.de\/?page_id=14511"},"modified":"2025-12-19T02:02:32","modified_gmt":"2025-12-19T01:02:32","slug":"demande-dachat-commande-ai","status":"publish","type":"page","link":"https:\/\/www.leaplytics.de\/fr\/demande-dachat-commande-ai\/","title":{"rendered":"Demande d'achat et commande AI"},"content":{"rendered":"<h2>L'IA pour les demandes d'achat et les commandes : Acc\u00e9l\u00e9rer le processus d'achat<\/h2>\n\n<p>Les demandes d'achat et les commandes devraient \u00eatre simples. Quelqu'un a besoin de quelque chose. Il en fait la demande. La demande est approuv\u00e9e. La commande est envoy\u00e9e. C'est fait.<\/p>\n<p>Mais ce n'est pas simple. Les demandes restent dans les bo\u00eetes de r\u00e9ception en attendant d'\u00eatre approuv\u00e9es. Les acheteurs traitent manuellement les commandes de routine. Les gens ne savent pas \u00e0 quel fournisseur s'adresser. Les commandes sont pass\u00e9es \u00e0 des fournisseurs non contractuels parce que le processus d'approbation est trop lent.<\/p>\n<p>Le r\u00e9sultat ? Des \u00e9quipes d'approvisionnement noy\u00e9es dans le travail transactionnel. Des d\u00e9penses inconsid\u00e9r\u00e9es parce que les gens contournent le syst\u00e8me. Des fuites de contrats parce que les commandes ne respectent pas les conditions n\u00e9goci\u00e9es.<\/p>\n<p>L'IA r\u00e9sout ce probl\u00e8me. Elle traite automatiquement les demandes standard. Elle achemine les approbations de mani\u00e8re intelligente. S'assure que les commandes respectent les termes du contrat. rend le processus si rapide que les gens l'utilisent r\u00e9ellement.<\/p>\n\n\n<hr class=\"wp-block-separator has-alpha-channel-opacity\"\/>\n\n\n\n<h3 class=\"wp-block-heading\">Pourquoi les processus d'achat-paiement sont-ils lents ?<\/h3>\n\n\n<p>Dans la plupart des entreprises, les processus de demande d'achat sont d\u00e9faillants. Ce n'est pas parce que les \u00e9quipes charg\u00e9es des achats sont mauvaises dans leur travail. C'est parce que le processus n\u00e9cessite trop de travail manuel.<\/p>\n<p>Quelqu'un soumet une demande d'achat. Un acheteur doit l'examiner. V\u00e9rifier qu'elle est conforme \u00e0 la politique. D\u00e9terminer qui doit l'approuver. L'acheminer vers l'approbateur appropri\u00e9. Attendre l'approbation. Cr\u00e9er ensuite manuellement un bon de commande. S\u00e9lectionnez un fournisseur. Saisir \u00e0 nouveau tous les d\u00e9tails.<\/p>\n<p>Pour des commandes standard et de routine. \u00c0 chaque fois.<\/p>\n<p>Les acheteurs passent des heures \u00e0 traiter des demandes qui suivent les m\u00eames sch\u00e9mas. Fournitures de bureau. Composants standard. Services r\u00e9currents. Les commandes qui ne n\u00e9cessitent pas d'expertise humaine mais qui en b\u00e9n\u00e9ficient quand m\u00eame parce que le processus n\u00e9cessite une manipulation manuelle.<\/p>\n<p>Lorsque le processus est lent, les gens le contournent. Ils ach\u00e8tent directement aux fournisseurs. Ils utilisent des cartes de cr\u00e9dit personnelles. Ils sautent les approbations. Les d\u00e9penses irr\u00e9guli\u00e8res ne sont pas malveillantes - ce sont des gens qui essaient de faire leur travail.<\/p>\n<p>Et les achats perdent le contr\u00f4le. Les fournisseurs sous contrat n'obtiennent pas le volume promis. Les conditions n\u00e9goci\u00e9es ne sont pas utilis\u00e9es. La visibilit\u00e9 des d\u00e9penses dispara\u00eet.<\/p>\n\n\n<hr class=\"wp-block-separator has-alpha-channel-opacity\"\/>\n\n\n\n<h3 class=\"wp-block-heading\">Ce que l'IA fait pour les demandes d'achat et les commandes<\/h3>\n\n\n<p>L'IA ne se contente pas d'acc\u00e9l\u00e9rer le processus de demande. Elle le rend intelligent. Voici comment.<\/p>\n\n\n<h4 class=\"wp-block-heading\">Traitement automatique des demandes<\/h4>\n\n\n<p>L'IA re\u00e7oit une demande. Elle analyse ce qui est demand\u00e9.<\/p>\n<p>S'agit-il d'un article standard ? L'IA le reconna\u00eet dans les commandes ant\u00e9rieures. Elle valide la demande par rapport \u00e0 la politique. Elle v\u00e9rifie la disponibilit\u00e9 du budget. confirme que les informations requises sont compl\u00e8tes.<\/p>\n<p>Si tout est conforme, l'IA l'achemine automatiquement pour approbation. Aucune intervention de l'acheteur n'est n\u00e9cessaire pour les demandes courantes.<\/p>\n<p>Si quelque chose ne va pas, l'IA signale les probl\u00e8mes sp\u00e9cifiques :<\/p>\n<ul>\n<li>Centre de co\u00fbts ou code GL manquant<\/li>\n<li>D\u00e9passement du seuil budg\u00e9taire n\u00e9cessitant une approbation sp\u00e9ciale<\/li>\n<li>L'article ne correspond pas aux cat\u00e9gories approuv\u00e9es<\/li>\n<li>Documentation requise non jointe<\/li>\n<li>Sp\u00e9cifications impr\u00e9cises n\u00e9cessitant une clarification<\/li>\n<\/ul>\n<p>Le demandeur re\u00e7oit imm\u00e9diatement un retour d'information clair. Il ne s'agit pas d'un refus g\u00e9n\u00e9rique. Des probl\u00e8mes sp\u00e9cifiques \u00e0 r\u00e9soudre.<\/p>\n<p>Les demandes standard sont trait\u00e9es par le syst\u00e8me en quelques minutes. Les demandes complexes sont achemin\u00e9es vers les acheteurs avec le contexte de ce qui doit \u00eatre examin\u00e9.<\/p>\n\n\n<h4 class=\"wp-block-heading\">Acheminer les approbations de mani\u00e8re intelligente<\/h4>\n\n\n<p>Les flux de travail d'approbation sont complexes. Diff\u00e9rents approbateurs pour diff\u00e9rents montants. Diff\u00e9rents chemins pour diff\u00e9rentes cat\u00e9gories. Diff\u00e9rentes r\u00e8gles pour diff\u00e9rents d\u00e9partements.<\/p>\n<p>Les gens s'y perdent. Les demandes sont envoy\u00e9es au mauvais approbateur. Elles sont renvoy\u00e9es. Elles sont retard\u00e9es jusqu'\u00e0 ce que l'on sache qui doit les approuver.<\/p>\n<p>L'IA conna\u00eet les r\u00e8gles d'approbation :<\/p>\n<ul>\n<li><strong>Routage bas\u00e9 sur la quantit\u00e9 :<\/strong> Les montants inf\u00e9rieurs \u00e0 $1.000 sont soumis \u00e0 un seul approbateur. Les montants sup\u00e9rieurs \u00e0 $10 000 doivent faire l'objet d'une approbation suppl\u00e9mentaire.<\/li>\n<li><strong>Routage par cat\u00e9gorie :<\/strong> Les achats informatiques doivent \u00eatre approuv\u00e9s par le service informatique. Les biens d'\u00e9quipement doivent faire l'objet d'un examen financier.<\/li>\n<li><strong>R\u00e8gles du d\u00e9partement :<\/strong> Les niveaux de d\u00e9l\u00e9gation et les cha\u00eenes d'approbation varient d'un d\u00e9partement \u00e0 l'autre.<\/li>\n<li><strong>Exceptions \u00e0 la politique :<\/strong> Articles hors catalogue. Fournisseurs non contractuels. Exigences particuli\u00e8res en mati\u00e8re d'approbation.<\/li>\n<li><strong>Logique de substitution :<\/strong> L'approbateur principal n'est pas disponible ? Acheminer automatiquement vers le suppl\u00e9ant d\u00e9sign\u00e9.<\/li>\n<\/ul>\n<p>Chaque demande est transmise \u00e0 l'approbateur appropri\u00e9 d\u00e8s la premi\u00e8re fois. Pas de confusion. Pas d'attente pendant que les gens v\u00e9rifient qui doit approuver quoi.<\/p>\n<p>Et les approbateurs ? Ils obtiennent le contexte de chaque demande. Ce qui est command\u00e9. Pourquoi. L'\u00e9tat du budget. Conformit\u00e9 du contrat. S'il s'agit d'une demande de routine ou d'une demande n\u00e9cessitant un examen approfondi. Ils peuvent approuver rapidement le cas \u00e9ch\u00e9ant.<\/p>\n\n\n<h4 class=\"wp-block-heading\">Proposer des fournisseurs pr\u00e9f\u00e9r\u00e9s<\/h4>\n\n\n<p>Une personne demande des fournitures de bureau. \u00c0 quel fournisseur devez-vous faire appel ?<\/p>\n<p>Votre entreprise a pass\u00e9 trois contrats avec des fournisseurs de fournitures de bureau. Chacun d'entre eux pratique des prix diff\u00e9rents pour des articles diff\u00e9rents. Des d\u00e9lais de livraison diff\u00e9rents. des commandes minimales diff\u00e9rentes.<\/p>\n<p>Les acheteurs le savent. Ils ont n\u00e9goci\u00e9 les contrats. Mais les demandeurs ne le savent pas. Et les acheteurs ne veulent pas chercher manuellement quel fournisseur est le meilleur pour chaque commande.<\/p>\n<p>L'IA recommande automatiquement des fournisseurs :<\/p>\n<ul>\n<li><strong>Meilleur prix :<\/strong> Comparer les prix contractuels entre les fournisseurs pour les articles demand\u00e9s.<\/li>\n<li><strong>Vitesse de livraison :<\/strong> Tient compte de l'urgence et des d\u00e9lais de livraison des fournisseurs.<\/li>\n<li><strong>Opportunit\u00e9 de consolidation :<\/strong> S'il y a d'autres commandes en cours, il est sugg\u00e9r\u00e9 de les combiner pour satisfaire aux exigences minimales de la commande.<\/li>\n<li><strong>Respect des contrats :<\/strong> Il donne la priorit\u00e9 aux fournisseurs pour lesquels vous devez respecter des engagements en termes de volume.<\/li>\n<li><strong>Performances pass\u00e9es :<\/strong> Tient compte de la fiabilit\u00e9 des livraisons et de l'historique de la qualit\u00e9.<\/li>\n<\/ul>\n<p>Le bon de commande est adress\u00e9 au fournisseur qui vous offre le meilleur rapport qualit\u00e9-prix. Pas au hasard. Pas \u00e0 la personne que le demandeur connaissait par hasard. Au fournisseur sous contrat qui offre les meilleures conditions pour cette commande sp\u00e9cifique.<\/p>\n<p>Le respect des contrats augmente. Les conditions que vous avez n\u00e9goci\u00e9es sont r\u00e9ellement utilis\u00e9es. Les fournisseurs respectent leurs engagements en mati\u00e8re de volume, car les commandes sont achemin\u00e9es comme il se doit.<\/p>\n\n\n<h4 class=\"wp-block-heading\">Validation des commandes par rapport aux contrats<\/h4>\n\n\n<p>Vous avez n\u00e9goci\u00e9 des contrats pour une raison pr\u00e9cise. Meilleur prix. Conditions convenues. Des remises sur le volume. Mais si les commandes ne correspondent pas aux termes du contrat, vous perdez les avantages.<\/p>\n<p>L'IA valide chaque commande par rapport aux termes du contrat :<\/p>\n<ul>\n<li><strong>Validation du prix :<\/strong> S'agit-il du prix contractuel ? Si ce n'est pas le cas, signalez-le et expliquez l'\u00e9cart.<\/li>\n<li><strong>Respect des d\u00e9lais :<\/strong> Les quantit\u00e9s command\u00e9es sont-elles conformes aux quantit\u00e9s minimales\/maximales convenues ?<\/li>\n<li><strong>V\u00e9rification des remises :<\/strong> Les remises contractuelles sont-elles appliqu\u00e9es ? Les ruptures de volume sont-elles calcul\u00e9es correctement ?<\/li>\n<li><strong>Produit assorti :<\/strong> S'agit-il d'un article faisant l'objet d'un contrat ou d'un produit de substitution similaire \u00e0 un prix diff\u00e9rent ?<\/li>\n<li><strong>Conditions de paiement :<\/strong> Utilisons-nous les conditions de paiement n\u00e9goci\u00e9es ou des conditions diff\u00e9rentes ?<\/li>\n<\/ul>\n<p>Si une commande ne correspond pas au contrat, l'IA le signale avant que le bon de commande ne soit envoy\u00e9.<\/p>\n<p>Le prix est peut-\u00eatre plus \u00e9lev\u00e9 que pr\u00e9vu. Le fournisseur a peut-\u00eatre \"accidentellement\" supprim\u00e9 une remise. Il se peut que quelqu'un commande un article non contractuel alors qu'il existe une alternative contractuelle.<\/p>\n<p>Vous l'identifiez avant de le payer. Pas lors du rapprochement des factures, lorsqu'il est trop tard.<\/p>\n<p>Il ne s'agit pas de se m\u00e9fier des fournisseurs. Il s'agit de s'assurer que les conditions que vous avez n\u00e9goci\u00e9es sont effectivement appliqu\u00e9es \u00e0 chaque commande.<\/p>\n\n\n<h4 class=\"wp-block-heading\">Suivi proactif de l'\u00e9tat des commandes<\/h4>\n\n\n<p>Les commandes sont envoy\u00e9es. C'est alors que les questions commencent. \"O\u00f9 est ma commande ?\" \"Quand arrivera-t-elle ?\" \"Le fournisseur l'a-t-il confirm\u00e9e ?\"<\/p>\n<p>Les acheteurs posent constamment ces questions. Ils v\u00e9rifient les syst\u00e8mes. Ils appellent les fournisseurs. Ils envoient des courriels. La mise \u00e0 jour du statut est un travail \u00e0 plein temps.<\/p>\n<p>L'IA surveille automatiquement l'\u00e9tat des commandes :<\/p>\n<ul>\n<li><strong>Confirmation du fournisseur :<\/strong> Le fournisseur a-t-il accus\u00e9 r\u00e9ception de la commande ? A-t-il accept\u00e9 la date de livraison ? A-t-il signal\u00e9 des divergences ?<\/li>\n<li><strong>Suivi de la production\/exp\u00e9dition :<\/strong> La commande respecte-t-elle le calendrier pr\u00e9vu ? A-t-elle \u00e9t\u00e9 exp\u00e9di\u00e9e ? O\u00f9 est-elle en transit ?<\/li>\n<li><strong>Suivi des livraisons :<\/strong> La date de livraison pr\u00e9vue approche. Le produit est-il arriv\u00e9 ? A-t-il \u00e9t\u00e9 r\u00e9ceptionn\u00e9 dans l'inventaire ?<\/li>\n<li><strong>Alertes d'exception :<\/strong> Retards. Commandes en souffrance. Probl\u00e8mes de qualit\u00e9 signal\u00e9s \u00e0 la r\u00e9ception. Divergences de quantit\u00e9.<\/li>\n<li><strong>Communication proactive :<\/strong> Mise \u00e0 jour automatique des demandeurs. Ne fait appel aux acheteurs qu'en cas d'intervention n\u00e9cessaire.<\/li>\n<\/ul>\n<p>Les demandeurs obtiennent des mises \u00e0 jour de l'\u00e9tat d'avancement sans avoir \u00e0 le demander. Les acheteurs se concentrent sur les exceptions et non sur les v\u00e9rifications de routine.<\/p>\n<p>Une commande est retard\u00e9e ? L'IA alerte le demandeur et l'acheteur avant que quelqu'un n'ait \u00e0 poser la question. Elle fournit le contexte - la raison du retard, la nouvelle date pr\u00e9vue, l'existence d'autres solutions.<\/p>\n<p>Les probl\u00e8mes sont trait\u00e9s de mani\u00e8re proactive. Ils ne sont pas d\u00e9couverts lorsque quelqu'un demande : \"H\u00e9, o\u00f9 est la commande que j'ai pass\u00e9e il y a trois semaines ?\".<\/p>\n\n\n<hr class=\"wp-block-separator has-alpha-channel-opacity\"\/>\n\n\n\n<h3 class=\"wp-block-heading\">Ce que cela signifie pour vous<\/h3>\n\n\n\n<h4 class=\"wp-block-heading\">Pour les CPO et les responsables des achats<\/h4>\n\n\n<p>Vous b\u00e9n\u00e9ficiez d'un contr\u00f4le et d'une visibilit\u00e9 sur l'ensemble du processus d'achat jusqu'\u00e0 la commande.<\/p>\n<ul>\n<li><strong>Meilleur respect des contrats :<\/strong> Les commandes sont transmises aux fournisseurs sous contrat. Les conditions n\u00e9goci\u00e9es sont utilis\u00e9es. Les engagements en termes de volume sont respect\u00e9s.<\/li>\n<li><strong>Moins de d\u00e9penses fantaisistes :<\/strong> Lorsque la proc\u00e9dure d'approbation est rapide, les gens l'utilisent au lieu de la contourner.<\/li>\n<li><strong>Des cycles d'approvisionnement plus rapides :<\/strong> Les commandes standard sont trait\u00e9es en quelques minutes, et non en quelques jours. Les besoins des entreprises sont satisfaits plus rapidement.<\/li>\n<li><strong>Une meilleure allocation des ressources :<\/strong> Les acheteurs travaillent sur des achats et des n\u00e9gociations complexes, et non sur le traitement de commandes de routine.<\/li>\n<li><strong>Visibilit\u00e9 des d\u00e9penses :<\/strong> Toutes les commandes transitent par le syst\u00e8me. Une visibilit\u00e9 totale sur ce qui est achet\u00e9 et aupr\u00e8s de qui.<\/li>\n<\/ul>\n\n\n<h4 class=\"wp-block-heading\">Pour les responsables des achats et les acheteurs<\/h4>\n\n\n<p>Vous cessez d'\u00eatre un centre de traitement des demandes et devenez une fonction strat\u00e9gique.<\/p>\n<ul>\n<li><strong>Arr\u00eater de traiter les commandes de routine :<\/strong> Les demandes standard sont trait\u00e9es automatiquement. Vous ne traitez que ce qui n\u00e9cessite une expertise.<\/li>\n<li><strong>Se concentrer sur les achats complexes :<\/strong> Le temps de la n\u00e9gociation. Gestion des relations avec les fournisseurs. Approvisionnement strat\u00e9gique.<\/li>\n<li><strong>Meilleure utilisation des contrats :<\/strong> Les commandes sont automatiquement envoy\u00e9es aux bons fournisseurs et aux bonnes conditions.<\/li>\n<li><strong>Moins de v\u00e9rifications d'\u00e9tat :<\/strong> Le suivi automatis\u00e9 traite les questions de routine. Vous vous concentrez sur les exceptions.<\/li>\n<li><strong>Charge de travail claire :<\/strong> Sachez ce qui requiert votre attention. Ce qui est routinier est trait\u00e9 automatiquement.<\/li>\n<\/ul>\n\n\n<h4 class=\"wp-block-heading\">Pour les demandeurs et les utilisateurs professionnels<\/h4>\n\n\n<p>Vous obtenez ce dont vous avez besoin, plus rapidement et avec moins d'inconv\u00e9nients.<\/p>\n<ul>\n<li><strong>Des commandes plus rapides :<\/strong> Les demandes standard sont approuv\u00e9es et command\u00e9es en quelques minutes. Plus de jours d'attente pour les articles de routine.<\/li>\n<li><strong>Effacer l'\u00e9tat :<\/strong> Sachez o\u00f9 se trouve votre commande sans avoir \u00e0 la demander. Des mises \u00e0 jour proactives sur la livraison.<\/li>\n<li><strong>Processus simple :<\/strong> Des conseils clairs sur ce qui est n\u00e9cessaire. Un retour d'information imm\u00e9diat si quelque chose ne va pas.<\/li>\n<li><strong>Un meilleur service :<\/strong> Fournisseurs pr\u00e9f\u00e9r\u00e9s sugg\u00e9r\u00e9s automatiquement. Meilleurs d\u00e9lais et conditions de livraison.<\/li>\n<li><strong>Il n'y a plus de solutions de contournement :<\/strong> La proc\u00e9dure d'approbation est suffisamment rapide pour que vous n'ayez pas \u00e0 la contourner.<\/li>\n<\/ul>\n\n\n<hr class=\"wp-block-separator has-alpha-channel-opacity\"\/>\n\n\n\n<h3 class=\"wp-block-heading\">Ce que l'IA ne fera pas<\/h3>\n\n\n<p>Soyons clairs sur ce dont il ne s'agit pas.<\/p>\n<p>L'IA n'approuve pas les achats. Ce sont les humains qui les approuvent. L'IA se contente d'acheminer les demandes \u00e0 l'approbateur appropri\u00e9 avec les bonnes informations.<\/p>\n<p>L'IA ne remplace pas le jugement de l'acheteur pour les achats complexes. Nouveaux fournisseurs. Articles non standard. Les biens d'\u00e9quipement. Achats strat\u00e9giques. Ces achats n\u00e9cessitent une expertise humaine.<\/p>\n<p>L'IA n'\u00e9limine pas tout le travail manuel. Certaines demandes sont complexes. Certaines commandes n\u00e9cessitent un traitement particulier. Certaines situations requi\u00e8rent un jugement humain en mati\u00e8re de risque, de qualit\u00e9 ou de s\u00e9lection des fournisseurs.<\/p>\n<p>L'IA s'occupe de la routine. Les commandes standard qui suivent des mod\u00e8les. Les 80% de demandes qui ne n\u00e9cessitent pas d'expertise humaine mais qui, historiquement, l'ont quand m\u00eame obtenue parce que le processus n\u00e9cessitait une manipulation manuelle.<\/p>\n<p>Vos acheteurs prennent toujours des d\u00e9cisions. Ils prennent simplement des d\u00e9cisions sur des sujets qui requi\u00e8rent r\u00e9ellement leur expertise.<\/p>\n\n\n<hr class=\"wp-block-separator has-alpha-channel-opacity\"\/>\n\n\n\n<h3 class=\"wp-block-heading\">Des r\u00e9sultats concrets gr\u00e2ce \u00e0 l'IA pour les r\u00e9quisitions et les commandes<\/h3>\n\n\n<p>Voici ce que cela donne en pratique :<\/p>\n\n<p><strong>70-80% des demandes trait\u00e9es automatiquement :<\/strong> Les commandes standard sont trait\u00e9es sans intervention de l'acheteur. Les acheteurs se concentrent sur les 20-30% qui n\u00e9cessitent une expertise.<\/p>\n\n<p><strong>R\u00e9duction de la dur\u00e9e du cycle d'approbation de 50-70% :<\/strong> Les demandes sont imm\u00e9diatement transmises \u00e0 l'approbateur appropri\u00e9. Pas de confusion, pas de retard, pas de va-et-vient.<\/p>\n\n<p><strong>Augmentation de la conformit\u00e9 des contrats 15-30% :<\/strong> Les commandes sont automatiquement envoy\u00e9es aux fournisseurs sous contrat \u00e0 des conditions contractuelles. Les d\u00e9penses fantaisistes diminuent.<\/p>\n\n<p><strong>La capacit\u00e9 de l'acheteur est lib\u00e9r\u00e9e :<\/strong> Heures par jour r\u00e9cup\u00e9r\u00e9es sur le traitement des commandes de routine. Temps r\u00e9affect\u00e9 \u00e0 l'approvisionnement strat\u00e9gique et aux n\u00e9gociations.<\/p>\n\n<p><strong>Une meilleure exp\u00e9rience pour l'utilisateur :<\/strong> Suffisamment rapide pour que les gens utilisent le syst\u00e8me au lieu de trouver des solutions de contournement. Un taux d'adoption plus \u00e9lev\u00e9 signifie une meilleure visibilit\u00e9 des d\u00e9penses.<\/p>\n\n<p>Il ne s'agit pas de r\u00e9duire les effectifs dans le domaine des achats. Il s'agit de permettre aux achats d'effectuer un travail plus strat\u00e9gique avec les m\u00eames ressources.<\/p>\n\n\n<hr class=\"wp-block-separator has-alpha-channel-opacity\"\/>\n\n\n\n<h3 class=\"wp-block-heading\">Pr\u00eat \u00e0 acc\u00e9l\u00e9rer votre processus d'achat \u00e0 la commande ?<\/h3>\n\n\n<p>Le processus de demande et de commande de chaque entreprise est diff\u00e9rent. Vos flux d'approbation refl\u00e8tent votre structure organisationnelle. Votre base de fournisseurs pr\u00e9sente des caract\u00e9ristiques uniques. Vos cat\u00e9gories ont des exigences diff\u00e9rentes.<\/p>\n<p>Nous ne vendons pas d'automatisation g\u00e9n\u00e9rique des achats. Nous examinons votre processus sp\u00e9cifique de la demande \u00e0 la commande. Nous identifions les commandes qui peuvent \u00eatre automatis\u00e9es et celles qui n\u00e9cessitent une expertise humaine. Nous construisons des syst\u00e8mes qui correspondent au fonctionnement r\u00e9el de votre organisation.<\/p>\n<p>Nous ne promettons pas que tout sera automatis\u00e9. Juste une IA pratique qui g\u00e8re les commandes de routine afin que vos acheteurs puissent se concentrer sur l'approvisionnement strat\u00e9gique.<\/p>\n\n<p><a href=\"https:\/\/www.leaplytics.de\/fr\/contact\/\">Parlons de votre processus de demande<\/a><\/p>\n\n<p><a href=\"https:\/\/www.leaplytics.de\/fr\/sourcing-procurement-ai\/\">Retour \u00e0 Sourcing &amp; Procurement AI<\/a><\/p>","protected":false},"excerpt":{"rendered":"<p>AI pour les demandes d'achat et les commandes : Acc\u00e9l\u00e9rer le processus d'achat Les demandes d'achat et les commandes devraient \u00eatre simples. Quelqu'un a besoin de quelque chose. Il en fait la demande. La demande est approuv\u00e9e. La commande est envoy\u00e9e. C'est fait. Mais ce n'est pas simple. Les demandes restent dans les bo\u00eetes de r\u00e9ception en attendant d'\u00eatre approuv\u00e9es. Les acheteurs traitent manuellement les commandes de routine. Les gens ne savent pas quel fournisseur utiliser. ... <\/p>","protected":false},"author":2,"featured_media":0,"parent":0,"menu_order":0,"comment_status":"closed","ping_status":"closed","template":"","meta":{"footnotes":""},"class_list":["post-14511","page","type-page","status-publish","hentry","latest_post"],"_links":{"self":[{"href":"https:\/\/www.leaplytics.de\/fr\/wp-json\/wp\/v2\/pages\/14511","targetHints":{"allow":["GET"]}}],"collection":[{"href":"https:\/\/www.leaplytics.de\/fr\/wp-json\/wp\/v2\/pages"}],"about":[{"href":"https:\/\/www.leaplytics.de\/fr\/wp-json\/wp\/v2\/types\/page"}],"author":[{"embeddable":true,"href":"https:\/\/www.leaplytics.de\/fr\/wp-json\/wp\/v2\/users\/2"}],"replies":[{"embeddable":true,"href":"https:\/\/www.leaplytics.de\/fr\/wp-json\/wp\/v2\/comments?post=14511"}],"version-history":[{"count":1,"href":"https:\/\/www.leaplytics.de\/fr\/wp-json\/wp\/v2\/pages\/14511\/revisions"}],"predecessor-version":[{"id":14518,"href":"https:\/\/www.leaplytics.de\/fr\/wp-json\/wp\/v2\/pages\/14511\/revisions\/14518"}],"wp:attachment":[{"href":"https:\/\/www.leaplytics.de\/fr\/wp-json\/wp\/v2\/media?parent=14511"}],"curies":[{"name":"wp","href":"https:\/\/api.w.org\/{rel}","templated":true}]}}