{"id":14512,"date":"2025-12-19T02:02:44","date_gmt":"2025-12-19T01:02:44","guid":{"rendered":"https:\/\/www.leaplytics.de\/?page_id=14512"},"modified":"2025-12-19T02:02:45","modified_gmt":"2025-12-19T01:02:45","slug":"analyse-des-depenses-optimisation-ai","status":"publish","type":"page","link":"https:\/\/www.leaplytics.de\/fr\/analyse-des-depenses-optimisation-ai\/","title":{"rendered":"Analyse et optimisation des d\u00e9penses AI"},"content":{"rendered":"<h2>L'IA pour l'analyse et l'optimisation des d\u00e9penses : Trouvez l'argent que vous laissez sur la table<\/h2>\n\n<p>Vous d\u00e9pensez des millions. Mais o\u00f9 exactement ? Quels fournisseurs ? Quelles cat\u00e9gories ? \u00c0 quels prix ? Par rapport \u00e0 ce que vous devriez payer ?<\/p>\n<p>La plupart des entreprises ne peuvent pas r\u00e9pondre \u00e0 ces questions. Ce n'est pas parce qu'elles ne suivent pas leurs d\u00e9penses. Elles ont des ERP. Elles ont des syst\u00e8mes d'achat. Elles disposent de donn\u00e9es.<\/p>\n<p>Mais les donn\u00e9es sont d\u00e9sordonn\u00e9es. Diff\u00e9rents formats. Diff\u00e9rents syst\u00e8mes. Diff\u00e9rents codages. Leur analyse manuelle n\u00e9cessite des semaines de travail pour \u00e9laborer des feuilles de calcul qui sont d\u00e9j\u00e0 obsol\u00e8tes lorsque vous avez termin\u00e9.<\/p>\n<p>Les \u00e9quipes charg\u00e9es des achats travaillent donc \u00e0 l'aveuglette. Elles connaissent le montant total des d\u00e9penses. Mais elles ne savent pas o\u00f9 se trouvent les possibilit\u00e9s d'\u00e9conomies. O\u00f9 les prix sont trop \u00e9lev\u00e9s. O\u00f9 le volume pourrait \u00eatre consolid\u00e9. O\u00f9 se situent les d\u00e9penses irr\u00e9guli\u00e8res.<\/p>\n<p>L'IA r\u00e9sout ce probl\u00e8me. Elle nettoie les donn\u00e9es. Elle cat\u00e9gorise automatiquement les d\u00e9penses. Identifie les opportunit\u00e9s d'\u00e9conomies. Elle rep\u00e8re les d\u00e9penses irr\u00e9guli\u00e8res. Vous donne une visibilit\u00e9 que vous n'avez jamais eu le temps de cr\u00e9er manuellement.<\/p>\n\n\n<hr class=\"wp-block-separator has-alpha-channel-opacity\"\/>\n\n\n\n<h3 class=\"wp-block-heading\">Pourquoi l'analyse des d\u00e9penses \u00e9choue dans la plupart des entreprises<\/h3>\n\n\n<p>L'analyse des d\u00e9penses devrait \u00eatre simple. Obtenez des donn\u00e9es sur les achats. Analysez-les. Trouver des opportunit\u00e9s. Agir en cons\u00e9quence.<\/p>\n<p>Mais ce n'est pas simple. Voici pourquoi.<\/p>\n<p>Vos donn\u00e9es de d\u00e9penses sont partout. Diff\u00e9rents syst\u00e8mes. Diff\u00e9rents formats. Transactions ERP. Donn\u00e9es des cartes de paiement. Factures des fournisseurs. Chacun cod\u00e9 diff\u00e9remment. Chaque format est structur\u00e9 diff\u00e9remment.<\/p>\n<p>Le m\u00eame fournisseur a cinq noms diff\u00e9rents dans votre syst\u00e8me. \"ABC Corp.\" \"ABC Corporation\" \"ABC Co. \"A.B.C. Corp. \"ABC - Fournisseur 12345. S'agit-il du m\u00eame fournisseur ou de fournisseurs diff\u00e9rents ? Personne ne peut le savoir sans un examen manuel.<\/p>\n<p>Le m\u00eame produit est class\u00e9 diff\u00e9remment selon les acheteurs. Fournitures de bureau. Fournitures g\u00e9n\u00e9rales. D\u00e9penses administratives. MRO. S'agit-il de la m\u00eame chose ? Probablement. Pouvez-vous le dire \u00e0 partir des donn\u00e9es ? Pas facilement.<\/p>\n<p>Vous avez donc besoin d'un projet. Une \u00e9quipe. Des semaines de nettoyage des donn\u00e9es. L'examen et la correction manuelle des enregistrements. Cr\u00e9ation de cat\u00e9gories. Cr\u00e9ation de rapports.<\/p>\n<p>Lorsque vous avez termin\u00e9, les donn\u00e9es sont anciennes. Les conditions ont chang\u00e9. L'analyse se trouve dans un PowerPoint sur lequel personne n'agit parce qu'elle a pris trop de temps et qu'elle a co\u00fbt\u00e9 trop cher.<\/p>\n<p>Ou, le plus souvent, vous ne faites jamais d'analyse. Parce que personne n'a le temps. Les march\u00e9s publics fonctionnent alors \u00e0 l'instinct et sur la base d'informations partielles. Les opportunit\u00e9s d'\u00e9conomies ne sont pas trouv\u00e9es. Les probl\u00e8mes passent inaper\u00e7us.<\/p>\n\n\n<hr class=\"wp-block-separator has-alpha-channel-opacity\"\/>\n\n\n\n<h3 class=\"wp-block-heading\">Ce que l'IA apporte \u00e0 l'analyse et \u00e0 l'optimisation des d\u00e9penses<\/h3>\n\n\n<p>L'IA ne se contente pas d'acc\u00e9l\u00e9rer l'analyse des d\u00e9penses. Elle la rend continue. Voici comment.<\/p>\n\n\n<h4 class=\"wp-block-heading\">Cat\u00e9gorisation automatique des d\u00e9penses<\/h4>\n\n\n<p>L'IA utilise vos donn\u00e9es brutes de d\u00e9penses. Toutes. De chaque syst\u00e8me.<\/p>\n<p>Il le nettoie :<\/p>\n<ul>\n<li><strong>Normalisation des fournisseurs :<\/strong> Identifie que \"ABC Corp\", \"ABC Corporation\" et \"A.B.C. Corp\" sont le m\u00eame fournisseur. Cr\u00e9e une liste principale de fournisseurs.<\/li>\n<li><strong>Classification de la cat\u00e9gorie :<\/strong> Lit les descriptions des transactions. Attribue automatiquement des cat\u00e9gories. De mani\u00e8re coh\u00e9rente.<\/li>\n<li><strong>Groupe de produits :<\/strong> Regroupe des \u00e9l\u00e9ments similaires m\u00eame s'ils sont d\u00e9crits diff\u00e9remment. Les termes \"papier \u00e0 copier\" et \"papier pour imprimante\" sont probablement \u00e0 mettre dans le m\u00eame sac.<\/li>\n<li><strong>Validation du code GL :<\/strong> Identifie les transactions mal cod\u00e9es. Sugg\u00e8re des corrections sur la base de mod\u00e8les.<\/li>\n<li><strong>Cartographie des d\u00e9partements et des centres de co\u00fbts :<\/strong> Liens entre les d\u00e9penses et les unit\u00e9s organisationnelles, m\u00eame lorsque le codage est incoh\u00e9rent.<\/li>\n<\/ul>\n<p>Vous passez de donn\u00e9es de transaction d\u00e9sordonn\u00e9es \u00e0 des d\u00e9penses propres et cat\u00e9goris\u00e9es. Pas en quelques semaines. En quelques heures.<\/p>\n<p>Et il ne s'agit pas d'un nettoyage unique. L'IA cat\u00e9gorise les nouvelles transactions au fur et \u00e0 mesure qu'elles se produisent. Une visibilit\u00e9 continue des d\u00e9penses sans travail manuel permanent.<\/p>\n<p>Vous pouvez r\u00e9pondre imm\u00e9diatement \u00e0 des questions de base :<\/p>\n<ul>\n<li>Combien d\u00e9pensons-nous avec chaque fournisseur ?<\/li>\n<li>Quelles sont nos principales cat\u00e9gories de d\u00e9penses ?<\/li>\n<li>Quels sont les d\u00e9partements qui d\u00e9pensent le plus pour chaque cat\u00e9gorie ?<\/li>\n<li>Comment les d\u00e9penses ont-elles \u00e9volu\u00e9 au fil du temps ?<\/li>\n<\/ul>\n<p>Les questions qui n\u00e9cessitaient auparavant l'intervention d'un analyste de donn\u00e9es ne prennent plus que quelques secondes.<\/p>\n\n\n<h4 class=\"wp-block-heading\">Identifie les possibilit\u00e9s d'\u00e9conomies<\/h4>\n\n\n<p>Les donn\u00e9es propres sont utiles. Mais les informations sont pr\u00e9cieuses. L'IA ne se contente pas d'organiser les d\u00e9penses, elle trouve o\u00f9 vous perdez de l'argent.<\/p>\n\n<p><strong>Analyse de la variation des prix :<\/strong><\/p>\n<p>Vous achetez le m\u00eame article \u00e0 trois fournisseurs \u00e0 trois prix diff\u00e9rents. Ou aupr\u00e8s du m\u00eame fournisseur \u00e0 des prix diff\u00e9rents dans le cadre de diff\u00e9rentes transactions.<\/p>\n<p>L'IA identifie ces variations :<\/p>\n<ul>\n<li>Un m\u00eame produit, des prix diff\u00e9rents d'un fournisseur \u00e0 l'autre<\/li>\n<li>M\u00eame fournisseur, prix incoh\u00e9rents d'une transaction \u00e0 l'autre<\/li>\n<li>Produits similaires pr\u00e9sentant des diff\u00e9rences de prix inexpliqu\u00e9es<\/li>\n<li>Prix sup\u00e9rieurs aux tarifs contractuels<\/li>\n<li>Augmentations de prix d\u00e9passant les conditions du march\u00e9 ou du contrat<\/li>\n<\/ul>\n<p>Il quantifie l'opportunit\u00e9 : \"La normalisation au prix le plus bas permettrait d'\u00e9conomiser $X par an\".<\/p>\n\n<p><strong>Possibilit\u00e9s de consolidation des volumes :<\/strong><\/p>\n<p>Vous achetez \u00e0 cinq fournisseurs alors que vous pourriez en regrouper deux. Vous achetez de petites quantit\u00e9s alors que des commandes plus importantes vous permettraient de b\u00e9n\u00e9ficier de remises.<\/p>\n<p>L'IA trouve des opportunit\u00e9s de consolidation :<\/p>\n<ul>\n<li>Cat\u00e9gories avec trop de fournisseurs pour le volume<\/li>\n<li>Fournisseurs pour lesquels vous vous situez juste en dessous des seuils de rupture de volume<\/li>\n<li>Produits similaires provenant de diff\u00e9rents fournisseurs qui pourraient \u00eatre normalis\u00e9s<\/li>\n<li>Opportunit\u00e9s g\u00e9ographiques de consolider les d\u00e9penses r\u00e9gionales<\/li>\n<li>Contrats comportant des engagements de volume que vous ne respectez pas<\/li>\n<\/ul>\n<p>Il mod\u00e9lise les \u00e9conomies : \"La consolidation de ces cinq fournisseurs avec le fournisseur A permettrait de r\u00e9duire le co\u00fbt unitaire de 12% et de simplifier la gestion.\"<\/p>\n\n<p><strong>D\u00e9tection des fuites dans les contrats :<\/strong><\/p>\n<p>Vous avez n\u00e9goci\u00e9 un excellent contrat. Mais l'utilisez-vous ? Ou bien les gens continuent-ils \u00e0 acheter aupr\u00e8s de l'ancien fournisseur ?<\/p>\n<p>L'IA suit l'utilisation des contrats :<\/p>\n<ul>\n<li>D\u00e9penses aupr\u00e8s de fournisseurs non contractuels pour les cat\u00e9gories contractuelles<\/li>\n<li>Le volume n'atteint pas les minimums contractuels (perte des remises sur le volume)<\/li>\n<li>Une tarification qui ne correspond pas aux tarifs contractuels<\/li>\n<li>Conditions non conformes aux accords n\u00e9goci\u00e9s<\/li>\n<\/ul>\n<p>Il quantifie ce que vous perdez : \"20% de d\u00e9penses en fournitures de bureau vont \u00e0 des fournisseurs non contractuels \u00e0 des prix moyens 15% plus \u00e9lev\u00e9s. \u00c9conomies annuelles potentielles : $X\".<\/p>\n\n<p><strong>Opportunit\u00e9s de d\u00e9penses en queue de peloton :<\/strong><\/p>\n<p>Petits achats aupr\u00e8s de centaines de fournisseurs. Individuellement, ils n'ont pas d'importance. Collectivement, ils repr\u00e9sentent des d\u00e9penses importantes sans effet de levier et avec des co\u00fbts administratifs \u00e9lev\u00e9s.<\/p>\n<p>L'IA identifie les mod\u00e8les de d\u00e9penses de la queue :<\/p>\n<ul>\n<li>Cat\u00e9gories pr\u00e9sentant une fragmentation excessive des fournisseurs<\/li>\n<li>Fournisseurs dont les d\u00e9penses annuelles sont minimes mais qui effectuent des transactions fr\u00e9quentes<\/li>\n<li>Possibilit\u00e9s de r\u00e9orienter les d\u00e9penses de sous-traitance vers des fournisseurs privil\u00e9gi\u00e9s<\/li>\n<li>Cat\u00e9gories pour lesquelles des catalogues ou des cartes d'achat r\u00e9duiraient la fragmentation<\/li>\n<\/ul>\n\n\n<h4 class=\"wp-block-heading\">D\u00e9tecte les d\u00e9penses irr\u00e9guli\u00e8res<\/h4>\n\n\n<p>Les d\u00e9penses irr\u00e9guli\u00e8res sont des achats effectu\u00e9s en dehors des processus et des fournisseurs approuv\u00e9s. Il ne s'agit pas de malveillance. Il s'agit de personnes qui essaient de faire leur travail lorsque le processus approuv\u00e9 est trop lent.<\/p>\n<p>Mais cela co\u00fbte de l'argent. Pas d'effet de levier sur le volume. Pas de conditions n\u00e9goci\u00e9es. Pas de visibilit\u00e9 sur les d\u00e9penses. Des prix souvent plus \u00e9lev\u00e9s.<\/p>\n<p>L'intelligence artificielle rep\u00e8re les habitudes de d\u00e9penses des anticonformistes :<\/p>\n<ul>\n<li><strong>Achats hors contrat :<\/strong> Acheter aupr\u00e8s de fournisseurs non privil\u00e9gi\u00e9s lorsqu'il existe des options contractuelles.<\/li>\n<li><strong>Violations de la politique :<\/strong> Les achats qui contournent les exigences d'approbation ou qui d\u00e9passent les limites de d\u00e9l\u00e9gation.<\/li>\n<li><strong>Utilisation abusive de la carte P :<\/strong> Achats par carte d'entreprise pour des articles qui devraient passer par les march\u00e9s publics.<\/li>\n<li><strong>Fournisseurs en double :<\/strong> Diff\u00e9rents d\u00e9partements font appel \u00e0 diff\u00e9rents fournisseurs pour les m\u00eames articles.<\/li>\n<li><strong>Fournisseurs non agr\u00e9\u00e9s :<\/strong> Achats aupr\u00e8s de fournisseurs ne figurant pas sur la liste des fournisseurs agr\u00e9\u00e9s.<\/li>\n<\/ul>\n<p>Il ne se contente pas de signaler les violations. Il analyse les raisons pour lesquelles elles se produisent :<\/p>\n<ul>\n<li>La proc\u00e9dure d'approbation est-elle trop lente ?<\/li>\n<li>Les fournisseurs privil\u00e9gi\u00e9s ne r\u00e9pondent-ils pas aux besoins ?<\/li>\n<li>Les gens ne savent-ils pas qui sont les fournisseurs privil\u00e9gi\u00e9s ?<\/li>\n<li>Existe-t-il des lacunes l\u00e9gitimes dans votre base de fournisseurs ?<\/li>\n<\/ul>\n<p>Vous obtenez des informations exploitables. Il ne s'agit pas seulement de dire \"les d\u00e9penses irr\u00e9guli\u00e8res sont mauvaises\", mais \"les d\u00e9penses irr\u00e9guli\u00e8res se produisent dans ces cat\u00e9gories pour ces raisons, et voici ce qu'il faut faire pour y rem\u00e9dier\".<\/p>\n\n\n<h4 class=\"wp-block-heading\">Comparaison avec les taux du march\u00e9<\/h4>\n\n\n<p>Vous payez $50 par unit\u00e9. Mais est-ce une bonne chose ? Vous ne pouvez pas le savoir sans le contexte du march\u00e9.<\/p>\n<p>L'IA permet d'effectuer des analyses comparatives :<\/p>\n<ul>\n<li><strong>Comparaison des prix du march\u00e9 :<\/strong> Comment vos prix se comparent-ils aux prix du march\u00e9 pour des produits similaires ?<\/li>\n<li><strong>Crit\u00e8res de r\u00e9f\u00e9rence pour l'industrie :<\/strong> Comment vos d\u00e9penses se comparent-elles \u00e0 celles d'entreprises similaires dans votre secteur d'activit\u00e9 ?<\/li>\n<li><strong>Variations r\u00e9gionales :<\/strong> Payez-vous des prix diff\u00e9rents selon les r\u00e9gions ? Ces diff\u00e9rences sont-elles justifi\u00e9es ?<\/li>\n<li><strong>Analyse de la tendance des prix :<\/strong> Les prix du march\u00e9 sont-ils en hausse ou en baisse ? Vos prix contractuels \u00e9voluent-ils avec le march\u00e9 ?<\/li>\n<li><strong>Mod\u00e9lisation du co\u00fbt r\u00e9el :<\/strong> Sur la base des co\u00fbts des mat\u00e9riaux, de la main-d'\u0153uvre et des marges, combien devriez-vous payer ?<\/li>\n<\/ul>\n<p>Ce n'est pas parfait. Les prix du march\u00e9 varient en fonction du volume, des sp\u00e9cifications, des niveaux de service et des relations. Mais les conseils d'orientation sont pr\u00e9cieux.<\/p>\n<p>Vous payez 20% au-dessus de la moyenne du march\u00e9 ? Il est temps d'enqu\u00eater. Soit vos sp\u00e9cifications justifient un co\u00fbt plus \u00e9lev\u00e9, soit vous avez la possibilit\u00e9 de n\u00e9gocier.<\/p>\n<p>Les prix du march\u00e9 ont baiss\u00e9 de 10% mais votre contrat n'a pas \u00e9t\u00e9 adapt\u00e9 ? Il est temps de discuter avec votre fournisseur.<\/p>\n\n\n<h4 class=\"wp-block-heading\">Pr\u00e9visions D\u00e9penses futures<\/h4>\n\n\n<p>Dans la plupart des entreprises, l'\u00e9tablissement du budget se fait au jug\u00e9. Les d\u00e9penses de l'ann\u00e9e derni\u00e8re plus un certain pourcentage. J'esp\u00e8re que c'est proche.<\/p>\n<p>L'IA \u00e9tablit des pr\u00e9visions bas\u00e9es sur des mod\u00e8les r\u00e9els :<\/p>\n<ul>\n<li><strong>Analyse des tendances :<\/strong> Comment les d\u00e9penses ont-elles \u00e9volu\u00e9 au cours de l'histoire ? Quelles sont les tendances ?<\/li>\n<li><strong>Saisonnalit\u00e9 :<\/strong> Quelles sont les cat\u00e9gories qui pr\u00e9sentent des variations saisonni\u00e8res ? Quand les pics se produisent-ils ?<\/li>\n<li><strong>Engagements contractuels :<\/strong> Quelles sont vos obligations en mati\u00e8re de d\u00e9penses sur la base des contrats existants ?<\/li>\n<li><strong>Facteurs de croissance :<\/strong> Croissance de l'entreprise. Modification des effectifs. Plans d'expansion. Quel est l'impact sur les d\u00e9penses ?<\/li>\n<li><strong>Augmentation des prix :<\/strong> Augmentations de prix sous contrat. Tendances du march\u00e9. L'impact attendu de l'inflation.<\/li>\n<li><strong>Impact de l'initiative :<\/strong> Comment les projets ou les changements pr\u00e9vus affecteront-ils les d\u00e9penses ?<\/li>\n<\/ul>\n<p>Vous obtenez des pr\u00e9visions de d\u00e9penses par cat\u00e9gorie, par fournisseur, par d\u00e9partement. Une meilleure budg\u00e9tisation. Alerte rapide lorsque les d\u00e9penses d\u00e9passent les pr\u00e9visions. Visibilit\u00e9 sur les facteurs de changement.<\/p>\n<p>Le service financier demande : \"Pourquoi les d\u00e9penses du troisi\u00e8me trimestre d\u00e9passent-elles de $200K le budget ?\" Vous pouvez r\u00e9pondre avec des donn\u00e9es, pas avec des suppositions.<\/p>\n\n\n<hr class=\"wp-block-separator has-alpha-channel-opacity\"\/>\n\n\n\n<h3 class=\"wp-block-heading\">Ce que cela signifie pour vous<\/h3>\n\n\n\n<h4 class=\"wp-block-heading\">Pour les CPO et les responsables des achats<\/h4>\n\n\n<p>Vous obtenez la visibilit\u00e9 des d\u00e9penses dont vous avez toujours r\u00eav\u00e9 mais que vous n'avez jamais eu le temps de cr\u00e9er.<\/p>\n<ul>\n<li><strong>Visibilit\u00e9 claire des d\u00e9penses :<\/strong> Savoir o\u00f9 va l'argent. Par cat\u00e9gorie. Par fournisseur. Par d\u00e9partement. En temps r\u00e9el.<\/li>\n<li><strong>Possibilit\u00e9s d'\u00e9conomies quantifi\u00e9es :<\/strong> Pas des intuitions. Des opportunit\u00e9s sp\u00e9cifiques assorties de montants en dollars.<\/li>\n<li><strong>Des donn\u00e9es pour conduire les n\u00e9gociations :<\/strong> Points de rep\u00e8re sur le march\u00e9. Concentration des d\u00e9penses. Variations de prix. Preuves de meilleures offres.<\/li>\n<li><strong>Gestion strat\u00e9gique des cat\u00e9gories :<\/strong> Identifier les cat\u00e9gories qui n\u00e9cessitent une attention particuli\u00e8re. Hi\u00e9rarchiser les efforts en fonction de l'importance des opportunit\u00e9s.<\/li>\n<li><strong>Mesures des performances en mati\u00e8re d'achats :<\/strong> Suivi des \u00e9conomies r\u00e9alis\u00e9es. Respect des contrats. D\u00e9penses exceptionnelles. Tendances des co\u00fbts par cat\u00e9gorie.<\/li>\n<\/ul>\n\n\n<h4 class=\"wp-block-heading\">Pour les responsables des achats et les acheteurs<\/h4>\n\n\n<p>Vous savez o\u00f9 concentrer vos efforts pour obtenir un impact maximal.<\/p>\n<ul>\n<li><strong>Savoir o\u00f9 va l'argent :<\/strong> Sans passer des semaines \u00e0 \u00e9laborer des rapports. Des r\u00e9ponses imm\u00e9diates aux questions sur les d\u00e9penses.<\/li>\n<li><strong>Se concentrer sur les cat\u00e9gories \u00e0 fort impact :<\/strong> Voyez quelles sont les cat\u00e9gories qui offrent les plus grandes possibilit\u00e9s d'\u00e9conomies. \u00c9tablissez des priorit\u00e9s strat\u00e9giques.<\/li>\n<li><strong>Objectifs de consolidation des fournisseurs :<\/strong> D\u00e9terminez o\u00f9 vous avez trop de fournisseurs et ce que la consolidation pourrait vous permettre d'\u00e9conomiser.<\/li>\n<li><strong>Visibilit\u00e9 sur le respect des contrats :<\/strong> Voir o\u00f9 les termes contractuels ne sont pas utilis\u00e9s. Favoriser l'adoption.<\/li>\n<li><strong>Pr\u00e9paration \u00e0 la n\u00e9gociation :<\/strong> Participez aux discussions avec les fournisseurs en disposant des donn\u00e9es sur les d\u00e9penses et du contexte du march\u00e9.<\/li>\n<\/ul>\n\n\n<h4 class=\"wp-block-heading\">Pour les \u00e9quipes financi\u00e8res<\/h4>\n\n\n<p>Vous b\u00e9n\u00e9ficiez d'une transparence des d\u00e9penses et d'une pr\u00e9cision budg\u00e9taire sans pr\u00e9c\u00e9dent.<\/p>\n<ul>\n<li><strong>Meilleure pr\u00e9cision du budget :<\/strong> Pr\u00e9visions bas\u00e9es sur les habitudes de d\u00e9penses r\u00e9elles, et non sur des suppositions.<\/li>\n<li><strong>Investissements justifi\u00e9s en mati\u00e8re d'approvisionnement :<\/strong> Possibilit\u00e9s d'\u00e9conomies document\u00e9es qui justifient les ressources consacr\u00e9es aux achats.<\/li>\n<li><strong>\u00c9conomies document\u00e9es :<\/strong> Suivre les \u00e9conomies r\u00e9alis\u00e9es gr\u00e2ce aux initiatives en mati\u00e8re d'approvisionnement. D\u00e9montrer le retour sur investissement.<\/li>\n<li><strong>Analyse de la variance :<\/strong> Comprendre ce qui motive l'\u00e9volution des d\u00e9penses. Des raisons r\u00e9elles, pas des th\u00e9ories.<\/li>\n<li><strong>Contr\u00f4le des co\u00fbts :<\/strong> Alerte pr\u00e9coce lorsque les d\u00e9penses d\u00e9passent le budget. Il est temps d'agir avant qu'il ne soit trop tard.<\/li>\n<\/ul>\n\n\n<hr class=\"wp-block-separator has-alpha-channel-opacity\"\/>\n\n\n\n<h3 class=\"wp-block-heading\">Ce que l'IA ne fera pas<\/h3>\n\n\n<p>Soyons clairs sur ce que l'IA d'analyse des d\u00e9penses n'est pas.<\/p>\n<p>L'IA ne permet pas de r\u00e9aliser des \u00e9conomies automatiquement. Elle identifie les opportunit\u00e9s. Les humains doivent agir en cons\u00e9quence. N\u00e9gocier avec les fournisseurs. Consolider les volumes. Faire respecter les contrats.<\/p>\n<p>L'IA ne comprend pas le contexte sans l'intervention de l'homme. Parfois, des prix plus \u00e9lev\u00e9s sont justifi\u00e9s par la qualit\u00e9, le service ou les relations strat\u00e9giques. Parfois, la fragmentation des fournisseurs est utile. L'intelligence artificielle identifie les chiffres ; vous devez faire preuve de discernement.<\/p>\n<p>L'IA ne corrige pas les mauvais processus d'approvisionnement. Si vos processus sont lents et que les gens les contournent, l'analyse des d\u00e9penses montrera le probl\u00e8me. Mais pour le r\u00e9soudre, il faut am\u00e9liorer les processus, et pas seulement l'analyse.<\/p>\n<p>L'IA rend les d\u00e9penses visibles. Montrer o\u00f9 se trouvent les opportunit\u00e9s. Quantifier les \u00e9conomies potentielles. Suivre les progr\u00e8s.<\/p>\n<p>Votre \u00e9quipe charg\u00e9e des achats doit encore faire le travail. Mais elle le fait en suivant des directives claires, et non en se basant sur des suppositions.<\/p>\n\n\n<hr class=\"wp-block-separator has-alpha-channel-opacity\"\/>\n\n\n\n<h3 class=\"wp-block-heading\">Des r\u00e9sultats concrets gr\u00e2ce \u00e0 l'IA pour l'analyse des d\u00e9penses<\/h3>\n\n\n<p>Voici ce que cela donne en pratique :<\/p>\n\n<p><strong>Visibilit\u00e9 permanente des d\u00e9penses :<\/strong> Finis les projets trimestriels d'analyse des d\u00e9penses. Cat\u00e9gorisation et rapports en temps r\u00e9el. R\u00e9ponses imm\u00e9diates aux questions.<\/p>\n\n<p><strong>Identification de l'\u00e9pargne :<\/strong> Les entreprises typiques trouvent 8-15% des possibilit\u00e9s d'\u00e9conomies d\u00e8s la premi\u00e8re analyse. Toutes ne sont pas r\u00e9alisables, mais suffisamment pour justifier l'effort.<\/p>\n\n<p><strong>Une strat\u00e9gie cat\u00e9gorielle plus rapide :<\/strong> L'identification des opportunit\u00e9s dans les cat\u00e9gories, qui prenait des semaines, ne prend plus que quelques jours. Plus de cat\u00e9gories g\u00e9r\u00e9es de mani\u00e8re strat\u00e9gique.<\/p>\n\n<p><strong>De meilleures n\u00e9gociations :<\/strong> Les acheteurs abordent les discussions avec des donn\u00e9es. Les r\u00e9sultats sont meilleurs lorsque vous connaissez vos d\u00e9penses, les taux du march\u00e9 et les points d'appui.<\/p>\n\n<p><strong>R\u00e9duction des d\u00e9penses \u00e0 la carte :<\/strong> La visibilit\u00e9 favorise l'am\u00e9lioration. Lorsque vous mesurez et signalez les d\u00e9penses irr\u00e9guli\u00e8res, elles diminuent. La r\u00e9duction est g\u00e9n\u00e9ralement de 30 \u00e0 50% au fil du temps.<\/p>\n\n<p>Il ne s'agit pas de remplacer les \u00e9quipes d'approvisionnement par l'IA. Il s'agit de leur donner de la visibilit\u00e9 et des outils pour \u00eatre plus strat\u00e9giques.<\/p>\n\n\n<hr class=\"wp-block-separator has-alpha-channel-opacity\"\/>\n\n\n\n<h3 class=\"wp-block-heading\">Pr\u00eat \u00e0 voir o\u00f9 va votre argent ?<\/h3>\n\n\n<p>Les donn\u00e9es sur les d\u00e9penses de chaque entreprise sont diff\u00e9rentes. Diff\u00e9rents syst\u00e8mes. Diff\u00e9rentes structures. Diff\u00e9rentes cat\u00e9gories qui comptent pour votre entreprise.<\/p>\n<p>Nous ne vendons pas d'outils d'analyse des d\u00e9penses \u00e0 taille unique. Nous \u00e9tudions vos sources de donn\u00e9es sp\u00e9cifiques et vos mod\u00e8les de d\u00e9penses. Nous construisons une cat\u00e9gorisation qui correspond \u00e0 la fa\u00e7on dont vous g\u00e9rez les cat\u00e9gories. Nous cr\u00e9ons des rapports et des alertes qui r\u00e9pondent \u00e0 vos questions sp\u00e9cifiques.<\/p>\n<p>Nous ne vous promettons pas de r\u00e9aliser des millions d'euros d'\u00e9conomies. Il s'agit simplement d'avoir une vision claire de vos d\u00e9penses et des possibilit\u00e9s qui s'offrent \u00e0 vous.<\/p>\n\n<p><a href=\"https:\/\/www.leaplytics.de\/fr\/contact\/\">Parlons de vos besoins en mati\u00e8re d'analyse des d\u00e9penses<\/a><\/p>\n\n<p><a href=\"https:\/\/www.leaplytics.de\/fr\/sourcing-procurement-ai\/\">Retour \u00e0 Sourcing &amp; Procurement AI<\/a><\/p>","protected":false},"excerpt":{"rendered":"<p>L'IA pour l'analyse et l'optimisation des d\u00e9penses : Trouvez l'argent que vous laissez sur la table Vous d\u00e9pensez des millions. Mais o\u00f9 exactement ? Quels fournisseurs ? Dans quelles cat\u00e9gories ? \u00c0 quels prix ? Par rapport \u00e0 ce que vous devriez payer ? La plupart des entreprises ne peuvent pas r\u00e9pondre \u00e0 ces questions. Non pas parce qu'elles ne suivent pas leurs d\u00e9penses. Elles ont des ERP. Elles ont des syst\u00e8mes d'achat. Elles ont ... <\/p>","protected":false},"author":2,"featured_media":0,"parent":0,"menu_order":0,"comment_status":"closed","ping_status":"closed","template":"","meta":{"footnotes":""},"class_list":["post-14512","page","type-page","status-publish","hentry","latest_post"],"_links":{"self":[{"href":"https:\/\/www.leaplytics.de\/fr\/wp-json\/wp\/v2\/pages\/14512","targetHints":{"allow":["GET"]}}],"collection":[{"href":"https:\/\/www.leaplytics.de\/fr\/wp-json\/wp\/v2\/pages"}],"about":[{"href":"https:\/\/www.leaplytics.de\/fr\/wp-json\/wp\/v2\/types\/page"}],"author":[{"embeddable":true,"href":"https:\/\/www.leaplytics.de\/fr\/wp-json\/wp\/v2\/users\/2"}],"replies":[{"embeddable":true,"href":"https:\/\/www.leaplytics.de\/fr\/wp-json\/wp\/v2\/comments?post=14512"}],"version-history":[{"count":1,"href":"https:\/\/www.leaplytics.de\/fr\/wp-json\/wp\/v2\/pages\/14512\/revisions"}],"predecessor-version":[{"id":14520,"href":"https:\/\/www.leaplytics.de\/fr\/wp-json\/wp\/v2\/pages\/14512\/revisions\/14520"}],"wp:attachment":[{"href":"https:\/\/www.leaplytics.de\/fr\/wp-json\/wp\/v2\/media?parent=14512"}],"curies":[{"name":"wp","href":"https:\/\/api.w.org\/{rel}","templated":true}]}}