{"id":14513,"date":"2025-12-19T02:02:54","date_gmt":"2025-12-19T01:02:54","guid":{"rendered":"https:\/\/www.leaplytics.de\/?page_id=14513"},"modified":"2025-12-19T02:02:55","modified_gmt":"2025-12-19T01:02:55","slug":"decouverte-des-fournisseurs-evaluation-ai","status":"publish","type":"page","link":"https:\/\/www.leaplytics.de\/fr\/decouverte-des-fournisseurs-evaluation-ai\/","title":{"rendered":"D\u00e9couverte et \u00e9valuation des fournisseurs AI"},"content":{"rendered":"<h2>L'IA pour la d\u00e9couverte et l'\u00e9valuation des fournisseurs : Trouver plus rapidement de meilleurs fournisseurs<\/h2>\n\n<p>Trouver le bon fournisseur est l'une des d\u00e9cisions les plus importantes en mati\u00e8re d'approvisionnement. Si vous r\u00e9ussissez, vous obtiendrez des produits de qualit\u00e9, des livraisons fiables et des prix comp\u00e9titifs. Si vous vous trompez, vous devrez faire face \u00e0 des retards, \u00e0 des probl\u00e8mes de qualit\u00e9 et \u00e0 des d\u00e9passements de budget.<\/p>\n<p>Mais la recherche et l'\u00e9valuation des fournisseurs prennent du temps. Du temps r\u00e9el. Recherche. Appels. Comparaisons de devis. \u00c9valuations des risques. V\u00e9rifications des ant\u00e9c\u00e9dents. Pour chaque fournisseur.<\/p>\n<p>Et la plupart des \u00e9quipes charg\u00e9es des achats ? Elles s'en tiennent aux m\u00eames fournisseurs parce que la recherche de nouveaux est une t\u00e2che trop lourde. M\u00eame lorsque ces fournisseurs n'offrent pas le meilleur rapport qualit\u00e9-prix.<\/p>\n<p>L'IA change la donne. Elle recherche, \u00e9value et compare les fournisseurs plus rapidement qu'une \u00e9quipe ne peut le faire manuellement. Elle ne se fatigue pas. Elle ne prend pas de raccourcis. Elle analyse chaque option de mani\u00e8re objective.<\/p>\n\n\n<hr class=\"wp-block-separator has-alpha-channel-opacity\"\/>\n\n\n\n<h3 class=\"wp-block-heading\">Le probl\u00e8me de la d\u00e9couverte des fournisseurs aujourd'hui<\/h3>\n\n\n<p>Voici \u00e0 quoi ressemble la d\u00e9couverte des fournisseurs pour la plupart des \u00e9quipes charg\u00e9es des achats :<\/p>\n<p>Quelqu'un a besoin d'un nouveau fournisseur. Le fournisseur actuel a peut-\u00eatre augment\u00e9 ses prix. La qualit\u00e9 a peut-\u00eatre baiss\u00e9. Vous lancez peut-\u00eatre quelque chose de nouveau.<\/p>\n<p>L'acheteur commence donc \u00e0 faire des recherches. Recherches sur Google. R\u00e9pertoires sectoriels. Salons professionnels. Recommandations de coll\u00e8gues. Des heures pass\u00e9es \u00e0 trouver des options potentielles.<\/p>\n<p>Vient ensuite l'\u00e9valuation. Contr\u00f4les financiers. L'\u00e9valuation des capacit\u00e9s. Les appels de r\u00e9f\u00e9rence. Comparer des devis qui ne sont pas structur\u00e9s de la m\u00eame mani\u00e8re. Essayer d'\u00e9valuer le risque sans disposer d'informations compl\u00e8tes.<\/p>\n<p>Cela prend des semaines. Parfois des mois pour les fournisseurs essentiels. Et \u00e0 la fin ? Vous risquez de passer \u00e0 c\u00f4t\u00e9 de la meilleure option parce que vous n'en connaissiez pas l'existence.<\/p>\n<p>Ou, pire encore, vous trouvez un fournisseur qui semble bon sur le papier, mais qui, six mois plus tard, pose des probl\u00e8mes que vous auriez d\u00fb d\u00e9tecter lors de l'\u00e9valuation.<\/p>\n\n\n<hr class=\"wp-block-separator has-alpha-channel-opacity\"\/>\n\n\n\n<h3 class=\"wp-block-heading\">Ce que l'IA apporte \u00e0 la d\u00e9couverte et \u00e0 l'\u00e9valuation des fournisseurs<\/h3>\n\n\n<p>L'IA ne se contente pas d'acc\u00e9l\u00e9rer la recherche de fournisseurs. Elle la rend meilleure. Plus compl\u00e8te. Plus objective. Voici comment.<\/p>\n\n\n<h4 class=\"wp-block-heading\">Identification automatique des fournisseurs potentiels<\/h4>\n\n\n<p>Indiquez \u00e0 l'IA ce dont vous avez besoin. Sp\u00e9cifications du produit. Exigences en mati\u00e8re de services. Pr\u00e9f\u00e9rences g\u00e9ographiques. Volume. Certifications.<\/p>\n<p>Il effectue des recherches partout. Bases de donn\u00e9es publiques. Listes sectorielles. Registres des entreprises. Publications commerciales. Il analyse m\u00eame les fournisseurs de vos concurrents.<\/p>\n<p>Il ne se contente pas de trouver les noms \u00e9vidents que tout le monde conna\u00eet. Il met en \u00e9vidence des fournisseurs plus petits que vous ne trouveriez jamais manuellement. Des acteurs r\u00e9gionaux proposant de meilleurs prix. Des sp\u00e9cialistes aux capacit\u00e9s uniques.<\/p>\n<p>Vous obtenez une liste compl\u00e8te en quelques minutes. Pas les trois fournisseurs que quelqu'un conna\u00eet par hasard. Toutes les options viables.<\/p>\n\n\n<h4 class=\"wp-block-heading\">\u00c9valuation compl\u00e8te des risques li\u00e9s aux fournisseurs<\/h4>\n\n\n<p>L'IA recueille des informations sur les risques \u00e0 partir de sources multiples :<\/p>\n<ul>\n<li><strong>Stabilit\u00e9 financi\u00e8re :<\/strong> Donn\u00e9es financi\u00e8res de l'entreprise. Cotes de cr\u00e9dit. Historique des paiements. Indicateurs de flux de tr\u00e9sorerie.<\/li>\n<li><strong>Historique de la conformit\u00e9 :<\/strong> Violations de la r\u00e9glementation. les probl\u00e8mes juridiques Sanctions de l'industrie. Certifications de qualit\u00e9.<\/li>\n<li><strong>Signaux de r\u00e9putation :<\/strong> Mentions dans les journaux. Avis de clients. Notations de l'industrie. Sentiment des m\u00e9dias sociaux.<\/li>\n<li><strong>Capacit\u00e9 op\u00e9rationnelle :<\/strong> Capacit\u00e9 de production. Liste de clients. Empreinte g\u00e9ographique. Infrastructure technologique.<\/li>\n<li><strong>Risque li\u00e9 \u00e0 la cha\u00eene d'approvisionnement :<\/strong> D\u00e9pendance \u00e0 l'\u00e9gard d'une seule source. Concentration g\u00e9ographique. Exposition g\u00e9opolitique.<\/li>\n<\/ul>\n<p>Il ne se contente pas de collecter des donn\u00e9es. Il les analyse. Il signale les drapeaux rouges. \u00c9value les niveaux de risque. vous montre ce qui est important.<\/p>\n<p>Un fournisseur semble excellent, mais il a trois proc\u00e8s en cours avec des clients ? L'IA le signale. Une petite entreprise dont les finances sont solides mais qui d\u00e9pend d'un seul client ? Vous le savez avant de vous engager.<\/p>\n\n\n<h4 class=\"wp-block-heading\">\u00c9value les qualifications des fournisseurs en fonction de vos crit\u00e8res<\/h4>\n\n\n<p>Chaque entreprise a des exigences diff\u00e9rentes \u00e0 l'\u00e9gard de ses fournisseurs. Certaines privil\u00e9gient les certifications. D'autres ont besoin de capacit\u00e9s sp\u00e9cifiques. D'autres encore exigent une proximit\u00e9 g\u00e9ographique.<\/p>\n<p>Vous d\u00e9finissez vos crit\u00e8res. L'IA \u00e9value chaque fournisseur en fonction de ces crit\u00e8res :<\/p>\n<ul>\n<li>Ont-ils les bonnes certifications ? (ISO, normes de qualit\u00e9 sp\u00e9cifiques au secteur)<\/li>\n<li>Peuvent-ils g\u00e9rer votre volume ? (Capacit\u00e9 de production, \u00e9volutivit\u00e9, d\u00e9lais)<\/li>\n<li>Ont-ils une exp\u00e9rience pertinente ? (produits similaires, connaissance du secteur, r\u00e9f\u00e9rences de clients)<\/li>\n<li>Sont-elles financi\u00e8rement stables ? (revenus, rentabilit\u00e9, cote de cr\u00e9dit)<\/li>\n<li>R\u00e9pondent-ils aux exigences techniques ? (\u00e9quipement, processus, technologie)<\/li>\n<\/ul>\n<p>Chaque fournisseur est not\u00e9. Class\u00e9. Compar\u00e9. Vous voyez qui r\u00e9pond r\u00e9ellement \u00e0 vos besoins, et non qui a le meilleur argument de vente.<\/p>\n<p>Et lorsque vos crit\u00e8res changent ? Mettez \u00e0 jour le mod\u00e8le de notation une seule fois. Chaque fournisseur est r\u00e9\u00e9valu\u00e9 instantan\u00e9ment.<\/p>\n\n\n<h4 class=\"wp-block-heading\">Comparaison intelligente des citations<\/h4>\n\n\n<p>Trois fournisseurs envoient des devis. Ils sont tous diff\u00e9rents. Diff\u00e9rents postes. Des conditions diff\u00e9rentes. Diff\u00e9rentes structures de remise. Pour les comparer manuellement, il faut \u00e9tablir une feuille de calcul et esp\u00e9rer ne rien oublier.<\/p>\n<p>L'IA normalise la comparaison des devis :<\/p>\n<ul>\n<li><strong>Analyse du co\u00fbt total :<\/strong> Pas seulement le prix unitaire. Exp\u00e9dition. Commandes minimales. Conditions de paiement. Frais cach\u00e9s. Co\u00fbt total r\u00e9el.<\/li>\n<li><strong>Normalisation des termes :<\/strong> Convertit les diff\u00e9rentes structures de devis en comparaisons \"pomme \u00e0 pomme\". Permet de d\u00e9jouer les pi\u00e8ges de la tarification.<\/li>\n<li><strong>Indicateurs de qualit\u00e9 :<\/strong> Facteurs relatifs aux conditions de garantie. Certifications de qualit\u00e9. Taux de d\u00e9fectuosit\u00e9 des commandes ant\u00e9rieures. Politiques de retour.<\/li>\n<li><strong>Diff\u00e9rences de niveau de service :<\/strong> Rapidit\u00e9 de livraison. Flexibilit\u00e9 des commandes. Assistance \u00e0 la client\u00e8le. Assistance technique. Tout n'est pas une question de prix.<\/li>\n<li><strong>Conditions du contrat :<\/strong> Conditions de paiement. Engagements de volume. Clauses d'ajustement des prix. Conditions de r\u00e9siliation.<\/li>\n<\/ul>\n<p>L'IA vous indique quel est le meilleur devis. Il ne s'agit pas seulement d'une offre moins ch\u00e8re, mais d'une meilleure valeur.<\/p>\n<p>Parfois, le prix le plus bas co\u00fbte plus cher si l'on tient compte des probl\u00e8mes de qualit\u00e9, de la lenteur des livraisons ou de la rigidit\u00e9 des conditions. L'IA fait le calcul.<\/p>\n\n\n<h4 class=\"wp-block-heading\">Veille permanente sur le march\u00e9<\/h4>\n\n\n<p>L'\u00e9valuation des fournisseurs n'est pas un \u00e9v\u00e9nement ponctuel. Les march\u00e9s changent. Les prix fluctuent. Les conditions d'approvisionnement changent. De nouveaux fournisseurs entrent sur le march\u00e9.<\/p>\n<p>L'IA surveille en permanence :<\/p>\n<ul>\n<li><strong>Tendances des prix :<\/strong> Payez-vous plus cher que le march\u00e9 ? Les prix sont-ils en hausse ou en baisse ? Quand faut-il ren\u00e9gocier ?<\/li>\n<li><strong>Conditions d'approvisionnement :<\/strong> P\u00e9nuries de mat\u00e9riaux. Contraintes de capacit\u00e9. Changements dans les d\u00e9lais d'ex\u00e9cution. Indicateurs de risque d'approvisionnement.<\/li>\n<li><strong>Changements dans l'industrie :<\/strong> Nouvelles technologies. Les changements de r\u00e9glementation. Consolidation du march\u00e9. Fusions ou fermetures de fournisseurs.<\/li>\n<li><strong>Veille concurrentielle :<\/strong> Quel est le prix pay\u00e9 par des entreprises similaires ? Quels fournisseurs utilisent-elles ? Le positionnement sur le march\u00e9 change.<\/li>\n<li><strong>Autres sources :<\/strong> L'arriv\u00e9e de nouveaux fournisseurs sur le march\u00e9. D\u00e9placements g\u00e9ographiques de la production. Mat\u00e9riaux ou produits de substitution.<\/li>\n<\/ul>\n<p>Vous n'avez pas besoin d'\u00e9tudier manuellement les conditions du march\u00e9. L'IA vous apporte l'intelligence au moment opportun.<\/p>\n<p>Un nouveau fournisseur dot\u00e9 d'une meilleure technologie vient d'entrer dans votre cat\u00e9gorie ? L'IA vous le dit. Les prix des mati\u00e8res premi\u00e8res baissent, mais votre fournisseur ne s'est pas adapt\u00e9 ? Vous le savez avant la prochaine n\u00e9gociation.<\/p>\n\n\n<hr class=\"wp-block-separator has-alpha-channel-opacity\"\/>\n\n\n\n<h3 class=\"wp-block-heading\">Ce que cela signifie pour vous<\/h3>\n\n\n\n<h4 class=\"wp-block-heading\">Pour les CPO et les responsables des achats<\/h4>\n\n\n<p>Vous obtenez une capacit\u00e9 d'approvisionnement strat\u00e9gique sans \u00e9largir votre \u00e9quipe.<\/p>\n<ul>\n<li><strong>Meilleure s\u00e9lection des fournisseurs :<\/strong> Plus d'options \u00e9valu\u00e9es. Notation objective. D\u00e9cisions fond\u00e9es sur des donn\u00e9es probantes.<\/li>\n<li><strong>Risque plus faible :<\/strong> Alerte pr\u00e9coce en cas de probl\u00e8mes avec les fournisseurs. \u00c9valuation compl\u00e8te des risques avant de s'engager.<\/li>\n<li><strong>Des prix plus comp\u00e9titifs :<\/strong> Information sur le march\u00e9 pour les n\u00e9gociations. Visibilit\u00e9 sur les tendances et les alternatives en mati\u00e8re de prix.<\/li>\n<li><strong>Priorit\u00e9 strat\u00e9gique :<\/strong> Votre \u00e9quipe n\u00e9gocie et \u00e9tablit des relations au lieu de rechercher des fournisseurs.<\/li>\n<li><strong>Cycles d'approvisionnement plus rapides :<\/strong> Des semaines de recherche compress\u00e9es en quelques jours. Une r\u00e9ponse plus rapide aux besoins de l'entreprise.<\/li>\n<\/ul>\n\n\n<h4 class=\"wp-block-heading\">Pour les responsables des achats et les acheteurs<\/h4>\n\n\n<p>Vous consacrez du temps aux n\u00e9gociations et aux relations, et non \u00e0 la recherche.<\/p>\n<ul>\n<li><strong>Options compl\u00e8tes pour les fournisseurs :<\/strong> Voir tous les fournisseurs viables, et pas seulement ceux que vous connaissez d\u00e9j\u00e0.<\/li>\n<li><strong>Confiance dans les choix des fournisseurs :<\/strong> Des recommandations \u00e9tay\u00e9es par des donn\u00e9es. Des preuves pour les d\u00e9cisions des fournisseurs.<\/li>\n<li><strong>Meilleure analyse des citations :<\/strong> Comparaison r\u00e9elle des co\u00fbts. Fini les feuilles de calcul manuelles.<\/li>\n<li><strong>Aper\u00e7u du march\u00e9 :<\/strong> Sachez ce qui se passe dans vos cat\u00e9gories. N\u00e9gociez en connaissance de cause.<\/li>\n<li><strong>L'heure est au travail strat\u00e9gique :<\/strong> Moins de temps pour trouver des fournisseurs. Plus de temps pour optimiser les relations avec les fournisseurs.<\/li>\n<\/ul>\n\n\n<h4 class=\"wp-block-heading\">Pour l'entreprise<\/h4>\n\n\n<p>De meilleurs fournisseurs signifient de meilleures op\u00e9rations et de meilleures marges.<\/p>\n<ul>\n<li><strong>De meilleurs fournisseurs :<\/strong> Trouvez les fournisseurs qui offrent r\u00e9ellement la qualit\u00e9, la fiabilit\u00e9 et la valeur.<\/li>\n<li><strong>De meilleurs prix :<\/strong> La connaissance du march\u00e9 permet de meilleures n\u00e9gociations. La concurrence permet d'obtenir de meilleures conditions.<\/li>\n<li><strong>Moins de ruptures d'approvisionnement :<\/strong> L'\u00e9valuation des risques permet de d\u00e9tecter les probl\u00e8mes avant qu'ils n'affectent la production.<\/li>\n<li><strong>D\u00e9lai de mise sur le march\u00e9 plus court :<\/strong> Recherche rapide de fournisseurs pour les nouveaux produits ou projets.<\/li>\n<li><strong>Avantage concurrentiel :<\/strong> Acc\u00e8s \u00e0 de meilleurs fournisseurs que les concurrents qui restent attach\u00e9s \u00e0 des relations anciennes.<\/li>\n<\/ul>\n\n\n<hr class=\"wp-block-separator has-alpha-channel-opacity\"\/>\n\n\n\n<h3 class=\"wp-block-heading\">Ce que l'IA ne fera pas<\/h3>\n\n\n<p>Soyons clairs sur les limites.<\/p>\n<p>L'IA ne remplace pas le jugement humain dans les relations avec les fournisseurs. Elle ne n\u00e9gocie pas les contrats. Elle n'\u00e9value pas si un fournisseur correspond \u00e0 la culture de votre organisation. Elle ne prend pas la d\u00e9cision finale concernant les partenariats strat\u00e9giques.<\/p>\n<p>Certaines d\u00e9cisions prises par les fournisseurs n\u00e9cessitent des connaissances humaines :<\/p>\n<ul>\n<li>Partenariats strat\u00e9giques avec des fournisseurs impliquant un d\u00e9veloppement ou des investissements partag\u00e9s<\/li>\n<li>N\u00e9gociation complexe o\u00f9 les relations et l'effet de levier sont importants<\/li>\n<li>Situations o\u00f9 la tol\u00e9rance au risque d\u00e9pend de la strat\u00e9gie de l'entreprise<\/li>\n<li>Fournisseurs de composants critiques pour lesquels la qualification va au-del\u00e0 des donn\u00e9es<\/li>\n<li>Facteurs relationnels qui n'apparaissent pas dans les notes ou les \u00e9valuations<\/li>\n<\/ul>\n<p>L'IA s'occupe de la recherche, de l'analyse et de l'\u00e9valuation. Votre \u00e9quipe charg\u00e9e des achats s'occupe de la strat\u00e9gie, des relations et des d\u00e9cisions.<\/p>\n<p>Mais ils prennent ces d\u00e9cisions en disposant de meilleures informations, d'un plus grand nombre d'options et en perdant moins de temps \u00e0 effectuer des recherches manuelles.<\/p>\n\n\n<hr class=\"wp-block-separator has-alpha-channel-opacity\"\/>\n\n\n\n<h3 class=\"wp-block-heading\">Des r\u00e9sultats concrets gr\u00e2ce \u00e0 l'IA pour la d\u00e9couverte des fournisseurs<\/h3>\n\n\n<p>Voici ce que cela donne en pratique :<\/p>\n\n<p><strong>Cycles d'approvisionnement plus rapides :<\/strong> La recherche de fournisseurs, qui prenait 3 \u00e0 4 semaines, ne prend plus que quelques jours. Votre \u00e9quipe \u00e9value plus de fournisseurs en moins de temps.<\/p>\n\n<p><strong>Meilleure tarification :<\/strong> Lorsque vous \u00e9valuez 10 fournisseurs au lieu de 3, vous obtenez de meilleurs prix. La concurrence joue en votre faveur.<\/p>\n\n<p><strong>L'\u00e9vitement du risque :<\/strong> Les fournisseurs ayant des probl\u00e8mes financiers ou des probl\u00e8mes de conformit\u00e9 sont rep\u00e9r\u00e9s avant la signature des contrats. Les probl\u00e8mes sont \u00e9vit\u00e9s, pas g\u00e9r\u00e9s.<\/p>\n\n<p><strong>Aper\u00e7u du march\u00e9 :<\/strong> Vos acheteurs n\u00e9gocient en connaissance du march\u00e9 au lieu d'esp\u00e9rer faire une bonne affaire.<\/p>\n\n<p><strong>Approvisionnement strat\u00e9gique :<\/strong> Votre \u00e9quipe se concentre sur l'\u00e9tablissement de relations avec les fournisseurs et la n\u00e9gociation des conditions, et non sur la recherche d'options.<\/p>\n\n<p>Il ne s'agit pas de remplacer l'expertise des acheteurs. Il s'agit de leur donner des outils qui leur permettent d'\u00eatre plus strat\u00e9giques.<\/p>\n\n\n<hr class=\"wp-block-separator has-alpha-channel-opacity\"\/>\n\n\n\n<h3 class=\"wp-block-heading\">Pr\u00eat \u00e0 am\u00e9liorer votre processus de d\u00e9couverte des fournisseurs ?<\/h3>\n\n\n<p>Les besoins de chaque entreprise en mati\u00e8re de recherche de fournisseurs sont diff\u00e9rents. Vos cat\u00e9gories ont des exigences uniques. Votre tol\u00e9rance au risque d\u00e9pend de votre mod\u00e8le d'entreprise. Vos crit\u00e8res de s\u00e9lection des fournisseurs refl\u00e8tent vos priorit\u00e9s.<\/p>\n<p>Nous ne vendons pas d'outils g\u00e9n\u00e9riques de recherche de fournisseurs. Nous examinons vos d\u00e9fis sp\u00e9cifiques en mati\u00e8re de sourcing. Nous identifions les domaines dans lesquels l'IA peut r\u00e9ellement am\u00e9liorer et acc\u00e9l\u00e9rer l'\u00e9valuation des fournisseurs. Nous construisons des syst\u00e8mes qui correspondent \u00e0 la fa\u00e7on dont votre \u00e9quipe d'approvisionnement travaille.<\/p>\n<p>Pas de battage m\u00e9diatique sur l'\"IA r\u00e9volutionnaire\". Juste des outils pratiques qui rendent vos acheteurs plus efficaces dans la recherche et l'\u00e9valuation des fournisseurs.<\/p>\n\n<p><a href=\"https:\/\/www.leaplytics.de\/fr\/contact\/\">Parlons de votre processus de recherche de fournisseurs<\/a><\/p>\n\n<p><a href=\"https:\/\/www.leaplytics.de\/fr\/sourcing-procurement-ai\/\">Retour \u00e0 Sourcing &amp; Procurement AI<\/a><\/p>","protected":false},"excerpt":{"rendered":"<p>AI for Supplier Discovery &#038; Evaluation: Find Better Suppliers Faster Finding the right supplier is one of the most important decisions in procurement. Get it right and you have quality products, reliable delivery, and competitive prices. Get it wrong and you&#8217;re dealing with delays, quality issues, and budget overruns. But finding and evaluating suppliers takes &hellip; <\/p>","protected":false},"author":2,"featured_media":0,"parent":0,"menu_order":0,"comment_status":"closed","ping_status":"closed","template":"","meta":{"footnotes":""},"class_list":["post-14513","page","type-page","status-publish","hentry","latest_post"],"_links":{"self":[{"href":"https:\/\/www.leaplytics.de\/fr\/wp-json\/wp\/v2\/pages\/14513","targetHints":{"allow":["GET"]}}],"collection":[{"href":"https:\/\/www.leaplytics.de\/fr\/wp-json\/wp\/v2\/pages"}],"about":[{"href":"https:\/\/www.leaplytics.de\/fr\/wp-json\/wp\/v2\/types\/page"}],"author":[{"embeddable":true,"href":"https:\/\/www.leaplytics.de\/fr\/wp-json\/wp\/v2\/users\/2"}],"replies":[{"embeddable":true,"href":"https:\/\/www.leaplytics.de\/fr\/wp-json\/wp\/v2\/comments?post=14513"}],"version-history":[{"count":1,"href":"https:\/\/www.leaplytics.de\/fr\/wp-json\/wp\/v2\/pages\/14513\/revisions"}],"predecessor-version":[{"id":14522,"href":"https:\/\/www.leaplytics.de\/fr\/wp-json\/wp\/v2\/pages\/14513\/revisions\/14522"}],"wp:attachment":[{"href":"https:\/\/www.leaplytics.de\/fr\/wp-json\/wp\/v2\/media?parent=14513"}],"curies":[{"name":"wp","href":"https:\/\/api.w.org\/{rel}","templated":true}]}}