{"id":1785,"date":"2021-04-30T00:16:19","date_gmt":"2021-04-29T22:16:19","guid":{"rendered":"https:\/\/www.leaplytics.de\/?page_id=1785"},"modified":"2024-10-29T13:47:21","modified_gmt":"2024-10-29T12:47:21","slug":"suite-de-gestion-de-projet-pour-qliksense","status":"publish","type":"page","link":"https:\/\/www.leaplytics.de\/fr\/page-daccueil\/qlik-sense-extensions\/suite-de-gestion-de-projet-pour-qliksense\/","title":{"rendered":"Suite de gestion de projet pour Qlik Sense"},"content":{"rendered":"<p>D\u00e9barrassez-vous d'un patchwork inadapt\u00e9 et non mature pour la gestion de projet dans Qlik Sense avec LeapLytics Project Management Suite !<\/p>\n\n\n\n<p>La suite de gestion de projet pour Qlik Sense comprend tout ce dont vous avez besoin pour cr\u00e9er un rapport complet sur l'\u00e9tat de la gestion de projet. Elle comprend 3 visualisations uniques : Feu de circulation, Matrice des risques et Ligne du temps. En outre, vous disposez des extensions n\u00e9cessaires pour concevoir votre tableau de bord de gestion de projet. Les extensions sont tr\u00e8s performantes, d'une grande maturit\u00e9 et d'une grande facilit\u00e9 d'utilisation, ainsi que d'une grande souplesse pour s'adapter \u00e0 vos besoins individuels.<\/p>\n\n\n\n<p>La suite comprend des compl\u00e9ments pertinents qui am\u00e9liorent r\u00e9ellement la cr\u00e9ation d'un tableau de bord de gestion de projet. Le Divider Strokes permet de structurer le tableau de bord en zones pour guider l'utilisateur avec une performance maximale. Le visualiseur de maturit\u00e9 apporte plus de clart\u00e9 sur les \u00e9tapes ou les phases du projet. L'extension Logo de l'entreprise transf\u00e8re le logo de votre entreprise en un objet QlikSense utilisable. La conversion de votre logo est gratuite.<\/p>\n\n\n\n<p>La suite est \u00e9galement livr\u00e9e avec une int\u00e9gration de regroupement facile \u00e0 utiliser afin de voir les extensions de gestion de projet d'un seul coup d'\u0153il. Les extensions pr\u00e9sentent un guidage harmonis\u00e9 de l'utilisateur \u00e0 travers les param\u00e8tres ainsi qu'une manipulation intuitive sans exp\u00e9rience de codage. La documentation compl\u00e8te avec des cas d'utilisation li\u00e9s \u00e0 l'entreprise compl\u00e8te la facilit\u00e9 d'utilisation. Des versions fr\u00e9quentes et solides permettent de maintenir votre cas d'utilisation \u00e0 jour.<\/p>\n\n\n\n<h3 class=\"wp-block-heading\">Suite de gestion de projet pour le contenu de Qlik Sense<\/h3>\n\n\n\n<p>Veuillez ouvrir la documentation officielle en cliquant sur l'image. <\/p>\n\n\n\n<div class=\"wp-block-columns is-layout-flex wp-container-core-columns-is-layout-1 wp-block-columns-is-layout-flex\">\n<div class=\"wp-block-column is-layout-flow wp-block-column-is-layout-flow\">\n<h4 class=\"wp-block-heading\"><strong>Feu de circulation<\/strong><\/h4>\n<\/div>\n\n\n\n<div class=\"wp-block-column is-layout-flow wp-block-column-is-layout-flow\">\n<h4 class=\"wp-block-heading\"><strong>Carte thermique des risques<\/strong><\/h4>\n<\/div>\n\n\n\n<div class=\"wp-block-column is-layout-flow wp-block-column-is-layout-flow\">\n<h4 class=\"wp-block-heading\"><strong>Chronologie<\/strong><\/h4>\n<\/div>\n\n\n\n<div class=\"wp-block-column is-layout-flow wp-block-column-is-layout-flow\">\n<h4 class=\"wp-block-heading\"><strong>Acc\u00e9l\u00e9rateurs<\/strong><\/h4>\n<\/div>\n<\/div>\n\n\n\n<div class=\"wp-block-columns is-layout-flex wp-container-core-columns-is-layout-2 wp-block-columns-is-layout-flex\">\n<div class=\"wp-block-column is-layout-flow wp-block-column-is-layout-flow\">\n<figure class=\"wp-block-image size-full\"><img loading=\"lazy\" decoding=\"async\" width=\"287\" height=\"300\" src=\"https:\/\/www.leaplytics.de\/wp-content\/uploads\/2021\/11\/TrafficLight300pixel.png\" alt=\"\" class=\"wp-image-2361\" title=\"Project Management Suite Traffic Light\" srcset=\"https:\/\/www.leaplytics.de\/wp-content\/uploads\/2021\/11\/TrafficLight300pixel.png 287w, https:\/\/www.leaplytics.de\/wp-content\/uploads\/2021\/11\/TrafficLight300pixel-57x60.png 57w\" sizes=\"auto, (max-width: 287px) 100vw, 287px\" \/><\/figure>\n<\/div>\n\n\n\n<div class=\"wp-block-column is-layout-flow wp-block-column-is-layout-flow\">\n<figure class=\"wp-block-image size-full\"><img loading=\"lazy\" decoding=\"async\" width=\"287\" height=\"300\" src=\"https:\/\/www.leaplytics.de\/wp-content\/uploads\/2021\/11\/RiskHeatmap-Kasten-Blau_300pixel.png\" alt=\"\" class=\"wp-image-2363\" title=\"Carte des risques de la suite de gestion de projet\" srcset=\"https:\/\/www.leaplytics.de\/wp-content\/uploads\/2021\/11\/RiskHeatmap-Kasten-Blau_300pixel.png 287w, https:\/\/www.leaplytics.de\/wp-content\/uploads\/2021\/11\/RiskHeatmap-Kasten-Blau_300pixel-57x60.png 57w\" sizes=\"auto, (max-width: 287px) 100vw, 287px\" \/><\/figure>\n<\/div>\n\n\n\n<div class=\"wp-block-column is-vertically-aligned-center is-layout-flow wp-block-column-is-layout-flow\"><div class=\"wp-block-image\">\n<figure class=\"aligncenter size-full\"><img loading=\"lazy\" decoding=\"async\" width=\"287\" height=\"300\" src=\"https:\/\/www.leaplytics.de\/wp-content\/uploads\/2021\/11\/TIMELINE_300pixel.png\" alt=\"\" class=\"wp-image-2364\" title=\"Project Management Suite Milestone View\" srcset=\"https:\/\/www.leaplytics.de\/wp-content\/uploads\/2021\/11\/TIMELINE_300pixel.png 287w, https:\/\/www.leaplytics.de\/wp-content\/uploads\/2021\/11\/TIMELINE_300pixel-57x60.png 57w\" sizes=\"auto, (max-width: 287px) 100vw, 287px\" \/><\/figure><\/div><\/div>\n\n\n\n<div class=\"wp-block-column is-layout-flow wp-block-column-is-layout-flow\">\n<figure class=\"wp-block-image size-full\"><img loading=\"lazy\" decoding=\"async\" width=\"567\" height=\"593\" src=\"https:\/\/www.leaplytics.de\/wp-content\/uploads\/2021\/11\/Accelerators_1_300pixel.png\" alt=\"\" class=\"wp-image-2365\" title=\"Acc\u00e9l\u00e9rateur de la suite de gestion de projet\" srcset=\"https:\/\/www.leaplytics.de\/wp-content\/uploads\/2021\/11\/Accelerators_1_300pixel.png 567w, https:\/\/www.leaplytics.de\/wp-content\/uploads\/2021\/11\/Accelerators_1_300pixel-287x300.png 287w, https:\/\/www.leaplytics.de\/wp-content\/uploads\/2021\/11\/Accelerators_1_300pixel-57x60.png 57w\" sizes=\"auto, (max-width: 567px) 100vw, 567px\" \/><\/figure>\n<\/div>\n<\/div>\n\n\n\n<div class=\"wp-block-columns is-layout-flex wp-container-core-columns-is-layout-3 wp-block-columns-is-layout-flex\">\n<div class=\"wp-block-column is-layout-flow wp-block-column-is-layout-flow\">\n<h6 class=\"wp-block-heading\">Effacer l'indication d'\u00e9tat<\/h6>\n\n\n\n<h6 class=\"wp-block-heading\">Des gammes flexibles pour tous les types d'unit\u00e9s<\/h6>\n\n\n\n<h6 class=\"wp-block-heading\">Un aspect et une convivialit\u00e9 personnalis\u00e9s et une utilisation facile<\/h6>\n<\/div>\n\n\n\n<div class=\"wp-block-column is-layout-flow wp-block-column-is-layout-flow\">\n<h6 class=\"wp-block-heading\">Profils de risque complets<\/h6>\n\n\n\n<h6 class=\"wp-block-heading\">Grille stable et simple pour 2 cat\u00e9gories<\/h6>\n\n\n\n<h6 class=\"wp-block-heading\">Diff\u00e9rents ensembles de champs et codes de couleur<\/h6>\n<\/div>\n\n\n\n<div class=\"wp-block-column is-layout-flow wp-block-column-is-layout-flow\">\n<h6 class=\"wp-block-heading\">Affichage d'\u00e9tapes \u00e9chelonn\u00e9es dans le temps<\/h6>\n\n\n\n<h6 class=\"wp-block-heading\">Mise \u00e0 l'\u00e9chelle automatique de la ligne de temps avec d\u00e9but et fin<\/h6>\n\n\n\n<h6 class=\"wp-block-heading\">Descriptions flexibles et couleurs divergentes<\/h6>\n<\/div>\n\n\n\n<div class=\"wp-block-column is-layout-flow wp-block-column-is-layout-flow\">\n<h6 class=\"wp-block-heading\">Compl\u00e9ments performants<\/h6>\n\n\n\n<h6 class=\"wp-block-heading\">Logo individuel de l'entreprise<\/h6>\n\n\n\n<h6 class=\"wp-block-heading\">Vue de la maturit\u00e9 pour de nombreux cas d'utilisation<\/h6>\n<\/div>\n<\/div>\n\n\n\n<hr class=\"wp-block-separator has-css-opacity\"\/>\n\n\n\n<p>Inscrivez-vous ici pour recevoir des mises \u00e0 jour et des communiqu\u00e9s exclusifs : <a href=\"https:\/\/www.leaplytics.de\/fr\/subscribe_product\/\"><strong>Abonnement<\/strong><\/a><\/p>\n\n\n\n<div class=\"wp-block-columns are-vertically-aligned-center is-layout-flex wp-container-core-columns-is-layout-4 wp-block-columns-is-layout-flex\">\n<div class=\"wp-block-column is-vertically-aligned-center is-layout-flow wp-block-column-is-layout-flow\" style=\"flex-basis:100%\">\n<p><\/p>\n<\/div>\n<\/div>\n\n\n\n<p><\/p>","protected":false},"excerpt":{"rendered":"<p>Obtenez une vision visuelle pr\u00e9cise de vos profils de risque avec Risk Heatmap pour QilkSense ! L'extension est con\u00e7ue pour visualiser les profils, qui sont mesur\u00e9s dans une matrice de deux KPI et de diff\u00e9rentes cat\u00e9gories. Elle est capable de visualiser plusieurs indicateurs (jusqu'\u00e0 4 dans la version gratuite) par champ. Diff\u00e9rents param\u00e8tres, tels que la possibilit\u00e9 de basculer facilement entre une matrice de 3\u00d73 et 5\u00d75 champs, les param\u00e8tres de bordure et de texte, permettent d'adapter cette extension \u00e0 vos besoins en mati\u00e8re de rapports. <\/p>\n<p>Cette extension peut \u00e9galement \u00eatre utilis\u00e9e pour surveiller et indiquer des seuils pour tous les types de mesures physiques, d'indicateurs de qualit\u00e9 et de divergences en g\u00e9n\u00e9ral. Elle peut ainsi \u00eatre appliqu\u00e9e \u00e0 un grand nombre de cas d'utilisation dans diff\u00e9rentes entreprises.<\/p>","protected":false},"author":1,"featured_media":0,"parent":227,"menu_order":1,"comment_status":"closed","ping_status":"closed","template":"","meta":{"footnotes":""},"class_list":["post-1785","page","type-page","status-publish","hentry","latest_post"],"_links":{"self":[{"href":"https:\/\/www.leaplytics.de\/fr\/wp-json\/wp\/v2\/pages\/1785","targetHints":{"allow":["GET"]}}],"collection":[{"href":"https:\/\/www.leaplytics.de\/fr\/wp-json\/wp\/v2\/pages"}],"about":[{"href":"https:\/\/www.leaplytics.de\/fr\/wp-json\/wp\/v2\/types\/page"}],"author":[{"embeddable":true,"href":"https:\/\/www.leaplytics.de\/fr\/wp-json\/wp\/v2\/users\/1"}],"replies":[{"embeddable":true,"href":"https:\/\/www.leaplytics.de\/fr\/wp-json\/wp\/v2\/comments?post=1785"}],"version-history":[{"count":3,"href":"https:\/\/www.leaplytics.de\/fr\/wp-json\/wp\/v2\/pages\/1785\/revisions"}],"predecessor-version":[{"id":13665,"href":"https:\/\/www.leaplytics.de\/fr\/wp-json\/wp\/v2\/pages\/1785\/revisions\/13665"}],"up":[{"embeddable":true,"href":"https:\/\/www.leaplytics.de\/fr\/wp-json\/wp\/v2\/pages\/227"}],"wp:attachment":[{"href":"https:\/\/www.leaplytics.de\/fr\/wp-json\/wp\/v2\/media?parent=1785"}],"curies":[{"name":"wp","href":"https:\/\/api.w.org\/{rel}","templated":true}]}}