{"id":2301,"date":"2021-09-10T23:49:33","date_gmt":"2021-09-10T21:49:33","guid":{"rendered":"https:\/\/www.leaplytics.de\/?page_id=2301"},"modified":"2022-05-08T00:34:51","modified_gmt":"2022-05-07T22:34:51","slug":"gestion-de-projets-visuels-personnalises-microsoft-powerbi","status":"publish","type":"page","link":"https:\/\/www.leaplytics.de\/fr\/page-daccueil\/gestion-de-projets-visuels-personnalises-microsoft-powerbi\/","title":{"rendered":"Visuels personnalis\u00e9s de gestion de projet pour Microsoft Power BI"},"content":{"rendered":"<p><strong>Efficace et li\u00e9 \u00e0 l'entreprise<\/strong> est la marque d\u00e9pos\u00e9e de LeapLytics et la valeur ajout\u00e9e de nos solutions.<\/p>\n<p>Nos visuels personnalis\u00e9s de gestion de projet pour Microsoft Power BI sont officiellement approuv\u00e9s par Microsoft et int\u00e8grent vos solutions individuelles. Utilisez les diff\u00e9rentes possibilit\u00e9s pour am\u00e9liorer votre tableau de bord et mettre en \u0153uvre vos id\u00e9es. Les extensions suivent une structure claire et sont construites en mettant l'accent sur l'utilisateur afin de les rendre aussi intuitives que possible sans pour autant renoncer \u00e0 des fonctionnalit\u00e9s importantes.<\/p>\n<p>Par cons\u00e9quent, une documentation compl\u00e8te avec une description d\u00e9taill\u00e9e des cas d'utilisation possibles acc\u00e9l\u00e8re l'utilisation et la mise en \u0153uvre.<\/p>\n<p>Veuillez trouver ci-dessous les visuels disponibles et explorer les fonctionnalit\u00e9s en cliquant sur les images.<\/p>\n<p>\u00a0<\/p>\n\n\n<div class=\"wp-block-media-text alignwide is-stacked-on-mobile\" style=\"grid-template-columns:43% auto\"><figure class=\"wp-block-media-text__media\"><a href=\"https:\/\/www.leaplytics.de\/fr\/page-daccueil\/project-management-visuals-ms-powerbi\/feux-tricolores-pour-le-power-bi\/\"><img loading=\"lazy\" decoding=\"async\" width=\"287\" height=\"300\" src=\"https:\/\/www.leaplytics.de\/wp-content\/uploads\/2021\/11\/TrafficLight300pixel.png\" alt=\"\" class=\"wp-image-2361 size-full\" srcset=\"https:\/\/www.leaplytics.de\/wp-content\/uploads\/2021\/11\/TrafficLight300pixel.png 287w, https:\/\/www.leaplytics.de\/wp-content\/uploads\/2021\/11\/TrafficLight300pixel-57x60.png 57w\" sizes=\"auto, (max-width: 287px) 100vw, 287px\" \/><\/a><\/figure><div class=\"wp-block-media-text__content\">\n<p class=\"has-large-font-size\">Traffic Light Custom Visual<\/p>\n<\/div><\/div>\n\n\n\n<p><\/p>","protected":false},"excerpt":{"rendered":"<p>L'efficacit\u00e9 et le lien avec l'entreprise sont la marque de fabrique de LeapLytics et la valeur ajout\u00e9e de nos solutions.\u00a0<\/p>","protected":false},"author":1,"featured_media":0,"parent":111,"menu_order":0,"comment_status":"closed","ping_status":"closed","template":"","meta":{"footnotes":""},"class_list":["post-2301","page","type-page","status-publish","hentry","latest_post"],"_links":{"self":[{"href":"https:\/\/www.leaplytics.de\/fr\/wp-json\/wp\/v2\/pages\/2301","targetHints":{"allow":["GET"]}}],"collection":[{"href":"https:\/\/www.leaplytics.de\/fr\/wp-json\/wp\/v2\/pages"}],"about":[{"href":"https:\/\/www.leaplytics.de\/fr\/wp-json\/wp\/v2\/types\/page"}],"author":[{"embeddable":true,"href":"https:\/\/www.leaplytics.de\/fr\/wp-json\/wp\/v2\/users\/1"}],"replies":[{"embeddable":true,"href":"https:\/\/www.leaplytics.de\/fr\/wp-json\/wp\/v2\/comments?post=2301"}],"version-history":[{"count":0,"href":"https:\/\/www.leaplytics.de\/fr\/wp-json\/wp\/v2\/pages\/2301\/revisions"}],"up":[{"embeddable":true,"href":"https:\/\/www.leaplytics.de\/fr\/wp-json\/wp\/v2\/pages\/111"}],"wp:attachment":[{"href":"https:\/\/www.leaplytics.de\/fr\/wp-json\/wp\/v2\/media?parent=2301"}],"curies":[{"name":"wp","href":"https:\/\/api.w.org\/{rel}","templated":true}]}}