{"id":368,"date":"2020-10-20T21:17:49","date_gmt":"2020-10-20T19:17:49","guid":{"rendered":"https:\/\/www.leaplytics.de\/?page_id=368"},"modified":"2020-10-20T21:32:37","modified_gmt":"2020-10-20T19:32:37","slug":"impression","status":"publish","type":"page","link":"https:\/\/www.leaplytics.de\/fr\/impression\/","title":{"rendered":"Impression"},"content":{"rendered":"<p>Informations conform\u00e9ment \u00e0 l'article 5 de la loi sur les march\u00e9s publics<\/p><p>LeapLytics GmbH<br \/>Stefan Preusler &amp; Dominik Galsheimer<br \/>Teutonenweg 18<br \/>63128 Dietzenbach<br \/>Allemagne<br \/><\/p><p><b>Vertreten durch :<\/b> Stefan Preusler &amp; Dominik Galsheimer<br \/><\/p><p><b>Kontakt :<\/b><br\/>E-Mail : <img decoding=\"async\" class=\"dsgvoaio_emailpng\" src=\"https:\/\/www.leaplytics.de\/wp-content\/dsgvo-all-in-one-wp-pro\/sserdaliame.png\"><br\/><\/p><p><b>Registre d'immatriculation :<\/b><br\/>Registergericht : Amtsgericht Offenbach am Main<br\/>Registernummer : HRB 53774<br\/><\/p><p><b>Umsatzsteuer-ID :<\/b> DE344747402<\/p><b>Haftungsausschluss<\/b><br \/><b>Haftung f\u00fcr Links :<\/b><p>Notre offre contient des liens vers des sites Web externes, sur lesquels nous n'avons aucune influence. Par cons\u00e9quent, nous ne pouvons pas non plus exiger de r\u00e9mun\u00e9ration pour ces contenus libres. Pour les contenus des pages reli\u00e9es, c'est toujours l'auteur ou le propri\u00e9taire de ces pages qui est responsable. Les pages reli\u00e9es ont \u00e9t\u00e9 soumises \u00e0 des restrictions de droits l\u00e9gitimes au moment de l'\u00e9tablissement du lien. Rechtswidrige Inhalte waren zum Zeitpunkt der Verlinkung nicht erkennbar. Eine permanente inhaltliche Kontrolle der verlinkten Seiten ist jedoch ohne konkrete Anhaltspunkte einer Rechtsverletzung nicht zumutbar. En cas d'infraction \u00e0 la l\u00e9gislation sur les droits d'auteur, les liens suivants seront supprim\u00e9s.<\/p><b>Haftung f\u00fcr Inhalt :<\/b><p>Les contenus de nos pages ont \u00e9t\u00e9 con\u00e7us avec une plus grande pr\u00e9cision. Pour la richesse, l'exhaustivit\u00e9 et l'actualit\u00e9 des informations, nous ne pouvons cependant pas nous pr\u00e9valoir d'un droit \u00e0 l'information. En tant que destinataire, nous sommes tenus, en vertu de l'article 7, paragraphe 1, du TMG, de respecter les dispositions g\u00e9n\u00e9rales pour nos propres contenus figurant sur ces pages. Conform\u00e9ment aux articles 8 \u00e0 10 du TMG, nous ne sommes pas tenus, en tant que destinataires, d'utiliser des informations gratuites, qu'elles aient \u00e9t\u00e9 transmises ou non, ou de les utiliser dans le cadre d'activit\u00e9s qui rel\u00e8vent d'un droit de propri\u00e9t\u00e9 directe. Les dispositions relatives \u00e0 l'obtention ou \u00e0 l'ex\u00e9cution de l'utilisation d'informations conform\u00e9ment aux dispositions g\u00e9n\u00e9rales ne sont pas prises en compte. Une telle compensation n'est toutefois possible qu'\u00e0 partir du moment o\u00f9 l'on a connaissance d'une violation grave des droits de l'homme. Si vous \u00eates victime d'une violation des droits de l'homme, nous nous r\u00e9servons le droit de modifier ces informations \u00e0 tout moment.<\/p><b>Urheberrecht<\/b><br \/><p>Les textes et travaux pr\u00e9sent\u00e9s sur ces pages par les auteurs de la page d'accueil ne sont pas conformes \u00e0 la l\u00e9gislation allemande sur les droits d'auteur. La r\u00e9vision, le traitement, la reproduction et toute forme d'interpr\u00e9tation dans le respect des r\u00e8gles du droit d'auteur doivent \u00eatre conformes \u00e0 la l\u00e9gislation sur les droits d'auteur des auteurs et des vendeurs. Les t\u00e9l\u00e9chargements et les copies de ce site ne sont destin\u00e9s qu'\u00e0 un usage priv\u00e9 et non commercial. Si les contenus de ce site n'ont pas \u00e9t\u00e9 cr\u00e9\u00e9s par le propri\u00e9taire, les droits d'auteur doivent \u00eatre respect\u00e9s. C'est pourquoi les documents pr\u00e9sent\u00e9s sur cette page sont consid\u00e9r\u00e9s comme tels. Si vous \u00eates pr\u00e9occup\u00e9 par un probl\u00e8me d'usure, nous vous donnons un conseil appropri\u00e9. En cas de reconnaissance d'une violation des droits de l'homme, nous nous r\u00e9servons le droit d'en modifier les termes.<\/p>","protected":false},"excerpt":{"rendered":"","protected":false},"author":1,"featured_media":0,"parent":0,"menu_order":0,"comment_status":"closed","ping_status":"closed","template":"","meta":{"footnotes":""},"class_list":["post-368","page","type-page","status-publish","hentry","latest_post"],"_links":{"self":[{"href":"https:\/\/www.leaplytics.de\/fr\/wp-json\/wp\/v2\/pages\/368","targetHints":{"allow":["GET"]}}],"collection":[{"href":"https:\/\/www.leaplytics.de\/fr\/wp-json\/wp\/v2\/pages"}],"about":[{"href":"https:\/\/www.leaplytics.de\/fr\/wp-json\/wp\/v2\/types\/page"}],"author":[{"embeddable":true,"href":"https:\/\/www.leaplytics.de\/fr\/wp-json\/wp\/v2\/users\/1"}],"replies":[{"embeddable":true,"href":"https:\/\/www.leaplytics.de\/fr\/wp-json\/wp\/v2\/comments?post=368"}],"version-history":[{"count":0,"href":"https:\/\/www.leaplytics.de\/fr\/wp-json\/wp\/v2\/pages\/368\/revisions"}],"wp:attachment":[{"href":"https:\/\/www.leaplytics.de\/fr\/wp-json\/wp\/v2\/media?parent=368"}],"curies":[{"name":"wp","href":"https:\/\/api.w.org\/{rel}","templated":true}]}}