{"id":6464,"date":"2022-04-25T20:31:18","date_gmt":"2022-04-25T18:31:18","guid":{"rendered":"https:\/\/www.leaplytics.de\/?page_id=6464"},"modified":"2022-04-26T20:20:47","modified_gmt":"2022-04-26T18:20:47","slug":"extensions-du-tableau-de-bord-qlik-sense","status":"publish","type":"page","link":"https:\/\/www.leaplytics.de\/fr\/extensions-du-tableau-de-bord-qlik-sense\/","title":{"rendered":"Tableau de bord et extensions Qlik Sense"},"content":{"rendered":"<p style=\"font-size:18px\"><strong>Efficace et li\u00e9 \u00e0 l'entreprise<\/strong> est la marque d\u00e9pos\u00e9e de LeapLytics et la valeur ajout\u00e9e de nos solutions.<\/p>\n\n\n\n<figure class=\"wp-block-image size-full\"><img loading=\"lazy\" decoding=\"async\" width=\"1510\" height=\"785\" src=\"https:\/\/www.leaplytics.de\/wp-content\/uploads\/2022\/04\/Dashboard_QlikSense.png\" alt=\"\" class=\"wp-image-6468\" srcset=\"https:\/\/www.leaplytics.de\/wp-content\/uploads\/2022\/04\/Dashboard_QlikSense.png 1510w, https:\/\/www.leaplytics.de\/wp-content\/uploads\/2022\/04\/Dashboard_QlikSense-300x156.png 300w, https:\/\/www.leaplytics.de\/wp-content\/uploads\/2022\/04\/Dashboard_QlikSense-1024x532.png 1024w, https:\/\/www.leaplytics.de\/wp-content\/uploads\/2022\/04\/Dashboard_QlikSense-768x399.png 768w, https:\/\/www.leaplytics.de\/wp-content\/uploads\/2022\/04\/Dashboard_QlikSense-115x60.png 115w\" sizes=\"auto, (max-width: 1510px) 100vw, 1510px\" \/><\/figure>\n\n\n\n<div class=\"wp-block-buttons is-content-justification-center is-layout-flex wp-container-core-buttons-is-layout-1 wp-block-buttons-is-layout-flex\">\n<div class=\"wp-block-button\"><a class=\"wp-block-button__link has-background\" href=\"https:\/\/www.leaplytics.de\/fr\/page-daccueil\/tableau-de-bord-de-gestion-de-projet-qlik-sense\/\" style=\"background:linear-gradient(135deg,rgb(202,248,128) 0%,rgb(0,152,69) 100%)\">Afficher le tableau de bord<\/a><\/div>\n<\/div>\n\n\n\n<div style=\"height:100px\" aria-hidden=\"true\" class=\"wp-block-spacer\"><\/div>\n\n\n\n<p style=\"font-size:18px\">Nos extensions de gestion de projet sont officiellement approuv\u00e9es par Qlik et int\u00e8grent vos solutions individuelles. Utilisez les diff\u00e9rentes possibilit\u00e9s pour am\u00e9liorer votre tableau de bord et mettre en \u0153uvre vos id\u00e9es. Les extensions suivent une structure claire et sont construites en mettant l'accent sur l'utilisateur afin de les rendre aussi intuitives que possible sans renoncer \u00e0 des fonctionnalit\u00e9s importantes.<\/p>\n\n\n\n<div style=\"height:100px\" aria-hidden=\"true\" class=\"wp-block-spacer\"><\/div>\n\n\n\n<div class=\"wp-block-media-text alignwide is-stacked-on-mobile\" style=\"grid-template-columns:60% auto\"><figure class=\"wp-block-media-text__media\"><img loading=\"lazy\" decoding=\"async\" width=\"1024\" height=\"576\" src=\"https:\/\/www.leaplytics.de\/wp-content\/uploads\/2022\/04\/First_Slice_Traffic_Light_QlikSense_green-1024x576.png\" alt=\"\" class=\"wp-image-6469 size-full\" srcset=\"https:\/\/www.leaplytics.de\/wp-content\/uploads\/2022\/04\/First_Slice_Traffic_Light_QlikSense_green-1024x576.png 1024w, https:\/\/www.leaplytics.de\/wp-content\/uploads\/2022\/04\/First_Slice_Traffic_Light_QlikSense_green-300x169.png 300w, https:\/\/www.leaplytics.de\/wp-content\/uploads\/2022\/04\/First_Slice_Traffic_Light_QlikSense_green-768x432.png 768w, https:\/\/www.leaplytics.de\/wp-content\/uploads\/2022\/04\/First_Slice_Traffic_Light_QlikSense_green-107x60.png 107w, https:\/\/www.leaplytics.de\/wp-content\/uploads\/2022\/04\/First_Slice_Traffic_Light_QlikSense_green.png 1140w\" sizes=\"auto, (max-width: 1024px) 100vw, 1024px\" \/><\/figure><div class=\"wp-block-media-text__content\">\n<p style=\"font-size:30px\"><strong>Feu de circulation <\/strong><em>Extension<\/em><\/p>\n\n\n\n<p style=\"font-size:18px\">Gardez la trace de l'\u00e9tat de votre projet et de tout type de seuil avec cette solution visuelle de feux de circulation ! C'est l'objectif principal de cette extension de feux de signalisation. \"Traffic Light\" est une extension Qlik Sense hautement personnalisable pour le suivi de vos KPIs. <\/p>\n<\/div><\/div>\n\n\n\n<div class=\"wp-block-media-text alignwide has-media-on-the-right is-stacked-on-mobile\" style=\"grid-template-columns:auto 40%\"><figure class=\"wp-block-media-text__media\"><img loading=\"lazy\" decoding=\"async\" width=\"1024\" height=\"576\" src=\"https:\/\/www.leaplytics.de\/wp-content\/uploads\/2022\/04\/Second_Slice_Traffic_light_QlikSense_green-1024x576.png\" alt=\"\" class=\"wp-image-6470 size-full\" srcset=\"https:\/\/www.leaplytics.de\/wp-content\/uploads\/2022\/04\/Second_Slice_Traffic_light_QlikSense_green-1024x576.png 1024w, https:\/\/www.leaplytics.de\/wp-content\/uploads\/2022\/04\/Second_Slice_Traffic_light_QlikSense_green-300x169.png 300w, https:\/\/www.leaplytics.de\/wp-content\/uploads\/2022\/04\/Second_Slice_Traffic_light_QlikSense_green-768x432.png 768w, https:\/\/www.leaplytics.de\/wp-content\/uploads\/2022\/04\/Second_Slice_Traffic_light_QlikSense_green-107x60.png 107w, https:\/\/www.leaplytics.de\/wp-content\/uploads\/2022\/04\/Second_Slice_Traffic_light_QlikSense_green.png 1140w\" sizes=\"auto, (max-width: 1024px) 100vw, 1024px\" \/><\/figure><div class=\"wp-block-media-text__content\">\n<p style=\"font-size:18px\">Traffic Light Extension for Qlik Sense peut \u00e9galement \u00eatre utilis\u00e9 pour surveiller et indiquer des seuils pour tous les types de mesures physiques, d'indicateurs de qualit\u00e9 et de divergences en g\u00e9n\u00e9ral. Il peut \u00eatre appliqu\u00e9 \u00e0 un grand nombre de cas d'utilisation, qui se produisent dans diff\u00e9rentes entreprises.<\/p>\n\n\n\n<div class=\"wp-block-buttons is-layout-flex wp-block-buttons-is-layout-flex\">\n<div class=\"wp-block-button\"><a class=\"wp-block-button__link has-very-light-gray-to-cyan-bluish-gray-gradient-background has-background\" href=\"https:\/\/www.leaplytics.de\/fr\/page-daccueil\/qlik-sense-extensions\/extension-des-feux-de-circulation-pour-qliksense\/\"> En savoir plus<\/a><\/div>\n<\/div>\n<\/div><\/div>\n\n\n\n<div style=\"height:100px\" aria-hidden=\"true\" class=\"wp-block-spacer\"><\/div>\n\n\n\n<div style=\"height:100px\" aria-hidden=\"true\" class=\"wp-block-spacer\"><\/div>\n\n\n\n<div class=\"wp-block-media-text alignwide is-stacked-on-mobile\" style=\"grid-template-columns:60% auto\"><figure class=\"wp-block-media-text__media\"><img loading=\"lazy\" decoding=\"async\" width=\"1024\" height=\"576\" src=\"https:\/\/www.leaplytics.de\/wp-content\/uploads\/2022\/04\/First_Slice_Risk_Map_QlikSense_stone-1024x576.png\" alt=\"\" class=\"wp-image-6471 size-full\" srcset=\"https:\/\/www.leaplytics.de\/wp-content\/uploads\/2022\/04\/First_Slice_Risk_Map_QlikSense_stone-1024x576.png 1024w, https:\/\/www.leaplytics.de\/wp-content\/uploads\/2022\/04\/First_Slice_Risk_Map_QlikSense_stone-300x169.png 300w, https:\/\/www.leaplytics.de\/wp-content\/uploads\/2022\/04\/First_Slice_Risk_Map_QlikSense_stone-768x432.png 768w, https:\/\/www.leaplytics.de\/wp-content\/uploads\/2022\/04\/First_Slice_Risk_Map_QlikSense_stone-107x60.png 107w, https:\/\/www.leaplytics.de\/wp-content\/uploads\/2022\/04\/First_Slice_Risk_Map_QlikSense_stone.png 1140w\" sizes=\"auto, (max-width: 1024px) 100vw, 1024px\" \/><\/figure><div class=\"wp-block-media-text__content\">\n<p style=\"font-size:30px\"><strong>Carte thermique des risques <\/strong><em>Extension<\/em><\/p>\n\n\n\n<p style=\"font-size:18px\">Obtenez une vision visuelle pr\u00e9cise de vos profils de risque avec Risk Heatmap pour Qlik Sense ! L'extension est con\u00e7ue pour visualiser les profils, qui sont mesur\u00e9s dans une matrice de deux KPI et de diff\u00e9rentes cat\u00e9gories. Elle est capable de visualiser plusieurs indicateurs par champ.<\/p>\n<\/div><\/div>\n\n\n\n<div class=\"wp-block-media-text alignwide has-media-on-the-right is-stacked-on-mobile\" style=\"grid-template-columns:auto 40%\"><figure class=\"wp-block-media-text__media\"><img loading=\"lazy\" decoding=\"async\" width=\"1024\" height=\"576\" src=\"https:\/\/www.leaplytics.de\/wp-content\/uploads\/2022\/04\/Second_Slice_Risk_Map_QlikSense_stone-1024x576.png\" alt=\"\" class=\"wp-image-6472 size-full\" srcset=\"https:\/\/www.leaplytics.de\/wp-content\/uploads\/2022\/04\/Second_Slice_Risk_Map_QlikSense_stone-1024x576.png 1024w, https:\/\/www.leaplytics.de\/wp-content\/uploads\/2022\/04\/Second_Slice_Risk_Map_QlikSense_stone-300x169.png 300w, https:\/\/www.leaplytics.de\/wp-content\/uploads\/2022\/04\/Second_Slice_Risk_Map_QlikSense_stone-768x432.png 768w, https:\/\/www.leaplytics.de\/wp-content\/uploads\/2022\/04\/Second_Slice_Risk_Map_QlikSense_stone-107x60.png 107w, https:\/\/www.leaplytics.de\/wp-content\/uploads\/2022\/04\/Second_Slice_Risk_Map_QlikSense_stone.png 1140w\" sizes=\"auto, (max-width: 1024px) 100vw, 1024px\" \/><\/figure><div class=\"wp-block-media-text__content\">\n<p style=\"font-size:18px\">Cette extension peut \u00e9galement \u00eatre utilis\u00e9e pour surveiller et indiquer des seuils pour tous les types de mesures physiques, d'indicateurs de qualit\u00e9 et de divergences en g\u00e9n\u00e9ral. Elle peut ainsi \u00eatre appliqu\u00e9e \u00e0 un grand nombre de cas d'utilisation dans diff\u00e9rentes entreprises.<\/p>\n\n\n\n<div class=\"wp-block-buttons is-layout-flex wp-block-buttons-is-layout-flex\">\n<div class=\"wp-block-button\"><a class=\"wp-block-button__link has-background\" href=\"https:\/\/www.leaplytics.de\/fr\/page-daccueil\/qlik-sense-extensions\/extension-de-la-carte-thermique-des-risques-pour-qliksense\/\" style=\"background:linear-gradient(135deg,rgb(202,248,128) 0%,rgb(0,152,69) 100%)\">En savoir plus<\/a><\/div>\n<\/div>\n<\/div><\/div>\n\n\n\n<div style=\"height:100px\" aria-hidden=\"true\" class=\"wp-block-spacer\"><\/div>\n\n\n\n<div style=\"height:100px\" aria-hidden=\"true\" class=\"wp-block-spacer\"><\/div>\n\n\n\n<div class=\"wp-block-media-text alignwide is-stacked-on-mobile\" style=\"grid-template-columns:60% auto\"><figure class=\"wp-block-media-text__media\"><img loading=\"lazy\" decoding=\"async\" width=\"1024\" height=\"576\" src=\"https:\/\/www.leaplytics.de\/wp-content\/uploads\/2022\/04\/First_Slice_Timeline_QlikSense-1024x576.png\" alt=\"\" class=\"wp-image-6976 size-full\" srcset=\"https:\/\/www.leaplytics.de\/wp-content\/uploads\/2022\/04\/First_Slice_Timeline_QlikSense-1024x576.png 1024w, https:\/\/www.leaplytics.de\/wp-content\/uploads\/2022\/04\/First_Slice_Timeline_QlikSense-300x169.png 300w, https:\/\/www.leaplytics.de\/wp-content\/uploads\/2022\/04\/First_Slice_Timeline_QlikSense-768x432.png 768w, https:\/\/www.leaplytics.de\/wp-content\/uploads\/2022\/04\/First_Slice_Timeline_QlikSense-107x60.png 107w, https:\/\/www.leaplytics.de\/wp-content\/uploads\/2022\/04\/First_Slice_Timeline_QlikSense.png 1140w\" sizes=\"auto, (max-width: 1024px) 100vw, 1024px\" \/><\/figure><div class=\"wp-block-media-text__content\">\n<p style=\"font-size:30px\"><strong>Chronologie<\/strong> <em>Extension<\/em><\/p>\n\n\n\n<p style=\"font-size:18px\">Obtenez un profil visuel de vos principales \u00e9tapes en termes de distribution et de retard.<\/p>\n<\/div><\/div>\n\n\n\n<div class=\"wp-block-media-text alignwide has-media-on-the-right is-stacked-on-mobile\" style=\"grid-template-columns:auto 40%\"><figure class=\"wp-block-media-text__media\"><img loading=\"lazy\" decoding=\"async\" width=\"1024\" height=\"576\" src=\"https:\/\/www.leaplytics.de\/wp-content\/uploads\/2022\/04\/Second_Slice_Traffic_light_QlikSense_green-1024x576.png\" alt=\"\" class=\"wp-image-6470 size-full\" srcset=\"https:\/\/www.leaplytics.de\/wp-content\/uploads\/2022\/04\/Second_Slice_Traffic_light_QlikSense_green-1024x576.png 1024w, https:\/\/www.leaplytics.de\/wp-content\/uploads\/2022\/04\/Second_Slice_Traffic_light_QlikSense_green-300x169.png 300w, https:\/\/www.leaplytics.de\/wp-content\/uploads\/2022\/04\/Second_Slice_Traffic_light_QlikSense_green-768x432.png 768w, https:\/\/www.leaplytics.de\/wp-content\/uploads\/2022\/04\/Second_Slice_Traffic_light_QlikSense_green-107x60.png 107w, https:\/\/www.leaplytics.de\/wp-content\/uploads\/2022\/04\/Second_Slice_Traffic_light_QlikSense_green.png 1140w\" sizes=\"auto, (max-width: 1024px) 100vw, 1024px\" \/><\/figure><div class=\"wp-block-media-text__content\">\n<p style=\"font-size:18px\">Dans tous les projets, les jalons et les \u00e9ch\u00e9ances servent de mesures de gestion pertinentes, fournissant les moyens de d\u00e9finir les priorit\u00e9s du projet, de surveiller les progr\u00e8s et de raconter une histoire globale, dans quel \u00e9tat se trouve votre projet. Avec cette extension, vous pouvez en assurer le suivi.<\/p>\n\n\n\n<div class=\"wp-block-buttons is-layout-flex wp-block-buttons-is-layout-flex\">\n<div class=\"wp-block-button\"><a class=\"wp-block-button__link has-very-light-gray-to-cyan-bluish-gray-gradient-background has-background\" href=\"https:\/\/www.leaplytics.de\/fr\/page-daccueil\/qlik-sense-extensions\/extension-de-la-ligne-du-temps-pour-qliksense\/\">En savoir plus<\/a><\/div>\n<\/div>\n<\/div><\/div>","protected":false},"excerpt":{"rendered":"<p>L'efficacit\u00e9 et le lien avec l'entreprise sont la marque de fabrique de LeapLytics et la valeur ajout\u00e9e de nos solutions. Nos extensions de gestion de projet sont officiellement approuv\u00e9es par Qlik et int\u00e8grent vos solutions individuelles. Utilisez les diff\u00e9rentes possibilit\u00e9s pour am\u00e9liorer votre tableau de bord et mettre en \u0153uvre vos id\u00e9es. Les extensions suivent une structure claire et sont construites avec l'objectif de ... <\/p>","protected":false},"author":3,"featured_media":0,"parent":0,"menu_order":0,"comment_status":"closed","ping_status":"closed","template":"","meta":{"footnotes":""},"class_list":["post-6464","page","type-page","status-publish","hentry","latest_post"],"_links":{"self":[{"href":"https:\/\/www.leaplytics.de\/fr\/wp-json\/wp\/v2\/pages\/6464","targetHints":{"allow":["GET"]}}],"collection":[{"href":"https:\/\/www.leaplytics.de\/fr\/wp-json\/wp\/v2\/pages"}],"about":[{"href":"https:\/\/www.leaplytics.de\/fr\/wp-json\/wp\/v2\/types\/page"}],"author":[{"embeddable":true,"href":"https:\/\/www.leaplytics.de\/fr\/wp-json\/wp\/v2\/users\/3"}],"replies":[{"embeddable":true,"href":"https:\/\/www.leaplytics.de\/fr\/wp-json\/wp\/v2\/comments?post=6464"}],"version-history":[{"count":0,"href":"https:\/\/www.leaplytics.de\/fr\/wp-json\/wp\/v2\/pages\/6464\/revisions"}],"wp:attachment":[{"href":"https:\/\/www.leaplytics.de\/fr\/wp-json\/wp\/v2\/media?parent=6464"}],"curies":[{"name":"wp","href":"https:\/\/api.w.org\/{rel}","templated":true}]}}