{"id":699,"date":"2020-12-07T20:33:50","date_gmt":"2020-12-07T19:33:50","guid":{"rendered":"https:\/\/www.leaplytics.de\/?page_id=699"},"modified":"2024-11-04T10:02:48","modified_gmt":"2024-11-04T09:02:48","slug":"extension-de-la-matrice-des-risques-pour-qliksense","status":"publish","type":"page","link":"https:\/\/www.leaplytics.de\/fr\/page-daccueil\/qlik-sense-extensions\/extension-de-la-matrice-des-risques-pour-qliksense\/","title":{"rendered":"Extension de la matrice des risques pour Qlik Sense"},"content":{"rendered":"<p>Obtenez une vision visuelle pr\u00e9cise de vos profils de risque avec Risk Matrix \/ Heatmap pour Qlik Sense ! Cette extension est con\u00e7ue pour visualiser les profils, qui sont mesur\u00e9s dans une matrice de deux KPI et de diff\u00e9rentes cat\u00e9gories. Elle permet de visualiser plusieurs indicateurs par champ. Vous pouvez s\u00e9lectionner librement et dynamiquement toutes les expressions entre une matrice 3\u00d73 et 5\u00d75. Divers param\u00e8tres tels que des couleurs personnalis\u00e9es, des bordures flexibles et des param\u00e8tres de texte permettent d'adapter cette extension \u00e0 vos besoins en mati\u00e8re de rapports.<\/p>\n\n\n\n<div style=\"height:10px\" aria-hidden=\"true\" class=\"wp-block-spacer\"><\/div>\n\n\n<div class=\"wp-block-image\">\n<figure class=\"aligncenter size-large\"><img loading=\"lazy\" decoding=\"async\" width=\"1024\" height=\"576\" src=\"https:\/\/www.leaplytics.de\/wp-content\/uploads\/2022\/04\/First_Slice_Risk_Map_QlikSense_stone-1024x576.png\" alt=\"\" class=\"wp-image-6471\" srcset=\"https:\/\/www.leaplytics.de\/wp-content\/uploads\/2022\/04\/First_Slice_Risk_Map_QlikSense_stone-1024x576.png 1024w, https:\/\/www.leaplytics.de\/wp-content\/uploads\/2022\/04\/First_Slice_Risk_Map_QlikSense_stone-300x169.png 300w, https:\/\/www.leaplytics.de\/wp-content\/uploads\/2022\/04\/First_Slice_Risk_Map_QlikSense_stone-768x432.png 768w, https:\/\/www.leaplytics.de\/wp-content\/uploads\/2022\/04\/First_Slice_Risk_Map_QlikSense_stone-107x60.png 107w, https:\/\/www.leaplytics.de\/wp-content\/uploads\/2022\/04\/First_Slice_Risk_Map_QlikSense_stone.png 1140w\" sizes=\"auto, (max-width: 1024px) 100vw, 1024px\" \/><\/figure><\/div>\n\n\n<div style=\"height:100px\" aria-hidden=\"true\" class=\"wp-block-spacer\"><\/div>\n\n\n\n<h3 class=\"wp-block-heading has-text-align-center\">Obtenez-le maintenant !<\/h3>\n\n\n\n<div style=\"height:50px\" aria-hidden=\"true\" class=\"wp-block-spacer\"><\/div>\n\n\n\n<div class=\"wp-block-columns alignwide is-layout-flex wp-container-core-columns-is-layout-1 wp-block-columns-is-layout-flex\">\n<div class=\"wp-block-column has-text-color has-background has-link-color wp-elements-dfea0d1df7d7210c16180380cb297c35 is-layout-flow wp-block-column-is-layout-flow\" style=\"color:#000000;background-color:#eeeeee;padding-top:2em;padding-right:2em;padding-bottom:2em;padding-left:2em\">\n<h2 class=\"wp-block-heading\" id=\"single\" style=\"font-size:40px\"><strong>Version GRATUITE<\/strong><\/h2>\n\n\n\n<div style=\"height:10px\" aria-hidden=\"true\" class=\"wp-block-spacer\"><\/div>\n\n\n\n<p class=\"has-normal-font-size\" style=\"line-height:1.5\">La version GRATUITE de LeapLytics - Risk Matrix peut \u00eatre utilis\u00e9e gratuitement pendant quatre semaines sur n'importe quel serveur et dans n'importe quelle entreprise. Testez d\u00e8s maintenant si notre solution r\u00e9pond \u00e0 vos besoins.<\/p>\n\n\n\n<div style=\"height:10px\" aria-hidden=\"true\" class=\"wp-block-spacer\"><\/div>\n\n\n\n<hr class=\"wp-block-separator has-text-color has-css-opacity has-background is-style-wide\" style=\"background-color:#000000;color:#000000\"\/>\n\n\n\n<div style=\"height:10px\" aria-hidden=\"true\" class=\"wp-block-spacer\"><\/div>\n\n\n\n<p><i class=\"fas fa-check\"><\/i> Filigrane supprim\u00e9<\/p>\n\n\n\n<p><i class=\"fas fa-check\"><\/i> Taille de la grille individuelle<\/p>\n\n\n\n<p><i class=\"fas fa-check\"><\/i> Sch\u00e9ma de couleurs d\u00e9fini par l'utilisateur<\/p>\n\n\n\n<p><i class=\"fas fa-check\"><\/i> Inverseur de couleurs<\/p>\n\n\n\n<p><i class=\"fas fa-check\"><\/i> Param\u00e8tres de la fronti\u00e8re<\/p>\n\n\n\n<p><i class=\"fas fa-check\"><\/i> R\u00e9glages de l'axe<\/p>\n\n\n\n<p><i class=\"fas fa-check\"><\/i> R\u00e9glages de l'indicateur<\/p>\n\n\n\n<p><i class=\"fas fa-check\"><\/i> Param\u00e8tres du texte<\/p>\n\n\n\n<p><i class=\"fas fa-check\"><\/i> Param\u00e8tres de couleur<\/p>\n\n\n\n<p><i class=\"fas fa-check\"><\/i> Navigations et actions<\/p>\n\n\n\n<p><i class=\"fas fa-check\"><\/i> Imprimable*<\/p>\n\n\n\n<div class=\"wp-block-buttons alignfull is-horizontal is-content-justification-center is-layout-flex wp-container-core-buttons-is-layout-1 wp-block-buttons-is-layout-flex\">\n<div class=\"wp-block-button\"><a class=\"wp-block-button__link has-white-color has-text-color wp-element-button\" href=\"https:\/\/developer.qlik.com\/garden\/5fd6531adae7960011eb30ec\" target=\"_blank\" rel=\"noreferrer noopener\">Obtenir la version GRATUITE<\/a><\/div>\n<\/div>\n<\/div>\n\n\n\n<div class=\"wp-block-column has-text-color has-background has-link-color wp-elements-6ae2b82b5852519cfb4d42d032a83f17 is-layout-flow wp-block-column-is-layout-flow\" style=\"color:#000000;background-color:#98bd00;padding-top:2em;padding-right:2em;padding-bottom:2em;padding-left:2em\">\n<h2 class=\"wp-block-heading\" id=\"family\" style=\"font-size:40px\"><strong>Version PRO<\/strong><\/h2>\n\n\n\n<div style=\"height:10px\" aria-hidden=\"true\" class=\"wp-block-spacer\"><\/div>\n\n\n\n<p class=\"has-normal-font-size\" style=\"line-height:1.5\">La version PRO de LeapLytics - Risk Matrix lib\u00e8re toute la puissance de ce visuel. Une licence par serveur et par entreprise - Un prix par an.<\/p>\n\n\n\n<div style=\"height:10px\" aria-hidden=\"true\" class=\"wp-block-spacer\"><\/div>\n\n\n\n<hr class=\"wp-block-separator has-text-color has-black-color has-css-opacity has-black-background-color has-background is-style-wide\"\/>\n\n\n\n<div style=\"height:10px\" aria-hidden=\"true\" class=\"wp-block-spacer\"><\/div>\n\n\n\n<p><i class=\"fas fa-check\"><\/i>  Filigrane supprim\u00e9<\/p>\n\n\n\n<p><i class=\"fas fa-check\"><\/i>  Taille de la grille individuelle<\/p>\n\n\n\n<p><i class=\"fas fa-check\"><\/i>  Sch\u00e9ma de couleurs d\u00e9fini par l'utilisateur<\/p>\n\n\n\n<p><i class=\"fas fa-check\"><\/i>  Inverseur de couleurs<\/p>\n\n\n\n<p><i class=\"fas fa-check\"><\/i>  Param\u00e8tres de la fronti\u00e8re<\/p>\n\n\n\n<p><i class=\"fas fa-check\"><\/i>  R\u00e9glages de l'axe<\/p>\n\n\n\n<p><i class=\"fas fa-check\"><\/i>  R\u00e9glages de l'indicateur<\/p>\n\n\n\n<p><i class=\"fas fa-check\"><\/i>  Param\u00e8tres du texte<\/p>\n\n\n\n<p><i class=\"fas fa-check\"><\/i>  Param\u00e8tres de couleur<\/p>\n\n\n\n<p><i class=\"fas fa-check\"><\/i>  Navigations et actions<\/p>\n\n\n\n<p><i class=\"fas fa-check\"><\/i>  Imprimable*<\/p>\n\n\n\n<div class=\"wp-block-buttons alignfull is-horizontal is-content-justification-center is-layout-flex wp-container-core-buttons-is-layout-2 wp-block-buttons-is-layout-flex\">\n<div class=\"wp-block-button\"><a class=\"wp-block-button__link has-white-color has-text-color wp-element-button\" href=\"https:\/\/shop.leaplytics.de\/product\/power-bi-risk-heatmap\/\">Obtenir la version PRO<\/a><\/div>\n<\/div>\n<\/div>\n<\/div>\n\n\n\n<p>* voir <a href=\"https:\/\/community.qlik.com\/t5\/Knowledge\/Qlik-Sense-Enterprise-SaaS-Third-party-extensions-cannot-be\/ta-p\/1755264\">Limites de QlikSense <\/a><\/p>\n\n\n\n<div style=\"height:100px\" aria-hidden=\"true\" class=\"wp-block-spacer\"><\/div>\n\n\n\n<h3 class=\"wp-block-heading has-text-align-center\">Documentation<\/h3>\n\n\n\n<div style=\"height:50px\" aria-hidden=\"true\" class=\"wp-block-spacer\"><\/div>\n\n\n<div class=\"_df_book df-lite\" id=\"df_726\"  _slug=\"risk-heatmap\" data-title=\"risk-heatmap\" wpoptions=\"true\" thumb=\"https:\/\/www.leaplytics.de\/wp-content\/uploads\/2020\/12\/Risk-Map-picture.jpg\" thumbtype=\"\" ><\/div><script class=\"df-shortcode-script\" nowprocket type=\"application\/javascript\">window.option_df_726 = {\"outline\":[],\"autoEnableOutline\":\"false\",\"autoEnableThumbnail\":\"false\",\"overwritePDFOutline\":\"false\",\"backgroundImage\":\"https:\\\/\\\/www.leaplytics.de\\\/wp-content\\\/uploads\\\/2020\\\/10\\\/mathew-schwartz-sb7RUrRMaC4-unsplash-scaled.jpg\",\"direction\":\"1\",\"pageSize\":\"0\",\"source\":\"https:\\\/\\\/www.leaplytics.de\\\/wp-content\\\/uploads\\\/2022\\\/02\\\/Risk-Heatmap-Qlik-Sense-User-Documentation_Pro_1.4.0.0.pdf\",\"wpOptions\":\"true\"}; if(window.DFLIP && window.DFLIP.parseBooks){window.DFLIP.parseBooks();}<\/script>\n\n\n\n<div style=\"height:50px\" aria-hidden=\"true\" class=\"wp-block-spacer\"><\/div>\n\n\n\n<div class=\"wp-block-buttons is-content-justification-center is-layout-flex wp-container-core-buttons-is-layout-3 wp-block-buttons-is-layout-flex\">\n<div class=\"wp-block-button\"><a class=\"wp-block-button__link wp-element-button\" href=\"https:\/\/www.leaplytics.de\/wp-content\/uploads\/2022\/02\/Risk-Heatmap-Qlik-Sense-User-Documentation_Pro_1.4.0.0.pdf\" target=\"_blank\" rel=\"noreferrer noopener\">T\u00e9l\u00e9charger la documentation<\/a><\/div>\n<\/div>\n\n\n\n<div style=\"height:50px\" aria-hidden=\"true\" class=\"wp-block-spacer\"><\/div>\n\n\n\n<p>Inscrivez-vous ici pour recevoir des mises \u00e0 jour et des communiqu\u00e9s exclusifs : <a href=\"https:\/\/www.leaplytics.de\/fr\/subscribe_product\/\">Abonnement<\/a><\/p>\n\n\n\n<hr class=\"wp-block-separator has-css-opacity is-style-default\"\/>\n\n\n\n<h2 class=\"wp-block-heading\" id=\"introduction-risk-heatmap-extension-for-qlik-sense\">Introduction Extension de la matrice des risques pour Qlik Sense<\/h2>\n\n\n\n<p>Obtenez une vision visuelle pr\u00e9cise de vos profils de risque avec Risk Matrix pour Qlik Sense ! L'extension est con\u00e7ue pour visualiser les profils, qui sont mesur\u00e9s dans une matrice de deux KPI et de diff\u00e9rentes cat\u00e9gories. Elle est capable de visualiser plusieurs indicateurs par champ. Vous pouvez s\u00e9lectionner librement et dynamiquement toutes les expressions entre une matrice 3\u00d73 et 5\u00d75. Divers param\u00e8tres tels que des couleurs personnalis\u00e9es, des bordures flexibles et des param\u00e8tres de texte permettent d'adapter cette extension \u00e0 vos besoins en mati\u00e8re de rapports.<\/p>\n\n\n<div class=\"wp-block-image is-style-default\">\n<figure class=\"alignright size-full\"><img loading=\"lazy\" decoding=\"async\" width=\"912\" height=\"775\" src=\"https:\/\/www.leaplytics.de\/wp-content\/uploads\/2022\/02\/settings.gif\" alt=\"Carte thermique des risques pour Qlik Sense\" class=\"wp-image-3060\"\/><figcaption class=\"wp-element-caption\">Large \u00e9ventail d'options de r\u00e9glage<\/figcaption><\/figure><\/div>\n\n\n<p>Cette extension peut \u00e9galement \u00eatre utilis\u00e9e pour surveiller et indiquer des seuils pour tous les types de mesures physiques, d'indicateurs de qualit\u00e9 et de divergences en g\u00e9n\u00e9ral. Elle peut donc \u00eatre appliqu\u00e9e \u00e0 un grand nombre de cas d'utilisation dans diff\u00e9rentes entreprises. La liste suivante pr\u00e9sente une s\u00e9lection de cas d'utilisation possibles, qui ont d\u00e9j\u00e0 \u00e9t\u00e9 mis en \u0153uvre :<\/p>\n\n\n\n<p><strong>Gestion de projet<\/strong>: Visualiser les profils de risques et d'opportunit\u00e9s d'un projet, d'un programme ou d'un portefeuille<\/p>\n\n\n\n<p><strong>IT<\/strong>: Indiquer les applications dont l'\u00e9tat est vert, jaune ou rouge (performance, sant\u00e9).<\/p>\n\n\n\n<hr class=\"wp-block-separator has-css-opacity\"\/>\n\n\n\n<h3 class=\"wp-block-heading\" id=\"getting-started-with-our-risk-heatmap-for-qlik-sense\">D\u00e9marrer avec notre matrice des risques pour Qlik Sense<\/h3>\n\n\n<p>Ouvrir <a href=\"https:\/\/www.qlik.com\/de-de\/products\/qlik-sense\" target=\"_blank\" rel=\"noopener\">Qlik Sense<\/a> et l'application concern\u00e9e, dans laquelle vous souhaitez utiliser l'extension \"Matrice des risques\". Ouvrez votre feuille de calcul en mode \u00e9dition et vous trouverez l'extension dans la section \"Objets personnalis\u00e9s\". Glissez-d\u00e9posez l'extension dans n'importe quelle zone de votre tableau de bord (<em>Vous pouvez modifier l'apparence de l'extension ult\u00e9rieurement dans les param\u00e8tres avanc\u00e9s).<\/em><\/p>\n\n<div class=\"wp-block-image\">\n<figure class=\"alignright size-full\"><img decoding=\"async\" src=\"https:\/\/www.leaplytics.de\/wp-content\/uploads\/2022\/02\/drag-drop.gif\" alt=\"Param\u00e8tres initiaux et configuration de Risk Heatmap Qlik Sense\" class=\"wp-image-3060\"\/><figcaption class=\"wp-element-caption\">Large \u00e9ventail d'options de r\u00e9glage<\/figcaption><\/figure><\/div>\n\n<p>Une fois que vous avez plac\u00e9 une instance de l'extension dans votre tableau de bord, le panneau de propri\u00e9t\u00e9s suivant appara\u00eet sur le c\u00f4t\u00e9 droit. Le panneau de propri\u00e9t\u00e9s est divis\u00e9 en plusieurs sections :\u00a0 \u00a0 \u00a0 \u00a0 \u00a0 \u00a0 \u00a0 \u00a0 \u00a0 \u00a0 \u00a0 \u00a0 \u00a0 \u00a0 \u00a0 \u00a0 \u00a0 \u00a0 \u00a0 \u00a0 \u00a0 \u00a0 \u00a0 \u00a0 \u00a0 \u00a0 \u00a0 \u00a0 \u00a0 \u00a0 \u00a0 \u00a0 \u00a0 \u00a0 \u00a0 \u00a0 \u00a0 \u00a0 \u00a0 \u00a0 \u00a0 \u00a0 \u00a0 \u00a0 \u00a0 \u00a0 \u00a0\u00a0<\/p>\n<ul>\n<li>Mesures<\/li>\n<li>Dimensions<\/li>\n<li>Plages (disposition g\u00e9n\u00e9rale de la matrice)<\/li>\n<li>Param\u00e8tres de la grille (tout ce qui se trouve \u00e0 l'int\u00e9rieur de la matrice)<\/li>\n<li>Param\u00e8tres des axes (tout ce qui se trouve autour de la matrice)<\/li>\n<li>Param\u00e8tres de l'indicateur (tout ce qui concerne le contenu de la matrice)<\/li>\n<li>A propos de \u00a0\u00a0\u00a0\u00a0\u00a0\u00a0\u00a0\u00a0\u00a0\u00a0\u00a0\u00a0\u00a0\u00a0 \u00a0\u00a0\u00a0\u00a0\u00a0\u00a0\u00a0\u00a0\u00a0\u00a0\u00a0\u00a0\u00a0\u00a0\u00a0\u00a0\u00a0\u00a0\u00a0\u00a0\u00a0\u00a0\u00a0\u00a0\u00a0\u00a0\u00a0\u00a0\u00a0<\/li>\n<\/ul>\n<p>Dans ce qui suit, vous apprendrez \u00e0 utiliser l'extension \"Risk Matrix\" de LeapLytics et \u00e0 l'adapter \u00e0 vos besoins en utilisant correctement les propri\u00e9t\u00e9s.\u00a0 \u00a0<\/p>\n\n\n<hr class=\"wp-block-separator has-css-opacity\"\/>\n\n\n\n<h3 class=\"wp-block-heading\" id=\"measures\">Mesures<\/h3>\n\n\n<div class=\"wp-block-image\">\n<figure class=\"alignright size-large is-resized\"><img loading=\"lazy\" decoding=\"async\" width=\"245\" height=\"329\" src=\"https:\/\/www.leaplytics.de\/wp-content\/uploads\/2020\/11\/measures.png\" alt=\"Description de la mesure pour Risk Heatmap Qlik Sense\" class=\"wp-image-512\" style=\"width:236px;height:317px\" srcset=\"https:\/\/www.leaplytics.de\/wp-content\/uploads\/2020\/11\/measures.png 245w, https:\/\/www.leaplytics.de\/wp-content\/uploads\/2020\/11\/measures-223x300.png 223w, https:\/\/www.leaplytics.de\/wp-content\/uploads\/2020\/11\/measures-45x60.png 45w\" sizes=\"auto, (max-width: 245px) 100vw, 245px\" \/><\/figure><\/div>\n\n<p>La mesure d\u00e9finit la valeur des deux ICP pertinents de la matrice. Le premier ICP d\u00e9finit les ICP de l'axe X et le second ICP d\u00e9finit les ICP de l'axe Y. Ils peuvent \u00eatre commut\u00e9s individuellement. Ils peuvent \u00eatre commut\u00e9s individuellement. La matrice attend des valeurs comprises entre 1 et 5 (matrice \u00e0 5 champs) ou entre 1 et 3 (matrice \u00e0 3 champs). Les d\u00e9cimales sont \u00e9galement possibles, si elles sont utiles. Les valeurs peuvent \u00eatre extraites directement du mod\u00e8le de donn\u00e9es si un pr\u00e9-syst\u00e8me capture et calcule d\u00e9j\u00e0 l'intervalle. Si le mod\u00e8le de donn\u00e9es comprend un certain type d'unit\u00e9s, les cat\u00e9gories peuvent \u00eatre cr\u00e9\u00e9es individuellement dans le formulaire.<\/p>\n<p>Vous pouvez ajouter une mesure comme suit :<\/p>\n<ul>\n<li>Cliquez sur le bouton \"Ajouter une mesure\" dans le panneau des propri\u00e9t\u00e9s sous la section \"Mesure\" ou en cliquant sur le bouton \"Ajouter une mesure\" dans la fen\u00eatre d'extension sur votre tableau de bord.<\/li>\n<li>Choisissez une mesure dans la liste d\u00e9roulante et cliquez dessus.<\/li>\n<li>(Facultatif) : Choisissez l'agr\u00e9gation adapt\u00e9e \u00e0 vos besoins (Somme, Moyenne, Min, Max, etc.) ou d\u00e9finissez une formule individuelle.<\/li>\n<\/ul>\n<p>Lors de l'utilisation de formules individuelles, les exemples suivants peuvent servir de guide :<\/p>\n\n\n<figure class=\"wp-block-image size-large\"><img loading=\"lazy\" decoding=\"async\" width=\"744\" height=\"255\" src=\"https:\/\/www.leaplytics.de\/wp-content\/uploads\/2020\/12\/heatmap_use_cases.png\" alt=\"\" class=\"wp-image-749\" srcset=\"https:\/\/www.leaplytics.de\/wp-content\/uploads\/2020\/12\/heatmap_use_cases.png 744w, https:\/\/www.leaplytics.de\/wp-content\/uploads\/2020\/12\/heatmap_use_cases-600x206.png 600w, https:\/\/www.leaplytics.de\/wp-content\/uploads\/2020\/12\/heatmap_use_cases-300x103.png 300w, https:\/\/www.leaplytics.de\/wp-content\/uploads\/2020\/12\/heatmap_use_cases-175x60.png 175w\" sizes=\"auto, (max-width: 744px) 100vw, 744px\" \/><\/figure>\n\n\n\n<hr class=\"wp-block-separator has-css-opacity\"\/>\n\n\n\n<h3 class=\"wp-block-heading\" id=\"dimensions\">Dimensions<\/h3>\n\n\n<p>Utilisez la dimension pour donner aux indicateurs un nom frappant. Il peut s'agir, par exemple, d'un identifiant ou d'un nom court (1 \u00e0 2 mots). Il n'est pas recommand\u00e9 d'utiliser des noms ou des descriptions plus longs, car l'espace de la matrice elle-m\u00eame est limit\u00e9.<\/p>\n\n\n<hr class=\"wp-block-separator has-css-opacity\"\/>\n\n\n\n<h3 class=\"wp-block-heading\" id=\"advanced-settings\">Param\u00e8tres avanc\u00e9s<\/h3>\n\n\n\n<p>Dans les r\u00e9glages de la matrice, vous pouvez effectuer plusieurs s\u00e9lections.<\/p>\n\n\n\n<p><strong>Param\u00e8tres de la matrice : <\/strong>Tout d'abord, vous pouvez fixer le ratio d'aspect. La visualisation reste ainsi carr\u00e9e. En outre, vous pouvez d\u00e9finir la taille des directions x et y individuellement \u00e0 l'aide du curseur. Si vos donn\u00e9es se situent en dehors de ces plages, vous obtiendrez un indice visuel dans l'extension ! En outre, vous pouvez inverser les couleurs en un seul clic. Enfin, vous pouvez d\u00e9finir la largeur de la bordure ou la d\u00e9sactiver compl\u00e8tement.<\/p>\n\n\n\n<p><strong>Param\u00e8tres de la grille<\/strong>: Utilisez les param\u00e8tres de la grille pour configurer la matrice elle-m\u00eame, par exemple la taille ou la configuration des bordures. Vous pouvez \u00e9galement inverser le code des couleurs, de sorte qu'une cat\u00e9gorie sup\u00e9rieure ait la couleur \"verte\" et qu'une cat\u00e9gorie inf\u00e9rieure devienne rouge. Il est \u00e9galement possible de d\u00e9sactiver le tableau des valeurs d\u00e9taill\u00e9es.<\/p>\n\n\n\n<p><strong>R\u00e9glages de l'axe :<\/strong> Les param\u00e8tres d'axe vous permettent de configurer le cadre en fonction de vos besoins. Vous pouvez d\u00e9cider de d\u00e9sactiver les textes, les axes ou l'indication haut\/bas.<\/p>\n\n\n\n<p><strong>R\u00e9glages de l'indicateur :<\/strong> Les param\u00e8tres des indicateurs permettent de modifier la taille et l'apparence des indicateurs dans la grille.<\/p>\n\n\n<div class=\"wp-block-image\">\n<figure class=\"aligncenter size-full\"><img loading=\"lazy\" decoding=\"async\" width=\"912\" height=\"775\" src=\"https:\/\/www.leaplytics.de\/wp-content\/uploads\/2022\/02\/settings.gif\" alt=\"Divers param\u00e8tres pour la carte thermique des risques Qlik Sense\" class=\"wp-image-3060\"\/><\/figure><\/div>\n\n\n<hr class=\"wp-block-separator has-css-opacity\"\/>\n\n\n\n<h3 class=\"wp-block-heading\" id=\"navigation-action\">Navigation et action<\/h3>\n\n\n\n<p>Vous pouvez appliquer Navigation &amp; Actions \u00e0 votre extension pour naviguer vers des fiches Qlik Sense, des sites web, etc. Vous pouvez activer les \"Actions\" \u00e0 l'aide du bouton correspondant. \"Risk Matrix\" prend en charge deux types de navigation diff\u00e9rents :<\/p>\n\n\n\n<ul class=\"wp-block-list\">\n<li><strong>Bouton :<\/strong> Choisissez \"Bouton\" pour ajouter un bouton sous votre ic\u00f4ne de feu tricolore. Vous pouvez renommer le bouton en utilisant le champ \"Texte du bouton\". Saisissez l'URL d'un site web ou d'une feuille Qlik Sense vers laquelle vous souhaitez naviguer*. Vous pouvez ouvrir l'URL dans la m\u00eame fen\u00eatre ou dans un onglet s\u00e9par\u00e9 en cochant la case \"Ouvrir dans la m\u00eame fen\u00eatre\".<\/li>\n<\/ul>\n\n\n\n<ul class=\"wp-block-list\">\n<li><strong>Objet :<\/strong> Vous pouvez \u00e9galement choisir \"Objet\" pour rendre l'ensemble de l'objet cliquable (<em>Le champ \"Texte du bouton\" sera cach\u00e9<\/em>). Saisissez l'URL d'un site web ou d'une feuille Qlik Sense vers laquelle vous souhaitez naviguer*. Vous pouvez ouvrir l'URL dans la m\u00eame fen\u00eatre ou dans un onglet s\u00e9par\u00e9 en cochant la case \"Ouvrir dans la m\u00eame fen\u00eatre\".<\/li>\n<\/ul>\n\n\n\n<p>*Les URL doivent toujours commencer par \"http:\/\/www.\" ou \"https:\/\/www.\".<\/p>\n\n\n<div class=\"wp-block-image\">\n<figure class=\"aligncenter size-large\"><img loading=\"lazy\" decoding=\"async\" width=\"246\" height=\"464\" src=\"https:\/\/www.leaplytics.de\/wp-content\/uploads\/2021\/04\/Milestone_navigation-1.jpg\" alt=\"Param\u00e8tres de navigation et d&#039;action pour la carte thermique des risques Qlik Sense\" class=\"wp-image-1739\" srcset=\"https:\/\/www.leaplytics.de\/wp-content\/uploads\/2021\/04\/Milestone_navigation-1.jpg 246w, https:\/\/www.leaplytics.de\/wp-content\/uploads\/2021\/04\/Milestone_navigation-1-159x300.jpg 159w, https:\/\/www.leaplytics.de\/wp-content\/uploads\/2021\/04\/Milestone_navigation-1-32x60.jpg 32w\" sizes=\"auto, (max-width: 246px) 100vw, 246px\" \/><\/figure><\/div>\n\n\n<hr class=\"wp-block-separator has-css-opacity\"\/>\n\n\n<h3>\u00c0 propos de notre matrice des risques pour Qlik Sense<\/h3>\n\n\n<\/p>\n<p>Cette extension Qlik Sense est d\u00e9velopp\u00e9e par <a href=\"https:\/\/www.leaplytics.de\/fr\/\">LeapLytics<\/a>. La section \u00c0 propos de contient des informations sur cette extension.<\/p>\n<p>\n\n\n\n<\/p>\n<p><strong>Version :<\/strong> Affiche la version install\u00e9e de cette extension<\/p>\n<p>\n\n\n\n<\/p>\n<p><strong>Licence valable jusqu'au :<\/strong> Indique la date d'expiration de la licence<\/p>\n<p>\n\n\n\n<\/p>\n<p><strong>Licence valide sur le serveur :<\/strong> Indique l'ID du serveur sur lequel cette extension peut \u00eatre utilis\u00e9e\n\n\n\n<hr class=\"wp-block-separator has-css-opacity\"\/>\n\n\n<h3>Historique des versions<\/h3>\n\n\n<figure class=\"wp-block-table is-style-stripes\"><table><tbody><tr><td class=\"has-text-align-center\" data-align=\"center\"><strong>Version<\/strong><\/td><td class=\"has-text-align-center\" data-align=\"center\"><strong>Date<\/strong><\/td><td class=\"has-text-align-left\" data-align=\"left\"><strong>Contenu<\/strong><\/td><\/tr><tr><td class=\"has-text-align-center\" data-align=\"center\">1.4<\/td><td class=\"has-text-align-center\" data-align=\"center\">14.02.2022<\/td><td class=\"has-text-align-left\" data-align=\"left\">Nouvelle utilisation de l'API<\/td><\/tr><tr><td class=\"has-text-align-center\" data-align=\"center\">1.3<\/td><td class=\"has-text-align-center\" data-align=\"center\">13.12.2021<\/td><td class=\"has-text-align-left\" data-align=\"left\">Mise \u00e0 jour de la matrice des risques<\/td><\/tr><tr><td class=\"has-text-align-center\" data-align=\"center\">1.2<\/td><td class=\"has-text-align-center\" data-align=\"center\">26.04.2021<\/td><td class=\"has-text-align-left\" data-align=\"left\">Navigation et actions ajout\u00e9es,<br>Plus de 9 risques support\u00e9s<br>tableau d'indicateurs d\u00e9roulants<\/td><\/tr><tr><td class=\"has-text-align-center\" data-align=\"center\">1.1<\/td><td class=\"has-text-align-center\" data-align=\"center\">28.01.2021<\/td><td class=\"has-text-align-left\" data-align=\"left\">Abonnement<br>fonctionnalit\u00e9 pour<br>mises \u00e0 jour de la version &amp;<br>panel de propri\u00e9t\u00e9s am\u00e9lior\u00e9es<\/td><\/tr><tr><td class=\"has-text-align-center\" data-align=\"center\">1.0<\/td><td class=\"has-text-align-center\" data-align=\"center\">13.11.2020<\/td><td class=\"has-text-align-left\" data-align=\"left\">Version initiale<\/td><\/tr><\/tbody><\/table><\/figure>\n\n\n\n<hr class=\"wp-block-separator has-css-opacity\"\/>\n\n\n\n<p><\/p>\n\n\n\n<div class=\"wp-block-columns are-vertically-aligned-center is-layout-flex wp-container-core-columns-is-layout-2 wp-block-columns-is-layout-flex\">\n<div class=\"wp-block-column is-vertically-aligned-center is-layout-flow wp-block-column-is-layout-flow\" style=\"flex-basis:100%\">\n<p><\/p>\n<\/div>\n<\/div>\n\n\n\n<p><\/p>","protected":false},"excerpt":{"rendered":"<p>Obtenez une vision visuelle pr\u00e9cise de vos profils de risque avec Risk Heatmap pour QilkSense ! L'extension est con\u00e7ue pour visualiser les profils, qui sont mesur\u00e9s dans une matrice de deux KPI et de diff\u00e9rentes cat\u00e9gories. Elle est capable de visualiser plusieurs indicateurs (jusqu'\u00e0 4 dans la version gratuite) par champ. Diff\u00e9rents param\u00e8tres, tels que la possibilit\u00e9 de basculer facilement entre une matrice de 3\u00d73 et 5\u00d75 champs, les param\u00e8tres de bordure et de texte, permettent d'adapter cette extension \u00e0 vos besoins en mati\u00e8re de rapports. <\/p>\n<p>Cette extension peut \u00e9galement \u00eatre utilis\u00e9e pour surveiller et indiquer des seuils pour tous les types de mesures physiques, d'indicateurs de qualit\u00e9 et de divergences en g\u00e9n\u00e9ral. Elle peut ainsi \u00eatre appliqu\u00e9e \u00e0 un grand nombre de cas d'utilisation dans diff\u00e9rentes entreprises.<\/p>","protected":false},"author":1,"featured_media":0,"parent":227,"menu_order":1,"comment_status":"closed","ping_status":"closed","template":"","meta":{"footnotes":""},"class_list":["post-699","page","type-page","status-publish","hentry","latest_post"],"_links":{"self":[{"href":"https:\/\/www.leaplytics.de\/fr\/wp-json\/wp\/v2\/pages\/699","targetHints":{"allow":["GET"]}}],"collection":[{"href":"https:\/\/www.leaplytics.de\/fr\/wp-json\/wp\/v2\/pages"}],"about":[{"href":"https:\/\/www.leaplytics.de\/fr\/wp-json\/wp\/v2\/types\/page"}],"author":[{"embeddable":true,"href":"https:\/\/www.leaplytics.de\/fr\/wp-json\/wp\/v2\/users\/1"}],"replies":[{"embeddable":true,"href":"https:\/\/www.leaplytics.de\/fr\/wp-json\/wp\/v2\/comments?post=699"}],"version-history":[{"count":5,"href":"https:\/\/www.leaplytics.de\/fr\/wp-json\/wp\/v2\/pages\/699\/revisions"}],"predecessor-version":[{"id":13676,"href":"https:\/\/www.leaplytics.de\/fr\/wp-json\/wp\/v2\/pages\/699\/revisions\/13676"}],"up":[{"embeddable":true,"href":"https:\/\/www.leaplytics.de\/fr\/wp-json\/wp\/v2\/pages\/227"}],"wp:attachment":[{"href":"https:\/\/www.leaplytics.de\/fr\/wp-json\/wp\/v2\/media?parent=699"}],"curies":[{"name":"wp","href":"https:\/\/api.w.org\/{rel}","templated":true}]}}