{"id":799,"date":"2021-01-04T21:52:31","date_gmt":"2021-01-04T20:52:31","guid":{"rendered":"https:\/\/www.leaplytics.de\/?page_id=799"},"modified":"2024-11-04T09:23:33","modified_gmt":"2024-11-04T08:23:33","slug":"tableau-de-bord-de-gestion-de-projet-qlik-sense","status":"publish","type":"page","link":"https:\/\/www.leaplytics.de\/fr\/page-daccueil\/tableau-de-bord-de-gestion-de-projet-qlik-sense\/","title":{"rendered":"Tableau de bord de gestion de projet Qlik Sense"},"content":{"rendered":"<h2 class=\"wp-block-heading\" id=\"dashboard\">Tableau de bord<\/h2>\n\n\n\n<p>Le tableau de bord de gestion de projet Qlik Sense suit une r\u00e8gle simple : <strong>pr\u00e9senter en un seul coup d'\u0153il aux personnes responsables les bonnes informations sur le projet, dans le bon regroupement, afin de leur permettre de prendre les bonnes d\u00e9cisions<\/strong>. <\/p>\n\n\n\n<p>Dans l'environnement d'un projet, il y a diff\u00e9rentes parties prenantes, qui ont des besoins d'information diff\u00e9rents, chacun avec un niveau de d\u00e9tail diff\u00e9rent. Les exemples suivants illustrent les deux oppositions les plus courantes.  <\/p>\n\n\n\n<p><strong>Niveau du portefeuille :<\/strong> Les gestionnaires de portefeuilles doivent s'assurer que les bons projets sont prioris\u00e9s avec les bonnes ressources. Les goulots d'\u00e9tranglement doivent \u00eatre identifi\u00e9s et les pipelines de projets doivent \u00eatre g\u00e9r\u00e9s.<\/p>\n\n\n\n<p><strong>Niveau du projet : <\/strong>Les gestionnaires de projet doivent obtenir le niveau d'information le plus bas afin d'avoir toutes les variables de pilotage \u00e0 port\u00e9e de main. D'autre part, les sponsors, les membres du comit\u00e9 de r\u00e9vision et les PDG doivent recevoir l'essentiel des informations pertinentes afin de prendre les bonnes d\u00e9cisions dans le cadre du pilotage global du projet.<\/p>\n\n\n\n<p>LeapLytics Advanced Project Management Reporting s'assure que toutes les exigences en mati\u00e8re de rapports sont possibles, quel que soit le type de partie prenante ou le niveau d'agr\u00e9gation. Gr\u00e2ce au processus d'information int\u00e9gr\u00e9, toutes les informations sont collect\u00e9es au niveau le plus bas et sont agr\u00e9g\u00e9es pour r\u00e9pondre aux besoins de tous les destinataires possibles.<\/p>\n\n\n\n<p>Voici deux exemples de rapports sur l'\u00e9tat d'un projet, qui peuvent \u00eatre r\u00e9alis\u00e9s avec notre LeapLytics Extension Suite pour QlikSense. Les tableaux de bord utilisent un mod\u00e8le de donn\u00e9es sous-jacent, qui suit les r\u00e8gles standard du PMI pour la gestion de projet. Ainsi, les projets \u00e0 l'\u00e9chelle de l'entreprise peuvent \u00eatre rapport\u00e9s de mani\u00e8re harmonis\u00e9e, efficace et conviviale.<\/p>\n\n\n\n<h2 class=\"wp-block-heading\" id=\"project-status-report-qlik-sense\">Rapport sur l'\u00e9tat d'avancement du projet Qlik Sense<\/h2>\n\n\n\n<p>Le rapport de base sur l'\u00e9tat d'un projet est un exemple de tableau de bord de gestion de projet Qlik Sense et permet \u00e0 l'utilisateur de s\u00e9lectionner un projet sp\u00e9cifique ainsi qu'une date de rapport. Il obtient toutes les informations n\u00e9cessaires pr\u00e9sent\u00e9es dans une disposition en trois colonnes avec les donn\u00e9es de base pertinentes dans l'en-t\u00eate. Les principales caract\u00e9ristiques sont les suivantes <a href=\"https:\/\/www.leaplytics.de\/fr\/extensions\/traffic-light\/\">Feu de circulation<\/a> et le <a href=\"https:\/\/www.leaplytics.de\/fr\/extensions\/extension-de-la-carte-thermique-des-risques-pour-qliksense\/\">Matrice des risques<\/a>.<\/p>\n\n\n\n<figure class=\"wp-block-image size-large\"><img loading=\"lazy\" decoding=\"async\" width=\"1024\" height=\"600\" src=\"https:\/\/www.leaplytics.de\/wp-content\/uploads\/2021\/11\/Laptop-with-Dashboard-Page2-1024x600.png\" alt=\"\" class=\"wp-image-2407\" srcset=\"https:\/\/www.leaplytics.de\/wp-content\/uploads\/2021\/11\/Laptop-with-Dashboard-Page2-1024x600.png 1024w, https:\/\/www.leaplytics.de\/wp-content\/uploads\/2021\/11\/Laptop-with-Dashboard-Page2-300x176.png 300w, https:\/\/www.leaplytics.de\/wp-content\/uploads\/2021\/11\/Laptop-with-Dashboard-Page2-768x450.png 768w, https:\/\/www.leaplytics.de\/wp-content\/uploads\/2021\/11\/Laptop-with-Dashboard-Page2-1536x901.png 1536w, https:\/\/www.leaplytics.de\/wp-content\/uploads\/2021\/11\/Laptop-with-Dashboard-Page2-2048x1201.png 2048w, https:\/\/www.leaplytics.de\/wp-content\/uploads\/2021\/11\/Laptop-with-Dashboard-Page2-102x60.png 102w\" sizes=\"auto, (max-width: 1024px) 100vw, 1024px\" \/><figcaption class=\"wp-element-caption\">Tableau de bord de gestion de projet Qlik Sense<\/figcaption><\/figure>\n\n\n\n<p>Une variante du rapport de base sur l'\u00e9tat d'avancement du projet adopte une pr\u00e9sentation horizontale et ajoute la vue des jalons comme caract\u00e9ristique principale pour obtenir une vue d'ensemble des jalons pertinents et de leurs objectifs de r\u00e9alisation.<\/p>\n\n\n\n<figure class=\"wp-block-image size-large\"><img loading=\"lazy\" decoding=\"async\" width=\"1024\" height=\"602\" src=\"https:\/\/www.leaplytics.de\/wp-content\/uploads\/2021\/11\/Laptop-with-Dashboard-Page3-1024x602.png\" alt=\"\" class=\"wp-image-2408\" srcset=\"https:\/\/www.leaplytics.de\/wp-content\/uploads\/2021\/11\/Laptop-with-Dashboard-Page3-1024x602.png 1024w, https:\/\/www.leaplytics.de\/wp-content\/uploads\/2021\/11\/Laptop-with-Dashboard-Page3-300x176.png 300w, https:\/\/www.leaplytics.de\/wp-content\/uploads\/2021\/11\/Laptop-with-Dashboard-Page3-768x451.png 768w, https:\/\/www.leaplytics.de\/wp-content\/uploads\/2021\/11\/Laptop-with-Dashboard-Page3-1536x903.png 1536w, https:\/\/www.leaplytics.de\/wp-content\/uploads\/2021\/11\/Laptop-with-Dashboard-Page3-2048x1204.png 2048w, https:\/\/www.leaplytics.de\/wp-content\/uploads\/2021\/11\/Laptop-with-Dashboard-Page3-102x60.png 102w\" sizes=\"auto, (max-width: 1024px) 100vw, 1024px\" \/><figcaption class=\"wp-element-caption\">Tableau de bord de gestion de projet Qlik Sense<\/figcaption><\/figure>\n\n\n\n<p>Notre extension peut \u00e9galement \u00eatre utilis\u00e9e dans des tableaux de bord globaux.<\/p>\n\n\n\n<figure class=\"wp-block-image size-large\"><img loading=\"lazy\" decoding=\"async\" width=\"1024\" height=\"599\" src=\"https:\/\/www.leaplytics.de\/wp-content\/uploads\/2021\/11\/Laptop-with-Dashboard-Page1-1024x599.png\" alt=\"\" class=\"wp-image-2406\" srcset=\"https:\/\/www.leaplytics.de\/wp-content\/uploads\/2021\/11\/Laptop-with-Dashboard-Page1-1024x599.png 1024w, https:\/\/www.leaplytics.de\/wp-content\/uploads\/2021\/11\/Laptop-with-Dashboard-Page1-300x175.png 300w, https:\/\/www.leaplytics.de\/wp-content\/uploads\/2021\/11\/Laptop-with-Dashboard-Page1-768x449.png 768w, https:\/\/www.leaplytics.de\/wp-content\/uploads\/2021\/11\/Laptop-with-Dashboard-Page1-1536x898.png 1536w, https:\/\/www.leaplytics.de\/wp-content\/uploads\/2021\/11\/Laptop-with-Dashboard-Page1-2048x1198.png 2048w, https:\/\/www.leaplytics.de\/wp-content\/uploads\/2021\/11\/Laptop-with-Dashboard-Page1-103x60.png 103w\" sizes=\"auto, (max-width: 1024px) 100vw, 1024px\" \/><figcaption class=\"wp-element-caption\">Tableau de bord du portefeuille de projets Qlik Sense<\/figcaption><\/figure>\n\n\n\n<p>Si vous \u00eates curieux de savoir ce que cela signifie pour votre environnement de gestion de projet, nous serons heureux d'organiser un appel avec vous. Dans ce cas, ou si vous avez des questions concernant les d\u00e9tails, la mise en \u0153uvre et les prix, n'h\u00e9sitez pas \u00e0 nous le faire savoir, nous vous contacterons dans les plus brefs d\u00e9lais :<\/p>\n\n\n<div class=\"wpforms-container wpforms-container-full\" id=\"wpforms-10645\"><form id=\"wpforms-form-10645\" class=\"wpforms-validate wpforms-form wpforms-ajax-form\" data-formid=\"10645\" method=\"post\" enctype=\"multipart\/form-data\" action=\"\/fr\/wp-json\/wp\/v2\/pages\/799\" data-token=\"8021b6815198f418c9ebb1b0452af199\" data-token-time=\"1776003423\" data-trp-original-action=\"\/fr\/wp-json\/wp\/v2\/pages\/799\"><noscript class=\"wpforms-error-noscript\">Veuillez activer JavaScript dans votre navigateur pour remplir ce formulaire.<\/noscript><div class=\"wpforms-field-container\"><div id=\"wpforms-10645-field_0-container\" class=\"wpforms-field wpforms-field-name\" data-field-id=\"0\"><label class=\"wpforms-field-label\">Nom <span class=\"wpforms-required-label\">*<\/span><\/label><div class=\"wpforms-field-row wpforms-field-medium\"><div class=\"wpforms-field-row-block wpforms-first wpforms-one-half\"><input type=\"text\" id=\"wpforms-10645-field_0\" class=\"wpforms-field-name-first wpforms-field-required\" name=\"wpforms[fields][0][first]\" required><label for=\"wpforms-10645-field_0\" class=\"wpforms-field-sublabel after\">Pr\u00e9nom<\/label><\/div><div class=\"wpforms-field-row-block wpforms-one-half\"><input type=\"text\" id=\"wpforms-10645-field_0-last\" class=\"wpforms-field-name-last wpforms-field-required\" name=\"wpforms[fields][0][last]\" required><label for=\"wpforms-10645-field_0-last\" class=\"wpforms-field-sublabel after\">Nom<\/label><\/div><\/div><\/div><div id=\"wpforms-10645-field_1-container\" class=\"wpforms-field wpforms-field-email\" data-field-id=\"1\"><label class=\"wpforms-field-label\" for=\"wpforms-10645-field_1\">Courriel <span class=\"wpforms-required-label\">*<\/span><\/label><input type=\"email\" id=\"wpforms-10645-field_1\" class=\"wpforms-field-medium wpforms-field-required\" data-rule-restricted-email=\"1\" name=\"wpforms[fields][1]\" spellcheck=\"false\" required><\/div><div id=\"wpforms-10645-field_3-container\" class=\"wpforms-field wpforms-field-text\" data-field-id=\"3\"><label class=\"wpforms-field-label\" for=\"wpforms-10645-field_3\">Entreprise <span class=\"wpforms-required-label\">*<\/span><\/label><input type=\"text\" id=\"wpforms-10645-field_3\" class=\"wpforms-field-medium wpforms-field-required\" name=\"wpforms[fields][3]\" required><\/div><div id=\"wpforms-10645-field_2-container\" class=\"wpforms-field wpforms-field-textarea\" data-field-id=\"2\"><label class=\"wpforms-field-label\" for=\"wpforms-10645-field_2\">Commentaire ou message<\/label><textarea id=\"wpforms-10645-field_2\" class=\"wpforms-field-medium\" name=\"wpforms[fields][2]\" ><\/textarea><\/div><div id=\"wpforms-10645-field_4-container\" class=\"wpforms-field wpforms-field-gdpr-checkbox\" data-field-id=\"4\"><label class=\"wpforms-field-label\">Accord GDPR <span class=\"wpforms-required-label\">*<\/span><\/label><ul id=\"wpforms-10645-field_4\" class=\"wpforms-field-required\"><li class=\"choice-1\"><input type=\"checkbox\" id=\"wpforms-10645-field_4_1\" name=\"wpforms[fields][4][]\" value=\"I consent to having this website store my submitted information so they can respond to my inquiry.\" required><label class=\"wpforms-field-label-inline\" for=\"wpforms-10645-field_4_1\">Je consens \u00e0 ce que ce site web stocke les informations que j'ai fournies afin de pouvoir r\u00e9pondre \u00e0 ma demande.<\/label><\/li><\/ul><\/div><\/div><!-- .wpforms-field-container --><div class=\"wpforms-recaptcha-container wpforms-is-recaptcha wpforms-is-recaptcha-type-v3\" ><input type=\"hidden\" name=\"wpforms[recaptcha]\" value=\"\"><\/div><div class=\"wpforms-submit-container\" ><input type=\"hidden\" name=\"wpforms[id]\" value=\"10645\"><input type=\"hidden\" name=\"page_title\" value=\"\"><input type=\"hidden\" name=\"page_url\" value=\"https:\/\/www.leaplytics.de\/fr\/wp-json\/wp\/v2\/pages\/799\"><input type=\"hidden\" name=\"url_referer\" value=\"\"><button type=\"submit\" name=\"wpforms[submit]\" id=\"wpforms-submit-10645\" class=\"wpforms-submit\" data-alt-text=\"Sending...\" data-submit-text=\"Submit\" aria-live=\"assertive\" value=\"wpforms-submit\">Soumettre<\/button><img loading=\"lazy\" decoding=\"async\" src=\"https:\/\/www.leaplytics.de\/wp-content\/plugins\/wpforms-lite\/assets\/images\/submit-spin.svg\" class=\"wpforms-submit-spinner\" style=\"display: none;\" width=\"26\" height=\"26\" alt=\"Chargement en cours\"><\/div><input type=\"hidden\" name=\"trp-form-language\" value=\"fr\"\/><\/form><\/div>  <!-- .wpforms-container -->","protected":false},"excerpt":{"rendered":"<p>Tableau de bord Gestion de projet Tableau de bord Qlik Sense suit une r\u00e8gle simple : montrer la bonne information sur le projet, dans la bonne agr\u00e9gation, aux personnes responsables en un seul coup d'\u0153il pour leur permettre de prendre les bonnes d\u00e9cisions. Dans l'environnement d'un projet, il y a diff\u00e9rentes parties prenantes, qui ont des exigences diff\u00e9rentes en mati\u00e8re d'information, chacune avec un niveau de d\u00e9tail diff\u00e9rent. La ... <\/p>","protected":false},"author":1,"featured_media":0,"parent":111,"menu_order":0,"comment_status":"closed","ping_status":"closed","template":"","meta":{"footnotes":""},"class_list":["post-799","page","type-page","status-publish","hentry","latest_post"],"_links":{"self":[{"href":"https:\/\/www.leaplytics.de\/fr\/wp-json\/wp\/v2\/pages\/799","targetHints":{"allow":["GET"]}}],"collection":[{"href":"https:\/\/www.leaplytics.de\/fr\/wp-json\/wp\/v2\/pages"}],"about":[{"href":"https:\/\/www.leaplytics.de\/fr\/wp-json\/wp\/v2\/types\/page"}],"author":[{"embeddable":true,"href":"https:\/\/www.leaplytics.de\/fr\/wp-json\/wp\/v2\/users\/1"}],"replies":[{"embeddable":true,"href":"https:\/\/www.leaplytics.de\/fr\/wp-json\/wp\/v2\/comments?post=799"}],"version-history":[{"count":3,"href":"https:\/\/www.leaplytics.de\/fr\/wp-json\/wp\/v2\/pages\/799\/revisions"}],"predecessor-version":[{"id":13668,"href":"https:\/\/www.leaplytics.de\/fr\/wp-json\/wp\/v2\/pages\/799\/revisions\/13668"}],"up":[{"embeddable":true,"href":"https:\/\/www.leaplytics.de\/fr\/wp-json\/wp\/v2\/pages\/111"}],"wp:attachment":[{"href":"https:\/\/www.leaplytics.de\/fr\/wp-json\/wp\/v2\/media?parent=799"}],"curies":[{"name":"wp","href":"https:\/\/api.w.org\/{rel}","templated":true}]}}