{"id":8873,"date":"2022-06-25T15:01:05","date_gmt":"2022-06-25T13:01:05","guid":{"rendered":"https:\/\/www.leaplytics.de\/?page_id=8873"},"modified":"2024-09-13T15:22:46","modified_gmt":"2024-09-13T13:22:46","slug":"couleurs-personnalisees-pour-la-matrice-de-la-carte-thermique-des-risques-power-bi","status":"publish","type":"page","link":"https:\/\/www.leaplytics.de\/fr\/couleurs-personnalisees-pour-la-matrice-de-la-carte-thermique-des-risques-power-bi\/","title":{"rendered":"Couleurs personnalis\u00e9es et \u00e9tiquettes d'axe"},"content":{"rendered":"<p>Souhaitez-vous concevoir votre carte thermique \/ matrice des risques avec des couleurs et des \u00e9tiquettes d'axe distinctes ? Notre concepteur de mise en page vous aidera \u00e0 personnaliser tous les \u00e9l\u00e9ments n\u00e9cessaires !<\/p>\n\n\n\n<div class=\"wp-block-buttons is-content-justification-center is-layout-flex wp-container-core-buttons-is-layout-1 wp-block-buttons-is-layout-flex\">\n<div class=\"wp-block-button\"><a class=\"wp-block-button__link has-text-align-center wp-element-button\" href=\"https:\/\/www.leaplytics.de\/fr\/custom-colors\/\">Aller \u00e0 Layout Designer<\/a><\/div>\n<\/div>","protected":false},"excerpt":{"rendered":"<p>Souhaitez-vous concevoir votre carte thermique \/ matrice des risques avec des couleurs et des \u00e9tiquettes d'axe distinctes ? Notre concepteur de mise en page vous aidera \u00e0 personnaliser tous les \u00e9l\u00e9ments n\u00e9cessaires !<\/p>","protected":false},"author":2,"featured_media":0,"parent":0,"menu_order":0,"comment_status":"closed","ping_status":"closed","template":"","meta":{"footnotes":""},"class_list":["post-8873","page","type-page","status-publish","hentry","latest_post"],"_links":{"self":[{"href":"https:\/\/www.leaplytics.de\/fr\/wp-json\/wp\/v2\/pages\/8873","targetHints":{"allow":["GET"]}}],"collection":[{"href":"https:\/\/www.leaplytics.de\/fr\/wp-json\/wp\/v2\/pages"}],"about":[{"href":"https:\/\/www.leaplytics.de\/fr\/wp-json\/wp\/v2\/types\/page"}],"author":[{"embeddable":true,"href":"https:\/\/www.leaplytics.de\/fr\/wp-json\/wp\/v2\/users\/2"}],"replies":[{"embeddable":true,"href":"https:\/\/www.leaplytics.de\/fr\/wp-json\/wp\/v2\/comments?post=8873"}],"version-history":[{"count":5,"href":"https:\/\/www.leaplytics.de\/fr\/wp-json\/wp\/v2\/pages\/8873\/revisions"}],"predecessor-version":[{"id":13562,"href":"https:\/\/www.leaplytics.de\/fr\/wp-json\/wp\/v2\/pages\/8873\/revisions\/13562"}],"wp:attachment":[{"href":"https:\/\/www.leaplytics.de\/fr\/wp-json\/wp\/v2\/media?parent=8873"}],"curies":[{"name":"wp","href":"https:\/\/api.w.org\/{rel}","templated":true}]}}