{"id":9141,"date":"2022-07-21T14:51:23","date_gmt":"2022-07-21T12:51:23","guid":{"rendered":"https:\/\/www.leaplytics.de\/?page_id=9141"},"modified":"2022-07-21T14:51:24","modified_gmt":"2022-07-21T12:51:24","slug":"texte-se-chevauchant-pour-la-carte-thermique-des-risques-matrice-power-bi","status":"publish","type":"page","link":"https:\/\/www.leaplytics.de\/fr\/texte-se-chevauchant-pour-la-carte-thermique-des-risques-matrice-power-bi\/","title":{"rendered":"Texte se chevauchant"},"content":{"rendered":"<p>Les textes des risques sont longs et se chevauchent dans la visualisation ? Nous avons rassembl\u00e9 quelques solutions pour vous.<\/p>\n\n\n\n<h3 class=\"wp-block-heading\">Limitation du nombre de caract\u00e8res<\/h3>\n\n\n\n<p>En outre, il est possible de limiter le nombre de caract\u00e8res dans une dimension ou une colonne. Vous pouvez ainsi d\u00e9finir individuellement la longueur de la cha\u00eene de caract\u00e8res de mani\u00e8re \u00e0 ce que le risque reste lisible.<\/p>\n\n\n\n<div class=\"wp-block-columns is-layout-flex wp-container-core-columns-is-layout-1 wp-block-columns-is-layout-flex\">\n<div class=\"wp-block-column is-layout-flow wp-block-column-is-layout-flow\" style=\"flex-basis:66.66%\">\n<figure class=\"wp-block-image size-full\"><img loading=\"lazy\" decoding=\"async\" width=\"604\" height=\"446\" src=\"https:\/\/www.leaplytics.de\/wp-content\/uploads\/2022\/07\/grafik-8.png\" alt=\"\" class=\"wp-image-9159\" srcset=\"https:\/\/www.leaplytics.de\/wp-content\/uploads\/2022\/07\/grafik-8.png 604w, https:\/\/www.leaplytics.de\/wp-content\/uploads\/2022\/07\/grafik-8-300x222.png 300w, https:\/\/www.leaplytics.de\/wp-content\/uploads\/2022\/07\/grafik-8-570x420.png 570w, https:\/\/www.leaplytics.de\/wp-content\/uploads\/2022\/07\/grafik-8-81x60.png 81w\" sizes=\"auto, (max-width: 604px) 100vw, 604px\" \/><\/figure>\n<\/div>\n\n\n\n<div class=\"wp-block-column is-layout-flow wp-block-column-is-layout-flow\" style=\"flex-basis:33.33%\">\n<p>Ici, nous avons limit\u00e9 la description du risque aux huit premiers caract\u00e8res et ajout\u00e9 trois points pour une meilleure lisibilit\u00e9. Vous pouvez toujours voir la description d\u00e9taill\u00e9e en passant la souris dessus.<\/p>\n<\/div>\n<\/div>\n\n\n\n<div class=\"wp-block-columns is-layout-flex wp-container-core-columns-is-layout-2 wp-block-columns-is-layout-flex\">\n<div class=\"wp-block-column is-layout-flow wp-block-column-is-layout-flow\" style=\"flex-basis:33.33%\">\n<p>Pour ce faire, nous cliquons d'abord sur l'onglet \"Mod\u00e9lisation\" dans Power BI, puis sur \"Nouvelle colonne\".<\/p>\n\n\n\n<p>L'\u00e9diteur DAX s'ouvre.<\/p>\n<\/div>\n\n\n\n<div class=\"wp-block-column is-layout-flow wp-block-column-is-layout-flow\" style=\"flex-basis:66.66%\">\n<figure class=\"wp-block-image size-full\"><img loading=\"lazy\" decoding=\"async\" width=\"709\" height=\"616\" src=\"https:\/\/www.leaplytics.de\/wp-content\/uploads\/2022\/07\/grafik-9.png\" alt=\"\" class=\"wp-image-9160\" srcset=\"https:\/\/www.leaplytics.de\/wp-content\/uploads\/2022\/07\/grafik-9.png 709w, https:\/\/www.leaplytics.de\/wp-content\/uploads\/2022\/07\/grafik-9-300x261.png 300w, https:\/\/www.leaplytics.de\/wp-content\/uploads\/2022\/07\/grafik-9-69x60.png 69w\" sizes=\"auto, (max-width: 709px) 100vw, 709px\" \/><\/figure>\n<\/div>\n<\/div>\n\n\n\n<p>Dans notre exemple, la colonne \"Description longue\" contient le texte que nous voulons raccourcir. Vous devez adapter le code en fonction de sa description. Nous ins\u00e9rons maintenant le code suivant dans cet exemple :<\/p>\n\n\n\n<pre class=\"wp-block-code\"><code>Description Short = CONCATENATE(LEFT([Description Long], 8),\"...\")<\/code><\/pre>\n\n\n\n<div class=\"wp-block-columns is-layout-flex wp-container-core-columns-is-layout-3 wp-block-columns-is-layout-flex\">\n<div class=\"wp-block-column is-layout-flow wp-block-column-is-layout-flow\" style=\"flex-basis:66.66%\">\n<figure class=\"wp-block-image size-full\"><img loading=\"lazy\" decoding=\"async\" width=\"634\" height=\"459\" src=\"https:\/\/www.leaplytics.de\/wp-content\/uploads\/2022\/07\/grafik-10.png\" alt=\"\" class=\"wp-image-9161\" srcset=\"https:\/\/www.leaplytics.de\/wp-content\/uploads\/2022\/07\/grafik-10.png 634w, https:\/\/www.leaplytics.de\/wp-content\/uploads\/2022\/07\/grafik-10-300x217.png 300w, https:\/\/www.leaplytics.de\/wp-content\/uploads\/2022\/07\/grafik-10-83x60.png 83w\" sizes=\"auto, (max-width: 634px) 100vw, 634px\" \/><\/figure>\n<\/div>\n\n\n\n<div class=\"wp-block-column is-layout-flow wp-block-column-is-layout-flow\" style=\"flex-basis:33.33%\">\n<p>La fonction interne LEFT tronque la dimension aux huit premi\u00e8res lettres du d\u00e9but. La fonction CONCATENATE permet de relier la cha\u00eene raccourcie et les trois points '...'.<\/p>\n<\/div>\n<\/div>\n\n\n\n<div class=\"wp-block-columns is-layout-flex wp-container-core-columns-is-layout-4 wp-block-columns-is-layout-flex\">\n<div class=\"wp-block-column is-layout-flow wp-block-column-is-layout-flow\" style=\"flex-basis:33.33%\">\n<p>Nous utilisons maintenant la colonne \"Description courte\" et l'assignons au champ \"ID de risque\" de la visualisation.<\/p>\n<\/div>\n\n\n\n<div class=\"wp-block-column is-layout-flow wp-block-column-is-layout-flow\" style=\"flex-basis:66.66%\">\n<figure class=\"wp-block-image size-full\"><img loading=\"lazy\" decoding=\"async\" width=\"560\" height=\"639\" src=\"https:\/\/www.leaplytics.de\/wp-content\/uploads\/2022\/07\/grafik-11.png\" alt=\"\" class=\"wp-image-9162\" srcset=\"https:\/\/www.leaplytics.de\/wp-content\/uploads\/2022\/07\/grafik-11.png 560w, https:\/\/www.leaplytics.de\/wp-content\/uploads\/2022\/07\/grafik-11-263x300.png 263w, https:\/\/www.leaplytics.de\/wp-content\/uploads\/2022\/07\/grafik-11-53x60.png 53w\" sizes=\"auto, (max-width: 560px) 100vw, 560px\" \/><\/figure>\n<\/div>\n<\/div>\n\n\n\n<h3 class=\"wp-block-heading\">Utilisation de l'identifiant de risque interne au syst\u00e8me<\/h3>\n\n\n\n<div class=\"wp-block-columns is-layout-flex wp-container-core-columns-is-layout-5 wp-block-columns-is-layout-flex\">\n<div class=\"wp-block-column is-layout-flow wp-block-column-is-layout-flow\" style=\"flex-basis:66.66%\">\n<figure class=\"wp-block-image size-full\"><img loading=\"lazy\" decoding=\"async\" width=\"701\" height=\"510\" src=\"https:\/\/www.leaplytics.de\/wp-content\/uploads\/2022\/07\/grafik-1.png\" alt=\"\" class=\"wp-image-9145\" srcset=\"https:\/\/www.leaplytics.de\/wp-content\/uploads\/2022\/07\/grafik-1.png 701w, https:\/\/www.leaplytics.de\/wp-content\/uploads\/2022\/07\/grafik-1-300x218.png 300w, https:\/\/www.leaplytics.de\/wp-content\/uploads\/2022\/07\/grafik-1-82x60.png 82w\" sizes=\"auto, (max-width: 701px) 100vw, 701px\" \/><\/figure>\n<\/div>\n\n\n\n<div class=\"wp-block-column is-layout-flow wp-block-column-is-layout-flow\" style=\"flex-basis:33.33%\">\n<p>Supposons que vous ayez charg\u00e9 vos risques dans le champ \"Risk ID\". Les textes se chevauchent \u00e0 pr\u00e9sent. Une premi\u00e8re possibilit\u00e9 consiste \u00e0 utiliser un identifiant interne - si possible - du risque du syst\u00e8me au lieu de la description plus longue du risque. Cette description comporte souvent moins de caract\u00e8res.<\/p>\n<\/div>\n<\/div>\n\n\n\n<div class=\"wp-block-columns is-layout-flex wp-container-core-columns-is-layout-6 wp-block-columns-is-layout-flex\">\n<div class=\"wp-block-column is-layout-flow wp-block-column-is-layout-flow\" style=\"flex-basis:33.33%\">\n<p>Au lieu d'une description plus longue, c'est l'ID qui est utilis\u00e9 ici. Cela permet de r\u00e9duire le nombre de caract\u00e8res et de rendre la description plus claire. La description du risque peut maintenant \u00eatre affich\u00e9e en passant la souris sur la bulle.<\/p>\n<\/div>\n\n\n\n<div class=\"wp-block-column is-layout-flow wp-block-column-is-layout-flow\" style=\"flex-basis:66.66%\">\n<figure class=\"wp-block-image size-full\"><img loading=\"lazy\" decoding=\"async\" width=\"684\" height=\"519\" src=\"https:\/\/www.leaplytics.de\/wp-content\/uploads\/2022\/07\/grafik-3.png\" alt=\"\" class=\"wp-image-9147\" srcset=\"https:\/\/www.leaplytics.de\/wp-content\/uploads\/2022\/07\/grafik-3.png 684w, https:\/\/www.leaplytics.de\/wp-content\/uploads\/2022\/07\/grafik-3-300x228.png 300w, https:\/\/www.leaplytics.de\/wp-content\/uploads\/2022\/07\/grafik-3-370x280.png 370w, https:\/\/www.leaplytics.de\/wp-content\/uploads\/2022\/07\/grafik-3-79x60.png 79w\" sizes=\"auto, (max-width: 684px) 100vw, 684px\" \/><\/figure>\n<\/div>\n<\/div>\n\n\n\n<div class=\"wp-block-columns is-layout-flex wp-container-core-columns-is-layout-7 wp-block-columns-is-layout-flex\">\n<div class=\"wp-block-column is-layout-flow wp-block-column-is-layout-flow\" style=\"flex-basis:50%\">\n<figure class=\"wp-block-image size-full\"><img loading=\"lazy\" decoding=\"async\" width=\"562\" height=\"616\" src=\"https:\/\/www.leaplytics.de\/wp-content\/uploads\/2022\/07\/grafik-5.png\" alt=\"\" class=\"wp-image-9154\" srcset=\"https:\/\/www.leaplytics.de\/wp-content\/uploads\/2022\/07\/grafik-5.png 562w, https:\/\/www.leaplytics.de\/wp-content\/uploads\/2022\/07\/grafik-5-274x300.png 274w, https:\/\/www.leaplytics.de\/wp-content\/uploads\/2022\/07\/grafik-5-55x60.png 55w\" sizes=\"auto, (max-width: 562px) 100vw, 562px\" \/><\/figure>\n<\/div>\n\n\n\n<div class=\"wp-block-column is-layout-flow wp-block-column-is-layout-flow\" style=\"flex-basis:33.33%\">\n<p>Pour ce faire, d\u00e9placez la colonne ou la dimension contenant le texte le plus long vers le champ \"Info-bulle (facultatif)\" et l'identificateur de risque du syst\u00e8me vers le champ \"Identificateur de risque\".<\/p>\n<\/div>\n<\/div>\n\n\n\n<h3 class=\"wp-block-heading\">Minimiser le nombre de risques affich\u00e9s par tuile<\/h3>\n\n\n\n<div class=\"wp-block-columns is-layout-flex wp-container-core-columns-is-layout-8 wp-block-columns-is-layout-flex\">\n<div class=\"wp-block-column is-layout-flow wp-block-column-is-layout-flow\" style=\"flex-basis:66.66%\">\n<figure class=\"wp-block-image size-full\"><img loading=\"lazy\" decoding=\"async\" width=\"708\" height=\"512\" src=\"https:\/\/www.leaplytics.de\/wp-content\/uploads\/2022\/07\/grafik-6.png\" alt=\"\" class=\"wp-image-9157\" srcset=\"https:\/\/www.leaplytics.de\/wp-content\/uploads\/2022\/07\/grafik-6.png 708w, https:\/\/www.leaplytics.de\/wp-content\/uploads\/2022\/07\/grafik-6-300x217.png 300w, https:\/\/www.leaplytics.de\/wp-content\/uploads\/2022\/07\/grafik-6-83x60.png 83w\" sizes=\"auto, (max-width: 708px) 100vw, 708px\" \/><\/figure>\n<\/div>\n\n\n\n<div class=\"wp-block-column is-layout-flow wp-block-column-is-layout-flow\" style=\"flex-basis:33.33%\">\n<p>Une autre option consisterait \u00e0 r\u00e9duire le nombre de risques affich\u00e9s. \u00c0 l'origine, cette option a \u00e9t\u00e9 mise en place pour permettre \u00e0 l'utilisateur de r\u00e9duire le nombre de risques par tuile. Tout ce qui d\u00e9passe ce nombre sera affich\u00e9 sous la forme d'une somme de risques avec le diamant devant.<\/p>\n<\/div>\n<\/div>\n\n\n\n<div class=\"wp-block-columns is-layout-flex wp-container-core-columns-is-layout-9 wp-block-columns-is-layout-flex\">\n<div class=\"wp-block-column is-layout-flow wp-block-column-is-layout-flow\" style=\"flex-basis:33.33%\">\n<p>Dans cet exemple, nous avons fix\u00e9 le nombre de risques affich\u00e9s \u00e0 la valeur 1. Ainsi, si plus d'un risque est attribu\u00e9 \u00e0 la tuile, une somme est form\u00e9e et affich\u00e9e.<\/p>\n<\/div>\n\n\n\n<div class=\"wp-block-column is-layout-flow wp-block-column-is-layout-flow\" style=\"flex-basis:66.66%\">\n<figure class=\"wp-block-image size-full\"><img loading=\"lazy\" decoding=\"async\" width=\"559\" height=\"615\" src=\"https:\/\/www.leaplytics.de\/wp-content\/uploads\/2022\/07\/grafik-7.png\" alt=\"\" class=\"wp-image-9158\" srcset=\"https:\/\/www.leaplytics.de\/wp-content\/uploads\/2022\/07\/grafik-7.png 559w, https:\/\/www.leaplytics.de\/wp-content\/uploads\/2022\/07\/grafik-7-273x300.png 273w, https:\/\/www.leaplytics.de\/wp-content\/uploads\/2022\/07\/grafik-7-55x60.png 55w\" sizes=\"auto, (max-width: 559px) 100vw, 559px\" \/><\/figure>\n<\/div>\n<\/div>","protected":false},"excerpt":{"rendered":"<p>Les textes des risques sont longs et se chevauchent dans la visualisation ? Nous avons rassembl\u00e9 quelques solutions pour vous. Limitation du nombre de caract\u00e8res En outre, il est possible de limiter le nombre de caract\u00e8res dans une dimension ou une colonne. Cela vous permet de d\u00e9finir individuellement la longueur de la cha\u00eene de caract\u00e8res afin que le risque ... <\/p>","protected":false},"author":2,"featured_media":0,"parent":0,"menu_order":0,"comment_status":"closed","ping_status":"closed","template":"","meta":{"footnotes":""},"class_list":["post-9141","page","type-page","status-publish","hentry","latest_post"],"_links":{"self":[{"href":"https:\/\/www.leaplytics.de\/fr\/wp-json\/wp\/v2\/pages\/9141","targetHints":{"allow":["GET"]}}],"collection":[{"href":"https:\/\/www.leaplytics.de\/fr\/wp-json\/wp\/v2\/pages"}],"about":[{"href":"https:\/\/www.leaplytics.de\/fr\/wp-json\/wp\/v2\/types\/page"}],"author":[{"embeddable":true,"href":"https:\/\/www.leaplytics.de\/fr\/wp-json\/wp\/v2\/users\/2"}],"replies":[{"embeddable":true,"href":"https:\/\/www.leaplytics.de\/fr\/wp-json\/wp\/v2\/comments?post=9141"}],"version-history":[{"count":0,"href":"https:\/\/www.leaplytics.de\/fr\/wp-json\/wp\/v2\/pages\/9141\/revisions"}],"wp:attachment":[{"href":"https:\/\/www.leaplytics.de\/fr\/wp-json\/wp\/v2\/media?parent=9141"}],"curies":[{"name":"wp","href":"https:\/\/api.w.org\/{rel}","templated":true}]}}