{"id":9298,"date":"2022-08-01T18:12:55","date_gmt":"2022-08-01T16:12:55","guid":{"rendered":"https:\/\/www.leaplytics.de\/?page_id=9298"},"modified":"2024-10-29T10:26:15","modified_gmt":"2024-10-29T09:26:15","slug":"demarrage-de-lentreprise-traffic-light-power-bi","status":"publish","type":"page","link":"https:\/\/www.leaplytics.de\/fr\/demarrage-de-lentreprise-traffic-light-power-bi\/","title":{"rendered":"D\u00e9marrage - Feu de circulation"},"content":{"rendered":"<p>Vous venez de d\u00e9couvrir le visuel Traffic Light dans Power BI et vous vous demandez quelles sont les prochaines \u00e9tapes ?<\/p>\n\n\n\n<p>Vous \u00eates au bon endroit ! Dans notre guide \u00e9tape par \u00e9tape, soutenu par nos tutoriels vid\u00e9o, nous vous guiderons \u00e0 travers la configuration et la personnalisation de notre visuel.<\/p>\n\n\n\n<div style=\"height:40px\" aria-hidden=\"true\" class=\"wp-block-spacer\"><\/div>\n\n\n\n<h3 class=\"wp-block-heading\">1. T\u00e9l\u00e9charger le visuel<\/h3>\n\n\n\n<figure class=\"wp-block-embed is-type-video is-provider-youtube wp-block-embed-youtube wp-embed-aspect-16-9 wp-has-aspect-ratio\"><div class=\"wp-block-embed__wrapper\">\n<iframe loading=\"lazy\" title=\"Download Tutorial - LeapLytics Traffic Light pour Power BI\" width=\"770\" height=\"433\" src=\"https:\/\/www.youtube.com\/embed\/_u8gc4RcyO0?feature=oembed\" frameborder=\"0\" allow=\"accelerometer; autoplay; clipboard-write; encrypted-media; gyroscope; picture-in-picture; web-share\" referrerpolicy=\"strict-origin-when-cross-origin\" allowfullscreen><\/iframe>\n<\/div><figcaption class=\"wp-element-caption\">La premi\u00e8re \u00e9tape consiste bien s\u00fbr \u00e0 t\u00e9l\u00e9charger le visuel Traffic Light \u00e0 partir de Microsoft AppSource. Dans notre vid\u00e9o, nous expliquons l'ensemble du processus de t\u00e9l\u00e9chargement en 1 minute.<\/figcaption><\/figure>\n\n\n\n<div style=\"height:40px\" aria-hidden=\"true\" class=\"wp-block-spacer\"><\/div>\n\n\n\n<h3 class=\"wp-block-heading\">2. Pr\u00e9parez vos donn\u00e9es<\/h3>\n\n\n\n<div class=\"wp-block-columns is-layout-flex wp-container-core-columns-is-layout-1 wp-block-columns-is-layout-flex\">\n<div class=\"wp-block-column is-layout-flow wp-block-column-is-layout-flow\"><div class=\"wp-block-image\">\n<figure class=\"alignleft size-full is-resized\"><img loading=\"lazy\" decoding=\"async\" width=\"2285\" height=\"1538\" src=\"https:\/\/www.leaplytics.de\/wp-content\/uploads\/2024\/08\/data-preparation.png\" alt=\"\" class=\"wp-image-13550\" style=\"width:389px;height:auto\" srcset=\"https:\/\/www.leaplytics.de\/wp-content\/uploads\/2024\/08\/data-preparation.png 2285w, https:\/\/www.leaplytics.de\/wp-content\/uploads\/2024\/08\/data-preparation-300x202.png 300w, https:\/\/www.leaplytics.de\/wp-content\/uploads\/2024\/08\/data-preparation-1024x689.png 1024w, https:\/\/www.leaplytics.de\/wp-content\/uploads\/2024\/08\/data-preparation-768x517.png 768w, https:\/\/www.leaplytics.de\/wp-content\/uploads\/2024\/08\/data-preparation-1536x1034.png 1536w, https:\/\/www.leaplytics.de\/wp-content\/uploads\/2024\/08\/data-preparation-2048x1378.png 2048w, https:\/\/www.leaplytics.de\/wp-content\/uploads\/2024\/08\/data-preparation-89x60.png 89w\" sizes=\"auto, (max-width: 2285px) 100vw, 2285px\" \/><\/figure><\/div><\/div>\n\n\n\n<div class=\"wp-block-column is-layout-flow wp-block-column-is-layout-flow\">\n<p>Notre feu de circulation requiert des valeurs num\u00e9riques, des pourcentages ou des valeurs temporelles (par exemple, la date) pour d\u00e9finir les plages de chaque couleur de feu.<\/p>\n\n\n\n<p>Veillez \u00e0 adapter les donn\u00e9es qui vous int\u00e9ressent \u00e0 l'un des formats de donn\u00e9es pris en charge.<\/p>\n<\/div>\n<\/div>\n\n\n\n<div style=\"height:40px\" aria-hidden=\"true\" class=\"wp-block-spacer\"><\/div>\n\n\n\n<h3 class=\"wp-block-heading\">3. Importation de donn\u00e9es et de licences<\/h3>\n\n\n\n<figure class=\"wp-block-embed is-type-video is-provider-youtube wp-block-embed-youtube wp-embed-aspect-16-9 wp-has-aspect-ratio\"><div class=\"wp-block-embed__wrapper\">\n<iframe loading=\"lazy\" title=\"Importation de donn\u00e9es et activation de licence - LeapLytics Traffic Light pour Power BI\" width=\"770\" height=\"433\" src=\"https:\/\/www.youtube.com\/embed\/S1HhF9H03K0?feature=oembed\" frameborder=\"0\" allow=\"accelerometer; autoplay; clipboard-write; encrypted-media; gyroscope; picture-in-picture; web-share\" referrerpolicy=\"strict-origin-when-cross-origin\" allowfullscreen><\/iframe>\n<\/div><figcaption class=\"wp-element-caption\">Une fois que nous avons pr\u00e9par\u00e9 nos donn\u00e9es, il est temps de les importer dans Power BI. Dans cette vid\u00e9o, nous vous aidons \u00e0 importer vos donn\u00e9es et \u00e0 activer votre code de licence.<\/figcaption><\/figure>\n\n\n<div class=\"wp-block-image\">\n<figure class=\"alignleft size-full is-resized\"><img loading=\"lazy\" decoding=\"async\" width=\"964\" height=\"1875\" src=\"https:\/\/www.leaplytics.de\/wp-content\/uploads\/2024\/08\/datalicense.png\" alt=\"\" class=\"wp-image-13551\" style=\"width:204px;height:auto\" srcset=\"https:\/\/www.leaplytics.de\/wp-content\/uploads\/2024\/08\/datalicense.png 964w, https:\/\/www.leaplytics.de\/wp-content\/uploads\/2024\/08\/datalicense-154x300.png 154w, https:\/\/www.leaplytics.de\/wp-content\/uploads\/2024\/08\/datalicense-526x1024.png 526w, https:\/\/www.leaplytics.de\/wp-content\/uploads\/2024\/08\/datalicense-768x1494.png 768w, https:\/\/www.leaplytics.de\/wp-content\/uploads\/2024\/08\/datalicense-790x1536.png 790w, https:\/\/www.leaplytics.de\/wp-content\/uploads\/2024\/08\/datalicense-31x60.png 31w\" sizes=\"auto, (max-width: 964px) 100vw, 964px\" \/><\/figure><\/div>\n\n\n<p>Pour importer vos donn\u00e9es, cliquez sur \"Obtenir des donn\u00e9es\" dans le volet des donn\u00e9es et s\u00e9lectionnez votre source de donn\u00e9es, par exemple un classeur Excel.<\/p>\n\n\n\n<p><\/p>\n\n\n\n<p>Dans une prochaine \u00e9tape, s\u00e9lectionnez le visuel dans la liste des visuels pour l'ajouter \u00e0 votre rapport Power BI. Cliquez ensuite sur \"Format your visual\" sous visualisations et choisissez la section \"licence\".<\/p>\n\n\n\n<p>Ici, vous pouvez simplement ins\u00e9rer votre code de licence via CTRL + V.<\/p>\n\n\n\n<div style=\"height:40px\" aria-hidden=\"true\" class=\"wp-block-spacer\"><\/div>\n\n\n\n<h3 class=\"wp-block-heading\">4. Mise en place visuelle<\/h3>\n\n\n\n<figure class=\"wp-block-embed is-type-video is-provider-youtube wp-block-embed-youtube wp-embed-aspect-16-9 wp-has-aspect-ratio\"><div class=\"wp-block-embed__wrapper\">\n<iframe loading=\"lazy\" title=\"Mise en place visuelle - LeapLytics Traffic Light pour Power BI\" width=\"770\" height=\"433\" src=\"https:\/\/www.youtube.com\/embed\/rY4INTDBFAA?feature=oembed\" frameborder=\"0\" allow=\"accelerometer; autoplay; clipboard-write; encrypted-media; gyroscope; picture-in-picture; web-share\" referrerpolicy=\"strict-origin-when-cross-origin\" allowfullscreen><\/iframe>\n<\/div><figcaption class=\"wp-element-caption\">Ensuite, nous devons ajouter nos donn\u00e9es au visuel. Ici, nous vous guidons pas \u00e0 pas pour ajouter vos donn\u00e9es au visuel et d\u00e9finir les plages de donn\u00e9es en cons\u00e9quence.<\/figcaption><\/figure>\n\n\n\n<div class=\"wp-block-columns is-layout-flex wp-container-core-columns-is-layout-2 wp-block-columns-is-layout-flex\">\n<div class=\"wp-block-column is-layout-flow wp-block-column-is-layout-flow\" style=\"flex-basis:33.33%\"><div class=\"wp-block-image\">\n<figure class=\"alignleft size-full is-resized\"><img loading=\"lazy\" decoding=\"async\" width=\"1019\" height=\"1675\" src=\"https:\/\/www.leaplytics.de\/wp-content\/uploads\/2024\/08\/measure.png\" alt=\"\" class=\"wp-image-13554\" style=\"width:204px;height:auto\" srcset=\"https:\/\/www.leaplytics.de\/wp-content\/uploads\/2024\/08\/measure.png 1019w, https:\/\/www.leaplytics.de\/wp-content\/uploads\/2024\/08\/measure-183x300.png 183w, https:\/\/www.leaplytics.de\/wp-content\/uploads\/2024\/08\/measure-623x1024.png 623w, https:\/\/www.leaplytics.de\/wp-content\/uploads\/2024\/08\/measure-768x1262.png 768w, https:\/\/www.leaplytics.de\/wp-content\/uploads\/2024\/08\/measure-934x1536.png 934w, https:\/\/www.leaplytics.de\/wp-content\/uploads\/2024\/08\/measure-37x60.png 37w\" sizes=\"auto, (max-width: 1019px) 100vw, 1019px\" \/><\/figure><\/div><\/div>\n\n\n\n<div class=\"wp-block-column is-layout-flow wp-block-column-is-layout-flow\" style=\"flex-basis:66.66%\">\n<p>S\u00e9lectionnez la mesure qui vous int\u00e9resse dans la section \"Donn\u00e9es\" en cliquant dessus ou en la faisant glisser dans le champ \"Mesure\" du visuel.<\/p>\n\n\n\n<p><strong>En option : <\/strong>En cliquant sur la liste d\u00e9roulante, vous pouvez choisir l'agr\u00e9gation qui convient \u00e0 vos besoins (Somme, Moyenne, etc.).<\/p>\n\n\n\n<p>Lors de l'utilisation de formats temporels, il convient de s'assurer que le format est d\u00e9fini en fonction du format de la mesure s\u00e9lectionn\u00e9e.<\/p>\n<\/div>\n<\/div>\n\n\n\n<div style=\"height:40px\" aria-hidden=\"true\" class=\"wp-block-spacer\"><\/div>\n\n\n\n<h3 class=\"wp-block-heading\">5. Plages de r\u00e9glage<\/h3>\n\n\n<div class=\"wp-block-image\">\n<figure class=\"alignleft size-full\"><img loading=\"lazy\" decoding=\"async\" width=\"185\" height=\"377\" src=\"https:\/\/www.leaplytics.de\/wp-content\/uploads\/2024\/08\/ranges.png\" alt=\"\" class=\"wp-image-13553\" srcset=\"https:\/\/www.leaplytics.de\/wp-content\/uploads\/2024\/08\/ranges.png 185w, https:\/\/www.leaplytics.de\/wp-content\/uploads\/2024\/08\/ranges-147x300.png 147w, https:\/\/www.leaplytics.de\/wp-content\/uploads\/2024\/08\/ranges-29x60.png 29w\" sizes=\"auto, (max-width: 185px) 100vw, 185px\" \/><\/figure><\/div>\n\n\n<p>Ensuite, pour que votre visuel \"Traffic Light\" fonctionne correctement, vous devez d\u00e9finir les plages d'affichage des couleurs claires. Dans la section \"Plages\" sous \"Formez votre visuel\", vous pouvez d\u00e9finir des valeurs minimales et maximales pour la couleur correspondante*.<\/p>\n\n\n\n<p>Lorsqu'une mesure de date ou d'intervalle est s\u00e9lectionn\u00e9e dans la section mesure, vous devez d\u00e9finir les plages en fonction du format temporel s\u00e9lectionn\u00e9 dans la section format temporel.<\/p>\n\n\n\n<p><em>*Le minimum jaune et le maximum jaune sont d\u00e9sactiv\u00e9s si le \"syst\u00e8me \u00e0 deux feux\" est s\u00e9lectionn\u00e9.<\/em><\/p>\n\n\n\n<div style=\"height:40px\" aria-hidden=\"true\" class=\"wp-block-spacer\"><\/div>\n\n\n\n<h3 class=\"wp-block-heading\">6. Personnalisez votre design pr\u00e9f\u00e9r\u00e9<\/h3>\n\n\n\n<figure class=\"wp-block-embed is-type-video is-provider-youtube wp-block-embed-youtube wp-embed-aspect-16-9 wp-has-aspect-ratio\"><div class=\"wp-block-embed__wrapper\">\n<iframe loading=\"lazy\" title=\"Param\u00e8tres de conception personnalis\u00e9s - LeapLytics Traffic Light pour Power BI\" width=\"770\" height=\"433\" src=\"https:\/\/www.youtube.com\/embed\/GpFtfzbQ_OE?feature=oembed\" frameborder=\"0\" allow=\"accelerometer; autoplay; clipboard-write; encrypted-media; gyroscope; picture-in-picture; web-share\" referrerpolicy=\"strict-origin-when-cross-origin\" allowfullscreen><\/iframe>\n<\/div><figcaption class=\"wp-element-caption\">Notre visuel vous offre un large \u00e9ventail d'options de personnalisation. Consultez notre tutoriel vid\u00e9o ci-dessus pour apprendre \u00e0 personnaliser le feu tricolore en fonction de vos pr\u00e9f\u00e9rences.<\/figcaption><\/figure>\n\n\n<div class=\"wp-block-image\">\n<figure class=\"alignleft size-full is-resized\"><img loading=\"lazy\" decoding=\"async\" width=\"538\" height=\"1697\" src=\"https:\/\/www.leaplytics.de\/wp-content\/uploads\/2024\/08\/formats.png\" alt=\"\" class=\"wp-image-13552\" style=\"width:198px;height:auto\" srcset=\"https:\/\/www.leaplytics.de\/wp-content\/uploads\/2024\/08\/formats.png 538w, https:\/\/www.leaplytics.de\/wp-content\/uploads\/2024\/08\/formats-95x300.png 95w, https:\/\/www.leaplytics.de\/wp-content\/uploads\/2024\/08\/formats-325x1024.png 325w, https:\/\/www.leaplytics.de\/wp-content\/uploads\/2024\/08\/formats-487x1536.png 487w, https:\/\/www.leaplytics.de\/wp-content\/uploads\/2024\/08\/formats-19x60.png 19w\" sizes=\"auto, (max-width: 538px) 100vw, 538px\" \/><\/figure><\/div>\n\n\n<p>Dans une derni\u00e8re \u00e9tape, nous pouvons personnaliser le visuel en fonction d'un design individuel. En cliquant sur \"Format your visual\" sous visualisations, vous verrez le panneau suivant.<\/p>\n\n\n\n<p>Ici, vous pouvez adapter toutes les options de formatage en choisissant votre mod\u00e8le pr\u00e9f\u00e9r\u00e9. <\/p>\n\n\n\n<p>Vous trouverez des instructions sur chaque option de formatage dans notre tutoriel vid\u00e9o ci-dessus.<\/p>\n\n\n\n<div style=\"height:40px\" aria-hidden=\"true\" class=\"wp-block-spacer\"><\/div>\n\n\n\n<p>Parfait, vous \u00eates maintenant pr\u00eat \u00e0 utiliser notre Traffic Light et \u00e0 am\u00e9liorer vos rapports !<\/p>\n\n\n\n<div style=\"height:40px\" aria-hidden=\"true\" class=\"wp-block-spacer\"><\/div>\n\n\n\n<div class=\"wp-block-buttons is-layout-flex wp-block-buttons-is-layout-flex\">\n<div class=\"wp-block-button\"><a class=\"wp-block-button__link has-background wp-element-button\" href=\"https:\/\/www.leaplytics.de\/fr\/page-daccueil\/gestion-de-projets-visuels-personnalises-microsoft-powerbi\/carte-thermique-des-risques-visuel-personnalise-pour-power-bi\/\" style=\"background-color:#44546a\">Vous souhaitez am\u00e9liorer encore davantage vos rapports ? D\u00e9couvrez notre Matrice des risques pour Power BI !<\/a><\/div>\n<\/div>","protected":false},"excerpt":{"rendered":"<p>Vous venez de d\u00e9couvrir le visuel Traffic Light dans Power BI et vous vous demandez quelles sont les prochaines \u00e9tapes ? Vous \u00eates au bon endroit ! Dans notre guide \u00e9tape par \u00e9tape, soutenu par nos tutoriels vid\u00e9o, nous vous guiderons \u00e0 travers la configuration et la personnalisation de notre visuel. 1. T\u00e9l\u00e9charger le visuel 2. Pr\u00e9parer ... <\/p>","protected":false},"author":2,"featured_media":0,"parent":0,"menu_order":0,"comment_status":"closed","ping_status":"closed","template":"","meta":{"footnotes":""},"class_list":["post-9298","page","type-page","status-publish","hentry","latest_post"],"_links":{"self":[{"href":"https:\/\/www.leaplytics.de\/fr\/wp-json\/wp\/v2\/pages\/9298","targetHints":{"allow":["GET"]}}],"collection":[{"href":"https:\/\/www.leaplytics.de\/fr\/wp-json\/wp\/v2\/pages"}],"about":[{"href":"https:\/\/www.leaplytics.de\/fr\/wp-json\/wp\/v2\/types\/page"}],"author":[{"embeddable":true,"href":"https:\/\/www.leaplytics.de\/fr\/wp-json\/wp\/v2\/users\/2"}],"replies":[{"embeddable":true,"href":"https:\/\/www.leaplytics.de\/fr\/wp-json\/wp\/v2\/comments?post=9298"}],"version-history":[{"count":11,"href":"https:\/\/www.leaplytics.de\/fr\/wp-json\/wp\/v2\/pages\/9298\/revisions"}],"predecessor-version":[{"id":13635,"href":"https:\/\/www.leaplytics.de\/fr\/wp-json\/wp\/v2\/pages\/9298\/revisions\/13635"}],"wp:attachment":[{"href":"https:\/\/www.leaplytics.de\/fr\/wp-json\/wp\/v2\/media?parent=9298"}],"curies":[{"name":"wp","href":"https:\/\/api.w.org\/{rel}","templated":true}]}}