{"id":9336,"date":"2022-08-01T20:19:06","date_gmt":"2022-08-01T18:19:06","guid":{"rendered":"https:\/\/www.leaplytics.de\/?page_id=9336"},"modified":"2022-08-01T20:19:06","modified_gmt":"2022-08-01T18:19:06","slug":"options-de-format-feu-tricolore-puissance-bi","status":"publish","type":"page","link":"https:\/\/www.leaplytics.de\/fr\/options-de-format-feu-tricolore-puissance-bi\/","title":{"rendered":"Options de format - Feu de circulation"},"content":{"rendered":"<h3 class=\"wp-block-heading\">1. Format de l'heure<\/h3>\n\n\n<div class=\"wp-block-image\">\n<figure class=\"alignleft size-full\"><img loading=\"lazy\" decoding=\"async\" width=\"197\" height=\"238\" src=\"https:\/\/www.leaplytics.de\/wp-content\/uploads\/2022\/08\/grafik-7.png\" alt=\"\" class=\"wp-image-9337\" srcset=\"https:\/\/www.leaplytics.de\/wp-content\/uploads\/2022\/08\/grafik-7.png 197w, https:\/\/www.leaplytics.de\/wp-content\/uploads\/2022\/08\/grafik-7-50x60.png 50w\" sizes=\"auto, (max-width: 197px) 100vw, 197px\" \/><\/figure><\/div>\n\n\n<p>La section \"Time Format\" est une section facultative. Dans cette section, vous pouvez s\u00e9lectionner un format de temps ou d'intervalle, qui est utilis\u00e9 pour calculer les plages et le texte de sortie \u00e0 c\u00f4t\u00e9 du symbole du feu tricolore. Veillez \u00e0 s\u00e9lectionner le format temporel en fonction des champs de saisie de la plage.<\/p>\n\n\n\n<div style=\"height:16px\" aria-hidden=\"true\" class=\"wp-block-spacer\"><\/div>\n\n\n\n<h3 class=\"wp-block-heading\">2. Syst\u00e8me d'\u00e9clairage<\/h3>\n\n\n<div class=\"wp-block-image\">\n<figure class=\"alignleft size-full\"><img loading=\"lazy\" decoding=\"async\" width=\"199\" height=\"187\" src=\"https:\/\/www.leaplytics.de\/wp-content\/uploads\/2022\/08\/grafik-8.png\" alt=\"\" class=\"wp-image-9338\" srcset=\"https:\/\/www.leaplytics.de\/wp-content\/uploads\/2022\/08\/grafik-8.png 199w, https:\/\/www.leaplytics.de\/wp-content\/uploads\/2022\/08\/grafik-8-64x60.png 64w\" sizes=\"auto, (max-width: 199px) 100vw, 199px\" \/><\/figure><\/div>\n\n\n<p>Dans la section \"Syst\u00e8me d'\u00e9clairage\", vous pouvez choisir entre un syst\u00e8me \u00e0 une, deux ou trois lumi\u00e8res.<\/p>\n\n\n\n<p><strong>Syst\u00e8me \u00e0 trois lumi\u00e8res :<\/strong> Le vert, le jaune et le rouge ont chacun leur propre cercle.<\/p>\n\n\n\n<p><strong>Syst\u00e8me \u00e0 deux lumi\u00e8res :<\/strong> Le vert et le rouge ont chacun leur propre cercle. Le feu jaune n'est pas pris en charge.<\/p>\n\n\n\n<p><strong>Syst\u00e8me \u00e0 une lumi\u00e8re :<\/strong> Le vert, le jaune et le rouge ont le m\u00eame cercle.<\/p>\n\n\n\n<div style=\"height:0px\" aria-hidden=\"true\" class=\"wp-block-spacer\"><\/div>\n\n\n\n<h3 class=\"wp-block-heading\">3. Alignement<\/h3>\n\n\n<div class=\"wp-block-image\">\n<figure class=\"alignleft size-full\"><img loading=\"lazy\" decoding=\"async\" width=\"198\" height=\"167\" src=\"https:\/\/www.leaplytics.de\/wp-content\/uploads\/2022\/08\/grafik-9.png\" alt=\"\" class=\"wp-image-9339\" srcset=\"https:\/\/www.leaplytics.de\/wp-content\/uploads\/2022\/08\/grafik-9.png 198w, https:\/\/www.leaplytics.de\/wp-content\/uploads\/2022\/08\/grafik-9-71x60.png 71w\" sizes=\"auto, (max-width: 198px) 100vw, 198px\" \/><\/figure><\/div>\n\n\n<p>Dans la section \"Alignement\", vous pouvez choisir entre l'alignement vertical et l'alignement horizontal pour votre visuel de feu tricolore. Tous les param\u00e8tres existants sont disponibles pour les deux alignements.<\/p>\n\n\n\n<div style=\"height:0px\" aria-hidden=\"true\" class=\"wp-block-spacer\"><\/div>\n\n\n\n<h3 class=\"wp-block-heading\">4. Param\u00e8tres de la fronti\u00e8re<\/h3>\n\n\n<div class=\"wp-block-image\">\n<figure class=\"alignleft size-full\"><img loading=\"lazy\" decoding=\"async\" width=\"198\" height=\"211\" src=\"https:\/\/www.leaplytics.de\/wp-content\/uploads\/2022\/08\/grafik-10.png\" alt=\"\" class=\"wp-image-9344\" srcset=\"https:\/\/www.leaplytics.de\/wp-content\/uploads\/2022\/08\/grafik-10.png 198w, https:\/\/www.leaplytics.de\/wp-content\/uploads\/2022\/08\/grafik-10-56x60.png 56w\" sizes=\"auto, (max-width: 198px) 100vw, 198px\" \/><\/figure><\/div>\n\n\n<p>Dans la section \"Param\u00e8tres de la bordure\", vous pouvez modifier la visibilit\u00e9 de la bordure ext\u00e9rieure des feux de circulation, ainsi que les ombres des feux int\u00e9rieurs.<\/p>\n\n\n\n<div style=\"height:0px\" aria-hidden=\"true\" class=\"wp-block-spacer\"><\/div>\n\n\n\n<h3 class=\"wp-block-heading\">5. Param\u00e8tres du texte<\/h3>\n\n\n<div class=\"wp-block-image\">\n<figure class=\"alignleft size-full\"><img loading=\"lazy\" decoding=\"async\" width=\"196\" height=\"403\" src=\"https:\/\/www.leaplytics.de\/wp-content\/uploads\/2022\/08\/grafik-11.png\" alt=\"\" class=\"wp-image-9346\" srcset=\"https:\/\/www.leaplytics.de\/wp-content\/uploads\/2022\/08\/grafik-11.png 196w, https:\/\/www.leaplytics.de\/wp-content\/uploads\/2022\/08\/grafik-11-146x300.png 146w, https:\/\/www.leaplytics.de\/wp-content\/uploads\/2022\/08\/grafik-11-29x60.png 29w\" sizes=\"auto, (max-width: 196px) 100vw, 196px\" \/><\/figure><\/div>\n\n\n<p>Ce visuel de feu tricolore offre un large \u00e9ventail de param\u00e8tres de texte. Vous pouvez activer ou d\u00e9sactiver un \u00e9l\u00e9ment de texte, qui s'affiche dans la m\u00eame fen\u00eatre que le feu de signalisation. Lorsque le texte est visible, vous pouvez modifier le style, la taille, la position et la famille de polices du texte en fonction de vos besoins.<\/p>\n\n\n\n<div style=\"height:0px\" aria-hidden=\"true\" class=\"wp-block-spacer\"><\/div>\n\n\n\n<h3 class=\"wp-block-heading\">6. Param\u00e8tres de couleur<\/h3>\n\n\n<div class=\"wp-block-image\">\n<figure class=\"alignleft size-full\"><img loading=\"lazy\" decoding=\"async\" width=\"198\" height=\"482\" src=\"https:\/\/www.leaplytics.de\/wp-content\/uploads\/2022\/08\/grafik-12.png\" alt=\"\" class=\"wp-image-9349\" srcset=\"https:\/\/www.leaplytics.de\/wp-content\/uploads\/2022\/08\/grafik-12.png 198w, https:\/\/www.leaplytics.de\/wp-content\/uploads\/2022\/08\/grafik-12-123x300.png 123w, https:\/\/www.leaplytics.de\/wp-content\/uploads\/2022\/08\/grafik-12-25x60.png 25w\" sizes=\"auto, (max-width: 198px) 100vw, 198px\" \/><\/figure><\/div>\n\n\n<p>Dans la section \"Param\u00e8tres de couleur\", vous pouvez modifier la couleur de chaque partie de ce visuel. Il vous suffit de cliquer sur le menu d\u00e9roulant et de s\u00e9lectionner une couleur parmi les couleurs pr\u00e9d\u00e9finies du th\u00e8me ou d'utiliser les codes rgb et hexad\u00e9cimaux pour d\u00e9finir la couleur vous-m\u00eame.<\/p>","protected":false},"excerpt":{"rendered":"<p>1. Format de l'heure La section \"Format de l'heure\" est une section facultative. Dans cette section, vous pouvez s\u00e9lectionner un format de temps ou d'intervalle, qui est utilis\u00e9 pour calculer les plages et le texte de sortie \u00e0 c\u00f4t\u00e9 du symbole du feu tricolore. Veillez \u00e0 s\u00e9lectionner le format de temps en fonction des champs de saisie de la plage. 2. Feu ... <\/p>","protected":false},"author":2,"featured_media":0,"parent":0,"menu_order":0,"comment_status":"closed","ping_status":"closed","template":"","meta":{"footnotes":""},"class_list":["post-9336","page","type-page","status-publish","hentry","latest_post"],"_links":{"self":[{"href":"https:\/\/www.leaplytics.de\/fr\/wp-json\/wp\/v2\/pages\/9336","targetHints":{"allow":["GET"]}}],"collection":[{"href":"https:\/\/www.leaplytics.de\/fr\/wp-json\/wp\/v2\/pages"}],"about":[{"href":"https:\/\/www.leaplytics.de\/fr\/wp-json\/wp\/v2\/types\/page"}],"author":[{"embeddable":true,"href":"https:\/\/www.leaplytics.de\/fr\/wp-json\/wp\/v2\/users\/2"}],"replies":[{"embeddable":true,"href":"https:\/\/www.leaplytics.de\/fr\/wp-json\/wp\/v2\/comments?post=9336"}],"version-history":[{"count":0,"href":"https:\/\/www.leaplytics.de\/fr\/wp-json\/wp\/v2\/pages\/9336\/revisions"}],"wp:attachment":[{"href":"https:\/\/www.leaplytics.de\/fr\/wp-json\/wp\/v2\/media?parent=9336"}],"curies":[{"name":"wp","href":"https:\/\/api.w.org\/{rel}","templated":true}]}}