{"id":9526,"date":"2022-09-08T20:29:04","date_gmt":"2022-09-08T18:29:04","guid":{"rendered":"https:\/\/www.leaplytics.de\/?page_id=9526"},"modified":"2024-05-21T13:00:58","modified_gmt":"2024-05-21T11:00:58","slug":"matrice-des-risques-carte-thermique-power-bi-trial","status":"publish","type":"page","link":"https:\/\/www.leaplytics.de\/fr\/matrice-des-risques-carte-thermique-power-bi-trial\/","title":{"rendered":"Power BI Risk Matrix \/ Heatmap - Essayez maintenant !"},"content":{"rendered":"<h3 class=\"wp-block-heading\">La pi\u00e8ce manquante du puzzle pour votre gestion des risques<\/h3>\n\n\n\n<figure class=\"wp-block-image size-full\"><img loading=\"lazy\" decoding=\"async\" width=\"152\" height=\"37\" src=\"https:\/\/www.leaplytics.de\/wp-content\/uploads\/2022\/05\/PBI-Certified.png\" alt=\"\" class=\"wp-image-8358\" srcset=\"https:\/\/www.leaplytics.de\/wp-content\/uploads\/2022\/05\/PBI-Certified.png 152w, https:\/\/www.leaplytics.de\/wp-content\/uploads\/2022\/05\/PBI-Certified-150x37.png 150w\" sizes=\"auto, (max-width: 152px) 100vw, 152px\" \/><\/figure>\n\n\n\n<p>C'est facile : remplissez le formulaire ci-dessous et nous vous enverrons une licence d'essai gratuite de quatre semaines.<\/p>\n\n\n<div class=\"wpforms-container wpforms-container-full\" id=\"wpforms-10592\"><form id=\"wpforms-form-10592\" class=\"wpforms-validate wpforms-form wpforms-ajax-form\" data-formid=\"10592\" method=\"post\" enctype=\"multipart\/form-data\" action=\"\/fr\/wp-json\/wp\/v2\/pages\/9526\" data-token=\"93e31137e329d7940839fcaafb5f94cb\" data-token-time=\"1776968764\" data-trp-original-action=\"\/fr\/wp-json\/wp\/v2\/pages\/9526\"><noscript class=\"wpforms-error-noscript\">Veuillez activer JavaScript dans votre navigateur pour remplir ce formulaire.<\/noscript><div class=\"wpforms-field-container\"><div id=\"wpforms-10592-field_0-container\" class=\"wpforms-field wpforms-field-name\" data-field-id=\"0\"><label class=\"wpforms-field-label\">Nom <span class=\"wpforms-required-label\">*<\/span><\/label><div class=\"wpforms-field-row wpforms-field-medium\"><div class=\"wpforms-field-row-block wpforms-first wpforms-one-half\"><input type=\"text\" id=\"wpforms-10592-field_0\" class=\"wpforms-field-name-first wpforms-field-required\" name=\"wpforms[fields][0][first]\" required><label for=\"wpforms-10592-field_0\" class=\"wpforms-field-sublabel after\">Pr\u00e9nom<\/label><\/div><div class=\"wpforms-field-row-block wpforms-one-half\"><input type=\"text\" id=\"wpforms-10592-field_0-last\" class=\"wpforms-field-name-last wpforms-field-required\" name=\"wpforms[fields][0][last]\" required><label for=\"wpforms-10592-field_0-last\" class=\"wpforms-field-sublabel after\">Nom<\/label><\/div><\/div><\/div><div id=\"wpforms-10592-field_1-container\" class=\"wpforms-field wpforms-field-email\" data-field-id=\"1\"><label class=\"wpforms-field-label\" for=\"wpforms-10592-field_1\">Courriel professionnel <span class=\"wpforms-required-label\">*<\/span><\/label><input type=\"email\" id=\"wpforms-10592-field_1\" class=\"wpforms-field-medium wpforms-field-required\" data-rule-restricted-email=\"1\" name=\"wpforms[fields][1]\" spellcheck=\"false\" required><\/div><div id=\"wpforms-10592-field_4-container\" class=\"wpforms-field wpforms-field-text\" data-field-id=\"4\"><label class=\"wpforms-field-label\" for=\"wpforms-10592-field_4\">Entreprise <span class=\"wpforms-required-label\">*<\/span><\/label><input type=\"text\" id=\"wpforms-10592-field_4\" class=\"wpforms-field-medium wpforms-field-required\" name=\"wpforms[fields][4]\" required><\/div><div id=\"wpforms-10592-field_3-container\" class=\"wpforms-field wpforms-field-gdpr-checkbox\" data-field-id=\"3\"><label class=\"wpforms-field-label\">Accord GDPR <span class=\"wpforms-required-label\">*<\/span><\/label><ul id=\"wpforms-10592-field_3\" class=\"wpforms-field-required\"><li class=\"choice-1\"><input type=\"checkbox\" id=\"wpforms-10592-field_3_1\" name=\"wpforms[fields][3][]\" value=\"I consent to having this website store my submitted information so they can respond to my inquiry.\" required><label class=\"wpforms-field-label-inline\" for=\"wpforms-10592-field_3_1\">Je consens \u00e0 ce que ce site web stocke les informations que j'ai fournies afin de pouvoir r\u00e9pondre \u00e0 ma demande.<\/label><\/li><\/ul><\/div><\/div><!-- .wpforms-field-container --><div class=\"wpforms-recaptcha-container wpforms-is-recaptcha wpforms-is-recaptcha-type-v3\" ><input type=\"hidden\" name=\"wpforms[recaptcha]\" value=\"\"><\/div><div class=\"wpforms-submit-container\" ><input type=\"hidden\" name=\"wpforms[id]\" value=\"10592\"><input type=\"hidden\" name=\"page_title\" value=\"\"><input type=\"hidden\" name=\"page_url\" value=\"https:\/\/www.leaplytics.de\/fr\/wp-json\/wp\/v2\/pages\/9526\"><input type=\"hidden\" name=\"url_referer\" value=\"\"><button type=\"submit\" name=\"wpforms[submit]\" id=\"wpforms-submit-10592\" class=\"wpforms-submit\" data-alt-text=\"Sending...\" data-submit-text=\"Submit\" aria-live=\"assertive\" value=\"wpforms-submit\">Soumettre<\/button><img loading=\"lazy\" decoding=\"async\" src=\"https:\/\/www.leaplytics.de\/wp-content\/plugins\/wpforms-lite\/assets\/images\/submit-spin.svg\" class=\"wpforms-submit-spinner\" style=\"display: none;\" width=\"26\" height=\"26\" alt=\"Chargement en cours\"><\/div><input type=\"hidden\" name=\"trp-form-language\" value=\"fr\"\/><\/form><\/div>  <!-- .wpforms-container -->\n\n\n\n<div style=\"height:27px\" aria-hidden=\"true\" class=\"wp-block-spacer\"><\/div>\n\n\n\n<h3 class=\"wp-block-heading\">Confiance de la part de :<\/h3>\n\n\n<div class=\"wp-block-image\">\n<figure class=\"aligncenter size-medium is-resized\"><a href=\"https:\/\/www.railbaltica.org\/\" target=\"_blank\" rel=\"noreferrer noopener nofollow\"><img loading=\"lazy\" decoding=\"async\" width=\"300\" height=\"225\" src=\"https:\/\/www.leaplytics.de\/wp-content\/uploads\/2024\/05\/rb-logo-300x225.png\" alt=\"\" class=\"wp-image-13461\" style=\"width:300px\" srcset=\"https:\/\/www.leaplytics.de\/wp-content\/uploads\/2024\/05\/rb-logo-300x225.png 300w, https:\/\/www.leaplytics.de\/wp-content\/uploads\/2024\/05\/rb-logo-1024x768.png 1024w, https:\/\/www.leaplytics.de\/wp-content\/uploads\/2024\/05\/rb-logo-768x576.png 768w, https:\/\/www.leaplytics.de\/wp-content\/uploads\/2024\/05\/rb-logo-80x60.png 80w, https:\/\/www.leaplytics.de\/wp-content\/uploads\/2024\/05\/rb-logo.png 1200w\" sizes=\"auto, (max-width: 300px) 100vw, 300px\" \/><\/a><\/figure><\/div>\n\n\n<p><em>\"Un excellent outil pour visualiser et assurer une vue d'ensemble du portefeuille de risques. La possibilit\u00e9 de personnaliser les couleurs, les seuils et la matrice des risques est id\u00e9ale - elle est facile \u00e0 mettre en place et permet d'utiliser la solution pour diff\u00e9rents niveaux de risques - entreprise, projet, programme, etc. La nouvelle fonctionnalit\u00e9 de visualisation de l'\u00e9volution des positions de risque individuelles sur la carte thermique est parfaite pour le reporting, car l'\u00e9volution pr\u00e9cise de la probabilit\u00e9 ou de l'impact est clairement compr\u00e9hensible, m\u00eame pour les non-professionnels de la gestion des risques, ce qui leur permet de suivre les changements.\"<\/em> <a href=\"https:\/\/www.railbaltica.org\/\" target=\"_blank\" rel=\"noreferrer noopener nofollow\">Rail Baltica<\/a><\/p>\n\n\n\n<h3 class=\"wp-block-heading\">Lettre du directeur g\u00e9n\u00e9ral<\/h3>\n\n\n\n<blockquote class=\"wp-block-quote is-layout-flow wp-block-quote-is-layout-flow\">\n<div class=\"wp-block-columns is-layout-flex wp-container-core-columns-is-layout-1 wp-block-columns-is-layout-flex\">\n<div class=\"wp-block-column is-layout-flow wp-block-column-is-layout-flow\" style=\"flex-basis:100%\">\n<h3 class=\"wp-block-heading has-text-align-left\"><img loading=\"lazy\" decoding=\"async\" width=\"150\" height=\"150\" class=\"wp-image-10452\" style=\"width: 150px;\" src=\"https:\/\/www.leaplytics.de\/wp-content\/uploads\/2023\/01\/stefan-profile.png\" alt=\"\" srcset=\"https:\/\/www.leaplytics.de\/wp-content\/uploads\/2023\/01\/stefan-profile.png 612w, https:\/\/www.leaplytics.de\/wp-content\/uploads\/2023\/01\/stefan-profile-300x300.png 300w, https:\/\/www.leaplytics.de\/wp-content\/uploads\/2023\/01\/stefan-profile-150x150.png 150w, https:\/\/www.leaplytics.de\/wp-content\/uploads\/2023\/01\/stefan-profile-370x370.png 370w, https:\/\/www.leaplytics.de\/wp-content\/uploads\/2023\/01\/stefan-profile-60x60.png 60w\" sizes=\"auto, (max-width: 150px) 100vw, 150px\" \/>Notre solution pour les professionnels<\/h3>\n<\/div>\n<\/div>\n\n\n\n<p class=\"has-text-align-left\">Bonjour \u00e0 tous...<br><br>Je suis Stefan, PDG de LeapLytics.<br><br>C'est la matrice des risques que nous avons toujours recherch\u00e9e nous-m\u00eames. Et maintenant, nous voulons la partager avec vous.<br><br>Il est agr\u00e9able de disposer d'une matrice des risques qui vous aide \u00e0 comprendre les menaces et les opportunit\u00e9s. En effet, avant cela, vous avez commenc\u00e9 \u00e0 voir des risques que vous n'attendiez pas et qui provenaient de sources que vous ne voyiez pas. Vous avez perdu le contr\u00f4le de la compr\u00e9hension de votre paysage de risques. Une avalanche de donn\u00e9es encombrait tout.<\/p>\n\n\n\n<p class=\"has-text-align-left\"><br>C'est l\u00e0 que nous pouvons vous aider. Nous avons commenc\u00e9 \u00e0 d\u00e9velopper la Matrice des risques en 2020. Depuis, nous avons ajout\u00e9 de nombreuses fonctionnalit\u00e9s. Ce faisant, nous nous sommes concentr\u00e9s sur les utilisateurs. Le formatage conditionnel est une id\u00e9e d'une entreprise italienne. La demande d'une pr\u00e9sentation des risques en fonction du temps est venue d'un client australien. Nous sommes fiers de notre communaut\u00e9 de clients. Mais c'est aussi ce qui nous pousse \u00e0 am\u00e9liorer notre matrice des risques.<br><br>Une matrice des risques ne doit pas \u00eatre per\u00e7ue comme un fardeau. Une chose sur laquelle on prend du retard. Quelque chose que l'on \u00e9limine, et non que l'on ch\u00e9rit. Plut\u00f4t que de s'en r\u00e9jouir, on s'en occupe. Au contraire, elle doit \u00eatre fiable. Et informatives. Ils doivent vous permettre, \u00e0 vous et \u00e0 vos \u00e9quipes, d'aligner facilement leurs actions. Pour vous permettre de prosp\u00e9rer.<br><br>La bonne nouvelle, c'est que la magie est toujours l\u00e0. Elle est cach\u00e9e, enfouie sous un fatras de solutions de contournement et d'insatisfaction. Votre tableau de bord m\u00e9rite un d\u00e9poussi\u00e9rage. Une r\u00e9novation. Modernis\u00e9 pour s'adapter \u00e0 la fa\u00e7on dont nous g\u00e9rons les risques aujourd'hui. C'est ce que nous avons fait avec notre solution Risk Matrix. Il s'agit d'une refonte, d'une nouvelle conception, d'une r\u00e9introduction simplifi\u00e9e et puissante de la gestion des risques.<br><br>Un nouveau d\u00e9part, comme il se doit.<\/p>\n\n\n\n<p><br>Bonne journ\u00e9e,<br>Stefan<br><br>Cofondateur et PDG de LeapLytics GmbH<\/p>\n<\/blockquote>\n\n\n<div class=\"wp-block-image\">\n<figure class=\"aligncenter size-large\"><img loading=\"lazy\" decoding=\"async\" width=\"1024\" height=\"576\" src=\"https:\/\/www.leaplytics.de\/wp-content\/uploads\/2022\/04\/First_Slice_Risk_Map_PowerBI-1024x576.png\" alt=\"\" class=\"wp-image-6585\" srcset=\"https:\/\/www.leaplytics.de\/wp-content\/uploads\/2022\/04\/First_Slice_Risk_Map_PowerBI-1024x576.png 1024w, https:\/\/www.leaplytics.de\/wp-content\/uploads\/2022\/04\/First_Slice_Risk_Map_PowerBI-300x169.png 300w, https:\/\/www.leaplytics.de\/wp-content\/uploads\/2022\/04\/First_Slice_Risk_Map_PowerBI-768x432.png 768w, https:\/\/www.leaplytics.de\/wp-content\/uploads\/2022\/04\/First_Slice_Risk_Map_PowerBI-107x60.png 107w, https:\/\/www.leaplytics.de\/wp-content\/uploads\/2022\/04\/First_Slice_Risk_Map_PowerBI.png 1140w\" sizes=\"auto, (max-width: 1024px) 100vw, 1024px\" \/><\/figure><\/div>\n\n\n<div style=\"height:29px\" aria-hidden=\"true\" class=\"wp-block-spacer\"><\/div>\n\n\n\n<blockquote class=\"wp-block-quote has-text-align-left is-layout-flow wp-block-quote-is-layout-flow\">\n<p>Cela vaut vraiment la peine<\/p>\n<cite>\"Tout ce que nous voulions r\u00e9aliser avec une matrice des risques, nous avons pu le mettre en \u0153uvre avec cette visualisation. Cela en vaut vraiment la peine. - <a href=\"https:\/\/appsource.microsoft.com\/en-us\/product\/power-bi-visuals\/leaplyticsgmbh1633373694058.leaplytics_risk_heatmap?tab=Reviews\" target=\"_blank\" rel=\"noreferrer noopener\">Microsoft AppSource Review Rating : <img loading=\"lazy\" decoding=\"async\" width=\"89\" height=\"14\" class=\"wp-image-13274\" style=\"width: 89px;\" src=\"https:\/\/www.leaplytics.de\/wp-content\/uploads\/2024\/04\/stars.png\" alt=\"\"><\/a><\/cite><\/blockquote>\n\n\n\n<h3 class=\"wp-block-heading\">Que vais-je obtenir ?<\/h3>\n\n\n\n<i class=\"fa-solid fa-key\"><\/i> Essai de quatre semaines <b>Cl\u00e9 de licence<\/b>\n<br><br>\n<i class=\"fa-solid fa-eye\"><\/i> Configuration visuelle <b>Tutoriel<\/b>\n<br><br>\n<i class=\"fas fa-directions\"><\/i> <b>Comment faire<\/b> Guides sur YouTube\n<br><br>\n<i class=\"fa-solid fa-question\"><\/i> Foire aux questions (<b>FAQ<\/b>)\n\n\n\n<div style=\"height:29px\" aria-hidden=\"true\" class=\"wp-block-spacer\"><\/div>\n\n\n\n<h3 class=\"wp-block-heading\">Pourquoi devrais-je tester votre visuel ?<\/h3>\n\n\n\n<p>Notre matrice des risques LeapLytics est la matrice des risques de l'entreprise. <strong>seulement<\/strong> matrice des risques capable de repr\u00e9senter chaque risque comme une entit\u00e9 individuelle. Elle offre une fonctionnalit\u00e9 cliquable et permet d'obtenir un examen d\u00e9taill\u00e9 par le biais d'une infobulle. En outre, c'est le seul \u00e9l\u00e9ment visuel de Power BI qui permet aux utilisateurs d'acc\u00e9der \u00e0 des informations approfondies sur les risques en effectuant une simple recherche sur un risque sp\u00e9cifique.<\/p>\n\n\n\n<ul class=\"wp-block-list\">\n<li><strong>Pas d'abonnement<\/strong>: Il suffit de le laisser expirer. <strong>Nous ne vous facturerons rien.<\/strong><\/li>\n<\/ul>\n\n\n\n<figure class=\"wp-block-embed is-type-video is-provider-youtube wp-block-embed-youtube wp-embed-aspect-16-9 wp-has-aspect-ratio\"><div class=\"wp-block-embed__wrapper\" align=\"center\">\n<iframe loading=\"lazy\" title=\"Power BI Matrice des risques \/ Heatmap LeapLytics Visual\" width=\"770\" height=\"433\" src=\"https:\/\/www.youtube.com\/embed\/SsN0lgNJX6A?feature=oembed\" frameborder=\"0\" allow=\"accelerometer; autoplay; clipboard-write; encrypted-media; gyroscope; picture-in-picture; web-share\" referrerpolicy=\"strict-origin-when-cross-origin\" allowfullscreen><\/iframe>\n<\/div><\/figure>\n\n\n\n<div style=\"height:55px\" aria-hidden=\"true\" class=\"wp-block-spacer\"><\/div>\n\n\n\n<blockquote class=\"wp-block-quote is-layout-flow wp-block-quote-is-layout-flow\">\n<p>Il fonctionne exactement comme pr\u00e9vu et annonc\u00e9.<\/p>\n\n\n\n<h3 class=\"wp-block-heading\"><\/h3>\n<cite>\"J'ai achet\u00e9 une licence pour cette application il y a pr\u00e8s de 9 mois, je l'ai install\u00e9e dans plusieurs rapports utilis\u00e9s par des centaines de personnes \u00e0 travers le monde et je n'ai eu que des retours positifs de la part des utilisateurs.\" - <a href=\"https:\/\/appsource.microsoft.com\/en-us\/product\/power-bi-visuals\/leaplyticsgmbh1633373694058.leaplytics_risk_heatmap?tab=Reviews\" target=\"_blank\" rel=\"noreferrer noopener\">Microsoft AppSource Review Rating : <img loading=\"lazy\" decoding=\"async\" width=\"89\" height=\"14\" class=\"wp-image-13274\" style=\"width: 89px;\" src=\"https:\/\/www.leaplytics.de\/wp-content\/uploads\/2024\/04\/stars.png\" alt=\"\"><\/a><\/cite><\/blockquote>\n\n\n\n<p>Int\u00e9ress\u00e9(e) ? Vous recevrez dans les cinq minutes un e-mail contenant votre licence d'essai personnelle de quatre semaines.<\/p>\n\n\n<div class=\"wpforms-container wpforms-container-full\" id=\"wpforms-10592\"><form id=\"wpforms-form-10592\" class=\"wpforms-validate wpforms-form wpforms-ajax-form\" data-formid=\"10592\" method=\"post\" enctype=\"multipart\/form-data\" action=\"\/fr\/wp-json\/wp\/v2\/pages\/9526\" data-token=\"93e31137e329d7940839fcaafb5f94cb\" data-token-time=\"1776968764\" data-trp-original-action=\"\/fr\/wp-json\/wp\/v2\/pages\/9526\"><noscript class=\"wpforms-error-noscript\">Veuillez activer JavaScript dans votre navigateur pour remplir ce formulaire.<\/noscript><div class=\"wpforms-field-container\"><div id=\"wpforms-10592-field_0-container\" class=\"wpforms-field wpforms-field-name\" data-field-id=\"0\"><label class=\"wpforms-field-label\">Nom <span class=\"wpforms-required-label\">*<\/span><\/label><div class=\"wpforms-field-row wpforms-field-medium\"><div class=\"wpforms-field-row-block wpforms-first wpforms-one-half\"><input type=\"text\" id=\"wpforms-10592-field_0\" class=\"wpforms-field-name-first wpforms-field-required\" name=\"wpforms[fields][0][first]\" required><label for=\"wpforms-10592-field_0\" class=\"wpforms-field-sublabel after\">Pr\u00e9nom<\/label><\/div><div class=\"wpforms-field-row-block wpforms-one-half\"><input type=\"text\" id=\"wpforms-10592-field_0-last\" class=\"wpforms-field-name-last wpforms-field-required\" name=\"wpforms[fields][0][last]\" required><label for=\"wpforms-10592-field_0-last\" class=\"wpforms-field-sublabel after\">Nom<\/label><\/div><\/div><\/div><div id=\"wpforms-10592-field_1-container\" class=\"wpforms-field wpforms-field-email\" data-field-id=\"1\"><label class=\"wpforms-field-label\" for=\"wpforms-10592-field_1\">Courriel professionnel <span class=\"wpforms-required-label\">*<\/span><\/label><input type=\"email\" id=\"wpforms-10592-field_1\" class=\"wpforms-field-medium wpforms-field-required\" data-rule-restricted-email=\"1\" name=\"wpforms[fields][1]\" spellcheck=\"false\" required><\/div><div id=\"wpforms-10592-field_4-container\" class=\"wpforms-field wpforms-field-text\" data-field-id=\"4\"><label class=\"wpforms-field-label\" for=\"wpforms-10592-field_4\">Entreprise <span class=\"wpforms-required-label\">*<\/span><\/label><input type=\"text\" id=\"wpforms-10592-field_4\" class=\"wpforms-field-medium wpforms-field-required\" name=\"wpforms[fields][4]\" required><\/div><div id=\"wpforms-10592-field_3-container\" class=\"wpforms-field wpforms-field-gdpr-checkbox\" data-field-id=\"3\"><label class=\"wpforms-field-label\">Accord GDPR <span class=\"wpforms-required-label\">*<\/span><\/label><ul id=\"wpforms-10592-field_3\" class=\"wpforms-field-required\"><li class=\"choice-1\"><input type=\"checkbox\" id=\"wpforms-10592-field_3_1\" name=\"wpforms[fields][3][]\" value=\"I consent to having this website store my submitted information so they can respond to my inquiry.\" required><label class=\"wpforms-field-label-inline\" for=\"wpforms-10592-field_3_1\">Je consens \u00e0 ce que ce site web stocke les informations que j'ai fournies afin de pouvoir r\u00e9pondre \u00e0 ma demande.<\/label><\/li><\/ul><\/div><\/div><!-- .wpforms-field-container --><div class=\"wpforms-recaptcha-container wpforms-is-recaptcha wpforms-is-recaptcha-type-v3\" ><input type=\"hidden\" name=\"wpforms[recaptcha]\" value=\"\"><\/div><div class=\"wpforms-submit-container\" ><input type=\"hidden\" name=\"wpforms[id]\" value=\"10592\"><input type=\"hidden\" name=\"page_title\" value=\"\"><input type=\"hidden\" name=\"page_url\" value=\"https:\/\/www.leaplytics.de\/fr\/wp-json\/wp\/v2\/pages\/9526\"><input type=\"hidden\" name=\"url_referer\" value=\"\"><button type=\"submit\" name=\"wpforms[submit]\" id=\"wpforms-submit-10592\" class=\"wpforms-submit\" data-alt-text=\"Sending...\" data-submit-text=\"Submit\" aria-live=\"assertive\" value=\"wpforms-submit\">Soumettre<\/button><img loading=\"lazy\" decoding=\"async\" src=\"https:\/\/www.leaplytics.de\/wp-content\/plugins\/wpforms-lite\/assets\/images\/submit-spin.svg\" class=\"wpforms-submit-spinner\" style=\"display: none;\" width=\"26\" height=\"26\" alt=\"Chargement en cours\"><\/div><input type=\"hidden\" name=\"trp-form-language\" value=\"fr\"\/><\/form><\/div>  <!-- .wpforms-container -->","protected":false},"excerpt":{"rendered":"<p>La pi\u00e8ce manquante du puzzle pour votre gestion des risques C'est facile : remplissez le formulaire ci-dessous et nous vous enverrons une licence d'essai gratuite de quatre semaines. Trusted By : \"Un excellent outil pour visualiser et assurer une vue d'ensemble du portefeuille de risques. La possibilit\u00e9 de personnaliser les couleurs, les seuils et la matrice des risques est id\u00e9ale - facile \u00e0 configurer ... <\/p>","protected":false},"author":2,"featured_media":0,"parent":0,"menu_order":0,"comment_status":"closed","ping_status":"closed","template":"","meta":{"footnotes":""},"class_list":["post-9526","page","type-page","status-publish","hentry","latest_post"],"_links":{"self":[{"href":"https:\/\/www.leaplytics.de\/fr\/wp-json\/wp\/v2\/pages\/9526","targetHints":{"allow":["GET"]}}],"collection":[{"href":"https:\/\/www.leaplytics.de\/fr\/wp-json\/wp\/v2\/pages"}],"about":[{"href":"https:\/\/www.leaplytics.de\/fr\/wp-json\/wp\/v2\/types\/page"}],"author":[{"embeddable":true,"href":"https:\/\/www.leaplytics.de\/fr\/wp-json\/wp\/v2\/users\/2"}],"replies":[{"embeddable":true,"href":"https:\/\/www.leaplytics.de\/fr\/wp-json\/wp\/v2\/comments?post=9526"}],"version-history":[{"count":51,"href":"https:\/\/www.leaplytics.de\/fr\/wp-json\/wp\/v2\/pages\/9526\/revisions"}],"predecessor-version":[{"id":13475,"href":"https:\/\/www.leaplytics.de\/fr\/wp-json\/wp\/v2\/pages\/9526\/revisions\/13475"}],"wp:attachment":[{"href":"https:\/\/www.leaplytics.de\/fr\/wp-json\/wp\/v2\/media?parent=9526"}],"curies":[{"name":"wp","href":"https:\/\/api.w.org\/{rel}","templated":true}]}}