{"id":11871,"date":"2023-06-17T21:49:52","date_gmt":"2023-06-17T19:49:52","guid":{"rendered":"https:\/\/www.leaplytics.de\/?page_id=11871"},"modified":"2023-11-03T11:27:35","modified_gmt":"2023-11-03T10:27:35","slug":"kezdes-markdown-viewer-power-bi","status":"publish","type":"page","link":"https:\/\/www.leaplytics.de\/hu\/kezdes-markdown-viewer-power-bi\/","title":{"rendered":"Els\u0151 l\u00e9p\u00e9sek - Markdown Viewer"},"content":{"rendered":"<p>Miut\u00e1n bet\u00f6lt\u00f6tte a vizualiz\u00e1ci\u00f3nkat, biztosan azt k\u00e9rdezi mag\u00e1t\u00f3l, hogy most mit tegyen. Ezt fogjuk elmagyar\u00e1zni neked ebben a bemutat\u00f3ban.<\/p>\n\n\n\n<h3 class=\"wp-block-heading\">1. H\u00fazza a Visual-t a munkalapra<\/h3>\n\n\n<div class=\"wp-block-image\">\n<figure class=\"alignleft size-full\"><img loading=\"lazy\" decoding=\"async\" width=\"281\" height=\"350\" src=\"https:\/\/www.leaplytics.de\/wp-content\/uploads\/2023\/11\/md.png\" alt=\"\" class=\"wp-image-12805\" srcset=\"https:\/\/www.leaplytics.de\/wp-content\/uploads\/2023\/11\/md.png 281w, https:\/\/www.leaplytics.de\/wp-content\/uploads\/2023\/11\/md-241x300.png 241w, https:\/\/www.leaplytics.de\/wp-content\/uploads\/2023\/11\/md-48x60.png 48w\" sizes=\"auto, (max-width: 281px) 100vw, 281px\" \/><\/figure><\/div>\n\n\n<div class=\"wp-block-columns is-layout-flex wp-container-core-columns-is-layout-1 wp-block-columns-is-layout-flex\">\n<div class=\"wp-block-column is-layout-flow wp-block-column-is-layout-flow\" style=\"flex-basis:66.66%\">\n<p>Nyissa meg a Microsoft Power BI-t \u00e9s az adott jelent\u00e9st vagy munkalapot, ahol a \"Markdown Viewer\" vizu\u00e1lis elemet szeretn\u00e9 haszn\u00e1lni. Nyissa meg a munkalapot szerkeszt\u00e9si m\u00f3dban, \u00e9s a \"Markdown Viewer\" vizu\u00e1lis elemet, valamint az \u00f6sszes t\u00f6bbi megv\u00e1s\u00e1rolt LeapLytics term\u00e9ket megtal\u00e1lja a \"Visualiz\u00e1ci\u00f3k\" r\u00e9szben. Kattintson a vizu\u00e1lis elemre a munkalapon val\u00f3 elhelyez\u00e9s\u00e9hez (<em>A megjelen\u00edt\u00e9s megjelen\u00e9s\u00e9t k\u00e9s\u0151bb a \"Form\u00e1tum\" ablakt\u00e1bl\u00e1n kereszt\u00fcl m\u00f3dos\u00edthatja.<\/em>).<\/p>\n<\/div>\n<\/div>\n\n\n\n<div style=\"height:16px\" aria-hidden=\"true\" class=\"wp-block-spacer\"><\/div>\n\n\n\n<h3 class=\"wp-block-heading\">2. Tulajdonosi panel<\/h3>\n\n\n<div class=\"wp-block-image\">\n<figure class=\"alignleft size-full\"><img loading=\"lazy\" decoding=\"async\" width=\"187\" height=\"411\" src=\"https:\/\/www.leaplytics.de\/wp-content\/uploads\/2023\/11\/md2.png\" alt=\"\" class=\"wp-image-12806\" srcset=\"https:\/\/www.leaplytics.de\/wp-content\/uploads\/2023\/11\/md2.png 187w, https:\/\/www.leaplytics.de\/wp-content\/uploads\/2023\/11\/md2-136x300.png 136w, https:\/\/www.leaplytics.de\/wp-content\/uploads\/2023\/11\/md2-27x60.png 27w\" sizes=\"auto, (max-width: 187px) 100vw, 187px\" \/><\/figure><\/div>\n\n\n<div class=\"wp-block-columns is-layout-flex wp-container-core-columns-is-layout-2 wp-block-columns-is-layout-flex\">\n<div class=\"wp-block-column is-layout-flow wp-block-column-is-layout-flow\" style=\"flex-basis:33.33%\">\n<p>Miut\u00e1n elhelyezte a vizu\u00e1lis elem egy vagy t\u00f6bb p\u00e9ld\u00e1ny\u00e1t a m\u0171szerfalon, a jobb oldalon megjelenik a tulajdons\u00e1gpanel. A tulajdons\u00e1gpanel a \"Mez\u0151k\", a \"Form\u00e1tum\" \u00e9s az \"Elemz\u00e9s\" szakaszokra van felosztva.<\/p>\n\n\n\n<p>A k\u00f6vetkez\u0151 fejezetekben megtanulja, hogyan haszn\u00e1lja a LeapLytics \"Markdown Viewer\" vizu\u00e1lis eszk\u00f6zt, \u00e9s hogyan tudja azt a tulajdons\u00e1gok megfelel\u0151 haszn\u00e1lat\u00e1val az ig\u00e9nyeihez igaz\u00edtani.<\/p>\n<\/div>\n<\/div>\n\n\n\n<div style=\"height:16px\" aria-hidden=\"true\" class=\"wp-block-spacer\"><\/div>\n\n\n\n<h3 class=\"wp-block-heading\">3. Adjunk hozz\u00e1 int\u00e9zked\u00e9st<\/h3>\n\n\n<div class=\"wp-block-image\">\n<figure class=\"alignleft size-full\"><img loading=\"lazy\" decoding=\"async\" width=\"364\" height=\"409\" src=\"https:\/\/www.leaplytics.de\/wp-content\/uploads\/2023\/11\/md3.png\" alt=\"\" class=\"wp-image-12807\" srcset=\"https:\/\/www.leaplytics.de\/wp-content\/uploads\/2023\/11\/md3.png 364w, https:\/\/www.leaplytics.de\/wp-content\/uploads\/2023\/11\/md3-267x300.png 267w, https:\/\/www.leaplytics.de\/wp-content\/uploads\/2023\/11\/md3-53x60.png 53w\" sizes=\"auto, (max-width: 364px) 100vw, 364px\" \/><\/figure><\/div>\n\n\n<div class=\"wp-block-columns is-layout-flex wp-container-core-columns-is-layout-3 wp-block-columns-is-layout-flex\">\n<div class=\"wp-block-column is-layout-flow wp-block-column-is-layout-flow\" style=\"flex-basis:66.66%\">\n<p>V\u00e1lasszon ki egy dimenzi\u00f3t az \"Adatok\" r\u00e9szb\u0151l, kattintva r\u00e1 vagy h\u00fazva a l\u00e1tv\u00e1nyterv \"Adatok\" mez\u0151j\u00e9re.<\/p>\n\n\n\n<p><strong>A Markdown Viewer haszn\u00e1latakor biztos\u00edtani kell, hogy a dimenzi\u00f3 adatai Markdown form\u00e1tum\u00faak legyenek.<\/strong><\/p>\n<\/div>\n<\/div>\n\n\n\n<div style=\"height:16px\" aria-hidden=\"true\" class=\"wp-block-spacer\"><\/div>\n\n\n\n<h3 class=\"wp-block-heading\">4. Eredm\u00e9ny<\/h3>\n\n\n\n<figure class=\"wp-block-image size-large\"><img loading=\"lazy\" decoding=\"async\" width=\"1024\" height=\"407\" src=\"https:\/\/www.leaplytics.de\/wp-content\/uploads\/2023\/11\/grafik-2-1024x407.png\" alt=\"\" class=\"wp-image-12810\" srcset=\"https:\/\/www.leaplytics.de\/wp-content\/uploads\/2023\/11\/grafik-2-1024x407.png 1024w, https:\/\/www.leaplytics.de\/wp-content\/uploads\/2023\/11\/grafik-2-300x119.png 300w, https:\/\/www.leaplytics.de\/wp-content\/uploads\/2023\/11\/grafik-2-768x305.png 768w, https:\/\/www.leaplytics.de\/wp-content\/uploads\/2023\/11\/grafik-2-1536x610.png 1536w, https:\/\/www.leaplytics.de\/wp-content\/uploads\/2023\/11\/grafik-2-151x60.png 151w, https:\/\/www.leaplytics.de\/wp-content\/uploads\/2023\/11\/grafik-2.png 1880w\" sizes=\"auto, (max-width: 1024px) 100vw, 1024px\" \/><\/figure>","protected":false},"excerpt":{"rendered":"<p>Miut\u00e1n bet\u00f6lt\u00f6tte a vizualiz\u00e1ci\u00f3nkat, biztosan azt k\u00e9rdezi mag\u00e1t\u00f3l, hogy most mit tegyen. Ezt fogjuk elmagyar\u00e1zni neked ebben a bemutat\u00f3ban. 1. H\u00fazza a vizualit\u00e1st a munkalapra Nyissa meg a Microsoft Power BI-t \u00e9s a megfelel\u0151 jelent\u00e9st vagy munkalapot, ahol a \"Markdown Viewer\" vizualit\u00e1st szeretn\u00e9 haszn\u00e1lni. Nyissa meg a munkalapot a ... <\/p>","protected":false},"author":2,"featured_media":0,"parent":0,"menu_order":0,"comment_status":"closed","ping_status":"closed","template":"","meta":{"footnotes":""},"class_list":["post-11871","page","type-page","status-publish","hentry","latest_post"],"_links":{"self":[{"href":"https:\/\/www.leaplytics.de\/hu\/wp-json\/wp\/v2\/pages\/11871","targetHints":{"allow":["GET"]}}],"collection":[{"href":"https:\/\/www.leaplytics.de\/hu\/wp-json\/wp\/v2\/pages"}],"about":[{"href":"https:\/\/www.leaplytics.de\/hu\/wp-json\/wp\/v2\/types\/page"}],"author":[{"embeddable":true,"href":"https:\/\/www.leaplytics.de\/hu\/wp-json\/wp\/v2\/users\/2"}],"replies":[{"embeddable":true,"href":"https:\/\/www.leaplytics.de\/hu\/wp-json\/wp\/v2\/comments?post=11871"}],"version-history":[{"count":0,"href":"https:\/\/www.leaplytics.de\/hu\/wp-json\/wp\/v2\/pages\/11871\/revisions"}],"wp:attachment":[{"href":"https:\/\/www.leaplytics.de\/hu\/wp-json\/wp\/v2\/media?parent=11871"}],"curies":[{"name":"wp","href":"https:\/\/api.w.org\/{rel}","templated":true}]}}