{"id":11926,"date":"2023-07-18T10:22:34","date_gmt":"2023-07-18T08:22:34","guid":{"rendered":"https:\/\/www.leaplytics.de\/?page_id=11926"},"modified":"2024-10-29T12:39:50","modified_gmt":"2024-10-29T11:39:50","slug":"markdown-viewer-visual-for-power-bi","status":"publish","type":"page","link":"https:\/\/www.leaplytics.de\/hu\/markdown-viewer-visual-for-power-bi\/","title":{"rendered":"Markdown Viewer Visual for Power BI"},"content":{"rendered":"<p>Bemutatjuk a Markdown-to-HTML Custom Visual for Power BI-t: mes\u00e9lje el az adatok t\u00f6rt\u00e9net\u00e9t egy teljes \u00e9rt\u00e9k\u0171 sz\u00f6vegszerkeszt\u0151vel az adat-m\u0171szerfalon! Emelje ki a relev\u00e1ns inform\u00e1ci\u00f3kat form\u00e1zott sz\u00f6veggel az adatvizualiz\u00e1ci\u00f3s \u00e9lm\u00e9ny\u00e9ben!<\/p>\n\n\n\n<p>\u00d6r\u00f6mmel mutatunk be egy olyan, a j\u00e1t\u00e9kmenetet megv\u00e1ltoztat\u00f3 megold\u00e1st, amely lehet\u0151v\u00e9 teszi a Power BI felhaszn\u00e1l\u00f3k sz\u00e1m\u00e1ra, hogy z\u00f6kken\u0151mentesen integr\u00e1lj\u00e1k a gy\u00f6ny\u00f6r\u0171en form\u00e1zott sz\u00f6veget jelent\u00e9seikbe \u00e9s m\u0171szerfalaikba.<\/p>\n\n\n\n<h3 class=\"wp-block-heading has-text-align-left\">El\u0151ny\u00f6k<\/h3>\n\n\n\n<h5 class=\"wp-block-heading\">A Markdown erej\u00e9nek felszabad\u00edt\u00e1sa<\/h5>\n\n\n\n<p>A sz\u00e9les k\u00f6rben elfogadott jel\u00f6l\u0151nyelv egyszer\u0171 \u00e9s kifejez\u0151 sz\u00f6vegform\u00e1z\u00e1si k\u00e9pess\u00e9gekkel lehet\u0151v\u00e9 teszi, hogy c\u00edmsorokat, list\u00e1kat, linkeket \u00e9s m\u00e1s form\u00e1zott sz\u00f6veges elemeket hozzon l\u00e9tre k\u00f6zvetlen\u00fcl az adatvizualiz\u00e1ci\u00f3i mellett!<\/p>\n\n\n\n<h5 class=\"wp-block-heading\">Leny\u0171g\u00f6z\u0151 vizu\u00e1lis narrat\u00edv\u00e1k l\u00e9trehoz\u00e1sa<\/h5>\n\n\n\n<p>A Markdown-to-HTML Custom Visual lehet\u0151v\u00e9 teszi, hogy mag\u00e1val ragad\u00f3 narrat\u00edv\u00e1kat alkosson az adatt\u00f6rt\u00e9net\u00e9ben az\u00e1ltal, hogy a gazdagon form\u00e1zott sz\u00f6veget z\u00f6kken\u0151mentesen \u00f6sszekapcsolja a vizualiz\u00e1ci\u00f3val. Az adatok mellett r\u00e9szletes magyar\u00e1zatokat, megl\u00e1t\u00e1sokat \u00e9s t\u00e1mogat\u00f3 dokument\u00e1ci\u00f3t is ny\u00fajthat, ezzel fokozva \u00fczenete egy\u00e9rtelm\u0171s\u00e9g\u00e9t \u00e9s hat\u00e1s\u00e1t.<\/p>\n\n\n\n<h5 class=\"wp-block-heading\">\u00c1ramvonalas integr\u00e1ci\u00f3<\/h5>\n\n\n\n<p>Egyedi vizu\u00e1lis megjelen\u00edt\u00e9s\u00fcnk z\u00f6kken\u0151mentesen integr\u00e1l\u00f3dik a Power BI k\u00f6rnyezet\u00e9be, \u00edgy biztos\u00edtva a felhaszn\u00e1l\u00f3bar\u00e1t \u00e9lm\u00e9nyt. Egyszer\u0171en adja be a Markdown-k\u00f3dot, vagy csatlakozzon egy Markdown-tartalmat tartalmaz\u00f3 adatforr\u00e1shoz, a t\u00f6bbir\u0151l pedig a vizu\u00e1lis elem\u00fcnk gondoskodik.<\/p>\n\n\n\n<h5 class=\"wp-block-heading\">Testreszab\u00e1s az \u00d6n st\u00edlus\u00e1hoz<\/h5>\n\n\n\n<p>A Markdown-to-HTML Custom Visual sz\u00e9lesk\u00f6r\u0171 testreszab\u00e1si lehet\u0151s\u00e9geket k\u00edn\u00e1l, hogy egyedi m\u00e1rkaidentit\u00e1s\u00e1t be\u00e9p\u00edthesse. Szabja testre a vizu\u00e1lis megjelen\u00e9st, p\u00e9ld\u00e1ul a bet\u0171t\u00edpusokat, sz\u00edneket \u00e9s h\u00e1ttereket, hogy igazodjon a m\u00e1rka\u00e9p\u00edt\u00e9shez vagy a jelent\u00e9s t\u00e9m\u00e1j\u00e1hoz, hogy szervezet\u00e9nek identit\u00e1s\u00e1t egys\u00e9gesen \u00e9s professzion\u00e1lisan mutassa be.<\/p>\n\n\n\n<h5 class=\"wp-block-heading\">Az egy\u00fcttm\u0171k\u00f6d\u00e9s \u00e9s a tud\u00e1smegoszt\u00e1s el\u0151seg\u00edt\u00e9se<\/h5>\n\n\n\n<p>Seg\u00edtse el\u0151 az egy\u00fcttm\u0171k\u00f6d\u00e9st, a tud\u00e1smegoszt\u00e1st \u00e9s az egyszer\u0171s\u00edtett munkafolyamatokat szervezet\u00e9n bel\u00fcl ezzel a n\u00e9pszer\u0171 egy\u00fcttm\u0171k\u00f6d\u00e9si \u00e9s tud\u00e1smegoszt\u00e1si form\u00e1tummal.<\/p>\n\n\n\n<p>Emelje az adatvizualiz\u00e1ci\u00f3s j\u00e1t\u00e9k\u00e1t a Markdown-to-HTML Custom Visual for Power BI seg\u00edts\u00e9g\u00e9vel. Mutassa be megl\u00e1t\u00e1sait \u00e9s elemz\u00e9seit vizu\u00e1lisan leny\u0171g\u00f6z\u0151 \u00e9s mag\u00e1val ragad\u00f3 m\u00f3don, amely mag\u00e1val ragadja k\u00f6z\u00f6ns\u00e9g\u00e9t. Ak\u00e1r adatelemz\u0151, ak\u00e1r \u00fczleti szakember vagy vezet\u0151, ez a vizu\u00e1lis elemz\u00e9st \u00fagy tervezt\u00fck, hogy seg\u00edtsen \u00d6nnek k\u00f6nnyed\u00e9n kommunik\u00e1lni az \u00f6sszetett gondolatokat, \u00e9s maradand\u00f3 hat\u00e1st gyakorolni.<\/p>\n\n\n\n<p>K\u00e9szen \u00e1ll a Power BI jelent\u00e9sek \u00e9s m\u0171szerfalak \u00e1talak\u00edt\u00e1s\u00e1ra? T\u00f6ltse le m\u00e9g ma a Markdown-to-HTML Custom Visual programot, \u00e9s t\u00e1rja fel a dinamikus sz\u00f6vegform\u00e1z\u00e1si lehet\u0151s\u00e9gek vil\u00e1g\u00e1t.<\/p>\n\n\n\n<p><em>A vizu\u00e1lis eszt\u00e9tika \u00e9s az informat\u00edv tartalom t\u00f6k\u00e9letes kever\u00e9k\u00e9vel gazdag\u00edthatja adatbemutat\u00f3it. Tapasztalja meg az adatok t\u00f6rt\u00e9netmes\u00e9l\u00e9s\u00e9nek j\u00f6v\u0151j\u00e9t a Markdown \u00e9s a Power BI seg\u00edts\u00e9g\u00e9vel.<\/em><\/p>\n\n\n\n<p><\/p>\n\n\n\n<h3 class=\"wp-block-heading\">Pr\u00f3balicenc ig\u00e9nyl\u00e9se<\/h3>\n\n\n<div class=\"wpforms-container wpforms-container-full\" id=\"wpforms-11888\"><form id=\"wpforms-form-11888\" class=\"wpforms-validate wpforms-form wpforms-ajax-form\" data-formid=\"11888\" method=\"post\" enctype=\"multipart\/form-data\" action=\"\/hu\/wp-json\/wp\/v2\/pages\/11926\" data-token=\"a7b6840c56f0e27e58a8eb6487a5a9ac\" data-token-time=\"1775785980\" data-trp-original-action=\"\/hu\/wp-json\/wp\/v2\/pages\/11926\"><noscript class=\"wpforms-error-noscript\">K\u00e9rj\u00fck, enged\u00e9lyezze a JavaScriptet a b\u00f6ng\u00e9sz\u0151j\u00e9ben az \u0171rlap kit\u00f6lt\u00e9s\u00e9hez.<\/noscript><div class=\"wpforms-field-container\"><div id=\"wpforms-11888-field_0-container\" class=\"wpforms-field wpforms-field-name\" data-field-id=\"0\"><label class=\"wpforms-field-label\">N\u00e9v <span class=\"wpforms-required-label\">*<\/span><\/label><div class=\"wpforms-field-row wpforms-field-medium\"><div class=\"wpforms-field-row-block wpforms-first wpforms-one-half\"><input type=\"text\" id=\"wpforms-11888-field_0\" class=\"wpforms-field-name-first wpforms-field-required\" name=\"wpforms[fields][0][first]\" required><label for=\"wpforms-11888-field_0\" class=\"wpforms-field-sublabel after\">Els\u0151<\/label><\/div><div class=\"wpforms-field-row-block wpforms-one-half\"><input type=\"text\" id=\"wpforms-11888-field_0-last\" class=\"wpforms-field-name-last wpforms-field-required\" name=\"wpforms[fields][0][last]\" required><label for=\"wpforms-11888-field_0-last\" class=\"wpforms-field-sublabel after\">Last<\/label><\/div><\/div><\/div><div id=\"wpforms-11888-field_1-container\" class=\"wpforms-field wpforms-field-email\" data-field-id=\"1\"><label class=\"wpforms-field-label\" for=\"wpforms-11888-field_1\">\u00dczleti e-mail <span class=\"wpforms-required-label\">*<\/span><\/label><input type=\"email\" id=\"wpforms-11888-field_1\" class=\"wpforms-field-medium wpforms-field-required\" data-rule-restricted-email=\"1\" name=\"wpforms[fields][1]\" spellcheck=\"false\" required><\/div><div id=\"wpforms-11888-field_4-container\" class=\"wpforms-field wpforms-field-text\" data-field-id=\"4\"><label class=\"wpforms-field-label\" for=\"wpforms-11888-field_4\">C\u00e9g <span class=\"wpforms-required-label\">*<\/span><\/label><input type=\"text\" id=\"wpforms-11888-field_4\" class=\"wpforms-field-medium wpforms-field-required\" name=\"wpforms[fields][4]\" required><\/div><div id=\"wpforms-11888-field_3-container\" class=\"wpforms-field wpforms-field-gdpr-checkbox\" data-field-id=\"3\"><label class=\"wpforms-field-label\">GDPR-meg\u00e1llapod\u00e1s <span class=\"wpforms-required-label\">*<\/span><\/label><ul id=\"wpforms-11888-field_3\" class=\"wpforms-field-required\"><li class=\"choice-1\"><input type=\"checkbox\" id=\"wpforms-11888-field_3_1\" name=\"wpforms[fields][3][]\" value=\"I consent to having this website store my submitted information so they can respond to my inquiry.\" required><label class=\"wpforms-field-label-inline\" for=\"wpforms-11888-field_3_1\">Hozz\u00e1j\u00e1rulok ahhoz, hogy ez a weboldal t\u00e1rolja a megadott adataimat, hogy v\u00e1laszolni tudjanak a megkeres\u00e9semre.<\/label><\/li><\/ul><\/div><\/div><!-- .wpforms-field-container --><div class=\"wpforms-recaptcha-container wpforms-is-recaptcha wpforms-is-recaptcha-type-v3\" ><input type=\"hidden\" name=\"wpforms[recaptcha]\" value=\"\"><\/div><div class=\"wpforms-submit-container\" ><input type=\"hidden\" name=\"wpforms[id]\" value=\"11888\"><input type=\"hidden\" name=\"page_title\" value=\"\"><input type=\"hidden\" name=\"page_url\" value=\"https:\/\/www.leaplytics.de\/hu\/wp-json\/wp\/v2\/pages\/11926\"><input type=\"hidden\" name=\"url_referer\" value=\"\"><button type=\"submit\" name=\"wpforms[submit]\" id=\"wpforms-submit-11888\" class=\"wpforms-submit\" data-alt-text=\"Sending...\" data-submit-text=\"Submit\" aria-live=\"assertive\" value=\"wpforms-submit\">K\u00fcldje be a<\/button><img loading=\"lazy\" decoding=\"async\" src=\"https:\/\/www.leaplytics.de\/wp-content\/plugins\/wpforms-lite\/assets\/images\/submit-spin.svg\" class=\"wpforms-submit-spinner\" style=\"display: none;\" width=\"26\" height=\"26\" alt=\"Bet\u00f6lt\u00e9s\"><\/div><input type=\"hidden\" name=\"trp-form-language\" value=\"hu\"\/><\/form><\/div>  <!-- .wpforms-container -->\n\n\n\n<div style=\"height:50px\" aria-hidden=\"true\" class=\"wp-block-spacer\"><\/div>\n\n\n\n<h3 class=\"wp-block-heading has-text-align-left\" id=\"tutorial\">Kezd\u0151 l\u00e9p\u00e9sek<\/h3>\n\n\n\n<p><em>Hogyan kezdhetem el?<\/em> K\u00e9rjen pr\u00f3balicencet fentebb. \u00c9s amikor megkapta a licenck\u00f3dot? Csak kattintson az al\u00e1bbi gombra, \u00e9s ind\u00edtsa el a bemutat\u00f3t.<\/p>\n\n\n\n<figure class=\"wp-block-embed is-type-wp-embed is-provider-leaplytics wp-block-embed-leaplytics\"><div class=\"wp-block-embed__wrapper\">\n<blockquote class=\"wp-embedded-content\" data-secret=\"IL8vEweSWi\"><a href=\"https:\/\/www.leaplytics.de\/hu\/kezdes-markdown-viewer-power-bi\/\">Els\u0151 l\u00e9p\u00e9sek - Markdown Viewer<\/a><\/blockquote><iframe loading=\"lazy\" class=\"wp-embedded-content\" sandbox=\"allow-scripts\" security=\"restricted\" style=\"position: absolute; clip: rect(1px, 1px, 1px, 1px);\" title=\"&quot;Els\u0151 l\u00e9p\u00e9sek - Markdown Viewer&quot; - LeapLytics\" src=\"https:\/\/www.leaplytics.de\/getting-started-markdown-viewer-power-bi\/embed\/#?secret=huMdA44Ho4#?secret=IL8vEweSWi\" data-secret=\"IL8vEweSWi\" width=\"600\" height=\"338\" frameborder=\"0\" marginwidth=\"0\" marginheight=\"0\" scrolling=\"no\"><\/iframe>\n<\/div><\/figure>","protected":false},"excerpt":{"rendered":"<p>Bemutatjuk a Markdown-to-HTML Custom Visual for Power BI-t: mes\u00e9lje el az adatok t\u00f6rt\u00e9net\u00e9t egy teljes \u00e9rt\u00e9k\u0171 sz\u00f6vegszerkeszt\u0151vel az adat-m\u0171szerfalon! Emelje ki a relev\u00e1ns inform\u00e1ci\u00f3kat form\u00e1zott sz\u00f6veggel az adatvizualiz\u00e1ci\u00f3s \u00e9lm\u00e9ny\u00e9ben! \u00d6r\u00f6mmel mutatunk be egy olyan, a j\u00e1t\u00e9kmenetet megv\u00e1ltoztat\u00f3 megold\u00e1st, amely lehet\u0151v\u00e9 teszi a Power BI felhaszn\u00e1l\u00f3k sz\u00e1m\u00e1ra, hogy z\u00f6kken\u0151mentesen integr\u00e1ljanak gy\u00f6ny\u00f6r\u0171en form\u00e1zott sz\u00f6veget a jelent\u00e9seikbe \u00e9s ... <\/p>","protected":false},"author":2,"featured_media":0,"parent":0,"menu_order":0,"comment_status":"closed","ping_status":"closed","template":"","meta":{"footnotes":""},"class_list":["post-11926","page","type-page","status-publish","hentry","latest_post"],"_links":{"self":[{"href":"https:\/\/www.leaplytics.de\/hu\/wp-json\/wp\/v2\/pages\/11926","targetHints":{"allow":["GET"]}}],"collection":[{"href":"https:\/\/www.leaplytics.de\/hu\/wp-json\/wp\/v2\/pages"}],"about":[{"href":"https:\/\/www.leaplytics.de\/hu\/wp-json\/wp\/v2\/types\/page"}],"author":[{"embeddable":true,"href":"https:\/\/www.leaplytics.de\/hu\/wp-json\/wp\/v2\/users\/2"}],"replies":[{"embeddable":true,"href":"https:\/\/www.leaplytics.de\/hu\/wp-json\/wp\/v2\/comments?post=11926"}],"version-history":[{"count":3,"href":"https:\/\/www.leaplytics.de\/hu\/wp-json\/wp\/v2\/pages\/11926\/revisions"}],"predecessor-version":[{"id":13652,"href":"https:\/\/www.leaplytics.de\/hu\/wp-json\/wp\/v2\/pages\/11926\/revisions\/13652"}],"wp:attachment":[{"href":"https:\/\/www.leaplytics.de\/hu\/wp-json\/wp\/v2\/media?parent=11926"}],"curies":[{"name":"wp","href":"https:\/\/api.w.org\/{rel}","templated":true}]}}