{"id":12086,"date":"2023-08-02T17:05:19","date_gmt":"2023-08-02T15:05:19","guid":{"rendered":"https:\/\/www.leaplytics.de\/?page_id=12086"},"modified":"2023-08-06T14:32:15","modified_gmt":"2023-08-06T12:32:15","slug":"qlikview-migracio-power-bi-re","status":"publish","type":"page","link":"https:\/\/www.leaplytics.de\/hu\/qlikview-migracio-power-bi-re\/","title":{"rendered":"QlikView \u00e1tt\u00e9r\u00e9s a Power BI-ra - A mi megk\u00f6zel\u00edt\u00e9s\u00fcnk"},"content":{"rendered":"<p>Jelenleg a QlikView-t haszn\u00e1lja, de a Power BI-ra val\u00f3 \u00e1tt\u00e9r\u00e9st fontolgatja?  A LeapLyticsn\u00e9l szak\u00e9rt\u0151i migr\u00e1ci\u00f3s szolg\u00e1ltat\u00e1sok ny\u00fajt\u00e1s\u00e1ra szakosodtunk, hogy seg\u00edts\u00fck a QlikView-r\u00f3l a Power BI-ra val\u00f3 z\u00f6kken\u0151mentes \u00e1t\u00e1ll\u00e1st. K\u00e9pzett szakemberekb\u0151l \u00e1ll\u00f3 csapatunk nagy tapasztalattal rendelkezik az ilyen jelleg\u0171 \u00e1t\u00e1ll\u00e1sok kezel\u00e9s\u00e9ben, \u00edgy biztos\u00edtva a z\u00f6kken\u0151mentes \u00e9s hat\u00e9kony folyamatot az \u00d6n szervezete sz\u00e1m\u00e1ra.<\/p>\n\n\n\n<h3 class=\"wp-block-heading\"><strong>Mi\u00e9rt \u00e9rdemes a QlikView-r\u00f3l a Power BI-ra \u00e1tt\u00e9rni?<\/strong><\/h3>\n\n\n\n<p>Ahogy az \u00fczleti intelligencia technol\u00f3gi\u00e1k folyamatosan fejl\u0151dnek, a szervezetek gyakran el\u0151ny\u00f6snek tal\u00e1lj\u00e1k, hogy korszer\u0171bb \u00e9s robusztusabb platformokra, p\u00e9ld\u00e1ul a Power BI-ra friss\u00edtsenek. \u00cdme n\u00e9h\u00e1ny nyom\u00f3s ok, ami\u00e9rt \u00e9rdemes megfontolni a QlikView-r\u00f3l a Power BI-ra val\u00f3 \u00e1tt\u00e9r\u00e9st:<\/p>\n\n\n\n<ol class=\"wp-block-list\">\n<li><strong>Tov\u00e1bbfejlesztett adatvizualiz\u00e1ci\u00f3:<\/strong> A Power BI a vizualiz\u00e1ci\u00f3s lehet\u0151s\u00e9gek sz\u00e9les sk\u00e1l\u00e1j\u00e1t k\u00edn\u00e1lja, lehet\u0151v\u00e9 t\u00e9ve az adatok l\u00e9nyegret\u00f6r\u0151bb \u00e9s interakt\u00edvabb bemutat\u00e1s\u00e1t, jobb megl\u00e1t\u00e1sokkal ruh\u00e1zva fel a d\u00f6nt\u00e9shoz\u00f3kat.<\/li>\n\n\n\n<li><strong>Integr\u00e1ci\u00f3 a Microsoft \u00f6kosziszt\u00e9m\u00e1val:<\/strong> Ha az \u00d6n szervezete m\u00e1r haszn\u00e1l Microsoft-eszk\u00f6z\u00f6ket, p\u00e9ld\u00e1ul az Excel, a SharePoint vagy az Office 365, a Power BI z\u00f6kken\u0151mentesen integr\u00e1l\u00f3dik ezekbe a platformokba, \u00e9s \u00edgy egyszer\u0171s\u00edti a munkafolyamatokat.<\/li>\n\n\n\n<li><strong>Sk\u00e1l\u00e1zhat\u00f3s\u00e1g \u00e9s teljes\u00edtm\u00e9ny:<\/strong> Ahogy az adatig\u00e9nye n\u00f6vekszik, a Power BI figyelemre m\u00e9lt\u00f3 hat\u00e9konys\u00e1ggal \u00e9s sebess\u00e9ggel k\u00e9pes kezelni a nagy adathalmazokat \u00e9s az \u00f6sszetett lek\u00e9rdez\u00e9seket.<\/li>\n\n\n\n<li><strong>Felh\u0151-k\u00e9pess\u00e9gek:<\/strong> A Power BI felh\u0151funkci\u00f3ival k\u00f6nnyed\u00e9n megoszthatja a jelent\u00e9seket \u00e9s egy\u00fcttm\u0171k\u00f6dhet a koll\u00e9g\u00e1kkal, \u00edgy biztos\u00edtva a kritikus inform\u00e1ci\u00f3khoz val\u00f3 val\u00f3s idej\u0171 hozz\u00e1f\u00e9r\u00e9st.<\/li>\n\n\n\n<li><strong>Rendszeres friss\u00edt\u00e9sek \u00e9s t\u00e1mogat\u00e1s:<\/strong> A Microsoft gyakran friss\u00edti \u00e9s fejleszti a Power BI-t, \u00edgy biztos\u00edtva, hogy \u00d6n a leg\u00fajabb funkci\u00f3khoz \u00e9s fejleszt\u00e9sekhez f\u00e9rjen hozz\u00e1.<\/li>\n<\/ol>\n\n\n\n<h3 class=\"wp-block-heading\"><strong>A sikeres QlikView to Power BI migr\u00e1ci\u00f3 szempontjai<\/strong><\/h3>\n\n\n\n<p>Az egyik \u00fczleti intelligenciaplatformr\u00f3l egy m\u00e1sikra val\u00f3 \u00e1tt\u00e9r\u00e9s \u00f6sszetett v\u00e1llalkoz\u00e1s lehet. A sikeres \u00e1t\u00e1ll\u00e1s \u00e9rdek\u00e9ben elengedhetetlen a k\u00f6vetkez\u0151 kulcsfontoss\u00e1g\u00fa szempontok figyelembev\u00e9tele:<\/p>\n\n\n\n<ol class=\"wp-block-list\">\n<li><strong>Adat\u00e9rt\u00e9kel\u00e9s:<\/strong> Elemezze a megl\u00e9v\u0151 QlikView-adatokat, hogy meghat\u00e1rozza azok szerkezet\u00e9t, min\u0151s\u00e9g\u00e9t \u00e9s migr\u00e1ci\u00f3s relevanci\u00e1j\u00e1t. Azonos\u00edtsa a lehets\u00e9ges adattiszt\u00edt\u00e1si \u00e9s \u00e1talak\u00edt\u00e1si k\u00f6vetelm\u00e9nyeket.<\/li>\n\n\n\n<li><strong>Repozit\u00f3riumok, jelent\u00e9sek \u00e9s m\u0171szerfalak felt\u00e9rk\u00e9pez\u00e9se:<\/strong> Ismerje meg alaposan a jelenlegi QlikView adatt\u00e1rakat, jelent\u00e9seket \u00e9s m\u0171szerfalakat. K\u00e9sz\u00edtsen egy felt\u00e9rk\u00e9pez\u00e9si tervet, hogy ezeket a vizualiz\u00e1ci\u00f3kat megism\u00e9telje a Power BI-ben, mik\u00f6zben kihaszn\u00e1lja annak egyedi funkci\u00f3it.<\/li>\n\n\n\n<li><strong>Adatmodellez\u00e9s a Power BI-ben:<\/strong> Tervezzen hat\u00e9kony adatmodellt a Power BI-ben, amely megfelel az \u00fczleti k\u00f6vetelm\u00e9nyeknek \u00e9s optimaliz\u00e1lja a teljes\u00edtm\u00e9nyt.<\/li>\n\n\n\n<li><strong>Biztons\u00e1g \u00e9s enged\u00e9lyek:<\/strong> Biztons\u00e1gi szerepk\u00f6r\u00f6k \u00e9s jogosults\u00e1gok meghat\u00e1roz\u00e1sa a Power BI-ben, hogy az adatokhoz val\u00f3 hozz\u00e1f\u00e9r\u00e9s megfelel\u0151en kezelt \u00e9s korl\u00e1tozott legyen.<\/li>\n\n\n\n<li><strong>Felhaszn\u00e1l\u00f3k\u00e9pz\u00e9s \u00e9s elfogad\u00e1s:<\/strong> K\u00e9sz\u00edtse fel csapat\u00e1t az \u00e1tt\u00e9r\u00e9sre a Power BI jellemz\u0151ir\u0151l \u00e9s funkci\u00f3ir\u00f3l sz\u00f3l\u00f3 \u00e1tfog\u00f3 k\u00e9pz\u00e9ssel.<\/li>\n\n\n\n<li><strong>Tesztel\u00e9s \u00e9s min\u0151s\u00e9gbiztos\u00edt\u00e1s:<\/strong> Szigor\u00fa tesztel\u00e9s a probl\u00e9m\u00e1k azonos\u00edt\u00e1sa \u00e9s megold\u00e1sa \u00e9rdek\u00e9ben, miel\u0151tt a megold\u00e1s \u00e9les \u00fczembe \u00e1llna.<\/li>\n\n\n\n<li><strong>Migr\u00e1ci\u00f3 ut\u00e1ni t\u00e1mogat\u00e1s:<\/strong> Folyamatos t\u00e1mogat\u00e1st ny\u00fajt a migr\u00e1ci\u00f3 ut\u00e1ni kih\u00edv\u00e1sok kezel\u00e9s\u00e9hez, \u00e9s seg\u00edti a felhaszn\u00e1l\u00f3kat abban, hogy teljes m\u00e9rt\u00e9kben kihaszn\u00e1lj\u00e1k a Power BI k\u00e9pess\u00e9geit.<\/li>\n<\/ol>\n\n\n\n<h3 class=\"wp-block-heading\"><strong>Mi\u00e9rt a LeapLytics a QlikView-b\u00f3l a Power BI-be t\u00f6rt\u00e9n\u0151 migr\u00e1ci\u00f3hoz?<\/strong><\/h3>\n\n\n\n<p>A LeapLyticsn\u00e9l b\u00fcszk\u00e9k vagyunk \u00fcgyf\u00e9lk\u00f6zpont\u00fa megk\u00f6zel\u00edt\u00e9s\u00fcnkre \u00e9s a QlikView \u00e9s a Power BI m\u00e9ly ismeret\u00e9re. Szak\u00e9rt\u0151i csapatunk rendelkezik a sz\u00fcks\u00e9ges k\u00e9szs\u00e9gekkel \u00e9s ismeretekkel ahhoz, hogy z\u00f6kken\u0151mentesen v\u00e9gigvezess\u00fck az \u00e1t\u00e1ll\u00e1si folyamatot, biztos\u00edtva az \u00d6n \u00fczleti tev\u00e9kenys\u00e9g\u00e9ben bek\u00f6vetkez\u0151 minim\u00e1lis fennakad\u00e1sokat. Ha minket v\u00e1laszt, az al\u00e1bbi el\u0151ny\u00f6kkel j\u00e1r:<\/p>\n\n\n\n<ul class=\"wp-block-list\">\n<li><strong>Tapasztalat \u00e9s szak\u00e9rtelem:<\/strong> Tapasztalt szakembereink sz\u00e1mos QlikView-b\u00f3l Power BI-be t\u00f6rt\u00e9n\u0151 \u00e1t\u00e1ll\u00e1st hajtottak v\u00e9gre sikeresen, \u00edgy \u00fcgyesen kezelik az esetlegesen felmer\u00fcl\u0151 \u00f6sszetett probl\u00e9m\u00e1kat.<\/li>\n\n\n\n<li><strong>Testre szabott megold\u00e1sok:<\/strong> Tudjuk, hogy minden szervezet ig\u00e9nyei egyediek. Ez\u00e9rt szem\u00e9lyre szabott migr\u00e1ci\u00f3s strat\u00e9gi\u00e1kat k\u00edn\u00e1lunk, amelyek igazodnak az \u00d6n egyedi k\u00f6vetelm\u00e9nyeihez.<\/li>\n\n\n\n<li><strong>Adatbiztons\u00e1g:<\/strong> Kiemelten kezelj\u00fck az \u00d6n \u00e9rz\u00e9keny adatainak biztons\u00e1g\u00e1t, \u00e9s a legjobb ipar\u00e1gi gyakorlatokat k\u00f6vetj\u00fck az adatok v\u00e9delme \u00e9rdek\u00e9ben a migr\u00e1ci\u00f3 sor\u00e1n \u00e9s azt k\u00f6vet\u0151en is.<\/li>\n\n\n\n<li><strong>Folyamatos t\u00e1mogat\u00e1s:<\/strong> Az \u00d6n sikere ir\u00e1nti elk\u00f6telezetts\u00e9g\u00fcnk t\u00falmutat a migr\u00e1ci\u00f3s folyamaton. Folyamatos t\u00e1mogat\u00e1st ny\u00fajtunk az esetleges agg\u00e1lyok kezel\u00e9s\u00e9re \u00e9s a Power BI \u00e1tv\u00e9tel\u00e9nek el\u0151seg\u00edt\u00e9s\u00e9re.<\/li>\n<\/ul>\n\n\n\n<p>A LeapLytics az \u00d6n megb\u00edzhat\u00f3 partnere abban, hogy a QlikView-r\u00f3l a Power BI-ra val\u00f3 \u00e1t\u00e1ll\u00e1s a lehet\u0151 legz\u00f6kken\u0151mentesebb legyen. Vegye fel vel\u00fcnk m\u00e9g ma a kapcsolatot, ha t\u00f6bbet szeretne megtudni migr\u00e1ci\u00f3s szolg\u00e1ltat\u00e1sainkr\u00f3l, \u00e9s tegye meg az els\u0151 l\u00e9p\u00e9st az adataiban rejl\u0151 val\u00f3di potenci\u00e1l felszabad\u00edt\u00e1sa fel\u00e9.<\/p>\n\n\n\n<h4 class=\"wp-block-heading\"><strong>L\u00e9pjen kapcsolatba vel\u00fcnk m\u00e9g ma<\/strong><\/h4>\n\n\n\n<p>K\u00e9rd\u00e9se van a QlikView-r\u00f3l a Power BI-ra t\u00f6rt\u00e9n\u0151 migr\u00e1ci\u00f3val kapcsolatban, vagy \u00e9rdeklik szolg\u00e1ltat\u00e1saink? Ne habozzon, forduljon hozz\u00e1nk egy konzult\u00e1ci\u00f3\u00e9rt. Az\u00e9rt vagyunk itt, hogy seg\u00edts\u00fcnk \u00d6nnek a Power BI-re val\u00f3 z\u00f6kken\u0151mentes \u00e9s sikeres \u00e1t\u00e1ll\u00e1sban. Vegye fel a kapcsolatot szak\u00e9rt\u0151inkkel \u00e9s <a href=\"https:\/\/www.leaplytics.de\/hu\/kontakt\/\"><strong>k\u00fcldj\u00f6n nek\u00fcnk \u00fczenetet<\/strong><\/a>.<\/p>\n\n\n\n<p>(<em>Forduljon hozz\u00e1nk bizalommal akkor is, ha az \u00fczleti intelligencia, az adatelemz\u00e9s vagy a vizualiz\u00e1ci\u00f3 egy m\u00e1sik aspektus\u00e1val kapcsolatban van sz\u00fcks\u00e9ge \u00fatmutat\u00e1sra. Csapatunk j\u00f3l felk\u00e9sz\u00fclt arra, hogy seg\u00edts\u00e9get ny\u00fajtson \u00d6nnek a k\u00fcl\u00f6nb\u00f6z\u0151 adatokkal kapcsolatos t\u00f6rekv\u00e9sekben.<\/em>)<\/p>","protected":false},"excerpt":{"rendered":"<p>Jelenleg a QlikView-t haszn\u00e1lja, de a Power BI-ra val\u00f3 \u00e1tt\u00e9r\u00e9st fontolgatja? A LeapLyticsn\u00e9l szak\u00e9rt\u0151i migr\u00e1ci\u00f3s szolg\u00e1ltat\u00e1sok ny\u00fajt\u00e1s\u00e1ra szakosodtunk, hogy seg\u00edts\u00fck a QlikView-r\u00f3l a Power BI-ra val\u00f3 z\u00f6kken\u0151mentes \u00e1t\u00e1ll\u00e1st. K\u00e9pzett szakemberekb\u0151l \u00e1ll\u00f3 csapatunk nagy tapasztalattal rendelkezik az ilyen jelleg\u0171 \u00e1t\u00e1ll\u00e1sok kezel\u00e9s\u00e9ben, \u00edgy biztos\u00edtva a z\u00f6kken\u0151mentes \u00e9s hat\u00e9kony folyamatot az \u00d6n szervezete sz\u00e1m\u00e1ra. Mi\u00e9rt \u00e9rdemes migr\u00e1lni a ... <\/p>","protected":false},"author":2,"featured_media":0,"parent":0,"menu_order":0,"comment_status":"closed","ping_status":"closed","template":"","meta":{"footnotes":""},"class_list":["post-12086","page","type-page","status-publish","hentry","latest_post"],"_links":{"self":[{"href":"https:\/\/www.leaplytics.de\/hu\/wp-json\/wp\/v2\/pages\/12086","targetHints":{"allow":["GET"]}}],"collection":[{"href":"https:\/\/www.leaplytics.de\/hu\/wp-json\/wp\/v2\/pages"}],"about":[{"href":"https:\/\/www.leaplytics.de\/hu\/wp-json\/wp\/v2\/types\/page"}],"author":[{"embeddable":true,"href":"https:\/\/www.leaplytics.de\/hu\/wp-json\/wp\/v2\/users\/2"}],"replies":[{"embeddable":true,"href":"https:\/\/www.leaplytics.de\/hu\/wp-json\/wp\/v2\/comments?post=12086"}],"version-history":[{"count":0,"href":"https:\/\/www.leaplytics.de\/hu\/wp-json\/wp\/v2\/pages\/12086\/revisions"}],"wp:attachment":[{"href":"https:\/\/www.leaplytics.de\/hu\/wp-json\/wp\/v2\/media?parent=12086"}],"curies":[{"name":"wp","href":"https:\/\/api.w.org\/{rel}","templated":true}]}}