{"id":12961,"date":"2023-12-18T23:03:43","date_gmt":"2023-12-18T22:03:43","guid":{"rendered":"https:\/\/www.leaplytics.de\/?page_id=12961"},"modified":"2024-01-02T12:05:32","modified_gmt":"2024-01-02T11:05:32","slug":"power-bi-veszelyek-azonositasa-a-legi-kozlekedesben-es-a-szallitasban","status":"publish","type":"page","link":"https:\/\/www.leaplytics.de\/hu\/power-bi-veszelyek-azonositasa-a-legi-kozlekedesben-es-a-szallitasban\/","title":{"rendered":"Power BI: Vesz\u00e9lyazonos\u00edt\u00e1s a l\u00e9gik\u00f6zleked\u00e9si, haj\u00f3z\u00e1si \u00e9s sz\u00e1ll\u00edt\u00e1si ipar\u00e1gakban"},"content":{"rendered":"<h2 class=\"wp-block-heading has-medium-font-size\"><strong>Bevezet\u00e9s<\/strong><\/h2>\n\n\n\n<p>A l\u00e9gi k\u00f6zleked\u00e9sben, a k\u00f6rutaz\u00e1sokon \u00e9s a k\u00f6zleked\u00e9sben a vesz\u00e9lyek azonos\u00edt\u00e1sa \u00e9s a kock\u00e1zatkezel\u00e9s kulcsfontoss\u00e1g\u00fa. A Power BI-ban tal\u00e1lhat\u00f3 kock\u00e1zati m\u00e1trixunk \u00e9rt\u00e9kes eszk\u00f6zk\u00e9nt szolg\u00e1l erre a c\u00e9lra.<\/p>\n\n\n\n<p>Az eszk\u00f6z kiv\u00e1l\u00f3an alkalmas a vesz\u00e9lyek azonos\u00edt\u00e1s\u00e1ra \u00e9s az adatok megjelen\u00edt\u00e9s\u00e9nek egyszer\u0171s\u00edt\u00e9s\u00e9re a gyors felismer\u00e9s \u00e9rdek\u00e9ben. Ez a k\u00e9pess\u00e9g lehet\u0151v\u00e9 teszi az azonnali cselekv\u00e9st, ami n\u00f6veli a m\u0171veletek biztons\u00e1g\u00e1t.<\/p>\n\n\n\n<h2 class=\"wp-block-heading has-medium-font-size\"><strong>Navig\u00e1l\u00e1s a l\u00e9gi k\u00f6zleked\u00e9s vesz\u00e9lyei k\u00f6z\u00f6tt<\/strong><\/h2>\n\n\n\n<p>A l\u00e9gi k\u00f6zleked\u00e9sben a leggyakoribb vesz\u00e9lyek k\u00f6z\u00e9 tartoznak a kifut\u00f3p\u00e1ly\u00e1val kapcsolatos probl\u00e9m\u00e1k vagy a mad\u00e1rcsap\u00e1sok. A f\u0151 teljes\u00edtm\u00e9nymutat\u00f3k k\u00f6z\u00e9 tartozik a k\u00f6zeli balesetek gyakoris\u00e1ga \u00e9s a biztons\u00e1gi k\u00e9pz\u00e9s hat\u00e9konys\u00e1ga. A kommunik\u00e1ci\u00f3s rendszer megb\u00edzhat\u00f3s\u00e1ga p\u00e9ld\u00e1ul kulcsfontoss\u00e1g\u00fa.<\/p>\n\n\n\n<h2 class=\"wp-block-heading has-medium-font-size\"><strong>A biztons\u00e1g garant\u00e1l\u00e1sa a k\u00f6rutaz\u00e1sok sor\u00e1n<\/strong><\/h2>\n\n\n\n<p>A k\u00f6rutaz\u00e1sok eset\u00e9ben a vesz\u00e9lyek k\u00f6z\u00e9 tartozhatnak a haj\u00f3k \u00fctk\u00f6z\u00e9se vagy eg\u00e9szs\u00e9g\u00fcgyi v\u00e9szhelyzetek. A f\u0151 teljes\u00edtm\u00e9nymutat\u00f3k k\u00f6z\u00e9 tartozik a v\u00e9szhelyzetekre val\u00f3 reag\u00e1l\u00e1si id\u0151 \u00e9s a megfelel\u0151 orvosi ell\u00e1t\u00e1s nyomon k\u00f6vet\u00e9se. Ez\u00e9rt az utasok biztons\u00e1g\u00e1nak biztos\u00edt\u00e1sa kulcsfontoss\u00e1g\u00fa.<\/p>\n\n\n\n<h2 class=\"wp-block-heading has-medium-font-size\"><strong>A sz\u00e1ll\u00edt\u00e1si m\u0171veletek biztos\u00edt\u00e1sa<\/strong><\/h2>\n\n\n\n<p>A k\u00f6zleked\u00e9si \u00e1gazatban a vesz\u00e9lyek k\u00f6z\u00e9 tartozhatnak a balesetek vagy az ell\u00e1t\u00e1si l\u00e1nc megszakad\u00e1sa. A f\u0151 teljes\u00edtm\u00e9nymutat\u00f3k a balesetek ar\u00e1nya, a karbantart\u00e1si \u00fctemterv betart\u00e1sa \u00e9s a v\u00e9szhelyzeti tervek hat\u00e9konys\u00e1ga. Alapvet\u0151 fontoss\u00e1g\u00fa p\u00e9ld\u00e1ul a j\u00e1rm\u0171vezet\u0151i k\u00e9pz\u00e9si programok hat\u00e9konys\u00e1g\u00e1nak nyomon k\u00f6vet\u00e9se.<\/p>\n\n\n\n<h2 class=\"wp-block-heading has-medium-font-size\"><strong>Kock\u00e1zati m\u00e1trix a Power BI sz\u00e1m\u00e1ra<\/strong><\/h2>\n\n\n\n<p>A kock\u00e1zati m\u00e1trix \u00edgy finom\u00edtja a kock\u00e1zatkezel\u00e9st:<\/p>\n\n\n\n<p><strong>Val\u00f3sz\u00edn\u0171s\u00e9gi tengely:<\/strong> Ez a tengely azt vizsg\u00e1lja, hogy egy kock\u00e1zat bek\u00f6vetkez\u00e9se mennyire val\u00f3sz\u00edn\u0171, az alacsonyt\u00f3l a magasig. Seg\u00edt meg\u00e9rteni a lehets\u00e9ges kock\u00e1zatok bek\u00f6vetkez\u00e9s\u00e9nek val\u00f3sz\u00edn\u0171s\u00e9g\u00e9t ezekben az \u00e1gazatokban.<\/p>\n\n\n\n<p><strong>Hat\u00e1s tengely:<\/strong> Ez a tengely azt vizsg\u00e1lja, hogy milyen s\u00falyos lehet egy kock\u00e1zat, alacsony, k\u00f6zepes vagy magas kateg\u00f3ri\u00e1ba sorolva. Seg\u00edts\u00e9g\u00e9vel a rep\u00fcl\u00e9s, a k\u00f6rutaz\u00e1s \u00e9s a sz\u00e1ll\u00edt\u00e1s ter\u00fclet\u00e9n m\u0171k\u00f6d\u0151 szervezetek elemezhetik, hogy mekkora k\u00e1rt okozhat egy kock\u00e1zat.<\/p>\n\n\n\n<p>A val\u00f3sz\u00edn\u0171s\u00e9g \u00e9s a hat\u00e1s kombin\u00e1l\u00e1s\u00e1val minden egyes kock\u00e1zatot pontsz\u00e1mmal \u00e9rt\u00e9kel\u00fcnk. Ez seg\u00edt rangsorolni a kock\u00e1zatokat aszerint, hogy mennyire s\u00falyosak. A magas priorit\u00e1s\u00fa kock\u00e1zatok korai kezel\u00e9se minimaliz\u00e1lja a fenyeget\u00e9seket \u00e9s a m\u0171k\u00f6d\u00e9s zavar\u00e1t.<\/p>\n\n\n\n<p>A kock\u00e1zati m\u00e1trix seg\u00edts\u00e9g\u00e9vel az ezen \u00e1gazatokban m\u0171k\u00f6d\u0151 szervezetek:<\/p>\n\n\n\n<ol class=\"wp-block-list\">\n<li><strong>M\u0171szerfalak l\u00e9trehoz\u00e1sa:<\/strong> K\u00e9sz\u00edtsen val\u00f3s idej\u0171 m\u0171szerfalat a biztons\u00e1gi m\u00e9r\u0151sz\u00e1mok, incidensek \u00e9s trendek bemutat\u00e1s\u00e1ra. Ez megk\u00f6nny\u00edti a kock\u00e1zatkezel\u0151k sz\u00e1m\u00e1ra, hogy l\u00e1ss\u00e1k, hogyan alakul a biztons\u00e1g.<\/li>\n\n\n\n<li><strong>Kock\u00e1zati adatok vizualiz\u00e1l\u00e1sa:<\/strong> Haszn\u00e1ljon t\u00e1bl\u00e1zatokat \u00e9s grafikonokat a kock\u00e1zati m\u00e1trixb\u00f3l sz\u00e1rmaz\u00f3 kock\u00e1zati pontsz\u00e1mok bemutat\u00e1s\u00e1ra. Ez seg\u00edt meg\u00e9rteni, hogy mennyire s\u00falyosak az azonos\u00edtott kock\u00e1zatok.<\/li>\n\n\n\n<li><strong>Megfigyel\u00e9s:<\/strong> A Power BI seg\u00edts\u00e9g\u00e9vel ellen\u0151rizheti, hogy megfelel-e a biztons\u00e1gi el\u0151\u00edr\u00e1soknak. Keresse meg azokat a ter\u00fcleteket is, amelyeken t\u00f6bb biztons\u00e1gi int\u00e9zked\u00e9sre van sz\u00fcks\u00e9g a rep\u00fcl\u00e9s, a k\u00f6rutaz\u00e1s \u00e9s a sz\u00e1ll\u00edt\u00e1s ter\u00fclet\u00e9n.<\/li>\n\n\n\n<li><strong>Trendek azonos\u00edt\u00e1sa: <\/strong>Vessen egy pillant\u00e1st a kock\u00e1zati adatokra. A kock\u00e1zati m\u00e1trix seg\u00edts\u00e9g\u00e9vel meg\u00e9rtheti a balesetek okait, \u00e9s felismerheti a folyamatban l\u00e9v\u0151 biztons\u00e1gi probl\u00e9m\u00e1kat. Ez lehet\u0151v\u00e9 teszi a megalapozott d\u00f6nt\u00e9shozatalt a folyamatos biztons\u00e1gi fejleszt\u00e9sek \u00e9rdek\u00e9ben.<\/li>\n<\/ol>\n\n\n\n<div class=\"wp-block-buttons is-layout-flex wp-block-buttons-is-layout-flex\">\n<div class=\"wp-block-button has-custom-font-size\" style=\"font-size:18px\"><a class=\"wp-block-button__link has-background wp-element-button\" href=\"https:\/\/www.leaplytics.de\/hu\/cimoldal\/projektmenedzsment-egyedi-latvanyterv-microsoft-powerbi\/kockazati-hoterkep-egyeni-vizualis-a-power-bi-szamara\/\" style=\"background-color:#22316d\" rel=\"https:\/\/www.leaplytics.de\/frontpage\/project-management-custom-visuals-microsoft-powerbi\/risk-heatmap-custom-visual-for-power-bi\/\">N\u00e9zze meg az egy\u00e9ni vizu\u00e1lis \"kock\u00e1zati m\u00e1trixot\" a Power BI sz\u00e1m\u00e1ra itt!<\/a><\/div>\n<\/div>\n\n\n\n<figure class=\"wp-block-image size-full\"><img loading=\"lazy\" decoding=\"async\" width=\"1024\" height=\"576\" src=\"https:\/\/www.leaplytics.de\/wp-content\/uploads\/2023\/12\/Risk-Matrix.jpg\" alt=\"\" class=\"wp-image-12965\" srcset=\"https:\/\/www.leaplytics.de\/wp-content\/uploads\/2023\/12\/Risk-Matrix.jpg 1024w, https:\/\/www.leaplytics.de\/wp-content\/uploads\/2023\/12\/Risk-Matrix-300x169.jpg 300w, https:\/\/www.leaplytics.de\/wp-content\/uploads\/2023\/12\/Risk-Matrix-768x432.jpg 768w, https:\/\/www.leaplytics.de\/wp-content\/uploads\/2023\/12\/Risk-Matrix-107x60.jpg 107w\" sizes=\"auto, (max-width: 1024px) 100vw, 1024px\" \/><\/figure>\n\n\n\n<h2 class=\"wp-block-heading has-medium-font-size\"><strong>K\u00f6vetkeztet\u00e9s<\/strong><\/h2>\n\n\n\n<p>A Risk Matrix for Power BI \u00e9rt\u00e9kes betekint\u00e9st ny\u00fajt a kock\u00e1zati t\u00e1jk\u00e9pekbe. Seg\u00edt az er\u0151forr\u00e1sok \u00f6sszpontos\u00edt\u00e1s\u00e1ban \u00e9s a biztons\u00e1g jav\u00edt\u00e1s\u00e1ban. Az eszk\u00f6z k\u00e9pess\u00e9 teszi a szakembereket arra, hogy megalapozott d\u00f6nt\u00e9seket hozzanak \u00e9s kezelj\u00e9k kock\u00e1zataikat.<\/p>\n\n\n\n<p>A kock\u00e1zati m\u00e1trix jelent\u0151s eszk\u00f6z a l\u00e9gi k\u00f6zleked\u00e9s, a k\u00f6rutaz\u00e1sok \u00e9s a sz\u00e1ll\u00edtm\u00e1nyoz\u00e1si ipar\u00e1gak sz\u00e1m\u00e1ra. A kock\u00e1zatok azonos\u00edt\u00e1s\u00e1t \u00e9s kezel\u00e9s\u00e9t hozz\u00e1f\u00e9rhet\u0151bb\u00e9 \u00e9s hat\u00e9konyabb\u00e1 teszi. Ez\u00e1ltal a v\u00e1llalatok fenntarthatj\u00e1k a biztons\u00e1gos \u00e9s z\u00f6kken\u0151mentes m\u0171k\u00f6d\u00e9st ezekben a l\u00e9tfontoss\u00e1g\u00fa \u00e1gazatokban.<\/p>","protected":false},"excerpt":{"rendered":"<p>Bevezet\u00e9s A l\u00e9gi k\u00f6zleked\u00e9sben, a k\u00f6rutaz\u00e1sokon \u00e9s a k\u00f6zleked\u00e9sben a vesz\u00e9lyek azonos\u00edt\u00e1sa \u00e9s a kock\u00e1zatkezel\u00e9s alapvet\u0151 fontoss\u00e1g\u00fa. A Power BI-ban tal\u00e1lhat\u00f3 kock\u00e1zati m\u00e1trixunk \u00e9rt\u00e9kes eszk\u00f6zk\u00e9nt szolg\u00e1l erre a c\u00e9lra. Az eszk\u00f6z kiv\u00e1l\u00f3an alkalmas a vesz\u00e9lyek azonos\u00edt\u00e1s\u00e1ra \u00e9s az adatok bemutat\u00e1s\u00e1nak egyszer\u0171s\u00edt\u00e9s\u00e9re a gyors felismer\u00e9s \u00e9rdek\u00e9ben. Ez a k\u00e9pess\u00e9g lehet\u0151v\u00e9 teszi az azonnali cselekv\u00e9st, n\u00f6velve a m\u0171veletek biztons\u00e1g\u00e1t. Navig\u00e1l\u00e1s a l\u00e9gi k\u00f6zleked\u00e9s vesz\u00e9lyei k\u00f6z\u00f6tt A l\u00e9gi k\u00f6zleked\u00e9sben a k\u00f6z\u00f6s ... <\/p>","protected":false},"author":55,"featured_media":12962,"parent":0,"menu_order":0,"comment_status":"closed","ping_status":"closed","template":"","meta":{"footnotes":""},"class_list":["post-12961","page","type-page","status-publish","has-post-thumbnail","hentry","latest_post"],"_links":{"self":[{"href":"https:\/\/www.leaplytics.de\/hu\/wp-json\/wp\/v2\/pages\/12961","targetHints":{"allow":["GET"]}}],"collection":[{"href":"https:\/\/www.leaplytics.de\/hu\/wp-json\/wp\/v2\/pages"}],"about":[{"href":"https:\/\/www.leaplytics.de\/hu\/wp-json\/wp\/v2\/types\/page"}],"author":[{"embeddable":true,"href":"https:\/\/www.leaplytics.de\/hu\/wp-json\/wp\/v2\/users\/55"}],"replies":[{"embeddable":true,"href":"https:\/\/www.leaplytics.de\/hu\/wp-json\/wp\/v2\/comments?post=12961"}],"version-history":[{"count":0,"href":"https:\/\/www.leaplytics.de\/hu\/wp-json\/wp\/v2\/pages\/12961\/revisions"}],"wp:featuredmedia":[{"embeddable":true,"href":"https:\/\/www.leaplytics.de\/hu\/wp-json\/wp\/v2\/media\/12962"}],"wp:attachment":[{"href":"https:\/\/www.leaplytics.de\/hu\/wp-json\/wp\/v2\/media?parent=12961"}],"curies":[{"name":"wp","href":"https:\/\/api.w.org\/{rel}","templated":true}]}}