{"id":13004,"date":"2023-12-18T23:06:58","date_gmt":"2023-12-18T22:06:58","guid":{"rendered":"https:\/\/www.leaplytics.de\/?page_id=13004"},"modified":"2024-04-09T20:48:32","modified_gmt":"2024-04-09T18:48:32","slug":"power-bi-temak","status":"publish","type":"page","link":"https:\/\/www.leaplytics.de\/hu\/power-bi-temak\/","title":{"rendered":"Power BI t\u00e9m\u00e1k"},"content":{"rendered":"<p><a href=\"https:\/\/www.leaplytics.de\/hu\/ehs-kockazatkezelesi-teljesitmeny-bi-a-banya-es-koolajipar-szamara\/\">EHS kock\u00e1zatkezel\u00e9s a Power BI-ban<\/a><\/p>\n\n\n\n<p><a href=\"https:\/\/www.leaplytics.de\/hu\/power-bi-veszelyek-azonositasa-a-legi-kozlekedesben-es-a-szallitasban\/\">Vesz\u00e9lyazonos\u00edt\u00e1s a l\u00e9gik\u00f6zleked\u00e9si, Cruise &amp; K\u00f6zleked\u00e9si ipar\u00e1gakban Power BI-ban<\/a><\/p>\n\n\n\n<p><a href=\"https:\/\/www.leaplytics.de\/hu\/osha-kockazati-matrix-a-power-bi\/\">OSHA kock\u00e1zati m\u00e1trix Power BI-ben<\/a><\/p>\n\n\n\n<p><a href=\"https:\/\/www.leaplytics.de\/hu\/esg-kockazati-matrix-a-microsoft-power-bi-segitsegevel\/\">ESG kock\u00e1zati m\u00e1trix Power BI-ban<\/a><\/p>\n\n\n\n<p><a href=\"https:\/\/www.leaplytics.de\/hu\/beszallitoi-minosegbiztositas-menedzsment-power-bi\/\">Besz\u00e1ll\u00edt\u00f3i min\u0151s\u00e9gbiztos\u00edt\u00e1s \/ menedzsment Power BI-vel<\/a><\/p>\n\n\n\n<p><a href=\"https:\/\/www.leaplytics.de\/hu\/power-bi-kiberbiztonsagi-kockazatkezeles\/\">Power BI: Kiberbiztons\u00e1gi kock\u00e1zatkezel\u00e9s<\/a><\/p>\n\n\n\n<p><a href=\"https:\/\/www.leaplytics.de\/hu\/power-bi-penzugyi-kockazatkezeles\/\">Power BI: P\u00e9nz\u00fcgyi kock\u00e1zatkezel\u00e9s a p\u00e9nz\u00fcgyi szolg\u00e1ltat\u00e1si szektorban<\/a><\/p>\n\n\n\n<p><a href=\"https:\/\/www.leaplytics.de\/hu\/hagyja-hogy-a-power-bi-megugorja-a-projektmenedzsmentet\/\">Hagyja, hogy a Power BI felp\u00f6rgesse a projektmenedzsmentet<\/a><\/p>\n\n\n\n<p><a href=\"https:\/\/www.leaplytics.de\/hu\/text-viewer-vizualis-elemek-a-power-bi-szamara\/\">Sz\u00f6vegn\u00e9z\u0151 vizu\u00e1lis elemek a Power BI sz\u00e1m\u00e1ra<\/a><\/p>\n\n\n\n<p><a href=\"https:\/\/www.leaplytics.de\/hu\/lehetoseg-matrix-a-power-bi\/\">Lehet\u0151s\u00e9gi m\u00e1trix a Power BI sz\u00e1m\u00e1ra<\/a><\/p>","protected":false},"excerpt":{"rendered":"<p>EHS kock\u00e1zatkezel\u00e9s a Power BI-ben Vesz\u00e9lyazonos\u00edt\u00e1s a l\u00e9gik\u00f6zleked\u00e9si, Cruise &amp; K\u00f6zleked\u00e9si ipar\u00e1gakban a Power BI-ben OSHA kock\u00e1zati m\u00e1trix a Power BI-ben ESG kock\u00e1zati m\u00e1trix a Power BI-ben Besz\u00e1ll\u00edt\u00f3i min\u0151s\u00e9gbiztos\u00edt\u00e1s \/ menedzsment a Power BI-vel Power BI: Cybersecurity Risk Management Power BI: P\u00e9nz\u00fcgyi kock\u00e1zatkezel\u00e9s a p\u00e9nz\u00fcgyi szolg\u00e1ltat\u00e1sok \u00e1gazat\u00e1ban Let Power BI ... <\/p>","protected":false},"author":2,"featured_media":0,"parent":0,"menu_order":0,"comment_status":"closed","ping_status":"closed","template":"","meta":{"footnotes":""},"class_list":["post-13004","page","type-page","status-publish","hentry","latest_post"],"_links":{"self":[{"href":"https:\/\/www.leaplytics.de\/hu\/wp-json\/wp\/v2\/pages\/13004","targetHints":{"allow":["GET"]}}],"collection":[{"href":"https:\/\/www.leaplytics.de\/hu\/wp-json\/wp\/v2\/pages"}],"about":[{"href":"https:\/\/www.leaplytics.de\/hu\/wp-json\/wp\/v2\/types\/page"}],"author":[{"embeddable":true,"href":"https:\/\/www.leaplytics.de\/hu\/wp-json\/wp\/v2\/users\/2"}],"replies":[{"embeddable":true,"href":"https:\/\/www.leaplytics.de\/hu\/wp-json\/wp\/v2\/comments?post=13004"}],"version-history":[{"count":4,"href":"https:\/\/www.leaplytics.de\/hu\/wp-json\/wp\/v2\/pages\/13004\/revisions"}],"predecessor-version":[{"id":13338,"href":"https:\/\/www.leaplytics.de\/hu\/wp-json\/wp\/v2\/pages\/13004\/revisions\/13338"}],"wp:attachment":[{"href":"https:\/\/www.leaplytics.de\/hu\/wp-json\/wp\/v2\/media?parent=13004"}],"curies":[{"name":"wp","href":"https:\/\/api.w.org\/{rel}","templated":true}]}}